{"id":4796,"date":"2022-02-20T16:07:08","date_gmt":"2022-02-20T16:07:08","guid":{"rendered":"https:\/\/medicinasinc.com\/ro\/?post_type=product&#038;p=4796"},"modified":"2022-03-22T01:14:56","modified_gmt":"2022-03-22T01:14:56","slug":"buy-maui-wowie-budder-top-raft","status":"publish","type":"product","link":"https:\/\/medicinasinc.com\/ro\/product\/buy-maui-wowie-budder-top-raft\/","title":{"rendered":"Cump\u0103ra\u021bi Maui Wowie Budder \u2013 Top Shelf"},"content":{"rendered":"<p>Cump\u0103ra\u021bi Maui Wowie Budder \u2013 Premium<\/p>\n<p>Maui Wowie este o tulpin\u0103 dominant\u0103 Sativa care \u00ee\u0219i are originea \u00een solul vulcanic fertil din Insulele Hawaii. O Sativa lini\u0219titoare care v\u0103 va face s\u0103 visa\u021bi cu ochii deschi\u0219i la plajele tropicale cu nisip din Hawaii \u0219i la ananas proasp\u0103t \u0219i suculent. Un favorit al cunosc\u0103torilor pentru aromele sale de ananas intens dulci \u0219i euforia energizant\u0103. S-a dovedit c\u0103 aceast\u0103 tulpin\u0103 stimuleaz\u0103 fluxul creativ, permi\u021b\u00e2nd min\u021bii s\u0103 r\u0103t\u0103ceasc\u0103 liber \u0219i lini\u0219tit \u2013 f\u0103c\u00e2nd-o ideal\u0103 pentru utilizare diminea\u021b\u0103\/zi. Maui Waui este destul de eficient \u00een tratarea afec\u021biunilor precum stresul, anxietatea \u0219i depresia atunci c\u00e2nd este combinat cu o cre\u0219tere a concentr\u0103rii \u0219i o \u00eembun\u0103t\u0103\u021bire general\u0103 a dispozi\u021biei.<\/p>\n","protected":false},"excerpt":{"rendered":"<p>Cump\u0103ra\u021bi Maui Wowie Budder \u2013 Premium<\/p>\n<ul>\n<li>Livrare \u00een toat\u0103 lumea<\/li>\n<li><strong>Grad: AAAAA<\/strong><\/li>\n<li>Cantitatea minim\u0103 de comand\u0103 este <strong>3<\/strong><\/li>\n<li><strong>Contacta\u021bi-ne<\/strong>\u00a0pentru comenzi mai mari<\/li>\n<\/ul>\n","protected":false},"featured_media":4809,"comment_status":"open","ping_status":"closed","template":"","meta":[],"product_brand":[],"product_cat":[702],"product_tag":[],"class_list":{"0":"post-4796","1":"product","2":"type-product","3":"status-publish","4":"has-post-thumbnail","6":"product_cat-cumpara-cannabis-ceara","8":"first","9":"instock","10":"shipping-taxable","11":"purchasable","12":"product-type-variable","13":"has-default-attributes"},"yoast_head":"<!-- This site is optimized with the Yoast SEO plugin v27.3 - https:\/\/yoast.com\/product\/yoast-seo-wordpress\/ -->\n<title>Cump\u0103ra\u021bi Maui Wowie Budder \u2013 Top Shelf - Medicinas Inc<\/title>\n<meta name=\"description\" content=\"Cump\u0103ra\u021bi Maui Wowie Budder \u2013 Premium\" \/>\n<meta name=\"robots\" content=\"index, follow, max-snippet:-1, max-image-preview:large, max-video-preview:-1\" \/>\n<link rel=\"canonical\" href=\"https:\/\/medicinasinc.com\/ro\/product\/buy-maui-wowie-budder-top-raft\/\" \/>\n<meta property=\"og:locale\" content=\"en_US\" \/>\n<meta property=\"og:type\" content=\"article\" \/>\n<meta property=\"og:title\" content=\"Cump\u0103ra\u021bi Maui Wowie Budder \u2013 Top Shelf - Medicinas Inc\" \/>\n<meta property=\"og:description\" content=\"Cump\u0103ra\u021bi Maui Wowie Budder \u2013 Premium\" \/>\n<meta property=\"og:url\" content=\"https:\/\/medicinasinc.com\/ro\/product\/buy-maui-wowie-budder-top-raft\/\" \/>\n<meta property=\"og:site_name\" content=\"Medicinas Inc\" \/>\n<meta property=\"article:modified_time\" content=\"2022-03-22T01:14:56+00:00\" \/>\n<meta property=\"og:image\" content=\"https:\/\/medicinasinc.com\/ro\/wp-content\/uploads\/sites\/11\/2022\/02\/Buy-Maui-Wowie-Budder.jpg\" \/>\n\t<meta property=\"og:image:width\" content=\"600\" \/>\n\t<meta property=\"og:image:height\" content=\"600\" \/>\n\t<meta property=\"og:image:type\" content=\"image\/jpeg\" \/>\n<meta name=\"twitter:card\" content=\"summary_large_image\" \/>\n<meta name=\"twitter:label1\" content=\"Est. reading time\" \/>\n\t<meta name=\"twitter:data1\" content=\"1 minute\" \/>\n<script type=\"application\/ld+json\" class=\"yoast-schema-graph\">{\"@context\":\"https:\\\/\\\/schema.org\",\"@graph\":[{\"@type\":\"WebPage\",\"@id\":\"https:\\\/\\\/medicinasinc.com\\\/ro\\\/product\\\/buy-maui-wowie-budder-top-raft\\\/\",\"url\":\"https:\\\/\\\/medicinasinc.com\\\/ro\\\/product\\\/buy-maui-wowie-budder-top-raft\\\/\",\"name\":\"Cump\u0103ra\u021bi Maui Wowie Budder \u2013 Top Shelf - Medicinas Inc\",\"isPartOf\":{\"@id\":\"https:\\\/\\\/medicinasinc.com\\\/ro\\\/#website\"},\"primaryImageOfPage\":{\"@id\":\"https:\\\/\\\/medicinasinc.com\\\/ro\\\/product\\\/buy-maui-wowie-budder-top-raft\\\/#primaryimage\"},\"image\":{\"@id\":\"https:\\\/\\\/medicinasinc.com\\\/ro\\\/product\\\/buy-maui-wowie-budder-top-raft\\\/#primaryimage\"},\"thumbnailUrl\":\"https:\\\/\\\/medicinasinc.com\\\/ro\\\/wp-content\\\/uploads\\\/sites\\\/11\\\/2022\\\/02\\\/Buy-Maui-Wowie-Budder.jpg\",\"datePublished\":\"2022-02-20T16:07:08+00:00\",\"dateModified\":\"2022-03-22T01:14:56+00:00\",\"description\":\"Cump\u0103ra\u021bi Maui Wowie Budder \u2013 Premium\",\"breadcrumb\":{\"@id\":\"https:\\\/\\\/medicinasinc.com\\\/ro\\\/product\\\/buy-maui-wowie-budder-top-raft\\\/#breadcrumb\"},\"inLanguage\":\"en-US\",\"potentialAction\":[{\"@type\":\"ReadAction\",\"target\":[\"https:\\\/\\\/medicinasinc.com\\\/ro\\\/product\\\/buy-maui-wowie-budder-top-raft\\\/\"]}]},{\"@type\":\"ImageObject\",\"inLanguage\":\"en-US\",\"@id\":\"https:\\\/\\\/medicinasinc.com\\\/ro\\\/product\\\/buy-maui-wowie-budder-top-raft\\\/#primaryimage\",\"url\":\"https:\\\/\\\/medicinasinc.com\\\/ro\\\/wp-content\\\/uploads\\\/sites\\\/11\\\/2022\\\/02\\\/Buy-Maui-Wowie-Budder.jpg\",\"contentUrl\":\"https:\\\/\\\/medicinasinc.com\\\/ro\\\/wp-content\\\/uploads\\\/sites\\\/11\\\/2022\\\/02\\\/Buy-Maui-Wowie-Budder.jpg\",\"width\":600,\"height\":600},{\"@type\":\"BreadcrumbList\",\"@id\":\"https:\\\/\\\/medicinasinc.com\\\/ro\\\/product\\\/buy-maui-wowie-budder-top-raft\\\/#breadcrumb\",\"itemListElement\":[{\"@type\":\"ListItem\",\"position\":1,\"name\":\"Magazin\",\"item\":\"https:\\\/\\\/medicinasinc.com\\\/ro\\\/magazin\\\/\"},{\"@type\":\"ListItem\",\"position\":2,\"name\":\"Cump\u0103ra\u021bi Maui Wowie Budder \u2013 Top Shelf\"}]},{\"@type\":\"WebSite\",\"@id\":\"https:\\\/\\\/medicinasinc.com\\\/ro\\\/#website\",\"url\":\"https:\\\/\\\/medicinasinc.com\\\/ro\\\/\",\"name\":\"Medicinas Inc\",\"description\":\"Health Medical Clinic\",\"potentialAction\":[{\"@type\":\"SearchAction\",\"target\":{\"@type\":\"EntryPoint\",\"urlTemplate\":\"https:\\\/\\\/medicinasinc.com\\\/ro\\\/?s={search_term_string}\"},\"query-input\":{\"@type\":\"PropertyValueSpecification\",\"valueRequired\":true,\"valueName\":\"search_term_string\"}}],\"inLanguage\":\"en-US\"}]}<\/script>\n<!-- \/ Yoast SEO plugin. -->","yoast_head_json":{"title":"Cump\u0103ra\u021bi Maui Wowie Budder \u2013 Top Shelf - Medicinas Inc","description":"Cump\u0103ra\u021bi Maui Wowie Budder \u2013 Premium","robots":{"index":"index","follow":"follow","max-snippet":"max-snippet:-1","max-image-preview":"max-image-preview:large","max-video-preview":"max-video-preview:-1"},"canonical":"https:\/\/medicinasinc.com\/ro\/product\/buy-maui-wowie-budder-top-raft\/","og_locale":"en_US","og_type":"article","og_title":"Cump\u0103ra\u021bi Maui Wowie Budder \u2013 Top Shelf - Medicinas Inc","og_description":"Cump\u0103ra\u021bi Maui Wowie Budder \u2013 Premium","og_url":"https:\/\/medicinasinc.com\/ro\/product\/buy-maui-wowie-budder-top-raft\/","og_site_name":"Medicinas Inc","article_modified_time":"2022-03-22T01:14:56+00:00","og_image":[{"width":600,"height":600,"url":"https:\/\/medicinasinc.com\/ro\/wp-content\/uploads\/sites\/11\/2022\/02\/Buy-Maui-Wowie-Budder.jpg","type":"image\/jpeg"}],"twitter_card":"summary_large_image","twitter_misc":{"Est. reading time":"1 minute"},"schema":{"@context":"https:\/\/schema.org","@graph":[{"@type":"WebPage","@id":"https:\/\/medicinasinc.com\/ro\/product\/buy-maui-wowie-budder-top-raft\/","url":"https:\/\/medicinasinc.com\/ro\/product\/buy-maui-wowie-budder-top-raft\/","name":"Cump\u0103ra\u021bi Maui Wowie Budder \u2013 Top Shelf - Medicinas Inc","isPartOf":{"@id":"https:\/\/medicinasinc.com\/ro\/#website"},"primaryImageOfPage":{"@id":"https:\/\/medicinasinc.com\/ro\/product\/buy-maui-wowie-budder-top-raft\/#primaryimage"},"image":{"@id":"https:\/\/medicinasinc.com\/ro\/product\/buy-maui-wowie-budder-top-raft\/#primaryimage"},"thumbnailUrl":"https:\/\/medicinasinc.com\/ro\/wp-content\/uploads\/sites\/11\/2022\/02\/Buy-Maui-Wowie-Budder.jpg","datePublished":"2022-02-20T16:07:08+00:00","dateModified":"2022-03-22T01:14:56+00:00","description":"Cump\u0103ra\u021bi Maui Wowie Budder \u2013 Premium","breadcrumb":{"@id":"https:\/\/medicinasinc.com\/ro\/product\/buy-maui-wowie-budder-top-raft\/#breadcrumb"},"inLanguage":"en-US","potentialAction":[{"@type":"ReadAction","target":["https:\/\/medicinasinc.com\/ro\/product\/buy-maui-wowie-budder-top-raft\/"]}]},{"@type":"ImageObject","inLanguage":"en-US","@id":"https:\/\/medicinasinc.com\/ro\/product\/buy-maui-wowie-budder-top-raft\/#primaryimage","url":"https:\/\/medicinasinc.com\/ro\/wp-content\/uploads\/sites\/11\/2022\/02\/Buy-Maui-Wowie-Budder.jpg","contentUrl":"https:\/\/medicinasinc.com\/ro\/wp-content\/uploads\/sites\/11\/2022\/02\/Buy-Maui-Wowie-Budder.jpg","width":600,"height":600},{"@type":"BreadcrumbList","@id":"https:\/\/medicinasinc.com\/ro\/product\/buy-maui-wowie-budder-top-raft\/#breadcrumb","itemListElement":[{"@type":"ListItem","position":1,"name":"Magazin","item":"https:\/\/medicinasinc.com\/ro\/magazin\/"},{"@type":"ListItem","position":2,"name":"Cump\u0103ra\u021bi Maui Wowie Budder \u2013 Top Shelf"}]},{"@type":"WebSite","@id":"https:\/\/medicinasinc.com\/ro\/#website","url":"https:\/\/medicinasinc.com\/ro\/","name":"Medicinas Inc","description":"Health Medical Clinic","potentialAction":[{"@type":"SearchAction","target":{"@type":"EntryPoint","urlTemplate":"https:\/\/medicinasinc.com\/ro\/?s={search_term_string}"},"query-input":{"@type":"PropertyValueSpecification","valueRequired":true,"valueName":"search_term_string"}}],"inLanguage":"en-US"}]}},"_links":{"self":[{"href":"https:\/\/medicinasinc.com\/ro\/wp-json\/wp\/v2\/product\/4796","targetHints":{"allow":["GET"]}}],"collection":[{"href":"https:\/\/medicinasinc.com\/ro\/wp-json\/wp\/v2\/product"}],"about":[{"href":"https:\/\/medicinasinc.com\/ro\/wp-json\/wp\/v2\/types\/product"}],"replies":[{"embeddable":true,"href":"https:\/\/medicinasinc.com\/ro\/wp-json\/wp\/v2\/comments?post=4796"}],"wp:featuredmedia":[{"embeddable":true,"href":"https:\/\/medicinasinc.com\/ro\/wp-json\/wp\/v2\/media\/4809"}],"wp:attachment":[{"href":"https:\/\/medicinasinc.com\/ro\/wp-json\/wp\/v2\/media?parent=4796"}],"wp:term":[{"taxonomy":"product_brand","embeddable":true,"href":"https:\/\/medicinasinc.com\/ro\/wp-json\/wp\/v2\/product_brand?post=4796"},{"taxonomy":"product_cat","embeddable":true,"href":"https:\/\/medicinasinc.com\/ro\/wp-json\/wp\/v2\/product_cat?post=4796"},{"taxonomy":"product_tag","embeddable":true,"href":"https:\/\/medicinasinc.com\/ro\/wp-json\/wp\/v2\/product_tag?post=4796"}],"curies":[{"name":"wp","href":"https:\/\/api.w.org\/{rel}","templated":true}]}}