{"id":4794,"date":"2022-02-20T16:06:08","date_gmt":"2022-02-20T16:06:08","guid":{"rendered":"https:\/\/medicinasinc.com\/ro\/?post_type=product&#038;p=4794"},"modified":"2022-03-22T01:15:08","modified_gmt":"2022-03-22T01:15:08","slug":"buy-nyc-diesel-budder-top-raft","status":"publish","type":"product","link":"https:\/\/medicinasinc.com\/ro\/product\/buy-nyc-diesel-budder-top-raft\/","title":{"rendered":"Cump\u0103ra\u021bi NYC Diesel Budder \u2013 Top Shelf"},"content":{"rendered":"<p>Cump\u0103ra\u021bi New York City Diesel Budder \u2013 Top Shelf<\/p>\n<p>NYC Diesel este o tulpin\u0103 60% Sativa care este o \u00eencruci\u0219are \u00eentre genetica local\u0103 mexican\u0103 \u0219i cea afgan\u0103. Miroase puternic a grapefruit tarta si citrice acre. NYC Diesel este o tulpin\u0103 excelent\u0103 \u00een timpul zilei datorit\u0103 stimul\u0103rii sale cerebrale ridicate, care promoveaz\u0103 claritatea mental\u0103 \u0219i vigilen\u021ba. Pe l\u00e2ng\u0103 efectele sale energizante, NYC Diesel ridic\u0103 starea de spirit \u0219i stimuleaz\u0103 creativitatea, f\u0103c\u00e2ndu-l un tratament eficient pentru depresie. De-a lungul timpului, efectele acestei tulpini induc o stare usoara de relaxare in organism, care nu are ca rezultat somnolenta dar poate stimula apetitul la unii utilizatori. Cea mai eficient\u0103 utilizare a NYC Diesel este \u00een tratamentul anxiet\u0103\u021bii\/anxiet\u0103\u021bii sociale, depresiei, durerii cronice, pierderii poftei de m\u00e2ncare \u0219i dispozi\u021biei sc\u0103zute.<\/p>\n","protected":false},"excerpt":{"rendered":"<p>Cump\u0103ra\u021bi NYC Diesel Budderl &#8211; O \u00eencruci\u0219are \u00eentre rase locale mexicane \u0219i afgane, aceast\u0103 tulpin\u0103 cu 60% predomin\u0103 Sativa este acum disponibil\u0103 la cel mai bun pre\u021b.<\/p>\n<ul>\n<li>Livrare \u00een toat\u0103 lumea<\/li>\n<li><strong>Un concentrat compus din 97 -99% THC<\/strong><\/li>\n<li><strong>99% THC-A pur<\/strong><\/li>\n<li><strong>Contacta\u021bi-ne<\/strong>\u00a0pentru comenzi mai mari<\/li>\n<p>&gt; <\/ul>\n","protected":false},"featured_media":4807,"comment_status":"open","ping_status":"closed","template":"","meta":[],"product_brand":[],"product_cat":[702],"product_tag":[],"class_list":{"0":"post-4794","1":"product","2":"type-product","3":"status-publish","4":"has-post-thumbnail","6":"product_cat-cumpara-cannabis-ceara","8":"first","9":"instock","10":"shipping-taxable","11":"purchasable","12":"product-type-variable","13":"has-default-attributes"},"yoast_head":"<!-- This site is optimized with the Yoast SEO plugin v27.3 - https:\/\/yoast.com\/product\/yoast-seo-wordpress\/ -->\n<title>Cump\u0103ra\u021bi NYC Diesel Budder \u2013 Top Shelf - Cele mai bune medicamente globale<\/title>\n<meta name=\"description\" content=\"Cump\u0103ra\u021bi NYC Diesel Budderl - O \u00eencruci\u0219are \u00eentre rasele locale mexicane \u0219i afgane, este o tulpin\u0103 cu 60% predominant Sativa, acum disponibil\u0103 pentru v\u00e2nzare la cel mai bun pre\u021b.\" \/>\n<meta name=\"robots\" content=\"index, follow, max-snippet:-1, max-image-preview:large, max-video-preview:-1\" \/>\n<link rel=\"canonical\" href=\"https:\/\/medicinasinc.com\/ro\/product\/buy-nyc-diesel-budder-top-raft\/\" \/>\n<meta property=\"og:locale\" content=\"en_US\" \/>\n<meta property=\"og:type\" content=\"article\" \/>\n<meta property=\"og:title\" content=\"Cump\u0103ra\u021bi NYC Diesel Budder \u2013 Top Shelf - Cele mai bune medicamente globale\" \/>\n<meta property=\"og:description\" content=\"Cump\u0103ra\u021bi NYC Diesel Budderl - O \u00eencruci\u0219are \u00eentre rasele locale mexicane \u0219i afgane, este o tulpin\u0103 cu 60% predominant Sativa, acum disponibil\u0103 pentru v\u00e2nzare la cel mai bun pre\u021b.\" \/>\n<meta property=\"og:url\" content=\"https:\/\/medicinasinc.com\/ro\/product\/buy-nyc-diesel-budder-top-raft\/\" \/>\n<meta property=\"og:site_name\" content=\"Medicinas Inc\" \/>\n<meta property=\"article:modified_time\" content=\"2022-03-22T01:15:08+00:00\" \/>\n<meta property=\"og:image\" content=\"https:\/\/medicinasinc.com\/ro\/wp-content\/uploads\/sites\/11\/2022\/02\/Buy-NYC-Diesel-Budder..jpg\" \/>\n\t<meta property=\"og:image:width\" content=\"600\" \/>\n\t<meta property=\"og:image:height\" content=\"600\" \/>\n\t<meta property=\"og:image:type\" content=\"image\/jpeg\" \/>\n<meta name=\"twitter:card\" content=\"summary_large_image\" \/>\n<meta name=\"twitter:label1\" content=\"Est. reading time\" \/>\n\t<meta name=\"twitter:data1\" content=\"1 minute\" \/>\n<script type=\"application\/ld+json\" class=\"yoast-schema-graph\">{\"@context\":\"https:\\\/\\\/schema.org\",\"@graph\":[{\"@type\":\"WebPage\",\"@id\":\"https:\\\/\\\/medicinasinc.com\\\/ro\\\/product\\\/buy-nyc-diesel-budder-top-raft\\\/\",\"url\":\"https:\\\/\\\/medicinasinc.com\\\/ro\\\/product\\\/buy-nyc-diesel-budder-top-raft\\\/\",\"name\":\"Cump\u0103ra\u021bi NYC Diesel Budder \u2013 Top Shelf - Cele mai bune medicamente globale\",\"isPartOf\":{\"@id\":\"https:\\\/\\\/medicinasinc.com\\\/ro\\\/#website\"},\"primaryImageOfPage\":{\"@id\":\"https:\\\/\\\/medicinasinc.com\\\/ro\\\/product\\\/buy-nyc-diesel-budder-top-raft\\\/#primaryimage\"},\"image\":{\"@id\":\"https:\\\/\\\/medicinasinc.com\\\/ro\\\/product\\\/buy-nyc-diesel-budder-top-raft\\\/#primaryimage\"},\"thumbnailUrl\":\"https:\\\/\\\/medicinasinc.com\\\/ro\\\/wp-content\\\/uploads\\\/sites\\\/11\\\/2022\\\/02\\\/Buy-NYC-Diesel-Budder..jpg\",\"datePublished\":\"2022-02-20T16:06:08+00:00\",\"dateModified\":\"2022-03-22T01:15:08+00:00\",\"description\":\"Cump\u0103ra\u021bi NYC Diesel Budderl - O \u00eencruci\u0219are \u00eentre rasele locale mexicane \u0219i afgane, este o tulpin\u0103 cu 60% predominant Sativa, acum disponibil\u0103 pentru v\u00e2nzare la cel mai bun pre\u021b.\",\"breadcrumb\":{\"@id\":\"https:\\\/\\\/medicinasinc.com\\\/ro\\\/product\\\/buy-nyc-diesel-budder-top-raft\\\/#breadcrumb\"},\"inLanguage\":\"en-US\",\"potentialAction\":[{\"@type\":\"ReadAction\",\"target\":[\"https:\\\/\\\/medicinasinc.com\\\/ro\\\/product\\\/buy-nyc-diesel-budder-top-raft\\\/\"]}]},{\"@type\":\"ImageObject\",\"inLanguage\":\"en-US\",\"@id\":\"https:\\\/\\\/medicinasinc.com\\\/ro\\\/product\\\/buy-nyc-diesel-budder-top-raft\\\/#primaryimage\",\"url\":\"https:\\\/\\\/medicinasinc.com\\\/ro\\\/wp-content\\\/uploads\\\/sites\\\/11\\\/2022\\\/02\\\/Buy-NYC-Diesel-Budder..jpg\",\"contentUrl\":\"https:\\\/\\\/medicinasinc.com\\\/ro\\\/wp-content\\\/uploads\\\/sites\\\/11\\\/2022\\\/02\\\/Buy-NYC-Diesel-Budder..jpg\",\"width\":600,\"height\":600},{\"@type\":\"BreadcrumbList\",\"@id\":\"https:\\\/\\\/medicinasinc.com\\\/ro\\\/product\\\/buy-nyc-diesel-budder-top-raft\\\/#breadcrumb\",\"itemListElement\":[{\"@type\":\"ListItem\",\"position\":1,\"name\":\"Magazin\",\"item\":\"https:\\\/\\\/medicinasinc.com\\\/ro\\\/magazin\\\/\"},{\"@type\":\"ListItem\",\"position\":2,\"name\":\"Cump\u0103ra\u021bi NYC Diesel Budder \u2013 Top Shelf\"}]},{\"@type\":\"WebSite\",\"@id\":\"https:\\\/\\\/medicinasinc.com\\\/ro\\\/#website\",\"url\":\"https:\\\/\\\/medicinasinc.com\\\/ro\\\/\",\"name\":\"Medicinas Inc\",\"description\":\"Health Medical Clinic\",\"potentialAction\":[{\"@type\":\"SearchAction\",\"target\":{\"@type\":\"EntryPoint\",\"urlTemplate\":\"https:\\\/\\\/medicinasinc.com\\\/ro\\\/?s={search_term_string}\"},\"query-input\":{\"@type\":\"PropertyValueSpecification\",\"valueRequired\":true,\"valueName\":\"search_term_string\"}}],\"inLanguage\":\"en-US\"}]}<\/script>\n<!-- \/ Yoast SEO plugin. -->","yoast_head_json":{"title":"Cump\u0103ra\u021bi NYC Diesel Budder \u2013 Top Shelf - Cele mai bune medicamente globale","description":"Cump\u0103ra\u021bi NYC Diesel Budderl - O \u00eencruci\u0219are \u00eentre rasele locale mexicane \u0219i afgane, este o tulpin\u0103 cu 60% predominant Sativa, acum disponibil\u0103 pentru v\u00e2nzare la cel mai bun pre\u021b.","robots":{"index":"index","follow":"follow","max-snippet":"max-snippet:-1","max-image-preview":"max-image-preview:large","max-video-preview":"max-video-preview:-1"},"canonical":"https:\/\/medicinasinc.com\/ro\/product\/buy-nyc-diesel-budder-top-raft\/","og_locale":"en_US","og_type":"article","og_title":"Cump\u0103ra\u021bi NYC Diesel Budder \u2013 Top Shelf - Cele mai bune medicamente globale","og_description":"Cump\u0103ra\u021bi NYC Diesel Budderl - O \u00eencruci\u0219are \u00eentre rasele locale mexicane \u0219i afgane, este o tulpin\u0103 cu 60% predominant Sativa, acum disponibil\u0103 pentru v\u00e2nzare la cel mai bun pre\u021b.","og_url":"https:\/\/medicinasinc.com\/ro\/product\/buy-nyc-diesel-budder-top-raft\/","og_site_name":"Medicinas Inc","article_modified_time":"2022-03-22T01:15:08+00:00","og_image":[{"width":600,"height":600,"url":"https:\/\/medicinasinc.com\/ro\/wp-content\/uploads\/sites\/11\/2022\/02\/Buy-NYC-Diesel-Budder..jpg","type":"image\/jpeg"}],"twitter_card":"summary_large_image","twitter_misc":{"Est. reading time":"1 minute"},"schema":{"@context":"https:\/\/schema.org","@graph":[{"@type":"WebPage","@id":"https:\/\/medicinasinc.com\/ro\/product\/buy-nyc-diesel-budder-top-raft\/","url":"https:\/\/medicinasinc.com\/ro\/product\/buy-nyc-diesel-budder-top-raft\/","name":"Cump\u0103ra\u021bi NYC Diesel Budder \u2013 Top Shelf - Cele mai bune medicamente globale","isPartOf":{"@id":"https:\/\/medicinasinc.com\/ro\/#website"},"primaryImageOfPage":{"@id":"https:\/\/medicinasinc.com\/ro\/product\/buy-nyc-diesel-budder-top-raft\/#primaryimage"},"image":{"@id":"https:\/\/medicinasinc.com\/ro\/product\/buy-nyc-diesel-budder-top-raft\/#primaryimage"},"thumbnailUrl":"https:\/\/medicinasinc.com\/ro\/wp-content\/uploads\/sites\/11\/2022\/02\/Buy-NYC-Diesel-Budder..jpg","datePublished":"2022-02-20T16:06:08+00:00","dateModified":"2022-03-22T01:15:08+00:00","description":"Cump\u0103ra\u021bi NYC Diesel Budderl - O \u00eencruci\u0219are \u00eentre rasele locale mexicane \u0219i afgane, este o tulpin\u0103 cu 60% predominant Sativa, acum disponibil\u0103 pentru v\u00e2nzare la cel mai bun pre\u021b.","breadcrumb":{"@id":"https:\/\/medicinasinc.com\/ro\/product\/buy-nyc-diesel-budder-top-raft\/#breadcrumb"},"inLanguage":"en-US","potentialAction":[{"@type":"ReadAction","target":["https:\/\/medicinasinc.com\/ro\/product\/buy-nyc-diesel-budder-top-raft\/"]}]},{"@type":"ImageObject","inLanguage":"en-US","@id":"https:\/\/medicinasinc.com\/ro\/product\/buy-nyc-diesel-budder-top-raft\/#primaryimage","url":"https:\/\/medicinasinc.com\/ro\/wp-content\/uploads\/sites\/11\/2022\/02\/Buy-NYC-Diesel-Budder..jpg","contentUrl":"https:\/\/medicinasinc.com\/ro\/wp-content\/uploads\/sites\/11\/2022\/02\/Buy-NYC-Diesel-Budder..jpg","width":600,"height":600},{"@type":"BreadcrumbList","@id":"https:\/\/medicinasinc.com\/ro\/product\/buy-nyc-diesel-budder-top-raft\/#breadcrumb","itemListElement":[{"@type":"ListItem","position":1,"name":"Magazin","item":"https:\/\/medicinasinc.com\/ro\/magazin\/"},{"@type":"ListItem","position":2,"name":"Cump\u0103ra\u021bi NYC Diesel Budder \u2013 Top Shelf"}]},{"@type":"WebSite","@id":"https:\/\/medicinasinc.com\/ro\/#website","url":"https:\/\/medicinasinc.com\/ro\/","name":"Medicinas Inc","description":"Health Medical Clinic","potentialAction":[{"@type":"SearchAction","target":{"@type":"EntryPoint","urlTemplate":"https:\/\/medicinasinc.com\/ro\/?s={search_term_string}"},"query-input":{"@type":"PropertyValueSpecification","valueRequired":true,"valueName":"search_term_string"}}],"inLanguage":"en-US"}]}},"_links":{"self":[{"href":"https:\/\/medicinasinc.com\/ro\/wp-json\/wp\/v2\/product\/4794","targetHints":{"allow":["GET"]}}],"collection":[{"href":"https:\/\/medicinasinc.com\/ro\/wp-json\/wp\/v2\/product"}],"about":[{"href":"https:\/\/medicinasinc.com\/ro\/wp-json\/wp\/v2\/types\/product"}],"replies":[{"embeddable":true,"href":"https:\/\/medicinasinc.com\/ro\/wp-json\/wp\/v2\/comments?post=4794"}],"wp:featuredmedia":[{"embeddable":true,"href":"https:\/\/medicinasinc.com\/ro\/wp-json\/wp\/v2\/media\/4807"}],"wp:attachment":[{"href":"https:\/\/medicinasinc.com\/ro\/wp-json\/wp\/v2\/media?parent=4794"}],"wp:term":[{"taxonomy":"product_brand","embeddable":true,"href":"https:\/\/medicinasinc.com\/ro\/wp-json\/wp\/v2\/product_brand?post=4794"},{"taxonomy":"product_cat","embeddable":true,"href":"https:\/\/medicinasinc.com\/ro\/wp-json\/wp\/v2\/product_cat?post=4794"},{"taxonomy":"product_tag","embeddable":true,"href":"https:\/\/medicinasinc.com\/ro\/wp-json\/wp\/v2\/product_tag?post=4794"}],"curies":[{"name":"wp","href":"https:\/\/api.w.org\/{rel}","templated":true}]}}