{"id":4780,"date":"2022-02-20T15:56:42","date_gmt":"2022-02-20T15:56:42","guid":{"rendered":"https:\/\/medicinasinc.com\/ro\/?post_type=product&#038;p=4780"},"modified":"2022-03-22T01:15:16","modified_gmt":"2022-03-22T01:15:16","slug":"buy-greasy-roz-bubba-budder-top-raft","status":"publish","type":"product","link":"https:\/\/medicinasinc.com\/ro\/product\/buy-greasy-roz-bubba-budder-top-raft\/","title":{"rendered":"Cump\u0103ra\u021bi Greasy Pink Bubba Budder \u2013 Raft superior"},"content":{"rendered":"<p>Cump\u0103ra\u021bi Greasy Pink Bubba Budder de la un comerciant cu am\u0103nuntul de top.<\/p>\n<p>\u2018Greasy\u2019 Pink Bubba este \u00een primul r\u00e2nd o tulpin\u0103 Indica derivat\u0103 din genetica Pink Kush \u0219i Bubba Kush. Poate cel mai bine savurat seara, \u201eGreasy\u201d Pink Bubba ofer\u0103 o doz\u0103 puternic\u0103 de relaxare fizic\u0103 care atenueaz\u0103 instantaneu durerile \u0219i durerile corporale. Aceast\u0103 relaxare lini\u0219tit\u0103 este \u00eenso\u021bit\u0103 de o euforie lini\u0219tit\u0103, adorind treptat utilizatorul \u00eentr-o stare de vis \u0219i pace. Efectele lui \u201eGreasy\u201d Pink Bubba se strecoar\u0103 treptat asupra utilizatorului, lini\u0219tindu-l u\u0219or \u00een aceste efecte fericite relaxante. Aceast\u0103 tulpin\u0103 are o arom\u0103 Kush clasic\u0103, cu nuan\u021be p\u0103m\u00e2nte\u0219ti \u0219i roz \u0219i note florale care persist\u0103 \u00een palat. Pink Bubba \u201eGreasy\u201d poate fi utilizat pentru a trata o varietate de afec\u021biuni medicale, inclusiv depresie, anxietate, stres cronic, grea\u021b\u0103, durere \u0219i inflama\u021bie cronic\u0103, migrene\/dureri de cap \u0219i insomnie.<\/p>\n","protected":false},"excerpt":{"rendered":"<p>Cump\u0103ra\u021bi Greasy Pink Bubba Budder de la un comerciant cu am\u0103nuntul de top.<\/p>\n<p>&nbsp;<\/p>\n<ul>\n<li>Livrare \u00een toat\u0103 lumea<\/li>\n<li>Cantitatea minim\u0103 de comand\u0103 este <strong> 3<\/strong><\/li>\n<li><strong>Contacta\u021bi-ne<\/strong>\u00a0pentru comenzi mai mari<\/li>\n<\/ul>\n","protected":false},"featured_media":4795,"comment_status":"open","ping_status":"closed","template":"","meta":[],"product_brand":[],"product_cat":[702],"product_tag":[],"class_list":{"0":"post-4780","1":"product","2":"type-product","3":"status-publish","4":"has-post-thumbnail","6":"product_cat-cumpara-cannabis-ceara","8":"first","9":"instock","10":"shipping-taxable","11":"purchasable","12":"product-type-variable","13":"has-default-attributes"},"yoast_head":"<!-- This site is optimized with the Yoast SEO plugin v27.3 - https:\/\/yoast.com\/product\/yoast-seo-wordpress\/ -->\n<title>Cump\u0103ra\u021bi Greasy Pink Bubba Budder \u2013 Raft superior - Medicinas Inc<\/title>\n<meta name=\"description\" content=\"Cump\u0103ra\u021bi Greasy Pink Bubba Budder de la un retailer de top.\" \/>\n<meta name=\"robots\" content=\"index, follow, max-snippet:-1, max-image-preview:large, max-video-preview:-1\" \/>\n<link rel=\"canonical\" href=\"https:\/\/medicinasinc.com\/ro\/product\/buy-greasy-roz-bubba-budder-top-raft\/\" \/>\n<meta property=\"og:locale\" content=\"en_US\" \/>\n<meta property=\"og:type\" content=\"article\" \/>\n<meta property=\"og:title\" content=\"Cump\u0103ra\u021bi Greasy Pink Bubba Budder \u2013 Raft superior - Medicinas Inc\" \/>\n<meta property=\"og:description\" content=\"Cump\u0103ra\u021bi Greasy Pink Bubba Budder de la un retailer de top.\" \/>\n<meta property=\"og:url\" content=\"https:\/\/medicinasinc.com\/ro\/product\/buy-greasy-roz-bubba-budder-top-raft\/\" \/>\n<meta property=\"og:site_name\" content=\"Medicinas Inc\" \/>\n<meta property=\"article:modified_time\" content=\"2022-03-22T01:15:16+00:00\" \/>\n<meta property=\"og:image\" content=\"https:\/\/medicinasinc.com\/ro\/wp-content\/uploads\/sites\/11\/2022\/02\/Buy-Greasy-Pink-Bubba-Budder.jpg\" \/>\n\t<meta property=\"og:image:width\" content=\"600\" \/>\n\t<meta property=\"og:image:height\" content=\"600\" \/>\n\t<meta property=\"og:image:type\" content=\"image\/jpeg\" \/>\n<meta name=\"twitter:card\" content=\"summary_large_image\" \/>\n<meta name=\"twitter:label1\" content=\"Est. reading time\" \/>\n\t<meta name=\"twitter:data1\" content=\"1 minute\" \/>\n<script type=\"application\/ld+json\" class=\"yoast-schema-graph\">{\"@context\":\"https:\\\/\\\/schema.org\",\"@graph\":[{\"@type\":\"WebPage\",\"@id\":\"https:\\\/\\\/medicinasinc.com\\\/ro\\\/product\\\/buy-greasy-roz-bubba-budder-top-raft\\\/\",\"url\":\"https:\\\/\\\/medicinasinc.com\\\/ro\\\/product\\\/buy-greasy-roz-bubba-budder-top-raft\\\/\",\"name\":\"Cump\u0103ra\u021bi Greasy Pink Bubba Budder \u2013 Raft superior - Medicinas Inc\",\"isPartOf\":{\"@id\":\"https:\\\/\\\/medicinasinc.com\\\/ro\\\/#website\"},\"primaryImageOfPage\":{\"@id\":\"https:\\\/\\\/medicinasinc.com\\\/ro\\\/product\\\/buy-greasy-roz-bubba-budder-top-raft\\\/#primaryimage\"},\"image\":{\"@id\":\"https:\\\/\\\/medicinasinc.com\\\/ro\\\/product\\\/buy-greasy-roz-bubba-budder-top-raft\\\/#primaryimage\"},\"thumbnailUrl\":\"https:\\\/\\\/medicinasinc.com\\\/ro\\\/wp-content\\\/uploads\\\/sites\\\/11\\\/2022\\\/02\\\/Buy-Greasy-Pink-Bubba-Budder.jpg\",\"datePublished\":\"2022-02-20T15:56:42+00:00\",\"dateModified\":\"2022-03-22T01:15:16+00:00\",\"description\":\"Cump\u0103ra\u021bi Greasy Pink Bubba Budder de la un retailer de top.\",\"breadcrumb\":{\"@id\":\"https:\\\/\\\/medicinasinc.com\\\/ro\\\/product\\\/buy-greasy-roz-bubba-budder-top-raft\\\/#breadcrumb\"},\"inLanguage\":\"en-US\",\"potentialAction\":[{\"@type\":\"ReadAction\",\"target\":[\"https:\\\/\\\/medicinasinc.com\\\/ro\\\/product\\\/buy-greasy-roz-bubba-budder-top-raft\\\/\"]}]},{\"@type\":\"ImageObject\",\"inLanguage\":\"en-US\",\"@id\":\"https:\\\/\\\/medicinasinc.com\\\/ro\\\/product\\\/buy-greasy-roz-bubba-budder-top-raft\\\/#primaryimage\",\"url\":\"https:\\\/\\\/medicinasinc.com\\\/ro\\\/wp-content\\\/uploads\\\/sites\\\/11\\\/2022\\\/02\\\/Buy-Greasy-Pink-Bubba-Budder.jpg\",\"contentUrl\":\"https:\\\/\\\/medicinasinc.com\\\/ro\\\/wp-content\\\/uploads\\\/sites\\\/11\\\/2022\\\/02\\\/Buy-Greasy-Pink-Bubba-Budder.jpg\",\"width\":600,\"height\":600},{\"@type\":\"BreadcrumbList\",\"@id\":\"https:\\\/\\\/medicinasinc.com\\\/ro\\\/product\\\/buy-greasy-roz-bubba-budder-top-raft\\\/#breadcrumb\",\"itemListElement\":[{\"@type\":\"ListItem\",\"position\":1,\"name\":\"Magazin\",\"item\":\"https:\\\/\\\/medicinasinc.com\\\/ro\\\/magazin\\\/\"},{\"@type\":\"ListItem\",\"position\":2,\"name\":\"Cump\u0103ra\u021bi Greasy Pink Bubba Budder \u2013 Raft superior\"}]},{\"@type\":\"WebSite\",\"@id\":\"https:\\\/\\\/medicinasinc.com\\\/ro\\\/#website\",\"url\":\"https:\\\/\\\/medicinasinc.com\\\/ro\\\/\",\"name\":\"Medicinas Inc\",\"description\":\"Health Medical Clinic\",\"potentialAction\":[{\"@type\":\"SearchAction\",\"target\":{\"@type\":\"EntryPoint\",\"urlTemplate\":\"https:\\\/\\\/medicinasinc.com\\\/ro\\\/?s={search_term_string}\"},\"query-input\":{\"@type\":\"PropertyValueSpecification\",\"valueRequired\":true,\"valueName\":\"search_term_string\"}}],\"inLanguage\":\"en-US\"}]}<\/script>\n<!-- \/ Yoast SEO plugin. -->","yoast_head_json":{"title":"Cump\u0103ra\u021bi Greasy Pink Bubba Budder \u2013 Raft superior - Medicinas Inc","description":"Cump\u0103ra\u021bi Greasy Pink Bubba Budder de la un retailer de top.","robots":{"index":"index","follow":"follow","max-snippet":"max-snippet:-1","max-image-preview":"max-image-preview:large","max-video-preview":"max-video-preview:-1"},"canonical":"https:\/\/medicinasinc.com\/ro\/product\/buy-greasy-roz-bubba-budder-top-raft\/","og_locale":"en_US","og_type":"article","og_title":"Cump\u0103ra\u021bi Greasy Pink Bubba Budder \u2013 Raft superior - Medicinas Inc","og_description":"Cump\u0103ra\u021bi Greasy Pink Bubba Budder de la un retailer de top.","og_url":"https:\/\/medicinasinc.com\/ro\/product\/buy-greasy-roz-bubba-budder-top-raft\/","og_site_name":"Medicinas Inc","article_modified_time":"2022-03-22T01:15:16+00:00","og_image":[{"width":600,"height":600,"url":"https:\/\/medicinasinc.com\/ro\/wp-content\/uploads\/sites\/11\/2022\/02\/Buy-Greasy-Pink-Bubba-Budder.jpg","type":"image\/jpeg"}],"twitter_card":"summary_large_image","twitter_misc":{"Est. reading time":"1 minute"},"schema":{"@context":"https:\/\/schema.org","@graph":[{"@type":"WebPage","@id":"https:\/\/medicinasinc.com\/ro\/product\/buy-greasy-roz-bubba-budder-top-raft\/","url":"https:\/\/medicinasinc.com\/ro\/product\/buy-greasy-roz-bubba-budder-top-raft\/","name":"Cump\u0103ra\u021bi Greasy Pink Bubba Budder \u2013 Raft superior - Medicinas Inc","isPartOf":{"@id":"https:\/\/medicinasinc.com\/ro\/#website"},"primaryImageOfPage":{"@id":"https:\/\/medicinasinc.com\/ro\/product\/buy-greasy-roz-bubba-budder-top-raft\/#primaryimage"},"image":{"@id":"https:\/\/medicinasinc.com\/ro\/product\/buy-greasy-roz-bubba-budder-top-raft\/#primaryimage"},"thumbnailUrl":"https:\/\/medicinasinc.com\/ro\/wp-content\/uploads\/sites\/11\/2022\/02\/Buy-Greasy-Pink-Bubba-Budder.jpg","datePublished":"2022-02-20T15:56:42+00:00","dateModified":"2022-03-22T01:15:16+00:00","description":"Cump\u0103ra\u021bi Greasy Pink Bubba Budder de la un retailer de top.","breadcrumb":{"@id":"https:\/\/medicinasinc.com\/ro\/product\/buy-greasy-roz-bubba-budder-top-raft\/#breadcrumb"},"inLanguage":"en-US","potentialAction":[{"@type":"ReadAction","target":["https:\/\/medicinasinc.com\/ro\/product\/buy-greasy-roz-bubba-budder-top-raft\/"]}]},{"@type":"ImageObject","inLanguage":"en-US","@id":"https:\/\/medicinasinc.com\/ro\/product\/buy-greasy-roz-bubba-budder-top-raft\/#primaryimage","url":"https:\/\/medicinasinc.com\/ro\/wp-content\/uploads\/sites\/11\/2022\/02\/Buy-Greasy-Pink-Bubba-Budder.jpg","contentUrl":"https:\/\/medicinasinc.com\/ro\/wp-content\/uploads\/sites\/11\/2022\/02\/Buy-Greasy-Pink-Bubba-Budder.jpg","width":600,"height":600},{"@type":"BreadcrumbList","@id":"https:\/\/medicinasinc.com\/ro\/product\/buy-greasy-roz-bubba-budder-top-raft\/#breadcrumb","itemListElement":[{"@type":"ListItem","position":1,"name":"Magazin","item":"https:\/\/medicinasinc.com\/ro\/magazin\/"},{"@type":"ListItem","position":2,"name":"Cump\u0103ra\u021bi Greasy Pink Bubba Budder \u2013 Raft superior"}]},{"@type":"WebSite","@id":"https:\/\/medicinasinc.com\/ro\/#website","url":"https:\/\/medicinasinc.com\/ro\/","name":"Medicinas Inc","description":"Health Medical Clinic","potentialAction":[{"@type":"SearchAction","target":{"@type":"EntryPoint","urlTemplate":"https:\/\/medicinasinc.com\/ro\/?s={search_term_string}"},"query-input":{"@type":"PropertyValueSpecification","valueRequired":true,"valueName":"search_term_string"}}],"inLanguage":"en-US"}]}},"_links":{"self":[{"href":"https:\/\/medicinasinc.com\/ro\/wp-json\/wp\/v2\/product\/4780","targetHints":{"allow":["GET"]}}],"collection":[{"href":"https:\/\/medicinasinc.com\/ro\/wp-json\/wp\/v2\/product"}],"about":[{"href":"https:\/\/medicinasinc.com\/ro\/wp-json\/wp\/v2\/types\/product"}],"replies":[{"embeddable":true,"href":"https:\/\/medicinasinc.com\/ro\/wp-json\/wp\/v2\/comments?post=4780"}],"wp:featuredmedia":[{"embeddable":true,"href":"https:\/\/medicinasinc.com\/ro\/wp-json\/wp\/v2\/media\/4795"}],"wp:attachment":[{"href":"https:\/\/medicinasinc.com\/ro\/wp-json\/wp\/v2\/media?parent=4780"}],"wp:term":[{"taxonomy":"product_brand","embeddable":true,"href":"https:\/\/medicinasinc.com\/ro\/wp-json\/wp\/v2\/product_brand?post=4780"},{"taxonomy":"product_cat","embeddable":true,"href":"https:\/\/medicinasinc.com\/ro\/wp-json\/wp\/v2\/product_cat?post=4780"},{"taxonomy":"product_tag","embeddable":true,"href":"https:\/\/medicinasinc.com\/ro\/wp-json\/wp\/v2\/product_tag?post=4780"}],"curies":[{"name":"wp","href":"https:\/\/api.w.org\/{rel}","templated":true}]}}