{"id":4779,"date":"2022-02-20T15:55:42","date_gmt":"2022-02-20T15:55:42","guid":{"rendered":"https:\/\/medicinasinc.com\/ro\/?post_type=product&#038;p=4779"},"modified":"2022-03-22T01:15:24","modified_gmt":"2022-03-22T01:15:24","slug":"buy-alaskan-thunder-fuck-budder-top-raft","status":"publish","type":"product","link":"https:\/\/medicinasinc.com\/ro\/product\/buy-alaskan-thunder-fuck-budder-top-raft\/","title":{"rendered":"Cump\u0103ra\u021bi Alaskan Thunder Fuck Budder \u2013 Top Shelf"},"content":{"rendered":"<p>Cump\u0103ra\u021bi Alaskan Thunder Fuck Budder \u2013 Calitate Premium<\/p>\n<p>Alaskan Thunder Fuck, prescurtat ATF, Matanuska Thunder Fuck sau Matanuska Tundra, este o tulpin\u0103 rar\u0103 dominant\u0103 sativa care \u00ee\u0219i are originea \u00een Valea Matanuska din Alaska. Se crede c\u0103 a ap\u0103rut ca o \u00eencruci\u0219are \u00eentre o sativa din California de Nord \u0219i un ruderalis rusesc, \u00eenainte de a fi \u00eencruci\u0219at cu genetica afgan\u0103 la sf\u00e2r\u0219itul anilor 1970. Aceast\u0103 tulpin\u0103 are o arom\u0103 \u00een\u021bep\u0103toare care \u00eembin\u0103 pinul \u0219i l\u0103m\u00e2ia cu note de skunk \u0219i mentol. ATF este adorat pentru propriet\u0103\u021bile sale de stimulare a poftei de m\u00e2ncare \u0219i pentru propriet\u0103\u021bile asem\u0103n\u0103toare celor de \u00eenfiorare. \u00cenaltul ATF \u00eencepe cu o explozie de stimulare cerebral\u0103, care promoveaz\u0103 interac\u021biunea social\u0103 \u0219i creativitatea. Pe m\u0103sur\u0103 ce intensitatea euforiei cre\u0219te, corpul \u00eencepe s\u0103 se relaxeze \u0219i foamea se instaleaz\u0103. Alaskan Thunder Fuck poate fi folosit pentru a trata stresul cronic, depresia \u0219i durerea u\u0219oar\u0103 p\u00e2n\u0103 la moderat\u0103.<\/p>\n","protected":false},"excerpt":{"rendered":"<p>Cump\u0103ra\u021bi Alaskan Thunder Fuck Budder \u2013 Calitate Premium<\/p>\n<p>&nbsp;<\/p>\n<ul>\n<li>Livrare \u00een toat\u0103 lumea<\/li>\n<li>Cantitatea minim\u0103 de comand\u0103 este <strong>3<\/strong><\/li>\n<li><strong>Contacta\u021bi-ne<\/strong>\u00a0pentru comenzi mai mari<\/li>\n<\/ul>\n","protected":false},"featured_media":4793,"comment_status":"open","ping_status":"closed","template":"","meta":[],"product_brand":[],"product_cat":[702],"product_tag":[],"class_list":{"0":"post-4779","1":"product","2":"type-product","3":"status-publish","4":"has-post-thumbnail","6":"product_cat-cumpara-cannabis-ceara","8":"first","9":"instock","10":"shipping-taxable","11":"purchasable","12":"product-type-variable","13":"has-default-attributes"},"yoast_head":"<!-- This site is optimized with the Yoast SEO plugin v27.3 - https:\/\/yoast.com\/product\/yoast-seo-wordpress\/ -->\n<title>Cump\u0103ra\u021bi Alaskan Thunder Fuck Budder \u2013 Top Shelf - Medicinas Inc<\/title>\n<meta name=\"description\" content=\"Cump\u0103ra\u021bi Alaskan Thunder Fuck Budder \u2013 Calitate Premium\" \/>\n<meta name=\"robots\" content=\"index, follow, max-snippet:-1, max-image-preview:large, max-video-preview:-1\" \/>\n<link rel=\"canonical\" href=\"https:\/\/medicinasinc.com\/ro\/product\/buy-alaskan-thunder-fuck-budder-top-raft\/\" \/>\n<meta property=\"og:locale\" content=\"en_US\" \/>\n<meta property=\"og:type\" content=\"article\" \/>\n<meta property=\"og:title\" content=\"Cump\u0103ra\u021bi Alaskan Thunder Fuck Budder \u2013 Top Shelf - Medicinas Inc\" \/>\n<meta property=\"og:description\" content=\"Cump\u0103ra\u021bi Alaskan Thunder Fuck Budder \u2013 Calitate Premium\" \/>\n<meta property=\"og:url\" content=\"https:\/\/medicinasinc.com\/ro\/product\/buy-alaskan-thunder-fuck-budder-top-raft\/\" \/>\n<meta property=\"og:site_name\" content=\"Medicinas Inc\" \/>\n<meta property=\"article:modified_time\" content=\"2022-03-22T01:15:24+00:00\" \/>\n<meta property=\"og:image\" content=\"https:\/\/medicinasinc.com\/ro\/wp-content\/uploads\/sites\/11\/2022\/02\/Buy-Alaskan-Thunder-Fuck-Budder.jpg\" \/>\n\t<meta property=\"og:image:width\" content=\"600\" \/>\n\t<meta property=\"og:image:height\" content=\"600\" \/>\n\t<meta property=\"og:image:type\" content=\"image\/jpeg\" \/>\n<meta name=\"twitter:card\" content=\"summary_large_image\" \/>\n<meta name=\"twitter:label1\" content=\"Est. reading time\" \/>\n\t<meta name=\"twitter:data1\" content=\"1 minute\" \/>\n<script type=\"application\/ld+json\" class=\"yoast-schema-graph\">{\"@context\":\"https:\\\/\\\/schema.org\",\"@graph\":[{\"@type\":\"WebPage\",\"@id\":\"https:\\\/\\\/medicinasinc.com\\\/ro\\\/product\\\/buy-alaskan-thunder-fuck-budder-top-raft\\\/\",\"url\":\"https:\\\/\\\/medicinasinc.com\\\/ro\\\/product\\\/buy-alaskan-thunder-fuck-budder-top-raft\\\/\",\"name\":\"Cump\u0103ra\u021bi Alaskan Thunder Fuck Budder \u2013 Top Shelf - Medicinas Inc\",\"isPartOf\":{\"@id\":\"https:\\\/\\\/medicinasinc.com\\\/ro\\\/#website\"},\"primaryImageOfPage\":{\"@id\":\"https:\\\/\\\/medicinasinc.com\\\/ro\\\/product\\\/buy-alaskan-thunder-fuck-budder-top-raft\\\/#primaryimage\"},\"image\":{\"@id\":\"https:\\\/\\\/medicinasinc.com\\\/ro\\\/product\\\/buy-alaskan-thunder-fuck-budder-top-raft\\\/#primaryimage\"},\"thumbnailUrl\":\"https:\\\/\\\/medicinasinc.com\\\/ro\\\/wp-content\\\/uploads\\\/sites\\\/11\\\/2022\\\/02\\\/Buy-Alaskan-Thunder-Fuck-Budder.jpg\",\"datePublished\":\"2022-02-20T15:55:42+00:00\",\"dateModified\":\"2022-03-22T01:15:24+00:00\",\"description\":\"Cump\u0103ra\u021bi Alaskan Thunder Fuck Budder \u2013 Calitate Premium\",\"breadcrumb\":{\"@id\":\"https:\\\/\\\/medicinasinc.com\\\/ro\\\/product\\\/buy-alaskan-thunder-fuck-budder-top-raft\\\/#breadcrumb\"},\"inLanguage\":\"en-US\",\"potentialAction\":[{\"@type\":\"ReadAction\",\"target\":[\"https:\\\/\\\/medicinasinc.com\\\/ro\\\/product\\\/buy-alaskan-thunder-fuck-budder-top-raft\\\/\"]}]},{\"@type\":\"ImageObject\",\"inLanguage\":\"en-US\",\"@id\":\"https:\\\/\\\/medicinasinc.com\\\/ro\\\/product\\\/buy-alaskan-thunder-fuck-budder-top-raft\\\/#primaryimage\",\"url\":\"https:\\\/\\\/medicinasinc.com\\\/ro\\\/wp-content\\\/uploads\\\/sites\\\/11\\\/2022\\\/02\\\/Buy-Alaskan-Thunder-Fuck-Budder.jpg\",\"contentUrl\":\"https:\\\/\\\/medicinasinc.com\\\/ro\\\/wp-content\\\/uploads\\\/sites\\\/11\\\/2022\\\/02\\\/Buy-Alaskan-Thunder-Fuck-Budder.jpg\",\"width\":600,\"height\":600},{\"@type\":\"BreadcrumbList\",\"@id\":\"https:\\\/\\\/medicinasinc.com\\\/ro\\\/product\\\/buy-alaskan-thunder-fuck-budder-top-raft\\\/#breadcrumb\",\"itemListElement\":[{\"@type\":\"ListItem\",\"position\":1,\"name\":\"Magazin\",\"item\":\"https:\\\/\\\/medicinasinc.com\\\/ro\\\/magazin\\\/\"},{\"@type\":\"ListItem\",\"position\":2,\"name\":\"Cump\u0103ra\u021bi Alaskan Thunder Fuck Budder \u2013 Top Shelf\"}]},{\"@type\":\"WebSite\",\"@id\":\"https:\\\/\\\/medicinasinc.com\\\/ro\\\/#website\",\"url\":\"https:\\\/\\\/medicinasinc.com\\\/ro\\\/\",\"name\":\"Medicinas Inc\",\"description\":\"Health Medical Clinic\",\"potentialAction\":[{\"@type\":\"SearchAction\",\"target\":{\"@type\":\"EntryPoint\",\"urlTemplate\":\"https:\\\/\\\/medicinasinc.com\\\/ro\\\/?s={search_term_string}\"},\"query-input\":{\"@type\":\"PropertyValueSpecification\",\"valueRequired\":true,\"valueName\":\"search_term_string\"}}],\"inLanguage\":\"en-US\"}]}<\/script>\n<!-- \/ Yoast SEO plugin. -->","yoast_head_json":{"title":"Cump\u0103ra\u021bi Alaskan Thunder Fuck Budder \u2013 Top Shelf - Medicinas Inc","description":"Cump\u0103ra\u021bi Alaskan Thunder Fuck Budder \u2013 Calitate Premium","robots":{"index":"index","follow":"follow","max-snippet":"max-snippet:-1","max-image-preview":"max-image-preview:large","max-video-preview":"max-video-preview:-1"},"canonical":"https:\/\/medicinasinc.com\/ro\/product\/buy-alaskan-thunder-fuck-budder-top-raft\/","og_locale":"en_US","og_type":"article","og_title":"Cump\u0103ra\u021bi Alaskan Thunder Fuck Budder \u2013 Top Shelf - Medicinas Inc","og_description":"Cump\u0103ra\u021bi Alaskan Thunder Fuck Budder \u2013 Calitate Premium","og_url":"https:\/\/medicinasinc.com\/ro\/product\/buy-alaskan-thunder-fuck-budder-top-raft\/","og_site_name":"Medicinas Inc","article_modified_time":"2022-03-22T01:15:24+00:00","og_image":[{"width":600,"height":600,"url":"https:\/\/medicinasinc.com\/ro\/wp-content\/uploads\/sites\/11\/2022\/02\/Buy-Alaskan-Thunder-Fuck-Budder.jpg","type":"image\/jpeg"}],"twitter_card":"summary_large_image","twitter_misc":{"Est. reading time":"1 minute"},"schema":{"@context":"https:\/\/schema.org","@graph":[{"@type":"WebPage","@id":"https:\/\/medicinasinc.com\/ro\/product\/buy-alaskan-thunder-fuck-budder-top-raft\/","url":"https:\/\/medicinasinc.com\/ro\/product\/buy-alaskan-thunder-fuck-budder-top-raft\/","name":"Cump\u0103ra\u021bi Alaskan Thunder Fuck Budder \u2013 Top Shelf - Medicinas Inc","isPartOf":{"@id":"https:\/\/medicinasinc.com\/ro\/#website"},"primaryImageOfPage":{"@id":"https:\/\/medicinasinc.com\/ro\/product\/buy-alaskan-thunder-fuck-budder-top-raft\/#primaryimage"},"image":{"@id":"https:\/\/medicinasinc.com\/ro\/product\/buy-alaskan-thunder-fuck-budder-top-raft\/#primaryimage"},"thumbnailUrl":"https:\/\/medicinasinc.com\/ro\/wp-content\/uploads\/sites\/11\/2022\/02\/Buy-Alaskan-Thunder-Fuck-Budder.jpg","datePublished":"2022-02-20T15:55:42+00:00","dateModified":"2022-03-22T01:15:24+00:00","description":"Cump\u0103ra\u021bi Alaskan Thunder Fuck Budder \u2013 Calitate Premium","breadcrumb":{"@id":"https:\/\/medicinasinc.com\/ro\/product\/buy-alaskan-thunder-fuck-budder-top-raft\/#breadcrumb"},"inLanguage":"en-US","potentialAction":[{"@type":"ReadAction","target":["https:\/\/medicinasinc.com\/ro\/product\/buy-alaskan-thunder-fuck-budder-top-raft\/"]}]},{"@type":"ImageObject","inLanguage":"en-US","@id":"https:\/\/medicinasinc.com\/ro\/product\/buy-alaskan-thunder-fuck-budder-top-raft\/#primaryimage","url":"https:\/\/medicinasinc.com\/ro\/wp-content\/uploads\/sites\/11\/2022\/02\/Buy-Alaskan-Thunder-Fuck-Budder.jpg","contentUrl":"https:\/\/medicinasinc.com\/ro\/wp-content\/uploads\/sites\/11\/2022\/02\/Buy-Alaskan-Thunder-Fuck-Budder.jpg","width":600,"height":600},{"@type":"BreadcrumbList","@id":"https:\/\/medicinasinc.com\/ro\/product\/buy-alaskan-thunder-fuck-budder-top-raft\/#breadcrumb","itemListElement":[{"@type":"ListItem","position":1,"name":"Magazin","item":"https:\/\/medicinasinc.com\/ro\/magazin\/"},{"@type":"ListItem","position":2,"name":"Cump\u0103ra\u021bi Alaskan Thunder Fuck Budder \u2013 Top Shelf"}]},{"@type":"WebSite","@id":"https:\/\/medicinasinc.com\/ro\/#website","url":"https:\/\/medicinasinc.com\/ro\/","name":"Medicinas Inc","description":"Health Medical Clinic","potentialAction":[{"@type":"SearchAction","target":{"@type":"EntryPoint","urlTemplate":"https:\/\/medicinasinc.com\/ro\/?s={search_term_string}"},"query-input":{"@type":"PropertyValueSpecification","valueRequired":true,"valueName":"search_term_string"}}],"inLanguage":"en-US"}]}},"_links":{"self":[{"href":"https:\/\/medicinasinc.com\/ro\/wp-json\/wp\/v2\/product\/4779","targetHints":{"allow":["GET"]}}],"collection":[{"href":"https:\/\/medicinasinc.com\/ro\/wp-json\/wp\/v2\/product"}],"about":[{"href":"https:\/\/medicinasinc.com\/ro\/wp-json\/wp\/v2\/types\/product"}],"replies":[{"embeddable":true,"href":"https:\/\/medicinasinc.com\/ro\/wp-json\/wp\/v2\/comments?post=4779"}],"wp:featuredmedia":[{"embeddable":true,"href":"https:\/\/medicinasinc.com\/ro\/wp-json\/wp\/v2\/media\/4793"}],"wp:attachment":[{"href":"https:\/\/medicinasinc.com\/ro\/wp-json\/wp\/v2\/media?parent=4779"}],"wp:term":[{"taxonomy":"product_brand","embeddable":true,"href":"https:\/\/medicinasinc.com\/ro\/wp-json\/wp\/v2\/product_brand?post=4779"},{"taxonomy":"product_cat","embeddable":true,"href":"https:\/\/medicinasinc.com\/ro\/wp-json\/wp\/v2\/product_cat?post=4779"},{"taxonomy":"product_tag","embeddable":true,"href":"https:\/\/medicinasinc.com\/ro\/wp-json\/wp\/v2\/product_tag?post=4779"}],"curies":[{"name":"wp","href":"https:\/\/api.w.org\/{rel}","templated":true}]}}