{"id":4768,"date":"2022-02-20T15:46:58","date_gmt":"2022-02-20T15:46:58","guid":{"rendered":"https:\/\/medicinasinc.com\/ro\/?post_type=product&#038;p=4768"},"modified":"2022-03-22T01:15:32","modified_gmt":"2022-03-22T01:15:32","slug":"cumpara-k2-spray-tamaie","status":"publish","type":"product","link":"https:\/\/medicinasinc.com\/ro\/product\/cumpara-k2-spray-tamaie\/","title":{"rendered":"Cump\u0103ra\u021bi spray de t\u0103m\u00e2ie K2"},"content":{"rendered":"<p>Achizi\u021bie online de spray de t\u0103m\u00e2ie K2<\/p>\n<p>\u00cen plus, vindem h\u00e2rtie K2.<\/p>\n<p>Sprayul K2 este disponibil pentru achizi\u021bie. Este inodor \u0219i incolor.<\/p>\n<p>25 ml sunt suficien\u021bi pentru a pulveriza o foaie de h\u00e2rtie A4 \u00eentreag\u0103.<\/p>\n<p>Flavour \u0219i K2 sunt cele mai comune dou\u0103 denumiri pentru marijuana sintetic\u0103. Sunt construite folosind material vegetal uscat care a fost infuzat cu un canabinoid proiectat. Canabinoizii proiecta\u021bi sunt compu\u0219i sintetici care ac\u021bioneaz\u0103 asupra receptorilor de canabinoizi ai creierului \u00een acela\u0219i mod \u00een care o face Delta9-tetrahidrocannabinol (THC). Persoanele care folosesc Spice raporteaz\u0103 c\u0103 au senza\u021bii similare cu cele asociate cu marijuana. Marijuana este o plant\u0103 care con\u021bine canabinoizi, care sunt amestecuri. Flavour \u0219i K2 sunt doi termeni care se refer\u0103 la o colec\u021bie de prescrip\u021bii denumite canabinoizi proiecta\u021bi (proiecta\u021bi). Sunt construite din materiale vegetale uscate care au fost pulverizate cu substan\u021be chimice sintetice care modific\u0103 mintea. Anali\u0219tii au aranjat ini\u021bial aceste medicamente fabricate pentru a le utiliza \u00een examinare.<\/p>\n<p>\u00cen plus, K2 este disponibil \u00eentr-o form\u0103 lichid\u0103 care se degradeaz\u0103 \u00een \u021big\u0103rile electronice. \u00cen plus, este afumat \u00een \u021bevi, rosturi sau transformat \u00een ceai. K2 este apoi presarat pe plante, hartie si fibre in stare lichida. \u00cen timp ce efectele fumatului Spice se pot asem\u0103na cu cele ale fumatului de marijuana, motivul principal pentru care oamenii fumeaz\u0103 Spice este pentru c\u0103 este modest \u0219i av\u00e2nd \u00een vedere cum se \u0219tie c\u0103 este&#8230; De obicei, aceast\u0103 substan\u021b\u0103 este v\u00e2ndut\u0103 ca materie vegetal\u0103. Indiferent de faptul c\u0103 vindem o arom\u0103 excep\u021bional\u0103 de k2, agregatul amestecurilor noastre proiectate respect\u0103 toate reglement\u0103rile actuale. Cump\u0103ra\u021bi t\u0103m\u00e2ie din plante online Aprinde\u021bi-v\u0103 sim\u021burile cu t\u0103m\u00e2ie puternic\u0103 din plante K2! \u00cen timp ce al\u021bii v\u00e2nd amestecuri moarte f\u0103r\u0103 uzurpare a puterii, atunci c\u00e2nd achizi\u021biona\u021bi K2 de la noi, calitatea noastr\u0103 vorbe\u0219te de la sine! Vindem t\u0103m\u00e2ie excep\u021bional\u0103 din plante \u0219i suntem unici printre comercian\u021bii de zing de plante. Denumit \u00een plus spray de t\u0103m\u00e2ie K2, marijuana sintetic\u0103 \u0219i buruieni sintetice, spray-ul k2 de v\u00e2nzare este un tranchilizant stradal artificial care con\u021bine substan\u021be artificiale pulverizate pe arome. Pe h\u00e2rtie, lichid k2. Pe web, pute\u021bi cump\u0103ra K2 Spray \u0219i t\u0103m\u00e2ie fluid\u0103. Cump\u0103ra\u021bi h\u00e2rtie K2 zing de \u00eenalt\u0103 calitate \u0219i primi\u021bi-o la u\u0219\u0103. A\u021bi ajuns la locul potrivit dac\u0103 sunte\u021bi \u00een c\u0103utarea celor mai bune lichide locale de t\u0103m\u00e2ie K2 \u0219i stropi de E-Lichide de pe web. Vindem majoritatea lichidului K2 local furios la cele mai mici pre\u021buri posibile pentru a satisface cerin\u021bele tuturor clien\u021bilor din Statele Unite ale Americii \u0219i din \u00eentreaga lume. O alt\u0103 aplica\u021bie notabil\u0103 este crearea unui du\u0219 K2 care va fi aplicat local \u00een general. Este absolut necesar. Canabinoizii produ\u0219i, denumi\u021bi \u00een mod obi\u0219nuit ca \u201eArom\u0103\u201d sau \u201eK2\u201d, au devenit legali \u00een Statele Unite la \u00eenceputul anilor 2000. H\u00e2rtie original\u0103 K2 Spice. Vindem cea mai bun\u0103 h\u00e2rtie amestecat\u0103 K2 disponibil\u0103 online. Cump\u0103ra\u021bi-l Imediat. Ce se creeaz\u0103 Marijuana (cunoscut\u0103 \u0219i ca canabinoizi sintetici, K2 sau Spice)? Avem cea mai bun\u0103 selec\u021bie de t\u0103m\u00e2ie local\u0103 de pe web.<\/p>\n","protected":false},"excerpt":{"rendered":"<div class=\"woocommerce-product-details__short-description\">\n<p>Cump\u0103ra\u021bi spray-ul de t\u0103m\u00e2ie K2, un spray de t\u0103m\u00e2ie inodor \u0219i incolor. 25 ml sunt suficiente pentru a pulveriza o foaie de h\u00e2rtie A4 \u00eentreag\u0103. \u00cen plus, vindem h\u00e2rtie K2.<\/p>\n<p>k2 spray cu condimente diablo amazon, k2 spray en-gros, cel mai puternic spray k2 de v\u00e2nzare, spray legal high k2 de v\u00e2nzare, k2 spray de v\u00e2nzare online uk, t\u0103m\u00e2ie lichid\u0103 spray, h\u00e2rtie k2 ingrediente, k2 foi de h\u00e2rtie condimentat\u0103<\/p>\n<\/p><\/div>\n","protected":false},"featured_media":4783,"comment_status":"open","ping_status":"closed","template":"","meta":[],"product_brand":[],"product_cat":[690],"product_tag":[696,695,694,698,697,701,700,699],"class_list":{"0":"post-4768","1":"product","2":"type-product","3":"status-publish","4":"has-post-thumbnail","6":"product_cat-cumparati-hartie-k2","7":"product_tag-k2-spice-spray-diablo-amazon","8":"product_tag-k2-coli-de-hartie-condimente","9":"product_tag-k2-hartie-ingrediente","10":"product_tag-spray-legal-de-vnzare-cu-condimente","11":"product_tag-k2-spray-de-vnzare-online-uk","12":"product_tag-en-gros-k2-spray","13":"product_tag-strongest-k2-spray-for-sale","14":"product_tag-lichid-spray-tmie","16":"first","17":"instock","18":"shipping-taxable","19":"purchasable","20":"product-type-variable","21":"has-default-attributes"},"yoast_head":"<!-- This site is optimized with the Yoast SEO plugin v27.3 - https:\/\/yoast.com\/product\/yoast-seo-wordpress\/ -->\n<title>Cump\u0103ra\u021bi spray de t\u0103m\u00e2ie K2 online - Cele mai bune medicamente globale<\/title>\n<meta name=\"description\" content=\"Cump\u0103ra\u021bi spray de t\u0103m\u00e2ie K2, spray K2 inodor \u0219i incolor disponibil pentru v\u00e2nzare. Ave\u021bi nevoie de 25 ml pentru a pulveriza o coal\u0103 de h\u00e2rtie A4 \u00eentreag\u0103. Avem \u0219i h\u00e2rtie K2 de v\u00e2nzare.\" \/>\n<meta name=\"robots\" content=\"index, follow, max-snippet:-1, max-image-preview:large, max-video-preview:-1\" \/>\n<link rel=\"canonical\" href=\"https:\/\/medicinasinc.com\/ro\/product\/cumpara-k2-spray-tamaie\/\" \/>\n<meta property=\"og:locale\" content=\"en_US\" \/>\n<meta property=\"og:type\" content=\"article\" \/>\n<meta property=\"og:title\" content=\"Cump\u0103ra\u021bi spray de t\u0103m\u00e2ie K2 online - Cele mai bune medicamente globale\" \/>\n<meta property=\"og:description\" content=\"Cump\u0103ra\u021bi spray de t\u0103m\u00e2ie K2, spray K2 inodor \u0219i incolor disponibil pentru v\u00e2nzare. Ave\u021bi nevoie de 25 ml pentru a pulveriza o coal\u0103 de h\u00e2rtie A4 \u00eentreag\u0103. Avem \u0219i h\u00e2rtie K2 de v\u00e2nzare.\" \/>\n<meta property=\"og:url\" content=\"https:\/\/medicinasinc.com\/ro\/product\/cumpara-k2-spray-tamaie\/\" \/>\n<meta property=\"og:site_name\" content=\"Medicinas Inc\" \/>\n<meta property=\"article:modified_time\" content=\"2022-03-22T01:15:32+00:00\" \/>\n<meta property=\"og:image\" content=\"https:\/\/medicinasinc.com\/ro\/wp-content\/uploads\/sites\/11\/2022\/02\/Buy-K2-Incense-Spray.png\" \/>\n\t<meta property=\"og:image:width\" content=\"873\" \/>\n\t<meta property=\"og:image:height\" content=\"433\" \/>\n\t<meta property=\"og:image:type\" content=\"image\/png\" \/>\n<meta name=\"twitter:card\" content=\"summary_large_image\" \/>\n<meta name=\"twitter:label1\" content=\"Est. reading time\" \/>\n\t<meta name=\"twitter:data1\" content=\"3 minutes\" \/>\n<script type=\"application\/ld+json\" class=\"yoast-schema-graph\">{\"@context\":\"https:\\\/\\\/schema.org\",\"@graph\":[{\"@type\":\"WebPage\",\"@id\":\"https:\\\/\\\/medicinasinc.com\\\/ro\\\/product\\\/cumpara-k2-spray-tamaie\\\/\",\"url\":\"https:\\\/\\\/medicinasinc.com\\\/ro\\\/product\\\/cumpara-k2-spray-tamaie\\\/\",\"name\":\"Cump\u0103ra\u021bi spray de t\u0103m\u00e2ie K2 online - Cele mai bune medicamente globale\",\"isPartOf\":{\"@id\":\"https:\\\/\\\/medicinasinc.com\\\/ro\\\/#website\"},\"primaryImageOfPage\":{\"@id\":\"https:\\\/\\\/medicinasinc.com\\\/ro\\\/product\\\/cumpara-k2-spray-tamaie\\\/#primaryimage\"},\"image\":{\"@id\":\"https:\\\/\\\/medicinasinc.com\\\/ro\\\/product\\\/cumpara-k2-spray-tamaie\\\/#primaryimage\"},\"thumbnailUrl\":\"https:\\\/\\\/medicinasinc.com\\\/ro\\\/wp-content\\\/uploads\\\/sites\\\/11\\\/2022\\\/02\\\/Buy-K2-Incense-Spray.png\",\"datePublished\":\"2022-02-20T15:46:58+00:00\",\"dateModified\":\"2022-03-22T01:15:32+00:00\",\"description\":\"Cump\u0103ra\u021bi spray de t\u0103m\u00e2ie K2, spray K2 inodor \u0219i incolor disponibil pentru v\u00e2nzare. Ave\u021bi nevoie de 25 ml pentru a pulveriza o coal\u0103 de h\u00e2rtie A4 \u00eentreag\u0103. Avem \u0219i h\u00e2rtie K2 de v\u00e2nzare.\",\"breadcrumb\":{\"@id\":\"https:\\\/\\\/medicinasinc.com\\\/ro\\\/product\\\/cumpara-k2-spray-tamaie\\\/#breadcrumb\"},\"inLanguage\":\"en-US\",\"potentialAction\":[{\"@type\":\"ReadAction\",\"target\":[\"https:\\\/\\\/medicinasinc.com\\\/ro\\\/product\\\/cumpara-k2-spray-tamaie\\\/\"]}]},{\"@type\":\"ImageObject\",\"inLanguage\":\"en-US\",\"@id\":\"https:\\\/\\\/medicinasinc.com\\\/ro\\\/product\\\/cumpara-k2-spray-tamaie\\\/#primaryimage\",\"url\":\"https:\\\/\\\/medicinasinc.com\\\/ro\\\/wp-content\\\/uploads\\\/sites\\\/11\\\/2022\\\/02\\\/Buy-K2-Incense-Spray.png\",\"contentUrl\":\"https:\\\/\\\/medicinasinc.com\\\/ro\\\/wp-content\\\/uploads\\\/sites\\\/11\\\/2022\\\/02\\\/Buy-K2-Incense-Spray.png\",\"width\":873,\"height\":433},{\"@type\":\"BreadcrumbList\",\"@id\":\"https:\\\/\\\/medicinasinc.com\\\/ro\\\/product\\\/cumpara-k2-spray-tamaie\\\/#breadcrumb\",\"itemListElement\":[{\"@type\":\"ListItem\",\"position\":1,\"name\":\"Magazin\",\"item\":\"https:\\\/\\\/medicinasinc.com\\\/ro\\\/magazin\\\/\"},{\"@type\":\"ListItem\",\"position\":2,\"name\":\"Cump\u0103ra\u021bi spray de t\u0103m\u00e2ie K2\"}]},{\"@type\":\"WebSite\",\"@id\":\"https:\\\/\\\/medicinasinc.com\\\/ro\\\/#website\",\"url\":\"https:\\\/\\\/medicinasinc.com\\\/ro\\\/\",\"name\":\"Medicinas Inc\",\"description\":\"Health Medical Clinic\",\"potentialAction\":[{\"@type\":\"SearchAction\",\"target\":{\"@type\":\"EntryPoint\",\"urlTemplate\":\"https:\\\/\\\/medicinasinc.com\\\/ro\\\/?s={search_term_string}\"},\"query-input\":{\"@type\":\"PropertyValueSpecification\",\"valueRequired\":true,\"valueName\":\"search_term_string\"}}],\"inLanguage\":\"en-US\"}]}<\/script>\n<!-- \/ Yoast SEO plugin. -->","yoast_head_json":{"title":"Cump\u0103ra\u021bi spray de t\u0103m\u00e2ie K2 online - Cele mai bune medicamente globale","description":"Cump\u0103ra\u021bi spray de t\u0103m\u00e2ie K2, spray K2 inodor \u0219i incolor disponibil pentru v\u00e2nzare. Ave\u021bi nevoie de 25 ml pentru a pulveriza o coal\u0103 de h\u00e2rtie A4 \u00eentreag\u0103. Avem \u0219i h\u00e2rtie K2 de v\u00e2nzare.","robots":{"index":"index","follow":"follow","max-snippet":"max-snippet:-1","max-image-preview":"max-image-preview:large","max-video-preview":"max-video-preview:-1"},"canonical":"https:\/\/medicinasinc.com\/ro\/product\/cumpara-k2-spray-tamaie\/","og_locale":"en_US","og_type":"article","og_title":"Cump\u0103ra\u021bi spray de t\u0103m\u00e2ie K2 online - Cele mai bune medicamente globale","og_description":"Cump\u0103ra\u021bi spray de t\u0103m\u00e2ie K2, spray K2 inodor \u0219i incolor disponibil pentru v\u00e2nzare. Ave\u021bi nevoie de 25 ml pentru a pulveriza o coal\u0103 de h\u00e2rtie A4 \u00eentreag\u0103. Avem \u0219i h\u00e2rtie K2 de v\u00e2nzare.","og_url":"https:\/\/medicinasinc.com\/ro\/product\/cumpara-k2-spray-tamaie\/","og_site_name":"Medicinas Inc","article_modified_time":"2022-03-22T01:15:32+00:00","og_image":[{"width":873,"height":433,"url":"https:\/\/medicinasinc.com\/ro\/wp-content\/uploads\/sites\/11\/2022\/02\/Buy-K2-Incense-Spray.png","type":"image\/png"}],"twitter_card":"summary_large_image","twitter_misc":{"Est. reading time":"3 minutes"},"schema":{"@context":"https:\/\/schema.org","@graph":[{"@type":"WebPage","@id":"https:\/\/medicinasinc.com\/ro\/product\/cumpara-k2-spray-tamaie\/","url":"https:\/\/medicinasinc.com\/ro\/product\/cumpara-k2-spray-tamaie\/","name":"Cump\u0103ra\u021bi spray de t\u0103m\u00e2ie K2 online - Cele mai bune medicamente globale","isPartOf":{"@id":"https:\/\/medicinasinc.com\/ro\/#website"},"primaryImageOfPage":{"@id":"https:\/\/medicinasinc.com\/ro\/product\/cumpara-k2-spray-tamaie\/#primaryimage"},"image":{"@id":"https:\/\/medicinasinc.com\/ro\/product\/cumpara-k2-spray-tamaie\/#primaryimage"},"thumbnailUrl":"https:\/\/medicinasinc.com\/ro\/wp-content\/uploads\/sites\/11\/2022\/02\/Buy-K2-Incense-Spray.png","datePublished":"2022-02-20T15:46:58+00:00","dateModified":"2022-03-22T01:15:32+00:00","description":"Cump\u0103ra\u021bi spray de t\u0103m\u00e2ie K2, spray K2 inodor \u0219i incolor disponibil pentru v\u00e2nzare. Ave\u021bi nevoie de 25 ml pentru a pulveriza o coal\u0103 de h\u00e2rtie A4 \u00eentreag\u0103. Avem \u0219i h\u00e2rtie K2 de v\u00e2nzare.","breadcrumb":{"@id":"https:\/\/medicinasinc.com\/ro\/product\/cumpara-k2-spray-tamaie\/#breadcrumb"},"inLanguage":"en-US","potentialAction":[{"@type":"ReadAction","target":["https:\/\/medicinasinc.com\/ro\/product\/cumpara-k2-spray-tamaie\/"]}]},{"@type":"ImageObject","inLanguage":"en-US","@id":"https:\/\/medicinasinc.com\/ro\/product\/cumpara-k2-spray-tamaie\/#primaryimage","url":"https:\/\/medicinasinc.com\/ro\/wp-content\/uploads\/sites\/11\/2022\/02\/Buy-K2-Incense-Spray.png","contentUrl":"https:\/\/medicinasinc.com\/ro\/wp-content\/uploads\/sites\/11\/2022\/02\/Buy-K2-Incense-Spray.png","width":873,"height":433},{"@type":"BreadcrumbList","@id":"https:\/\/medicinasinc.com\/ro\/product\/cumpara-k2-spray-tamaie\/#breadcrumb","itemListElement":[{"@type":"ListItem","position":1,"name":"Magazin","item":"https:\/\/medicinasinc.com\/ro\/magazin\/"},{"@type":"ListItem","position":2,"name":"Cump\u0103ra\u021bi spray de t\u0103m\u00e2ie K2"}]},{"@type":"WebSite","@id":"https:\/\/medicinasinc.com\/ro\/#website","url":"https:\/\/medicinasinc.com\/ro\/","name":"Medicinas Inc","description":"Health Medical Clinic","potentialAction":[{"@type":"SearchAction","target":{"@type":"EntryPoint","urlTemplate":"https:\/\/medicinasinc.com\/ro\/?s={search_term_string}"},"query-input":{"@type":"PropertyValueSpecification","valueRequired":true,"valueName":"search_term_string"}}],"inLanguage":"en-US"}]}},"_links":{"self":[{"href":"https:\/\/medicinasinc.com\/ro\/wp-json\/wp\/v2\/product\/4768","targetHints":{"allow":["GET"]}}],"collection":[{"href":"https:\/\/medicinasinc.com\/ro\/wp-json\/wp\/v2\/product"}],"about":[{"href":"https:\/\/medicinasinc.com\/ro\/wp-json\/wp\/v2\/types\/product"}],"replies":[{"embeddable":true,"href":"https:\/\/medicinasinc.com\/ro\/wp-json\/wp\/v2\/comments?post=4768"}],"wp:featuredmedia":[{"embeddable":true,"href":"https:\/\/medicinasinc.com\/ro\/wp-json\/wp\/v2\/media\/4783"}],"wp:attachment":[{"href":"https:\/\/medicinasinc.com\/ro\/wp-json\/wp\/v2\/media?parent=4768"}],"wp:term":[{"taxonomy":"product_brand","embeddable":true,"href":"https:\/\/medicinasinc.com\/ro\/wp-json\/wp\/v2\/product_brand?post=4768"},{"taxonomy":"product_cat","embeddable":true,"href":"https:\/\/medicinasinc.com\/ro\/wp-json\/wp\/v2\/product_cat?post=4768"},{"taxonomy":"product_tag","embeddable":true,"href":"https:\/\/medicinasinc.com\/ro\/wp-json\/wp\/v2\/product_tag?post=4768"}],"curies":[{"name":"wp","href":"https:\/\/api.w.org\/{rel}","templated":true}]}}