{"id":4767,"date":"2022-02-20T15:46:01","date_gmt":"2022-02-20T15:46:01","guid":{"rendered":"https:\/\/medicinasinc.com\/ro\/?post_type=product&#038;p=4767"},"modified":"2022-03-22T01:15:44","modified_gmt":"2022-03-22T01:15:44","slug":"cumpara-k2-hartie","status":"publish","type":"product","link":"https:\/\/medicinasinc.com\/ro\/product\/cumpara-k2-hartie\/","title":{"rendered":"Cump\u0103ra\u021bi h\u00e2rtie K2"},"content":{"rendered":"<p>Ob\u021bine\u021bi coli de h\u00e2rtie K2 la pre\u021b redus, livrate direct la u\u0219a dvs.<\/p>\n<p>Marijuana sintetic\u0103 c\u00e2\u0219tig\u0103 rapid popularitate \u00een r\u00e2ndul consumatorilor de marijuana. H\u00e2rtia infuzat\u0103 K2 este un amestec de materiale vegetale m\u0103run\u021bite \u0219i substan\u021be chimice sintetice cu propriet\u0103\u021bi psihedelice. Potrivit cercet\u0103rilor, substan\u021bele chimice se leag\u0103 de aceia\u0219i receptori ai celulelor nervoase din creier ca \u0219i THC, provoc\u00e2nd sentimente de bun\u0103stare, relaxare, percep\u021bie alterat\u0103 \u0219i psihoz\u0103. Dac\u0103 sunte\u021bi \u00een c\u0103utarea unui magazin online de renume pentru a cump\u0103ra un produs de \u00eenalt\u0103 calitate, nu c\u0103uta\u021bi mai departe de magazinul nostru online de renume. Pentru a asigura siguran\u021ba clien\u021bilor no\u0219tri, ne aprovizion\u0103m inventarul de la produc\u0103tori de renume. \u00cencerca\u021bi-ne; v\u0103 garant\u0103m c\u0103 nu ve\u021bi fi dezam\u0103gi\u021bi.<\/p>\n<p>Canabinoizii sunt compu\u0219i chimici g\u0103si\u021bi \u00een mod natural \u00een plantele de marijuana \u0219i servesc drept baz\u0103 pentru o varietate de droguri sintetice. Din punct de vedere chimic, h\u00e2rtia de buruieni sintetice K2 este legat\u0103 de ingredientul activ din marijuana. Efectele sunt mai intense, iar la \u00eencheierea unei \u0219edin\u021be te po\u021bi sim\u021bi relaxat \u0219i ridicat. Pe m\u0103sur\u0103 ce mai mul\u021bi oameni devin con\u0219tien\u021bi de adev\u0103ratele beneficii ale marijuanei, acest produs este folosit ca o alternativ\u0103 sigur\u0103 pentru o varietate de scopuri medicale \u0219i recreative. Cu toate acestea, trebuie s\u0103 fi\u021bi precaut, deoarece consumul excesiv poate duce la reac\u021bii adverse precum anxietate, halucina\u021bii, hipertensiune arterial\u0103, dureri \u00een piept, dificult\u0103\u021bi de respira\u021bie, convulsii \u0219i v\u0103rs\u0103turi. Anumite produse de condimente K2 de pe pia\u021b\u0103 pot con\u021bine \u0219i ingrediente toxice. Prin urmare, este esen\u021bial s\u0103 achizi\u021biona\u021bi de la un furnizor de renume.<\/p>\n<p>Dori\u021bi s\u0103 cump\u0103ra\u021bi produse pe baz\u0103 de plante de cea mai \u00eenalt\u0103 calitate? Cu o baz\u0103 global\u0103 de clien\u021bi, v\u0103 oferim o oportunitate excelent\u0103 de a cump\u0103ra h\u00e2rtie K2 online la pre\u021buri competitive. Al\u0103turi de cea mai mare selec\u021bie, oferim metode de plat\u0103 sigure \u0219i livrare discret\u0103. Nu sunte\u021bi obligat s\u0103 vizita\u021bi magazinele universale sau locurile de odihn\u0103 din apropiere. Scopul companiei este de a \u00eembun\u0103t\u0103\u021bi continuu calitatea produselor \u0219i serviciul pentru clien\u021bi pentru a r\u0103m\u00e2ne \u00een fruntea concuren\u021bei. Prima noastr\u0103 prioritate este satisfac\u021bia dvs. \u0219i avem o echip\u0103 cu experien\u021b\u0103 la \u00eendem\u00e2n\u0103 care se ocup\u0103 de orice sughi\u021b. V\u0103 rug\u0103m s\u0103 nu ezita\u021bi s\u0103 ne contacta\u021bi dac\u0103 ave\u021bi \u00eentreb\u0103ri sau nel\u0103muriri.<\/p>\n","protected":false},"excerpt":{"rendered":"<div class=\"woocommerce-product-details__short-description\">\n<p>Fiecare foaie A4 este infuzat\u0103 cu\u00a0<em><strong>25 ml=0,845351 oz fluid<\/strong><\/em>\u00a0de K2 lichid. <strong>Inodor \u0219i incolor<\/strong>\u00a0H\u00e2rtie K2 de v\u00e2nzare. <strong>Avem \u0219i K2 Spray de v\u00e2nzare<\/strong><\/p>\n<\/p><\/div>\n","protected":false},"featured_media":4781,"comment_status":"open","ping_status":"closed","template":"","meta":[],"product_brand":[],"product_cat":[690],"product_tag":[691,693,692],"class_list":{"0":"post-4767","1":"product","2":"type-product","3":"status-publish","4":"has-post-thumbnail","6":"product_cat-cumparati-hartie-k2","7":"product_tag-buy-k2-paper-online-uk","8":"product_tag-cumpr-k2-coal-de-hrtie","9":"product_tag-cumpr-k2-hrtie","11":"first","12":"instock","13":"shipping-taxable","14":"purchasable","15":"product-type-variable","16":"has-default-attributes"},"yoast_head":"<!-- This site is optimized with the Yoast SEO plugin v27.3 - https:\/\/yoast.com\/product\/yoast-seo-wordpress\/ -->\n<title>Cump\u0103ra\u021bi h\u00e2rtie K2 online - Best Best Global Meds<\/title>\n<meta name=\"description\" content=\"Cump\u0103ra\u021bi h\u00e2rtie K2 online la pre\u021buri ieftine Fiecare foaie A4 este infuzat\u0103 cu 25 ml=0,845351 oz lichid de K2 lichid. V\u00e2nd h\u00e2rtie K2 inodor\u0103 \u0219i incolor\u0103. Avem \u0219i K2 Spray de v\u00e2nzare\" \/>\n<meta name=\"robots\" content=\"index, follow, max-snippet:-1, max-image-preview:large, max-video-preview:-1\" \/>\n<link rel=\"canonical\" href=\"https:\/\/medicinasinc.com\/ro\/product\/cumpara-k2-hartie\/\" \/>\n<meta property=\"og:locale\" content=\"en_US\" \/>\n<meta property=\"og:type\" content=\"article\" \/>\n<meta property=\"og:title\" content=\"Cump\u0103ra\u021bi h\u00e2rtie K2 online - Best Best Global Meds\" \/>\n<meta property=\"og:description\" content=\"Cump\u0103ra\u021bi h\u00e2rtie K2 online la pre\u021buri ieftine Fiecare foaie A4 este infuzat\u0103 cu 25 ml=0,845351 oz lichid de K2 lichid. V\u00e2nd h\u00e2rtie K2 inodor\u0103 \u0219i incolor\u0103. Avem \u0219i K2 Spray de v\u00e2nzare\" \/>\n<meta property=\"og:url\" content=\"https:\/\/medicinasinc.com\/ro\/product\/cumpara-k2-hartie\/\" \/>\n<meta property=\"og:site_name\" content=\"Medicinas Inc\" \/>\n<meta property=\"article:modified_time\" content=\"2022-03-22T01:15:44+00:00\" \/>\n<meta property=\"og:image\" content=\"https:\/\/medicinasinc.com\/ro\/wp-content\/uploads\/sites\/11\/2022\/02\/Buy-K2-paper-online.jpg\" \/>\n\t<meta property=\"og:image:width\" content=\"600\" \/>\n\t<meta property=\"og:image:height\" content=\"600\" \/>\n\t<meta property=\"og:image:type\" content=\"image\/jpeg\" \/>\n<meta name=\"twitter:card\" content=\"summary_large_image\" \/>\n<meta name=\"twitter:label1\" content=\"Est. reading time\" \/>\n\t<meta name=\"twitter:data1\" content=\"2 minutes\" \/>\n<script type=\"application\/ld+json\" class=\"yoast-schema-graph\">{\"@context\":\"https:\\\/\\\/schema.org\",\"@graph\":[{\"@type\":\"WebPage\",\"@id\":\"https:\\\/\\\/medicinasinc.com\\\/ro\\\/product\\\/cumpara-k2-hartie\\\/\",\"url\":\"https:\\\/\\\/medicinasinc.com\\\/ro\\\/product\\\/cumpara-k2-hartie\\\/\",\"name\":\"Cump\u0103ra\u021bi h\u00e2rtie K2 online - Best Best Global Meds\",\"isPartOf\":{\"@id\":\"https:\\\/\\\/medicinasinc.com\\\/ro\\\/#website\"},\"primaryImageOfPage\":{\"@id\":\"https:\\\/\\\/medicinasinc.com\\\/ro\\\/product\\\/cumpara-k2-hartie\\\/#primaryimage\"},\"image\":{\"@id\":\"https:\\\/\\\/medicinasinc.com\\\/ro\\\/product\\\/cumpara-k2-hartie\\\/#primaryimage\"},\"thumbnailUrl\":\"https:\\\/\\\/medicinasinc.com\\\/ro\\\/wp-content\\\/uploads\\\/sites\\\/11\\\/2022\\\/02\\\/Buy-K2-paper-online.jpg\",\"datePublished\":\"2022-02-20T15:46:01+00:00\",\"dateModified\":\"2022-03-22T01:15:44+00:00\",\"description\":\"Cump\u0103ra\u021bi h\u00e2rtie K2 online la pre\u021buri ieftine Fiecare foaie A4 este infuzat\u0103 cu 25 ml=0,845351 oz lichid de K2 lichid. V\u00e2nd h\u00e2rtie K2 inodor\u0103 \u0219i incolor\u0103. Avem \u0219i K2 Spray de v\u00e2nzare\",\"breadcrumb\":{\"@id\":\"https:\\\/\\\/medicinasinc.com\\\/ro\\\/product\\\/cumpara-k2-hartie\\\/#breadcrumb\"},\"inLanguage\":\"en-US\",\"potentialAction\":[{\"@type\":\"ReadAction\",\"target\":[\"https:\\\/\\\/medicinasinc.com\\\/ro\\\/product\\\/cumpara-k2-hartie\\\/\"]}]},{\"@type\":\"ImageObject\",\"inLanguage\":\"en-US\",\"@id\":\"https:\\\/\\\/medicinasinc.com\\\/ro\\\/product\\\/cumpara-k2-hartie\\\/#primaryimage\",\"url\":\"https:\\\/\\\/medicinasinc.com\\\/ro\\\/wp-content\\\/uploads\\\/sites\\\/11\\\/2022\\\/02\\\/Buy-K2-paper-online.jpg\",\"contentUrl\":\"https:\\\/\\\/medicinasinc.com\\\/ro\\\/wp-content\\\/uploads\\\/sites\\\/11\\\/2022\\\/02\\\/Buy-K2-paper-online.jpg\",\"width\":600,\"height\":600},{\"@type\":\"BreadcrumbList\",\"@id\":\"https:\\\/\\\/medicinasinc.com\\\/ro\\\/product\\\/cumpara-k2-hartie\\\/#breadcrumb\",\"itemListElement\":[{\"@type\":\"ListItem\",\"position\":1,\"name\":\"Magazin\",\"item\":\"https:\\\/\\\/medicinasinc.com\\\/ro\\\/magazin\\\/\"},{\"@type\":\"ListItem\",\"position\":2,\"name\":\"Cump\u0103ra\u021bi h\u00e2rtie K2\"}]},{\"@type\":\"WebSite\",\"@id\":\"https:\\\/\\\/medicinasinc.com\\\/ro\\\/#website\",\"url\":\"https:\\\/\\\/medicinasinc.com\\\/ro\\\/\",\"name\":\"Medicinas Inc\",\"description\":\"Health Medical Clinic\",\"potentialAction\":[{\"@type\":\"SearchAction\",\"target\":{\"@type\":\"EntryPoint\",\"urlTemplate\":\"https:\\\/\\\/medicinasinc.com\\\/ro\\\/?s={search_term_string}\"},\"query-input\":{\"@type\":\"PropertyValueSpecification\",\"valueRequired\":true,\"valueName\":\"search_term_string\"}}],\"inLanguage\":\"en-US\"}]}<\/script>\n<!-- \/ Yoast SEO plugin. -->","yoast_head_json":{"title":"Cump\u0103ra\u021bi h\u00e2rtie K2 online - Best Best Global Meds","description":"Cump\u0103ra\u021bi h\u00e2rtie K2 online la pre\u021buri ieftine Fiecare foaie A4 este infuzat\u0103 cu 25 ml=0,845351 oz lichid de K2 lichid. V\u00e2nd h\u00e2rtie K2 inodor\u0103 \u0219i incolor\u0103. Avem \u0219i K2 Spray de v\u00e2nzare","robots":{"index":"index","follow":"follow","max-snippet":"max-snippet:-1","max-image-preview":"max-image-preview:large","max-video-preview":"max-video-preview:-1"},"canonical":"https:\/\/medicinasinc.com\/ro\/product\/cumpara-k2-hartie\/","og_locale":"en_US","og_type":"article","og_title":"Cump\u0103ra\u021bi h\u00e2rtie K2 online - Best Best Global Meds","og_description":"Cump\u0103ra\u021bi h\u00e2rtie K2 online la pre\u021buri ieftine Fiecare foaie A4 este infuzat\u0103 cu 25 ml=0,845351 oz lichid de K2 lichid. V\u00e2nd h\u00e2rtie K2 inodor\u0103 \u0219i incolor\u0103. Avem \u0219i K2 Spray de v\u00e2nzare","og_url":"https:\/\/medicinasinc.com\/ro\/product\/cumpara-k2-hartie\/","og_site_name":"Medicinas Inc","article_modified_time":"2022-03-22T01:15:44+00:00","og_image":[{"width":600,"height":600,"url":"https:\/\/medicinasinc.com\/ro\/wp-content\/uploads\/sites\/11\/2022\/02\/Buy-K2-paper-online.jpg","type":"image\/jpeg"}],"twitter_card":"summary_large_image","twitter_misc":{"Est. reading time":"2 minutes"},"schema":{"@context":"https:\/\/schema.org","@graph":[{"@type":"WebPage","@id":"https:\/\/medicinasinc.com\/ro\/product\/cumpara-k2-hartie\/","url":"https:\/\/medicinasinc.com\/ro\/product\/cumpara-k2-hartie\/","name":"Cump\u0103ra\u021bi h\u00e2rtie K2 online - Best Best Global Meds","isPartOf":{"@id":"https:\/\/medicinasinc.com\/ro\/#website"},"primaryImageOfPage":{"@id":"https:\/\/medicinasinc.com\/ro\/product\/cumpara-k2-hartie\/#primaryimage"},"image":{"@id":"https:\/\/medicinasinc.com\/ro\/product\/cumpara-k2-hartie\/#primaryimage"},"thumbnailUrl":"https:\/\/medicinasinc.com\/ro\/wp-content\/uploads\/sites\/11\/2022\/02\/Buy-K2-paper-online.jpg","datePublished":"2022-02-20T15:46:01+00:00","dateModified":"2022-03-22T01:15:44+00:00","description":"Cump\u0103ra\u021bi h\u00e2rtie K2 online la pre\u021buri ieftine Fiecare foaie A4 este infuzat\u0103 cu 25 ml=0,845351 oz lichid de K2 lichid. V\u00e2nd h\u00e2rtie K2 inodor\u0103 \u0219i incolor\u0103. Avem \u0219i K2 Spray de v\u00e2nzare","breadcrumb":{"@id":"https:\/\/medicinasinc.com\/ro\/product\/cumpara-k2-hartie\/#breadcrumb"},"inLanguage":"en-US","potentialAction":[{"@type":"ReadAction","target":["https:\/\/medicinasinc.com\/ro\/product\/cumpara-k2-hartie\/"]}]},{"@type":"ImageObject","inLanguage":"en-US","@id":"https:\/\/medicinasinc.com\/ro\/product\/cumpara-k2-hartie\/#primaryimage","url":"https:\/\/medicinasinc.com\/ro\/wp-content\/uploads\/sites\/11\/2022\/02\/Buy-K2-paper-online.jpg","contentUrl":"https:\/\/medicinasinc.com\/ro\/wp-content\/uploads\/sites\/11\/2022\/02\/Buy-K2-paper-online.jpg","width":600,"height":600},{"@type":"BreadcrumbList","@id":"https:\/\/medicinasinc.com\/ro\/product\/cumpara-k2-hartie\/#breadcrumb","itemListElement":[{"@type":"ListItem","position":1,"name":"Magazin","item":"https:\/\/medicinasinc.com\/ro\/magazin\/"},{"@type":"ListItem","position":2,"name":"Cump\u0103ra\u021bi h\u00e2rtie K2"}]},{"@type":"WebSite","@id":"https:\/\/medicinasinc.com\/ro\/#website","url":"https:\/\/medicinasinc.com\/ro\/","name":"Medicinas Inc","description":"Health Medical Clinic","potentialAction":[{"@type":"SearchAction","target":{"@type":"EntryPoint","urlTemplate":"https:\/\/medicinasinc.com\/ro\/?s={search_term_string}"},"query-input":{"@type":"PropertyValueSpecification","valueRequired":true,"valueName":"search_term_string"}}],"inLanguage":"en-US"}]}},"_links":{"self":[{"href":"https:\/\/medicinasinc.com\/ro\/wp-json\/wp\/v2\/product\/4767","targetHints":{"allow":["GET"]}}],"collection":[{"href":"https:\/\/medicinasinc.com\/ro\/wp-json\/wp\/v2\/product"}],"about":[{"href":"https:\/\/medicinasinc.com\/ro\/wp-json\/wp\/v2\/types\/product"}],"replies":[{"embeddable":true,"href":"https:\/\/medicinasinc.com\/ro\/wp-json\/wp\/v2\/comments?post=4767"}],"wp:featuredmedia":[{"embeddable":true,"href":"https:\/\/medicinasinc.com\/ro\/wp-json\/wp\/v2\/media\/4781"}],"wp:attachment":[{"href":"https:\/\/medicinasinc.com\/ro\/wp-json\/wp\/v2\/media?parent=4767"}],"wp:term":[{"taxonomy":"product_brand","embeddable":true,"href":"https:\/\/medicinasinc.com\/ro\/wp-json\/wp\/v2\/product_brand?post=4767"},{"taxonomy":"product_cat","embeddable":true,"href":"https:\/\/medicinasinc.com\/ro\/wp-json\/wp\/v2\/product_cat?post=4767"},{"taxonomy":"product_tag","embeddable":true,"href":"https:\/\/medicinasinc.com\/ro\/wp-json\/wp\/v2\/product_tag?post=4767"}],"curies":[{"name":"wp","href":"https:\/\/api.w.org\/{rel}","templated":true}]}}