{"id":4761,"date":"2022-02-20T15:41:01","date_gmt":"2022-02-20T15:41:01","guid":{"rendered":"https:\/\/medicinasinc.com\/ro\/?post_type=product&#038;p=4761"},"modified":"2022-03-22T01:15:54","modified_gmt":"2022-03-22T01:15:54","slug":"cumpara-acru-diesel-cbd-floare-de-canepa-online","status":"publish","type":"product","link":"https:\/\/medicinasinc.com\/ro\/product\/cumpara-acru-diesel-cbd-floare-de-canepa-online\/","title":{"rendered":"Cump\u0103ra\u021bi online floare de c\u00e2nep\u0103 CBD Sour Diesel"},"content":{"rendered":"<div class=\"woocommerce-tabs wc-tabs-wrapper\">\n<div id=\"tab-description\" class=\"woocommerce-Tabs-panel woocommerce-Tabs-panel--panoul descriere intrare-con\u021binut wc-tab\" aria-labelledby=\"tab-title-description\">\n<p>Sour Diesel este un soi legendar care descend din dou\u0103 clasice. Combin\u0103 am\u0103r\u0103ciunea cople\u0219itoare a benzinei cu furnic\u0103turile de citrice acri\u0219oare. Planta emblematic\u0103 a produs o multitudine de tulpini, datorit\u0103 geneticii sale superioare \u0219i efectelor distincte, care o fac favorit\u0103 printre fermierii care doresc s\u0103 cultive urm\u0103torul lucru important al industriei de c\u00e2nep\u0103.<\/p>\n<p>Tulpina Sour Diesel ac\u021bioneaz\u0103 rapid. \u0219i foarte puternic, oferind efecte care v\u0103 pot cople\u0219i sistemul cu beneficiile esen\u021biale ale unei tulpini sativa. Adic\u0103, posibilitatea unei st\u0103ri de veghe puternic\u0103, spectaculoas\u0103, care ridic\u0103 corpul, care poate promova energia, productivitatea, motiva\u021bia \u0219i creativitatea.<\/p>\n<p>&nbsp;<\/p>\n<p>Istoria Sour Diesel<\/p>\n<p>Sour Diesel este adesea considerat\u0103 una dintre cele mai esen\u021biale tulpini de c\u00e2nep\u0103 disponibile. Orice cunosc\u0103tor de c\u00e2nep\u0103 v\u0103 va spune c\u0103 Sour Diesel este o \u00eencercare obligatorie pentru oricine pretinde c\u0103 pre\u021buie\u0219te beneficiile plantei. \u00cen cea mai mare parte, popularitatea tulpinii provine din reputa\u021bia p\u0103rin\u021bilor s\u0103i \u2013 Chemdog 91 \u0219i Super Skunk. Aceste legende despre c\u00e2nep\u0103 au ridicat reputa\u021bia tulpinii Sour Diesel la noi culmi, dot\u00e2ndu-o cu o genetic\u0103 de neegalat, care a f\u0103cut ca descenden\u021bii tulpinii s\u0103 devin\u0103 succesul de c\u00e2nep\u0103 pe care \u00eel are ast\u0103zi.<\/p>\n<p>Chemdog 91 este o tulpin\u0103 enigmatic\u0103 despre care se crede c\u0103 \u0219i-au f\u0103cut debutul pe pia\u021b\u0103 \u00een 1991. Soiul neidentificat emite o arom\u0103 \u00een\u021bep\u0103toare, skunky \u00eempletit\u0103 cu note dure de benzin\u0103. Aceste caracteristici sunt proeminente \u00een planta Sour Diesel, cu profilul s\u0103u de arom\u0103 asem\u0103n\u0103tor cu cel al tulpinii Chemdog 91.<\/p>\n<p>Pe de alt\u0103 parte, Super Skunk este o tulpin\u0103 numit\u0103 din motive evidente. Soiul ultra-skunky produce un parfum (sau miros, \u00een func\u021bie de nivelul de toleran\u021b\u0103) care v\u0103 va scoate sim\u021burile olfactive din parc. \u00cen ciuda aromei jignitoare a tulpinii, ea ofer\u0103 o dulcea\u021b\u0103 delicat\u0103 \u0219i surprinz\u0103toare, care acoper\u0103 limba cu o bun\u0103tate de miere.<\/p>\n<p>&nbsp;<\/p>\n<p>Estetic\u0103 \u0219i arom\u0103<\/p>\n<p>Impresiile tale ini\u021biale despre tulpina Sour Diesel pot fi dezam\u0103gitoare. La urma urmei, este doar o f\u0103r\u00e2m\u0103 de verde, cu alte nuan\u021be verzui care curg \u00een interior pentru a crea o palet\u0103 monocromatic\u0103 de nuan\u021be ierboase. P\u0103rurile blonde de c\u0103p\u0219uni \u00eencurc\u0103 frunzele la exterior, cre\u00e2nd o re\u021bea de c\u00e2rcei galbeni care sunt \u00eempr\u0103\u0219tiate cu o acoperire geroas\u0103 de tricomi dulci. \u00cen afar\u0103 de asta, nu mai este nimic de remarcat despre soi. Cu toate acestea, ceea ce \u00eei lipse\u0219te \u00een culoare, \u00eel compenseaz\u0103 cu parfumul s\u0103u.<\/p>\n<p>Cu ambii p\u0103rin\u021bi exprim\u00e2nd parfumuri extrem de \u00een\u021bep\u0103toare, nu este surprinz\u0103tor c\u0103 Sour Diesel are o arom\u0103 at\u00e2t de ciudat\u0103. Tulpina cu miros ciudat \u00ee\u021bi atac\u0103 receptorii olfactivi ca un tren de marf\u0103 sconc. Ofensator \u0219i cople\u0219itor, unii utilizatori pretind c\u0103 detecteaz\u0103 note ascu\u021bite de br\u00e2nz\u0103 care se amestec\u0103 cu benzina pe deasupra aromei skunky pentru a crea o experien\u021b\u0103 de c\u00e2nep\u0103 de re\u021binut.<\/p>\n<p>&nbsp;<\/p>\n<p>Experien\u021be \u0219i consecin\u021be<\/p>\n<p>Pentru a \u00eencepe, Sour Diesel nu este o glum\u0103 c\u00e2nd vine vorba de arom\u0103. Fumul tulpinii con\u021bine o arom\u0103 extrem de puternic\u0103 care poate cople\u0219i cu u\u0219urin\u021b\u0103 \u00eencep\u0103torii \u0219i utilizatorii cu toleran\u021b\u0103 sc\u0103zut\u0103. Prin urmare, consider\u0103 c\u0103 acesta este un avertisment corect &#8211; Sour Diesel \u00ee\u021bi va sminti rahat, \u00eencep\u00e2nd cu felul \u00een care are gustul. Pentru a spune simplu, tulpina produce o arom\u0103 aproape identic\u0103 cu mirosul s\u0103u. Adic\u0103, o cantitate mare de mofet\u0103 combinat\u0103 cu lovituri puternice de benzin\u0103.<\/p>\n<p>\u00centre valurile irezistibile de arom\u0103 \u00een\u021bep\u0103toare, valuri de citrice acre sparg mofeta. Notele delicate adaug\u0103 suficient\u0103 pl\u0103cere experien\u021bei, transform\u00e2nd-o \u00eentr-o \u00eent\u00e2lnire cu arome cu adev\u0103rat dinamic\u0103 \u0219i interesant\u0103.<\/p>\n<p>Un alt aspect care contribuie la alura lui Sour Diesel este efectul imediat. Efectele apar \u00een c\u00e2teva minute dup\u0103 inhalare, oferind efecte de \u00eenclinare a sativa care stimuleaz\u0103 sim\u021burile \u0219i treze\u0219te-\u021bi vigoarea. \u00cen multe privin\u021be, se poate spune c\u0103 tulpina v\u0103 ajut\u0103 s\u0103 v\u0103 dep\u0103\u0219i\u021bi inhibi\u021biile, f\u0103c\u00e2ndu-v\u0103 s\u0103 v\u0103 sim\u021bi\u021bi mai \u00eendr\u0103zne\u021bi, mai \u00eendr\u0103zne\u021bi \u0219i mai \u00eencrez\u0103tori.<\/p>\n<p>Capacabil\u0103 s\u0103 atenueze disconforturile fizice \u0219i cognitive, tulpina Sour Diesel v\u0103 infuzeaz\u0103 sistemul cu energie suplimentar\u0103, oferindu-v\u0103 puterea \u0219i motiva\u021bia pentru a trece peste o zi de munc\u0103 \u0219i responsabilit\u0103\u021bi. Cu toate acestea, un cuv\u00e2nt de precau\u021bie &#8211; Sour Diesel nu este pentru cei slabi de inim\u0103. \u00cenainte de a consuma aceast\u0103 tulpin\u0103 monstruoas\u0103, asigura\u021bi-v\u0103 c\u0103 ave\u021bi toleran\u021b\u0103 pentru efectele sative puternice \u0219i aroma puternic\u0103.<\/p>\n<p>&nbsp;<\/p>\n<p>Plantare \u0219i procesare<\/p>\n<p> De\u0219i tulpina Sour Diesel este moderat dificil\u0103 pentru cultivatorii \u00eencep\u0103tori, genetica sa unic\u0103 o face o alegere excelent\u0103 pentru cei care caut\u0103 efecte puternice cu un efort minim. Tulpinile cu cerin\u021be de cre\u0219tere mai specializate sunt de obicei mult mai potrivite pentru extrac\u021bie, produc\u00e2nd concentrate cu spectru complet mai puternice pentru produse de c\u00e2nep\u0103 de calitate superioar\u0103. Astfel, \u00een ciuda dificult\u0103\u021bii sale moderate, Sour Diesel d\u0103 roade cu c\u00e2nepa suprem\u0103, care este ideal\u0103 pentru o varietate de procese post-recoltare.<\/p>\n<p>\u00cen aproximativ 11 s\u0103pt\u0103m\u00e2ni, d\u0103 sau ia o s\u0103pt\u0103m\u00e2n\u0103, florile Sour Diesel. Randamentul moderat este limitat la 3 uncii pe picior de \u00een\u0103l\u021bime a plantei. Cel mult, planta ta va atinge o \u00een\u0103l\u021bime de peste 7 picioare, f\u0103c\u00e2nd-o pu\u021bin mai \u00eenalt\u0103 dec\u00e2t majoritatea celorlalte soiuri.<\/p>\n<p>Datorit\u0103 cerin\u021belor de spa\u021biu ale plantei, cultivarea ei \u00een aer liber poate fi ideal\u0103, mai ales dac\u0103&#8221; lucrezi cu spa\u021biu limitat. Cu toate acestea, condi\u021biile interioare pot fi favorabile pentru Sour Diesel, at\u00e2ta timp c\u00e2t se asigur\u0103 c\u0103ldur\u0103, lumin\u0103 \u0219i umiditate sc\u0103zut\u0103 adecvate. Supliment\u00e2nd cu nutrien\u021bi boga\u021bi \u00een fosfor spre sf\u00e2r\u0219itul perioadei de cre\u0219tere a plantei \u0219i \u00eencet\u00e2nd udarea cu aproximativ trei zile \u00eenainte de recoltare, ar trebui s\u0103 ob\u021bine\u021bi un miros \u00een\u021bep\u0103tor, \u00een\u021bep\u0103tor \u0219i un strat dens de tricom pentru o c\u0103l\u0103torie excelent\u0103.<\/p>\n<p>&nbsp;<\/p>\n<p>Cui este conceput\u0103?<\/p>\n<p>Datorit\u0103 aromei intense \u0219i efectelor monstruoase ale Sour Diesel, nu toat\u0103 lumea se va bucura de experien\u021ba pe care o ofer\u0103. Utilizatorii cu toleran\u021b\u0103 sc\u0103zut\u0103 \u0219i \u00eencep\u0103torii pot fi cople\u0219i\u021bi nu numai de gustul incredibil, ci \u0219i de efectele cople\u0219itoare, care pot provoca anxietate \u0219i agita\u021bie la unii.<\/p>\n<p>Cu toate acestea, Sour Diesel r\u0103m\u00e2ne o tulpin\u0103 legendar\u0103 pentru veterani \u0219i puri\u0219ti. care apreciaz\u0103 c\u00e2nepa puternic\u0103. Pentru cei cu mai mult\u0103 experien\u021b\u0103, senza\u021bia zgomot\u0103toare a fluxului de energie f\u0103r\u0103 precedent care curge prin sistemul lor le poate oferi puterea, motiva\u021bia \u0219i mentalitatea necesare pentru a \u00eendeplini responsabilit\u0103\u021bile de o zi \u2013 \u0219i multe altele.<\/p>\n<\/p><\/div><\/div>\n<section class=\"produse conexe\">\n<h2><\/h2>\n<\/section>\n<div class=\"product-next-previous\">\n<div class=\"product-prev\"><\/div><\/div>\n","protected":false},"excerpt":{"rendered":"<div class=\"woocommerce-product-details__short-description\">\n<p>Cump\u0103ra\u021bi floare Sour Diesel CBD de v\u00e2nzare \u00een Marea Britanie, Europa este o tulpin\u0103 energizant\u0103 cu dominan\u021b\u0103 Sativa care v\u0103 va ajuta s\u0103 r\u0103m\u00e2ne\u021bi concentrat, productiv \u0219i echilibrat pe tot parcursul zi.<\/p>\n<\/p><\/div>\n","protected":false},"featured_media":4775,"comment_status":"open","ping_status":"closed","template":"","meta":[],"product_brand":[],"product_cat":[689],"product_tag":[],"class_list":{"0":"post-4761","1":"product","2":"type-product","3":"status-publish","4":"has-post-thumbnail","6":"product_cat-cumparati-floare-de-canepa","8":"first","9":"instock","10":"shipping-taxable","11":"purchasable","12":"product-type-variable","13":"has-default-attributes"},"yoast_head":"<!-- This site is optimized with the Yoast SEO plugin v27.3 - https:\/\/yoast.com\/product\/yoast-seo-wordpress\/ -->\n<title>Cump\u0103ra\u021bi online floare de c\u00e2nep\u0103 CBD Sour Diesel - Cele mai bune medicamente globale<\/title>\n<meta name=\"description\" content=\"Cump\u0103ra\u021bi Floarea Sour Diesel CBD UK, Europe este o tulpin\u0103 energizant\u0103 cu dominan\u021b\u0103 Sativa, care v\u0103 va ajuta s\u0103 r\u0103m\u00e2ne\u021bi concentrat, productiv \u0219i echilibrat pe tot parcursul zilei.\" \/>\n<meta name=\"robots\" content=\"index, follow, max-snippet:-1, max-image-preview:large, max-video-preview:-1\" \/>\n<link rel=\"canonical\" href=\"https:\/\/medicinasinc.com\/ro\/product\/cumpara-acru-diesel-cbd-floare-de-canepa-online\/\" \/>\n<meta property=\"og:locale\" content=\"en_US\" \/>\n<meta property=\"og:type\" content=\"article\" \/>\n<meta property=\"og:title\" content=\"Cump\u0103ra\u021bi online floare de c\u00e2nep\u0103 CBD Sour Diesel - Cele mai bune medicamente globale\" \/>\n<meta property=\"og:description\" content=\"Cump\u0103ra\u021bi Floarea Sour Diesel CBD UK, Europe este o tulpin\u0103 energizant\u0103 cu dominan\u021b\u0103 Sativa, care v\u0103 va ajuta s\u0103 r\u0103m\u00e2ne\u021bi concentrat, productiv \u0219i echilibrat pe tot parcursul zilei.\" \/>\n<meta property=\"og:url\" content=\"https:\/\/medicinasinc.com\/ro\/product\/cumpara-acru-diesel-cbd-floare-de-canepa-online\/\" \/>\n<meta property=\"og:site_name\" content=\"Medicinas Inc\" \/>\n<meta property=\"article:modified_time\" content=\"2022-03-22T01:15:54+00:00\" \/>\n<meta property=\"og:image\" content=\"https:\/\/medicinasinc.com\/ro\/wp-content\/uploads\/sites\/11\/2022\/02\/Buy-Sour-Diesel-CBD-Hemp-Flower-Online.jpg\" \/>\n\t<meta property=\"og:image:width\" content=\"600\" \/>\n\t<meta property=\"og:image:height\" content=\"600\" \/>\n\t<meta property=\"og:image:type\" content=\"image\/jpeg\" \/>\n<meta name=\"twitter:card\" content=\"summary_large_image\" \/>\n<meta name=\"twitter:label1\" content=\"Est. reading time\" \/>\n\t<meta name=\"twitter:data1\" content=\"5 minutes\" \/>\n<script type=\"application\/ld+json\" class=\"yoast-schema-graph\">{\"@context\":\"https:\\\/\\\/schema.org\",\"@graph\":[{\"@type\":\"WebPage\",\"@id\":\"https:\\\/\\\/medicinasinc.com\\\/ro\\\/product\\\/cumpara-acru-diesel-cbd-floare-de-canepa-online\\\/\",\"url\":\"https:\\\/\\\/medicinasinc.com\\\/ro\\\/product\\\/cumpara-acru-diesel-cbd-floare-de-canepa-online\\\/\",\"name\":\"Cump\u0103ra\u021bi online floare de c\u00e2nep\u0103 CBD Sour Diesel - Cele mai bune medicamente globale\",\"isPartOf\":{\"@id\":\"https:\\\/\\\/medicinasinc.com\\\/ro\\\/#website\"},\"primaryImageOfPage\":{\"@id\":\"https:\\\/\\\/medicinasinc.com\\\/ro\\\/product\\\/cumpara-acru-diesel-cbd-floare-de-canepa-online\\\/#primaryimage\"},\"image\":{\"@id\":\"https:\\\/\\\/medicinasinc.com\\\/ro\\\/product\\\/cumpara-acru-diesel-cbd-floare-de-canepa-online\\\/#primaryimage\"},\"thumbnailUrl\":\"https:\\\/\\\/medicinasinc.com\\\/ro\\\/wp-content\\\/uploads\\\/sites\\\/11\\\/2022\\\/02\\\/Buy-Sour-Diesel-CBD-Hemp-Flower-Online.jpg\",\"datePublished\":\"2022-02-20T15:41:01+00:00\",\"dateModified\":\"2022-03-22T01:15:54+00:00\",\"description\":\"Cump\u0103ra\u021bi Floarea Sour Diesel CBD UK, Europe este o tulpin\u0103 energizant\u0103 cu dominan\u021b\u0103 Sativa, care v\u0103 va ajuta s\u0103 r\u0103m\u00e2ne\u021bi concentrat, productiv \u0219i echilibrat pe tot parcursul zilei.\",\"breadcrumb\":{\"@id\":\"https:\\\/\\\/medicinasinc.com\\\/ro\\\/product\\\/cumpara-acru-diesel-cbd-floare-de-canepa-online\\\/#breadcrumb\"},\"inLanguage\":\"en-US\",\"potentialAction\":[{\"@type\":\"ReadAction\",\"target\":[\"https:\\\/\\\/medicinasinc.com\\\/ro\\\/product\\\/cumpara-acru-diesel-cbd-floare-de-canepa-online\\\/\"]}]},{\"@type\":\"ImageObject\",\"inLanguage\":\"en-US\",\"@id\":\"https:\\\/\\\/medicinasinc.com\\\/ro\\\/product\\\/cumpara-acru-diesel-cbd-floare-de-canepa-online\\\/#primaryimage\",\"url\":\"https:\\\/\\\/medicinasinc.com\\\/ro\\\/wp-content\\\/uploads\\\/sites\\\/11\\\/2022\\\/02\\\/Buy-Sour-Diesel-CBD-Hemp-Flower-Online.jpg\",\"contentUrl\":\"https:\\\/\\\/medicinasinc.com\\\/ro\\\/wp-content\\\/uploads\\\/sites\\\/11\\\/2022\\\/02\\\/Buy-Sour-Diesel-CBD-Hemp-Flower-Online.jpg\",\"width\":600,\"height\":600},{\"@type\":\"BreadcrumbList\",\"@id\":\"https:\\\/\\\/medicinasinc.com\\\/ro\\\/product\\\/cumpara-acru-diesel-cbd-floare-de-canepa-online\\\/#breadcrumb\",\"itemListElement\":[{\"@type\":\"ListItem\",\"position\":1,\"name\":\"Magazin\",\"item\":\"https:\\\/\\\/medicinasinc.com\\\/ro\\\/magazin\\\/\"},{\"@type\":\"ListItem\",\"position\":2,\"name\":\"Cump\u0103ra\u021bi online floare de c\u00e2nep\u0103 CBD Sour Diesel\"}]},{\"@type\":\"WebSite\",\"@id\":\"https:\\\/\\\/medicinasinc.com\\\/ro\\\/#website\",\"url\":\"https:\\\/\\\/medicinasinc.com\\\/ro\\\/\",\"name\":\"Medicinas Inc\",\"description\":\"Health Medical Clinic\",\"potentialAction\":[{\"@type\":\"SearchAction\",\"target\":{\"@type\":\"EntryPoint\",\"urlTemplate\":\"https:\\\/\\\/medicinasinc.com\\\/ro\\\/?s={search_term_string}\"},\"query-input\":{\"@type\":\"PropertyValueSpecification\",\"valueRequired\":true,\"valueName\":\"search_term_string\"}}],\"inLanguage\":\"en-US\"}]}<\/script>\n<!-- \/ Yoast SEO plugin. -->","yoast_head_json":{"title":"Cump\u0103ra\u021bi online floare de c\u00e2nep\u0103 CBD Sour Diesel - Cele mai bune medicamente globale","description":"Cump\u0103ra\u021bi Floarea Sour Diesel CBD UK, Europe este o tulpin\u0103 energizant\u0103 cu dominan\u021b\u0103 Sativa, care v\u0103 va ajuta s\u0103 r\u0103m\u00e2ne\u021bi concentrat, productiv \u0219i echilibrat pe tot parcursul zilei.","robots":{"index":"index","follow":"follow","max-snippet":"max-snippet:-1","max-image-preview":"max-image-preview:large","max-video-preview":"max-video-preview:-1"},"canonical":"https:\/\/medicinasinc.com\/ro\/product\/cumpara-acru-diesel-cbd-floare-de-canepa-online\/","og_locale":"en_US","og_type":"article","og_title":"Cump\u0103ra\u021bi online floare de c\u00e2nep\u0103 CBD Sour Diesel - Cele mai bune medicamente globale","og_description":"Cump\u0103ra\u021bi Floarea Sour Diesel CBD UK, Europe este o tulpin\u0103 energizant\u0103 cu dominan\u021b\u0103 Sativa, care v\u0103 va ajuta s\u0103 r\u0103m\u00e2ne\u021bi concentrat, productiv \u0219i echilibrat pe tot parcursul zilei.","og_url":"https:\/\/medicinasinc.com\/ro\/product\/cumpara-acru-diesel-cbd-floare-de-canepa-online\/","og_site_name":"Medicinas Inc","article_modified_time":"2022-03-22T01:15:54+00:00","og_image":[{"width":600,"height":600,"url":"https:\/\/medicinasinc.com\/ro\/wp-content\/uploads\/sites\/11\/2022\/02\/Buy-Sour-Diesel-CBD-Hemp-Flower-Online.jpg","type":"image\/jpeg"}],"twitter_card":"summary_large_image","twitter_misc":{"Est. reading time":"5 minutes"},"schema":{"@context":"https:\/\/schema.org","@graph":[{"@type":"WebPage","@id":"https:\/\/medicinasinc.com\/ro\/product\/cumpara-acru-diesel-cbd-floare-de-canepa-online\/","url":"https:\/\/medicinasinc.com\/ro\/product\/cumpara-acru-diesel-cbd-floare-de-canepa-online\/","name":"Cump\u0103ra\u021bi online floare de c\u00e2nep\u0103 CBD Sour Diesel - Cele mai bune medicamente globale","isPartOf":{"@id":"https:\/\/medicinasinc.com\/ro\/#website"},"primaryImageOfPage":{"@id":"https:\/\/medicinasinc.com\/ro\/product\/cumpara-acru-diesel-cbd-floare-de-canepa-online\/#primaryimage"},"image":{"@id":"https:\/\/medicinasinc.com\/ro\/product\/cumpara-acru-diesel-cbd-floare-de-canepa-online\/#primaryimage"},"thumbnailUrl":"https:\/\/medicinasinc.com\/ro\/wp-content\/uploads\/sites\/11\/2022\/02\/Buy-Sour-Diesel-CBD-Hemp-Flower-Online.jpg","datePublished":"2022-02-20T15:41:01+00:00","dateModified":"2022-03-22T01:15:54+00:00","description":"Cump\u0103ra\u021bi Floarea Sour Diesel CBD UK, Europe este o tulpin\u0103 energizant\u0103 cu dominan\u021b\u0103 Sativa, care v\u0103 va ajuta s\u0103 r\u0103m\u00e2ne\u021bi concentrat, productiv \u0219i echilibrat pe tot parcursul zilei.","breadcrumb":{"@id":"https:\/\/medicinasinc.com\/ro\/product\/cumpara-acru-diesel-cbd-floare-de-canepa-online\/#breadcrumb"},"inLanguage":"en-US","potentialAction":[{"@type":"ReadAction","target":["https:\/\/medicinasinc.com\/ro\/product\/cumpara-acru-diesel-cbd-floare-de-canepa-online\/"]}]},{"@type":"ImageObject","inLanguage":"en-US","@id":"https:\/\/medicinasinc.com\/ro\/product\/cumpara-acru-diesel-cbd-floare-de-canepa-online\/#primaryimage","url":"https:\/\/medicinasinc.com\/ro\/wp-content\/uploads\/sites\/11\/2022\/02\/Buy-Sour-Diesel-CBD-Hemp-Flower-Online.jpg","contentUrl":"https:\/\/medicinasinc.com\/ro\/wp-content\/uploads\/sites\/11\/2022\/02\/Buy-Sour-Diesel-CBD-Hemp-Flower-Online.jpg","width":600,"height":600},{"@type":"BreadcrumbList","@id":"https:\/\/medicinasinc.com\/ro\/product\/cumpara-acru-diesel-cbd-floare-de-canepa-online\/#breadcrumb","itemListElement":[{"@type":"ListItem","position":1,"name":"Magazin","item":"https:\/\/medicinasinc.com\/ro\/magazin\/"},{"@type":"ListItem","position":2,"name":"Cump\u0103ra\u021bi online floare de c\u00e2nep\u0103 CBD Sour Diesel"}]},{"@type":"WebSite","@id":"https:\/\/medicinasinc.com\/ro\/#website","url":"https:\/\/medicinasinc.com\/ro\/","name":"Medicinas Inc","description":"Health Medical Clinic","potentialAction":[{"@type":"SearchAction","target":{"@type":"EntryPoint","urlTemplate":"https:\/\/medicinasinc.com\/ro\/?s={search_term_string}"},"query-input":{"@type":"PropertyValueSpecification","valueRequired":true,"valueName":"search_term_string"}}],"inLanguage":"en-US"}]}},"_links":{"self":[{"href":"https:\/\/medicinasinc.com\/ro\/wp-json\/wp\/v2\/product\/4761","targetHints":{"allow":["GET"]}}],"collection":[{"href":"https:\/\/medicinasinc.com\/ro\/wp-json\/wp\/v2\/product"}],"about":[{"href":"https:\/\/medicinasinc.com\/ro\/wp-json\/wp\/v2\/types\/product"}],"replies":[{"embeddable":true,"href":"https:\/\/medicinasinc.com\/ro\/wp-json\/wp\/v2\/comments?post=4761"}],"wp:featuredmedia":[{"embeddable":true,"href":"https:\/\/medicinasinc.com\/ro\/wp-json\/wp\/v2\/media\/4775"}],"wp:attachment":[{"href":"https:\/\/medicinasinc.com\/ro\/wp-json\/wp\/v2\/media?parent=4761"}],"wp:term":[{"taxonomy":"product_brand","embeddable":true,"href":"https:\/\/medicinasinc.com\/ro\/wp-json\/wp\/v2\/product_brand?post=4761"},{"taxonomy":"product_cat","embeddable":true,"href":"https:\/\/medicinasinc.com\/ro\/wp-json\/wp\/v2\/product_cat?post=4761"},{"taxonomy":"product_tag","embeddable":true,"href":"https:\/\/medicinasinc.com\/ro\/wp-json\/wp\/v2\/product_tag?post=4761"}],"curies":[{"name":"wp","href":"https:\/\/api.w.org\/{rel}","templated":true}]}}