{"id":4759,"date":"2022-02-20T15:39:59","date_gmt":"2022-02-20T15:39:59","guid":{"rendered":"https:\/\/medicinasinc.com\/ro\/?post_type=product&#038;p=4759"},"modified":"2022-03-22T01:16:02","modified_gmt":"2022-03-22T01:16:02","slug":"cumpara-suzy-q-cbd-floare-de-canepa","status":"publish","type":"product","link":"https:\/\/medicinasinc.com\/ro\/product\/cumpara-suzy-q-cbd-floare-de-canepa\/","title":{"rendered":"Cump\u0103ra\u021bi floare de c\u00e2nep\u0103 CBD Suzy Q"},"content":{"rendered":"<p>Suzy Q este o tulpin\u0103 dens\u0103 medie, verde m\u0103sline, cu fire de p\u0103r de culoare chihlimbar \u00eenchis. Este recomandat pasiona\u021bilor de canabis care caut\u0103 un efect de \u00een\u0103l\u021bare. Aroma robust\u0103 a acestei tulpini este caracterizat\u0103 de note lemnoase \u0219i o not\u0103 de condiment. Suzy Q este binecunoscut\u0103 pentru aroma sa dulce, p\u0103m\u00e2ntoas\u0103 \u0219i pentru profilul terpenic al pinului, terpenelor picante.<\/p>\n<p>Hibridul uniform echilibrat con\u021bine 50% sativa (o tulpin\u0103 mai stimulatoare) \u0219i 50% indica (o tulpin\u0103 mai relaxant\u0103). tulpina), rezult\u00e2nd un efect sinergic. Datorit\u0103 con\u021binutului s\u0103u relativ ridicat de CBD, este o alegere excelent\u0103 pentru cei care caut\u0103 o experien\u021b\u0103 lini\u0219titoare. Este considerat\u0103 una dintre cele mai calmante tulpini disponibile.<\/p>\n<p>Suzy Q con\u021bine o concentra\u021bie mare de CBD \u0219i doar o urm\u0103 de THC, cu mult sub limita legal\u0103 pentru c\u00e2nep\u0103. Acest raport indic\u0103 faptul c\u0103 ar trebui s\u0103 anticipa\u021bi o experien\u021b\u0103 u\u0219or \u00een\u0103l\u021b\u0103toare.<\/p>\n<p>Asigurarea calit\u0103\u021bii florilor de c\u00e2nep\u0103 de la ferm\u0103 p\u00e2n\u0103 la v\u00e2nzare<\/p>\n<p>Florile de c\u00e2nep\u0103 Suzy Q sunt cultivate \u00eentr-o ferm\u0103 pitoreasc\u0103 de 100 de acri \u00een nordul Californiei. Climatul idilic din nordul Californiei creeaz\u0103 iluzia unei veri nesf\u00e2r\u0219ite, iar acele zile uscate \u0219i luminoase au ca rezultat recolte extraordinare de flori superbe, f\u0103r\u0103 mucegai sau mucegai.<\/p>\n<p>Ferma noastr\u0103 este certificat\u0103 organic, ceea ce \u00eenseamn\u0103 c\u0103 nu exist\u0103 produse chimice. se folosesc ingrasaminte sau pesticide. Avem mare grij\u0103 s\u0103 asigur\u0103m permacultur\u0103 adecvat\u0103 &#8211; cultivarea unui ecosistem agricol auto-sus\u021binut \u0219i autosuficient. O modalitate prin care facem acest lucru este prin hrana de top, care oblig\u0103 r\u0103d\u0103cinile s\u0103 lucreze mai mult pentru a promova un mediu de sol s\u0103n\u0103tos, favorabil cre\u0219terii plantelor.<\/p>\n<p>Odat\u0103 ce plantele noastre de c\u00e2nep\u0103 \u00ee\u0219i ating \u00eentregul poten\u021bial, acestea sunt ag\u0103\u021bate cu susul p\u00e2n\u0103 la uscare, apoi se usuc\u0103 \u0219i se tund manual. Canabisul este o plant\u0103 extrem de delicat\u0103. Chiar \u0219i erori minore \u00een timpul cultiv\u0103rii sau recolt\u0103rii pot degrada rapid calitatea mugurilor. Cerem transparen\u021b\u0103 complet\u0103 \u0219i control al calit\u0103\u021bii&#8230; \u0219i ar trebui \u0219i tu. Nimic mai pu\u021bin este necesar pentru florile de c\u00e2nep\u0103.<\/p>\n<p>Floarea noastr\u0103 de c\u00e2nep\u0103 CBD a fost supus\u0103 unor teste independente<\/p>\n<p>Fiecare cultur\u0103 este testat\u0103 pentru puritate \u0219i poten\u021b\u0103 la un certificat AHCA, \u00eenregistrat de DEA, acreditat ISO 17025. -laborator independent acreditat \u0219i acreditat CLIA. Testarea complet\u0103 examineaz\u0103 urm\u0103toarele:<\/p>\n<p>CDB, THC \u0219i poten\u021ba altor canabinoizi.<br \/> Metale lourde (plumb, mercur, arsenic, cadmiu).<br \/> Bacteriile precum E. coli, precum \u0219i al\u021bi agen\u021bi patogeni<br \/> Contaminan\u021bi precum micotoxinele.<\/p>\n<p>Fiecare comand\u0103 vine cu un Certificat de analiz\u0103, asigur\u00e2ndu-v\u0103 c\u0103 \u0219ti\u021bi \u00eentotdeauna cu exactitate ce ob\u021bine\u021bi atunci c\u00e2nd cump\u0103ra\u021bi Crescent Flower .<\/p>\n","protected":false},"excerpt":{"rendered":"<p>Suzy Q CBD Floare de c\u00e2nep\u0103 Floare de c\u00e2nep\u0103 cu spectru complet &#8211; Cump\u0103ra\u021bi Suzy Q CBD Hemp Flower Floare de c\u00e2nep\u0103 cu spectru complet. Suzy Q este o tulpin\u0103 cu con\u021binut ridicat de CBD \u0219i cu con\u021binut sc\u0103zut de THC, cu arom\u0103 de pin, care ajut\u0103 la tratarea simptomelor, produc\u00e2nd \u00een acela\u0219i timp pu\u021bin\u0103 sau deloc euforie.<\/p>\n<p>Suzy Q este o tulpin\u0103 cu con\u021binut ridicat de CBD \u0219i cu con\u021binut sc\u0103zut de THC, cu o arom\u0103 de pin care ajut\u0103 la tratarea simptomelor cu efect psihoactiv pu\u021bin sau deloc. Aceasta este o tulpin\u0103 excelent\u0103 de ad\u0103ugat la familia CBD.<br \/> Cbd: 15%\u201317%<\/p>\n<p>0,2% thc<\/p>\n","protected":false},"featured_media":4773,"comment_status":"open","ping_status":"closed","template":"","meta":[],"product_brand":[],"product_cat":[689],"product_tag":[],"class_list":{"0":"post-4759","1":"product","2":"type-product","3":"status-publish","4":"has-post-thumbnail","6":"product_cat-cumparati-floare-de-canepa","8":"first","9":"instock","10":"shipping-taxable","11":"purchasable","12":"product-type-variable","13":"has-default-attributes"},"yoast_head":"<!-- This site is optimized with the Yoast SEO plugin v27.3 - https:\/\/yoast.com\/product\/yoast-seo-wordpress\/ -->\n<title>Cump\u0103ra\u021bi floare de c\u00e2nep\u0103 CBD Suzy Q - Cele mai bune medicamente globale<\/title>\n<meta name=\"description\" content=\"Cump\u0103ra\u021bi Suzy Q CBD Hemp Flower Floare de c\u00e2nep\u0103 cu spectru complet. Suzy Q este o tulpin\u0103 cu con\u021binut ridicat de CBD \u0219i cu con\u021binut sc\u0103zut de THC, cu gust de pin, care ajut\u0103 la tratarea simptomelor cu pu\u021bin sau deloc euforic.\" \/>\n<meta name=\"robots\" content=\"index, follow, max-snippet:-1, max-image-preview:large, max-video-preview:-1\" \/>\n<link rel=\"canonical\" href=\"https:\/\/medicinasinc.com\/ro\/product\/cumpara-suzy-q-cbd-floare-de-canepa\/\" \/>\n<meta property=\"og:locale\" content=\"en_US\" \/>\n<meta property=\"og:type\" content=\"article\" \/>\n<meta property=\"og:title\" content=\"Cump\u0103ra\u021bi floare de c\u00e2nep\u0103 CBD Suzy Q - Cele mai bune medicamente globale\" \/>\n<meta property=\"og:description\" content=\"Cump\u0103ra\u021bi Suzy Q CBD Hemp Flower Floare de c\u00e2nep\u0103 cu spectru complet. Suzy Q este o tulpin\u0103 cu con\u021binut ridicat de CBD \u0219i cu con\u021binut sc\u0103zut de THC, cu gust de pin, care ajut\u0103 la tratarea simptomelor cu pu\u021bin sau deloc euforic.\" \/>\n<meta property=\"og:url\" content=\"https:\/\/medicinasinc.com\/ro\/product\/cumpara-suzy-q-cbd-floare-de-canepa\/\" \/>\n<meta property=\"og:site_name\" content=\"Medicinas Inc\" \/>\n<meta property=\"article:modified_time\" content=\"2022-03-22T01:16:02+00:00\" \/>\n<meta property=\"og:image\" content=\"https:\/\/medicinasinc.com\/ro\/wp-content\/uploads\/sites\/11\/2022\/02\/Buy-Suzy-Q-CBD-Hemp-Flower-Online.jpg\" \/>\n\t<meta property=\"og:image:width\" content=\"600\" \/>\n\t<meta property=\"og:image:height\" content=\"600\" \/>\n\t<meta property=\"og:image:type\" content=\"image\/jpeg\" \/>\n<meta name=\"twitter:card\" content=\"summary_large_image\" \/>\n<meta name=\"twitter:label1\" content=\"Est. reading time\" \/>\n\t<meta name=\"twitter:data1\" content=\"2 minutes\" \/>\n<script type=\"application\/ld+json\" class=\"yoast-schema-graph\">{\"@context\":\"https:\\\/\\\/schema.org\",\"@graph\":[{\"@type\":\"WebPage\",\"@id\":\"https:\\\/\\\/medicinasinc.com\\\/ro\\\/product\\\/cumpara-suzy-q-cbd-floare-de-canepa\\\/\",\"url\":\"https:\\\/\\\/medicinasinc.com\\\/ro\\\/product\\\/cumpara-suzy-q-cbd-floare-de-canepa\\\/\",\"name\":\"Cump\u0103ra\u021bi floare de c\u00e2nep\u0103 CBD Suzy Q - Cele mai bune medicamente globale\",\"isPartOf\":{\"@id\":\"https:\\\/\\\/medicinasinc.com\\\/ro\\\/#website\"},\"primaryImageOfPage\":{\"@id\":\"https:\\\/\\\/medicinasinc.com\\\/ro\\\/product\\\/cumpara-suzy-q-cbd-floare-de-canepa\\\/#primaryimage\"},\"image\":{\"@id\":\"https:\\\/\\\/medicinasinc.com\\\/ro\\\/product\\\/cumpara-suzy-q-cbd-floare-de-canepa\\\/#primaryimage\"},\"thumbnailUrl\":\"https:\\\/\\\/medicinasinc.com\\\/ro\\\/wp-content\\\/uploads\\\/sites\\\/11\\\/2022\\\/02\\\/Buy-Suzy-Q-CBD-Hemp-Flower-Online.jpg\",\"datePublished\":\"2022-02-20T15:39:59+00:00\",\"dateModified\":\"2022-03-22T01:16:02+00:00\",\"description\":\"Cump\u0103ra\u021bi Suzy Q CBD Hemp Flower Floare de c\u00e2nep\u0103 cu spectru complet. Suzy Q este o tulpin\u0103 cu con\u021binut ridicat de CBD \u0219i cu con\u021binut sc\u0103zut de THC, cu gust de pin, care ajut\u0103 la tratarea simptomelor cu pu\u021bin sau deloc euforic.\",\"breadcrumb\":{\"@id\":\"https:\\\/\\\/medicinasinc.com\\\/ro\\\/product\\\/cumpara-suzy-q-cbd-floare-de-canepa\\\/#breadcrumb\"},\"inLanguage\":\"en-US\",\"potentialAction\":[{\"@type\":\"ReadAction\",\"target\":[\"https:\\\/\\\/medicinasinc.com\\\/ro\\\/product\\\/cumpara-suzy-q-cbd-floare-de-canepa\\\/\"]}]},{\"@type\":\"ImageObject\",\"inLanguage\":\"en-US\",\"@id\":\"https:\\\/\\\/medicinasinc.com\\\/ro\\\/product\\\/cumpara-suzy-q-cbd-floare-de-canepa\\\/#primaryimage\",\"url\":\"https:\\\/\\\/medicinasinc.com\\\/ro\\\/wp-content\\\/uploads\\\/sites\\\/11\\\/2022\\\/02\\\/Buy-Suzy-Q-CBD-Hemp-Flower-Online.jpg\",\"contentUrl\":\"https:\\\/\\\/medicinasinc.com\\\/ro\\\/wp-content\\\/uploads\\\/sites\\\/11\\\/2022\\\/02\\\/Buy-Suzy-Q-CBD-Hemp-Flower-Online.jpg\",\"width\":600,\"height\":600},{\"@type\":\"BreadcrumbList\",\"@id\":\"https:\\\/\\\/medicinasinc.com\\\/ro\\\/product\\\/cumpara-suzy-q-cbd-floare-de-canepa\\\/#breadcrumb\",\"itemListElement\":[{\"@type\":\"ListItem\",\"position\":1,\"name\":\"Magazin\",\"item\":\"https:\\\/\\\/medicinasinc.com\\\/ro\\\/magazin\\\/\"},{\"@type\":\"ListItem\",\"position\":2,\"name\":\"Cump\u0103ra\u021bi floare de c\u00e2nep\u0103 CBD Suzy Q\"}]},{\"@type\":\"WebSite\",\"@id\":\"https:\\\/\\\/medicinasinc.com\\\/ro\\\/#website\",\"url\":\"https:\\\/\\\/medicinasinc.com\\\/ro\\\/\",\"name\":\"Medicinas Inc\",\"description\":\"Health Medical Clinic\",\"potentialAction\":[{\"@type\":\"SearchAction\",\"target\":{\"@type\":\"EntryPoint\",\"urlTemplate\":\"https:\\\/\\\/medicinasinc.com\\\/ro\\\/?s={search_term_string}\"},\"query-input\":{\"@type\":\"PropertyValueSpecification\",\"valueRequired\":true,\"valueName\":\"search_term_string\"}}],\"inLanguage\":\"en-US\"}]}<\/script>\n<!-- \/ Yoast SEO plugin. -->","yoast_head_json":{"title":"Cump\u0103ra\u021bi floare de c\u00e2nep\u0103 CBD Suzy Q - Cele mai bune medicamente globale","description":"Cump\u0103ra\u021bi Suzy Q CBD Hemp Flower Floare de c\u00e2nep\u0103 cu spectru complet. Suzy Q este o tulpin\u0103 cu con\u021binut ridicat de CBD \u0219i cu con\u021binut sc\u0103zut de THC, cu gust de pin, care ajut\u0103 la tratarea simptomelor cu pu\u021bin sau deloc euforic.","robots":{"index":"index","follow":"follow","max-snippet":"max-snippet:-1","max-image-preview":"max-image-preview:large","max-video-preview":"max-video-preview:-1"},"canonical":"https:\/\/medicinasinc.com\/ro\/product\/cumpara-suzy-q-cbd-floare-de-canepa\/","og_locale":"en_US","og_type":"article","og_title":"Cump\u0103ra\u021bi floare de c\u00e2nep\u0103 CBD Suzy Q - Cele mai bune medicamente globale","og_description":"Cump\u0103ra\u021bi Suzy Q CBD Hemp Flower Floare de c\u00e2nep\u0103 cu spectru complet. Suzy Q este o tulpin\u0103 cu con\u021binut ridicat de CBD \u0219i cu con\u021binut sc\u0103zut de THC, cu gust de pin, care ajut\u0103 la tratarea simptomelor cu pu\u021bin sau deloc euforic.","og_url":"https:\/\/medicinasinc.com\/ro\/product\/cumpara-suzy-q-cbd-floare-de-canepa\/","og_site_name":"Medicinas Inc","article_modified_time":"2022-03-22T01:16:02+00:00","og_image":[{"width":600,"height":600,"url":"https:\/\/medicinasinc.com\/ro\/wp-content\/uploads\/sites\/11\/2022\/02\/Buy-Suzy-Q-CBD-Hemp-Flower-Online.jpg","type":"image\/jpeg"}],"twitter_card":"summary_large_image","twitter_misc":{"Est. reading time":"2 minutes"},"schema":{"@context":"https:\/\/schema.org","@graph":[{"@type":"WebPage","@id":"https:\/\/medicinasinc.com\/ro\/product\/cumpara-suzy-q-cbd-floare-de-canepa\/","url":"https:\/\/medicinasinc.com\/ro\/product\/cumpara-suzy-q-cbd-floare-de-canepa\/","name":"Cump\u0103ra\u021bi floare de c\u00e2nep\u0103 CBD Suzy Q - Cele mai bune medicamente globale","isPartOf":{"@id":"https:\/\/medicinasinc.com\/ro\/#website"},"primaryImageOfPage":{"@id":"https:\/\/medicinasinc.com\/ro\/product\/cumpara-suzy-q-cbd-floare-de-canepa\/#primaryimage"},"image":{"@id":"https:\/\/medicinasinc.com\/ro\/product\/cumpara-suzy-q-cbd-floare-de-canepa\/#primaryimage"},"thumbnailUrl":"https:\/\/medicinasinc.com\/ro\/wp-content\/uploads\/sites\/11\/2022\/02\/Buy-Suzy-Q-CBD-Hemp-Flower-Online.jpg","datePublished":"2022-02-20T15:39:59+00:00","dateModified":"2022-03-22T01:16:02+00:00","description":"Cump\u0103ra\u021bi Suzy Q CBD Hemp Flower Floare de c\u00e2nep\u0103 cu spectru complet. Suzy Q este o tulpin\u0103 cu con\u021binut ridicat de CBD \u0219i cu con\u021binut sc\u0103zut de THC, cu gust de pin, care ajut\u0103 la tratarea simptomelor cu pu\u021bin sau deloc euforic.","breadcrumb":{"@id":"https:\/\/medicinasinc.com\/ro\/product\/cumpara-suzy-q-cbd-floare-de-canepa\/#breadcrumb"},"inLanguage":"en-US","potentialAction":[{"@type":"ReadAction","target":["https:\/\/medicinasinc.com\/ro\/product\/cumpara-suzy-q-cbd-floare-de-canepa\/"]}]},{"@type":"ImageObject","inLanguage":"en-US","@id":"https:\/\/medicinasinc.com\/ro\/product\/cumpara-suzy-q-cbd-floare-de-canepa\/#primaryimage","url":"https:\/\/medicinasinc.com\/ro\/wp-content\/uploads\/sites\/11\/2022\/02\/Buy-Suzy-Q-CBD-Hemp-Flower-Online.jpg","contentUrl":"https:\/\/medicinasinc.com\/ro\/wp-content\/uploads\/sites\/11\/2022\/02\/Buy-Suzy-Q-CBD-Hemp-Flower-Online.jpg","width":600,"height":600},{"@type":"BreadcrumbList","@id":"https:\/\/medicinasinc.com\/ro\/product\/cumpara-suzy-q-cbd-floare-de-canepa\/#breadcrumb","itemListElement":[{"@type":"ListItem","position":1,"name":"Magazin","item":"https:\/\/medicinasinc.com\/ro\/magazin\/"},{"@type":"ListItem","position":2,"name":"Cump\u0103ra\u021bi floare de c\u00e2nep\u0103 CBD Suzy Q"}]},{"@type":"WebSite","@id":"https:\/\/medicinasinc.com\/ro\/#website","url":"https:\/\/medicinasinc.com\/ro\/","name":"Medicinas Inc","description":"Health Medical Clinic","potentialAction":[{"@type":"SearchAction","target":{"@type":"EntryPoint","urlTemplate":"https:\/\/medicinasinc.com\/ro\/?s={search_term_string}"},"query-input":{"@type":"PropertyValueSpecification","valueRequired":true,"valueName":"search_term_string"}}],"inLanguage":"en-US"}]}},"_links":{"self":[{"href":"https:\/\/medicinasinc.com\/ro\/wp-json\/wp\/v2\/product\/4759","targetHints":{"allow":["GET"]}}],"collection":[{"href":"https:\/\/medicinasinc.com\/ro\/wp-json\/wp\/v2\/product"}],"about":[{"href":"https:\/\/medicinasinc.com\/ro\/wp-json\/wp\/v2\/types\/product"}],"replies":[{"embeddable":true,"href":"https:\/\/medicinasinc.com\/ro\/wp-json\/wp\/v2\/comments?post=4759"}],"wp:featuredmedia":[{"embeddable":true,"href":"https:\/\/medicinasinc.com\/ro\/wp-json\/wp\/v2\/media\/4773"}],"wp:attachment":[{"href":"https:\/\/medicinasinc.com\/ro\/wp-json\/wp\/v2\/media?parent=4759"}],"wp:term":[{"taxonomy":"product_brand","embeddable":true,"href":"https:\/\/medicinasinc.com\/ro\/wp-json\/wp\/v2\/product_brand?post=4759"},{"taxonomy":"product_cat","embeddable":true,"href":"https:\/\/medicinasinc.com\/ro\/wp-json\/wp\/v2\/product_cat?post=4759"},{"taxonomy":"product_tag","embeddable":true,"href":"https:\/\/medicinasinc.com\/ro\/wp-json\/wp\/v2\/product_tag?post=4759"}],"curies":[{"name":"wp","href":"https:\/\/api.w.org\/{rel}","templated":true}]}}