{"id":4748,"date":"2022-02-20T15:30:50","date_gmt":"2022-02-20T15:30:50","guid":{"rendered":"https:\/\/medicinasinc.com\/ro\/?post_type=product&#038;p=4748"},"modified":"2022-03-22T01:16:23","modified_gmt":"2022-03-22T01:16:23","slug":"cumpara-floare-de-canepa-pin-hawaian","status":"publish","type":"product","link":"https:\/\/medicinasinc.com\/ro\/product\/cumpara-floare-de-canepa-pin-hawaian\/","title":{"rendered":"Cump\u0103ra\u021bi floare de c\u00e2nep\u0103 de pin hawaian"},"content":{"rendered":"<div class=\"woocommerce-tabs wc-tabs-wrapper\">\n<div id=\"tab-description\" class=\"woocommerce-Tabs-panel woocommerce-Tabs-panel--panoul descriere intrare-con\u021binut wc-tab\" aria-labelledby=\"tab-title-description\">\n<p>Floare de c\u00e2nep\u0103 cu CBD de pin hawaiian<\/p>\n<p>Tulpina de flori de c\u00e2nep\u0103 Hawaiian Pine CBD con\u021bine mai pu\u021bin de 2% Delta 9 THC, care este limit\u0103 legal\u0103 de THC \u0219i, dac\u0103 este consumat\u0103 cu modera\u021bie, nu v\u0103 va face s\u0103 e\u0219ua\u021bi un test antidrog, dar nu oferim garan\u021bii.<\/p>\n<p>La Bud Chasers, acord\u0103m o prim\u0103 calitate \u0219i siguran\u021b\u0103, motiv pentru care fiecare lotul de flori CBD este testat \u0219i aprobat de Departamentul Agriculturii \u00eenainte de distribuire.<\/p>\n<p>Medicamentele bogate \u00een CBD pot ajuta la inflama\u021bii \u0219i convulsii, dar au pu\u021bine efecte psihoactive. Datorita continutului ridicat de alcool, va recomandam sa il asezati in partea laterala a gurii (pe obraz) si sa tineti 30-60 de secunde. Tinctura poate fi diluat\u0103 \u00een suc sau ceai, dar va dura mai mult pentru a-\u0219i face efectul.<\/p>\n<p>Floarea CBD de c\u00e2nep\u0103 de la Hawaiian Pine este acum disponibil\u0103.<\/p>\n<p>Achizi\u021biona\u021bi Floarea de c\u00e2nep\u0103 CBD de la Hawaiian Pine. Online chiar acum; \u00een plus, pute\u021bi plasa o comand\u0103 aici \u0219i pute\u021bi face o achizi\u021bie imediat\u0103.<\/p>\n<p>Floare CBD din pin Hawaiian<\/p>\n<\/p><\/div><\/div>\n","protected":false},"excerpt":{"rendered":"<div class=\"woocommerce-product-details__short-description\">\n<p>Cump\u0103ra\u021bi\u00a0floare de c\u00e2nep\u0103 CBD de pin hawaian online de pe bestglobalmeds.com. Cump\u0103ra\u021bi o varietate de produse legate de marijuana \u0219i multe altele. Livrarea este gratuit\u0103.<\/p>\n<p>Oferim flori superioare de c\u00e2nep\u0103 de pin Hawaiian CBD \u00een scopuri medicinale sau recreative.<\/p>\n<\/p><\/div>\n","protected":false},"featured_media":4760,"comment_status":"open","ping_status":"closed","template":"","meta":[],"product_brand":[],"product_cat":[689],"product_tag":[],"class_list":{"0":"post-4748","1":"product","2":"type-product","3":"status-publish","4":"has-post-thumbnail","6":"product_cat-cumparati-floare-de-canepa","8":"first","9":"instock","10":"shipping-taxable","11":"purchasable","12":"product-type-variable","13":"has-default-attributes"},"yoast_head":"<!-- This site is optimized with the Yoast SEO plugin v27.3 - https:\/\/yoast.com\/product\/yoast-seo-wordpress\/ -->\n<title>Cump\u0103ra\u021bi floare de c\u00e2nep\u0103 de pin hawaian - Cele mai bune medicamente globale<\/title>\n<meta name=\"description\" content=\"Cump\u0103ra\u021bi floare de c\u00e2nep\u0103 CBD de pin hawaian (1 Pound) online la bestglobalmeds.com. Cump\u0103ra\u021bi o selec\u021bie larg\u0103 de produse de marijuana \u0219i multe altele. Livrare gratuita.\" \/>\n<meta name=\"robots\" content=\"index, follow, max-snippet:-1, max-image-preview:large, max-video-preview:-1\" \/>\n<link rel=\"canonical\" href=\"https:\/\/medicinasinc.com\/ro\/product\/cumpara-floare-de-canepa-pin-hawaian\/\" \/>\n<meta property=\"og:locale\" content=\"en_US\" \/>\n<meta property=\"og:type\" content=\"article\" \/>\n<meta property=\"og:title\" content=\"Cump\u0103ra\u021bi floare de c\u00e2nep\u0103 de pin hawaian - Cele mai bune medicamente globale\" \/>\n<meta property=\"og:description\" content=\"Cump\u0103ra\u021bi floare de c\u00e2nep\u0103 CBD de pin hawaian (1 Pound) online la bestglobalmeds.com. Cump\u0103ra\u021bi o selec\u021bie larg\u0103 de produse de marijuana \u0219i multe altele. Livrare gratuita.\" \/>\n<meta property=\"og:url\" content=\"https:\/\/medicinasinc.com\/ro\/product\/cumpara-floare-de-canepa-pin-hawaian\/\" \/>\n<meta property=\"og:site_name\" content=\"Medicinas Inc\" \/>\n<meta property=\"article:modified_time\" content=\"2022-03-22T01:16:23+00:00\" \/>\n<meta property=\"og:image\" content=\"https:\/\/medicinasinc.com\/ro\/wp-content\/uploads\/sites\/11\/2022\/02\/Buy-Hawaiian-Pine-Hemp-Flower-Onlin.jpg\" \/>\n\t<meta property=\"og:image:width\" content=\"600\" \/>\n\t<meta property=\"og:image:height\" content=\"600\" \/>\n\t<meta property=\"og:image:type\" content=\"image\/jpeg\" \/>\n<meta name=\"twitter:card\" content=\"summary_large_image\" \/>\n<meta name=\"twitter:label1\" content=\"Est. reading time\" \/>\n\t<meta name=\"twitter:data1\" content=\"1 minute\" \/>\n<script type=\"application\/ld+json\" class=\"yoast-schema-graph\">{\"@context\":\"https:\\\/\\\/schema.org\",\"@graph\":[{\"@type\":\"WebPage\",\"@id\":\"https:\\\/\\\/medicinasinc.com\\\/ro\\\/product\\\/cumpara-floare-de-canepa-pin-hawaian\\\/\",\"url\":\"https:\\\/\\\/medicinasinc.com\\\/ro\\\/product\\\/cumpara-floare-de-canepa-pin-hawaian\\\/\",\"name\":\"Cump\u0103ra\u021bi floare de c\u00e2nep\u0103 de pin hawaian - Cele mai bune medicamente globale\",\"isPartOf\":{\"@id\":\"https:\\\/\\\/medicinasinc.com\\\/ro\\\/#website\"},\"primaryImageOfPage\":{\"@id\":\"https:\\\/\\\/medicinasinc.com\\\/ro\\\/product\\\/cumpara-floare-de-canepa-pin-hawaian\\\/#primaryimage\"},\"image\":{\"@id\":\"https:\\\/\\\/medicinasinc.com\\\/ro\\\/product\\\/cumpara-floare-de-canepa-pin-hawaian\\\/#primaryimage\"},\"thumbnailUrl\":\"https:\\\/\\\/medicinasinc.com\\\/ro\\\/wp-content\\\/uploads\\\/sites\\\/11\\\/2022\\\/02\\\/Buy-Hawaiian-Pine-Hemp-Flower-Onlin.jpg\",\"datePublished\":\"2022-02-20T15:30:50+00:00\",\"dateModified\":\"2022-03-22T01:16:23+00:00\",\"description\":\"Cump\u0103ra\u021bi floare de c\u00e2nep\u0103 CBD de pin hawaian (1 Pound) online la bestglobalmeds.com. Cump\u0103ra\u021bi o selec\u021bie larg\u0103 de produse de marijuana \u0219i multe altele. Livrare gratuita.\",\"breadcrumb\":{\"@id\":\"https:\\\/\\\/medicinasinc.com\\\/ro\\\/product\\\/cumpara-floare-de-canepa-pin-hawaian\\\/#breadcrumb\"},\"inLanguage\":\"en-US\",\"potentialAction\":[{\"@type\":\"ReadAction\",\"target\":[\"https:\\\/\\\/medicinasinc.com\\\/ro\\\/product\\\/cumpara-floare-de-canepa-pin-hawaian\\\/\"]}]},{\"@type\":\"ImageObject\",\"inLanguage\":\"en-US\",\"@id\":\"https:\\\/\\\/medicinasinc.com\\\/ro\\\/product\\\/cumpara-floare-de-canepa-pin-hawaian\\\/#primaryimage\",\"url\":\"https:\\\/\\\/medicinasinc.com\\\/ro\\\/wp-content\\\/uploads\\\/sites\\\/11\\\/2022\\\/02\\\/Buy-Hawaiian-Pine-Hemp-Flower-Onlin.jpg\",\"contentUrl\":\"https:\\\/\\\/medicinasinc.com\\\/ro\\\/wp-content\\\/uploads\\\/sites\\\/11\\\/2022\\\/02\\\/Buy-Hawaiian-Pine-Hemp-Flower-Onlin.jpg\",\"width\":600,\"height\":600},{\"@type\":\"BreadcrumbList\",\"@id\":\"https:\\\/\\\/medicinasinc.com\\\/ro\\\/product\\\/cumpara-floare-de-canepa-pin-hawaian\\\/#breadcrumb\",\"itemListElement\":[{\"@type\":\"ListItem\",\"position\":1,\"name\":\"Magazin\",\"item\":\"https:\\\/\\\/medicinasinc.com\\\/ro\\\/magazin\\\/\"},{\"@type\":\"ListItem\",\"position\":2,\"name\":\"Cump\u0103ra\u021bi floare de c\u00e2nep\u0103 de pin hawaian\"}]},{\"@type\":\"WebSite\",\"@id\":\"https:\\\/\\\/medicinasinc.com\\\/ro\\\/#website\",\"url\":\"https:\\\/\\\/medicinasinc.com\\\/ro\\\/\",\"name\":\"Medicinas Inc\",\"description\":\"Health Medical Clinic\",\"potentialAction\":[{\"@type\":\"SearchAction\",\"target\":{\"@type\":\"EntryPoint\",\"urlTemplate\":\"https:\\\/\\\/medicinasinc.com\\\/ro\\\/?s={search_term_string}\"},\"query-input\":{\"@type\":\"PropertyValueSpecification\",\"valueRequired\":true,\"valueName\":\"search_term_string\"}}],\"inLanguage\":\"en-US\"}]}<\/script>\n<!-- \/ Yoast SEO plugin. -->","yoast_head_json":{"title":"Cump\u0103ra\u021bi floare de c\u00e2nep\u0103 de pin hawaian - Cele mai bune medicamente globale","description":"Cump\u0103ra\u021bi floare de c\u00e2nep\u0103 CBD de pin hawaian (1 Pound) online la bestglobalmeds.com. Cump\u0103ra\u021bi o selec\u021bie larg\u0103 de produse de marijuana \u0219i multe altele. Livrare gratuita.","robots":{"index":"index","follow":"follow","max-snippet":"max-snippet:-1","max-image-preview":"max-image-preview:large","max-video-preview":"max-video-preview:-1"},"canonical":"https:\/\/medicinasinc.com\/ro\/product\/cumpara-floare-de-canepa-pin-hawaian\/","og_locale":"en_US","og_type":"article","og_title":"Cump\u0103ra\u021bi floare de c\u00e2nep\u0103 de pin hawaian - Cele mai bune medicamente globale","og_description":"Cump\u0103ra\u021bi floare de c\u00e2nep\u0103 CBD de pin hawaian (1 Pound) online la bestglobalmeds.com. Cump\u0103ra\u021bi o selec\u021bie larg\u0103 de produse de marijuana \u0219i multe altele. Livrare gratuita.","og_url":"https:\/\/medicinasinc.com\/ro\/product\/cumpara-floare-de-canepa-pin-hawaian\/","og_site_name":"Medicinas Inc","article_modified_time":"2022-03-22T01:16:23+00:00","og_image":[{"width":600,"height":600,"url":"https:\/\/medicinasinc.com\/ro\/wp-content\/uploads\/sites\/11\/2022\/02\/Buy-Hawaiian-Pine-Hemp-Flower-Onlin.jpg","type":"image\/jpeg"}],"twitter_card":"summary_large_image","twitter_misc":{"Est. reading time":"1 minute"},"schema":{"@context":"https:\/\/schema.org","@graph":[{"@type":"WebPage","@id":"https:\/\/medicinasinc.com\/ro\/product\/cumpara-floare-de-canepa-pin-hawaian\/","url":"https:\/\/medicinasinc.com\/ro\/product\/cumpara-floare-de-canepa-pin-hawaian\/","name":"Cump\u0103ra\u021bi floare de c\u00e2nep\u0103 de pin hawaian - Cele mai bune medicamente globale","isPartOf":{"@id":"https:\/\/medicinasinc.com\/ro\/#website"},"primaryImageOfPage":{"@id":"https:\/\/medicinasinc.com\/ro\/product\/cumpara-floare-de-canepa-pin-hawaian\/#primaryimage"},"image":{"@id":"https:\/\/medicinasinc.com\/ro\/product\/cumpara-floare-de-canepa-pin-hawaian\/#primaryimage"},"thumbnailUrl":"https:\/\/medicinasinc.com\/ro\/wp-content\/uploads\/sites\/11\/2022\/02\/Buy-Hawaiian-Pine-Hemp-Flower-Onlin.jpg","datePublished":"2022-02-20T15:30:50+00:00","dateModified":"2022-03-22T01:16:23+00:00","description":"Cump\u0103ra\u021bi floare de c\u00e2nep\u0103 CBD de pin hawaian (1 Pound) online la bestglobalmeds.com. Cump\u0103ra\u021bi o selec\u021bie larg\u0103 de produse de marijuana \u0219i multe altele. Livrare gratuita.","breadcrumb":{"@id":"https:\/\/medicinasinc.com\/ro\/product\/cumpara-floare-de-canepa-pin-hawaian\/#breadcrumb"},"inLanguage":"en-US","potentialAction":[{"@type":"ReadAction","target":["https:\/\/medicinasinc.com\/ro\/product\/cumpara-floare-de-canepa-pin-hawaian\/"]}]},{"@type":"ImageObject","inLanguage":"en-US","@id":"https:\/\/medicinasinc.com\/ro\/product\/cumpara-floare-de-canepa-pin-hawaian\/#primaryimage","url":"https:\/\/medicinasinc.com\/ro\/wp-content\/uploads\/sites\/11\/2022\/02\/Buy-Hawaiian-Pine-Hemp-Flower-Onlin.jpg","contentUrl":"https:\/\/medicinasinc.com\/ro\/wp-content\/uploads\/sites\/11\/2022\/02\/Buy-Hawaiian-Pine-Hemp-Flower-Onlin.jpg","width":600,"height":600},{"@type":"BreadcrumbList","@id":"https:\/\/medicinasinc.com\/ro\/product\/cumpara-floare-de-canepa-pin-hawaian\/#breadcrumb","itemListElement":[{"@type":"ListItem","position":1,"name":"Magazin","item":"https:\/\/medicinasinc.com\/ro\/magazin\/"},{"@type":"ListItem","position":2,"name":"Cump\u0103ra\u021bi floare de c\u00e2nep\u0103 de pin hawaian"}]},{"@type":"WebSite","@id":"https:\/\/medicinasinc.com\/ro\/#website","url":"https:\/\/medicinasinc.com\/ro\/","name":"Medicinas Inc","description":"Health Medical Clinic","potentialAction":[{"@type":"SearchAction","target":{"@type":"EntryPoint","urlTemplate":"https:\/\/medicinasinc.com\/ro\/?s={search_term_string}"},"query-input":{"@type":"PropertyValueSpecification","valueRequired":true,"valueName":"search_term_string"}}],"inLanguage":"en-US"}]}},"_links":{"self":[{"href":"https:\/\/medicinasinc.com\/ro\/wp-json\/wp\/v2\/product\/4748","targetHints":{"allow":["GET"]}}],"collection":[{"href":"https:\/\/medicinasinc.com\/ro\/wp-json\/wp\/v2\/product"}],"about":[{"href":"https:\/\/medicinasinc.com\/ro\/wp-json\/wp\/v2\/types\/product"}],"replies":[{"embeddable":true,"href":"https:\/\/medicinasinc.com\/ro\/wp-json\/wp\/v2\/comments?post=4748"}],"wp:featuredmedia":[{"embeddable":true,"href":"https:\/\/medicinasinc.com\/ro\/wp-json\/wp\/v2\/media\/4760"}],"wp:attachment":[{"href":"https:\/\/medicinasinc.com\/ro\/wp-json\/wp\/v2\/media?parent=4748"}],"wp:term":[{"taxonomy":"product_brand","embeddable":true,"href":"https:\/\/medicinasinc.com\/ro\/wp-json\/wp\/v2\/product_brand?post=4748"},{"taxonomy":"product_cat","embeddable":true,"href":"https:\/\/medicinasinc.com\/ro\/wp-json\/wp\/v2\/product_cat?post=4748"},{"taxonomy":"product_tag","embeddable":true,"href":"https:\/\/medicinasinc.com\/ro\/wp-json\/wp\/v2\/product_tag?post=4748"}],"curies":[{"name":"wp","href":"https:\/\/api.w.org\/{rel}","templated":true}]}}