{"id":4734,"date":"2022-02-20T15:19:28","date_gmt":"2022-02-20T15:19:28","guid":{"rendered":"https:\/\/medicinasinc.com\/ro\/?post_type=product&#038;p=4734"},"modified":"2022-03-22T01:16:31","modified_gmt":"2022-03-22T01:16:31","slug":"thc-diamante-vii-extract-superior","status":"publish","type":"product","link":"https:\/\/medicinasinc.com\/ro\/product\/thc-diamante-vii-extract-superior\/","title":{"rendered":"THC Live Diamonds &#8211; Extract superior"},"content":{"rendered":"<p>Diamante THC Live de calitate superioar\u0103<br \/> Adesea denumite \u201ecele mai puternice doze din lume\u201d, Superior THC Live Diamonds sunt un nou extract care c\u00e2\u0219tig\u0103 rapid ac\u021biune \u00een comunitatea canabisului, fiind cel mai puternic concentrat de pe pia\u021b\u0103. Acest extract cristalizat con\u021bine mai mult de 99% THC-A pur \u2013 care nu produce un efect psihoactiv atunci c\u00e2nd este consumat, dar necesit\u0103 decarboxilare (combustie) pentru a se transforma \u00een THC psihoactiv.<\/p>\n<p>Diamantele THC Superioare Vii sunt f\u0103cute din vii. r\u0103\u0219in\u0103, care ajut\u0103 la re\u021binerea terpenelor, rezult\u00e2nd un concentrat mai aromat!<br \/> \u00cen timp ce r\u0103\u0219ina vie este v\u00e2scoas\u0103, este sigilat\u0103 \u00eentr-un recipient sub presiune \u0219i l\u0103sat\u0103 s\u0103 se r\u0103ceasc\u0103 la temperatura camerei. \u00cen acest amestec, se formeaz\u0103 cristale de THCA \u0219i cad pe fundul borcanului \u00een timp. Terpenele reziduale din r\u0103\u0219ina vie se ridic\u0103 la suprafa\u021b\u0103 \u0219i formeaz\u0103 un strat v\u00e2scos. Ca rezultat, se creeaz\u0103 un concentrat care con\u021bine 97-99% THC, \u00eempreun\u0103 cu aroma \u0219i propriet\u0103\u021bile medicinale ale terpenelor specifice tulpinii.<\/p>\n","protected":false},"excerpt":{"rendered":"<ul>\n<li>Un concentrat compus din 97-99% THC<\/li>\n<li>99% THC-A pur<\/li>\n<li>Canada Post Xpresspost Transport GRATUIT pentru comenzile de peste 99 USD<\/li>\n<li>Livrare numai \u00een toat\u0103 Canada<\/li>\n<li>Descrierea complet\u0103 a produsului de mai jos<\/li>\n<\/ul>\n","protected":false},"featured_media":4747,"comment_status":"open","ping_status":"closed","template":"","meta":[],"product_brand":[],"product_cat":[610],"product_tag":[],"class_list":{"0":"post-4734","1":"product","2":"type-product","3":"status-publish","4":"has-post-thumbnail","6":"product_cat-cumparati-hasis-hasis","8":"first","9":"instock","10":"shipping-taxable","11":"purchasable","12":"product-type-variable","13":"has-default-attributes"},"yoast_head":"<!-- This site is optimized with the Yoast SEO plugin v27.3 - https:\/\/yoast.com\/product\/yoast-seo-wordpress\/ -->\n<title>THC Live Diamonds - Extract superior - Cele mai bune cele mai bune medicamente globale<\/title>\n<meta name=\"description\" content=\"Cump\u0103ra\u021bi THC Live-Diamonds \u2013 Extrase superioare online, cu expediere \u0219i livrare \u00een \u00eentreaga lume \u00een loca\u021bia preferat\u0103. Vindem cu am\u0103nuntul \u0219i cu ridicata THC-ul nostru.\" \/>\n<meta name=\"robots\" content=\"index, follow, max-snippet:-1, max-image-preview:large, max-video-preview:-1\" \/>\n<link rel=\"canonical\" href=\"https:\/\/medicinasinc.com\/ro\/product\/thc-diamante-vii-extract-superior\/\" \/>\n<meta property=\"og:locale\" content=\"en_US\" \/>\n<meta property=\"og:type\" content=\"article\" \/>\n<meta property=\"og:title\" content=\"THC Live Diamonds - Extract superior - Cele mai bune cele mai bune medicamente globale\" \/>\n<meta property=\"og:description\" content=\"Cump\u0103ra\u021bi THC Live-Diamonds \u2013 Extrase superioare online, cu expediere \u0219i livrare \u00een \u00eentreaga lume \u00een loca\u021bia preferat\u0103. Vindem cu am\u0103nuntul \u0219i cu ridicata THC-ul nostru.\" \/>\n<meta property=\"og:url\" content=\"https:\/\/medicinasinc.com\/ro\/product\/thc-diamante-vii-extract-superior\/\" \/>\n<meta property=\"og:site_name\" content=\"Medicinas Inc\" \/>\n<meta property=\"article:modified_time\" content=\"2022-03-22T01:16:31+00:00\" \/>\n<meta property=\"og:image\" content=\"https:\/\/medicinasinc.com\/ro\/wp-content\/uploads\/sites\/11\/2022\/02\/Buy-THC-Live-Diamonds-Superior-Extract.jpg\" \/>\n\t<meta property=\"og:image:width\" content=\"600\" \/>\n\t<meta property=\"og:image:height\" content=\"600\" \/>\n\t<meta property=\"og:image:type\" content=\"image\/jpeg\" \/>\n<meta name=\"twitter:card\" content=\"summary_large_image\" \/>\n<meta name=\"twitter:label1\" content=\"Est. reading time\" \/>\n\t<meta name=\"twitter:data1\" content=\"1 minute\" \/>\n<script type=\"application\/ld+json\" class=\"yoast-schema-graph\">{\"@context\":\"https:\\\/\\\/schema.org\",\"@graph\":[{\"@type\":\"WebPage\",\"@id\":\"https:\\\/\\\/medicinasinc.com\\\/ro\\\/product\\\/thc-diamante-vii-extract-superior\\\/\",\"url\":\"https:\\\/\\\/medicinasinc.com\\\/ro\\\/product\\\/thc-diamante-vii-extract-superior\\\/\",\"name\":\"THC Live Diamonds - Extract superior - Cele mai bune cele mai bune medicamente globale\",\"isPartOf\":{\"@id\":\"https:\\\/\\\/medicinasinc.com\\\/ro\\\/#website\"},\"primaryImageOfPage\":{\"@id\":\"https:\\\/\\\/medicinasinc.com\\\/ro\\\/product\\\/thc-diamante-vii-extract-superior\\\/#primaryimage\"},\"image\":{\"@id\":\"https:\\\/\\\/medicinasinc.com\\\/ro\\\/product\\\/thc-diamante-vii-extract-superior\\\/#primaryimage\"},\"thumbnailUrl\":\"https:\\\/\\\/medicinasinc.com\\\/ro\\\/wp-content\\\/uploads\\\/sites\\\/11\\\/2022\\\/02\\\/Buy-THC-Live-Diamonds-Superior-Extract.jpg\",\"datePublished\":\"2022-02-20T15:19:28+00:00\",\"dateModified\":\"2022-03-22T01:16:31+00:00\",\"description\":\"Cump\u0103ra\u021bi THC Live-Diamonds \u2013 Extrase superioare online, cu expediere \u0219i livrare \u00een \u00eentreaga lume \u00een loca\u021bia preferat\u0103. Vindem cu am\u0103nuntul \u0219i cu ridicata THC-ul nostru.\",\"breadcrumb\":{\"@id\":\"https:\\\/\\\/medicinasinc.com\\\/ro\\\/product\\\/thc-diamante-vii-extract-superior\\\/#breadcrumb\"},\"inLanguage\":\"en-US\",\"potentialAction\":[{\"@type\":\"ReadAction\",\"target\":[\"https:\\\/\\\/medicinasinc.com\\\/ro\\\/product\\\/thc-diamante-vii-extract-superior\\\/\"]}]},{\"@type\":\"ImageObject\",\"inLanguage\":\"en-US\",\"@id\":\"https:\\\/\\\/medicinasinc.com\\\/ro\\\/product\\\/thc-diamante-vii-extract-superior\\\/#primaryimage\",\"url\":\"https:\\\/\\\/medicinasinc.com\\\/ro\\\/wp-content\\\/uploads\\\/sites\\\/11\\\/2022\\\/02\\\/Buy-THC-Live-Diamonds-Superior-Extract.jpg\",\"contentUrl\":\"https:\\\/\\\/medicinasinc.com\\\/ro\\\/wp-content\\\/uploads\\\/sites\\\/11\\\/2022\\\/02\\\/Buy-THC-Live-Diamonds-Superior-Extract.jpg\",\"width\":600,\"height\":600},{\"@type\":\"BreadcrumbList\",\"@id\":\"https:\\\/\\\/medicinasinc.com\\\/ro\\\/product\\\/thc-diamante-vii-extract-superior\\\/#breadcrumb\",\"itemListElement\":[{\"@type\":\"ListItem\",\"position\":1,\"name\":\"Magazin\",\"item\":\"https:\\\/\\\/medicinasinc.com\\\/ro\\\/magazin\\\/\"},{\"@type\":\"ListItem\",\"position\":2,\"name\":\"THC Live Diamonds &#8211; Extract superior\"}]},{\"@type\":\"WebSite\",\"@id\":\"https:\\\/\\\/medicinasinc.com\\\/ro\\\/#website\",\"url\":\"https:\\\/\\\/medicinasinc.com\\\/ro\\\/\",\"name\":\"Medicinas Inc\",\"description\":\"Health Medical Clinic\",\"potentialAction\":[{\"@type\":\"SearchAction\",\"target\":{\"@type\":\"EntryPoint\",\"urlTemplate\":\"https:\\\/\\\/medicinasinc.com\\\/ro\\\/?s={search_term_string}\"},\"query-input\":{\"@type\":\"PropertyValueSpecification\",\"valueRequired\":true,\"valueName\":\"search_term_string\"}}],\"inLanguage\":\"en-US\"}]}<\/script>\n<!-- \/ Yoast SEO plugin. -->","yoast_head_json":{"title":"THC Live Diamonds - Extract superior - Cele mai bune cele mai bune medicamente globale","description":"Cump\u0103ra\u021bi THC Live-Diamonds \u2013 Extrase superioare online, cu expediere \u0219i livrare \u00een \u00eentreaga lume \u00een loca\u021bia preferat\u0103. Vindem cu am\u0103nuntul \u0219i cu ridicata THC-ul nostru.","robots":{"index":"index","follow":"follow","max-snippet":"max-snippet:-1","max-image-preview":"max-image-preview:large","max-video-preview":"max-video-preview:-1"},"canonical":"https:\/\/medicinasinc.com\/ro\/product\/thc-diamante-vii-extract-superior\/","og_locale":"en_US","og_type":"article","og_title":"THC Live Diamonds - Extract superior - Cele mai bune cele mai bune medicamente globale","og_description":"Cump\u0103ra\u021bi THC Live-Diamonds \u2013 Extrase superioare online, cu expediere \u0219i livrare \u00een \u00eentreaga lume \u00een loca\u021bia preferat\u0103. Vindem cu am\u0103nuntul \u0219i cu ridicata THC-ul nostru.","og_url":"https:\/\/medicinasinc.com\/ro\/product\/thc-diamante-vii-extract-superior\/","og_site_name":"Medicinas Inc","article_modified_time":"2022-03-22T01:16:31+00:00","og_image":[{"width":600,"height":600,"url":"https:\/\/medicinasinc.com\/ro\/wp-content\/uploads\/sites\/11\/2022\/02\/Buy-THC-Live-Diamonds-Superior-Extract.jpg","type":"image\/jpeg"}],"twitter_card":"summary_large_image","twitter_misc":{"Est. reading time":"1 minute"},"schema":{"@context":"https:\/\/schema.org","@graph":[{"@type":"WebPage","@id":"https:\/\/medicinasinc.com\/ro\/product\/thc-diamante-vii-extract-superior\/","url":"https:\/\/medicinasinc.com\/ro\/product\/thc-diamante-vii-extract-superior\/","name":"THC Live Diamonds - Extract superior - Cele mai bune cele mai bune medicamente globale","isPartOf":{"@id":"https:\/\/medicinasinc.com\/ro\/#website"},"primaryImageOfPage":{"@id":"https:\/\/medicinasinc.com\/ro\/product\/thc-diamante-vii-extract-superior\/#primaryimage"},"image":{"@id":"https:\/\/medicinasinc.com\/ro\/product\/thc-diamante-vii-extract-superior\/#primaryimage"},"thumbnailUrl":"https:\/\/medicinasinc.com\/ro\/wp-content\/uploads\/sites\/11\/2022\/02\/Buy-THC-Live-Diamonds-Superior-Extract.jpg","datePublished":"2022-02-20T15:19:28+00:00","dateModified":"2022-03-22T01:16:31+00:00","description":"Cump\u0103ra\u021bi THC Live-Diamonds \u2013 Extrase superioare online, cu expediere \u0219i livrare \u00een \u00eentreaga lume \u00een loca\u021bia preferat\u0103. Vindem cu am\u0103nuntul \u0219i cu ridicata THC-ul nostru.","breadcrumb":{"@id":"https:\/\/medicinasinc.com\/ro\/product\/thc-diamante-vii-extract-superior\/#breadcrumb"},"inLanguage":"en-US","potentialAction":[{"@type":"ReadAction","target":["https:\/\/medicinasinc.com\/ro\/product\/thc-diamante-vii-extract-superior\/"]}]},{"@type":"ImageObject","inLanguage":"en-US","@id":"https:\/\/medicinasinc.com\/ro\/product\/thc-diamante-vii-extract-superior\/#primaryimage","url":"https:\/\/medicinasinc.com\/ro\/wp-content\/uploads\/sites\/11\/2022\/02\/Buy-THC-Live-Diamonds-Superior-Extract.jpg","contentUrl":"https:\/\/medicinasinc.com\/ro\/wp-content\/uploads\/sites\/11\/2022\/02\/Buy-THC-Live-Diamonds-Superior-Extract.jpg","width":600,"height":600},{"@type":"BreadcrumbList","@id":"https:\/\/medicinasinc.com\/ro\/product\/thc-diamante-vii-extract-superior\/#breadcrumb","itemListElement":[{"@type":"ListItem","position":1,"name":"Magazin","item":"https:\/\/medicinasinc.com\/ro\/magazin\/"},{"@type":"ListItem","position":2,"name":"THC Live Diamonds &#8211; Extract superior"}]},{"@type":"WebSite","@id":"https:\/\/medicinasinc.com\/ro\/#website","url":"https:\/\/medicinasinc.com\/ro\/","name":"Medicinas Inc","description":"Health Medical Clinic","potentialAction":[{"@type":"SearchAction","target":{"@type":"EntryPoint","urlTemplate":"https:\/\/medicinasinc.com\/ro\/?s={search_term_string}"},"query-input":{"@type":"PropertyValueSpecification","valueRequired":true,"valueName":"search_term_string"}}],"inLanguage":"en-US"}]}},"_links":{"self":[{"href":"https:\/\/medicinasinc.com\/ro\/wp-json\/wp\/v2\/product\/4734","targetHints":{"allow":["GET"]}}],"collection":[{"href":"https:\/\/medicinasinc.com\/ro\/wp-json\/wp\/v2\/product"}],"about":[{"href":"https:\/\/medicinasinc.com\/ro\/wp-json\/wp\/v2\/types\/product"}],"replies":[{"embeddable":true,"href":"https:\/\/medicinasinc.com\/ro\/wp-json\/wp\/v2\/comments?post=4734"}],"wp:featuredmedia":[{"embeddable":true,"href":"https:\/\/medicinasinc.com\/ro\/wp-json\/wp\/v2\/media\/4747"}],"wp:attachment":[{"href":"https:\/\/medicinasinc.com\/ro\/wp-json\/wp\/v2\/media?parent=4734"}],"wp:term":[{"taxonomy":"product_brand","embeddable":true,"href":"https:\/\/medicinasinc.com\/ro\/wp-json\/wp\/v2\/product_brand?post=4734"},{"taxonomy":"product_cat","embeddable":true,"href":"https:\/\/medicinasinc.com\/ro\/wp-json\/wp\/v2\/product_cat?post=4734"},{"taxonomy":"product_tag","embeddable":true,"href":"https:\/\/medicinasinc.com\/ro\/wp-json\/wp\/v2\/product_tag?post=4734"}],"curies":[{"name":"wp","href":"https:\/\/api.w.org\/{rel}","templated":true}]}}