{"id":4733,"date":"2022-02-20T15:18:37","date_gmt":"2022-02-20T15:18:37","guid":{"rendered":"https:\/\/medicinasinc.com\/ro\/?post_type=product&#038;p=4733"},"modified":"2022-03-22T01:16:39","modified_gmt":"2022-03-22T01:16:39","slug":"cumpara-roz-kush-hash","status":"publish","type":"product","link":"https:\/\/medicinasinc.com\/ro\/product\/cumpara-roz-kush-hash\/","title":{"rendered":"Cump\u0103ra\u021bi Pink Kush Hash"},"content":{"rendered":"<p>Achizi\u021bie online de Pink Kush Hash<\/p>\n<p>\u00cenainte de a cump\u0103ra hash legal online, este esen\u021bial s\u0103 \u00een\u021belege\u021bi ce este acesta, cum se leag\u0103 de canabis \u0219i ce \u00eel deosebe\u0219te de alte produse cu buruieni. Ha\u0219i\u0219, un alt termen pentru \u201eha\u0219i\u0219\u201d, este un concentrat de canabis transmis prin smoala unei plante de marijuana. Acest lucru se realizeaz\u0103 prin separarea organelor sevei unei plante de canabis, care sunt denumite \u00een mod colectiv tricomi, de florile sale. Se \u0219tie c\u0103 ace\u0219ti tricomi con\u021bin cele mai mari concentra\u021bii de canabinoizi \u0219i terpene, care sunt compu\u0219ii chimici responsabili pentru propriet\u0103\u021bile \u0219i caracteristicile unice ale Maryjane. Datorit\u0103 concentra\u021biei mari de canabinoizi \u0219i terpene din ha\u0219, posed\u0103 o capacitate extraordinar\u0103 de a crea \u00eent\u00e2lniri psihoactive \u0219i medicinale uluitoare pentru clien\u021bii de canabis. Uleiul de ha\u0219 este o form\u0103 foarte concentrat\u0103 de canabis care poate fi fumat, vaporizat, consumat sau cur\u0103\u021bat pe piele. Ocazional, utilizarea uleiului de ha\u0219 este denumit\u0103 \u201eajunge\u201d sau \u201econsum\u201d. Uleiul de ha\u0219 este derivat din plante de canabis \u0219i con\u021bine THC (delta-9-tetrahidrocannabinol), acela\u0219i compus revolu\u021bionar g\u0103sit \u00een alte produse Maryjane.<\/p>\n<p>\u00cen orice caz, uleiul de ha\u0219 este mai puternic, con\u021bin\u00e2nd p\u00e2n\u0103 la 90% THC pur. Desigur, \u00een alte p\u0103r\u021bi ale plantei de canabis, concentra\u021bia tipic\u0103 de THC este de aproximativ 12%. De \u00eencredere<\/p>\n<p>Extractia cu CO2 este \u00een prezent cea mai eficient\u0103 metod\u0103 de extragere a uleiului de THC. \u00cen plus, este cea mai comun\u0103 \u0219i sigur\u0103 metod\u0103 de producere a uleiului de canabis, distilat \u0219i camioane cu gum\u0103 vie. Motivul pentru care este at\u00e2t de r\u0103sp\u00e2ndit \u00een zilele noastre este c\u0103 acest ulei de THC nu con\u021bine solven\u021bi suplimentari, cum ar fi lichiorul sau butanul.<\/p>\n<p>Majoritatea uleiurilor de THC con\u021bin un tip de preparare \u00een sc\u0103dere. Acest lucru este necesar pentru a v\u0103 asigura c\u0103 uleiul men\u021bine o consisten\u021b\u0103 ideal\u0103 pentru vaping. Cei mai eficien\u021bi agen\u021bi reduc\u0103tori sunt glicerina vegetal\u0103 \u0219i propilenglicolul (VG \u0219i PG), care se g\u0103sesc \u00een mod obi\u0219nuit \u00een e-lichidul conven\u021bional. C\u00e2teva con\u021bin diferite materiale de umplutur\u0103, cum ar fi PEG \u0219i, mult mai recent, TEC Temper, care este o alt\u0103 afec\u021biune derivat\u0103 din terpenele conven\u021bionale. Uleiul de ha\u0219 este disponibil pentru cump\u0103rare.<\/p>\n","protected":false},"excerpt":{"rendered":"<p>Cump\u0103ra\u021bi Pink Kush Hash pentru v\u00e2nzare online \u00een Marea Britanie, Europa. Pink Kush, la fel de r\u00e2vnit\u0103 ca \u0219i ruda lui OG Kush, este un hibrid cu dominan\u021b\u0103 indica, cu efecte puternice concentrate pe corp. Comanda online ACUM!<\/p>\n<ul>\n<li>Livrare \u00een toat\u0103 lumea<\/li>\n<li>Contacteaz\u0103-ne pentru comenzi mai mari<\/li>\n<\/ul>\n","protected":false},"featured_media":4745,"comment_status":"open","ping_status":"closed","template":"","meta":[],"product_brand":[],"product_cat":[610],"product_tag":[],"class_list":{"0":"post-4733","1":"product","2":"type-product","3":"status-publish","4":"has-post-thumbnail","6":"product_cat-cumparati-hasis-hasis","8":"first","9":"instock","10":"shipping-taxable","11":"purchasable","12":"product-type-variable","13":"has-default-attributes"},"yoast_head":"<!-- This site is optimized with the Yoast SEO plugin v27.3 - https:\/\/yoast.com\/product\/yoast-seo-wordpress\/ -->\n<title>Cump\u0103ra\u021bi Pink Kush Hash online - Cele mai bune medicamente globale<\/title>\n<meta name=\"description\" content=\"Cump\u0103ra\u021bi Pink Kush Hash de v\u00e2nzare online \u00een Marea Britanie, Europa. Pink Kush, la fel de r\u00e2vnit\u0103 ca \u0219i ruda lui OG Kush, este un hibrid cu dominan\u021b\u0103 indica, cu efecte puternice concentrate pe corp. Comanda online ACUM!\" \/>\n<meta name=\"robots\" content=\"index, follow, max-snippet:-1, max-image-preview:large, max-video-preview:-1\" \/>\n<link rel=\"canonical\" href=\"https:\/\/medicinasinc.com\/ro\/product\/cumpara-roz-kush-hash\/\" \/>\n<meta property=\"og:locale\" content=\"en_US\" \/>\n<meta property=\"og:type\" content=\"article\" \/>\n<meta property=\"og:title\" content=\"Cump\u0103ra\u021bi Pink Kush Hash online - Cele mai bune medicamente globale\" \/>\n<meta property=\"og:description\" content=\"Cump\u0103ra\u021bi Pink Kush Hash de v\u00e2nzare online \u00een Marea Britanie, Europa. Pink Kush, la fel de r\u00e2vnit\u0103 ca \u0219i ruda lui OG Kush, este un hibrid cu dominan\u021b\u0103 indica, cu efecte puternice concentrate pe corp. Comanda online ACUM!\" \/>\n<meta property=\"og:url\" content=\"https:\/\/medicinasinc.com\/ro\/product\/cumpara-roz-kush-hash\/\" \/>\n<meta property=\"og:site_name\" content=\"Medicinas Inc\" \/>\n<meta property=\"article:modified_time\" content=\"2022-03-22T01:16:39+00:00\" \/>\n<meta property=\"og:image\" content=\"https:\/\/medicinasinc.com\/ro\/wp-content\/uploads\/sites\/11\/2022\/02\/buy-pink-kush-hash.jpg\" \/>\n\t<meta property=\"og:image:width\" content=\"600\" \/>\n\t<meta property=\"og:image:height\" content=\"600\" \/>\n\t<meta property=\"og:image:type\" content=\"image\/jpeg\" \/>\n<meta name=\"twitter:card\" content=\"summary_large_image\" \/>\n<meta name=\"twitter:label1\" content=\"Est. reading time\" \/>\n\t<meta name=\"twitter:data1\" content=\"2 minutes\" \/>\n<script type=\"application\/ld+json\" class=\"yoast-schema-graph\">{\"@context\":\"https:\\\/\\\/schema.org\",\"@graph\":[{\"@type\":\"WebPage\",\"@id\":\"https:\\\/\\\/medicinasinc.com\\\/ro\\\/product\\\/cumpara-roz-kush-hash\\\/\",\"url\":\"https:\\\/\\\/medicinasinc.com\\\/ro\\\/product\\\/cumpara-roz-kush-hash\\\/\",\"name\":\"Cump\u0103ra\u021bi Pink Kush Hash online - Cele mai bune medicamente globale\",\"isPartOf\":{\"@id\":\"https:\\\/\\\/medicinasinc.com\\\/ro\\\/#website\"},\"primaryImageOfPage\":{\"@id\":\"https:\\\/\\\/medicinasinc.com\\\/ro\\\/product\\\/cumpara-roz-kush-hash\\\/#primaryimage\"},\"image\":{\"@id\":\"https:\\\/\\\/medicinasinc.com\\\/ro\\\/product\\\/cumpara-roz-kush-hash\\\/#primaryimage\"},\"thumbnailUrl\":\"https:\\\/\\\/medicinasinc.com\\\/ro\\\/wp-content\\\/uploads\\\/sites\\\/11\\\/2022\\\/02\\\/buy-pink-kush-hash.jpg\",\"datePublished\":\"2022-02-20T15:18:37+00:00\",\"dateModified\":\"2022-03-22T01:16:39+00:00\",\"description\":\"Cump\u0103ra\u021bi Pink Kush Hash de v\u00e2nzare online \u00een Marea Britanie, Europa. Pink Kush, la fel de r\u00e2vnit\u0103 ca \u0219i ruda lui OG Kush, este un hibrid cu dominan\u021b\u0103 indica, cu efecte puternice concentrate pe corp. Comanda online ACUM!\",\"breadcrumb\":{\"@id\":\"https:\\\/\\\/medicinasinc.com\\\/ro\\\/product\\\/cumpara-roz-kush-hash\\\/#breadcrumb\"},\"inLanguage\":\"en-US\",\"potentialAction\":[{\"@type\":\"ReadAction\",\"target\":[\"https:\\\/\\\/medicinasinc.com\\\/ro\\\/product\\\/cumpara-roz-kush-hash\\\/\"]}]},{\"@type\":\"ImageObject\",\"inLanguage\":\"en-US\",\"@id\":\"https:\\\/\\\/medicinasinc.com\\\/ro\\\/product\\\/cumpara-roz-kush-hash\\\/#primaryimage\",\"url\":\"https:\\\/\\\/medicinasinc.com\\\/ro\\\/wp-content\\\/uploads\\\/sites\\\/11\\\/2022\\\/02\\\/buy-pink-kush-hash.jpg\",\"contentUrl\":\"https:\\\/\\\/medicinasinc.com\\\/ro\\\/wp-content\\\/uploads\\\/sites\\\/11\\\/2022\\\/02\\\/buy-pink-kush-hash.jpg\",\"width\":600,\"height\":600},{\"@type\":\"BreadcrumbList\",\"@id\":\"https:\\\/\\\/medicinasinc.com\\\/ro\\\/product\\\/cumpara-roz-kush-hash\\\/#breadcrumb\",\"itemListElement\":[{\"@type\":\"ListItem\",\"position\":1,\"name\":\"Magazin\",\"item\":\"https:\\\/\\\/medicinasinc.com\\\/ro\\\/magazin\\\/\"},{\"@type\":\"ListItem\",\"position\":2,\"name\":\"Cump\u0103ra\u021bi Pink Kush Hash\"}]},{\"@type\":\"WebSite\",\"@id\":\"https:\\\/\\\/medicinasinc.com\\\/ro\\\/#website\",\"url\":\"https:\\\/\\\/medicinasinc.com\\\/ro\\\/\",\"name\":\"Medicinas Inc\",\"description\":\"Health Medical Clinic\",\"potentialAction\":[{\"@type\":\"SearchAction\",\"target\":{\"@type\":\"EntryPoint\",\"urlTemplate\":\"https:\\\/\\\/medicinasinc.com\\\/ro\\\/?s={search_term_string}\"},\"query-input\":{\"@type\":\"PropertyValueSpecification\",\"valueRequired\":true,\"valueName\":\"search_term_string\"}}],\"inLanguage\":\"en-US\"}]}<\/script>\n<!-- \/ Yoast SEO plugin. -->","yoast_head_json":{"title":"Cump\u0103ra\u021bi Pink Kush Hash online - Cele mai bune medicamente globale","description":"Cump\u0103ra\u021bi Pink Kush Hash de v\u00e2nzare online \u00een Marea Britanie, Europa. Pink Kush, la fel de r\u00e2vnit\u0103 ca \u0219i ruda lui OG Kush, este un hibrid cu dominan\u021b\u0103 indica, cu efecte puternice concentrate pe corp. Comanda online ACUM!","robots":{"index":"index","follow":"follow","max-snippet":"max-snippet:-1","max-image-preview":"max-image-preview:large","max-video-preview":"max-video-preview:-1"},"canonical":"https:\/\/medicinasinc.com\/ro\/product\/cumpara-roz-kush-hash\/","og_locale":"en_US","og_type":"article","og_title":"Cump\u0103ra\u021bi Pink Kush Hash online - Cele mai bune medicamente globale","og_description":"Cump\u0103ra\u021bi Pink Kush Hash de v\u00e2nzare online \u00een Marea Britanie, Europa. Pink Kush, la fel de r\u00e2vnit\u0103 ca \u0219i ruda lui OG Kush, este un hibrid cu dominan\u021b\u0103 indica, cu efecte puternice concentrate pe corp. Comanda online ACUM!","og_url":"https:\/\/medicinasinc.com\/ro\/product\/cumpara-roz-kush-hash\/","og_site_name":"Medicinas Inc","article_modified_time":"2022-03-22T01:16:39+00:00","og_image":[{"width":600,"height":600,"url":"https:\/\/medicinasinc.com\/ro\/wp-content\/uploads\/sites\/11\/2022\/02\/buy-pink-kush-hash.jpg","type":"image\/jpeg"}],"twitter_card":"summary_large_image","twitter_misc":{"Est. reading time":"2 minutes"},"schema":{"@context":"https:\/\/schema.org","@graph":[{"@type":"WebPage","@id":"https:\/\/medicinasinc.com\/ro\/product\/cumpara-roz-kush-hash\/","url":"https:\/\/medicinasinc.com\/ro\/product\/cumpara-roz-kush-hash\/","name":"Cump\u0103ra\u021bi Pink Kush Hash online - Cele mai bune medicamente globale","isPartOf":{"@id":"https:\/\/medicinasinc.com\/ro\/#website"},"primaryImageOfPage":{"@id":"https:\/\/medicinasinc.com\/ro\/product\/cumpara-roz-kush-hash\/#primaryimage"},"image":{"@id":"https:\/\/medicinasinc.com\/ro\/product\/cumpara-roz-kush-hash\/#primaryimage"},"thumbnailUrl":"https:\/\/medicinasinc.com\/ro\/wp-content\/uploads\/sites\/11\/2022\/02\/buy-pink-kush-hash.jpg","datePublished":"2022-02-20T15:18:37+00:00","dateModified":"2022-03-22T01:16:39+00:00","description":"Cump\u0103ra\u021bi Pink Kush Hash de v\u00e2nzare online \u00een Marea Britanie, Europa. Pink Kush, la fel de r\u00e2vnit\u0103 ca \u0219i ruda lui OG Kush, este un hibrid cu dominan\u021b\u0103 indica, cu efecte puternice concentrate pe corp. Comanda online ACUM!","breadcrumb":{"@id":"https:\/\/medicinasinc.com\/ro\/product\/cumpara-roz-kush-hash\/#breadcrumb"},"inLanguage":"en-US","potentialAction":[{"@type":"ReadAction","target":["https:\/\/medicinasinc.com\/ro\/product\/cumpara-roz-kush-hash\/"]}]},{"@type":"ImageObject","inLanguage":"en-US","@id":"https:\/\/medicinasinc.com\/ro\/product\/cumpara-roz-kush-hash\/#primaryimage","url":"https:\/\/medicinasinc.com\/ro\/wp-content\/uploads\/sites\/11\/2022\/02\/buy-pink-kush-hash.jpg","contentUrl":"https:\/\/medicinasinc.com\/ro\/wp-content\/uploads\/sites\/11\/2022\/02\/buy-pink-kush-hash.jpg","width":600,"height":600},{"@type":"BreadcrumbList","@id":"https:\/\/medicinasinc.com\/ro\/product\/cumpara-roz-kush-hash\/#breadcrumb","itemListElement":[{"@type":"ListItem","position":1,"name":"Magazin","item":"https:\/\/medicinasinc.com\/ro\/magazin\/"},{"@type":"ListItem","position":2,"name":"Cump\u0103ra\u021bi Pink Kush Hash"}]},{"@type":"WebSite","@id":"https:\/\/medicinasinc.com\/ro\/#website","url":"https:\/\/medicinasinc.com\/ro\/","name":"Medicinas Inc","description":"Health Medical Clinic","potentialAction":[{"@type":"SearchAction","target":{"@type":"EntryPoint","urlTemplate":"https:\/\/medicinasinc.com\/ro\/?s={search_term_string}"},"query-input":{"@type":"PropertyValueSpecification","valueRequired":true,"valueName":"search_term_string"}}],"inLanguage":"en-US"}]}},"_links":{"self":[{"href":"https:\/\/medicinasinc.com\/ro\/wp-json\/wp\/v2\/product\/4733","targetHints":{"allow":["GET"]}}],"collection":[{"href":"https:\/\/medicinasinc.com\/ro\/wp-json\/wp\/v2\/product"}],"about":[{"href":"https:\/\/medicinasinc.com\/ro\/wp-json\/wp\/v2\/types\/product"}],"replies":[{"embeddable":true,"href":"https:\/\/medicinasinc.com\/ro\/wp-json\/wp\/v2\/comments?post=4733"}],"wp:featuredmedia":[{"embeddable":true,"href":"https:\/\/medicinasinc.com\/ro\/wp-json\/wp\/v2\/media\/4745"}],"wp:attachment":[{"href":"https:\/\/medicinasinc.com\/ro\/wp-json\/wp\/v2\/media?parent=4733"}],"wp:term":[{"taxonomy":"product_brand","embeddable":true,"href":"https:\/\/medicinasinc.com\/ro\/wp-json\/wp\/v2\/product_brand?post=4733"},{"taxonomy":"product_cat","embeddable":true,"href":"https:\/\/medicinasinc.com\/ro\/wp-json\/wp\/v2\/product_cat?post=4733"},{"taxonomy":"product_tag","embeddable":true,"href":"https:\/\/medicinasinc.com\/ro\/wp-json\/wp\/v2\/product_tag?post=4733"}],"curies":[{"name":"wp","href":"https:\/\/api.w.org\/{rel}","templated":true}]}}