{"id":4717,"date":"2022-02-20T15:05:15","date_gmt":"2022-02-20T15:05:15","guid":{"rendered":"https:\/\/medicinasinc.com\/ro\/?post_type=product&#038;p=4717"},"modified":"2022-03-22T01:16:48","modified_gmt":"2022-03-22T01:16:48","slug":"buy-nepalese-stick-hash","status":"publish","type":"product","link":"https:\/\/medicinasinc.com\/ro\/product\/buy-nepalese-stick-hash\/","title":{"rendered":"Cump\u0103ra\u021bi nepalez Stick Hash"},"content":{"rendered":"<p>Achizi\u021bionarea online a ha\u0219ului nepalez stick<\/p>\n<p>Ha\u0219ul nepalez este preparat \u00een acela\u0219i mod ca Temple Balls. Plantele de canabis le cultiv\u0103. Mugurii sau florile de canabis sunt mai \u00eent\u00e2i colecta\u021bi \u0219i recolta\u021bi. Freca\u021bi ace\u0219ti muguri \u00eentre m\u00e2ini pentru a extrage r\u0103\u0219inile sau tricomii. Temple Balls sunt create din r\u0103\u0219inile ob\u021binute. Bilele t\u00e2mplei sunt apoi ap\u0103sate pe un raft sau o plac\u0103 groas\u0103 \u0219i tare.<\/p>\n<p>Hash-ul nepalez Stick este negru la exterior \u0219i maroniu pe interior. Con\u021bin aproape 15-20% THC. Acestea sunt foarte concentrate \u0219i au o arom\u0103 condimentat\u0103 sau \u00eendulcit\u0103.<\/p>\n<p>Efecte:<\/p>\n<p>Efectele Stick Hash depind de obicei de concentra\u021biile de THC \u0219i r\u0103\u0219in\u0103. Au tendin\u021ba de a-\u021bi ridica temperatura corpului \u0219i de a te ridica la un nivel periculos de ridicat, chiar \u0219i \u00een cantit\u0103\u021bi mici. \u00cen general, este sigur de utilizat \u0219i are un timp de \u00eenjum\u0103t\u0103\u021bire de 6-7 ore. Aceste be\u021bi\u0219oare de ha\u0219 sunt ideale pentru cei care trebuie s\u0103 r\u0103m\u00e2n\u0103 \u00een stare ridicat\u0103 pentru o perioad\u0103 lung\u0103 de timp.<\/p>\n<p>Cum se utilizeaz\u0103:<\/p>\n<p>Nepalese Stick Hash este un produs din Nepal. Pot fi afumate, infuzate \u00eentr-o pip\u0103, \u00eencorporate \u00een comestibile sau vaporizate prin tamponare. C\u00e2nd Stick Hash este folosit \u00een produse comestibile, dureaz\u0103 aproximativ 1-2 ore pentru a \u00eencepe \u0219i a afi\u0219a efecte.<\/p>\n<p>De unde pot cump\u0103ra Stick Hash nepalez de pe internet?<\/p>\n<p>Pute\u021bi cump\u0103ra Stick Hash nepalez proasp\u0103t preparat pe site-ul nostru web, V\u0103 oferim hash stick-uri de \u00eenalt\u0103 calitate \u0219i extrem de puternice. Acestea sunt produse \u00een mod natural \u00een Nepal. Le pute\u021bi achizi\u021biona la un pre\u021b rezonabil \u0219i le pute\u021bi primi rapid.<\/p>\n","protected":false},"excerpt":{"rendered":"<p>Buy Nepalese Stick Hash Online Nepalese se refer\u0103 la orice tulpin\u0103 care cre\u0219te naiv \u00een regiunea Nepal. Comanda\u021bi iarba online, aceste soiuri indigene.<\/p>\n","protected":false},"featured_media":4730,"comment_status":"open","ping_status":"closed","template":"","meta":[],"product_brand":[],"product_cat":[610],"product_tag":[],"class_list":{"0":"post-4717","1":"product","2":"type-product","3":"status-publish","4":"has-post-thumbnail","6":"product_cat-cumparati-hasis-hasis","8":"first","9":"instock","10":"shipping-taxable","11":"purchasable","12":"product-type-variable","13":"has-default-attributes"},"yoast_head":"<!-- This site is optimized with the Yoast SEO plugin v27.3 - https:\/\/yoast.com\/product\/yoast-seo-wordpress\/ -->\n<title>Cump\u0103ra\u021bi ha\u0219u\u0219 nepalez - Cele mai bune medicamente globale<\/title>\n<meta name=\"description\" content=\"Buy Nepalese Stick Hash Online Nepalese se refer\u0103 la orice tulpin\u0103 care cre\u0219te naiv \u00een regiunea Nepal. Comanda\u021bi iarba online, aceste soiuri indigene.\" \/>\n<meta name=\"robots\" content=\"index, follow, max-snippet:-1, max-image-preview:large, max-video-preview:-1\" \/>\n<link rel=\"canonical\" href=\"https:\/\/medicinasinc.com\/ro\/product\/buy-nepalese-stick-hash\/\" \/>\n<meta property=\"og:locale\" content=\"en_US\" \/>\n<meta property=\"og:type\" content=\"article\" \/>\n<meta property=\"og:title\" content=\"Cump\u0103ra\u021bi ha\u0219u\u0219 nepalez - Cele mai bune medicamente globale\" \/>\n<meta property=\"og:description\" content=\"Buy Nepalese Stick Hash Online Nepalese se refer\u0103 la orice tulpin\u0103 care cre\u0219te naiv \u00een regiunea Nepal. Comanda\u021bi iarba online, aceste soiuri indigene.\" \/>\n<meta property=\"og:url\" content=\"https:\/\/medicinasinc.com\/ro\/product\/buy-nepalese-stick-hash\/\" \/>\n<meta property=\"og:site_name\" content=\"Medicinas Inc\" \/>\n<meta property=\"article:modified_time\" content=\"2022-03-22T01:16:48+00:00\" \/>\n<meta property=\"og:image\" content=\"https:\/\/medicinasinc.com\/ro\/wp-content\/uploads\/sites\/11\/2022\/02\/Buy-Nepalese-Stick-Hash.jpg\" \/>\n\t<meta property=\"og:image:width\" content=\"600\" \/>\n\t<meta property=\"og:image:height\" content=\"600\" \/>\n\t<meta property=\"og:image:type\" content=\"image\/jpeg\" \/>\n<meta name=\"twitter:card\" content=\"summary_large_image\" \/>\n<meta name=\"twitter:label1\" content=\"Est. reading time\" \/>\n\t<meta name=\"twitter:data1\" content=\"2 minutes\" \/>\n<script type=\"application\/ld+json\" class=\"yoast-schema-graph\">{\"@context\":\"https:\\\/\\\/schema.org\",\"@graph\":[{\"@type\":\"WebPage\",\"@id\":\"https:\\\/\\\/medicinasinc.com\\\/ro\\\/product\\\/buy-nepalese-stick-hash\\\/\",\"url\":\"https:\\\/\\\/medicinasinc.com\\\/ro\\\/product\\\/buy-nepalese-stick-hash\\\/\",\"name\":\"Cump\u0103ra\u021bi ha\u0219u\u0219 nepalez - Cele mai bune medicamente globale\",\"isPartOf\":{\"@id\":\"https:\\\/\\\/medicinasinc.com\\\/ro\\\/#website\"},\"primaryImageOfPage\":{\"@id\":\"https:\\\/\\\/medicinasinc.com\\\/ro\\\/product\\\/buy-nepalese-stick-hash\\\/#primaryimage\"},\"image\":{\"@id\":\"https:\\\/\\\/medicinasinc.com\\\/ro\\\/product\\\/buy-nepalese-stick-hash\\\/#primaryimage\"},\"thumbnailUrl\":\"https:\\\/\\\/medicinasinc.com\\\/ro\\\/wp-content\\\/uploads\\\/sites\\\/11\\\/2022\\\/02\\\/Buy-Nepalese-Stick-Hash.jpg\",\"datePublished\":\"2022-02-20T15:05:15+00:00\",\"dateModified\":\"2022-03-22T01:16:48+00:00\",\"description\":\"Buy Nepalese Stick Hash Online Nepalese se refer\u0103 la orice tulpin\u0103 care cre\u0219te naiv \u00een regiunea Nepal. Comanda\u021bi iarba online, aceste soiuri indigene.\",\"breadcrumb\":{\"@id\":\"https:\\\/\\\/medicinasinc.com\\\/ro\\\/product\\\/buy-nepalese-stick-hash\\\/#breadcrumb\"},\"inLanguage\":\"en-US\",\"potentialAction\":[{\"@type\":\"ReadAction\",\"target\":[\"https:\\\/\\\/medicinasinc.com\\\/ro\\\/product\\\/buy-nepalese-stick-hash\\\/\"]}]},{\"@type\":\"ImageObject\",\"inLanguage\":\"en-US\",\"@id\":\"https:\\\/\\\/medicinasinc.com\\\/ro\\\/product\\\/buy-nepalese-stick-hash\\\/#primaryimage\",\"url\":\"https:\\\/\\\/medicinasinc.com\\\/ro\\\/wp-content\\\/uploads\\\/sites\\\/11\\\/2022\\\/02\\\/Buy-Nepalese-Stick-Hash.jpg\",\"contentUrl\":\"https:\\\/\\\/medicinasinc.com\\\/ro\\\/wp-content\\\/uploads\\\/sites\\\/11\\\/2022\\\/02\\\/Buy-Nepalese-Stick-Hash.jpg\",\"width\":600,\"height\":600},{\"@type\":\"BreadcrumbList\",\"@id\":\"https:\\\/\\\/medicinasinc.com\\\/ro\\\/product\\\/buy-nepalese-stick-hash\\\/#breadcrumb\",\"itemListElement\":[{\"@type\":\"ListItem\",\"position\":1,\"name\":\"Magazin\",\"item\":\"https:\\\/\\\/medicinasinc.com\\\/ro\\\/magazin\\\/\"},{\"@type\":\"ListItem\",\"position\":2,\"name\":\"Cump\u0103ra\u021bi nepalez Stick Hash\"}]},{\"@type\":\"WebSite\",\"@id\":\"https:\\\/\\\/medicinasinc.com\\\/ro\\\/#website\",\"url\":\"https:\\\/\\\/medicinasinc.com\\\/ro\\\/\",\"name\":\"Medicinas Inc\",\"description\":\"Health Medical Clinic\",\"potentialAction\":[{\"@type\":\"SearchAction\",\"target\":{\"@type\":\"EntryPoint\",\"urlTemplate\":\"https:\\\/\\\/medicinasinc.com\\\/ro\\\/?s={search_term_string}\"},\"query-input\":{\"@type\":\"PropertyValueSpecification\",\"valueRequired\":true,\"valueName\":\"search_term_string\"}}],\"inLanguage\":\"en-US\"}]}<\/script>\n<!-- \/ Yoast SEO plugin. -->","yoast_head_json":{"title":"Cump\u0103ra\u021bi ha\u0219u\u0219 nepalez - Cele mai bune medicamente globale","description":"Buy Nepalese Stick Hash Online Nepalese se refer\u0103 la orice tulpin\u0103 care cre\u0219te naiv \u00een regiunea Nepal. Comanda\u021bi iarba online, aceste soiuri indigene.","robots":{"index":"index","follow":"follow","max-snippet":"max-snippet:-1","max-image-preview":"max-image-preview:large","max-video-preview":"max-video-preview:-1"},"canonical":"https:\/\/medicinasinc.com\/ro\/product\/buy-nepalese-stick-hash\/","og_locale":"en_US","og_type":"article","og_title":"Cump\u0103ra\u021bi ha\u0219u\u0219 nepalez - Cele mai bune medicamente globale","og_description":"Buy Nepalese Stick Hash Online Nepalese se refer\u0103 la orice tulpin\u0103 care cre\u0219te naiv \u00een regiunea Nepal. Comanda\u021bi iarba online, aceste soiuri indigene.","og_url":"https:\/\/medicinasinc.com\/ro\/product\/buy-nepalese-stick-hash\/","og_site_name":"Medicinas Inc","article_modified_time":"2022-03-22T01:16:48+00:00","og_image":[{"width":600,"height":600,"url":"https:\/\/medicinasinc.com\/ro\/wp-content\/uploads\/sites\/11\/2022\/02\/Buy-Nepalese-Stick-Hash.jpg","type":"image\/jpeg"}],"twitter_card":"summary_large_image","twitter_misc":{"Est. reading time":"2 minutes"},"schema":{"@context":"https:\/\/schema.org","@graph":[{"@type":"WebPage","@id":"https:\/\/medicinasinc.com\/ro\/product\/buy-nepalese-stick-hash\/","url":"https:\/\/medicinasinc.com\/ro\/product\/buy-nepalese-stick-hash\/","name":"Cump\u0103ra\u021bi ha\u0219u\u0219 nepalez - Cele mai bune medicamente globale","isPartOf":{"@id":"https:\/\/medicinasinc.com\/ro\/#website"},"primaryImageOfPage":{"@id":"https:\/\/medicinasinc.com\/ro\/product\/buy-nepalese-stick-hash\/#primaryimage"},"image":{"@id":"https:\/\/medicinasinc.com\/ro\/product\/buy-nepalese-stick-hash\/#primaryimage"},"thumbnailUrl":"https:\/\/medicinasinc.com\/ro\/wp-content\/uploads\/sites\/11\/2022\/02\/Buy-Nepalese-Stick-Hash.jpg","datePublished":"2022-02-20T15:05:15+00:00","dateModified":"2022-03-22T01:16:48+00:00","description":"Buy Nepalese Stick Hash Online Nepalese se refer\u0103 la orice tulpin\u0103 care cre\u0219te naiv \u00een regiunea Nepal. Comanda\u021bi iarba online, aceste soiuri indigene.","breadcrumb":{"@id":"https:\/\/medicinasinc.com\/ro\/product\/buy-nepalese-stick-hash\/#breadcrumb"},"inLanguage":"en-US","potentialAction":[{"@type":"ReadAction","target":["https:\/\/medicinasinc.com\/ro\/product\/buy-nepalese-stick-hash\/"]}]},{"@type":"ImageObject","inLanguage":"en-US","@id":"https:\/\/medicinasinc.com\/ro\/product\/buy-nepalese-stick-hash\/#primaryimage","url":"https:\/\/medicinasinc.com\/ro\/wp-content\/uploads\/sites\/11\/2022\/02\/Buy-Nepalese-Stick-Hash.jpg","contentUrl":"https:\/\/medicinasinc.com\/ro\/wp-content\/uploads\/sites\/11\/2022\/02\/Buy-Nepalese-Stick-Hash.jpg","width":600,"height":600},{"@type":"BreadcrumbList","@id":"https:\/\/medicinasinc.com\/ro\/product\/buy-nepalese-stick-hash\/#breadcrumb","itemListElement":[{"@type":"ListItem","position":1,"name":"Magazin","item":"https:\/\/medicinasinc.com\/ro\/magazin\/"},{"@type":"ListItem","position":2,"name":"Cump\u0103ra\u021bi nepalez Stick Hash"}]},{"@type":"WebSite","@id":"https:\/\/medicinasinc.com\/ro\/#website","url":"https:\/\/medicinasinc.com\/ro\/","name":"Medicinas Inc","description":"Health Medical Clinic","potentialAction":[{"@type":"SearchAction","target":{"@type":"EntryPoint","urlTemplate":"https:\/\/medicinasinc.com\/ro\/?s={search_term_string}"},"query-input":{"@type":"PropertyValueSpecification","valueRequired":true,"valueName":"search_term_string"}}],"inLanguage":"en-US"}]}},"_links":{"self":[{"href":"https:\/\/medicinasinc.com\/ro\/wp-json\/wp\/v2\/product\/4717","targetHints":{"allow":["GET"]}}],"collection":[{"href":"https:\/\/medicinasinc.com\/ro\/wp-json\/wp\/v2\/product"}],"about":[{"href":"https:\/\/medicinasinc.com\/ro\/wp-json\/wp\/v2\/types\/product"}],"replies":[{"embeddable":true,"href":"https:\/\/medicinasinc.com\/ro\/wp-json\/wp\/v2\/comments?post=4717"}],"wp:featuredmedia":[{"embeddable":true,"href":"https:\/\/medicinasinc.com\/ro\/wp-json\/wp\/v2\/media\/4730"}],"wp:attachment":[{"href":"https:\/\/medicinasinc.com\/ro\/wp-json\/wp\/v2\/media?parent=4717"}],"wp:term":[{"taxonomy":"product_brand","embeddable":true,"href":"https:\/\/medicinasinc.com\/ro\/wp-json\/wp\/v2\/product_brand?post=4717"},{"taxonomy":"product_cat","embeddable":true,"href":"https:\/\/medicinasinc.com\/ro\/wp-json\/wp\/v2\/product_cat?post=4717"},{"taxonomy":"product_tag","embeddable":true,"href":"https:\/\/medicinasinc.com\/ro\/wp-json\/wp\/v2\/product_tag?post=4717"}],"curies":[{"name":"wp","href":"https:\/\/api.w.org\/{rel}","templated":true}]}}