{"id":4716,"date":"2022-02-20T15:05:01","date_gmt":"2022-02-20T15:05:01","guid":{"rendered":"https:\/\/medicinasinc.com\/ro\/?post_type=product&#038;p=4716"},"modified":"2022-03-22T01:17:00","modified_gmt":"2022-03-22T01:17:00","slug":"cumpara-nederhas-hasis","status":"publish","type":"product","link":"https:\/\/medicinasinc.com\/ro\/product\/cumpara-nederhas-hasis\/","title":{"rendered":"Cump\u0103ra\u021bi Ha\u0219i\u0219 Nederhash"},"content":{"rendered":"<p>Achizi\u021bia online de Nederhash Ha\u0219i\u0219<\/p>\n<p>Ce este exact un ha\u0219i\u0219? Ha\u0219ul este extras din plantele de canabis cultivate \u00een \u021a\u0103rile de Jos. Plantele sunt de obicei cultivate \u00een interior, dar exist\u0103 \u0219i c\u00e2teva dezvolt\u0103ri \u00een aer liber \u0219i \u00een ser\u0103. Genera\u021bie: tehnicile de asamblare variaz\u0103 \u00een func\u021bie de produc\u0103tor. \u00cen timp ce cea mai mare parte a ha\u0219ului este livrat\u0103 prin screening, a\u0219a cum este cazul \u00een Maroc, o cantitate mic\u0103 de ha\u0219uri cur\u0103\u021bate manual este, de asemenea, produs\u0103 folosind strategia afgan\u0103 (care, evident, este mult \u00eembun\u0103t\u0103\u021bit\u0103). \u00cen orice caz, doar o mic\u0103 cantitate de iarb\u0103 este modificat\u0103 \u00een ha\u0219i\u0219. Umbrire: \u00cen general, foarte verde, dar aceasta variaz\u0103 \u00een func\u021bie de tipul de buruian\u0103 utilizat \u0219i de produc\u0103tor. Miros: de obicei ierboas\u0103 sau skunky, dar acest lucru depinde de tipul de buruian\u0103. Gust: identic cu cel men\u021bionat anterior. Consisten\u021b\u0103: o mare parte de ha\u0219i\u0219 olandez nu este stors cu precizie (aceasta este o manoper\u0103), iar boturile sunt de obicei separate prea eficient. \u00cen orice caz, consisten\u021ba s-a \u00eembun\u0103t\u0103\u021bit recent \u0219i par s\u0103 se adapteze rapid. Evident, cele precedente nu se refer\u0103 la Hash cur\u0103\u021bat manual, care este extrem de delicat, asem\u0103n\u0103tor cu afganul. De obicei, ha\u0219ul este compus din capete de femeie care au fost zdrobite \u0219i stoarse sub \u00eenc\u0103rc\u0103turi enorme pentru a crea o neregularitate puternic\u0103 care se pudreaz\u0103 complet. Tipul de High variaz\u0103 \u00een func\u021bie de tulpina de Weed folosit\u0103, dar \u00een cea mai mare parte, high-ul este foarte dinamic \u0219i cerebral. Intensitate: De la puternic la puternic, acest material dep\u0103\u0219e\u0219te orice alt tip de Hash disponibil utilizatorului obi\u0219nuit. Dep\u0103\u0219e\u0219te chiar \u0219i majoritatea nepalenilor \u0219i aproape fiecare afgan binevoitor. (Con\u021bine p\u00e2n\u0103 la 59 la sut\u0103 THC) Disponibilitate: Extrem de rar \u00een afara \u021a\u0103rilor de Jos \u0219i a \u021b\u0103rilor \u00eenvecinate. Nu mi-a\u0219 \u021bine respira\u021bia a\u0219tept\u00e2nd ca asta s\u0103 apar\u0103 pe pia\u021ba britanic\u0103. \u00cen general, calitatea variaz\u0103, dar costul este \u00eentotdeauna ridicat. Nu exist\u0103 o clasificare standard pentru Hash-ul olandez. Sensi-Hash este numele dat pudrei extraordinare, care este \u00een esen\u021b\u0103 pietre pre\u021bioase de THC foarte dens.<\/p>\n<p>Cum este creat Ha\u0219ul?<\/p>\n<p>Majoritatea ha\u0219ului este produs\u0103 prin frecarea plantelor uscate \u00eempotriva unei ochiuri foarte fine. Dup\u0103 aceea, tricomii cad prin sit\u0103, separ\u00e2ndu-i de materialul vegetal. Glandele de r\u0103\u0219in\u0103 sunt apoi \u00eenc\u0103lzite \u0219i comprimate pentru a forma o mas\u0103 coerent\u0103 de ha\u0219i\u0219.<\/p>\n<p>Ha\u0219i\u0219 vs. Marijuana?<\/p>\n<p>Pentru a \u00eencepe, leg\u0103tura evident\u0103 dintre marijuana \u0219i ha\u0219i\u0219 este c\u0103 ambele sunt derivate din aceea\u0219i plant\u0103 de canabis. Dup\u0103 cum probabil \u0219ti\u021bi deja, ghiveciul este bobocul floral al plantei femele de canabis. Buruiana de hash este compus\u0103 din aceia\u0219i muguri ca \u0219i marijuana, dar este procesat\u0103 diferit. \u00cen timp ce o plant\u0103 de canabis este \u00een plin\u0103 floare, mugurii florali sunt recolta\u021bi, iar un fermier va proceda apoi \u00een una din cele dou\u0103 direc\u021bii. \u00cen cazul ha\u0219ului, florile vor fi at\u00e2rnate la uscat. Produsul rezultat este planta cu care suntem familiariza\u021bi cu to\u021bii, dup\u0103 ce fiecare s\u0103m\u00e2n\u021b\u0103, prim\u0103var\u0103 \u0219i surplus de frunze sunt \u00eendep\u0103rtate. Depinde \u00een \u00eentregime de dvs. dac\u0103 prefera\u021bi marijuana sau ha\u0219i\u0219, dar singura modalitate de a ob\u021bine acces la toate beneficiile canabisului este prin educa\u021bie personal\u0103. Face\u021bi cercet\u0103ri \u00eenainte de a fumat \u0219i, ca \u00eentotdeauna, abona\u021bi-v\u0103 la buletinul nostru informativ pentru sfaturi \u0219i trucuri suplimentare!<\/p>\n<p>Ce este exact ha\u0219i\u0219ul?<\/p>\n<p>Ce este o substan\u021b\u0103 ha\u0219i\u0219? Ha\u0219i\u0219ul, denumit alternativ \u201eha\u0219\u201d, este un tip de muguri de marijuana creat prin comprimarea \u0219i procesarea tricomilor plantei de canabis. De obicei, se fumeaz\u0103 \u00eentr-o pip\u0103, bong, vaporizator sau articula\u021bie, dar poate fi consumat \u0219i pe cale oral\u0103. Cum se produce ha\u0219i\u0219ul? Achizi\u021bionarea online a Nederhash Ha\u0219i\u0219, Ha\u0219i\u0219ul este produs prin separarea acestor tricomi de mugurii, frunzele \u0219i tulpinile plantei \u0219i \u00eenc\u0103lzirea\/apasarea lor pentru a crea o substan\u021b\u0103 puternic\u0103.<\/p>\n<p>Cum s\u0103 rula\u021bi un rost cu ha\u0219i\u0219?<\/p>\n<p>Combin\u0103-l cu iarb\u0103 \u0219i tutun \u00eentr-un spliff. Dac\u0103 ave\u021bi un bloc uscat, pute\u021bi pur \u0219i simplu s\u0103-l zdrobi\u021bi sau s\u0103 desp\u0103r\u021bi\u021bi pietricele mici \u0219i s\u0103-l \u00eencorpora\u021bi \u00een rularea dvs. comun\u0103. Combina\u021bi-l cu tutun sau marijuana. A doua metod\u0103 implic\u0103 un high mai intens, pe care probabil \u00eel vei c\u0103uta dac\u0103 e\u0219ti un c\u0103ut\u0103tor de aventur\u0103. Cel mai bun mod de a rula un rost de ha\u0219 este s\u0103 sparge\u021bi ha\u0219ul \u0219i s\u0103 \u00eel combina\u021bi cu buruiana. Acesta este cu adev\u0103rat cel mai bun mod de a fuma ha\u0219, deoarece este u\u0219or de \u00eemp\u0103r\u021bit, iar aroma de ha\u0219 \u00eembun\u0103t\u0103\u021be\u0219te doobie. Ha\u0219i\u0219ul este legal \u00een Statele Unite? De\u0219i v\u00e2nzarea de canabis a fost interzis\u0103 \u00een 1989, legile sunt rareori aplicate, iar drogul este v\u00e2ndut \u00een mod deschis \u00een multe p\u0103r\u021bi ale \u021b\u0103rii. Barbados, legal pentru uz spiritual de c\u0103tre organiza\u021biile religioase \u00eenregistrate<\/p>\n<p>Care sunt efectele ha\u0219i\u0219ului?<\/p>\n<p>Pe termen scurt, utilizarea ha\u0219i\u0219ului poate duce la dificult\u0103\u021bi de memorie \u0219i de \u00eenv\u0103\u021bare; percep\u021bie distorsionat\u0103 (viziuni, sunete, timp, atingere); dificult\u0103\u021bi de g\u00e2ndire \u0219i de rezolvare a problemelor; pierderea coordon\u0103rii; \u0219i cre\u0219terea frecven\u021bei cardiace, anxietate \u0219i atacuri de panic\u0103. Datorit\u0103 concentra\u021biei mari de THC \u00een ha\u0219 \u0219i alte concentrate, efectele pot fi mai intense.<\/p>\n<p>Bubble hash este un concentrat de canabis format din mii de tricomi, sau glande r\u0103\u0219inoase, care au fost extrase din planta\u021bi folosind ap\u0103 cu ghea\u021b\u0103, agitare \u0219i o sit\u0103. Termenul \u201ebubble hash\u201d se refer\u0103 la felul \u00een care bule atunci c\u00e2nd este expus la flac\u0103r\u0103. \u00cen plus, pungile folosite pentru a-l face acas\u0103 sunt denumite \u201epungi cu bule\u201d.<\/p>\n<p>Hash Plant, un clasic Sensi Seeds, r\u0103m\u00e2ne compact pe toat\u0103 perioada ei de \u00eenflorire ultrascurt\u0103. Acest produs 90% din India este rezultatul unei selec\u021bii genetice meticuloase, care a inclus \u00eencruci\u0219area enigmaticei plante Hash din Statele Unite cu Northern Lights.<\/p>\n","protected":false},"excerpt":{"rendered":"<p>Achizi\u021bie online de Nederhash Ha\u0219i\u0219,\u00a0 Cump\u0103ra\u021bi marijuana medical\u0103 \u00een Germania De unde pot cump\u0103ra online droguri ilegale? Farmacii online din apropierea mea V\u00e2nz\u0103ri de medicamente pe Dark Web.<\/p>\n<p>&nbsp;<\/p>\n","protected":false},"featured_media":4728,"comment_status":"open","ping_status":"closed","template":"","meta":[],"product_brand":[],"product_cat":[610],"product_tag":[],"class_list":{"0":"post-4716","1":"product","2":"type-product","3":"status-publish","4":"has-post-thumbnail","6":"product_cat-cumparati-hasis-hasis","8":"first","9":"instock","10":"shipping-taxable","11":"purchasable","12":"product-type-variable","13":"has-default-attributes"},"yoast_head":"<!-- This site is optimized with the Yoast SEO plugin v27.3 - https:\/\/yoast.com\/product\/yoast-seo-wordpress\/ -->\n<title>Cump\u0103ra\u021bi Ha\u0219i\u0219 Nederhash - Cele mai bune medicamente globale<\/title>\n<meta name=\"description\" content=\"Cump\u0103ra\u021bi Nederhash Ha\u0219i\u0219 Online Cump\u0103ra\u021bi iarb\u0103 medical\u0103 \u00een Germania De unde s\u0103 cump\u0103ra\u021bi droguri ilegale online Medicamente de v\u00e2nzare online \u00een apropiere de mine Medicamente din v\u00e2nz\u0103rile Dark web.\" \/>\n<meta name=\"robots\" content=\"index, follow, max-snippet:-1, max-image-preview:large, max-video-preview:-1\" \/>\n<link rel=\"canonical\" href=\"https:\/\/medicinasinc.com\/ro\/product\/cumpara-nederhas-hasis\/\" \/>\n<meta property=\"og:locale\" content=\"en_US\" \/>\n<meta property=\"og:type\" content=\"article\" \/>\n<meta property=\"og:title\" content=\"Cump\u0103ra\u021bi Ha\u0219i\u0219 Nederhash - Cele mai bune medicamente globale\" \/>\n<meta property=\"og:description\" content=\"Cump\u0103ra\u021bi Nederhash Ha\u0219i\u0219 Online Cump\u0103ra\u021bi iarb\u0103 medical\u0103 \u00een Germania De unde s\u0103 cump\u0103ra\u021bi droguri ilegale online Medicamente de v\u00e2nzare online \u00een apropiere de mine Medicamente din v\u00e2nz\u0103rile Dark web.\" \/>\n<meta property=\"og:url\" content=\"https:\/\/medicinasinc.com\/ro\/product\/cumpara-nederhas-hasis\/\" \/>\n<meta property=\"og:site_name\" content=\"Medicinas Inc\" \/>\n<meta property=\"article:modified_time\" content=\"2022-03-22T01:17:00+00:00\" \/>\n<meta property=\"og:image\" content=\"https:\/\/medicinasinc.com\/ro\/wp-content\/uploads\/sites\/11\/2022\/02\/Buy-Nederhash-Hashish-Online.jpg\" \/>\n\t<meta property=\"og:image:width\" content=\"600\" \/>\n\t<meta property=\"og:image:height\" content=\"600\" \/>\n\t<meta property=\"og:image:type\" content=\"image\/jpeg\" \/>\n<meta name=\"twitter:card\" content=\"summary_large_image\" \/>\n<meta name=\"twitter:label1\" content=\"Est. reading time\" \/>\n\t<meta name=\"twitter:data1\" content=\"4 minutes\" \/>\n<script type=\"application\/ld+json\" class=\"yoast-schema-graph\">{\"@context\":\"https:\\\/\\\/schema.org\",\"@graph\":[{\"@type\":\"WebPage\",\"@id\":\"https:\\\/\\\/medicinasinc.com\\\/ro\\\/product\\\/cumpara-nederhas-hasis\\\/\",\"url\":\"https:\\\/\\\/medicinasinc.com\\\/ro\\\/product\\\/cumpara-nederhas-hasis\\\/\",\"name\":\"Cump\u0103ra\u021bi Ha\u0219i\u0219 Nederhash - Cele mai bune medicamente globale\",\"isPartOf\":{\"@id\":\"https:\\\/\\\/medicinasinc.com\\\/ro\\\/#website\"},\"primaryImageOfPage\":{\"@id\":\"https:\\\/\\\/medicinasinc.com\\\/ro\\\/product\\\/cumpara-nederhas-hasis\\\/#primaryimage\"},\"image\":{\"@id\":\"https:\\\/\\\/medicinasinc.com\\\/ro\\\/product\\\/cumpara-nederhas-hasis\\\/#primaryimage\"},\"thumbnailUrl\":\"https:\\\/\\\/medicinasinc.com\\\/ro\\\/wp-content\\\/uploads\\\/sites\\\/11\\\/2022\\\/02\\\/Buy-Nederhash-Hashish-Online.jpg\",\"datePublished\":\"2022-02-20T15:05:01+00:00\",\"dateModified\":\"2022-03-22T01:17:00+00:00\",\"description\":\"Cump\u0103ra\u021bi Nederhash Ha\u0219i\u0219 Online Cump\u0103ra\u021bi iarb\u0103 medical\u0103 \u00een Germania De unde s\u0103 cump\u0103ra\u021bi droguri ilegale online Medicamente de v\u00e2nzare online \u00een apropiere de mine Medicamente din v\u00e2nz\u0103rile Dark web.\",\"breadcrumb\":{\"@id\":\"https:\\\/\\\/medicinasinc.com\\\/ro\\\/product\\\/cumpara-nederhas-hasis\\\/#breadcrumb\"},\"inLanguage\":\"en-US\",\"potentialAction\":[{\"@type\":\"ReadAction\",\"target\":[\"https:\\\/\\\/medicinasinc.com\\\/ro\\\/product\\\/cumpara-nederhas-hasis\\\/\"]}]},{\"@type\":\"ImageObject\",\"inLanguage\":\"en-US\",\"@id\":\"https:\\\/\\\/medicinasinc.com\\\/ro\\\/product\\\/cumpara-nederhas-hasis\\\/#primaryimage\",\"url\":\"https:\\\/\\\/medicinasinc.com\\\/ro\\\/wp-content\\\/uploads\\\/sites\\\/11\\\/2022\\\/02\\\/Buy-Nederhash-Hashish-Online.jpg\",\"contentUrl\":\"https:\\\/\\\/medicinasinc.com\\\/ro\\\/wp-content\\\/uploads\\\/sites\\\/11\\\/2022\\\/02\\\/Buy-Nederhash-Hashish-Online.jpg\",\"width\":600,\"height\":600},{\"@type\":\"BreadcrumbList\",\"@id\":\"https:\\\/\\\/medicinasinc.com\\\/ro\\\/product\\\/cumpara-nederhas-hasis\\\/#breadcrumb\",\"itemListElement\":[{\"@type\":\"ListItem\",\"position\":1,\"name\":\"Magazin\",\"item\":\"https:\\\/\\\/medicinasinc.com\\\/ro\\\/magazin\\\/\"},{\"@type\":\"ListItem\",\"position\":2,\"name\":\"Cump\u0103ra\u021bi Ha\u0219i\u0219 Nederhash\"}]},{\"@type\":\"WebSite\",\"@id\":\"https:\\\/\\\/medicinasinc.com\\\/ro\\\/#website\",\"url\":\"https:\\\/\\\/medicinasinc.com\\\/ro\\\/\",\"name\":\"Medicinas Inc\",\"description\":\"Health Medical Clinic\",\"potentialAction\":[{\"@type\":\"SearchAction\",\"target\":{\"@type\":\"EntryPoint\",\"urlTemplate\":\"https:\\\/\\\/medicinasinc.com\\\/ro\\\/?s={search_term_string}\"},\"query-input\":{\"@type\":\"PropertyValueSpecification\",\"valueRequired\":true,\"valueName\":\"search_term_string\"}}],\"inLanguage\":\"en-US\"}]}<\/script>\n<!-- \/ Yoast SEO plugin. -->","yoast_head_json":{"title":"Cump\u0103ra\u021bi Ha\u0219i\u0219 Nederhash - Cele mai bune medicamente globale","description":"Cump\u0103ra\u021bi Nederhash Ha\u0219i\u0219 Online Cump\u0103ra\u021bi iarb\u0103 medical\u0103 \u00een Germania De unde s\u0103 cump\u0103ra\u021bi droguri ilegale online Medicamente de v\u00e2nzare online \u00een apropiere de mine Medicamente din v\u00e2nz\u0103rile Dark web.","robots":{"index":"index","follow":"follow","max-snippet":"max-snippet:-1","max-image-preview":"max-image-preview:large","max-video-preview":"max-video-preview:-1"},"canonical":"https:\/\/medicinasinc.com\/ro\/product\/cumpara-nederhas-hasis\/","og_locale":"en_US","og_type":"article","og_title":"Cump\u0103ra\u021bi Ha\u0219i\u0219 Nederhash - Cele mai bune medicamente globale","og_description":"Cump\u0103ra\u021bi Nederhash Ha\u0219i\u0219 Online Cump\u0103ra\u021bi iarb\u0103 medical\u0103 \u00een Germania De unde s\u0103 cump\u0103ra\u021bi droguri ilegale online Medicamente de v\u00e2nzare online \u00een apropiere de mine Medicamente din v\u00e2nz\u0103rile Dark web.","og_url":"https:\/\/medicinasinc.com\/ro\/product\/cumpara-nederhas-hasis\/","og_site_name":"Medicinas Inc","article_modified_time":"2022-03-22T01:17:00+00:00","og_image":[{"width":600,"height":600,"url":"https:\/\/medicinasinc.com\/ro\/wp-content\/uploads\/sites\/11\/2022\/02\/Buy-Nederhash-Hashish-Online.jpg","type":"image\/jpeg"}],"twitter_card":"summary_large_image","twitter_misc":{"Est. reading time":"4 minutes"},"schema":{"@context":"https:\/\/schema.org","@graph":[{"@type":"WebPage","@id":"https:\/\/medicinasinc.com\/ro\/product\/cumpara-nederhas-hasis\/","url":"https:\/\/medicinasinc.com\/ro\/product\/cumpara-nederhas-hasis\/","name":"Cump\u0103ra\u021bi Ha\u0219i\u0219 Nederhash - Cele mai bune medicamente globale","isPartOf":{"@id":"https:\/\/medicinasinc.com\/ro\/#website"},"primaryImageOfPage":{"@id":"https:\/\/medicinasinc.com\/ro\/product\/cumpara-nederhas-hasis\/#primaryimage"},"image":{"@id":"https:\/\/medicinasinc.com\/ro\/product\/cumpara-nederhas-hasis\/#primaryimage"},"thumbnailUrl":"https:\/\/medicinasinc.com\/ro\/wp-content\/uploads\/sites\/11\/2022\/02\/Buy-Nederhash-Hashish-Online.jpg","datePublished":"2022-02-20T15:05:01+00:00","dateModified":"2022-03-22T01:17:00+00:00","description":"Cump\u0103ra\u021bi Nederhash Ha\u0219i\u0219 Online Cump\u0103ra\u021bi iarb\u0103 medical\u0103 \u00een Germania De unde s\u0103 cump\u0103ra\u021bi droguri ilegale online Medicamente de v\u00e2nzare online \u00een apropiere de mine Medicamente din v\u00e2nz\u0103rile Dark web.","breadcrumb":{"@id":"https:\/\/medicinasinc.com\/ro\/product\/cumpara-nederhas-hasis\/#breadcrumb"},"inLanguage":"en-US","potentialAction":[{"@type":"ReadAction","target":["https:\/\/medicinasinc.com\/ro\/product\/cumpara-nederhas-hasis\/"]}]},{"@type":"ImageObject","inLanguage":"en-US","@id":"https:\/\/medicinasinc.com\/ro\/product\/cumpara-nederhas-hasis\/#primaryimage","url":"https:\/\/medicinasinc.com\/ro\/wp-content\/uploads\/sites\/11\/2022\/02\/Buy-Nederhash-Hashish-Online.jpg","contentUrl":"https:\/\/medicinasinc.com\/ro\/wp-content\/uploads\/sites\/11\/2022\/02\/Buy-Nederhash-Hashish-Online.jpg","width":600,"height":600},{"@type":"BreadcrumbList","@id":"https:\/\/medicinasinc.com\/ro\/product\/cumpara-nederhas-hasis\/#breadcrumb","itemListElement":[{"@type":"ListItem","position":1,"name":"Magazin","item":"https:\/\/medicinasinc.com\/ro\/magazin\/"},{"@type":"ListItem","position":2,"name":"Cump\u0103ra\u021bi Ha\u0219i\u0219 Nederhash"}]},{"@type":"WebSite","@id":"https:\/\/medicinasinc.com\/ro\/#website","url":"https:\/\/medicinasinc.com\/ro\/","name":"Medicinas Inc","description":"Health Medical Clinic","potentialAction":[{"@type":"SearchAction","target":{"@type":"EntryPoint","urlTemplate":"https:\/\/medicinasinc.com\/ro\/?s={search_term_string}"},"query-input":{"@type":"PropertyValueSpecification","valueRequired":true,"valueName":"search_term_string"}}],"inLanguage":"en-US"}]}},"_links":{"self":[{"href":"https:\/\/medicinasinc.com\/ro\/wp-json\/wp\/v2\/product\/4716","targetHints":{"allow":["GET"]}}],"collection":[{"href":"https:\/\/medicinasinc.com\/ro\/wp-json\/wp\/v2\/product"}],"about":[{"href":"https:\/\/medicinasinc.com\/ro\/wp-json\/wp\/v2\/types\/product"}],"replies":[{"embeddable":true,"href":"https:\/\/medicinasinc.com\/ro\/wp-json\/wp\/v2\/comments?post=4716"}],"wp:featuredmedia":[{"embeddable":true,"href":"https:\/\/medicinasinc.com\/ro\/wp-json\/wp\/v2\/media\/4728"}],"wp:attachment":[{"href":"https:\/\/medicinasinc.com\/ro\/wp-json\/wp\/v2\/media?parent=4716"}],"wp:term":[{"taxonomy":"product_brand","embeddable":true,"href":"https:\/\/medicinasinc.com\/ro\/wp-json\/wp\/v2\/product_brand?post=4716"},{"taxonomy":"product_cat","embeddable":true,"href":"https:\/\/medicinasinc.com\/ro\/wp-json\/wp\/v2\/product_cat?post=4716"},{"taxonomy":"product_tag","embeddable":true,"href":"https:\/\/medicinasinc.com\/ro\/wp-json\/wp\/v2\/product_tag?post=4716"}],"curies":[{"name":"wp","href":"https:\/\/api.w.org\/{rel}","templated":true}]}}