{"id":4701,"date":"2022-02-20T14:53:39","date_gmt":"2022-02-20T14:53:39","guid":{"rendered":"https:\/\/medicinasinc.com\/ro\/?post_type=product&#038;p=4701"},"modified":"2022-03-22T01:17:08","modified_gmt":"2022-03-22T01:17:08","slug":"buy-marocan-caramel-hash","status":"publish","type":"product","link":"https:\/\/medicinasinc.com\/ro\/product\/buy-marocan-caramel-hash\/","title":{"rendered":"Cump\u0103ra\u021bi marocan Caramello Hash"},"content":{"rendered":"<p>Cump\u0103ra\u021bi Caramello Hash din Maroc<\/p>\n<p>Cump\u0103ra\u021bi Caramello Hash din Maroc. Marocan Caramello Hash este o clon\u0103 a plantei de ha\u0219. Este, \u00een general, legal \u0219i va r\u0103m\u00e2ne legal p\u00e2n\u0103 la sf\u00e2r\u0219itul timpului. Nu con\u021bine THC, canabinoizi artificiali \u0219i al\u021bi canabinoizi sintetici de calitate pentru cercetare (cum ar fi JWH-018, JWH-073, JWH-250, AM-2209 \u0219i a\u0219a mai departe). Este aproape sigur cel mai bun hash legal disponibil. Folosim doar materiale naturale, bogate \u00een nutrien\u021bi. Se pare c\u0103 ha\u0219ul arat\u0103 ca ha\u0219i\u0219, se simte ca ha\u0219i\u0219, miroase a c\u00e2nep\u0103 \u0219i are un gust \u00een general excelent. Ha\u0219i\u0219ul marocan Caramello Hash este doar pu\u021bin mai \u00eenchis dec\u00e2t celelalte produse ale noastre. Dac\u0103 sunte\u021bi curios \u00een leg\u0103tur\u0103 cu produsele noastre, v\u0103 recomand\u0103m s\u0103 cump\u0103ra\u021bi mai \u00eent\u00e2i un exemplu de pachet. Achizi\u021biona\u021bi medicamente legale online.<\/p>\n","protected":false},"excerpt":{"rendered":"<div class=\"woocommerce-product-details__short-description\">\n<p>Marocan Caramello Hash este disponibil pentru cump\u0103rare online \u0219i con\u021bine 5 g de ulei esen\u021bial de c\u00e2nep\u0103. Marocan Caramello Hash este un produs natural de canabis.<\/p>\n<p>ACCEPTEM NUMAI PLATI PRIN WESTERN UNION, MONEY GRAM SAU BTC. Termenul de livrare este de aproximativ trei zile sau dou\u0103zeci \u0219i patru de ore.<\/p>\n<\/p><\/div>\n","protected":false},"featured_media":4714,"comment_status":"open","ping_status":"closed","template":"","meta":[],"product_brand":[],"product_cat":[610],"product_tag":[],"class_list":{"0":"post-4701","1":"product","2":"type-product","3":"status-publish","4":"has-post-thumbnail","6":"product_cat-cumparati-hasis-hasis","8":"first","9":"instock","10":"shipping-taxable","11":"purchasable","12":"product-type-variable","13":"has-default-attributes"},"yoast_head":"<!-- This site is optimized with the Yoast SEO plugin v27.3 - https:\/\/yoast.com\/product\/yoast-seo-wordpress\/ -->\n<title>Cump\u0103ra\u021bi marocan Caramello Hash - Cele mai bune medicamente globale<\/title>\n<meta name=\"description\" content=\"Cump\u0103ra\u021bi Hash Marocan Caramello Online, con\u021bine 5g de ulei esen\u021bial de c\u00e2nep\u0103. Marocan Caramello Hash este un produs de hash 100% natural.\" \/>\n<meta name=\"robots\" content=\"index, follow, max-snippet:-1, max-image-preview:large, max-video-preview:-1\" \/>\n<link rel=\"canonical\" href=\"https:\/\/medicinasinc.com\/ro\/product\/buy-marocan-caramel-hash\/\" \/>\n<meta property=\"og:locale\" content=\"en_US\" \/>\n<meta property=\"og:type\" content=\"article\" \/>\n<meta property=\"og:title\" content=\"Cump\u0103ra\u021bi marocan Caramello Hash - Cele mai bune medicamente globale\" \/>\n<meta property=\"og:description\" content=\"Cump\u0103ra\u021bi Hash Marocan Caramello Online, con\u021bine 5g de ulei esen\u021bial de c\u00e2nep\u0103. Marocan Caramello Hash este un produs de hash 100% natural.\" \/>\n<meta property=\"og:url\" content=\"https:\/\/medicinasinc.com\/ro\/product\/buy-marocan-caramel-hash\/\" \/>\n<meta property=\"og:site_name\" content=\"Medicinas Inc\" \/>\n<meta property=\"article:modified_time\" content=\"2022-03-22T01:17:08+00:00\" \/>\n<meta property=\"og:image\" content=\"https:\/\/medicinasinc.com\/ro\/wp-content\/uploads\/sites\/11\/2022\/02\/Buy-Moroccan-Caramello-Hash.jpg\" \/>\n\t<meta property=\"og:image:width\" content=\"600\" \/>\n\t<meta property=\"og:image:height\" content=\"600\" \/>\n\t<meta property=\"og:image:type\" content=\"image\/jpeg\" \/>\n<meta name=\"twitter:card\" content=\"summary_large_image\" \/>\n<meta name=\"twitter:label1\" content=\"Est. reading time\" \/>\n\t<meta name=\"twitter:data1\" content=\"1 minute\" \/>\n<script type=\"application\/ld+json\" class=\"yoast-schema-graph\">{\"@context\":\"https:\\\/\\\/schema.org\",\"@graph\":[{\"@type\":\"WebPage\",\"@id\":\"https:\\\/\\\/medicinasinc.com\\\/ro\\\/product\\\/buy-marocan-caramel-hash\\\/\",\"url\":\"https:\\\/\\\/medicinasinc.com\\\/ro\\\/product\\\/buy-marocan-caramel-hash\\\/\",\"name\":\"Cump\u0103ra\u021bi marocan Caramello Hash - Cele mai bune medicamente globale\",\"isPartOf\":{\"@id\":\"https:\\\/\\\/medicinasinc.com\\\/ro\\\/#website\"},\"primaryImageOfPage\":{\"@id\":\"https:\\\/\\\/medicinasinc.com\\\/ro\\\/product\\\/buy-marocan-caramel-hash\\\/#primaryimage\"},\"image\":{\"@id\":\"https:\\\/\\\/medicinasinc.com\\\/ro\\\/product\\\/buy-marocan-caramel-hash\\\/#primaryimage\"},\"thumbnailUrl\":\"https:\\\/\\\/medicinasinc.com\\\/ro\\\/wp-content\\\/uploads\\\/sites\\\/11\\\/2022\\\/02\\\/Buy-Moroccan-Caramello-Hash.jpg\",\"datePublished\":\"2022-02-20T14:53:39+00:00\",\"dateModified\":\"2022-03-22T01:17:08+00:00\",\"description\":\"Cump\u0103ra\u021bi Hash Marocan Caramello Online, con\u021bine 5g de ulei esen\u021bial de c\u00e2nep\u0103. Marocan Caramello Hash este un produs de hash 100% natural.\",\"breadcrumb\":{\"@id\":\"https:\\\/\\\/medicinasinc.com\\\/ro\\\/product\\\/buy-marocan-caramel-hash\\\/#breadcrumb\"},\"inLanguage\":\"en-US\",\"potentialAction\":[{\"@type\":\"ReadAction\",\"target\":[\"https:\\\/\\\/medicinasinc.com\\\/ro\\\/product\\\/buy-marocan-caramel-hash\\\/\"]}]},{\"@type\":\"ImageObject\",\"inLanguage\":\"en-US\",\"@id\":\"https:\\\/\\\/medicinasinc.com\\\/ro\\\/product\\\/buy-marocan-caramel-hash\\\/#primaryimage\",\"url\":\"https:\\\/\\\/medicinasinc.com\\\/ro\\\/wp-content\\\/uploads\\\/sites\\\/11\\\/2022\\\/02\\\/Buy-Moroccan-Caramello-Hash.jpg\",\"contentUrl\":\"https:\\\/\\\/medicinasinc.com\\\/ro\\\/wp-content\\\/uploads\\\/sites\\\/11\\\/2022\\\/02\\\/Buy-Moroccan-Caramello-Hash.jpg\",\"width\":600,\"height\":600},{\"@type\":\"BreadcrumbList\",\"@id\":\"https:\\\/\\\/medicinasinc.com\\\/ro\\\/product\\\/buy-marocan-caramel-hash\\\/#breadcrumb\",\"itemListElement\":[{\"@type\":\"ListItem\",\"position\":1,\"name\":\"Magazin\",\"item\":\"https:\\\/\\\/medicinasinc.com\\\/ro\\\/magazin\\\/\"},{\"@type\":\"ListItem\",\"position\":2,\"name\":\"Cump\u0103ra\u021bi marocan Caramello Hash\"}]},{\"@type\":\"WebSite\",\"@id\":\"https:\\\/\\\/medicinasinc.com\\\/ro\\\/#website\",\"url\":\"https:\\\/\\\/medicinasinc.com\\\/ro\\\/\",\"name\":\"Medicinas Inc\",\"description\":\"Health Medical Clinic\",\"potentialAction\":[{\"@type\":\"SearchAction\",\"target\":{\"@type\":\"EntryPoint\",\"urlTemplate\":\"https:\\\/\\\/medicinasinc.com\\\/ro\\\/?s={search_term_string}\"},\"query-input\":{\"@type\":\"PropertyValueSpecification\",\"valueRequired\":true,\"valueName\":\"search_term_string\"}}],\"inLanguage\":\"en-US\"}]}<\/script>\n<!-- \/ Yoast SEO plugin. -->","yoast_head_json":{"title":"Cump\u0103ra\u021bi marocan Caramello Hash - Cele mai bune medicamente globale","description":"Cump\u0103ra\u021bi Hash Marocan Caramello Online, con\u021bine 5g de ulei esen\u021bial de c\u00e2nep\u0103. Marocan Caramello Hash este un produs de hash 100% natural.","robots":{"index":"index","follow":"follow","max-snippet":"max-snippet:-1","max-image-preview":"max-image-preview:large","max-video-preview":"max-video-preview:-1"},"canonical":"https:\/\/medicinasinc.com\/ro\/product\/buy-marocan-caramel-hash\/","og_locale":"en_US","og_type":"article","og_title":"Cump\u0103ra\u021bi marocan Caramello Hash - Cele mai bune medicamente globale","og_description":"Cump\u0103ra\u021bi Hash Marocan Caramello Online, con\u021bine 5g de ulei esen\u021bial de c\u00e2nep\u0103. Marocan Caramello Hash este un produs de hash 100% natural.","og_url":"https:\/\/medicinasinc.com\/ro\/product\/buy-marocan-caramel-hash\/","og_site_name":"Medicinas Inc","article_modified_time":"2022-03-22T01:17:08+00:00","og_image":[{"width":600,"height":600,"url":"https:\/\/medicinasinc.com\/ro\/wp-content\/uploads\/sites\/11\/2022\/02\/Buy-Moroccan-Caramello-Hash.jpg","type":"image\/jpeg"}],"twitter_card":"summary_large_image","twitter_misc":{"Est. reading time":"1 minute"},"schema":{"@context":"https:\/\/schema.org","@graph":[{"@type":"WebPage","@id":"https:\/\/medicinasinc.com\/ro\/product\/buy-marocan-caramel-hash\/","url":"https:\/\/medicinasinc.com\/ro\/product\/buy-marocan-caramel-hash\/","name":"Cump\u0103ra\u021bi marocan Caramello Hash - Cele mai bune medicamente globale","isPartOf":{"@id":"https:\/\/medicinasinc.com\/ro\/#website"},"primaryImageOfPage":{"@id":"https:\/\/medicinasinc.com\/ro\/product\/buy-marocan-caramel-hash\/#primaryimage"},"image":{"@id":"https:\/\/medicinasinc.com\/ro\/product\/buy-marocan-caramel-hash\/#primaryimage"},"thumbnailUrl":"https:\/\/medicinasinc.com\/ro\/wp-content\/uploads\/sites\/11\/2022\/02\/Buy-Moroccan-Caramello-Hash.jpg","datePublished":"2022-02-20T14:53:39+00:00","dateModified":"2022-03-22T01:17:08+00:00","description":"Cump\u0103ra\u021bi Hash Marocan Caramello Online, con\u021bine 5g de ulei esen\u021bial de c\u00e2nep\u0103. Marocan Caramello Hash este un produs de hash 100% natural.","breadcrumb":{"@id":"https:\/\/medicinasinc.com\/ro\/product\/buy-marocan-caramel-hash\/#breadcrumb"},"inLanguage":"en-US","potentialAction":[{"@type":"ReadAction","target":["https:\/\/medicinasinc.com\/ro\/product\/buy-marocan-caramel-hash\/"]}]},{"@type":"ImageObject","inLanguage":"en-US","@id":"https:\/\/medicinasinc.com\/ro\/product\/buy-marocan-caramel-hash\/#primaryimage","url":"https:\/\/medicinasinc.com\/ro\/wp-content\/uploads\/sites\/11\/2022\/02\/Buy-Moroccan-Caramello-Hash.jpg","contentUrl":"https:\/\/medicinasinc.com\/ro\/wp-content\/uploads\/sites\/11\/2022\/02\/Buy-Moroccan-Caramello-Hash.jpg","width":600,"height":600},{"@type":"BreadcrumbList","@id":"https:\/\/medicinasinc.com\/ro\/product\/buy-marocan-caramel-hash\/#breadcrumb","itemListElement":[{"@type":"ListItem","position":1,"name":"Magazin","item":"https:\/\/medicinasinc.com\/ro\/magazin\/"},{"@type":"ListItem","position":2,"name":"Cump\u0103ra\u021bi marocan Caramello Hash"}]},{"@type":"WebSite","@id":"https:\/\/medicinasinc.com\/ro\/#website","url":"https:\/\/medicinasinc.com\/ro\/","name":"Medicinas Inc","description":"Health Medical Clinic","potentialAction":[{"@type":"SearchAction","target":{"@type":"EntryPoint","urlTemplate":"https:\/\/medicinasinc.com\/ro\/?s={search_term_string}"},"query-input":{"@type":"PropertyValueSpecification","valueRequired":true,"valueName":"search_term_string"}}],"inLanguage":"en-US"}]}},"_links":{"self":[{"href":"https:\/\/medicinasinc.com\/ro\/wp-json\/wp\/v2\/product\/4701","targetHints":{"allow":["GET"]}}],"collection":[{"href":"https:\/\/medicinasinc.com\/ro\/wp-json\/wp\/v2\/product"}],"about":[{"href":"https:\/\/medicinasinc.com\/ro\/wp-json\/wp\/v2\/types\/product"}],"replies":[{"embeddable":true,"href":"https:\/\/medicinasinc.com\/ro\/wp-json\/wp\/v2\/comments?post=4701"}],"wp:featuredmedia":[{"embeddable":true,"href":"https:\/\/medicinasinc.com\/ro\/wp-json\/wp\/v2\/media\/4714"}],"wp:attachment":[{"href":"https:\/\/medicinasinc.com\/ro\/wp-json\/wp\/v2\/media?parent=4701"}],"wp:term":[{"taxonomy":"product_brand","embeddable":true,"href":"https:\/\/medicinasinc.com\/ro\/wp-json\/wp\/v2\/product_brand?post=4701"},{"taxonomy":"product_cat","embeddable":true,"href":"https:\/\/medicinasinc.com\/ro\/wp-json\/wp\/v2\/product_cat?post=4701"},{"taxonomy":"product_tag","embeddable":true,"href":"https:\/\/medicinasinc.com\/ro\/wp-json\/wp\/v2\/product_tag?post=4701"}],"curies":[{"name":"wp","href":"https:\/\/api.w.org\/{rel}","templated":true}]}}