{"id":4700,"date":"2022-02-20T14:53:18","date_gmt":"2022-02-20T14:53:18","guid":{"rendered":"https:\/\/medicinasinc.com\/ro\/?post_type=product&#038;p=4700"},"modified":"2022-03-22T01:17:16","modified_gmt":"2022-03-22T01:17:16","slug":"buy-maroccan-primero-hash","status":"publish","type":"product","link":"https:\/\/medicinasinc.com\/ro\/product\/buy-maroccan-primero-hash\/","title":{"rendered":"Cump\u0103ra\u021bi marocan Primero Hash"},"content":{"rendered":"<p>Cump\u0103ra\u021bi marocan Primo Hash<\/p>\n<p>Cump\u0103ra\u021bi marocan Primo Hash. Moroccan Primero Hash este o clon\u0103 respectabil\u0103 de ha\u0219. Este, \u00een general, legal \u0219i va r\u0103m\u00e2ne legal p\u00e2n\u0103 la sf\u00e2r\u0219itul timpului. Nu con\u021bine THC, canabinoizi sintetici \u0219i alte substan\u021be sintetice de cercetare (cum ar fi JWH-018, JWH-073, JWH-250, AM-2209 \u0219i a\u0219a mai departe). Este probabil cea mai bun\u0103 clon\u0103 legal\u0103 de ha\u0219i\u0219 disponibil\u0103. Folosim doar materiale naturale, bogate \u00een nutrien\u021bi. Se pare c\u0103 ha\u0219ul arat\u0103 ca ha\u0219i\u0219, se simte ca ha\u0219i\u0219, miroase a c\u00e2nep\u0103 \u0219i are un gust minunat. Ha\u0219i\u0219ul marocan Primero este doar pu\u021bin mai \u00eenchis dec\u00e2t celelalte produse ale noastre. Dac\u0103 sunte\u021bi curios \u00een leg\u0103tur\u0103 cu produsele noastre, v\u0103 recomand\u0103m s\u0103 cump\u0103ra\u021bi mai \u00eent\u00e2i un exemplu de pachet. Achizi\u021biona\u021bi mai multe articole din clonare legal\u0103 pentru a economisi bani.<\/p>\n","protected":false},"excerpt":{"rendered":"<div class=\"woocommerce-product-details__short-description\">\n<p>cump\u0103ra\u021bi hash premiero marocan online la bestglobalmed cu livrare rapid\u0103 \u00een \u00eentreaga lume. Hash marocan de \u00eenalt\u0103 calitate de v\u00e2nzare. cump\u0103r\u0103 acum.<\/p>\n<\/p><\/div>\n","protected":false},"featured_media":4712,"comment_status":"open","ping_status":"closed","template":"","meta":[],"product_brand":[],"product_cat":[610],"product_tag":[685,686,683,684,687,688],"class_list":{"0":"post-4700","1":"product","2":"type-product","3":"status-publish","4":"has-post-thumbnail","6":"product_cat-cumparati-hasis-hasis","7":"product_tag-buy-moroc-caramello-online","8":"product_tag-buy-nepalese-temple-balls","9":"product_tag-cumpr-cumpr-bubble-hash-online","10":"product_tag-cumpr-cannabis-ulei-de-cocos","11":"product_tag-halls-strawberry-cough-drops","12":"product_tag-miere-marocan-blonda-hash","14":"first","15":"instock","16":"shipping-taxable","17":"purchasable","18":"product-type-variable","19":"has-default-attributes"},"yoast_head":"<!-- This site is optimized with the Yoast SEO plugin v27.3 - https:\/\/yoast.com\/product\/yoast-seo-wordpress\/ -->\n<title>Cump\u0103ra\u021bi marocan Primero Hash - Cele mai bune medicamente globale<\/title>\n<meta name=\"description\" content=\"cump\u0103ra\u021bi hash premiero marocan online la bestglobalmed cu livrare rapid\u0103 \u00een \u00eentreaga lume. Hash marocan de \u00eenalt\u0103 calitate de v\u00e2nzare. Cump\u0103r\u0103 acum.\" \/>\n<meta name=\"robots\" content=\"index, follow, max-snippet:-1, max-image-preview:large, max-video-preview:-1\" \/>\n<link rel=\"canonical\" href=\"https:\/\/medicinasinc.com\/ro\/product\/buy-maroccan-primero-hash\/\" \/>\n<meta property=\"og:locale\" content=\"en_US\" \/>\n<meta property=\"og:type\" content=\"article\" \/>\n<meta property=\"og:title\" content=\"Cump\u0103ra\u021bi marocan Primero Hash - Cele mai bune medicamente globale\" \/>\n<meta property=\"og:description\" content=\"cump\u0103ra\u021bi hash premiero marocan online la bestglobalmed cu livrare rapid\u0103 \u00een \u00eentreaga lume. Hash marocan de \u00eenalt\u0103 calitate de v\u00e2nzare. Cump\u0103r\u0103 acum.\" \/>\n<meta property=\"og:url\" content=\"https:\/\/medicinasinc.com\/ro\/product\/buy-maroccan-primero-hash\/\" \/>\n<meta property=\"og:site_name\" content=\"Medicinas Inc\" \/>\n<meta property=\"article:modified_time\" content=\"2022-03-22T01:17:16+00:00\" \/>\n<meta property=\"og:image\" content=\"https:\/\/medicinasinc.com\/ro\/wp-content\/uploads\/sites\/11\/2022\/02\/Buy-Moroccan-Primero-Hash.jpg\" \/>\n\t<meta property=\"og:image:width\" content=\"600\" \/>\n\t<meta property=\"og:image:height\" content=\"600\" \/>\n\t<meta property=\"og:image:type\" content=\"image\/jpeg\" \/>\n<meta name=\"twitter:card\" content=\"summary_large_image\" \/>\n<meta name=\"twitter:label1\" content=\"Est. reading time\" \/>\n\t<meta name=\"twitter:data1\" content=\"1 minute\" \/>\n<script type=\"application\/ld+json\" class=\"yoast-schema-graph\">{\"@context\":\"https:\\\/\\\/schema.org\",\"@graph\":[{\"@type\":\"WebPage\",\"@id\":\"https:\\\/\\\/medicinasinc.com\\\/ro\\\/product\\\/buy-maroccan-primero-hash\\\/\",\"url\":\"https:\\\/\\\/medicinasinc.com\\\/ro\\\/product\\\/buy-maroccan-primero-hash\\\/\",\"name\":\"Cump\u0103ra\u021bi marocan Primero Hash - Cele mai bune medicamente globale\",\"isPartOf\":{\"@id\":\"https:\\\/\\\/medicinasinc.com\\\/ro\\\/#website\"},\"primaryImageOfPage\":{\"@id\":\"https:\\\/\\\/medicinasinc.com\\\/ro\\\/product\\\/buy-maroccan-primero-hash\\\/#primaryimage\"},\"image\":{\"@id\":\"https:\\\/\\\/medicinasinc.com\\\/ro\\\/product\\\/buy-maroccan-primero-hash\\\/#primaryimage\"},\"thumbnailUrl\":\"https:\\\/\\\/medicinasinc.com\\\/ro\\\/wp-content\\\/uploads\\\/sites\\\/11\\\/2022\\\/02\\\/Buy-Moroccan-Primero-Hash.jpg\",\"datePublished\":\"2022-02-20T14:53:18+00:00\",\"dateModified\":\"2022-03-22T01:17:16+00:00\",\"description\":\"cump\u0103ra\u021bi hash premiero marocan online la bestglobalmed cu livrare rapid\u0103 \u00een \u00eentreaga lume. Hash marocan de \u00eenalt\u0103 calitate de v\u00e2nzare. Cump\u0103r\u0103 acum.\",\"breadcrumb\":{\"@id\":\"https:\\\/\\\/medicinasinc.com\\\/ro\\\/product\\\/buy-maroccan-primero-hash\\\/#breadcrumb\"},\"inLanguage\":\"en-US\",\"potentialAction\":[{\"@type\":\"ReadAction\",\"target\":[\"https:\\\/\\\/medicinasinc.com\\\/ro\\\/product\\\/buy-maroccan-primero-hash\\\/\"]}]},{\"@type\":\"ImageObject\",\"inLanguage\":\"en-US\",\"@id\":\"https:\\\/\\\/medicinasinc.com\\\/ro\\\/product\\\/buy-maroccan-primero-hash\\\/#primaryimage\",\"url\":\"https:\\\/\\\/medicinasinc.com\\\/ro\\\/wp-content\\\/uploads\\\/sites\\\/11\\\/2022\\\/02\\\/Buy-Moroccan-Primero-Hash.jpg\",\"contentUrl\":\"https:\\\/\\\/medicinasinc.com\\\/ro\\\/wp-content\\\/uploads\\\/sites\\\/11\\\/2022\\\/02\\\/Buy-Moroccan-Primero-Hash.jpg\",\"width\":600,\"height\":600},{\"@type\":\"BreadcrumbList\",\"@id\":\"https:\\\/\\\/medicinasinc.com\\\/ro\\\/product\\\/buy-maroccan-primero-hash\\\/#breadcrumb\",\"itemListElement\":[{\"@type\":\"ListItem\",\"position\":1,\"name\":\"Magazin\",\"item\":\"https:\\\/\\\/medicinasinc.com\\\/ro\\\/magazin\\\/\"},{\"@type\":\"ListItem\",\"position\":2,\"name\":\"Cump\u0103ra\u021bi marocan Primero Hash\"}]},{\"@type\":\"WebSite\",\"@id\":\"https:\\\/\\\/medicinasinc.com\\\/ro\\\/#website\",\"url\":\"https:\\\/\\\/medicinasinc.com\\\/ro\\\/\",\"name\":\"Medicinas Inc\",\"description\":\"Health Medical Clinic\",\"potentialAction\":[{\"@type\":\"SearchAction\",\"target\":{\"@type\":\"EntryPoint\",\"urlTemplate\":\"https:\\\/\\\/medicinasinc.com\\\/ro\\\/?s={search_term_string}\"},\"query-input\":{\"@type\":\"PropertyValueSpecification\",\"valueRequired\":true,\"valueName\":\"search_term_string\"}}],\"inLanguage\":\"en-US\"}]}<\/script>\n<!-- \/ Yoast SEO plugin. -->","yoast_head_json":{"title":"Cump\u0103ra\u021bi marocan Primero Hash - Cele mai bune medicamente globale","description":"cump\u0103ra\u021bi hash premiero marocan online la bestglobalmed cu livrare rapid\u0103 \u00een \u00eentreaga lume. Hash marocan de \u00eenalt\u0103 calitate de v\u00e2nzare. Cump\u0103r\u0103 acum.","robots":{"index":"index","follow":"follow","max-snippet":"max-snippet:-1","max-image-preview":"max-image-preview:large","max-video-preview":"max-video-preview:-1"},"canonical":"https:\/\/medicinasinc.com\/ro\/product\/buy-maroccan-primero-hash\/","og_locale":"en_US","og_type":"article","og_title":"Cump\u0103ra\u021bi marocan Primero Hash - Cele mai bune medicamente globale","og_description":"cump\u0103ra\u021bi hash premiero marocan online la bestglobalmed cu livrare rapid\u0103 \u00een \u00eentreaga lume. Hash marocan de \u00eenalt\u0103 calitate de v\u00e2nzare. Cump\u0103r\u0103 acum.","og_url":"https:\/\/medicinasinc.com\/ro\/product\/buy-maroccan-primero-hash\/","og_site_name":"Medicinas Inc","article_modified_time":"2022-03-22T01:17:16+00:00","og_image":[{"width":600,"height":600,"url":"https:\/\/medicinasinc.com\/ro\/wp-content\/uploads\/sites\/11\/2022\/02\/Buy-Moroccan-Primero-Hash.jpg","type":"image\/jpeg"}],"twitter_card":"summary_large_image","twitter_misc":{"Est. reading time":"1 minute"},"schema":{"@context":"https:\/\/schema.org","@graph":[{"@type":"WebPage","@id":"https:\/\/medicinasinc.com\/ro\/product\/buy-maroccan-primero-hash\/","url":"https:\/\/medicinasinc.com\/ro\/product\/buy-maroccan-primero-hash\/","name":"Cump\u0103ra\u021bi marocan Primero Hash - Cele mai bune medicamente globale","isPartOf":{"@id":"https:\/\/medicinasinc.com\/ro\/#website"},"primaryImageOfPage":{"@id":"https:\/\/medicinasinc.com\/ro\/product\/buy-maroccan-primero-hash\/#primaryimage"},"image":{"@id":"https:\/\/medicinasinc.com\/ro\/product\/buy-maroccan-primero-hash\/#primaryimage"},"thumbnailUrl":"https:\/\/medicinasinc.com\/ro\/wp-content\/uploads\/sites\/11\/2022\/02\/Buy-Moroccan-Primero-Hash.jpg","datePublished":"2022-02-20T14:53:18+00:00","dateModified":"2022-03-22T01:17:16+00:00","description":"cump\u0103ra\u021bi hash premiero marocan online la bestglobalmed cu livrare rapid\u0103 \u00een \u00eentreaga lume. Hash marocan de \u00eenalt\u0103 calitate de v\u00e2nzare. Cump\u0103r\u0103 acum.","breadcrumb":{"@id":"https:\/\/medicinasinc.com\/ro\/product\/buy-maroccan-primero-hash\/#breadcrumb"},"inLanguage":"en-US","potentialAction":[{"@type":"ReadAction","target":["https:\/\/medicinasinc.com\/ro\/product\/buy-maroccan-primero-hash\/"]}]},{"@type":"ImageObject","inLanguage":"en-US","@id":"https:\/\/medicinasinc.com\/ro\/product\/buy-maroccan-primero-hash\/#primaryimage","url":"https:\/\/medicinasinc.com\/ro\/wp-content\/uploads\/sites\/11\/2022\/02\/Buy-Moroccan-Primero-Hash.jpg","contentUrl":"https:\/\/medicinasinc.com\/ro\/wp-content\/uploads\/sites\/11\/2022\/02\/Buy-Moroccan-Primero-Hash.jpg","width":600,"height":600},{"@type":"BreadcrumbList","@id":"https:\/\/medicinasinc.com\/ro\/product\/buy-maroccan-primero-hash\/#breadcrumb","itemListElement":[{"@type":"ListItem","position":1,"name":"Magazin","item":"https:\/\/medicinasinc.com\/ro\/magazin\/"},{"@type":"ListItem","position":2,"name":"Cump\u0103ra\u021bi marocan Primero Hash"}]},{"@type":"WebSite","@id":"https:\/\/medicinasinc.com\/ro\/#website","url":"https:\/\/medicinasinc.com\/ro\/","name":"Medicinas Inc","description":"Health Medical Clinic","potentialAction":[{"@type":"SearchAction","target":{"@type":"EntryPoint","urlTemplate":"https:\/\/medicinasinc.com\/ro\/?s={search_term_string}"},"query-input":{"@type":"PropertyValueSpecification","valueRequired":true,"valueName":"search_term_string"}}],"inLanguage":"en-US"}]}},"_links":{"self":[{"href":"https:\/\/medicinasinc.com\/ro\/wp-json\/wp\/v2\/product\/4700","targetHints":{"allow":["GET"]}}],"collection":[{"href":"https:\/\/medicinasinc.com\/ro\/wp-json\/wp\/v2\/product"}],"about":[{"href":"https:\/\/medicinasinc.com\/ro\/wp-json\/wp\/v2\/types\/product"}],"replies":[{"embeddable":true,"href":"https:\/\/medicinasinc.com\/ro\/wp-json\/wp\/v2\/comments?post=4700"}],"wp:featuredmedia":[{"embeddable":true,"href":"https:\/\/medicinasinc.com\/ro\/wp-json\/wp\/v2\/media\/4712"}],"wp:attachment":[{"href":"https:\/\/medicinasinc.com\/ro\/wp-json\/wp\/v2\/media?parent=4700"}],"wp:term":[{"taxonomy":"product_brand","embeddable":true,"href":"https:\/\/medicinasinc.com\/ro\/wp-json\/wp\/v2\/product_brand?post=4700"},{"taxonomy":"product_cat","embeddable":true,"href":"https:\/\/medicinasinc.com\/ro\/wp-json\/wp\/v2\/product_cat?post=4700"},{"taxonomy":"product_tag","embeddable":true,"href":"https:\/\/medicinasinc.com\/ro\/wp-json\/wp\/v2\/product_tag?post=4700"}],"curies":[{"name":"wp","href":"https:\/\/api.w.org\/{rel}","templated":true}]}}