{"id":4684,"date":"2022-02-20T14:40:34","date_gmt":"2022-02-20T14:40:34","guid":{"rendered":"https:\/\/medicinasinc.com\/ro\/?post_type=product&#038;p=4684"},"modified":"2022-03-22T01:17:36","modified_gmt":"2022-03-22T01:17:36","slug":"buy-mercedez-lebanon-hash","status":"publish","type":"product","link":"https:\/\/medicinasinc.com\/ro\/product\/buy-mercedez-lebanon-hash\/","title":{"rendered":"Cump\u0103ra\u021bi Mercedez Lebanon Hash"},"content":{"rendered":"<p>Ha\u0219ul a fost folosit de mii de ani, de c\u00e2nd oamenii au descoperit ciudatul produs secundar lipicios al plantei de canabis. Ha\u0219ul are adesea \u00een jur de 40% THC \u0219i poate fi afumat sau folosit \u00een g\u0103tit\/comestibile. Pentru unii entuzia\u0219ti de canabis, parfumul aromat bogat \u0219i gustul ha\u0219ului \u00eel fac un r\u0103sf\u0103\u021b unic. Este convenabil de depozitat, transportat \u0219i utilizat. \u00cen anii 1980, ha\u0219ul a fost exportat din mai multe zone de produc\u021bie majore (Nepal, India, Pakistan \u0219i Afganistan) cu un sigiliu unic \u00een relief pe fiecare bloc \u0219i a fost adesea ambalat \u00een ambalaje ro\u0219ii sau aurii \u00eenainte de export.<\/p>\n","protected":false},"excerpt":{"rendered":"<p>Mercedes Lebanese Hash de v\u00e2nzare \u00een Regatul Unit \u0219i Europa este u\u0219or aromat, cu note de condimente \u0219i un profil de arom\u0103 p\u0103m\u00e2nteasc\u0103. Are o consisten\u021b\u0103 foarte maleabil\u0103 \u0219i moale.<\/p>\n<p>Mercedesul negru este un ha\u0219i\u0219 la mijlocul drumului importat din Liban. Are un exterior maro \u00eenchis \u0219i un interior maro deschis \u0219i un profil de arom\u0103 u\u0219or aromat, cu note de condimente \u0219i un profil de arom\u0103 de p\u0103m\u00e2nt. Are o consisten\u021b\u0103 moale, maleabil\u0103, care \u00eel face extrem de u\u0219or de lucrat, cu at\u00e2t mai mult c\u00e2nd este \u00eenc\u0103lzit.<\/p>\n","protected":false},"featured_media":4696,"comment_status":"open","ping_status":"closed","template":"","meta":[],"product_brand":[],"product_cat":[610],"product_tag":[],"class_list":{"0":"post-4684","1":"product","2":"type-product","3":"status-publish","4":"has-post-thumbnail","6":"product_cat-cumparati-hasis-hasis","8":"first","9":"instock","10":"shipping-taxable","11":"purchasable","12":"product-type-variable","13":"has-default-attributes"},"yoast_head":"<!-- This site is optimized with the Yoast SEO plugin v27.3 - https:\/\/yoast.com\/product\/yoast-seo-wordpress\/ -->\n<title>Cump\u0103ra\u021bi Mercedez Lebanon Hash - Cele mai bune medicamente globale<\/title>\n<meta name=\"description\" content=\"Cump\u0103ra\u021bi Mercedes Lebanese Hash UK, Europa este u\u0219or aromat\u0103, cu note de condimente \u0219i un profil de arom\u0103 p\u0103m\u00e2nteasc\u0103. Are o consisten\u021b\u0103 destul de moale, maleabil\u0103.\" \/>\n<meta name=\"robots\" content=\"index, follow, max-snippet:-1, max-image-preview:large, max-video-preview:-1\" \/>\n<link rel=\"canonical\" href=\"https:\/\/medicinasinc.com\/ro\/product\/buy-mercedez-lebanon-hash\/\" \/>\n<meta property=\"og:locale\" content=\"en_US\" \/>\n<meta property=\"og:type\" content=\"article\" \/>\n<meta property=\"og:title\" content=\"Cump\u0103ra\u021bi Mercedez Lebanon Hash - Cele mai bune medicamente globale\" \/>\n<meta property=\"og:description\" content=\"Cump\u0103ra\u021bi Mercedes Lebanese Hash UK, Europa este u\u0219or aromat\u0103, cu note de condimente \u0219i un profil de arom\u0103 p\u0103m\u00e2nteasc\u0103. Are o consisten\u021b\u0103 destul de moale, maleabil\u0103.\" \/>\n<meta property=\"og:url\" content=\"https:\/\/medicinasinc.com\/ro\/product\/buy-mercedez-lebanon-hash\/\" \/>\n<meta property=\"og:site_name\" content=\"Medicinas Inc\" \/>\n<meta property=\"article:modified_time\" content=\"2022-03-22T01:17:36+00:00\" \/>\n<meta property=\"og:image\" content=\"https:\/\/medicinasinc.com\/ro\/wp-content\/uploads\/sites\/11\/2022\/02\/Buy-Mercedez-Lebanon-Hash.jpg\" \/>\n\t<meta property=\"og:image:width\" content=\"600\" \/>\n\t<meta property=\"og:image:height\" content=\"600\" \/>\n\t<meta property=\"og:image:type\" content=\"image\/jpeg\" \/>\n<meta name=\"twitter:card\" content=\"summary_large_image\" \/>\n<meta name=\"twitter:label1\" content=\"Est. reading time\" \/>\n\t<meta name=\"twitter:data1\" content=\"1 minute\" \/>\n<script type=\"application\/ld+json\" class=\"yoast-schema-graph\">{\"@context\":\"https:\\\/\\\/schema.org\",\"@graph\":[{\"@type\":\"WebPage\",\"@id\":\"https:\\\/\\\/medicinasinc.com\\\/ro\\\/product\\\/buy-mercedez-lebanon-hash\\\/\",\"url\":\"https:\\\/\\\/medicinasinc.com\\\/ro\\\/product\\\/buy-mercedez-lebanon-hash\\\/\",\"name\":\"Cump\u0103ra\u021bi Mercedez Lebanon Hash - Cele mai bune medicamente globale\",\"isPartOf\":{\"@id\":\"https:\\\/\\\/medicinasinc.com\\\/ro\\\/#website\"},\"primaryImageOfPage\":{\"@id\":\"https:\\\/\\\/medicinasinc.com\\\/ro\\\/product\\\/buy-mercedez-lebanon-hash\\\/#primaryimage\"},\"image\":{\"@id\":\"https:\\\/\\\/medicinasinc.com\\\/ro\\\/product\\\/buy-mercedez-lebanon-hash\\\/#primaryimage\"},\"thumbnailUrl\":\"https:\\\/\\\/medicinasinc.com\\\/ro\\\/wp-content\\\/uploads\\\/sites\\\/11\\\/2022\\\/02\\\/Buy-Mercedez-Lebanon-Hash.jpg\",\"datePublished\":\"2022-02-20T14:40:34+00:00\",\"dateModified\":\"2022-03-22T01:17:36+00:00\",\"description\":\"Cump\u0103ra\u021bi Mercedes Lebanese Hash UK, Europa este u\u0219or aromat\u0103, cu note de condimente \u0219i un profil de arom\u0103 p\u0103m\u00e2nteasc\u0103. Are o consisten\u021b\u0103 destul de moale, maleabil\u0103.\",\"breadcrumb\":{\"@id\":\"https:\\\/\\\/medicinasinc.com\\\/ro\\\/product\\\/buy-mercedez-lebanon-hash\\\/#breadcrumb\"},\"inLanguage\":\"en-US\",\"potentialAction\":[{\"@type\":\"ReadAction\",\"target\":[\"https:\\\/\\\/medicinasinc.com\\\/ro\\\/product\\\/buy-mercedez-lebanon-hash\\\/\"]}]},{\"@type\":\"ImageObject\",\"inLanguage\":\"en-US\",\"@id\":\"https:\\\/\\\/medicinasinc.com\\\/ro\\\/product\\\/buy-mercedez-lebanon-hash\\\/#primaryimage\",\"url\":\"https:\\\/\\\/medicinasinc.com\\\/ro\\\/wp-content\\\/uploads\\\/sites\\\/11\\\/2022\\\/02\\\/Buy-Mercedez-Lebanon-Hash.jpg\",\"contentUrl\":\"https:\\\/\\\/medicinasinc.com\\\/ro\\\/wp-content\\\/uploads\\\/sites\\\/11\\\/2022\\\/02\\\/Buy-Mercedez-Lebanon-Hash.jpg\",\"width\":600,\"height\":600},{\"@type\":\"BreadcrumbList\",\"@id\":\"https:\\\/\\\/medicinasinc.com\\\/ro\\\/product\\\/buy-mercedez-lebanon-hash\\\/#breadcrumb\",\"itemListElement\":[{\"@type\":\"ListItem\",\"position\":1,\"name\":\"Magazin\",\"item\":\"https:\\\/\\\/medicinasinc.com\\\/ro\\\/magazin\\\/\"},{\"@type\":\"ListItem\",\"position\":2,\"name\":\"Cump\u0103ra\u021bi Mercedez Lebanon Hash\"}]},{\"@type\":\"WebSite\",\"@id\":\"https:\\\/\\\/medicinasinc.com\\\/ro\\\/#website\",\"url\":\"https:\\\/\\\/medicinasinc.com\\\/ro\\\/\",\"name\":\"Medicinas Inc\",\"description\":\"Health Medical Clinic\",\"potentialAction\":[{\"@type\":\"SearchAction\",\"target\":{\"@type\":\"EntryPoint\",\"urlTemplate\":\"https:\\\/\\\/medicinasinc.com\\\/ro\\\/?s={search_term_string}\"},\"query-input\":{\"@type\":\"PropertyValueSpecification\",\"valueRequired\":true,\"valueName\":\"search_term_string\"}}],\"inLanguage\":\"en-US\"}]}<\/script>\n<!-- \/ Yoast SEO plugin. -->","yoast_head_json":{"title":"Cump\u0103ra\u021bi Mercedez Lebanon Hash - Cele mai bune medicamente globale","description":"Cump\u0103ra\u021bi Mercedes Lebanese Hash UK, Europa este u\u0219or aromat\u0103, cu note de condimente \u0219i un profil de arom\u0103 p\u0103m\u00e2nteasc\u0103. Are o consisten\u021b\u0103 destul de moale, maleabil\u0103.","robots":{"index":"index","follow":"follow","max-snippet":"max-snippet:-1","max-image-preview":"max-image-preview:large","max-video-preview":"max-video-preview:-1"},"canonical":"https:\/\/medicinasinc.com\/ro\/product\/buy-mercedez-lebanon-hash\/","og_locale":"en_US","og_type":"article","og_title":"Cump\u0103ra\u021bi Mercedez Lebanon Hash - Cele mai bune medicamente globale","og_description":"Cump\u0103ra\u021bi Mercedes Lebanese Hash UK, Europa este u\u0219or aromat\u0103, cu note de condimente \u0219i un profil de arom\u0103 p\u0103m\u00e2nteasc\u0103. Are o consisten\u021b\u0103 destul de moale, maleabil\u0103.","og_url":"https:\/\/medicinasinc.com\/ro\/product\/buy-mercedez-lebanon-hash\/","og_site_name":"Medicinas Inc","article_modified_time":"2022-03-22T01:17:36+00:00","og_image":[{"width":600,"height":600,"url":"https:\/\/medicinasinc.com\/ro\/wp-content\/uploads\/sites\/11\/2022\/02\/Buy-Mercedez-Lebanon-Hash.jpg","type":"image\/jpeg"}],"twitter_card":"summary_large_image","twitter_misc":{"Est. reading time":"1 minute"},"schema":{"@context":"https:\/\/schema.org","@graph":[{"@type":"WebPage","@id":"https:\/\/medicinasinc.com\/ro\/product\/buy-mercedez-lebanon-hash\/","url":"https:\/\/medicinasinc.com\/ro\/product\/buy-mercedez-lebanon-hash\/","name":"Cump\u0103ra\u021bi Mercedez Lebanon Hash - Cele mai bune medicamente globale","isPartOf":{"@id":"https:\/\/medicinasinc.com\/ro\/#website"},"primaryImageOfPage":{"@id":"https:\/\/medicinasinc.com\/ro\/product\/buy-mercedez-lebanon-hash\/#primaryimage"},"image":{"@id":"https:\/\/medicinasinc.com\/ro\/product\/buy-mercedez-lebanon-hash\/#primaryimage"},"thumbnailUrl":"https:\/\/medicinasinc.com\/ro\/wp-content\/uploads\/sites\/11\/2022\/02\/Buy-Mercedez-Lebanon-Hash.jpg","datePublished":"2022-02-20T14:40:34+00:00","dateModified":"2022-03-22T01:17:36+00:00","description":"Cump\u0103ra\u021bi Mercedes Lebanese Hash UK, Europa este u\u0219or aromat\u0103, cu note de condimente \u0219i un profil de arom\u0103 p\u0103m\u00e2nteasc\u0103. Are o consisten\u021b\u0103 destul de moale, maleabil\u0103.","breadcrumb":{"@id":"https:\/\/medicinasinc.com\/ro\/product\/buy-mercedez-lebanon-hash\/#breadcrumb"},"inLanguage":"en-US","potentialAction":[{"@type":"ReadAction","target":["https:\/\/medicinasinc.com\/ro\/product\/buy-mercedez-lebanon-hash\/"]}]},{"@type":"ImageObject","inLanguage":"en-US","@id":"https:\/\/medicinasinc.com\/ro\/product\/buy-mercedez-lebanon-hash\/#primaryimage","url":"https:\/\/medicinasinc.com\/ro\/wp-content\/uploads\/sites\/11\/2022\/02\/Buy-Mercedez-Lebanon-Hash.jpg","contentUrl":"https:\/\/medicinasinc.com\/ro\/wp-content\/uploads\/sites\/11\/2022\/02\/Buy-Mercedez-Lebanon-Hash.jpg","width":600,"height":600},{"@type":"BreadcrumbList","@id":"https:\/\/medicinasinc.com\/ro\/product\/buy-mercedez-lebanon-hash\/#breadcrumb","itemListElement":[{"@type":"ListItem","position":1,"name":"Magazin","item":"https:\/\/medicinasinc.com\/ro\/magazin\/"},{"@type":"ListItem","position":2,"name":"Cump\u0103ra\u021bi Mercedez Lebanon Hash"}]},{"@type":"WebSite","@id":"https:\/\/medicinasinc.com\/ro\/#website","url":"https:\/\/medicinasinc.com\/ro\/","name":"Medicinas Inc","description":"Health Medical Clinic","potentialAction":[{"@type":"SearchAction","target":{"@type":"EntryPoint","urlTemplate":"https:\/\/medicinasinc.com\/ro\/?s={search_term_string}"},"query-input":{"@type":"PropertyValueSpecification","valueRequired":true,"valueName":"search_term_string"}}],"inLanguage":"en-US"}]}},"_links":{"self":[{"href":"https:\/\/medicinasinc.com\/ro\/wp-json\/wp\/v2\/product\/4684","targetHints":{"allow":["GET"]}}],"collection":[{"href":"https:\/\/medicinasinc.com\/ro\/wp-json\/wp\/v2\/product"}],"about":[{"href":"https:\/\/medicinasinc.com\/ro\/wp-json\/wp\/v2\/types\/product"}],"replies":[{"embeddable":true,"href":"https:\/\/medicinasinc.com\/ro\/wp-json\/wp\/v2\/comments?post=4684"}],"wp:featuredmedia":[{"embeddable":true,"href":"https:\/\/medicinasinc.com\/ro\/wp-json\/wp\/v2\/media\/4696"}],"wp:attachment":[{"href":"https:\/\/medicinasinc.com\/ro\/wp-json\/wp\/v2\/media?parent=4684"}],"wp:term":[{"taxonomy":"product_brand","embeddable":true,"href":"https:\/\/medicinasinc.com\/ro\/wp-json\/wp\/v2\/product_brand?post=4684"},{"taxonomy":"product_cat","embeddable":true,"href":"https:\/\/medicinasinc.com\/ro\/wp-json\/wp\/v2\/product_cat?post=4684"},{"taxonomy":"product_tag","embeddable":true,"href":"https:\/\/medicinasinc.com\/ro\/wp-json\/wp\/v2\/product_tag?post=4684"}],"curies":[{"name":"wp","href":"https:\/\/api.w.org\/{rel}","templated":true}]}}