{"id":4667,"date":"2022-02-20T14:27:35","date_gmt":"2022-02-20T14:27:35","guid":{"rendered":"https:\/\/medicinasinc.com\/ro\/?post_type=product&#038;p=4667"},"modified":"2022-03-22T01:17:44","modified_gmt":"2022-03-22T01:17:44","slug":"buy-india-charas-black-hash","status":"publish","type":"product","link":"https:\/\/medicinasinc.com\/ro\/product\/buy-india-charas-black-hash\/","title":{"rendered":"Cump\u0103ra\u021bi India Charas Black Hash"},"content":{"rendered":"<p>Achizi\u021bia online a India Charas Black Hash| Achizi\u021bie online de India Charas Black Hash<\/p>\n<p>Achizi\u021bie online de India Charas Black Hash. Este u\u0219or de lucrat, are o arom\u0103 ascu\u021bit\u0103, condimentat\u0103 \u0219i ofer\u0103 utilizatorilor un zgomot puternic, pe tot corpul. Cultivat\u0103 \u0219i produs\u0103 \u00een Valea Parvati, care este renumit\u0103 pentru o tulpin\u0103 unic\u0103 de Charas numit\u0103 Malana Cream, care este apreciat\u0103 pentru con\u021binutul s\u0103u ridicat de THC. Este un companion excelent \u00een timpul zilei pentru fum\u0103torii cu experien\u021b\u0103, care pot face fa\u021b\u0103 st\u0103rii puternice. Termenul \u201eIndian Charas Black Hash\u201d se refer\u0103 la ha\u0219i\u0219 care a fost fabricat manual \u00een India, Pakistan sau Nepal. La exterior, ha\u0219i\u0219ul are o culoare maro \u00eenchis. C\u00e2nd ha\u0219i\u0219ul este deschis, dezv\u0103luie un interior verzui \u00eenchis\/maro. Aroma distinct\u0103 variaz\u0103 de la picant la extrem de picant. Produce un high extrem de pietros \u0219i fizic. India Charas Black Hash este disponibil pentru cump\u0103rare online.<\/p>\n<p>Avantaje<\/p>\n<p>Ajut\u0103 la ameliorarea urm\u0103toarelor:<\/p>\n<p>Stress, depresii, dureri, dureri de cap<br \/> insomnie<br \/> Unde s\u0103 cump\u0103r\u0103m online \u00een India Charas Black Hash<\/p>\n<p>Scopul nostru este s\u0103 mul\u021bumim clien\u021bii no\u0219tri \u0219i s\u0103 le oferim cea mai bun\u0103 experien\u021b\u0103 de cump\u0103r\u0103turi online posibil\u0103. Ne asigur\u0103m c\u0103 toate produsele noastre sunt de cea mai \u00eenalt\u0103 calitate pentru a ne asigura c\u0103 clien\u021bii no\u0219tri primesc doar ce este mai bun. Oferim India Charas Black Hash autentic. Pre\u021burile noastre sunt cele mai mici disponibile online. Cump\u0103ra\u021bi calitate \u0219i descoperi\u021bi despre ce vorbe\u0219te toat\u0103 lumea. Plasa\u021bi comanda pentru India Charas Black Hash online la noi ast\u0103zi \u0219i fi\u021bi siguri de siguran\u021b\u0103 \u0219i de cele mai bune servicii de livrare. Sunte\u021bi la doar c\u00e2teva clicuri distan\u021b\u0103 de a cump\u0103ra India Charas Black Hash online.<\/p>\n","protected":false},"excerpt":{"rendered":"<p>Cump\u0103ra\u021bi India Charas Black Hash online. U\u0219or de lucrat, ad\u0103poste\u0219te o arom\u0103 ascu\u021bit\u0103, condimentat\u0103 \u0219i ofer\u0103 un zgomot puternic al corpului. Comanda\u021bi ha\u0219 negru aici.<\/p>\n<ul>\n<li>Livrare \u00een toat\u0103 lumea<\/li>\n<li><strong>Clasament: AAAAA<\/strong><\/li>\n<li>Contacta\u021bi-ne pentru comenzi mai mari<\/li>\n<\/ul>\n","protected":false},"featured_media":4681,"comment_status":"open","ping_status":"closed","template":"","meta":[],"product_brand":[],"product_cat":[610],"product_tag":[],"class_list":{"0":"post-4667","1":"product","2":"type-product","3":"status-publish","4":"has-post-thumbnail","6":"product_cat-cumparati-hasis-hasis","8":"first","9":"instock","10":"shipping-taxable","11":"purchasable","12":"product-type-variable","13":"has-default-attributes"},"yoast_head":"<!-- This site is optimized with the Yoast SEO plugin v27.3 - https:\/\/yoast.com\/product\/yoast-seo-wordpress\/ -->\n<title>Cump\u0103ra\u021bi India Charas Black Hash - Cele mai bune medicamente globale<\/title>\n<meta name=\"description\" content=\"Cump\u0103ra\u021bi India Charas Black Hash online. U\u0219or de lucrat, ad\u0103poste\u0219te o arom\u0103 ascu\u021bit\u0103, condimentat\u0103 \u0219i ofer\u0103 un zgomot puternic al corpului. Comanda\u021bi ha\u0219 negru aici.\" \/>\n<meta name=\"robots\" content=\"index, follow, max-snippet:-1, max-image-preview:large, max-video-preview:-1\" \/>\n<link rel=\"canonical\" href=\"https:\/\/medicinasinc.com\/ro\/product\/buy-india-charas-black-hash\/\" \/>\n<meta property=\"og:locale\" content=\"en_US\" \/>\n<meta property=\"og:type\" content=\"article\" \/>\n<meta property=\"og:title\" content=\"Cump\u0103ra\u021bi India Charas Black Hash - Cele mai bune medicamente globale\" \/>\n<meta property=\"og:description\" content=\"Cump\u0103ra\u021bi India Charas Black Hash online. U\u0219or de lucrat, ad\u0103poste\u0219te o arom\u0103 ascu\u021bit\u0103, condimentat\u0103 \u0219i ofer\u0103 un zgomot puternic al corpului. Comanda\u021bi ha\u0219 negru aici.\" \/>\n<meta property=\"og:url\" content=\"https:\/\/medicinasinc.com\/ro\/product\/buy-india-charas-black-hash\/\" \/>\n<meta property=\"og:site_name\" content=\"Medicinas Inc\" \/>\n<meta property=\"article:modified_time\" content=\"2022-03-22T01:17:44+00:00\" \/>\n<meta property=\"og:image\" content=\"https:\/\/medicinasinc.com\/ro\/wp-content\/uploads\/sites\/11\/2022\/02\/Buy-India-Charas-Black-Hash.jpg\" \/>\n\t<meta property=\"og:image:width\" content=\"600\" \/>\n\t<meta property=\"og:image:height\" content=\"600\" \/>\n\t<meta property=\"og:image:type\" content=\"image\/jpeg\" \/>\n<meta name=\"twitter:card\" content=\"summary_large_image\" \/>\n<meta name=\"twitter:label1\" content=\"Est. reading time\" \/>\n\t<meta name=\"twitter:data1\" content=\"2 minutes\" \/>\n<script type=\"application\/ld+json\" class=\"yoast-schema-graph\">{\"@context\":\"https:\\\/\\\/schema.org\",\"@graph\":[{\"@type\":\"WebPage\",\"@id\":\"https:\\\/\\\/medicinasinc.com\\\/ro\\\/product\\\/buy-india-charas-black-hash\\\/\",\"url\":\"https:\\\/\\\/medicinasinc.com\\\/ro\\\/product\\\/buy-india-charas-black-hash\\\/\",\"name\":\"Cump\u0103ra\u021bi India Charas Black Hash - Cele mai bune medicamente globale\",\"isPartOf\":{\"@id\":\"https:\\\/\\\/medicinasinc.com\\\/ro\\\/#website\"},\"primaryImageOfPage\":{\"@id\":\"https:\\\/\\\/medicinasinc.com\\\/ro\\\/product\\\/buy-india-charas-black-hash\\\/#primaryimage\"},\"image\":{\"@id\":\"https:\\\/\\\/medicinasinc.com\\\/ro\\\/product\\\/buy-india-charas-black-hash\\\/#primaryimage\"},\"thumbnailUrl\":\"https:\\\/\\\/medicinasinc.com\\\/ro\\\/wp-content\\\/uploads\\\/sites\\\/11\\\/2022\\\/02\\\/Buy-India-Charas-Black-Hash.jpg\",\"datePublished\":\"2022-02-20T14:27:35+00:00\",\"dateModified\":\"2022-03-22T01:17:44+00:00\",\"description\":\"Cump\u0103ra\u021bi India Charas Black Hash online. U\u0219or de lucrat, ad\u0103poste\u0219te o arom\u0103 ascu\u021bit\u0103, condimentat\u0103 \u0219i ofer\u0103 un zgomot puternic al corpului. Comanda\u021bi ha\u0219 negru aici.\",\"breadcrumb\":{\"@id\":\"https:\\\/\\\/medicinasinc.com\\\/ro\\\/product\\\/buy-india-charas-black-hash\\\/#breadcrumb\"},\"inLanguage\":\"en-US\",\"potentialAction\":[{\"@type\":\"ReadAction\",\"target\":[\"https:\\\/\\\/medicinasinc.com\\\/ro\\\/product\\\/buy-india-charas-black-hash\\\/\"]}]},{\"@type\":\"ImageObject\",\"inLanguage\":\"en-US\",\"@id\":\"https:\\\/\\\/medicinasinc.com\\\/ro\\\/product\\\/buy-india-charas-black-hash\\\/#primaryimage\",\"url\":\"https:\\\/\\\/medicinasinc.com\\\/ro\\\/wp-content\\\/uploads\\\/sites\\\/11\\\/2022\\\/02\\\/Buy-India-Charas-Black-Hash.jpg\",\"contentUrl\":\"https:\\\/\\\/medicinasinc.com\\\/ro\\\/wp-content\\\/uploads\\\/sites\\\/11\\\/2022\\\/02\\\/Buy-India-Charas-Black-Hash.jpg\",\"width\":600,\"height\":600},{\"@type\":\"BreadcrumbList\",\"@id\":\"https:\\\/\\\/medicinasinc.com\\\/ro\\\/product\\\/buy-india-charas-black-hash\\\/#breadcrumb\",\"itemListElement\":[{\"@type\":\"ListItem\",\"position\":1,\"name\":\"Magazin\",\"item\":\"https:\\\/\\\/medicinasinc.com\\\/ro\\\/magazin\\\/\"},{\"@type\":\"ListItem\",\"position\":2,\"name\":\"Cump\u0103ra\u021bi India Charas Black Hash\"}]},{\"@type\":\"WebSite\",\"@id\":\"https:\\\/\\\/medicinasinc.com\\\/ro\\\/#website\",\"url\":\"https:\\\/\\\/medicinasinc.com\\\/ro\\\/\",\"name\":\"Medicinas Inc\",\"description\":\"Health Medical Clinic\",\"potentialAction\":[{\"@type\":\"SearchAction\",\"target\":{\"@type\":\"EntryPoint\",\"urlTemplate\":\"https:\\\/\\\/medicinasinc.com\\\/ro\\\/?s={search_term_string}\"},\"query-input\":{\"@type\":\"PropertyValueSpecification\",\"valueRequired\":true,\"valueName\":\"search_term_string\"}}],\"inLanguage\":\"en-US\"}]}<\/script>\n<!-- \/ Yoast SEO plugin. -->","yoast_head_json":{"title":"Cump\u0103ra\u021bi India Charas Black Hash - Cele mai bune medicamente globale","description":"Cump\u0103ra\u021bi India Charas Black Hash online. U\u0219or de lucrat, ad\u0103poste\u0219te o arom\u0103 ascu\u021bit\u0103, condimentat\u0103 \u0219i ofer\u0103 un zgomot puternic al corpului. Comanda\u021bi ha\u0219 negru aici.","robots":{"index":"index","follow":"follow","max-snippet":"max-snippet:-1","max-image-preview":"max-image-preview:large","max-video-preview":"max-video-preview:-1"},"canonical":"https:\/\/medicinasinc.com\/ro\/product\/buy-india-charas-black-hash\/","og_locale":"en_US","og_type":"article","og_title":"Cump\u0103ra\u021bi India Charas Black Hash - Cele mai bune medicamente globale","og_description":"Cump\u0103ra\u021bi India Charas Black Hash online. U\u0219or de lucrat, ad\u0103poste\u0219te o arom\u0103 ascu\u021bit\u0103, condimentat\u0103 \u0219i ofer\u0103 un zgomot puternic al corpului. Comanda\u021bi ha\u0219 negru aici.","og_url":"https:\/\/medicinasinc.com\/ro\/product\/buy-india-charas-black-hash\/","og_site_name":"Medicinas Inc","article_modified_time":"2022-03-22T01:17:44+00:00","og_image":[{"width":600,"height":600,"url":"https:\/\/medicinasinc.com\/ro\/wp-content\/uploads\/sites\/11\/2022\/02\/Buy-India-Charas-Black-Hash.jpg","type":"image\/jpeg"}],"twitter_card":"summary_large_image","twitter_misc":{"Est. reading time":"2 minutes"},"schema":{"@context":"https:\/\/schema.org","@graph":[{"@type":"WebPage","@id":"https:\/\/medicinasinc.com\/ro\/product\/buy-india-charas-black-hash\/","url":"https:\/\/medicinasinc.com\/ro\/product\/buy-india-charas-black-hash\/","name":"Cump\u0103ra\u021bi India Charas Black Hash - Cele mai bune medicamente globale","isPartOf":{"@id":"https:\/\/medicinasinc.com\/ro\/#website"},"primaryImageOfPage":{"@id":"https:\/\/medicinasinc.com\/ro\/product\/buy-india-charas-black-hash\/#primaryimage"},"image":{"@id":"https:\/\/medicinasinc.com\/ro\/product\/buy-india-charas-black-hash\/#primaryimage"},"thumbnailUrl":"https:\/\/medicinasinc.com\/ro\/wp-content\/uploads\/sites\/11\/2022\/02\/Buy-India-Charas-Black-Hash.jpg","datePublished":"2022-02-20T14:27:35+00:00","dateModified":"2022-03-22T01:17:44+00:00","description":"Cump\u0103ra\u021bi India Charas Black Hash online. U\u0219or de lucrat, ad\u0103poste\u0219te o arom\u0103 ascu\u021bit\u0103, condimentat\u0103 \u0219i ofer\u0103 un zgomot puternic al corpului. Comanda\u021bi ha\u0219 negru aici.","breadcrumb":{"@id":"https:\/\/medicinasinc.com\/ro\/product\/buy-india-charas-black-hash\/#breadcrumb"},"inLanguage":"en-US","potentialAction":[{"@type":"ReadAction","target":["https:\/\/medicinasinc.com\/ro\/product\/buy-india-charas-black-hash\/"]}]},{"@type":"ImageObject","inLanguage":"en-US","@id":"https:\/\/medicinasinc.com\/ro\/product\/buy-india-charas-black-hash\/#primaryimage","url":"https:\/\/medicinasinc.com\/ro\/wp-content\/uploads\/sites\/11\/2022\/02\/Buy-India-Charas-Black-Hash.jpg","contentUrl":"https:\/\/medicinasinc.com\/ro\/wp-content\/uploads\/sites\/11\/2022\/02\/Buy-India-Charas-Black-Hash.jpg","width":600,"height":600},{"@type":"BreadcrumbList","@id":"https:\/\/medicinasinc.com\/ro\/product\/buy-india-charas-black-hash\/#breadcrumb","itemListElement":[{"@type":"ListItem","position":1,"name":"Magazin","item":"https:\/\/medicinasinc.com\/ro\/magazin\/"},{"@type":"ListItem","position":2,"name":"Cump\u0103ra\u021bi India Charas Black Hash"}]},{"@type":"WebSite","@id":"https:\/\/medicinasinc.com\/ro\/#website","url":"https:\/\/medicinasinc.com\/ro\/","name":"Medicinas Inc","description":"Health Medical Clinic","potentialAction":[{"@type":"SearchAction","target":{"@type":"EntryPoint","urlTemplate":"https:\/\/medicinasinc.com\/ro\/?s={search_term_string}"},"query-input":{"@type":"PropertyValueSpecification","valueRequired":true,"valueName":"search_term_string"}}],"inLanguage":"en-US"}]}},"_links":{"self":[{"href":"https:\/\/medicinasinc.com\/ro\/wp-json\/wp\/v2\/product\/4667","targetHints":{"allow":["GET"]}}],"collection":[{"href":"https:\/\/medicinasinc.com\/ro\/wp-json\/wp\/v2\/product"}],"about":[{"href":"https:\/\/medicinasinc.com\/ro\/wp-json\/wp\/v2\/types\/product"}],"replies":[{"embeddable":true,"href":"https:\/\/medicinasinc.com\/ro\/wp-json\/wp\/v2\/comments?post=4667"}],"wp:featuredmedia":[{"embeddable":true,"href":"https:\/\/medicinasinc.com\/ro\/wp-json\/wp\/v2\/media\/4681"}],"wp:attachment":[{"href":"https:\/\/medicinasinc.com\/ro\/wp-json\/wp\/v2\/media?parent=4667"}],"wp:term":[{"taxonomy":"product_brand","embeddable":true,"href":"https:\/\/medicinasinc.com\/ro\/wp-json\/wp\/v2\/product_brand?post=4667"},{"taxonomy":"product_cat","embeddable":true,"href":"https:\/\/medicinasinc.com\/ro\/wp-json\/wp\/v2\/product_cat?post=4667"},{"taxonomy":"product_tag","embeddable":true,"href":"https:\/\/medicinasinc.com\/ro\/wp-json\/wp\/v2\/product_tag?post=4667"}],"curies":[{"name":"wp","href":"https:\/\/api.w.org\/{rel}","templated":true}]}}