{"id":4666,"date":"2022-02-20T14:26:53","date_gmt":"2022-02-20T14:26:53","guid":{"rendered":"https:\/\/medicinasinc.com\/ro\/?post_type=product&#038;p=4666"},"modified":"2022-03-22T01:17:52","modified_gmt":"2022-03-22T01:17:52","slug":"cumpara-betisoare-de-gheata","status":"publish","type":"product","link":"https:\/\/medicinasinc.com\/ro\/product\/cumpara-betisoare-de-gheata\/","title":{"rendered":"Cump\u0103ra\u021bi Ice Hash Sticks"},"content":{"rendered":"<p>Ice Hash c\u00e2\u0219tig\u0103 rapid popularitate ca metod\u0103 de \u00eentre\u021binere redus\u0103 de producere a hashului de \u00eenalt\u0103 calitate. Marijuana este combinat\u0103 cu ap\u0103 \u0219i apoi filtrat\u0103 prin diferite tipuri de p\u00e2nz\u0103. R\u0103\u0219ina care rezult\u0103 este incredibil\u0103. Hash Sticks din ghea\u021b\u0103. Exist\u0103 numeroase metode pentru a crea Ice Hash. Pute\u021bi achizi\u021biona Ice-o-lators online pentru a crea Ice Hash. Cump\u0103ra\u021bi be\u021bi\u0219oare de ha\u0219i\u0219 din ghea\u021b\u0103<\/p>\n<p>Cum este definit ha\u0219i\u0219ul (ha\u0219i\u0219ul)?<\/p>\n<p>\u201eHa\u0219i\u0219ul este o substan\u021b\u0103 psihoactiv\u0103 derivat\u0103 din glandele de r\u0103\u0219in\u0103 ale plantei femele de Canabis (pistilat). [\u2026 ] Obiectivul este de a izola (\u0219i astfel concentra) r\u0103\u0219ina care con\u021bine THC pentru a produce ha\u0219i\u0219.\u201d Be\u021bi\u0219oare de ghea\u021b\u0103 din ghea\u021b\u0103<\/p>\n<p>Achizi\u021biona\u021bi be\u021bi\u0219oare de ghea\u021b\u0103 | Cump\u0103ra\u021bi be\u021bi\u0219oare de ghea\u021b\u0103 | Cump\u0103ra\u021bi Ice Hash Sticks<\/p>\n<p>Pur \u0219i simplu, ha\u0219i\u0219ul (la care acum ne vom referi ca ha\u0219) este glandele de r\u0103\u0219in\u0103 izolate ale plantei de canabis. \u0218i mai simplu, ha\u0219ul este atunci c\u00e2nd lucrurile bune lipicioase din canabisul t\u0103u sunt extrase \u00een \u00eentregime de la sine. Ha\u0219ul este, \u00eentr-un fel, canabis distilat! Be\u021bi\u0219oare de ha\u0219 f\u0103cut din ghea\u021b\u0103<\/p>\n<p>Facerea de ha\u0219 cu ghea\u021b\u0103 carbonic\u0103 este cea mai simpl\u0103, rapid\u0103 \u0219i eficient\u0103 metod\u0103 de extragere a r\u0103\u0219inii din canabis. Pe scurt, aceasta este opinia noastr\u0103 colectiv\u0103. Dry Ice Hash este metoda optim\u0103 de producere a ha\u0219ului. Be\u021bi\u0219oare de ghea\u021b\u0103 f\u0103cute din ghea\u021b\u0103<\/p>\n<p>&nbsp;<\/p>\n<p>Ce face ca Dry Ice Hash s\u0103 fie unic?<\/p>\n<p>De\u0219i nu toate ha\u0219urile sunt identice, multe sunt destul de asem\u0103n\u0103toare.<\/p>\n<p>Hash de ap\u0103 \u2013 denumit alternativ ca hash de ghea\u021b\u0103, hash cu bule, hash gravita\u021bional (Gumby) \u0219i hash de ghea\u021b\u0103 carbonic\u0103 \u2013 toate produc glande izolate de r\u0103\u0219in\u0103.<\/p>\n<p>Basti\u0219oare de ha\u0219 din ghea\u021b\u0103<\/p>\n<p>De\u0219i multe metode produc acela\u0219i produs sau un produs similar, utilizarea ghe\u021bii carbonizate are o serie de avantaje fa\u021b\u0103 de alte metode de colectare a r\u0103\u0219inii:<\/p>\n<p>Este mai convenabil\u0103 dec\u00e2t metodele alternative.<br \/> Pute\u021bi completa\u021bi ha\u0219ul cu ghea\u021b\u0103 carbonic\u0103 \u00een aproximativ 1\/25 din timpul necesar pentru a finaliza ha\u0219ul gravita\u021bional! De\u0219i acest exemplu este extrem, producerea hashului cu ghea\u021b\u0103 carbonic\u0103 dureaz\u0103 doar c\u00e2teva minute \u0219i este semnificativ mai rapid\u0103 dec\u00e2t alte metode. Hash Sticks Made of Ice<br \/> Este ridicol de simplu, iar acea simplitate se traduce prin satisfac\u021bie instantanee. Ob\u021bine\u021bi ha\u0219 premium pentru mai pu\u021bin de 15 minute scutur\u00e2nd o g\u0103leat\u0103 \u0219i o pung\u0103.<br \/> Nu exist\u0103 umiditate!<br \/> Asta \u00eenseamn\u0103 c\u0103 r\u0103\u0219ina este gata imediat dup\u0103 ce este scuturat\u0103!<\/p>\n","protected":false},"excerpt":{"rendered":"<div class=\"woocommerce-product-details__short-description\">\n<p>Ice Hash Sticks, cunoscute \u0219i sub numele de Thai Sticks, sunt o ras\u0103 sativa pur\u0103 originar\u0103 din Thailanda \u0219i a ajuns \u00een Statele Unite \u00een anii 1970.<\/p>\n<p>Ice Hash c\u00e2\u0219tig\u0103 rapid popularitate ca metod\u0103 de \u00eentre\u021binere redus\u0103 de a produce hash de \u00eenalt\u0103 calitate. Marijuana este combinat\u0103 cu ap\u0103 \u0219i apoi filtrat\u0103 prin diferite tipuri de p\u00e2nz\u0103. R\u0103\u0219ina care rezult\u0103 este incredibil\u0103. Hash Sticks din ghea\u021b\u0103. Exist\u0103 numeroase metode pentru a crea Ice Hash. Pute\u021bi achizi\u021biona Ice-o-lators online pentru a crea Ice Hash. Cump\u0103ra\u021bi be\u021bi\u0219oare de hash din ghea\u021b\u0103<\/p>\n<\/p><\/div>\n","protected":false},"featured_media":4679,"comment_status":"open","ping_status":"closed","template":"","meta":[],"product_brand":[],"product_cat":[610],"product_tag":[],"class_list":{"0":"post-4666","1":"product","2":"type-product","3":"status-publish","4":"has-post-thumbnail","6":"product_cat-cumparati-hasis-hasis","8":"first","9":"instock","10":"shipping-taxable","11":"purchasable","12":"product-type-variable","13":"has-default-attributes"},"yoast_head":"<!-- This site is optimized with the Yoast SEO plugin v27.3 - https:\/\/yoast.com\/product\/yoast-seo-wordpress\/ -->\n<title>Cump\u0103ra\u021bi Ice Hash Sticks - Cele mai bune medicamente globale<\/title>\n<meta name=\"description\" content=\"Cump\u0103ra\u021bi Ice Hash Sticks de v\u00e2nzare Marea Britanie, Europa Online, cunoscut\u0103 \u0219i sub numele de Thai Sticks, este o ras\u0103 sativa pur\u0103, care a \u00eenceput \u00een Thailanda, ajung\u00e2nd \u00een SUA abia \u00een anii 70.\" \/>\n<meta name=\"robots\" content=\"index, follow, max-snippet:-1, max-image-preview:large, max-video-preview:-1\" \/>\n<link rel=\"canonical\" href=\"https:\/\/medicinasinc.com\/ro\/product\/cumpara-betisoare-de-gheata\/\" \/>\n<meta property=\"og:locale\" content=\"en_US\" \/>\n<meta property=\"og:type\" content=\"article\" \/>\n<meta property=\"og:title\" content=\"Cump\u0103ra\u021bi Ice Hash Sticks - Cele mai bune medicamente globale\" \/>\n<meta property=\"og:description\" content=\"Cump\u0103ra\u021bi Ice Hash Sticks de v\u00e2nzare Marea Britanie, Europa Online, cunoscut\u0103 \u0219i sub numele de Thai Sticks, este o ras\u0103 sativa pur\u0103, care a \u00eenceput \u00een Thailanda, ajung\u00e2nd \u00een SUA abia \u00een anii 70.\" \/>\n<meta property=\"og:url\" content=\"https:\/\/medicinasinc.com\/ro\/product\/cumpara-betisoare-de-gheata\/\" \/>\n<meta property=\"og:site_name\" content=\"Medicinas Inc\" \/>\n<meta property=\"article:modified_time\" content=\"2022-03-22T01:17:52+00:00\" \/>\n<meta property=\"og:image\" content=\"https:\/\/medicinasinc.com\/ro\/wp-content\/uploads\/sites\/11\/2022\/02\/Buy-Ice-Hash-Sticks.jpg\" \/>\n\t<meta property=\"og:image:width\" content=\"600\" \/>\n\t<meta property=\"og:image:height\" content=\"600\" \/>\n\t<meta property=\"og:image:type\" content=\"image\/jpeg\" \/>\n<meta name=\"twitter:card\" content=\"summary_large_image\" \/>\n<meta name=\"twitter:label1\" content=\"Est. reading time\" \/>\n\t<meta name=\"twitter:data1\" content=\"2 minutes\" \/>\n<script type=\"application\/ld+json\" class=\"yoast-schema-graph\">{\"@context\":\"https:\\\/\\\/schema.org\",\"@graph\":[{\"@type\":\"WebPage\",\"@id\":\"https:\\\/\\\/medicinasinc.com\\\/ro\\\/product\\\/cumpara-betisoare-de-gheata\\\/\",\"url\":\"https:\\\/\\\/medicinasinc.com\\\/ro\\\/product\\\/cumpara-betisoare-de-gheata\\\/\",\"name\":\"Cump\u0103ra\u021bi Ice Hash Sticks - Cele mai bune medicamente globale\",\"isPartOf\":{\"@id\":\"https:\\\/\\\/medicinasinc.com\\\/ro\\\/#website\"},\"primaryImageOfPage\":{\"@id\":\"https:\\\/\\\/medicinasinc.com\\\/ro\\\/product\\\/cumpara-betisoare-de-gheata\\\/#primaryimage\"},\"image\":{\"@id\":\"https:\\\/\\\/medicinasinc.com\\\/ro\\\/product\\\/cumpara-betisoare-de-gheata\\\/#primaryimage\"},\"thumbnailUrl\":\"https:\\\/\\\/medicinasinc.com\\\/ro\\\/wp-content\\\/uploads\\\/sites\\\/11\\\/2022\\\/02\\\/Buy-Ice-Hash-Sticks.jpg\",\"datePublished\":\"2022-02-20T14:26:53+00:00\",\"dateModified\":\"2022-03-22T01:17:52+00:00\",\"description\":\"Cump\u0103ra\u021bi Ice Hash Sticks de v\u00e2nzare Marea Britanie, Europa Online, cunoscut\u0103 \u0219i sub numele de Thai Sticks, este o ras\u0103 sativa pur\u0103, care a \u00eenceput \u00een Thailanda, ajung\u00e2nd \u00een SUA abia \u00een anii 70.\",\"breadcrumb\":{\"@id\":\"https:\\\/\\\/medicinasinc.com\\\/ro\\\/product\\\/cumpara-betisoare-de-gheata\\\/#breadcrumb\"},\"inLanguage\":\"en-US\",\"potentialAction\":[{\"@type\":\"ReadAction\",\"target\":[\"https:\\\/\\\/medicinasinc.com\\\/ro\\\/product\\\/cumpara-betisoare-de-gheata\\\/\"]}]},{\"@type\":\"ImageObject\",\"inLanguage\":\"en-US\",\"@id\":\"https:\\\/\\\/medicinasinc.com\\\/ro\\\/product\\\/cumpara-betisoare-de-gheata\\\/#primaryimage\",\"url\":\"https:\\\/\\\/medicinasinc.com\\\/ro\\\/wp-content\\\/uploads\\\/sites\\\/11\\\/2022\\\/02\\\/Buy-Ice-Hash-Sticks.jpg\",\"contentUrl\":\"https:\\\/\\\/medicinasinc.com\\\/ro\\\/wp-content\\\/uploads\\\/sites\\\/11\\\/2022\\\/02\\\/Buy-Ice-Hash-Sticks.jpg\",\"width\":600,\"height\":600},{\"@type\":\"BreadcrumbList\",\"@id\":\"https:\\\/\\\/medicinasinc.com\\\/ro\\\/product\\\/cumpara-betisoare-de-gheata\\\/#breadcrumb\",\"itemListElement\":[{\"@type\":\"ListItem\",\"position\":1,\"name\":\"Magazin\",\"item\":\"https:\\\/\\\/medicinasinc.com\\\/ro\\\/magazin\\\/\"},{\"@type\":\"ListItem\",\"position\":2,\"name\":\"Cump\u0103ra\u021bi Ice Hash Sticks\"}]},{\"@type\":\"WebSite\",\"@id\":\"https:\\\/\\\/medicinasinc.com\\\/ro\\\/#website\",\"url\":\"https:\\\/\\\/medicinasinc.com\\\/ro\\\/\",\"name\":\"Medicinas Inc\",\"description\":\"Health Medical Clinic\",\"potentialAction\":[{\"@type\":\"SearchAction\",\"target\":{\"@type\":\"EntryPoint\",\"urlTemplate\":\"https:\\\/\\\/medicinasinc.com\\\/ro\\\/?s={search_term_string}\"},\"query-input\":{\"@type\":\"PropertyValueSpecification\",\"valueRequired\":true,\"valueName\":\"search_term_string\"}}],\"inLanguage\":\"en-US\"}]}<\/script>\n<!-- \/ Yoast SEO plugin. -->","yoast_head_json":{"title":"Cump\u0103ra\u021bi Ice Hash Sticks - Cele mai bune medicamente globale","description":"Cump\u0103ra\u021bi Ice Hash Sticks de v\u00e2nzare Marea Britanie, Europa Online, cunoscut\u0103 \u0219i sub numele de Thai Sticks, este o ras\u0103 sativa pur\u0103, care a \u00eenceput \u00een Thailanda, ajung\u00e2nd \u00een SUA abia \u00een anii 70.","robots":{"index":"index","follow":"follow","max-snippet":"max-snippet:-1","max-image-preview":"max-image-preview:large","max-video-preview":"max-video-preview:-1"},"canonical":"https:\/\/medicinasinc.com\/ro\/product\/cumpara-betisoare-de-gheata\/","og_locale":"en_US","og_type":"article","og_title":"Cump\u0103ra\u021bi Ice Hash Sticks - Cele mai bune medicamente globale","og_description":"Cump\u0103ra\u021bi Ice Hash Sticks de v\u00e2nzare Marea Britanie, Europa Online, cunoscut\u0103 \u0219i sub numele de Thai Sticks, este o ras\u0103 sativa pur\u0103, care a \u00eenceput \u00een Thailanda, ajung\u00e2nd \u00een SUA abia \u00een anii 70.","og_url":"https:\/\/medicinasinc.com\/ro\/product\/cumpara-betisoare-de-gheata\/","og_site_name":"Medicinas Inc","article_modified_time":"2022-03-22T01:17:52+00:00","og_image":[{"width":600,"height":600,"url":"https:\/\/medicinasinc.com\/ro\/wp-content\/uploads\/sites\/11\/2022\/02\/Buy-Ice-Hash-Sticks.jpg","type":"image\/jpeg"}],"twitter_card":"summary_large_image","twitter_misc":{"Est. reading time":"2 minutes"},"schema":{"@context":"https:\/\/schema.org","@graph":[{"@type":"WebPage","@id":"https:\/\/medicinasinc.com\/ro\/product\/cumpara-betisoare-de-gheata\/","url":"https:\/\/medicinasinc.com\/ro\/product\/cumpara-betisoare-de-gheata\/","name":"Cump\u0103ra\u021bi Ice Hash Sticks - Cele mai bune medicamente globale","isPartOf":{"@id":"https:\/\/medicinasinc.com\/ro\/#website"},"primaryImageOfPage":{"@id":"https:\/\/medicinasinc.com\/ro\/product\/cumpara-betisoare-de-gheata\/#primaryimage"},"image":{"@id":"https:\/\/medicinasinc.com\/ro\/product\/cumpara-betisoare-de-gheata\/#primaryimage"},"thumbnailUrl":"https:\/\/medicinasinc.com\/ro\/wp-content\/uploads\/sites\/11\/2022\/02\/Buy-Ice-Hash-Sticks.jpg","datePublished":"2022-02-20T14:26:53+00:00","dateModified":"2022-03-22T01:17:52+00:00","description":"Cump\u0103ra\u021bi Ice Hash Sticks de v\u00e2nzare Marea Britanie, Europa Online, cunoscut\u0103 \u0219i sub numele de Thai Sticks, este o ras\u0103 sativa pur\u0103, care a \u00eenceput \u00een Thailanda, ajung\u00e2nd \u00een SUA abia \u00een anii 70.","breadcrumb":{"@id":"https:\/\/medicinasinc.com\/ro\/product\/cumpara-betisoare-de-gheata\/#breadcrumb"},"inLanguage":"en-US","potentialAction":[{"@type":"ReadAction","target":["https:\/\/medicinasinc.com\/ro\/product\/cumpara-betisoare-de-gheata\/"]}]},{"@type":"ImageObject","inLanguage":"en-US","@id":"https:\/\/medicinasinc.com\/ro\/product\/cumpara-betisoare-de-gheata\/#primaryimage","url":"https:\/\/medicinasinc.com\/ro\/wp-content\/uploads\/sites\/11\/2022\/02\/Buy-Ice-Hash-Sticks.jpg","contentUrl":"https:\/\/medicinasinc.com\/ro\/wp-content\/uploads\/sites\/11\/2022\/02\/Buy-Ice-Hash-Sticks.jpg","width":600,"height":600},{"@type":"BreadcrumbList","@id":"https:\/\/medicinasinc.com\/ro\/product\/cumpara-betisoare-de-gheata\/#breadcrumb","itemListElement":[{"@type":"ListItem","position":1,"name":"Magazin","item":"https:\/\/medicinasinc.com\/ro\/magazin\/"},{"@type":"ListItem","position":2,"name":"Cump\u0103ra\u021bi Ice Hash Sticks"}]},{"@type":"WebSite","@id":"https:\/\/medicinasinc.com\/ro\/#website","url":"https:\/\/medicinasinc.com\/ro\/","name":"Medicinas Inc","description":"Health Medical Clinic","potentialAction":[{"@type":"SearchAction","target":{"@type":"EntryPoint","urlTemplate":"https:\/\/medicinasinc.com\/ro\/?s={search_term_string}"},"query-input":{"@type":"PropertyValueSpecification","valueRequired":true,"valueName":"search_term_string"}}],"inLanguage":"en-US"}]}},"_links":{"self":[{"href":"https:\/\/medicinasinc.com\/ro\/wp-json\/wp\/v2\/product\/4666","targetHints":{"allow":["GET"]}}],"collection":[{"href":"https:\/\/medicinasinc.com\/ro\/wp-json\/wp\/v2\/product"}],"about":[{"href":"https:\/\/medicinasinc.com\/ro\/wp-json\/wp\/v2\/types\/product"}],"replies":[{"embeddable":true,"href":"https:\/\/medicinasinc.com\/ro\/wp-json\/wp\/v2\/comments?post=4666"}],"wp:featuredmedia":[{"embeddable":true,"href":"https:\/\/medicinasinc.com\/ro\/wp-json\/wp\/v2\/media\/4679"}],"wp:attachment":[{"href":"https:\/\/medicinasinc.com\/ro\/wp-json\/wp\/v2\/media?parent=4666"}],"wp:term":[{"taxonomy":"product_brand","embeddable":true,"href":"https:\/\/medicinasinc.com\/ro\/wp-json\/wp\/v2\/product_brand?post=4666"},{"taxonomy":"product_cat","embeddable":true,"href":"https:\/\/medicinasinc.com\/ro\/wp-json\/wp\/v2\/product_cat?post=4666"},{"taxonomy":"product_tag","embeddable":true,"href":"https:\/\/medicinasinc.com\/ro\/wp-json\/wp\/v2\/product_tag?post=4666"}],"curies":[{"name":"wp","href":"https:\/\/api.w.org\/{rel}","templated":true}]}}