{"id":4658,"date":"2022-02-20T14:22:15","date_gmt":"2022-02-20T14:22:15","guid":{"rendered":"https:\/\/medicinasinc.com\/ro\/?post_type=product&#038;p=4658"},"modified":"2022-03-22T01:18:00","modified_gmt":"2022-03-22T01:18:00","slug":"cumpara-miere-marocana-blonda-hash","status":"publish","type":"product","link":"https:\/\/medicinasinc.com\/ro\/product\/cumpara-miere-marocana-blonda-hash\/","title":{"rendered":"Cump\u0103ra\u021bi Honey Moroccan Blonde Hash"},"content":{"rendered":"<div class=\"woocommerce-tabs wc-tabs-wrapper\">\n<div id=\"tab-description\" class=\"woocommerce-Tabs-panel woocommerce-Tabs-panel--panoul descriere intrare-con\u021binut wc-tab\" aria-labelledby=\"tab-title-description\">\n<p>Achizi\u021bie online de miere de ha\u0219 blond marocan. Kif este folosit frecvent \u00eempreun\u0103 cu ha\u0219i\u0219. Kif este folosit frecvent \u00een Occident pentru a crea ha\u0219ul unic Honey Moroccan Blonde Hash. C\u00e2nd sunt folosite frunzele mai bl\u00e2nde, se nume\u0219te \u201ehabisha\u201d, care este similar cu marijuana.<\/p>\n<p>Honey Moroccan Blonde Hash are o arom\u0103 tipic dulce, cu o atmosfer\u0103 fin\u0103 pe limb\u0103. Este tipul de arom\u0103 pe care papilele gustative \u00eel ador\u0103. Este posibil s\u0103 ave\u021bi un ha\u0219 extrem de r\u0103\u0219inos.<\/p>\n<p>Arom\u0103 de miere de ha\u0219 marocan blond\u0103:<\/p>\n<p>Ha\u0219ul de miere de marocan blond are o arom\u0103 dulce \u0219i o textur\u0103 neted\u0103 pe limb\u0103. Este tipul de arom\u0103 pe care papilele gustative \u00eel apreciaz\u0103. Este posibil s\u0103 ave\u021bi un ha\u0219 foarte r\u0103\u0219inos. Achizi\u021bionare online de miere de ha\u0219 blond marocan<\/p>\n<\/p><\/div><\/div>\n","protected":false},"excerpt":{"rendered":"<div class=\"woocommerce-product-details__short-description\">\n<p>Cump\u0103ra\u021bi Honey Moroccan Blonde Hash de v\u00e2nzare Marea Britanie, Europa. Este u\u0219or aromat, cu o not\u0103 de condiment care produce un high cerebral \u0219i activ. hash blond.<\/p>\n<\/p><\/div>\n","protected":false},"featured_media":4671,"comment_status":"open","ping_status":"closed","template":"","meta":[],"product_brand":[],"product_cat":[610],"product_tag":[],"class_list":{"0":"post-4658","1":"product","2":"type-product","3":"status-publish","4":"has-post-thumbnail","6":"product_cat-cumparati-hasis-hasis","8":"first","9":"instock","10":"shipping-taxable","11":"purchasable","12":"product-type-variable","13":"has-default-attributes"},"yoast_head":"<!-- This site is optimized with the Yoast SEO plugin v27.3 - https:\/\/yoast.com\/product\/yoast-seo-wordpress\/ -->\n<title>Cump\u0103ra\u021bi Honey Moroccan Blonde Hash - Best Global Medicina<\/title>\n<meta name=\"description\" content=\"Cump\u0103ra\u021bi Honey Moroccan Blonde Hash de v\u00e2nzare Marea Britanie, Europa. Este u\u0219or aromat, cu o not\u0103 de condiment care produce un high cerebral \u0219i activ. hash blond.\" \/>\n<meta name=\"robots\" content=\"index, follow, max-snippet:-1, max-image-preview:large, max-video-preview:-1\" \/>\n<link rel=\"canonical\" href=\"https:\/\/medicinasinc.com\/ro\/product\/cumpara-miere-marocana-blonda-hash\/\" \/>\n<meta property=\"og:locale\" content=\"en_US\" \/>\n<meta property=\"og:type\" content=\"article\" \/>\n<meta property=\"og:title\" content=\"Cump\u0103ra\u021bi Honey Moroccan Blonde Hash - Best Global Medicina\" \/>\n<meta property=\"og:description\" content=\"Cump\u0103ra\u021bi Honey Moroccan Blonde Hash de v\u00e2nzare Marea Britanie, Europa. Este u\u0219or aromat, cu o not\u0103 de condiment care produce un high cerebral \u0219i activ. hash blond.\" \/>\n<meta property=\"og:url\" content=\"https:\/\/medicinasinc.com\/ro\/product\/cumpara-miere-marocana-blonda-hash\/\" \/>\n<meta property=\"og:site_name\" content=\"Medicinas Inc\" \/>\n<meta property=\"article:modified_time\" content=\"2022-03-22T01:18:00+00:00\" \/>\n<meta property=\"og:image\" content=\"https:\/\/medicinasinc.com\/ro\/wp-content\/uploads\/sites\/11\/2022\/02\/Buy-Honey-Moroccan-Blonde-Hash.jpg\" \/>\n\t<meta property=\"og:image:width\" content=\"600\" \/>\n\t<meta property=\"og:image:height\" content=\"600\" \/>\n\t<meta property=\"og:image:type\" content=\"image\/jpeg\" \/>\n<meta name=\"twitter:card\" content=\"summary_large_image\" \/>\n<meta name=\"twitter:label1\" content=\"Est. reading time\" \/>\n\t<meta name=\"twitter:data1\" content=\"1 minute\" \/>\n<script type=\"application\/ld+json\" class=\"yoast-schema-graph\">{\"@context\":\"https:\\\/\\\/schema.org\",\"@graph\":[{\"@type\":\"WebPage\",\"@id\":\"https:\\\/\\\/medicinasinc.com\\\/ro\\\/product\\\/cumpara-miere-marocana-blonda-hash\\\/\",\"url\":\"https:\\\/\\\/medicinasinc.com\\\/ro\\\/product\\\/cumpara-miere-marocana-blonda-hash\\\/\",\"name\":\"Cump\u0103ra\u021bi Honey Moroccan Blonde Hash - Best Global Medicina\",\"isPartOf\":{\"@id\":\"https:\\\/\\\/medicinasinc.com\\\/ro\\\/#website\"},\"primaryImageOfPage\":{\"@id\":\"https:\\\/\\\/medicinasinc.com\\\/ro\\\/product\\\/cumpara-miere-marocana-blonda-hash\\\/#primaryimage\"},\"image\":{\"@id\":\"https:\\\/\\\/medicinasinc.com\\\/ro\\\/product\\\/cumpara-miere-marocana-blonda-hash\\\/#primaryimage\"},\"thumbnailUrl\":\"https:\\\/\\\/medicinasinc.com\\\/ro\\\/wp-content\\\/uploads\\\/sites\\\/11\\\/2022\\\/02\\\/Buy-Honey-Moroccan-Blonde-Hash.jpg\",\"datePublished\":\"2022-02-20T14:22:15+00:00\",\"dateModified\":\"2022-03-22T01:18:00+00:00\",\"description\":\"Cump\u0103ra\u021bi Honey Moroccan Blonde Hash de v\u00e2nzare Marea Britanie, Europa. Este u\u0219or aromat, cu o not\u0103 de condiment care produce un high cerebral \u0219i activ. hash blond.\",\"breadcrumb\":{\"@id\":\"https:\\\/\\\/medicinasinc.com\\\/ro\\\/product\\\/cumpara-miere-marocana-blonda-hash\\\/#breadcrumb\"},\"inLanguage\":\"en-US\",\"potentialAction\":[{\"@type\":\"ReadAction\",\"target\":[\"https:\\\/\\\/medicinasinc.com\\\/ro\\\/product\\\/cumpara-miere-marocana-blonda-hash\\\/\"]}]},{\"@type\":\"ImageObject\",\"inLanguage\":\"en-US\",\"@id\":\"https:\\\/\\\/medicinasinc.com\\\/ro\\\/product\\\/cumpara-miere-marocana-blonda-hash\\\/#primaryimage\",\"url\":\"https:\\\/\\\/medicinasinc.com\\\/ro\\\/wp-content\\\/uploads\\\/sites\\\/11\\\/2022\\\/02\\\/Buy-Honey-Moroccan-Blonde-Hash.jpg\",\"contentUrl\":\"https:\\\/\\\/medicinasinc.com\\\/ro\\\/wp-content\\\/uploads\\\/sites\\\/11\\\/2022\\\/02\\\/Buy-Honey-Moroccan-Blonde-Hash.jpg\",\"width\":600,\"height\":600},{\"@type\":\"BreadcrumbList\",\"@id\":\"https:\\\/\\\/medicinasinc.com\\\/ro\\\/product\\\/cumpara-miere-marocana-blonda-hash\\\/#breadcrumb\",\"itemListElement\":[{\"@type\":\"ListItem\",\"position\":1,\"name\":\"Magazin\",\"item\":\"https:\\\/\\\/medicinasinc.com\\\/ro\\\/magazin\\\/\"},{\"@type\":\"ListItem\",\"position\":2,\"name\":\"Cump\u0103ra\u021bi Honey Moroccan Blonde Hash\"}]},{\"@type\":\"WebSite\",\"@id\":\"https:\\\/\\\/medicinasinc.com\\\/ro\\\/#website\",\"url\":\"https:\\\/\\\/medicinasinc.com\\\/ro\\\/\",\"name\":\"Medicinas Inc\",\"description\":\"Health Medical Clinic\",\"potentialAction\":[{\"@type\":\"SearchAction\",\"target\":{\"@type\":\"EntryPoint\",\"urlTemplate\":\"https:\\\/\\\/medicinasinc.com\\\/ro\\\/?s={search_term_string}\"},\"query-input\":{\"@type\":\"PropertyValueSpecification\",\"valueRequired\":true,\"valueName\":\"search_term_string\"}}],\"inLanguage\":\"en-US\"}]}<\/script>\n<!-- \/ Yoast SEO plugin. -->","yoast_head_json":{"title":"Cump\u0103ra\u021bi Honey Moroccan Blonde Hash - Best Global Medicina","description":"Cump\u0103ra\u021bi Honey Moroccan Blonde Hash de v\u00e2nzare Marea Britanie, Europa. Este u\u0219or aromat, cu o not\u0103 de condiment care produce un high cerebral \u0219i activ. hash blond.","robots":{"index":"index","follow":"follow","max-snippet":"max-snippet:-1","max-image-preview":"max-image-preview:large","max-video-preview":"max-video-preview:-1"},"canonical":"https:\/\/medicinasinc.com\/ro\/product\/cumpara-miere-marocana-blonda-hash\/","og_locale":"en_US","og_type":"article","og_title":"Cump\u0103ra\u021bi Honey Moroccan Blonde Hash - Best Global Medicina","og_description":"Cump\u0103ra\u021bi Honey Moroccan Blonde Hash de v\u00e2nzare Marea Britanie, Europa. Este u\u0219or aromat, cu o not\u0103 de condiment care produce un high cerebral \u0219i activ. hash blond.","og_url":"https:\/\/medicinasinc.com\/ro\/product\/cumpara-miere-marocana-blonda-hash\/","og_site_name":"Medicinas Inc","article_modified_time":"2022-03-22T01:18:00+00:00","og_image":[{"width":600,"height":600,"url":"https:\/\/medicinasinc.com\/ro\/wp-content\/uploads\/sites\/11\/2022\/02\/Buy-Honey-Moroccan-Blonde-Hash.jpg","type":"image\/jpeg"}],"twitter_card":"summary_large_image","twitter_misc":{"Est. reading time":"1 minute"},"schema":{"@context":"https:\/\/schema.org","@graph":[{"@type":"WebPage","@id":"https:\/\/medicinasinc.com\/ro\/product\/cumpara-miere-marocana-blonda-hash\/","url":"https:\/\/medicinasinc.com\/ro\/product\/cumpara-miere-marocana-blonda-hash\/","name":"Cump\u0103ra\u021bi Honey Moroccan Blonde Hash - Best Global Medicina","isPartOf":{"@id":"https:\/\/medicinasinc.com\/ro\/#website"},"primaryImageOfPage":{"@id":"https:\/\/medicinasinc.com\/ro\/product\/cumpara-miere-marocana-blonda-hash\/#primaryimage"},"image":{"@id":"https:\/\/medicinasinc.com\/ro\/product\/cumpara-miere-marocana-blonda-hash\/#primaryimage"},"thumbnailUrl":"https:\/\/medicinasinc.com\/ro\/wp-content\/uploads\/sites\/11\/2022\/02\/Buy-Honey-Moroccan-Blonde-Hash.jpg","datePublished":"2022-02-20T14:22:15+00:00","dateModified":"2022-03-22T01:18:00+00:00","description":"Cump\u0103ra\u021bi Honey Moroccan Blonde Hash de v\u00e2nzare Marea Britanie, Europa. Este u\u0219or aromat, cu o not\u0103 de condiment care produce un high cerebral \u0219i activ. hash blond.","breadcrumb":{"@id":"https:\/\/medicinasinc.com\/ro\/product\/cumpara-miere-marocana-blonda-hash\/#breadcrumb"},"inLanguage":"en-US","potentialAction":[{"@type":"ReadAction","target":["https:\/\/medicinasinc.com\/ro\/product\/cumpara-miere-marocana-blonda-hash\/"]}]},{"@type":"ImageObject","inLanguage":"en-US","@id":"https:\/\/medicinasinc.com\/ro\/product\/cumpara-miere-marocana-blonda-hash\/#primaryimage","url":"https:\/\/medicinasinc.com\/ro\/wp-content\/uploads\/sites\/11\/2022\/02\/Buy-Honey-Moroccan-Blonde-Hash.jpg","contentUrl":"https:\/\/medicinasinc.com\/ro\/wp-content\/uploads\/sites\/11\/2022\/02\/Buy-Honey-Moroccan-Blonde-Hash.jpg","width":600,"height":600},{"@type":"BreadcrumbList","@id":"https:\/\/medicinasinc.com\/ro\/product\/cumpara-miere-marocana-blonda-hash\/#breadcrumb","itemListElement":[{"@type":"ListItem","position":1,"name":"Magazin","item":"https:\/\/medicinasinc.com\/ro\/magazin\/"},{"@type":"ListItem","position":2,"name":"Cump\u0103ra\u021bi Honey Moroccan Blonde Hash"}]},{"@type":"WebSite","@id":"https:\/\/medicinasinc.com\/ro\/#website","url":"https:\/\/medicinasinc.com\/ro\/","name":"Medicinas Inc","description":"Health Medical Clinic","potentialAction":[{"@type":"SearchAction","target":{"@type":"EntryPoint","urlTemplate":"https:\/\/medicinasinc.com\/ro\/?s={search_term_string}"},"query-input":{"@type":"PropertyValueSpecification","valueRequired":true,"valueName":"search_term_string"}}],"inLanguage":"en-US"}]}},"_links":{"self":[{"href":"https:\/\/medicinasinc.com\/ro\/wp-json\/wp\/v2\/product\/4658","targetHints":{"allow":["GET"]}}],"collection":[{"href":"https:\/\/medicinasinc.com\/ro\/wp-json\/wp\/v2\/product"}],"about":[{"href":"https:\/\/medicinasinc.com\/ro\/wp-json\/wp\/v2\/types\/product"}],"replies":[{"embeddable":true,"href":"https:\/\/medicinasinc.com\/ro\/wp-json\/wp\/v2\/comments?post=4658"}],"wp:featuredmedia":[{"embeddable":true,"href":"https:\/\/medicinasinc.com\/ro\/wp-json\/wp\/v2\/media\/4671"}],"wp:attachment":[{"href":"https:\/\/medicinasinc.com\/ro\/wp-json\/wp\/v2\/media?parent=4658"}],"wp:term":[{"taxonomy":"product_brand","embeddable":true,"href":"https:\/\/medicinasinc.com\/ro\/wp-json\/wp\/v2\/product_brand?post=4658"},{"taxonomy":"product_cat","embeddable":true,"href":"https:\/\/medicinasinc.com\/ro\/wp-json\/wp\/v2\/product_cat?post=4658"},{"taxonomy":"product_tag","embeddable":true,"href":"https:\/\/medicinasinc.com\/ro\/wp-json\/wp\/v2\/product_tag?post=4658"}],"curies":[{"name":"wp","href":"https:\/\/api.w.org\/{rel}","templated":true}]}}