{"id":4651,"date":"2022-02-20T14:16:39","date_gmt":"2022-02-20T14:16:39","guid":{"rendered":"https:\/\/medicinasinc.com\/ro\/?post_type=product&#038;p=4651"},"modified":"2022-03-22T01:18:11","modified_gmt":"2022-03-22T01:18:11","slug":"cumpara-gelato-hash-online","status":"publish","type":"product","link":"https:\/\/medicinasinc.com\/ro\/product\/cumpara-gelato-hash-online\/","title":{"rendered":"Cump\u0103ra\u021bi Gelato Hash Online"},"content":{"rendered":"<p>Cump\u0103ra\u021bi Gelato Hash online \u00een Regatul Unit<\/p>\n<p>Ast\u0103zi, Astra Weed ofer\u0103 Gelato Hash spre v\u00e2nzare online \u00een Regatul Unit \u0219i Europa. Ha\u0219i\u0219ul din tulpin\u0103 de gelato este un r\u0103sf\u0103\u021b delicios at\u00e2t pentru cunosc\u0103tori, c\u00e2t \u0219i pentru cei nou-veni\u021bi \u00een lumea fericit\u0103 a ha\u0219i\u0219ului. Una dintre cele mai ilustre \u0219i de durat\u0103 tradi\u021bii ale canabisului. Acest ha\u0219 este f\u0103cut din flori care au fost vindecate timp de opt s\u0103pt\u0103m\u00e2ni. Acest ha\u0219i\u0219 este de cea mai \u00eenalt\u0103 calitate.<\/p>\n","protected":false},"excerpt":{"rendered":"<p>Cump\u0103ra\u021bi Gelato Hash de v\u00e2nzare online \u00een Marea Britanie, Europa! Ha\u0219i\u0219ul din tulpin\u0103 de gelato este ceva gustos pentru cunosc\u0103torii no\u0219tri de ha\u0219i\u0219 \u0219i pentru cei care doresc s\u0103 se aventureze \u00een lumea fericit\u0103 a ha\u0219i\u0219ului.<\/p>\n<p>Livrare \u00een toat\u0103 lumea<\/p>\n<ul>\n<li><strong>Clasament: AAAAA<\/strong> &gt;<\/li>\n<li><strong>Contacta\u021bi-ne<\/strong>\u00a0pentru comenzi mai mari<\/li>\n<\/ul>\n","protected":false},"featured_media":4663,"comment_status":"open","ping_status":"closed","template":"","meta":[],"product_brand":[],"product_cat":[610],"product_tag":[],"class_list":{"0":"post-4651","1":"product","2":"type-product","3":"status-publish","4":"has-post-thumbnail","6":"product_cat-cumparati-hasis-hasis","8":"first","9":"instock","10":"shipping-taxable","11":"purchasable","12":"product-type-variable","13":"has-default-attributes"},"yoast_head":"<!-- This site is optimized with the Yoast SEO plugin v27.3 - https:\/\/yoast.com\/product\/yoast-seo-wordpress\/ -->\n<title>Cump\u0103ra\u021bi Gelato Hash online - Cele mai bune medicamente globale<\/title>\n<meta name=\"description\" content=\"Cump\u0103ra\u021bi Gelato Hash de v\u00e2nzare online \u00een Marea Britanie, Europa! Ha\u0219i\u0219ul din tulpin\u0103 de gelato este ceva gustos pentru cunosc\u0103torii no\u0219tri de ha\u0219 \u0219i pentru cei care doresc s\u0103 se aventureze \u00een lumea fericit\u0103 a ha\u0219i\u0219ului.\" \/>\n<meta name=\"robots\" content=\"index, follow, max-snippet:-1, max-image-preview:large, max-video-preview:-1\" \/>\n<link rel=\"canonical\" href=\"https:\/\/medicinasinc.com\/ro\/product\/cumpara-gelato-hash-online\/\" \/>\n<meta property=\"og:locale\" content=\"en_US\" \/>\n<meta property=\"og:type\" content=\"article\" \/>\n<meta property=\"og:title\" content=\"Cump\u0103ra\u021bi Gelato Hash online - Cele mai bune medicamente globale\" \/>\n<meta property=\"og:description\" content=\"Cump\u0103ra\u021bi Gelato Hash de v\u00e2nzare online \u00een Marea Britanie, Europa! Ha\u0219i\u0219ul din tulpin\u0103 de gelato este ceva gustos pentru cunosc\u0103torii no\u0219tri de ha\u0219 \u0219i pentru cei care doresc s\u0103 se aventureze \u00een lumea fericit\u0103 a ha\u0219i\u0219ului.\" \/>\n<meta property=\"og:url\" content=\"https:\/\/medicinasinc.com\/ro\/product\/cumpara-gelato-hash-online\/\" \/>\n<meta property=\"og:site_name\" content=\"Medicinas Inc\" \/>\n<meta property=\"article:modified_time\" content=\"2022-03-22T01:18:11+00:00\" \/>\n<meta property=\"og:image\" content=\"https:\/\/medicinasinc.com\/ro\/wp-content\/uploads\/sites\/11\/2022\/02\/Buy-Gelato-Hash-Online.jpg\" \/>\n\t<meta property=\"og:image:width\" content=\"600\" \/>\n\t<meta property=\"og:image:height\" content=\"600\" \/>\n\t<meta property=\"og:image:type\" content=\"image\/jpeg\" \/>\n<meta name=\"twitter:card\" content=\"summary_large_image\" \/>\n<meta name=\"twitter:label1\" content=\"Est. reading time\" \/>\n\t<meta name=\"twitter:data1\" content=\"1 minute\" \/>\n<script type=\"application\/ld+json\" class=\"yoast-schema-graph\">{\"@context\":\"https:\\\/\\\/schema.org\",\"@graph\":[{\"@type\":\"WebPage\",\"@id\":\"https:\\\/\\\/medicinasinc.com\\\/ro\\\/product\\\/cumpara-gelato-hash-online\\\/\",\"url\":\"https:\\\/\\\/medicinasinc.com\\\/ro\\\/product\\\/cumpara-gelato-hash-online\\\/\",\"name\":\"Cump\u0103ra\u021bi Gelato Hash online - Cele mai bune medicamente globale\",\"isPartOf\":{\"@id\":\"https:\\\/\\\/medicinasinc.com\\\/ro\\\/#website\"},\"primaryImageOfPage\":{\"@id\":\"https:\\\/\\\/medicinasinc.com\\\/ro\\\/product\\\/cumpara-gelato-hash-online\\\/#primaryimage\"},\"image\":{\"@id\":\"https:\\\/\\\/medicinasinc.com\\\/ro\\\/product\\\/cumpara-gelato-hash-online\\\/#primaryimage\"},\"thumbnailUrl\":\"https:\\\/\\\/medicinasinc.com\\\/ro\\\/wp-content\\\/uploads\\\/sites\\\/11\\\/2022\\\/02\\\/Buy-Gelato-Hash-Online.jpg\",\"datePublished\":\"2022-02-20T14:16:39+00:00\",\"dateModified\":\"2022-03-22T01:18:11+00:00\",\"description\":\"Cump\u0103ra\u021bi Gelato Hash de v\u00e2nzare online \u00een Marea Britanie, Europa! Ha\u0219i\u0219ul din tulpin\u0103 de gelato este ceva gustos pentru cunosc\u0103torii no\u0219tri de ha\u0219 \u0219i pentru cei care doresc s\u0103 se aventureze \u00een lumea fericit\u0103 a ha\u0219i\u0219ului.\",\"breadcrumb\":{\"@id\":\"https:\\\/\\\/medicinasinc.com\\\/ro\\\/product\\\/cumpara-gelato-hash-online\\\/#breadcrumb\"},\"inLanguage\":\"en-US\",\"potentialAction\":[{\"@type\":\"ReadAction\",\"target\":[\"https:\\\/\\\/medicinasinc.com\\\/ro\\\/product\\\/cumpara-gelato-hash-online\\\/\"]}]},{\"@type\":\"ImageObject\",\"inLanguage\":\"en-US\",\"@id\":\"https:\\\/\\\/medicinasinc.com\\\/ro\\\/product\\\/cumpara-gelato-hash-online\\\/#primaryimage\",\"url\":\"https:\\\/\\\/medicinasinc.com\\\/ro\\\/wp-content\\\/uploads\\\/sites\\\/11\\\/2022\\\/02\\\/Buy-Gelato-Hash-Online.jpg\",\"contentUrl\":\"https:\\\/\\\/medicinasinc.com\\\/ro\\\/wp-content\\\/uploads\\\/sites\\\/11\\\/2022\\\/02\\\/Buy-Gelato-Hash-Online.jpg\",\"width\":600,\"height\":600},{\"@type\":\"BreadcrumbList\",\"@id\":\"https:\\\/\\\/medicinasinc.com\\\/ro\\\/product\\\/cumpara-gelato-hash-online\\\/#breadcrumb\",\"itemListElement\":[{\"@type\":\"ListItem\",\"position\":1,\"name\":\"Magazin\",\"item\":\"https:\\\/\\\/medicinasinc.com\\\/ro\\\/magazin\\\/\"},{\"@type\":\"ListItem\",\"position\":2,\"name\":\"Cump\u0103ra\u021bi Gelato Hash Online\"}]},{\"@type\":\"WebSite\",\"@id\":\"https:\\\/\\\/medicinasinc.com\\\/ro\\\/#website\",\"url\":\"https:\\\/\\\/medicinasinc.com\\\/ro\\\/\",\"name\":\"Medicinas Inc\",\"description\":\"Health Medical Clinic\",\"potentialAction\":[{\"@type\":\"SearchAction\",\"target\":{\"@type\":\"EntryPoint\",\"urlTemplate\":\"https:\\\/\\\/medicinasinc.com\\\/ro\\\/?s={search_term_string}\"},\"query-input\":{\"@type\":\"PropertyValueSpecification\",\"valueRequired\":true,\"valueName\":\"search_term_string\"}}],\"inLanguage\":\"en-US\"}]}<\/script>\n<!-- \/ Yoast SEO plugin. -->","yoast_head_json":{"title":"Cump\u0103ra\u021bi Gelato Hash online - Cele mai bune medicamente globale","description":"Cump\u0103ra\u021bi Gelato Hash de v\u00e2nzare online \u00een Marea Britanie, Europa! Ha\u0219i\u0219ul din tulpin\u0103 de gelato este ceva gustos pentru cunosc\u0103torii no\u0219tri de ha\u0219 \u0219i pentru cei care doresc s\u0103 se aventureze \u00een lumea fericit\u0103 a ha\u0219i\u0219ului.","robots":{"index":"index","follow":"follow","max-snippet":"max-snippet:-1","max-image-preview":"max-image-preview:large","max-video-preview":"max-video-preview:-1"},"canonical":"https:\/\/medicinasinc.com\/ro\/product\/cumpara-gelato-hash-online\/","og_locale":"en_US","og_type":"article","og_title":"Cump\u0103ra\u021bi Gelato Hash online - Cele mai bune medicamente globale","og_description":"Cump\u0103ra\u021bi Gelato Hash de v\u00e2nzare online \u00een Marea Britanie, Europa! Ha\u0219i\u0219ul din tulpin\u0103 de gelato este ceva gustos pentru cunosc\u0103torii no\u0219tri de ha\u0219 \u0219i pentru cei care doresc s\u0103 se aventureze \u00een lumea fericit\u0103 a ha\u0219i\u0219ului.","og_url":"https:\/\/medicinasinc.com\/ro\/product\/cumpara-gelato-hash-online\/","og_site_name":"Medicinas Inc","article_modified_time":"2022-03-22T01:18:11+00:00","og_image":[{"width":600,"height":600,"url":"https:\/\/medicinasinc.com\/ro\/wp-content\/uploads\/sites\/11\/2022\/02\/Buy-Gelato-Hash-Online.jpg","type":"image\/jpeg"}],"twitter_card":"summary_large_image","twitter_misc":{"Est. reading time":"1 minute"},"schema":{"@context":"https:\/\/schema.org","@graph":[{"@type":"WebPage","@id":"https:\/\/medicinasinc.com\/ro\/product\/cumpara-gelato-hash-online\/","url":"https:\/\/medicinasinc.com\/ro\/product\/cumpara-gelato-hash-online\/","name":"Cump\u0103ra\u021bi Gelato Hash online - Cele mai bune medicamente globale","isPartOf":{"@id":"https:\/\/medicinasinc.com\/ro\/#website"},"primaryImageOfPage":{"@id":"https:\/\/medicinasinc.com\/ro\/product\/cumpara-gelato-hash-online\/#primaryimage"},"image":{"@id":"https:\/\/medicinasinc.com\/ro\/product\/cumpara-gelato-hash-online\/#primaryimage"},"thumbnailUrl":"https:\/\/medicinasinc.com\/ro\/wp-content\/uploads\/sites\/11\/2022\/02\/Buy-Gelato-Hash-Online.jpg","datePublished":"2022-02-20T14:16:39+00:00","dateModified":"2022-03-22T01:18:11+00:00","description":"Cump\u0103ra\u021bi Gelato Hash de v\u00e2nzare online \u00een Marea Britanie, Europa! Ha\u0219i\u0219ul din tulpin\u0103 de gelato este ceva gustos pentru cunosc\u0103torii no\u0219tri de ha\u0219 \u0219i pentru cei care doresc s\u0103 se aventureze \u00een lumea fericit\u0103 a ha\u0219i\u0219ului.","breadcrumb":{"@id":"https:\/\/medicinasinc.com\/ro\/product\/cumpara-gelato-hash-online\/#breadcrumb"},"inLanguage":"en-US","potentialAction":[{"@type":"ReadAction","target":["https:\/\/medicinasinc.com\/ro\/product\/cumpara-gelato-hash-online\/"]}]},{"@type":"ImageObject","inLanguage":"en-US","@id":"https:\/\/medicinasinc.com\/ro\/product\/cumpara-gelato-hash-online\/#primaryimage","url":"https:\/\/medicinasinc.com\/ro\/wp-content\/uploads\/sites\/11\/2022\/02\/Buy-Gelato-Hash-Online.jpg","contentUrl":"https:\/\/medicinasinc.com\/ro\/wp-content\/uploads\/sites\/11\/2022\/02\/Buy-Gelato-Hash-Online.jpg","width":600,"height":600},{"@type":"BreadcrumbList","@id":"https:\/\/medicinasinc.com\/ro\/product\/cumpara-gelato-hash-online\/#breadcrumb","itemListElement":[{"@type":"ListItem","position":1,"name":"Magazin","item":"https:\/\/medicinasinc.com\/ro\/magazin\/"},{"@type":"ListItem","position":2,"name":"Cump\u0103ra\u021bi Gelato Hash Online"}]},{"@type":"WebSite","@id":"https:\/\/medicinasinc.com\/ro\/#website","url":"https:\/\/medicinasinc.com\/ro\/","name":"Medicinas Inc","description":"Health Medical Clinic","potentialAction":[{"@type":"SearchAction","target":{"@type":"EntryPoint","urlTemplate":"https:\/\/medicinasinc.com\/ro\/?s={search_term_string}"},"query-input":{"@type":"PropertyValueSpecification","valueRequired":true,"valueName":"search_term_string"}}],"inLanguage":"en-US"}]}},"_links":{"self":[{"href":"https:\/\/medicinasinc.com\/ro\/wp-json\/wp\/v2\/product\/4651","targetHints":{"allow":["GET"]}}],"collection":[{"href":"https:\/\/medicinasinc.com\/ro\/wp-json\/wp\/v2\/product"}],"about":[{"href":"https:\/\/medicinasinc.com\/ro\/wp-json\/wp\/v2\/types\/product"}],"replies":[{"embeddable":true,"href":"https:\/\/medicinasinc.com\/ro\/wp-json\/wp\/v2\/comments?post=4651"}],"wp:featuredmedia":[{"embeddable":true,"href":"https:\/\/medicinasinc.com\/ro\/wp-json\/wp\/v2\/media\/4663"}],"wp:attachment":[{"href":"https:\/\/medicinasinc.com\/ro\/wp-json\/wp\/v2\/media?parent=4651"}],"wp:term":[{"taxonomy":"product_brand","embeddable":true,"href":"https:\/\/medicinasinc.com\/ro\/wp-json\/wp\/v2\/product_brand?post=4651"},{"taxonomy":"product_cat","embeddable":true,"href":"https:\/\/medicinasinc.com\/ro\/wp-json\/wp\/v2\/product_cat?post=4651"},{"taxonomy":"product_tag","embeddable":true,"href":"https:\/\/medicinasinc.com\/ro\/wp-json\/wp\/v2\/product_tag?post=4651"}],"curies":[{"name":"wp","href":"https:\/\/api.w.org\/{rel}","templated":true}]}}