{"id":4627,"date":"2022-02-20T13:57:00","date_gmt":"2022-02-20T13:57:00","guid":{"rendered":"https:\/\/medicinasinc.com\/ro\/?post_type=product&#038;p=4627"},"modified":"2022-03-22T01:18:37","modified_gmt":"2022-03-22T01:18:37","slug":"buy-bc-hash","status":"publish","type":"product","link":"https:\/\/medicinasinc.com\/ro\/product\/buy-bc-hash\/","title":{"rendered":"Cump\u0103ra\u021bi BC Hash"},"content":{"rendered":"<div class=\"woocommerce-tabs wc-tabs-wrapper\">\n<div id=\"tab-description\" class=\"woocommerce-Tabs-panel woocommerce-Tabs-panel--panoul descriere intrare-con\u021binut wc-tab\" aria-labelledby=\"tab-title-description\">\n<p>BC-Hash poate fi achizi\u021bionat online.<\/p>\n<p>Dori\u021bi s\u0103 \u00eencerca\u021bi ceva nou ast\u0103zi? Recomandarea noastr\u0103 este s\u0103 verifica\u021bi acest ha\u0219 de \u00eenalt\u0103 calitate, care este popular at\u00e2t printre utilizatorii \u00eencep\u0103tori, c\u00e2t \u0219i printre cei experimenta\u021bi. BC-Hash poate fi achizi\u021bionat online.<\/p>\n<p>BC Hash are o arom\u0103 \u0219i o arom\u0103 distinct\u0103 de pin.<\/p>\n<p>\u00cen timp ce mul\u021bi oameni anticipeaz\u0103 un miros puternic, realitatea este c\u0103 este destul de bl\u00e2nd, ceea ce face acest produs, de asemenea, destul de practic. Cea mai bun\u0103 parte este c\u0103 sucul nu \u00eencepe imediat, a\u0219a c\u0103 v\u0103 pute\u021bi lua timp \u0219i v\u0103 a\u0219tepta\u021bi s\u0103 dureze mult. Aceasta este o op\u021biune excelent\u0103 pentru cei care caut\u0103 o zi de relaxare, precum \u0219i pentru cei care doresc s\u0103 combat\u0103 anxietatea. Livram \u00een Statele Unite ale Americii, Regatul Unit, Australia, Canada \u0219i Europa, precum \u0219i la nivel interna\u021bional.<\/p>\n<\/p><\/div><\/div>\n","protected":false},"excerpt":{"rendered":"<p>Cump\u0103ra\u021bi BC Hash de v\u00e2nzare \u00een Marea Britanie online, la cea mai bun\u0103 mizerie global\u0103. Comanda\u021bi produse cu ulei de ha\u0219 \u0219i ha\u0219 BC. Cump\u0103ra\u021bi iarb\u0103 online aici \u0219i ob\u021bine\u021bi livrare rapid\u0103 oriunde \u00een Europa, Marea Britanie.<\/p>\n<p>&nbsp;<\/p>\n<ul>\n<li>Livrare \u00een toat\u0103 lumea<\/li>\n<li><strong>Class: AAAA<\/strong><\/li>\n<li><strong>Contacta\u021bi-ne<\/strong>\u00a0pentru comenzi mai mari<\/li>\n<\/ul>\n","protected":false},"featured_media":4639,"comment_status":"open","ping_status":"closed","template":"","meta":[],"product_brand":[],"product_cat":[610],"product_tag":[612,611,613,615,616,617,619,621,622,625,626,627,628,629,631,632,633,636,637,461,642,643,644,648,651,652,614,678,679,671,672,673,674,675,676,662,663,660,661,677,639,618,647,649,630,653,638,645,646,620,470,650,475,473,641,624,455,635,634,459,623,454,640,657,655,659,681,656,654,658,669,667,668,682,664,665,666,680,670],"class_list":{"0":"post-4627","1":"product","2":"type-product","3":"status-publish","4":"has-post-thumbnail","6":"product_cat-cumparati-hasis-hasis","7":"product_tag-420-mail-order-usa","8":"product_tag-420-comand-pot-marijuana-usa","9":"product_tag-best-marijuana-online-shop-usa","10":"product_tag-buy-cannabis-oil-online","11":"product_tag-buy-cannabis-online-kuwait","12":"product_tag-buy-cannabis-online-malaysia","13":"product_tag-buy-dabs-online","14":"product_tag-buy-hash-oil-online-australia","15":"product_tag-buy-hash-online-uk","16":"product_tag-buy-kush-online-usa","17":"product_tag-buy-legal-weed-online","18":"product_tag-buy-marijuana-online-australia","19":"product_tag-buy-marijuana-online-brazil","20":"product_tag-buy-marijuana-online-ca","21":"product_tag-buy-marijuana-online-latin-american","22":"product_tag-buy-marijuana-online-malaysia","23":"product_tag-buy-marijuana-online-middle-east","24":"product_tag-buy-marijuana-shatter-wax-online-with-worldwide-shipping","25":"product_tag-buy-marijuana-shatterwax-online-with-worldwide-shipping","26":"product_tag-buy-medical-marijuana-online","27":"product_tag-buy-shatter-wax-online","28":"product_tag-buy-thc-oil-online","29":"product_tag-buy-thc-wax-online","30":"product_tag-buy-weed-online-australia","31":"product_tag-buy-weed-wax-online-with-worldwide-shipping","32":"product_tag-buying-marijuana-online-usa","33":"product_tag-cel-mai-bun-dispensar-online","34":"product_tag-comanda-ierba-online","35":"product_tag-comanda-ierba-online-usa","36":"product_tag-comanda-kush-online-sua","37":"product_tag-comanda-marijuana-online","38":"product_tag-comanda-marijuana-online-europe","39":"product_tag-comanda-marijuana-online-frana","40":"product_tag-comanda-marijuana-online-usa","41":"product_tag-comanda-marijuana-online-livrare-n-toat-lumea","42":"product_tag-comand-pot-marijuana-online-cu-livrare-n-toat-lumea","43":"product_tag-comand-prin-pot-online-need-cu-livrare-n-toat-lumea","44":"product_tag-comand-prin-pot-marijuana-online","45":"product_tag-comand-prin-coresponden-marijuana-online-sua","46":"product_tag-order-shatter-online-usa","47":"product_tag-cumpr-marijuana-cear-online-uk","48":"product_tag-cumpr-ieftin-ierba-online-sua","49":"product_tag-buy-weed-online-asia","50":"product_tag-buy-weed-online-usa","51":"product_tag-cumpr-marijuana-online-ambalaj-discret","52":"product_tag-cumprnd-uri-online-s-au-recenzii","53":"product_tag-cumpara-marijuana-ceara-online-australia","54":"product_tag-cumpr-cear-online-cu-livrare-n-toat-lumea","55":"product_tag-cumpr-ierba-comestibile-online","56":"product_tag-buy-dabs-online-mail-order","57":"product_tag-cumpr-ierba-online","58":"product_tag-cumpr-ierba-online-cu-livrare-n-toat-lumea","59":"product_tag-cumpr-ierba-online-uk","60":"product_tag-buy-weed-online-europe","61":"product_tag-cumprai-imbinari-pre-laminate-online","62":"product_tag-cumpr-kush-online","63":"product_tag-cumpr-marijuana-online","64":"product_tag-cumpr-marijuana-online-cu-livrare-n-toat-lumea","65":"product_tag-cumpr-marijuana-online-uk","66":"product_tag-cumpr-marijuana-online-usa","67":"product_tag-cumpr-online-ulei-de-cannabis-high-thc","68":"product_tag-cumpr-marijuana-comestibile-online","69":"product_tag-cumpr-moon-rocks-online","70":"product_tag-legitim-online-dispensar","71":"product_tag-edibles-worldwide-shipping","72":"product_tag-legitim-online-dispensar-livrare-n-toat-lumea","73":"product_tag-iarb-de-vnzare-online-sua","74":"product_tag-legal-marijuana-for-sale-usa","75":"product_tag-california-dispensar-livrare-n-toat-lumea","76":"product_tag-legitime-online-dispensar-livrare-sua","77":"product_tag-online-dispensar-livrare-n-toat-lumea","78":"product_tag-online-dispensar-livrare-uk","79":"product_tag-online-dispensar-livrare-sua","80":"product_tag-magazin-online-de-cannabis-la-nivel-mondial","81":"product_tag-marijuana-de-vanzare-sua","82":"product_tag-marijuana-online-usa","83":"product_tag-online-dispensary-shipping","84":"product_tag-ordering-weed-online-in-usa","85":"product_tag-online-dispensar-livrare-la-nivel-mondial-recenzii","87":"first","88":"instock","89":"shipping-taxable","90":"purchasable","91":"product-type-variable","92":"has-default-attributes"},"yoast_head":"<!-- This site is optimized with the Yoast SEO plugin v27.3 - https:\/\/yoast.com\/product\/yoast-seo-wordpress\/ -->\n<title>Cump\u0103ra\u021bi BC Hash online - Cele mai bune medicamente globale<\/title>\n<meta name=\"description\" content=\"Cump\u0103ra\u021bi BC Hash de v\u00e2nzare \u00een Marea Britanie online la cel mai bun dezordine global\u0103. Comanda\u021bi produse cu ulei de ha\u0219 \u0219i ha\u0219 BC. Cump\u0103ra\u021bi iarb\u0103 online aici \u0219i ob\u021bine\u021bi livrare rapid\u0103 oriunde \u00een Europa, Marea Britanie.\" \/>\n<meta name=\"robots\" content=\"index, follow, max-snippet:-1, max-image-preview:large, max-video-preview:-1\" \/>\n<link rel=\"canonical\" href=\"https:\/\/medicinasinc.com\/ro\/product\/buy-bc-hash\/\" \/>\n<meta property=\"og:locale\" content=\"en_US\" \/>\n<meta property=\"og:type\" content=\"article\" \/>\n<meta property=\"og:title\" content=\"Cump\u0103ra\u021bi BC Hash online - Cele mai bune medicamente globale\" \/>\n<meta property=\"og:description\" content=\"Cump\u0103ra\u021bi BC Hash de v\u00e2nzare \u00een Marea Britanie online la cel mai bun dezordine global\u0103. Comanda\u021bi produse cu ulei de ha\u0219 \u0219i ha\u0219 BC. Cump\u0103ra\u021bi iarb\u0103 online aici \u0219i ob\u021bine\u021bi livrare rapid\u0103 oriunde \u00een Europa, Marea Britanie.\" \/>\n<meta property=\"og:url\" content=\"https:\/\/medicinasinc.com\/ro\/product\/buy-bc-hash\/\" \/>\n<meta property=\"og:site_name\" content=\"Medicinas Inc\" \/>\n<meta property=\"article:modified_time\" content=\"2022-03-22T01:18:37+00:00\" \/>\n<meta property=\"og:image\" content=\"https:\/\/medicinasinc.com\/ro\/wp-content\/uploads\/sites\/11\/2022\/02\/Buy-BC-Hash.jpg\" \/>\n\t<meta property=\"og:image:width\" content=\"600\" \/>\n\t<meta property=\"og:image:height\" content=\"600\" \/>\n\t<meta property=\"og:image:type\" content=\"image\/jpeg\" \/>\n<meta name=\"twitter:card\" content=\"summary_large_image\" \/>\n<meta name=\"twitter:label1\" content=\"Est. reading time\" \/>\n\t<meta name=\"twitter:data1\" content=\"1 minute\" \/>\n<script type=\"application\/ld+json\" class=\"yoast-schema-graph\">{\"@context\":\"https:\\\/\\\/schema.org\",\"@graph\":[{\"@type\":\"WebPage\",\"@id\":\"https:\\\/\\\/medicinasinc.com\\\/ro\\\/product\\\/buy-bc-hash\\\/\",\"url\":\"https:\\\/\\\/medicinasinc.com\\\/ro\\\/product\\\/buy-bc-hash\\\/\",\"name\":\"Cump\u0103ra\u021bi BC Hash online - Cele mai bune medicamente globale\",\"isPartOf\":{\"@id\":\"https:\\\/\\\/medicinasinc.com\\\/ro\\\/#website\"},\"primaryImageOfPage\":{\"@id\":\"https:\\\/\\\/medicinasinc.com\\\/ro\\\/product\\\/buy-bc-hash\\\/#primaryimage\"},\"image\":{\"@id\":\"https:\\\/\\\/medicinasinc.com\\\/ro\\\/product\\\/buy-bc-hash\\\/#primaryimage\"},\"thumbnailUrl\":\"https:\\\/\\\/medicinasinc.com\\\/ro\\\/wp-content\\\/uploads\\\/sites\\\/11\\\/2022\\\/02\\\/Buy-BC-Hash.jpg\",\"datePublished\":\"2022-02-20T13:57:00+00:00\",\"dateModified\":\"2022-03-22T01:18:37+00:00\",\"description\":\"Cump\u0103ra\u021bi BC Hash de v\u00e2nzare \u00een Marea Britanie online la cel mai bun dezordine global\u0103. Comanda\u021bi produse cu ulei de ha\u0219 \u0219i ha\u0219 BC. Cump\u0103ra\u021bi iarb\u0103 online aici \u0219i ob\u021bine\u021bi livrare rapid\u0103 oriunde \u00een Europa, Marea Britanie.\",\"breadcrumb\":{\"@id\":\"https:\\\/\\\/medicinasinc.com\\\/ro\\\/product\\\/buy-bc-hash\\\/#breadcrumb\"},\"inLanguage\":\"en-US\",\"potentialAction\":[{\"@type\":\"ReadAction\",\"target\":[\"https:\\\/\\\/medicinasinc.com\\\/ro\\\/product\\\/buy-bc-hash\\\/\"]}]},{\"@type\":\"ImageObject\",\"inLanguage\":\"en-US\",\"@id\":\"https:\\\/\\\/medicinasinc.com\\\/ro\\\/product\\\/buy-bc-hash\\\/#primaryimage\",\"url\":\"https:\\\/\\\/medicinasinc.com\\\/ro\\\/wp-content\\\/uploads\\\/sites\\\/11\\\/2022\\\/02\\\/Buy-BC-Hash.jpg\",\"contentUrl\":\"https:\\\/\\\/medicinasinc.com\\\/ro\\\/wp-content\\\/uploads\\\/sites\\\/11\\\/2022\\\/02\\\/Buy-BC-Hash.jpg\",\"width\":600,\"height\":600},{\"@type\":\"BreadcrumbList\",\"@id\":\"https:\\\/\\\/medicinasinc.com\\\/ro\\\/product\\\/buy-bc-hash\\\/#breadcrumb\",\"itemListElement\":[{\"@type\":\"ListItem\",\"position\":1,\"name\":\"Magazin\",\"item\":\"https:\\\/\\\/medicinasinc.com\\\/ro\\\/magazin\\\/\"},{\"@type\":\"ListItem\",\"position\":2,\"name\":\"Cump\u0103ra\u021bi BC Hash\"}]},{\"@type\":\"WebSite\",\"@id\":\"https:\\\/\\\/medicinasinc.com\\\/ro\\\/#website\",\"url\":\"https:\\\/\\\/medicinasinc.com\\\/ro\\\/\",\"name\":\"Medicinas Inc\",\"description\":\"Health Medical Clinic\",\"potentialAction\":[{\"@type\":\"SearchAction\",\"target\":{\"@type\":\"EntryPoint\",\"urlTemplate\":\"https:\\\/\\\/medicinasinc.com\\\/ro\\\/?s={search_term_string}\"},\"query-input\":{\"@type\":\"PropertyValueSpecification\",\"valueRequired\":true,\"valueName\":\"search_term_string\"}}],\"inLanguage\":\"en-US\"}]}<\/script>\n<!-- \/ Yoast SEO plugin. -->","yoast_head_json":{"title":"Cump\u0103ra\u021bi BC Hash online - Cele mai bune medicamente globale","description":"Cump\u0103ra\u021bi BC Hash de v\u00e2nzare \u00een Marea Britanie online la cel mai bun dezordine global\u0103. Comanda\u021bi produse cu ulei de ha\u0219 \u0219i ha\u0219 BC. Cump\u0103ra\u021bi iarb\u0103 online aici \u0219i ob\u021bine\u021bi livrare rapid\u0103 oriunde \u00een Europa, Marea Britanie.","robots":{"index":"index","follow":"follow","max-snippet":"max-snippet:-1","max-image-preview":"max-image-preview:large","max-video-preview":"max-video-preview:-1"},"canonical":"https:\/\/medicinasinc.com\/ro\/product\/buy-bc-hash\/","og_locale":"en_US","og_type":"article","og_title":"Cump\u0103ra\u021bi BC Hash online - Cele mai bune medicamente globale","og_description":"Cump\u0103ra\u021bi BC Hash de v\u00e2nzare \u00een Marea Britanie online la cel mai bun dezordine global\u0103. Comanda\u021bi produse cu ulei de ha\u0219 \u0219i ha\u0219 BC. Cump\u0103ra\u021bi iarb\u0103 online aici \u0219i ob\u021bine\u021bi livrare rapid\u0103 oriunde \u00een Europa, Marea Britanie.","og_url":"https:\/\/medicinasinc.com\/ro\/product\/buy-bc-hash\/","og_site_name":"Medicinas Inc","article_modified_time":"2022-03-22T01:18:37+00:00","og_image":[{"width":600,"height":600,"url":"https:\/\/medicinasinc.com\/ro\/wp-content\/uploads\/sites\/11\/2022\/02\/Buy-BC-Hash.jpg","type":"image\/jpeg"}],"twitter_card":"summary_large_image","twitter_misc":{"Est. reading time":"1 minute"},"schema":{"@context":"https:\/\/schema.org","@graph":[{"@type":"WebPage","@id":"https:\/\/medicinasinc.com\/ro\/product\/buy-bc-hash\/","url":"https:\/\/medicinasinc.com\/ro\/product\/buy-bc-hash\/","name":"Cump\u0103ra\u021bi BC Hash online - Cele mai bune medicamente globale","isPartOf":{"@id":"https:\/\/medicinasinc.com\/ro\/#website"},"primaryImageOfPage":{"@id":"https:\/\/medicinasinc.com\/ro\/product\/buy-bc-hash\/#primaryimage"},"image":{"@id":"https:\/\/medicinasinc.com\/ro\/product\/buy-bc-hash\/#primaryimage"},"thumbnailUrl":"https:\/\/medicinasinc.com\/ro\/wp-content\/uploads\/sites\/11\/2022\/02\/Buy-BC-Hash.jpg","datePublished":"2022-02-20T13:57:00+00:00","dateModified":"2022-03-22T01:18:37+00:00","description":"Cump\u0103ra\u021bi BC Hash de v\u00e2nzare \u00een Marea Britanie online la cel mai bun dezordine global\u0103. Comanda\u021bi produse cu ulei de ha\u0219 \u0219i ha\u0219 BC. Cump\u0103ra\u021bi iarb\u0103 online aici \u0219i ob\u021bine\u021bi livrare rapid\u0103 oriunde \u00een Europa, Marea Britanie.","breadcrumb":{"@id":"https:\/\/medicinasinc.com\/ro\/product\/buy-bc-hash\/#breadcrumb"},"inLanguage":"en-US","potentialAction":[{"@type":"ReadAction","target":["https:\/\/medicinasinc.com\/ro\/product\/buy-bc-hash\/"]}]},{"@type":"ImageObject","inLanguage":"en-US","@id":"https:\/\/medicinasinc.com\/ro\/product\/buy-bc-hash\/#primaryimage","url":"https:\/\/medicinasinc.com\/ro\/wp-content\/uploads\/sites\/11\/2022\/02\/Buy-BC-Hash.jpg","contentUrl":"https:\/\/medicinasinc.com\/ro\/wp-content\/uploads\/sites\/11\/2022\/02\/Buy-BC-Hash.jpg","width":600,"height":600},{"@type":"BreadcrumbList","@id":"https:\/\/medicinasinc.com\/ro\/product\/buy-bc-hash\/#breadcrumb","itemListElement":[{"@type":"ListItem","position":1,"name":"Magazin","item":"https:\/\/medicinasinc.com\/ro\/magazin\/"},{"@type":"ListItem","position":2,"name":"Cump\u0103ra\u021bi BC Hash"}]},{"@type":"WebSite","@id":"https:\/\/medicinasinc.com\/ro\/#website","url":"https:\/\/medicinasinc.com\/ro\/","name":"Medicinas Inc","description":"Health Medical Clinic","potentialAction":[{"@type":"SearchAction","target":{"@type":"EntryPoint","urlTemplate":"https:\/\/medicinasinc.com\/ro\/?s={search_term_string}"},"query-input":{"@type":"PropertyValueSpecification","valueRequired":true,"valueName":"search_term_string"}}],"inLanguage":"en-US"}]}},"_links":{"self":[{"href":"https:\/\/medicinasinc.com\/ro\/wp-json\/wp\/v2\/product\/4627","targetHints":{"allow":["GET"]}}],"collection":[{"href":"https:\/\/medicinasinc.com\/ro\/wp-json\/wp\/v2\/product"}],"about":[{"href":"https:\/\/medicinasinc.com\/ro\/wp-json\/wp\/v2\/types\/product"}],"replies":[{"embeddable":true,"href":"https:\/\/medicinasinc.com\/ro\/wp-json\/wp\/v2\/comments?post=4627"}],"wp:featuredmedia":[{"embeddable":true,"href":"https:\/\/medicinasinc.com\/ro\/wp-json\/wp\/v2\/media\/4639"}],"wp:attachment":[{"href":"https:\/\/medicinasinc.com\/ro\/wp-json\/wp\/v2\/media?parent=4627"}],"wp:term":[{"taxonomy":"product_brand","embeddable":true,"href":"https:\/\/medicinasinc.com\/ro\/wp-json\/wp\/v2\/product_brand?post=4627"},{"taxonomy":"product_cat","embeddable":true,"href":"https:\/\/medicinasinc.com\/ro\/wp-json\/wp\/v2\/product_cat?post=4627"},{"taxonomy":"product_tag","embeddable":true,"href":"https:\/\/medicinasinc.com\/ro\/wp-json\/wp\/v2\/product_tag?post=4627"}],"curies":[{"name":"wp","href":"https:\/\/api.w.org\/{rel}","templated":true}]}}