{"id":4610,"date":"2022-02-20T13:45:31","date_gmt":"2022-02-20T13:45:31","guid":{"rendered":"https:\/\/medicinasinc.com\/ro\/?post_type=product&#038;p=4610"},"modified":"2022-03-22T01:18:48","modified_gmt":"2022-03-22T01:18:48","slug":"comanda-albe-mercedes-pastile-de-ecstasy","status":"publish","type":"product","link":"https:\/\/medicinasinc.com\/ro\/product\/comanda-albe-mercedes-pastile-de-ecstasy\/","title":{"rendered":"Comanda pastile de ecstasy Mercedes albe"},"content":{"rendered":"<h1>Comanda online pastile de ecstasy Mercedes albe 295 mg<\/h1>\n<table style=\"height: 70px\" width=\"686\">\n<tbody>\n<tr>\n<th>Culoare:<\/th>\n<td>Of White <\/td>\n<\/tr>\n<tr>\n<th>Dimensiune:<\/th>\n<td>295 mg<\/td>\n<\/tr>\n<\/tbody>\n<\/table>\n","protected":false},"excerpt":{"rendered":"<div class=\"woocommerce-product-details__short-description\">\n<p>Cump\u0103ra\u021bi pastile Mercedes ecstasy albe de v\u00e2nzare Marea Britanie, Europa la cele mai bune pre\u021buri, garant\u0103m livrare discret\u0103 \u0219i sigur\u0103 \u00een \u00eentreaga lume, cu o expediere urm\u0103rit\u0103 \u0219i urm\u0103rit\u0103<\/p>\n<p><strong>Comanda minim\u0103<\/strong><strong>este de 50 de pastile.<\/strong><\/p>\n<\/p><\/div>\n","protected":false},"featured_media":4623,"comment_status":"open","ping_status":"closed","template":"","meta":[],"product_brand":[],"product_cat":[498],"product_tag":[],"class_list":{"0":"post-4610","1":"product","2":"type-product","3":"status-publish","4":"has-post-thumbnail","6":"product_cat-cumpr-pastile-ecstasy","8":"first","9":"instock","10":"shipping-taxable","11":"purchasable","12":"product-type-variable","13":"has-default-attributes"},"yoast_head":"<!-- This site is optimized with the Yoast SEO plugin v27.3 - https:\/\/yoast.com\/product\/yoast-seo-wordpress\/ -->\n<title>Cump\u0103ra\u021bi online pastile de ecstasy Mercedes albe - Cele mai bune medicamente globale<\/title>\n<meta name=\"description\" content=\"Cump\u0103ra\u021bi pastile Mercedes albe de ecstasy de v\u00e2nzare Marea Britanie, Europa la cele mai bune pre\u021buri, garant\u0103m livrare discret\u0103 \u0219i sigur\u0103 \u00een \u00eentreaga lume cu o expediere urm\u0103rit\u0103 \u0219i urm\u0103rit\u0103\" \/>\n<meta name=\"robots\" content=\"index, follow, max-snippet:-1, max-image-preview:large, max-video-preview:-1\" \/>\n<link rel=\"canonical\" href=\"https:\/\/medicinasinc.com\/ro\/product\/comanda-albe-mercedes-pastile-de-ecstasy\/\" \/>\n<meta property=\"og:locale\" content=\"en_US\" \/>\n<meta property=\"og:type\" content=\"article\" \/>\n<meta property=\"og:title\" content=\"Cump\u0103ra\u021bi online pastile de ecstasy Mercedes albe - Cele mai bune medicamente globale\" \/>\n<meta property=\"og:description\" content=\"Cump\u0103ra\u021bi pastile Mercedes albe de ecstasy de v\u00e2nzare Marea Britanie, Europa la cele mai bune pre\u021buri, garant\u0103m livrare discret\u0103 \u0219i sigur\u0103 \u00een \u00eentreaga lume cu o expediere urm\u0103rit\u0103 \u0219i urm\u0103rit\u0103\" \/>\n<meta property=\"og:url\" content=\"https:\/\/medicinasinc.com\/ro\/product\/comanda-albe-mercedes-pastile-de-ecstasy\/\" \/>\n<meta property=\"og:site_name\" content=\"Medicinas Inc\" \/>\n<meta property=\"article:modified_time\" content=\"2022-03-22T01:18:48+00:00\" \/>\n<meta property=\"og:image\" content=\"https:\/\/medicinasinc.com\/ro\/wp-content\/uploads\/sites\/11\/2022\/02\/order-white-mercedes-ecstasy-pills-online.jpg\" \/>\n\t<meta property=\"og:image:width\" content=\"600\" \/>\n\t<meta property=\"og:image:height\" content=\"600\" \/>\n\t<meta property=\"og:image:type\" content=\"image\/jpeg\" \/>\n<meta name=\"twitter:card\" content=\"summary_large_image\" \/>\n<meta name=\"twitter:label1\" content=\"Est. reading time\" \/>\n\t<meta name=\"twitter:data1\" content=\"1 minute\" \/>\n<script type=\"application\/ld+json\" class=\"yoast-schema-graph\">{\"@context\":\"https:\\\/\\\/schema.org\",\"@graph\":[{\"@type\":\"WebPage\",\"@id\":\"https:\\\/\\\/medicinasinc.com\\\/ro\\\/product\\\/comanda-albe-mercedes-pastile-de-ecstasy\\\/\",\"url\":\"https:\\\/\\\/medicinasinc.com\\\/ro\\\/product\\\/comanda-albe-mercedes-pastile-de-ecstasy\\\/\",\"name\":\"Cump\u0103ra\u021bi online pastile de ecstasy Mercedes albe - Cele mai bune medicamente globale\",\"isPartOf\":{\"@id\":\"https:\\\/\\\/medicinasinc.com\\\/ro\\\/#website\"},\"primaryImageOfPage\":{\"@id\":\"https:\\\/\\\/medicinasinc.com\\\/ro\\\/product\\\/comanda-albe-mercedes-pastile-de-ecstasy\\\/#primaryimage\"},\"image\":{\"@id\":\"https:\\\/\\\/medicinasinc.com\\\/ro\\\/product\\\/comanda-albe-mercedes-pastile-de-ecstasy\\\/#primaryimage\"},\"thumbnailUrl\":\"https:\\\/\\\/medicinasinc.com\\\/ro\\\/wp-content\\\/uploads\\\/sites\\\/11\\\/2022\\\/02\\\/order-white-mercedes-ecstasy-pills-online.jpg\",\"datePublished\":\"2022-02-20T13:45:31+00:00\",\"dateModified\":\"2022-03-22T01:18:48+00:00\",\"description\":\"Cump\u0103ra\u021bi pastile Mercedes albe de ecstasy de v\u00e2nzare Marea Britanie, Europa la cele mai bune pre\u021buri, garant\u0103m livrare discret\u0103 \u0219i sigur\u0103 \u00een \u00eentreaga lume cu o expediere urm\u0103rit\u0103 \u0219i urm\u0103rit\u0103\",\"breadcrumb\":{\"@id\":\"https:\\\/\\\/medicinasinc.com\\\/ro\\\/product\\\/comanda-albe-mercedes-pastile-de-ecstasy\\\/#breadcrumb\"},\"inLanguage\":\"en-US\",\"potentialAction\":[{\"@type\":\"ReadAction\",\"target\":[\"https:\\\/\\\/medicinasinc.com\\\/ro\\\/product\\\/comanda-albe-mercedes-pastile-de-ecstasy\\\/\"]}]},{\"@type\":\"ImageObject\",\"inLanguage\":\"en-US\",\"@id\":\"https:\\\/\\\/medicinasinc.com\\\/ro\\\/product\\\/comanda-albe-mercedes-pastile-de-ecstasy\\\/#primaryimage\",\"url\":\"https:\\\/\\\/medicinasinc.com\\\/ro\\\/wp-content\\\/uploads\\\/sites\\\/11\\\/2022\\\/02\\\/order-white-mercedes-ecstasy-pills-online.jpg\",\"contentUrl\":\"https:\\\/\\\/medicinasinc.com\\\/ro\\\/wp-content\\\/uploads\\\/sites\\\/11\\\/2022\\\/02\\\/order-white-mercedes-ecstasy-pills-online.jpg\",\"width\":600,\"height\":600},{\"@type\":\"BreadcrumbList\",\"@id\":\"https:\\\/\\\/medicinasinc.com\\\/ro\\\/product\\\/comanda-albe-mercedes-pastile-de-ecstasy\\\/#breadcrumb\",\"itemListElement\":[{\"@type\":\"ListItem\",\"position\":1,\"name\":\"Magazin\",\"item\":\"https:\\\/\\\/medicinasinc.com\\\/ro\\\/magazin\\\/\"},{\"@type\":\"ListItem\",\"position\":2,\"name\":\"Comanda pastile de ecstasy Mercedes albe\"}]},{\"@type\":\"WebSite\",\"@id\":\"https:\\\/\\\/medicinasinc.com\\\/ro\\\/#website\",\"url\":\"https:\\\/\\\/medicinasinc.com\\\/ro\\\/\",\"name\":\"Medicinas Inc\",\"description\":\"Health Medical Clinic\",\"potentialAction\":[{\"@type\":\"SearchAction\",\"target\":{\"@type\":\"EntryPoint\",\"urlTemplate\":\"https:\\\/\\\/medicinasinc.com\\\/ro\\\/?s={search_term_string}\"},\"query-input\":{\"@type\":\"PropertyValueSpecification\",\"valueRequired\":true,\"valueName\":\"search_term_string\"}}],\"inLanguage\":\"en-US\"}]}<\/script>\n<!-- \/ Yoast SEO plugin. -->","yoast_head_json":{"title":"Cump\u0103ra\u021bi online pastile de ecstasy Mercedes albe - Cele mai bune medicamente globale","description":"Cump\u0103ra\u021bi pastile Mercedes albe de ecstasy de v\u00e2nzare Marea Britanie, Europa la cele mai bune pre\u021buri, garant\u0103m livrare discret\u0103 \u0219i sigur\u0103 \u00een \u00eentreaga lume cu o expediere urm\u0103rit\u0103 \u0219i urm\u0103rit\u0103","robots":{"index":"index","follow":"follow","max-snippet":"max-snippet:-1","max-image-preview":"max-image-preview:large","max-video-preview":"max-video-preview:-1"},"canonical":"https:\/\/medicinasinc.com\/ro\/product\/comanda-albe-mercedes-pastile-de-ecstasy\/","og_locale":"en_US","og_type":"article","og_title":"Cump\u0103ra\u021bi online pastile de ecstasy Mercedes albe - Cele mai bune medicamente globale","og_description":"Cump\u0103ra\u021bi pastile Mercedes albe de ecstasy de v\u00e2nzare Marea Britanie, Europa la cele mai bune pre\u021buri, garant\u0103m livrare discret\u0103 \u0219i sigur\u0103 \u00een \u00eentreaga lume cu o expediere urm\u0103rit\u0103 \u0219i urm\u0103rit\u0103","og_url":"https:\/\/medicinasinc.com\/ro\/product\/comanda-albe-mercedes-pastile-de-ecstasy\/","og_site_name":"Medicinas Inc","article_modified_time":"2022-03-22T01:18:48+00:00","og_image":[{"width":600,"height":600,"url":"https:\/\/medicinasinc.com\/ro\/wp-content\/uploads\/sites\/11\/2022\/02\/order-white-mercedes-ecstasy-pills-online.jpg","type":"image\/jpeg"}],"twitter_card":"summary_large_image","twitter_misc":{"Est. reading time":"1 minute"},"schema":{"@context":"https:\/\/schema.org","@graph":[{"@type":"WebPage","@id":"https:\/\/medicinasinc.com\/ro\/product\/comanda-albe-mercedes-pastile-de-ecstasy\/","url":"https:\/\/medicinasinc.com\/ro\/product\/comanda-albe-mercedes-pastile-de-ecstasy\/","name":"Cump\u0103ra\u021bi online pastile de ecstasy Mercedes albe - Cele mai bune medicamente globale","isPartOf":{"@id":"https:\/\/medicinasinc.com\/ro\/#website"},"primaryImageOfPage":{"@id":"https:\/\/medicinasinc.com\/ro\/product\/comanda-albe-mercedes-pastile-de-ecstasy\/#primaryimage"},"image":{"@id":"https:\/\/medicinasinc.com\/ro\/product\/comanda-albe-mercedes-pastile-de-ecstasy\/#primaryimage"},"thumbnailUrl":"https:\/\/medicinasinc.com\/ro\/wp-content\/uploads\/sites\/11\/2022\/02\/order-white-mercedes-ecstasy-pills-online.jpg","datePublished":"2022-02-20T13:45:31+00:00","dateModified":"2022-03-22T01:18:48+00:00","description":"Cump\u0103ra\u021bi pastile Mercedes albe de ecstasy de v\u00e2nzare Marea Britanie, Europa la cele mai bune pre\u021buri, garant\u0103m livrare discret\u0103 \u0219i sigur\u0103 \u00een \u00eentreaga lume cu o expediere urm\u0103rit\u0103 \u0219i urm\u0103rit\u0103","breadcrumb":{"@id":"https:\/\/medicinasinc.com\/ro\/product\/comanda-albe-mercedes-pastile-de-ecstasy\/#breadcrumb"},"inLanguage":"en-US","potentialAction":[{"@type":"ReadAction","target":["https:\/\/medicinasinc.com\/ro\/product\/comanda-albe-mercedes-pastile-de-ecstasy\/"]}]},{"@type":"ImageObject","inLanguage":"en-US","@id":"https:\/\/medicinasinc.com\/ro\/product\/comanda-albe-mercedes-pastile-de-ecstasy\/#primaryimage","url":"https:\/\/medicinasinc.com\/ro\/wp-content\/uploads\/sites\/11\/2022\/02\/order-white-mercedes-ecstasy-pills-online.jpg","contentUrl":"https:\/\/medicinasinc.com\/ro\/wp-content\/uploads\/sites\/11\/2022\/02\/order-white-mercedes-ecstasy-pills-online.jpg","width":600,"height":600},{"@type":"BreadcrumbList","@id":"https:\/\/medicinasinc.com\/ro\/product\/comanda-albe-mercedes-pastile-de-ecstasy\/#breadcrumb","itemListElement":[{"@type":"ListItem","position":1,"name":"Magazin","item":"https:\/\/medicinasinc.com\/ro\/magazin\/"},{"@type":"ListItem","position":2,"name":"Comanda pastile de ecstasy Mercedes albe"}]},{"@type":"WebSite","@id":"https:\/\/medicinasinc.com\/ro\/#website","url":"https:\/\/medicinasinc.com\/ro\/","name":"Medicinas Inc","description":"Health Medical Clinic","potentialAction":[{"@type":"SearchAction","target":{"@type":"EntryPoint","urlTemplate":"https:\/\/medicinasinc.com\/ro\/?s={search_term_string}"},"query-input":{"@type":"PropertyValueSpecification","valueRequired":true,"valueName":"search_term_string"}}],"inLanguage":"en-US"}]}},"_links":{"self":[{"href":"https:\/\/medicinasinc.com\/ro\/wp-json\/wp\/v2\/product\/4610","targetHints":{"allow":["GET"]}}],"collection":[{"href":"https:\/\/medicinasinc.com\/ro\/wp-json\/wp\/v2\/product"}],"about":[{"href":"https:\/\/medicinasinc.com\/ro\/wp-json\/wp\/v2\/types\/product"}],"replies":[{"embeddable":true,"href":"https:\/\/medicinasinc.com\/ro\/wp-json\/wp\/v2\/comments?post=4610"}],"wp:featuredmedia":[{"embeddable":true,"href":"https:\/\/medicinasinc.com\/ro\/wp-json\/wp\/v2\/media\/4623"}],"wp:attachment":[{"href":"https:\/\/medicinasinc.com\/ro\/wp-json\/wp\/v2\/media?parent=4610"}],"wp:term":[{"taxonomy":"product_brand","embeddable":true,"href":"https:\/\/medicinasinc.com\/ro\/wp-json\/wp\/v2\/product_brand?post=4610"},{"taxonomy":"product_cat","embeddable":true,"href":"https:\/\/medicinasinc.com\/ro\/wp-json\/wp\/v2\/product_cat?post=4610"},{"taxonomy":"product_tag","embeddable":true,"href":"https:\/\/medicinasinc.com\/ro\/wp-json\/wp\/v2\/product_tag?post=4610"}],"curies":[{"name":"wp","href":"https:\/\/api.w.org\/{rel}","templated":true}]}}