{"id":4609,"date":"2022-02-20T13:44:35","date_gmt":"2022-02-20T13:44:35","guid":{"rendered":"https:\/\/medicinasinc.com\/ro\/?post_type=product&#038;p=4609"},"modified":"2022-03-22T01:18:58","modified_gmt":"2022-03-22T01:18:58","slug":"cumpara-pastile-de-ecstasy-de-mere-verzi-real","status":"publish","type":"product","link":"https:\/\/medicinasinc.com\/ro\/product\/cumpara-pastile-de-ecstasy-de-mere-verzi-real\/","title":{"rendered":"Cump\u0103ra\u021bi pastile de ecstasy cu mere verzi reale"},"content":{"rendered":"<p>Cump\u0103ra\u021bi online Green Apple Ecstasy autentic.<\/p>\n<p>Sunt sigur c\u0103 sunte\u021bi binecunoscut pentru aceast\u0103 axiom\u0103. \u201eUn m\u0103r pe zi \u00eel fere\u0219te pe specialist\u201d, spune proverbul. Av\u00e2nd \u00een vedere numeroasele beneficii pentru s\u0103n\u0103tate asociate consumului de mere, acest adagiu alimentar ar putea s\u0103 nu fie prea \u00eendep\u0103rtat. Iat\u0103 c\u00e2teva dintre beneficiile pentru s\u0103n\u0103tate asociate consumului de mere verzi.<\/p>\n<p>S-a demonstrat c\u0103 consumul de mere \u00eembun\u0103t\u0103\u021be\u0219te s\u0103n\u0103tatea inimii \u0219i reduce riscul de a dezvolta boli cardiovasculare.<\/p>\n<p>Mecanismul precis prin care mere \u00eembun\u0103t\u0103\u021besc s\u0103n\u0103tatea inimii este confuz\u0103. O posibil\u0103 explica\u021bie este c\u0103 merele con\u021bin o cantitate mare de fibre alimentare, care a fost asociat\u0103 cu sc\u0103derea colesterolului LDL.<\/p>\n<p>Reduce\u021bi riscul de a dezvolta diabet de tip 2<\/p>\n<p>Consum\u00e2nd c\u00e2t mai pu\u021bine c\u00e2teva mere verzi pe s\u0103pt\u0103m\u00e2n\u0103 v\u0103 pot reduce riscul de a dezvolta diabet de tip 2, potrivit unui studiu; cu toate acestea, ar trebui efectuate cercet\u0103ri suplimentare. R\u0103m\u00e2ne necunoscut dac\u0103 compu\u0219ii g\u0103si\u021bi \u00een merele verzi ajut\u0103 persoanele s\u0103-\u0219i gestioneze simptomele diabetului.<\/p>\n<p>Deoarece m\u0103rul verde are o multitudine de avantaje, pastilele cu m\u0103r verde au \u0219i o multitudine de avantaje. Ar trebui s\u0103 avem o discu\u021bie despre pastilele cu mere verzi.<br \/> Dac\u0103 v\u0103 place s\u0103 be\u021bi suc proasp\u0103t de mere \u00eentr-o zi fierbinte de var\u0103, pastilele Green \u0219i Apple v\u0103 vor spori experien\u021ba \u0219i satisfac\u021bia cu c\u00e2teva crest\u0103turi. Fabricat la Washington cu pastile cu mere verzi, grupul a infuzat aceste pastile cu cel mai bun canabis din stat.<\/p>\n<p>THC poate fi greu de consumat din perspectiva doz\u0103rii, mai ales dac\u0103 suporturile nu sunt marcate excep\u021bional de bine. Pastilele cu mere verzi au schimbat toate acestea, deoarece ofer\u0103 acum trei tulpini distincte din renumitul lor amestec de 12 oz, \u00een diferite grade de rezisten\u021b\u0103. Persoanele importante vor aprecia amestecul lor cel mai solid, care con\u021bine 100 mg per 12 oz.<\/p>\n<p>Datorit\u0103 faptului c\u0103 pastilele cu mere verde \u00eencorporeaz\u0103 canabis printr-o metod\u0103 nou\u0103, clien\u021bii nu au miros sau gust de buruieni detectabile, f\u0103c\u00e2ndu-le ideale pentru persoanele care doresc s\u0103 devin\u0103 mari, dar nu pot dep\u0103\u0219i tipul de alte pastile. \u00cen plus, consumul de canabis contribuie la dezvoltarea unui stil de via\u021b\u0103 mai s\u0103n\u0103tos, deoarece fumul de la flori sau vapoare poate deveni d\u0103un\u0103tor dup\u0103 un timp. Pastila cu mere verde este benefic\u0103 timp de un an \u0219i con\u021bine pu\u021bine calorii, a\u0219a c\u0103 singurul lucru de care trebuie s\u0103 v\u0103 face\u021bi griji este s\u0103 v\u0103 ab\u021bine\u021bi de la m\u00e2ncare dup\u0103 ce a\u021bi luat medicamentul.<\/p>\n<table style=\"height: 104px\" width=\"508\">\n<tbody>\n<tr>\n<th><span style=\"font-weight: 400\">Culoare:<\/span><\/th>\n<td>Verde<\/td>\n<\/tr>\n<tr>\n<th> <span style=\"font-weight: 400\">Dimensiune:<\/span><\/th>\n<td>279 mg<\/td>\n<\/tr>\n<\/tbody>\n<\/table>\n","protected":false},"excerpt":{"rendered":"<div class=\"woocommerce-product-details__short-description\">\n<p>Cump\u0103ra\u021bi pastile de ecstasy cu mere verzi reale de v\u00e2nzare online \u00een Marea Britanie, Europa la cele mai bune pre\u021buri de la cel mai bun furnizor de MDMA de \u00eencredere, garant\u0103m livrare discret\u0103 \u0219i sigur\u0103 \u00een \u00eentreaga lume<\/p>\n<p><strong>Comanda minim\u0103<\/strong><strong> este de 50 de pastile.<\/strong><\/p>\n<\/p><\/div>\n","protected":false},"featured_media":4620,"comment_status":"open","ping_status":"closed","template":"","meta":[],"product_brand":[],"product_cat":[498],"product_tag":[595,596,594,598,599,600,601,606,607,608,597,605,593,609,602,604,603],"class_list":{"0":"post-4609","1":"product","2":"type-product","3":"status-publish","4":"has-post-thumbnail","6":"product_cat-cumpr-pastile-ecstasy","7":"product_tag-applepills","8":"product_tag-e-pilul-roz","9":"product_tag-mar-extaz","10":"product_tag-green-apple-drugs","11":"product_tag-green-apple-ecstasy","12":"product_tag-green-apple-logo","13":"product_tag-green-apple-pills","14":"product_tag-green-rolex-pill","15":"product_tag-green-rolex-pill-report","16":"product_tag-green-tablet-pill","17":"product_tag-mar-verde-medicament","18":"product_tag-pastile-verzi-medicamente","19":"product_tag-mr-medicament","20":"product_tag-mici-verzi-pastile","21":"product_tag-pastila-verde-extaz","22":"product_tag-pastile-verzi","23":"product_tag-pastile-verzi-extacy","25":"first","26":"instock","27":"shipping-taxable","28":"purchasable","29":"product-type-variable","30":"has-default-attributes"},"yoast_head":"<!-- This site is optimized with the Yoast SEO plugin v27.3 - https:\/\/yoast.com\/product\/yoast-seo-wordpress\/ -->\n<title>Cump\u0103ra\u021bi online pastile de ecstasy cu mere verzi reale - Cele mai bune medicamente globale<\/title>\n<meta name=\"description\" content=\"Cump\u0103ra\u021bi pastile de ecstasy cu mere verzi de v\u00e2nzare online \u00een Marea Britanie, Europa la cele mai bune pre\u021buri de la cel mai bun furnizor de MDMA de \u00eencredere, garant\u0103m livrare discret\u0103 \u0219i sigur\u0103 \u00een \u00eentreaga lume\" \/>\n<meta name=\"robots\" content=\"index, follow, max-snippet:-1, max-image-preview:large, max-video-preview:-1\" \/>\n<link rel=\"canonical\" href=\"https:\/\/medicinasinc.com\/ro\/product\/cumpara-pastile-de-ecstasy-de-mere-verzi-real\/\" \/>\n<meta property=\"og:locale\" content=\"en_US\" \/>\n<meta property=\"og:type\" content=\"article\" \/>\n<meta property=\"og:title\" content=\"Cump\u0103ra\u021bi online pastile de ecstasy cu mere verzi reale - Cele mai bune medicamente globale\" \/>\n<meta property=\"og:description\" content=\"Cump\u0103ra\u021bi pastile de ecstasy cu mere verzi de v\u00e2nzare online \u00een Marea Britanie, Europa la cele mai bune pre\u021buri de la cel mai bun furnizor de MDMA de \u00eencredere, garant\u0103m livrare discret\u0103 \u0219i sigur\u0103 \u00een \u00eentreaga lume\" \/>\n<meta property=\"og:url\" content=\"https:\/\/medicinasinc.com\/ro\/product\/cumpara-pastile-de-ecstasy-de-mere-verzi-real\/\" \/>\n<meta property=\"og:site_name\" content=\"Medicinas Inc\" \/>\n<meta property=\"article:modified_time\" content=\"2022-03-22T01:18:58+00:00\" \/>\n<meta property=\"og:image\" content=\"https:\/\/medicinasinc.com\/ro\/wp-content\/uploads\/sites\/11\/2022\/02\/order-real-green-apple-ecstasy-pills-online.jpg\" \/>\n\t<meta property=\"og:image:width\" content=\"600\" \/>\n\t<meta property=\"og:image:height\" content=\"600\" \/>\n\t<meta property=\"og:image:type\" content=\"image\/jpeg\" \/>\n<meta name=\"twitter:card\" content=\"summary_large_image\" \/>\n<meta name=\"twitter:label1\" content=\"Est. reading time\" \/>\n\t<meta name=\"twitter:data1\" content=\"2 minutes\" \/>\n<script type=\"application\/ld+json\" class=\"yoast-schema-graph\">{\"@context\":\"https:\\\/\\\/schema.org\",\"@graph\":[{\"@type\":\"WebPage\",\"@id\":\"https:\\\/\\\/medicinasinc.com\\\/ro\\\/product\\\/cumpara-pastile-de-ecstasy-de-mere-verzi-real\\\/\",\"url\":\"https:\\\/\\\/medicinasinc.com\\\/ro\\\/product\\\/cumpara-pastile-de-ecstasy-de-mere-verzi-real\\\/\",\"name\":\"Cump\u0103ra\u021bi online pastile de ecstasy cu mere verzi reale - Cele mai bune medicamente globale\",\"isPartOf\":{\"@id\":\"https:\\\/\\\/medicinasinc.com\\\/ro\\\/#website\"},\"primaryImageOfPage\":{\"@id\":\"https:\\\/\\\/medicinasinc.com\\\/ro\\\/product\\\/cumpara-pastile-de-ecstasy-de-mere-verzi-real\\\/#primaryimage\"},\"image\":{\"@id\":\"https:\\\/\\\/medicinasinc.com\\\/ro\\\/product\\\/cumpara-pastile-de-ecstasy-de-mere-verzi-real\\\/#primaryimage\"},\"thumbnailUrl\":\"https:\\\/\\\/medicinasinc.com\\\/ro\\\/wp-content\\\/uploads\\\/sites\\\/11\\\/2022\\\/02\\\/order-real-green-apple-ecstasy-pills-online.jpg\",\"datePublished\":\"2022-02-20T13:44:35+00:00\",\"dateModified\":\"2022-03-22T01:18:58+00:00\",\"description\":\"Cump\u0103ra\u021bi pastile de ecstasy cu mere verzi de v\u00e2nzare online \u00een Marea Britanie, Europa la cele mai bune pre\u021buri de la cel mai bun furnizor de MDMA de \u00eencredere, garant\u0103m livrare discret\u0103 \u0219i sigur\u0103 \u00een \u00eentreaga lume\",\"breadcrumb\":{\"@id\":\"https:\\\/\\\/medicinasinc.com\\\/ro\\\/product\\\/cumpara-pastile-de-ecstasy-de-mere-verzi-real\\\/#breadcrumb\"},\"inLanguage\":\"en-US\",\"potentialAction\":[{\"@type\":\"ReadAction\",\"target\":[\"https:\\\/\\\/medicinasinc.com\\\/ro\\\/product\\\/cumpara-pastile-de-ecstasy-de-mere-verzi-real\\\/\"]}]},{\"@type\":\"ImageObject\",\"inLanguage\":\"en-US\",\"@id\":\"https:\\\/\\\/medicinasinc.com\\\/ro\\\/product\\\/cumpara-pastile-de-ecstasy-de-mere-verzi-real\\\/#primaryimage\",\"url\":\"https:\\\/\\\/medicinasinc.com\\\/ro\\\/wp-content\\\/uploads\\\/sites\\\/11\\\/2022\\\/02\\\/order-real-green-apple-ecstasy-pills-online.jpg\",\"contentUrl\":\"https:\\\/\\\/medicinasinc.com\\\/ro\\\/wp-content\\\/uploads\\\/sites\\\/11\\\/2022\\\/02\\\/order-real-green-apple-ecstasy-pills-online.jpg\",\"width\":600,\"height\":600},{\"@type\":\"BreadcrumbList\",\"@id\":\"https:\\\/\\\/medicinasinc.com\\\/ro\\\/product\\\/cumpara-pastile-de-ecstasy-de-mere-verzi-real\\\/#breadcrumb\",\"itemListElement\":[{\"@type\":\"ListItem\",\"position\":1,\"name\":\"Magazin\",\"item\":\"https:\\\/\\\/medicinasinc.com\\\/ro\\\/magazin\\\/\"},{\"@type\":\"ListItem\",\"position\":2,\"name\":\"Cump\u0103ra\u021bi pastile de ecstasy cu mere verzi reale\"}]},{\"@type\":\"WebSite\",\"@id\":\"https:\\\/\\\/medicinasinc.com\\\/ro\\\/#website\",\"url\":\"https:\\\/\\\/medicinasinc.com\\\/ro\\\/\",\"name\":\"Medicinas Inc\",\"description\":\"Health Medical Clinic\",\"potentialAction\":[{\"@type\":\"SearchAction\",\"target\":{\"@type\":\"EntryPoint\",\"urlTemplate\":\"https:\\\/\\\/medicinasinc.com\\\/ro\\\/?s={search_term_string}\"},\"query-input\":{\"@type\":\"PropertyValueSpecification\",\"valueRequired\":true,\"valueName\":\"search_term_string\"}}],\"inLanguage\":\"en-US\"}]}<\/script>\n<!-- \/ Yoast SEO plugin. -->","yoast_head_json":{"title":"Cump\u0103ra\u021bi online pastile de ecstasy cu mere verzi reale - Cele mai bune medicamente globale","description":"Cump\u0103ra\u021bi pastile de ecstasy cu mere verzi de v\u00e2nzare online \u00een Marea Britanie, Europa la cele mai bune pre\u021buri de la cel mai bun furnizor de MDMA de \u00eencredere, garant\u0103m livrare discret\u0103 \u0219i sigur\u0103 \u00een \u00eentreaga lume","robots":{"index":"index","follow":"follow","max-snippet":"max-snippet:-1","max-image-preview":"max-image-preview:large","max-video-preview":"max-video-preview:-1"},"canonical":"https:\/\/medicinasinc.com\/ro\/product\/cumpara-pastile-de-ecstasy-de-mere-verzi-real\/","og_locale":"en_US","og_type":"article","og_title":"Cump\u0103ra\u021bi online pastile de ecstasy cu mere verzi reale - Cele mai bune medicamente globale","og_description":"Cump\u0103ra\u021bi pastile de ecstasy cu mere verzi de v\u00e2nzare online \u00een Marea Britanie, Europa la cele mai bune pre\u021buri de la cel mai bun furnizor de MDMA de \u00eencredere, garant\u0103m livrare discret\u0103 \u0219i sigur\u0103 \u00een \u00eentreaga lume","og_url":"https:\/\/medicinasinc.com\/ro\/product\/cumpara-pastile-de-ecstasy-de-mere-verzi-real\/","og_site_name":"Medicinas Inc","article_modified_time":"2022-03-22T01:18:58+00:00","og_image":[{"width":600,"height":600,"url":"https:\/\/medicinasinc.com\/ro\/wp-content\/uploads\/sites\/11\/2022\/02\/order-real-green-apple-ecstasy-pills-online.jpg","type":"image\/jpeg"}],"twitter_card":"summary_large_image","twitter_misc":{"Est. reading time":"2 minutes"},"schema":{"@context":"https:\/\/schema.org","@graph":[{"@type":"WebPage","@id":"https:\/\/medicinasinc.com\/ro\/product\/cumpara-pastile-de-ecstasy-de-mere-verzi-real\/","url":"https:\/\/medicinasinc.com\/ro\/product\/cumpara-pastile-de-ecstasy-de-mere-verzi-real\/","name":"Cump\u0103ra\u021bi online pastile de ecstasy cu mere verzi reale - Cele mai bune medicamente globale","isPartOf":{"@id":"https:\/\/medicinasinc.com\/ro\/#website"},"primaryImageOfPage":{"@id":"https:\/\/medicinasinc.com\/ro\/product\/cumpara-pastile-de-ecstasy-de-mere-verzi-real\/#primaryimage"},"image":{"@id":"https:\/\/medicinasinc.com\/ro\/product\/cumpara-pastile-de-ecstasy-de-mere-verzi-real\/#primaryimage"},"thumbnailUrl":"https:\/\/medicinasinc.com\/ro\/wp-content\/uploads\/sites\/11\/2022\/02\/order-real-green-apple-ecstasy-pills-online.jpg","datePublished":"2022-02-20T13:44:35+00:00","dateModified":"2022-03-22T01:18:58+00:00","description":"Cump\u0103ra\u021bi pastile de ecstasy cu mere verzi de v\u00e2nzare online \u00een Marea Britanie, Europa la cele mai bune pre\u021buri de la cel mai bun furnizor de MDMA de \u00eencredere, garant\u0103m livrare discret\u0103 \u0219i sigur\u0103 \u00een \u00eentreaga lume","breadcrumb":{"@id":"https:\/\/medicinasinc.com\/ro\/product\/cumpara-pastile-de-ecstasy-de-mere-verzi-real\/#breadcrumb"},"inLanguage":"en-US","potentialAction":[{"@type":"ReadAction","target":["https:\/\/medicinasinc.com\/ro\/product\/cumpara-pastile-de-ecstasy-de-mere-verzi-real\/"]}]},{"@type":"ImageObject","inLanguage":"en-US","@id":"https:\/\/medicinasinc.com\/ro\/product\/cumpara-pastile-de-ecstasy-de-mere-verzi-real\/#primaryimage","url":"https:\/\/medicinasinc.com\/ro\/wp-content\/uploads\/sites\/11\/2022\/02\/order-real-green-apple-ecstasy-pills-online.jpg","contentUrl":"https:\/\/medicinasinc.com\/ro\/wp-content\/uploads\/sites\/11\/2022\/02\/order-real-green-apple-ecstasy-pills-online.jpg","width":600,"height":600},{"@type":"BreadcrumbList","@id":"https:\/\/medicinasinc.com\/ro\/product\/cumpara-pastile-de-ecstasy-de-mere-verzi-real\/#breadcrumb","itemListElement":[{"@type":"ListItem","position":1,"name":"Magazin","item":"https:\/\/medicinasinc.com\/ro\/magazin\/"},{"@type":"ListItem","position":2,"name":"Cump\u0103ra\u021bi pastile de ecstasy cu mere verzi reale"}]},{"@type":"WebSite","@id":"https:\/\/medicinasinc.com\/ro\/#website","url":"https:\/\/medicinasinc.com\/ro\/","name":"Medicinas Inc","description":"Health Medical Clinic","potentialAction":[{"@type":"SearchAction","target":{"@type":"EntryPoint","urlTemplate":"https:\/\/medicinasinc.com\/ro\/?s={search_term_string}"},"query-input":{"@type":"PropertyValueSpecification","valueRequired":true,"valueName":"search_term_string"}}],"inLanguage":"en-US"}]}},"_links":{"self":[{"href":"https:\/\/medicinasinc.com\/ro\/wp-json\/wp\/v2\/product\/4609","targetHints":{"allow":["GET"]}}],"collection":[{"href":"https:\/\/medicinasinc.com\/ro\/wp-json\/wp\/v2\/product"}],"about":[{"href":"https:\/\/medicinasinc.com\/ro\/wp-json\/wp\/v2\/types\/product"}],"replies":[{"embeddable":true,"href":"https:\/\/medicinasinc.com\/ro\/wp-json\/wp\/v2\/comments?post=4609"}],"wp:featuredmedia":[{"embeddable":true,"href":"https:\/\/medicinasinc.com\/ro\/wp-json\/wp\/v2\/media\/4620"}],"wp:attachment":[{"href":"https:\/\/medicinasinc.com\/ro\/wp-json\/wp\/v2\/media?parent=4609"}],"wp:term":[{"taxonomy":"product_brand","embeddable":true,"href":"https:\/\/medicinasinc.com\/ro\/wp-json\/wp\/v2\/product_brand?post=4609"},{"taxonomy":"product_cat","embeddable":true,"href":"https:\/\/medicinasinc.com\/ro\/wp-json\/wp\/v2\/product_cat?post=4609"},{"taxonomy":"product_tag","embeddable":true,"href":"https:\/\/medicinasinc.com\/ro\/wp-json\/wp\/v2\/product_tag?post=4609"}],"curies":[{"name":"wp","href":"https:\/\/api.w.org\/{rel}","templated":true}]}}