{"id":4592,"date":"2022-02-20T13:31:58","date_gmt":"2022-02-20T13:31:58","guid":{"rendered":"https:\/\/medicinasinc.com\/ro\/?post_type=product&#038;p=4592"},"modified":"2022-03-22T01:19:10","modified_gmt":"2022-03-22T01:19:10","slug":"cumpar-extasy-philipp-plein-blue-524-mg-mdma-pastile","status":"publish","type":"product","link":"https:\/\/medicinasinc.com\/ro\/product\/cumpar-extasy-philipp-plein-blue-524-mg-mdma-pastile\/","title":{"rendered":"Cump\u0103ra\u021bi Ecstasy- Philipp Plein Blue- 524mg Pastile MDMA"},"content":{"rendered":"<div class=\"woocommerce-tabs wc-tabs-wrapper\">\n<div id=\"tab-description\" class=\"woocommerce-Tabs-panel woocommerce-Tabs-panel--panoul descriere intrare-con\u021binut wc-tab\" aria-labelledby=\"tab-title-description\">\n<p>Achizi\u021bia online de XTC- Philipp Plein Blue-524 mg pastile MDMA.<\/p>\n<p>\u2013 Philipp Plein 524MG ofer\u0103 o experien\u021b\u0103 excep\u021bional\u0103. Este un produs complet sigur \u0219i igienic. Calitate excelent\u0103 la un pre\u021b accesibil. \u2013 Efectele \u00eencep aproximativ 30 de minute mai t\u00e2rziu \u0219i dureaz\u0103 aproximativ 6 ore.<br \/> \u2013 Utiliza\u021bi jum\u0103tate din aceast\u0103 pastil\u0103 odat\u0103. Consuma\u021bi o cantitate adecvat\u0103 de ap\u0103 \u00een timp ce lua\u021bi medicamente.<\/p>\n<h1><a style=\"font-size: 16px\" href=\"https:\/\/merrydrug.com\/\">.<\/a><\/h1>\n<\/p><\/div><\/div>\n<div class=\"related products\"><\/div>\n","protected":false},"excerpt":{"rendered":"<div class=\"woocommerce-product-details__short-description\">\n<p>Cump\u0103ra\u021bi Philipp Plein Blue- 524 Mg MDMA \u00een Regatul Unit \u0219i Europa la cel mai bun pre\u021b de pia\u021b\u0103. Toate produsele noastre sunt realizate cu ingrediente naturale, f\u0103r\u0103 THC. Comanda\u021bi acum online!<\/p>\n<p>Philipp Blue-524 este o pastil\u0103 pentru petreceri extreme \u0219i un medicament MDMA care este utilizat pe scar\u0103 larg\u0103 \u00een Statele Unite ale Americii \u0219i Coreea. Propriet\u0103\u021bile sale psihoactive au fost descoperite la mijlocul anilor 1750. Dac\u0103 cineva dore\u0219te s\u0103 experimenteze un nivel extrem de mare, nu va p\u0103r\u0103si acest produs dup\u0103 ce l-a \u00eencercat. Philipp Blue este, de asemenea, folosit \u00een ceremoniile religioase \u0219i a r\u0103mas un produs de \u00eenalt\u0103 calitate de ani de zile, deoarece oamenii sunt con\u0219tien\u021bi de beneficiile sale \u0219i nu pot tr\u0103i f\u0103r\u0103 el.<\/p>\n<p>Persoanele reordoneaz\u0103 acest lucru datorit\u0103 efectelor sale puternice \u0219i rezultatelor rapide. Datorit\u0103 eficien\u021bei sale, nu va r\u0103m\u00e2ne niciodat\u0103 \u00een stoc pentru o perioad\u0103 lung\u0103 de timp.<\/p>\n<p>Philipp Plein Blue-524 Pastile Achizi\u021bionare<\/p>\n<p>Cantitatea minim\u0103 de comand\u0103 este de cincizeci de pastile.<\/p>\n<p>&gt; <\/p><\/div>\n","protected":false},"featured_media":4605,"comment_status":"open","ping_status":"closed","template":"","meta":[],"product_brand":[],"product_cat":[498],"product_tag":[584,585,501,583,586,587,589,590,512,591,592,588],"class_list":{"0":"post-4592","1":"product","2":"type-product","3":"status-publish","4":"has-post-thumbnail","6":"product_cat-cumpr-pastile-ecstasy","7":"product_tag-buy-xtc-pills-online","8":"product_tag-buy-xtc-philipp-plein-blue-524-mg-mdma-pills-online","9":"product_tag-buy-mdma-online","10":"product_tag-cumpr-pastile-ecstasy-online","11":"product_tag-droguri","12":"product_tag-ecstasy","13":"product_tag-ghb","14":"product_tag-love-drugs","15":"product_tag-mdma","16":"product_tag-mg-mdma","17":"product_tag-xtc-pastile","18":"product_tag-extaz-tablet","20":"first","21":"instock","22":"shipping-taxable","23":"purchasable","24":"product-type-variable","25":"has-default-attributes"},"yoast_head":"<!-- This site is optimized with the Yoast SEO plugin v27.3 - https:\/\/yoast.com\/product\/yoast-seo-wordpress\/ -->\n<title>Cump\u0103ra\u021bi Ecstasy- Philipp Plein Blue- 524mg MDMA Pills - Global Medicina<\/title>\n<meta name=\"description\" content=\"Cump\u0103ra\u021bi Philipp Plein Blue- 524 Mg MDMA Marea Britanie, Europa la cel mai bun pre\u021b de pia\u021b\u0103. Toate produsele noastre sunt realizate cu ingrediente naturale pure, f\u0103r\u0103 THC. Comanda online acum!\" \/>\n<meta name=\"robots\" content=\"index, follow, max-snippet:-1, max-image-preview:large, max-video-preview:-1\" \/>\n<link rel=\"canonical\" href=\"https:\/\/medicinasinc.com\/ro\/product\/cumpar-extasy-philipp-plein-blue-524-mg-mdma-pastile\/\" \/>\n<meta property=\"og:locale\" content=\"en_US\" \/>\n<meta property=\"og:type\" content=\"article\" \/>\n<meta property=\"og:title\" content=\"Cump\u0103ra\u021bi Ecstasy- Philipp Plein Blue- 524mg MDMA Pills - Global Medicina\" \/>\n<meta property=\"og:description\" content=\"Cump\u0103ra\u021bi Philipp Plein Blue- 524 Mg MDMA Marea Britanie, Europa la cel mai bun pre\u021b de pia\u021b\u0103. Toate produsele noastre sunt realizate cu ingrediente naturale pure, f\u0103r\u0103 THC. Comanda online acum!\" \/>\n<meta property=\"og:url\" content=\"https:\/\/medicinasinc.com\/ro\/product\/cumpar-extasy-philipp-plein-blue-524-mg-mdma-pastile\/\" \/>\n<meta property=\"og:site_name\" content=\"Medicinas Inc\" \/>\n<meta property=\"article:modified_time\" content=\"2022-03-22T01:19:10+00:00\" \/>\n<meta property=\"og:image\" content=\"https:\/\/medicinasinc.com\/ro\/wp-content\/uploads\/sites\/11\/2022\/02\/buy-xtc-philipp-plein-blue-524-mg-mdma-pills-online.jpg\" \/>\n\t<meta property=\"og:image:width\" content=\"600\" \/>\n\t<meta property=\"og:image:height\" content=\"600\" \/>\n\t<meta property=\"og:image:type\" content=\"image\/jpeg\" \/>\n<meta name=\"twitter:card\" content=\"summary_large_image\" \/>\n<meta name=\"twitter:label1\" content=\"Est. reading time\" \/>\n\t<meta name=\"twitter:data1\" content=\"1 minute\" \/>\n<script type=\"application\/ld+json\" class=\"yoast-schema-graph\">{\"@context\":\"https:\\\/\\\/schema.org\",\"@graph\":[{\"@type\":\"WebPage\",\"@id\":\"https:\\\/\\\/medicinasinc.com\\\/ro\\\/product\\\/cumpar-extasy-philipp-plein-blue-524-mg-mdma-pastile\\\/\",\"url\":\"https:\\\/\\\/medicinasinc.com\\\/ro\\\/product\\\/cumpar-extasy-philipp-plein-blue-524-mg-mdma-pastile\\\/\",\"name\":\"Cump\u0103ra\u021bi Ecstasy- Philipp Plein Blue- 524mg MDMA Pills - Global Medicina\",\"isPartOf\":{\"@id\":\"https:\\\/\\\/medicinasinc.com\\\/ro\\\/#website\"},\"primaryImageOfPage\":{\"@id\":\"https:\\\/\\\/medicinasinc.com\\\/ro\\\/product\\\/cumpar-extasy-philipp-plein-blue-524-mg-mdma-pastile\\\/#primaryimage\"},\"image\":{\"@id\":\"https:\\\/\\\/medicinasinc.com\\\/ro\\\/product\\\/cumpar-extasy-philipp-plein-blue-524-mg-mdma-pastile\\\/#primaryimage\"},\"thumbnailUrl\":\"https:\\\/\\\/medicinasinc.com\\\/ro\\\/wp-content\\\/uploads\\\/sites\\\/11\\\/2022\\\/02\\\/buy-xtc-philipp-plein-blue-524-mg-mdma-pills-online.jpg\",\"datePublished\":\"2022-02-20T13:31:58+00:00\",\"dateModified\":\"2022-03-22T01:19:10+00:00\",\"description\":\"Cump\u0103ra\u021bi Philipp Plein Blue- 524 Mg MDMA Marea Britanie, Europa la cel mai bun pre\u021b de pia\u021b\u0103. Toate produsele noastre sunt realizate cu ingrediente naturale pure, f\u0103r\u0103 THC. Comanda online acum!\",\"breadcrumb\":{\"@id\":\"https:\\\/\\\/medicinasinc.com\\\/ro\\\/product\\\/cumpar-extasy-philipp-plein-blue-524-mg-mdma-pastile\\\/#breadcrumb\"},\"inLanguage\":\"en-US\",\"potentialAction\":[{\"@type\":\"ReadAction\",\"target\":[\"https:\\\/\\\/medicinasinc.com\\\/ro\\\/product\\\/cumpar-extasy-philipp-plein-blue-524-mg-mdma-pastile\\\/\"]}]},{\"@type\":\"ImageObject\",\"inLanguage\":\"en-US\",\"@id\":\"https:\\\/\\\/medicinasinc.com\\\/ro\\\/product\\\/cumpar-extasy-philipp-plein-blue-524-mg-mdma-pastile\\\/#primaryimage\",\"url\":\"https:\\\/\\\/medicinasinc.com\\\/ro\\\/wp-content\\\/uploads\\\/sites\\\/11\\\/2022\\\/02\\\/buy-xtc-philipp-plein-blue-524-mg-mdma-pills-online.jpg\",\"contentUrl\":\"https:\\\/\\\/medicinasinc.com\\\/ro\\\/wp-content\\\/uploads\\\/sites\\\/11\\\/2022\\\/02\\\/buy-xtc-philipp-plein-blue-524-mg-mdma-pills-online.jpg\",\"width\":600,\"height\":600},{\"@type\":\"BreadcrumbList\",\"@id\":\"https:\\\/\\\/medicinasinc.com\\\/ro\\\/product\\\/cumpar-extasy-philipp-plein-blue-524-mg-mdma-pastile\\\/#breadcrumb\",\"itemListElement\":[{\"@type\":\"ListItem\",\"position\":1,\"name\":\"Magazin\",\"item\":\"https:\\\/\\\/medicinasinc.com\\\/ro\\\/magazin\\\/\"},{\"@type\":\"ListItem\",\"position\":2,\"name\":\"Cump\u0103ra\u021bi Ecstasy- Philipp Plein Blue- 524mg Pastile MDMA\"}]},{\"@type\":\"WebSite\",\"@id\":\"https:\\\/\\\/medicinasinc.com\\\/ro\\\/#website\",\"url\":\"https:\\\/\\\/medicinasinc.com\\\/ro\\\/\",\"name\":\"Medicinas Inc\",\"description\":\"Health Medical Clinic\",\"potentialAction\":[{\"@type\":\"SearchAction\",\"target\":{\"@type\":\"EntryPoint\",\"urlTemplate\":\"https:\\\/\\\/medicinasinc.com\\\/ro\\\/?s={search_term_string}\"},\"query-input\":{\"@type\":\"PropertyValueSpecification\",\"valueRequired\":true,\"valueName\":\"search_term_string\"}}],\"inLanguage\":\"en-US\"}]}<\/script>\n<!-- \/ Yoast SEO plugin. -->","yoast_head_json":{"title":"Cump\u0103ra\u021bi Ecstasy- Philipp Plein Blue- 524mg MDMA Pills - Global Medicina","description":"Cump\u0103ra\u021bi Philipp Plein Blue- 524 Mg MDMA Marea Britanie, Europa la cel mai bun pre\u021b de pia\u021b\u0103. Toate produsele noastre sunt realizate cu ingrediente naturale pure, f\u0103r\u0103 THC. Comanda online acum!","robots":{"index":"index","follow":"follow","max-snippet":"max-snippet:-1","max-image-preview":"max-image-preview:large","max-video-preview":"max-video-preview:-1"},"canonical":"https:\/\/medicinasinc.com\/ro\/product\/cumpar-extasy-philipp-plein-blue-524-mg-mdma-pastile\/","og_locale":"en_US","og_type":"article","og_title":"Cump\u0103ra\u021bi Ecstasy- Philipp Plein Blue- 524mg MDMA Pills - Global Medicina","og_description":"Cump\u0103ra\u021bi Philipp Plein Blue- 524 Mg MDMA Marea Britanie, Europa la cel mai bun pre\u021b de pia\u021b\u0103. Toate produsele noastre sunt realizate cu ingrediente naturale pure, f\u0103r\u0103 THC. Comanda online acum!","og_url":"https:\/\/medicinasinc.com\/ro\/product\/cumpar-extasy-philipp-plein-blue-524-mg-mdma-pastile\/","og_site_name":"Medicinas Inc","article_modified_time":"2022-03-22T01:19:10+00:00","og_image":[{"width":600,"height":600,"url":"https:\/\/medicinasinc.com\/ro\/wp-content\/uploads\/sites\/11\/2022\/02\/buy-xtc-philipp-plein-blue-524-mg-mdma-pills-online.jpg","type":"image\/jpeg"}],"twitter_card":"summary_large_image","twitter_misc":{"Est. reading time":"1 minute"},"schema":{"@context":"https:\/\/schema.org","@graph":[{"@type":"WebPage","@id":"https:\/\/medicinasinc.com\/ro\/product\/cumpar-extasy-philipp-plein-blue-524-mg-mdma-pastile\/","url":"https:\/\/medicinasinc.com\/ro\/product\/cumpar-extasy-philipp-plein-blue-524-mg-mdma-pastile\/","name":"Cump\u0103ra\u021bi Ecstasy- Philipp Plein Blue- 524mg MDMA Pills - Global Medicina","isPartOf":{"@id":"https:\/\/medicinasinc.com\/ro\/#website"},"primaryImageOfPage":{"@id":"https:\/\/medicinasinc.com\/ro\/product\/cumpar-extasy-philipp-plein-blue-524-mg-mdma-pastile\/#primaryimage"},"image":{"@id":"https:\/\/medicinasinc.com\/ro\/product\/cumpar-extasy-philipp-plein-blue-524-mg-mdma-pastile\/#primaryimage"},"thumbnailUrl":"https:\/\/medicinasinc.com\/ro\/wp-content\/uploads\/sites\/11\/2022\/02\/buy-xtc-philipp-plein-blue-524-mg-mdma-pills-online.jpg","datePublished":"2022-02-20T13:31:58+00:00","dateModified":"2022-03-22T01:19:10+00:00","description":"Cump\u0103ra\u021bi Philipp Plein Blue- 524 Mg MDMA Marea Britanie, Europa la cel mai bun pre\u021b de pia\u021b\u0103. Toate produsele noastre sunt realizate cu ingrediente naturale pure, f\u0103r\u0103 THC. Comanda online acum!","breadcrumb":{"@id":"https:\/\/medicinasinc.com\/ro\/product\/cumpar-extasy-philipp-plein-blue-524-mg-mdma-pastile\/#breadcrumb"},"inLanguage":"en-US","potentialAction":[{"@type":"ReadAction","target":["https:\/\/medicinasinc.com\/ro\/product\/cumpar-extasy-philipp-plein-blue-524-mg-mdma-pastile\/"]}]},{"@type":"ImageObject","inLanguage":"en-US","@id":"https:\/\/medicinasinc.com\/ro\/product\/cumpar-extasy-philipp-plein-blue-524-mg-mdma-pastile\/#primaryimage","url":"https:\/\/medicinasinc.com\/ro\/wp-content\/uploads\/sites\/11\/2022\/02\/buy-xtc-philipp-plein-blue-524-mg-mdma-pills-online.jpg","contentUrl":"https:\/\/medicinasinc.com\/ro\/wp-content\/uploads\/sites\/11\/2022\/02\/buy-xtc-philipp-plein-blue-524-mg-mdma-pills-online.jpg","width":600,"height":600},{"@type":"BreadcrumbList","@id":"https:\/\/medicinasinc.com\/ro\/product\/cumpar-extasy-philipp-plein-blue-524-mg-mdma-pastile\/#breadcrumb","itemListElement":[{"@type":"ListItem","position":1,"name":"Magazin","item":"https:\/\/medicinasinc.com\/ro\/magazin\/"},{"@type":"ListItem","position":2,"name":"Cump\u0103ra\u021bi Ecstasy- Philipp Plein Blue- 524mg Pastile MDMA"}]},{"@type":"WebSite","@id":"https:\/\/medicinasinc.com\/ro\/#website","url":"https:\/\/medicinasinc.com\/ro\/","name":"Medicinas Inc","description":"Health Medical Clinic","potentialAction":[{"@type":"SearchAction","target":{"@type":"EntryPoint","urlTemplate":"https:\/\/medicinasinc.com\/ro\/?s={search_term_string}"},"query-input":{"@type":"PropertyValueSpecification","valueRequired":true,"valueName":"search_term_string"}}],"inLanguage":"en-US"}]}},"_links":{"self":[{"href":"https:\/\/medicinasinc.com\/ro\/wp-json\/wp\/v2\/product\/4592","targetHints":{"allow":["GET"]}}],"collection":[{"href":"https:\/\/medicinasinc.com\/ro\/wp-json\/wp\/v2\/product"}],"about":[{"href":"https:\/\/medicinasinc.com\/ro\/wp-json\/wp\/v2\/types\/product"}],"replies":[{"embeddable":true,"href":"https:\/\/medicinasinc.com\/ro\/wp-json\/wp\/v2\/comments?post=4592"}],"wp:featuredmedia":[{"embeddable":true,"href":"https:\/\/medicinasinc.com\/ro\/wp-json\/wp\/v2\/media\/4605"}],"wp:attachment":[{"href":"https:\/\/medicinasinc.com\/ro\/wp-json\/wp\/v2\/media?parent=4592"}],"wp:term":[{"taxonomy":"product_brand","embeddable":true,"href":"https:\/\/medicinasinc.com\/ro\/wp-json\/wp\/v2\/product_brand?post=4592"},{"taxonomy":"product_cat","embeddable":true,"href":"https:\/\/medicinasinc.com\/ro\/wp-json\/wp\/v2\/product_cat?post=4592"},{"taxonomy":"product_tag","embeddable":true,"href":"https:\/\/medicinasinc.com\/ro\/wp-json\/wp\/v2\/product_tag?post=4592"}],"curies":[{"name":"wp","href":"https:\/\/api.w.org\/{rel}","templated":true}]}}