{"id":4591,"date":"2022-02-20T13:30:56","date_gmt":"2022-02-20T13:30:56","guid":{"rendered":"https:\/\/medicinasinc.com\/ro\/?post_type=product&#038;p=4591"},"modified":"2022-03-22T01:19:21","modified_gmt":"2022-03-22T01:19:21","slug":"cumpara-pastile-rolex-albe-ecstasy","status":"publish","type":"product","link":"https:\/\/medicinasinc.com\/ro\/product\/cumpara-pastile-rolex-albe-ecstasy\/","title":{"rendered":"Cump\u0103ra\u021bi pastile de ecstasy Rolex albe"},"content":{"rendered":"<h1>Cump\u0103ra\u021bi online pastile de ecstasy Rolex albe.<\/h1>\n<table style=\"height: 82px\" width=\"495\">\n<tbody>\n<tr>\n<th>Culoare:<\/th>\n<td>Alb sau Off Alb<\/td>\n<\/tr>\n<tr>\n<th>Dimensiune:<\/th>\n<td>195 mg<\/td>\n<\/tr>\n<\/tbody>\n<\/table>\n","protected":false},"excerpt":{"rendered":"<div class=\"woocommerce-product-details__short-description\">\n<p>Cump\u0103ra\u021bi online pastile Rolex ecstasy albe de v\u00e2nzare Marea Britanie, Europa de la cel mai de \u00eencredere furnizor mdma la cele mai bune pre\u021buri, garant\u0103m livrare discret\u0103 \u0219i sigur\u0103 \u00een toat\u0103 lumea<\/p>\n<p><strong>Comanda minim\u0103<\/strong><strong>este de 50 de pastile.<\/strong><\/p>\n<\/p><\/div>\n","protected":false},"featured_media":4603,"comment_status":"open","ping_status":"closed","template":"","meta":[],"product_brand":[],"product_cat":[498],"product_tag":[579,576,580,577,582,581,578],"class_list":{"0":"post-4591","1":"product","2":"type-product","3":"status-publish","4":"has-post-thumbnail","6":"product_cat-cumpr-pastile-ecstasy","7":"product_tag-nevoie-albe-rolex-pastile-extaz","8":"product_tag-buy-white-rolex-ecstasy-online","9":"product_tag-comanda-pastile-rolex-albe-ecstasy","10":"product_tag-cumpara-pastile-rolex-albe-ecstasy-online","11":"product_tag-unde-a-comanda-pastile-rolex-albe-de-ecstasy","12":"product_tag-unde-s-cumpr-pastile-rolex-albe-de-ecstasy","13":"product_tag-pastile-ecstasy-rolex-albe-ieftine-de-vanzare","15":"first","16":"instock","17":"shipping-taxable","18":"purchasable","19":"product-type-variable","20":"has-default-attributes"},"yoast_head":"<!-- This site is optimized with the Yoast SEO plugin v27.3 - https:\/\/yoast.com\/product\/yoast-seo-wordpress\/ -->\n<title>Cump\u0103ra\u021bi online pastile de ecstasy Rolex albe - Cele mai bune medicamente globale<\/title>\n<meta name=\"description\" content=\"Cump\u0103ra\u021bi pastile de ecstasy Rolex albe online pentru v\u00e2nzare Marea Britanie, Europa de la cel mai de \u00eencredere furnizor mdma la cele mai bune pre\u021buri, garant\u0103m livrare discret\u0103 \u0219i sigur\u0103 \u00een toat\u0103 lumea\" \/>\n<meta name=\"robots\" content=\"index, follow, max-snippet:-1, max-image-preview:large, max-video-preview:-1\" \/>\n<link rel=\"canonical\" href=\"https:\/\/medicinasinc.com\/ro\/product\/cumpara-pastile-rolex-albe-ecstasy\/\" \/>\n<meta property=\"og:locale\" content=\"en_US\" \/>\n<meta property=\"og:type\" content=\"article\" \/>\n<meta property=\"og:title\" content=\"Cump\u0103ra\u021bi online pastile de ecstasy Rolex albe - Cele mai bune medicamente globale\" \/>\n<meta property=\"og:description\" content=\"Cump\u0103ra\u021bi pastile de ecstasy Rolex albe online pentru v\u00e2nzare Marea Britanie, Europa de la cel mai de \u00eencredere furnizor mdma la cele mai bune pre\u021buri, garant\u0103m livrare discret\u0103 \u0219i sigur\u0103 \u00een toat\u0103 lumea\" \/>\n<meta property=\"og:url\" content=\"https:\/\/medicinasinc.com\/ro\/product\/cumpara-pastile-rolex-albe-ecstasy\/\" \/>\n<meta property=\"og:site_name\" content=\"Medicinas Inc\" \/>\n<meta property=\"article:modified_time\" content=\"2022-03-22T01:19:21+00:00\" \/>\n<meta property=\"og:image\" content=\"https:\/\/medicinasinc.com\/ro\/wp-content\/uploads\/sites\/11\/2022\/02\/buy-white-rolex-ecstasy-pills-online.jpg\" \/>\n\t<meta property=\"og:image:width\" content=\"600\" \/>\n\t<meta property=\"og:image:height\" content=\"600\" \/>\n\t<meta property=\"og:image:type\" content=\"image\/jpeg\" \/>\n<meta name=\"twitter:card\" content=\"summary_large_image\" \/>\n<meta name=\"twitter:label1\" content=\"Est. reading time\" \/>\n\t<meta name=\"twitter:data1\" content=\"1 minute\" \/>\n<script type=\"application\/ld+json\" class=\"yoast-schema-graph\">{\"@context\":\"https:\\\/\\\/schema.org\",\"@graph\":[{\"@type\":\"WebPage\",\"@id\":\"https:\\\/\\\/medicinasinc.com\\\/ro\\\/product\\\/cumpara-pastile-rolex-albe-ecstasy\\\/\",\"url\":\"https:\\\/\\\/medicinasinc.com\\\/ro\\\/product\\\/cumpara-pastile-rolex-albe-ecstasy\\\/\",\"name\":\"Cump\u0103ra\u021bi online pastile de ecstasy Rolex albe - Cele mai bune medicamente globale\",\"isPartOf\":{\"@id\":\"https:\\\/\\\/medicinasinc.com\\\/ro\\\/#website\"},\"primaryImageOfPage\":{\"@id\":\"https:\\\/\\\/medicinasinc.com\\\/ro\\\/product\\\/cumpara-pastile-rolex-albe-ecstasy\\\/#primaryimage\"},\"image\":{\"@id\":\"https:\\\/\\\/medicinasinc.com\\\/ro\\\/product\\\/cumpara-pastile-rolex-albe-ecstasy\\\/#primaryimage\"},\"thumbnailUrl\":\"https:\\\/\\\/medicinasinc.com\\\/ro\\\/wp-content\\\/uploads\\\/sites\\\/11\\\/2022\\\/02\\\/buy-white-rolex-ecstasy-pills-online.jpg\",\"datePublished\":\"2022-02-20T13:30:56+00:00\",\"dateModified\":\"2022-03-22T01:19:21+00:00\",\"description\":\"Cump\u0103ra\u021bi pastile de ecstasy Rolex albe online pentru v\u00e2nzare Marea Britanie, Europa de la cel mai de \u00eencredere furnizor mdma la cele mai bune pre\u021buri, garant\u0103m livrare discret\u0103 \u0219i sigur\u0103 \u00een toat\u0103 lumea\",\"breadcrumb\":{\"@id\":\"https:\\\/\\\/medicinasinc.com\\\/ro\\\/product\\\/cumpara-pastile-rolex-albe-ecstasy\\\/#breadcrumb\"},\"inLanguage\":\"en-US\",\"potentialAction\":[{\"@type\":\"ReadAction\",\"target\":[\"https:\\\/\\\/medicinasinc.com\\\/ro\\\/product\\\/cumpara-pastile-rolex-albe-ecstasy\\\/\"]}]},{\"@type\":\"ImageObject\",\"inLanguage\":\"en-US\",\"@id\":\"https:\\\/\\\/medicinasinc.com\\\/ro\\\/product\\\/cumpara-pastile-rolex-albe-ecstasy\\\/#primaryimage\",\"url\":\"https:\\\/\\\/medicinasinc.com\\\/ro\\\/wp-content\\\/uploads\\\/sites\\\/11\\\/2022\\\/02\\\/buy-white-rolex-ecstasy-pills-online.jpg\",\"contentUrl\":\"https:\\\/\\\/medicinasinc.com\\\/ro\\\/wp-content\\\/uploads\\\/sites\\\/11\\\/2022\\\/02\\\/buy-white-rolex-ecstasy-pills-online.jpg\",\"width\":600,\"height\":600},{\"@type\":\"BreadcrumbList\",\"@id\":\"https:\\\/\\\/medicinasinc.com\\\/ro\\\/product\\\/cumpara-pastile-rolex-albe-ecstasy\\\/#breadcrumb\",\"itemListElement\":[{\"@type\":\"ListItem\",\"position\":1,\"name\":\"Magazin\",\"item\":\"https:\\\/\\\/medicinasinc.com\\\/ro\\\/magazin\\\/\"},{\"@type\":\"ListItem\",\"position\":2,\"name\":\"Cump\u0103ra\u021bi pastile de ecstasy Rolex albe\"}]},{\"@type\":\"WebSite\",\"@id\":\"https:\\\/\\\/medicinasinc.com\\\/ro\\\/#website\",\"url\":\"https:\\\/\\\/medicinasinc.com\\\/ro\\\/\",\"name\":\"Medicinas Inc\",\"description\":\"Health Medical Clinic\",\"potentialAction\":[{\"@type\":\"SearchAction\",\"target\":{\"@type\":\"EntryPoint\",\"urlTemplate\":\"https:\\\/\\\/medicinasinc.com\\\/ro\\\/?s={search_term_string}\"},\"query-input\":{\"@type\":\"PropertyValueSpecification\",\"valueRequired\":true,\"valueName\":\"search_term_string\"}}],\"inLanguage\":\"en-US\"}]}<\/script>\n<!-- \/ Yoast SEO plugin. -->","yoast_head_json":{"title":"Cump\u0103ra\u021bi online pastile de ecstasy Rolex albe - Cele mai bune medicamente globale","description":"Cump\u0103ra\u021bi pastile de ecstasy Rolex albe online pentru v\u00e2nzare Marea Britanie, Europa de la cel mai de \u00eencredere furnizor mdma la cele mai bune pre\u021buri, garant\u0103m livrare discret\u0103 \u0219i sigur\u0103 \u00een toat\u0103 lumea","robots":{"index":"index","follow":"follow","max-snippet":"max-snippet:-1","max-image-preview":"max-image-preview:large","max-video-preview":"max-video-preview:-1"},"canonical":"https:\/\/medicinasinc.com\/ro\/product\/cumpara-pastile-rolex-albe-ecstasy\/","og_locale":"en_US","og_type":"article","og_title":"Cump\u0103ra\u021bi online pastile de ecstasy Rolex albe - Cele mai bune medicamente globale","og_description":"Cump\u0103ra\u021bi pastile de ecstasy Rolex albe online pentru v\u00e2nzare Marea Britanie, Europa de la cel mai de \u00eencredere furnizor mdma la cele mai bune pre\u021buri, garant\u0103m livrare discret\u0103 \u0219i sigur\u0103 \u00een toat\u0103 lumea","og_url":"https:\/\/medicinasinc.com\/ro\/product\/cumpara-pastile-rolex-albe-ecstasy\/","og_site_name":"Medicinas Inc","article_modified_time":"2022-03-22T01:19:21+00:00","og_image":[{"width":600,"height":600,"url":"https:\/\/medicinasinc.com\/ro\/wp-content\/uploads\/sites\/11\/2022\/02\/buy-white-rolex-ecstasy-pills-online.jpg","type":"image\/jpeg"}],"twitter_card":"summary_large_image","twitter_misc":{"Est. reading time":"1 minute"},"schema":{"@context":"https:\/\/schema.org","@graph":[{"@type":"WebPage","@id":"https:\/\/medicinasinc.com\/ro\/product\/cumpara-pastile-rolex-albe-ecstasy\/","url":"https:\/\/medicinasinc.com\/ro\/product\/cumpara-pastile-rolex-albe-ecstasy\/","name":"Cump\u0103ra\u021bi online pastile de ecstasy Rolex albe - Cele mai bune medicamente globale","isPartOf":{"@id":"https:\/\/medicinasinc.com\/ro\/#website"},"primaryImageOfPage":{"@id":"https:\/\/medicinasinc.com\/ro\/product\/cumpara-pastile-rolex-albe-ecstasy\/#primaryimage"},"image":{"@id":"https:\/\/medicinasinc.com\/ro\/product\/cumpara-pastile-rolex-albe-ecstasy\/#primaryimage"},"thumbnailUrl":"https:\/\/medicinasinc.com\/ro\/wp-content\/uploads\/sites\/11\/2022\/02\/buy-white-rolex-ecstasy-pills-online.jpg","datePublished":"2022-02-20T13:30:56+00:00","dateModified":"2022-03-22T01:19:21+00:00","description":"Cump\u0103ra\u021bi pastile de ecstasy Rolex albe online pentru v\u00e2nzare Marea Britanie, Europa de la cel mai de \u00eencredere furnizor mdma la cele mai bune pre\u021buri, garant\u0103m livrare discret\u0103 \u0219i sigur\u0103 \u00een toat\u0103 lumea","breadcrumb":{"@id":"https:\/\/medicinasinc.com\/ro\/product\/cumpara-pastile-rolex-albe-ecstasy\/#breadcrumb"},"inLanguage":"en-US","potentialAction":[{"@type":"ReadAction","target":["https:\/\/medicinasinc.com\/ro\/product\/cumpara-pastile-rolex-albe-ecstasy\/"]}]},{"@type":"ImageObject","inLanguage":"en-US","@id":"https:\/\/medicinasinc.com\/ro\/product\/cumpara-pastile-rolex-albe-ecstasy\/#primaryimage","url":"https:\/\/medicinasinc.com\/ro\/wp-content\/uploads\/sites\/11\/2022\/02\/buy-white-rolex-ecstasy-pills-online.jpg","contentUrl":"https:\/\/medicinasinc.com\/ro\/wp-content\/uploads\/sites\/11\/2022\/02\/buy-white-rolex-ecstasy-pills-online.jpg","width":600,"height":600},{"@type":"BreadcrumbList","@id":"https:\/\/medicinasinc.com\/ro\/product\/cumpara-pastile-rolex-albe-ecstasy\/#breadcrumb","itemListElement":[{"@type":"ListItem","position":1,"name":"Magazin","item":"https:\/\/medicinasinc.com\/ro\/magazin\/"},{"@type":"ListItem","position":2,"name":"Cump\u0103ra\u021bi pastile de ecstasy Rolex albe"}]},{"@type":"WebSite","@id":"https:\/\/medicinasinc.com\/ro\/#website","url":"https:\/\/medicinasinc.com\/ro\/","name":"Medicinas Inc","description":"Health Medical Clinic","potentialAction":[{"@type":"SearchAction","target":{"@type":"EntryPoint","urlTemplate":"https:\/\/medicinasinc.com\/ro\/?s={search_term_string}"},"query-input":{"@type":"PropertyValueSpecification","valueRequired":true,"valueName":"search_term_string"}}],"inLanguage":"en-US"}]}},"_links":{"self":[{"href":"https:\/\/medicinasinc.com\/ro\/wp-json\/wp\/v2\/product\/4591","targetHints":{"allow":["GET"]}}],"collection":[{"href":"https:\/\/medicinasinc.com\/ro\/wp-json\/wp\/v2\/product"}],"about":[{"href":"https:\/\/medicinasinc.com\/ro\/wp-json\/wp\/v2\/types\/product"}],"replies":[{"embeddable":true,"href":"https:\/\/medicinasinc.com\/ro\/wp-json\/wp\/v2\/comments?post=4591"}],"wp:featuredmedia":[{"embeddable":true,"href":"https:\/\/medicinasinc.com\/ro\/wp-json\/wp\/v2\/media\/4603"}],"wp:attachment":[{"href":"https:\/\/medicinasinc.com\/ro\/wp-json\/wp\/v2\/media?parent=4591"}],"wp:term":[{"taxonomy":"product_brand","embeddable":true,"href":"https:\/\/medicinasinc.com\/ro\/wp-json\/wp\/v2\/product_brand?post=4591"},{"taxonomy":"product_cat","embeddable":true,"href":"https:\/\/medicinasinc.com\/ro\/wp-json\/wp\/v2\/product_cat?post=4591"},{"taxonomy":"product_tag","embeddable":true,"href":"https:\/\/medicinasinc.com\/ro\/wp-json\/wp\/v2\/product_tag?post=4591"}],"curies":[{"name":"wp","href":"https:\/\/api.w.org\/{rel}","templated":true}]}}