{"id":4576,"date":"2022-02-20T13:20:42","date_gmt":"2022-02-20T13:20:42","guid":{"rendered":"https:\/\/medicinasinc.com\/ro\/?post_type=product&#038;p=4576"},"modified":"2022-03-22T01:19:34","modified_gmt":"2022-03-22T01:19:34","slug":"cumpara-portocale-tesla-pastile-ecstasy","status":"publish","type":"product","link":"https:\/\/medicinasinc.com\/ro\/product\/cumpara-portocale-tesla-pastile-ecstasy\/","title":{"rendered":"Cump\u0103ra\u021bi pastile de ecstasy Orange Tesla"},"content":{"rendered":"<p>Orange Tesla Ecstasy Pills Cump\u0103ra\u021bi<\/p>\n<p>3,4 metilendioxi-metanfetamina este ingredientul activ din Orange Tesla Ecstasy Pills (MDMA). Tabletele mici portocalii au forma unui scut \u0219i poart\u0103 cuv\u00e2ntul \u201eTesla\u201d deasupra siglei Tesla \u00een form\u0103 de t.<\/p>\n<p>Ele str\u0103lucesc \u00een \u00eentuneric, iar unele sunt pres\u0103rate cu sclipici violet.<\/p>\n<p>Sunt populare pentru c\u0103 sunt puternice, au un design distractiv \u0219i sunt asociate cu un brand binecunoscut cu o reputa\u021bie pozitiv\u0103. Majoritatea oamenilor sunt mai predispuse s\u0103 cumpere o pastil\u0103 de ecstasy cu un logo recunoscut dec\u00e2t o pastil\u0103 alb\u0103 simpl\u0103 f\u0103cut\u0103 de oricine.<\/p>\n<p>Totu\u0219i, pastilele portocalii Tesla nu au nimic de-a face cu Tesla lui Elon Musk, un produc\u0103tor auto american \u0219i companie de energie curat\u0103.<\/p>\n<p>Marca nu \u00eenseamn\u0103 c\u0103 acestea sunt de \u00eenalt\u0103 calitate sau chiar de calitate consecvent\u0103. Folosind o pres\u0103 \u0219i o vopsea similare, oricine poate reproduce o pastil\u0103 portocalie de extaz Tesla.<\/p>\n","protected":false},"excerpt":{"rendered":"<p>Cump\u0103ra\u021bi pastile Orange Tesla Ecstasy de v\u00e2nzare Europa, Marea Britanie. Cump\u0103ra\u021bi Ecstasy Online, V\u00e2nz\u0103tor Ecstasy, Comanda\u021bi pastile de ecstasy online, ne ocup\u0103m cu cele mai pure \u0219i cele mai bune produse.<\/p>\n<p>La Best Global Meds\u00a0pu\u021bi achizi\u021biona Pastile Tesla Ecstasy autentice la un pre\u021b accesibil. Toate produsele sunt testate \u00een laborator \u0219i sunt de cea mai \u00eenalt\u0103 calitate.<\/p>\n","protected":false},"featured_media":4589,"comment_status":"open","ping_status":"closed","template":"","meta":[],"product_brand":[],"product_cat":[498],"product_tag":[573,554,556,559,566,572,565,560,575,557,562,563,564,569,558,574,555,561,570,567,571,568],"class_list":{"0":"post-4576","1":"product","2":"type-product","3":"status-publish","4":"has-post-thumbnail","6":"product_cat-cumpr-pastile-ecstasy","7":"product_tag-tesla-pilul-avertisment","8":"product_tag-blue-tesla-ecstasy","9":"product_tag-albastru-portocaliu-tesla-ecstasy-vs-molly","10":"product_tag-ecstasy-press-pastile-tesla","11":"product_tag-piersic-hard-tesla-extaz-cu-scor-pe-spate","12":"product_tag-tesla-pilul-efecte-albastre","13":"product_tag-portocaliu-tesla-efecte-pastile","14":"product_tag-extaz-tesla","15":"product_tag-galben-tesla-extaz-tampa","16":"product_tag-list-diferite-pastile-extacy","17":"product_tag-orange-tesla-2021","18":"product_tag-orange-tesla-ecstasy-mg","19":"product_tag-orange-tesla-pastile-extaz-los-angeles-2019","20":"product_tag-tesla-extaz-pilul","21":"product_tag-pastile-de-ecstasy-timbra-tesla-din-olanda","22":"product_tag-tesla-pastile-albastru","23":"product_tag-pilula-tesla-albastru-mg","24":"product_tag-extacy-pill-imagini","25":"product_tag-tesla-ecstasy-review","26":"product_tag-reddit-ecstasy-pilul-evaluare-tesla-vs-punisher-vs","27":"product_tag-tesla-ecstasy-tampa","28":"product_tag-tesla-extaz","30":"first","31":"instock","32":"shipping-taxable","33":"purchasable","34":"product-type-variable","35":"has-default-attributes"},"yoast_head":"<!-- This site is optimized with the Yoast SEO plugin v27.3 - https:\/\/yoast.com\/product\/yoast-seo-wordpress\/ -->\n<title>Cump\u0103ra\u021bi pastile de ecstasy Orange Tesla - Cele mai bune medicamente globale<\/title>\n<meta name=\"description\" content=\"Cump\u0103ra\u021bi pastile Orange Tesla Ecstasy de v\u00e2nzare Europa, Marea Britanie. Cump\u0103ra\u021bi Ecstasy Online, Ecstasy Seller, Comanda\u021bi online pastile de ecstasy, ne ocup\u0103m cu cele mai pure \u0219i mai bune produse.\" \/>\n<meta name=\"robots\" content=\"index, follow, max-snippet:-1, max-image-preview:large, max-video-preview:-1\" \/>\n<link rel=\"canonical\" href=\"https:\/\/medicinasinc.com\/ro\/product\/cumpara-portocale-tesla-pastile-ecstasy\/\" \/>\n<meta property=\"og:locale\" content=\"en_US\" \/>\n<meta property=\"og:type\" content=\"article\" \/>\n<meta property=\"og:title\" content=\"Cump\u0103ra\u021bi pastile de ecstasy Orange Tesla - Cele mai bune medicamente globale\" \/>\n<meta property=\"og:description\" content=\"Cump\u0103ra\u021bi pastile Orange Tesla Ecstasy de v\u00e2nzare Europa, Marea Britanie. Cump\u0103ra\u021bi Ecstasy Online, Ecstasy Seller, Comanda\u021bi online pastile de ecstasy, ne ocup\u0103m cu cele mai pure \u0219i mai bune produse.\" \/>\n<meta property=\"og:url\" content=\"https:\/\/medicinasinc.com\/ro\/product\/cumpara-portocale-tesla-pastile-ecstasy\/\" \/>\n<meta property=\"og:site_name\" content=\"Medicinas Inc\" \/>\n<meta property=\"article:modified_time\" content=\"2022-03-22T01:19:34+00:00\" \/>\n<meta property=\"og:image\" content=\"https:\/\/medicinasinc.com\/ro\/wp-content\/uploads\/sites\/11\/2022\/02\/Buy-Orange-Tesla-Ecstasy-Pills.jpg\" \/>\n\t<meta property=\"og:image:width\" content=\"747\" \/>\n\t<meta property=\"og:image:height\" content=\"560\" \/>\n\t<meta property=\"og:image:type\" content=\"image\/jpeg\" \/>\n<meta name=\"twitter:card\" content=\"summary_large_image\" \/>\n<meta name=\"twitter:label1\" content=\"Est. reading time\" \/>\n\t<meta name=\"twitter:data1\" content=\"1 minute\" \/>\n<script type=\"application\/ld+json\" class=\"yoast-schema-graph\">{\"@context\":\"https:\\\/\\\/schema.org\",\"@graph\":[{\"@type\":\"WebPage\",\"@id\":\"https:\\\/\\\/medicinasinc.com\\\/ro\\\/product\\\/cumpara-portocale-tesla-pastile-ecstasy\\\/\",\"url\":\"https:\\\/\\\/medicinasinc.com\\\/ro\\\/product\\\/cumpara-portocale-tesla-pastile-ecstasy\\\/\",\"name\":\"Cump\u0103ra\u021bi pastile de ecstasy Orange Tesla - Cele mai bune medicamente globale\",\"isPartOf\":{\"@id\":\"https:\\\/\\\/medicinasinc.com\\\/ro\\\/#website\"},\"primaryImageOfPage\":{\"@id\":\"https:\\\/\\\/medicinasinc.com\\\/ro\\\/product\\\/cumpara-portocale-tesla-pastile-ecstasy\\\/#primaryimage\"},\"image\":{\"@id\":\"https:\\\/\\\/medicinasinc.com\\\/ro\\\/product\\\/cumpara-portocale-tesla-pastile-ecstasy\\\/#primaryimage\"},\"thumbnailUrl\":\"https:\\\/\\\/medicinasinc.com\\\/ro\\\/wp-content\\\/uploads\\\/sites\\\/11\\\/2022\\\/02\\\/Buy-Orange-Tesla-Ecstasy-Pills.jpg\",\"datePublished\":\"2022-02-20T13:20:42+00:00\",\"dateModified\":\"2022-03-22T01:19:34+00:00\",\"description\":\"Cump\u0103ra\u021bi pastile Orange Tesla Ecstasy de v\u00e2nzare Europa, Marea Britanie. Cump\u0103ra\u021bi Ecstasy Online, Ecstasy Seller, Comanda\u021bi online pastile de ecstasy, ne ocup\u0103m cu cele mai pure \u0219i mai bune produse.\",\"breadcrumb\":{\"@id\":\"https:\\\/\\\/medicinasinc.com\\\/ro\\\/product\\\/cumpara-portocale-tesla-pastile-ecstasy\\\/#breadcrumb\"},\"inLanguage\":\"en-US\",\"potentialAction\":[{\"@type\":\"ReadAction\",\"target\":[\"https:\\\/\\\/medicinasinc.com\\\/ro\\\/product\\\/cumpara-portocale-tesla-pastile-ecstasy\\\/\"]}]},{\"@type\":\"ImageObject\",\"inLanguage\":\"en-US\",\"@id\":\"https:\\\/\\\/medicinasinc.com\\\/ro\\\/product\\\/cumpara-portocale-tesla-pastile-ecstasy\\\/#primaryimage\",\"url\":\"https:\\\/\\\/medicinasinc.com\\\/ro\\\/wp-content\\\/uploads\\\/sites\\\/11\\\/2022\\\/02\\\/Buy-Orange-Tesla-Ecstasy-Pills.jpg\",\"contentUrl\":\"https:\\\/\\\/medicinasinc.com\\\/ro\\\/wp-content\\\/uploads\\\/sites\\\/11\\\/2022\\\/02\\\/Buy-Orange-Tesla-Ecstasy-Pills.jpg\",\"width\":747,\"height\":560},{\"@type\":\"BreadcrumbList\",\"@id\":\"https:\\\/\\\/medicinasinc.com\\\/ro\\\/product\\\/cumpara-portocale-tesla-pastile-ecstasy\\\/#breadcrumb\",\"itemListElement\":[{\"@type\":\"ListItem\",\"position\":1,\"name\":\"Magazin\",\"item\":\"https:\\\/\\\/medicinasinc.com\\\/ro\\\/magazin\\\/\"},{\"@type\":\"ListItem\",\"position\":2,\"name\":\"Cump\u0103ra\u021bi pastile de ecstasy Orange Tesla\"}]},{\"@type\":\"WebSite\",\"@id\":\"https:\\\/\\\/medicinasinc.com\\\/ro\\\/#website\",\"url\":\"https:\\\/\\\/medicinasinc.com\\\/ro\\\/\",\"name\":\"Medicinas Inc\",\"description\":\"Health Medical Clinic\",\"potentialAction\":[{\"@type\":\"SearchAction\",\"target\":{\"@type\":\"EntryPoint\",\"urlTemplate\":\"https:\\\/\\\/medicinasinc.com\\\/ro\\\/?s={search_term_string}\"},\"query-input\":{\"@type\":\"PropertyValueSpecification\",\"valueRequired\":true,\"valueName\":\"search_term_string\"}}],\"inLanguage\":\"en-US\"}]}<\/script>\n<!-- \/ Yoast SEO plugin. -->","yoast_head_json":{"title":"Cump\u0103ra\u021bi pastile de ecstasy Orange Tesla - Cele mai bune medicamente globale","description":"Cump\u0103ra\u021bi pastile Orange Tesla Ecstasy de v\u00e2nzare Europa, Marea Britanie. Cump\u0103ra\u021bi Ecstasy Online, Ecstasy Seller, Comanda\u021bi online pastile de ecstasy, ne ocup\u0103m cu cele mai pure \u0219i mai bune produse.","robots":{"index":"index","follow":"follow","max-snippet":"max-snippet:-1","max-image-preview":"max-image-preview:large","max-video-preview":"max-video-preview:-1"},"canonical":"https:\/\/medicinasinc.com\/ro\/product\/cumpara-portocale-tesla-pastile-ecstasy\/","og_locale":"en_US","og_type":"article","og_title":"Cump\u0103ra\u021bi pastile de ecstasy Orange Tesla - Cele mai bune medicamente globale","og_description":"Cump\u0103ra\u021bi pastile Orange Tesla Ecstasy de v\u00e2nzare Europa, Marea Britanie. Cump\u0103ra\u021bi Ecstasy Online, Ecstasy Seller, Comanda\u021bi online pastile de ecstasy, ne ocup\u0103m cu cele mai pure \u0219i mai bune produse.","og_url":"https:\/\/medicinasinc.com\/ro\/product\/cumpara-portocale-tesla-pastile-ecstasy\/","og_site_name":"Medicinas Inc","article_modified_time":"2022-03-22T01:19:34+00:00","og_image":[{"width":747,"height":560,"url":"https:\/\/medicinasinc.com\/ro\/wp-content\/uploads\/sites\/11\/2022\/02\/Buy-Orange-Tesla-Ecstasy-Pills.jpg","type":"image\/jpeg"}],"twitter_card":"summary_large_image","twitter_misc":{"Est. reading time":"1 minute"},"schema":{"@context":"https:\/\/schema.org","@graph":[{"@type":"WebPage","@id":"https:\/\/medicinasinc.com\/ro\/product\/cumpara-portocale-tesla-pastile-ecstasy\/","url":"https:\/\/medicinasinc.com\/ro\/product\/cumpara-portocale-tesla-pastile-ecstasy\/","name":"Cump\u0103ra\u021bi pastile de ecstasy Orange Tesla - Cele mai bune medicamente globale","isPartOf":{"@id":"https:\/\/medicinasinc.com\/ro\/#website"},"primaryImageOfPage":{"@id":"https:\/\/medicinasinc.com\/ro\/product\/cumpara-portocale-tesla-pastile-ecstasy\/#primaryimage"},"image":{"@id":"https:\/\/medicinasinc.com\/ro\/product\/cumpara-portocale-tesla-pastile-ecstasy\/#primaryimage"},"thumbnailUrl":"https:\/\/medicinasinc.com\/ro\/wp-content\/uploads\/sites\/11\/2022\/02\/Buy-Orange-Tesla-Ecstasy-Pills.jpg","datePublished":"2022-02-20T13:20:42+00:00","dateModified":"2022-03-22T01:19:34+00:00","description":"Cump\u0103ra\u021bi pastile Orange Tesla Ecstasy de v\u00e2nzare Europa, Marea Britanie. Cump\u0103ra\u021bi Ecstasy Online, Ecstasy Seller, Comanda\u021bi online pastile de ecstasy, ne ocup\u0103m cu cele mai pure \u0219i mai bune produse.","breadcrumb":{"@id":"https:\/\/medicinasinc.com\/ro\/product\/cumpara-portocale-tesla-pastile-ecstasy\/#breadcrumb"},"inLanguage":"en-US","potentialAction":[{"@type":"ReadAction","target":["https:\/\/medicinasinc.com\/ro\/product\/cumpara-portocale-tesla-pastile-ecstasy\/"]}]},{"@type":"ImageObject","inLanguage":"en-US","@id":"https:\/\/medicinasinc.com\/ro\/product\/cumpara-portocale-tesla-pastile-ecstasy\/#primaryimage","url":"https:\/\/medicinasinc.com\/ro\/wp-content\/uploads\/sites\/11\/2022\/02\/Buy-Orange-Tesla-Ecstasy-Pills.jpg","contentUrl":"https:\/\/medicinasinc.com\/ro\/wp-content\/uploads\/sites\/11\/2022\/02\/Buy-Orange-Tesla-Ecstasy-Pills.jpg","width":747,"height":560},{"@type":"BreadcrumbList","@id":"https:\/\/medicinasinc.com\/ro\/product\/cumpara-portocale-tesla-pastile-ecstasy\/#breadcrumb","itemListElement":[{"@type":"ListItem","position":1,"name":"Magazin","item":"https:\/\/medicinasinc.com\/ro\/magazin\/"},{"@type":"ListItem","position":2,"name":"Cump\u0103ra\u021bi pastile de ecstasy Orange Tesla"}]},{"@type":"WebSite","@id":"https:\/\/medicinasinc.com\/ro\/#website","url":"https:\/\/medicinasinc.com\/ro\/","name":"Medicinas Inc","description":"Health Medical Clinic","potentialAction":[{"@type":"SearchAction","target":{"@type":"EntryPoint","urlTemplate":"https:\/\/medicinasinc.com\/ro\/?s={search_term_string}"},"query-input":{"@type":"PropertyValueSpecification","valueRequired":true,"valueName":"search_term_string"}}],"inLanguage":"en-US"}]}},"_links":{"self":[{"href":"https:\/\/medicinasinc.com\/ro\/wp-json\/wp\/v2\/product\/4576","targetHints":{"allow":["GET"]}}],"collection":[{"href":"https:\/\/medicinasinc.com\/ro\/wp-json\/wp\/v2\/product"}],"about":[{"href":"https:\/\/medicinasinc.com\/ro\/wp-json\/wp\/v2\/types\/product"}],"replies":[{"embeddable":true,"href":"https:\/\/medicinasinc.com\/ro\/wp-json\/wp\/v2\/comments?post=4576"}],"wp:featuredmedia":[{"embeddable":true,"href":"https:\/\/medicinasinc.com\/ro\/wp-json\/wp\/v2\/media\/4589"}],"wp:attachment":[{"href":"https:\/\/medicinasinc.com\/ro\/wp-json\/wp\/v2\/media?parent=4576"}],"wp:term":[{"taxonomy":"product_brand","embeddable":true,"href":"https:\/\/medicinasinc.com\/ro\/wp-json\/wp\/v2\/product_brand?post=4576"},{"taxonomy":"product_cat","embeddable":true,"href":"https:\/\/medicinasinc.com\/ro\/wp-json\/wp\/v2\/product_cat?post=4576"},{"taxonomy":"product_tag","embeddable":true,"href":"https:\/\/medicinasinc.com\/ro\/wp-json\/wp\/v2\/product_tag?post=4576"}],"curies":[{"name":"wp","href":"https:\/\/api.w.org\/{rel}","templated":true}]}}