{"id":4553,"date":"2022-02-20T10:45:15","date_gmt":"2022-02-20T10:45:15","guid":{"rendered":"https:\/\/medicinasinc.com\/ro\/?post_type=product&#038;p=4553"},"modified":"2022-03-22T01:19:51","modified_gmt":"2022-03-22T01:19:51","slug":"cumpara-pastile-roz-flugel-250mg-ecstasy","status":"publish","type":"product","link":"https:\/\/medicinasinc.com\/ro\/product\/cumpara-pastile-roz-flugel-250mg-ecstasy\/","title":{"rendered":"Cump\u0103ra\u021bi pastile de ecstasy roz flels 250mg"},"content":{"rendered":"<p>Achizi\u021bie online de pastile de ecstasy de 250mg de flugels roz<\/p>\n<p>pilulele de flugels roz, raport de pilule de flugels roz, ce sunt flugels roz, pastile de flugels roz, extaz de flugels roz \u0219i c\u00e2t de mult mdma este \u00een flugels<\/p>\n<div class=\"product-next-previous\">\n<div class=\"product-prev\"><\/div><\/div>\n","protected":false},"excerpt":{"rendered":"<p>Cump\u0103ra\u021bi online pastile de ecstasy Pink Flugels 250mg.<\/p>\n<p><em>Cump\u0103ra\u021bi Pink Flugels 250mg<\/em>\u00a0XTC\u00a0<em>Pilules<\/em>\u00a0la cel mai bun pre\u021b de pe pia\u021b\u0103. Toate produsele noastre sunt realizate cu ingrediente naturale pure, f\u0103r\u0103 THC. Comanda online acum!<\/p>\n","protected":false},"featured_media":4571,"comment_status":"open","ping_status":"closed","template":"","meta":[],"product_brand":[],"product_cat":[498],"product_tag":[548,553,551,550,552,549],"class_list":{"0":"post-4553","1":"product","2":"type-product","3":"status-publish","4":"has-post-thumbnail","6":"product_cat-cumpr-pastile-ecstasy","7":"product_tag-ct-de-mdma-sunt-n-flugel-roz","8":"product_tag-ce-sunt-flugelele-roz","9":"product_tag-roz-flugel-extaz","10":"product_tag-roz-flugels","11":"product_tag-roz-flugel-pastile","12":"product_tag-pill-report-pink-flugels","14":"first","15":"instock","16":"shipping-taxable","17":"purchasable","18":"product-type-variable","19":"has-default-attributes"},"yoast_head":"<!-- This site is optimized with the Yoast SEO plugin v27.3 - https:\/\/yoast.com\/product\/yoast-seo-wordpress\/ -->\n<title>Cump\u0103ra\u021bi pastile de ecstasy roz flels 250mg - Best Best Global Meds<\/title>\n<meta name=\"description\" content=\"Cump\u0103ra\u021bi Pink Flugels 250mg XTC Pills Marea Britanie, Europa la cel mai bun pre\u021b de pia\u021b\u0103. Toate produsele noastre sunt realizate cu ingrediente naturale pure, f\u0103r\u0103 THC. Comanda online acum!\" \/>\n<meta name=\"robots\" content=\"index, follow, max-snippet:-1, max-image-preview:large, max-video-preview:-1\" \/>\n<link rel=\"canonical\" href=\"https:\/\/medicinasinc.com\/ro\/product\/cumpara-pastile-roz-flugel-250mg-ecstasy\/\" \/>\n<meta property=\"og:locale\" content=\"en_US\" \/>\n<meta property=\"og:type\" content=\"article\" \/>\n<meta property=\"og:title\" content=\"Cump\u0103ra\u021bi pastile de ecstasy roz flels 250mg - Best Best Global Meds\" \/>\n<meta property=\"og:description\" content=\"Cump\u0103ra\u021bi Pink Flugels 250mg XTC Pills Marea Britanie, Europa la cel mai bun pre\u021b de pia\u021b\u0103. Toate produsele noastre sunt realizate cu ingrediente naturale pure, f\u0103r\u0103 THC. Comanda online acum!\" \/>\n<meta property=\"og:url\" content=\"https:\/\/medicinasinc.com\/ro\/product\/cumpara-pastile-roz-flugel-250mg-ecstasy\/\" \/>\n<meta property=\"og:site_name\" content=\"Medicinas Inc\" \/>\n<meta property=\"article:modified_time\" content=\"2022-03-22T01:19:51+00:00\" \/>\n<meta property=\"og:image\" content=\"https:\/\/medicinasinc.com\/ro\/wp-content\/uploads\/sites\/11\/2022\/02\/buy-pink-flugels-250mg-ecstasy-pills-online.jpg\" \/>\n\t<meta property=\"og:image:width\" content=\"600\" \/>\n\t<meta property=\"og:image:height\" content=\"600\" \/>\n\t<meta property=\"og:image:type\" content=\"image\/jpeg\" \/>\n<meta name=\"twitter:card\" content=\"summary_large_image\" \/>\n<meta name=\"twitter:label1\" content=\"Est. reading time\" \/>\n\t<meta name=\"twitter:data1\" content=\"1 minute\" \/>\n<script type=\"application\/ld+json\" class=\"yoast-schema-graph\">{\"@context\":\"https:\\\/\\\/schema.org\",\"@graph\":[{\"@type\":\"WebPage\",\"@id\":\"https:\\\/\\\/medicinasinc.com\\\/ro\\\/product\\\/cumpara-pastile-roz-flugel-250mg-ecstasy\\\/\",\"url\":\"https:\\\/\\\/medicinasinc.com\\\/ro\\\/product\\\/cumpara-pastile-roz-flugel-250mg-ecstasy\\\/\",\"name\":\"Cump\u0103ra\u021bi pastile de ecstasy roz flels 250mg - Best Best Global Meds\",\"isPartOf\":{\"@id\":\"https:\\\/\\\/medicinasinc.com\\\/ro\\\/#website\"},\"primaryImageOfPage\":{\"@id\":\"https:\\\/\\\/medicinasinc.com\\\/ro\\\/product\\\/cumpara-pastile-roz-flugel-250mg-ecstasy\\\/#primaryimage\"},\"image\":{\"@id\":\"https:\\\/\\\/medicinasinc.com\\\/ro\\\/product\\\/cumpara-pastile-roz-flugel-250mg-ecstasy\\\/#primaryimage\"},\"thumbnailUrl\":\"https:\\\/\\\/medicinasinc.com\\\/ro\\\/wp-content\\\/uploads\\\/sites\\\/11\\\/2022\\\/02\\\/buy-pink-flugels-250mg-ecstasy-pills-online.jpg\",\"datePublished\":\"2022-02-20T10:45:15+00:00\",\"dateModified\":\"2022-03-22T01:19:51+00:00\",\"description\":\"Cump\u0103ra\u021bi Pink Flugels 250mg XTC Pills Marea Britanie, Europa la cel mai bun pre\u021b de pia\u021b\u0103. Toate produsele noastre sunt realizate cu ingrediente naturale pure, f\u0103r\u0103 THC. Comanda online acum!\",\"breadcrumb\":{\"@id\":\"https:\\\/\\\/medicinasinc.com\\\/ro\\\/product\\\/cumpara-pastile-roz-flugel-250mg-ecstasy\\\/#breadcrumb\"},\"inLanguage\":\"en-US\",\"potentialAction\":[{\"@type\":\"ReadAction\",\"target\":[\"https:\\\/\\\/medicinasinc.com\\\/ro\\\/product\\\/cumpara-pastile-roz-flugel-250mg-ecstasy\\\/\"]}]},{\"@type\":\"ImageObject\",\"inLanguage\":\"en-US\",\"@id\":\"https:\\\/\\\/medicinasinc.com\\\/ro\\\/product\\\/cumpara-pastile-roz-flugel-250mg-ecstasy\\\/#primaryimage\",\"url\":\"https:\\\/\\\/medicinasinc.com\\\/ro\\\/wp-content\\\/uploads\\\/sites\\\/11\\\/2022\\\/02\\\/buy-pink-flugels-250mg-ecstasy-pills-online.jpg\",\"contentUrl\":\"https:\\\/\\\/medicinasinc.com\\\/ro\\\/wp-content\\\/uploads\\\/sites\\\/11\\\/2022\\\/02\\\/buy-pink-flugels-250mg-ecstasy-pills-online.jpg\",\"width\":600,\"height\":600},{\"@type\":\"BreadcrumbList\",\"@id\":\"https:\\\/\\\/medicinasinc.com\\\/ro\\\/product\\\/cumpara-pastile-roz-flugel-250mg-ecstasy\\\/#breadcrumb\",\"itemListElement\":[{\"@type\":\"ListItem\",\"position\":1,\"name\":\"Magazin\",\"item\":\"https:\\\/\\\/medicinasinc.com\\\/ro\\\/magazin\\\/\"},{\"@type\":\"ListItem\",\"position\":2,\"name\":\"Cump\u0103ra\u021bi pastile de ecstasy roz flels 250mg\"}]},{\"@type\":\"WebSite\",\"@id\":\"https:\\\/\\\/medicinasinc.com\\\/ro\\\/#website\",\"url\":\"https:\\\/\\\/medicinasinc.com\\\/ro\\\/\",\"name\":\"Medicinas Inc\",\"description\":\"Health Medical Clinic\",\"potentialAction\":[{\"@type\":\"SearchAction\",\"target\":{\"@type\":\"EntryPoint\",\"urlTemplate\":\"https:\\\/\\\/medicinasinc.com\\\/ro\\\/?s={search_term_string}\"},\"query-input\":{\"@type\":\"PropertyValueSpecification\",\"valueRequired\":true,\"valueName\":\"search_term_string\"}}],\"inLanguage\":\"en-US\"}]}<\/script>\n<!-- \/ Yoast SEO plugin. -->","yoast_head_json":{"title":"Cump\u0103ra\u021bi pastile de ecstasy roz flels 250mg - Best Best Global Meds","description":"Cump\u0103ra\u021bi Pink Flugels 250mg XTC Pills Marea Britanie, Europa la cel mai bun pre\u021b de pia\u021b\u0103. Toate produsele noastre sunt realizate cu ingrediente naturale pure, f\u0103r\u0103 THC. Comanda online acum!","robots":{"index":"index","follow":"follow","max-snippet":"max-snippet:-1","max-image-preview":"max-image-preview:large","max-video-preview":"max-video-preview:-1"},"canonical":"https:\/\/medicinasinc.com\/ro\/product\/cumpara-pastile-roz-flugel-250mg-ecstasy\/","og_locale":"en_US","og_type":"article","og_title":"Cump\u0103ra\u021bi pastile de ecstasy roz flels 250mg - Best Best Global Meds","og_description":"Cump\u0103ra\u021bi Pink Flugels 250mg XTC Pills Marea Britanie, Europa la cel mai bun pre\u021b de pia\u021b\u0103. Toate produsele noastre sunt realizate cu ingrediente naturale pure, f\u0103r\u0103 THC. Comanda online acum!","og_url":"https:\/\/medicinasinc.com\/ro\/product\/cumpara-pastile-roz-flugel-250mg-ecstasy\/","og_site_name":"Medicinas Inc","article_modified_time":"2022-03-22T01:19:51+00:00","og_image":[{"width":600,"height":600,"url":"https:\/\/medicinasinc.com\/ro\/wp-content\/uploads\/sites\/11\/2022\/02\/buy-pink-flugels-250mg-ecstasy-pills-online.jpg","type":"image\/jpeg"}],"twitter_card":"summary_large_image","twitter_misc":{"Est. reading time":"1 minute"},"schema":{"@context":"https:\/\/schema.org","@graph":[{"@type":"WebPage","@id":"https:\/\/medicinasinc.com\/ro\/product\/cumpara-pastile-roz-flugel-250mg-ecstasy\/","url":"https:\/\/medicinasinc.com\/ro\/product\/cumpara-pastile-roz-flugel-250mg-ecstasy\/","name":"Cump\u0103ra\u021bi pastile de ecstasy roz flels 250mg - Best Best Global Meds","isPartOf":{"@id":"https:\/\/medicinasinc.com\/ro\/#website"},"primaryImageOfPage":{"@id":"https:\/\/medicinasinc.com\/ro\/product\/cumpara-pastile-roz-flugel-250mg-ecstasy\/#primaryimage"},"image":{"@id":"https:\/\/medicinasinc.com\/ro\/product\/cumpara-pastile-roz-flugel-250mg-ecstasy\/#primaryimage"},"thumbnailUrl":"https:\/\/medicinasinc.com\/ro\/wp-content\/uploads\/sites\/11\/2022\/02\/buy-pink-flugels-250mg-ecstasy-pills-online.jpg","datePublished":"2022-02-20T10:45:15+00:00","dateModified":"2022-03-22T01:19:51+00:00","description":"Cump\u0103ra\u021bi Pink Flugels 250mg XTC Pills Marea Britanie, Europa la cel mai bun pre\u021b de pia\u021b\u0103. Toate produsele noastre sunt realizate cu ingrediente naturale pure, f\u0103r\u0103 THC. Comanda online acum!","breadcrumb":{"@id":"https:\/\/medicinasinc.com\/ro\/product\/cumpara-pastile-roz-flugel-250mg-ecstasy\/#breadcrumb"},"inLanguage":"en-US","potentialAction":[{"@type":"ReadAction","target":["https:\/\/medicinasinc.com\/ro\/product\/cumpara-pastile-roz-flugel-250mg-ecstasy\/"]}]},{"@type":"ImageObject","inLanguage":"en-US","@id":"https:\/\/medicinasinc.com\/ro\/product\/cumpara-pastile-roz-flugel-250mg-ecstasy\/#primaryimage","url":"https:\/\/medicinasinc.com\/ro\/wp-content\/uploads\/sites\/11\/2022\/02\/buy-pink-flugels-250mg-ecstasy-pills-online.jpg","contentUrl":"https:\/\/medicinasinc.com\/ro\/wp-content\/uploads\/sites\/11\/2022\/02\/buy-pink-flugels-250mg-ecstasy-pills-online.jpg","width":600,"height":600},{"@type":"BreadcrumbList","@id":"https:\/\/medicinasinc.com\/ro\/product\/cumpara-pastile-roz-flugel-250mg-ecstasy\/#breadcrumb","itemListElement":[{"@type":"ListItem","position":1,"name":"Magazin","item":"https:\/\/medicinasinc.com\/ro\/magazin\/"},{"@type":"ListItem","position":2,"name":"Cump\u0103ra\u021bi pastile de ecstasy roz flels 250mg"}]},{"@type":"WebSite","@id":"https:\/\/medicinasinc.com\/ro\/#website","url":"https:\/\/medicinasinc.com\/ro\/","name":"Medicinas Inc","description":"Health Medical Clinic","potentialAction":[{"@type":"SearchAction","target":{"@type":"EntryPoint","urlTemplate":"https:\/\/medicinasinc.com\/ro\/?s={search_term_string}"},"query-input":{"@type":"PropertyValueSpecification","valueRequired":true,"valueName":"search_term_string"}}],"inLanguage":"en-US"}]}},"_links":{"self":[{"href":"https:\/\/medicinasinc.com\/ro\/wp-json\/wp\/v2\/product\/4553","targetHints":{"allow":["GET"]}}],"collection":[{"href":"https:\/\/medicinasinc.com\/ro\/wp-json\/wp\/v2\/product"}],"about":[{"href":"https:\/\/medicinasinc.com\/ro\/wp-json\/wp\/v2\/types\/product"}],"replies":[{"embeddable":true,"href":"https:\/\/medicinasinc.com\/ro\/wp-json\/wp\/v2\/comments?post=4553"}],"wp:featuredmedia":[{"embeddable":true,"href":"https:\/\/medicinasinc.com\/ro\/wp-json\/wp\/v2\/media\/4571"}],"wp:attachment":[{"href":"https:\/\/medicinasinc.com\/ro\/wp-json\/wp\/v2\/media?parent=4553"}],"wp:term":[{"taxonomy":"product_brand","embeddable":true,"href":"https:\/\/medicinasinc.com\/ro\/wp-json\/wp\/v2\/product_brand?post=4553"},{"taxonomy":"product_cat","embeddable":true,"href":"https:\/\/medicinasinc.com\/ro\/wp-json\/wp\/v2\/product_cat?post=4553"},{"taxonomy":"product_tag","embeddable":true,"href":"https:\/\/medicinasinc.com\/ro\/wp-json\/wp\/v2\/product_tag?post=4553"}],"curies":[{"name":"wp","href":"https:\/\/api.w.org\/{rel}","templated":true}]}}