{"id":4535,"date":"2022-02-20T10:31:14","date_gmt":"2022-02-20T10:31:14","guid":{"rendered":"https:\/\/medicinasinc.com\/ro\/?post_type=product&#038;p=4535"},"modified":"2022-03-22T01:20:12","modified_gmt":"2022-03-22T01:20:12","slug":"cumpara-gri-bugatti-mdma-pastile","status":"publish","type":"product","link":"https:\/\/medicinasinc.com\/ro\/product\/cumpara-gri-bugatti-mdma-pastile\/","title":{"rendered":"Cump\u0103ra\u021bi pastile Grey Bugatti MDMA"},"content":{"rendered":"<p>CUMP\u0102R\u0102 ONLINE PASTILULE GREY BUGATTI MDMA<\/p>\n<p>MDMA (Methamphetamine-Methylenedioxymethamphetamine) este un stimulent sintetic care modific\u0103 percep\u021bia \u0219i starea de spirit (con\u0219tientizarea condi\u021biilor \u0219i obiectelor din jur). Din punct de vedere chimic, este similar cu halucinogenele \u0219i stimulentele, provoc\u00e2nd sentimente de pl\u0103cere crescut\u0103, energie, c\u0103ldur\u0103 emo\u021bional\u0103, percep\u021bie a timpului \u0219i percep\u021bie senzorial\u0103 distorsionat\u0103. Cump\u0103ra\u021bi MDMA pur online.<\/p>\n<p>MDMA a fost ini\u021bial popular la petrecerile de dans toat\u0103 noaptea \u0219i \u00een scena cluburilor de noapte, dar drogul afecteaz\u0103 acum un grup divers de oameni care se refer\u0103 la el ca Molly sau Ecstasy. Achizi\u021bie online de pastile Grey Bugatti MDMA<\/p>\n<p>Ecstasy este un medicament stimulant care are poten\u021bialul de a provoca halucina\u021bii. Indivizii sunt denumi\u021bi un medicament de design deoarece fac ca o persoan\u0103 s\u0103 se simt\u0103 relaxat\u0103, energizat\u0103 \u0219i ridicat\u0103. Medicamentul este deosebit de popular printre tinerii adul\u021bi \u0219i adolescen\u021bii care particip\u0103 la concerte, cluburi \u0219i petreceri \u201erave\u201d. Cump\u0103ra\u021bi mdma online<\/p>\n<p>Extazul este adesea denumit \u201epilula dragostei\u201d, deoarece \u00eembun\u0103t\u0103\u021be\u0219te percep\u021bia sunetului \u0219i a culorii \u0219i se presupune c\u0103 amplific\u0103 senza\u021biile atunci c\u00e2nd cineva \u00eel m\u00e2ng\u00e2ie sau atinge pe altul, mai ales \u00een timpul sexului. De asemenea, pute\u021bi cump\u0103ra Viagra pentru performan\u021be sexuale \u00eembun\u0103t\u0103\u021bite.<\/p>\n<p>Utilizatorii cred c\u0103 medicamentul \u00eei va face s\u0103 se simt\u0103 relaxa\u021bi \u0219i bine \u0219i \u00eei va men\u021bine \u00een via\u021b\u0103 zile \u00eentregi f\u0103r\u0103 odihn\u0103. Persoanele care folosesc Ecstasy nu cunosc pericolele asociate cu acest medicament. De unde pot cump\u0103ra pur Mdma online?<\/p>\n<p>Ecstasy a devenit unul dintre cele mai disponibile droguri stradale. Ecstasy ne-a trimis pe c\u00e2\u021biva dintre noi la camerele de urgen\u021b\u0103 \u00een ultimii doi ani datorit\u0103 efectelor sale secundare periculoase. Comand\u0103 MDMA \u00een Uniunea European\u0103, pot cump\u0103ra MDMA online, MDMA en-gros online, MDMA pur de v\u00e2nzare online, MDMA real de v\u00e2nzare online \u00een Statele Unite ale Americii<\/p>\n","protected":false},"excerpt":{"rendered":"<p>Cump\u0103ra\u021bi pastile Grey Bugatti MDMA de v\u00e2nzare online la cel mai bun pre\u021b. Garant\u0103m transport \u00een toat\u0103 lumea \u00een siguran\u021b\u0103 \u0219i securizat. Comanda\u021bi MDMA \u00een UE, pot cump\u0103ra MDMA online, MDMA en-gros online<\/p>\n<p><em>Cump\u0103ra\u021bi pastile Grey Bugatti MDMA<\/em>\u00a0Online la cel mai bun pre\u021b. Garant\u0103m transport \u00een toat\u0103 lumea \u00een siguran\u021b\u0103 \u0219i securizat. Trimite\u021bi-ne WhatsApp acum<\/p>\n","protected":false},"featured_media":4558,"comment_status":"open","ping_status":"closed","template":"","meta":[],"product_brand":[],"product_cat":[498],"product_tag":[499,500,503,508,530,525,540,510,504,501,505,502,507,506,544,545,546,547,511,528,509,529,512,513,514,515,516,517,520,518,519,521,522,523,524,527,532,542,536,539,533,537,531,541,543,534,526,535,538],"class_list":{"0":"post-4535","1":"product","2":"type-product","3":"status-publish","4":"has-post-thumbnail","6":"product_cat-cumpr-pastile-ecstasy","7":"product_tag-buy-gray-bugatti-mdma-pills-online","8":"product_tag-buy-mdma","9":"product_tag-buy-mdma-pills-online","10":"product_tag-can-i-order-mdma-online","11":"product_tag-mdma-comanda-online","12":"product_tag-comanda-mdma-online","13":"product_tag-comanda-pur-mdma-online","14":"product_tag-cum-a-comand-mdma","15":"product_tag-cumpr-molly-online","16":"product_tag-buy-mdma-online","17":"product_tag-cumpr-mollymdma-online","18":"product_tag-cumpara-mdma-pastile","19":"product_tag-cumprare-cercetare-chimice-online","20":"product_tag-buy-pure-mdma-online","21":"product_tag-de-unde-s-cumprm-pastile-mdma","22":"product_tag-unde-s-cumprm-pastile-mdma-online","23":"product_tag-unde-s-cumprm-pur-mdma-online","24":"product_tag-unde-s-cumprm-pur-molly-online","25":"product_tag-droguri-ilegale-de-vanzare-online-mdma","26":"product_tag-vnztori-mdma-online","27":"product_tag-get-mdma-online","28":"product_tag-mdma-online-shop","29":"product_tag-mdma","30":"product_tag-mdma-100mg","31":"product_tag-mdma-1g","32":"product_tag-mdma-3-4-metilendioxi-n-metilamfetamina","33":"product_tag-mdma-3g","34":"product_tag-mdma-de-vnzare","35":"product_tag-mdma-de-vnzare-comanda-online","36":"product_tag-mdma-de-vnzare-online","37":"product_tag-mdma-de-vnzare-online-sua","38":"product_tag-mdma-molly","39":"product_tag-mdma-molly-cristale","40":"product_tag-mdma-molly-de-vanzare","41":"product_tag-mdma-molly-pudra","42":"product_tag-mdma-online-sales","43":"product_tag-mdma-pill","44":"product_tag-pure-mdma-de-vnzare-online","45":"product_tag-molly-mdma-pulbere","46":"product_tag-order-mdma-online","47":"product_tag-pastile-mdma-de-vanzare-online","48":"product_tag-pe-net","49":"product_tag-mdma-pics","50":"product_tag-pure-mdma","51":"product_tag-real-mdma-for-sale-online","52":"product_tag-mdma-sale","53":"product_tag-mdma-online-sale","54":"product_tag-mdma-vanzari","55":"product_tag-online-mdma-vanzari","57":"first","58":"instock","59":"shipping-taxable","60":"purchasable","61":"product-type-variable","62":"has-default-attributes"},"yoast_head":"<!-- This site is optimized with the Yoast SEO plugin v27.3 - https:\/\/yoast.com\/product\/yoast-seo-wordpress\/ -->\n<title>Cump\u0103ra\u021bi pastile Grey Bugatti MDMA - Cele mai bune medicamente globale<\/title>\n<meta name=\"description\" content=\"Cump\u0103ra\u021bi pastile Grey Bugatti MDMA de v\u00e2nzare online la cel mai bun pre\u021b. Garant\u0103m transport \u00een toat\u0103 lumea \u00een siguran\u021b\u0103 \u0219i securizat. Comand\u0103 MDMA \u00een UE, pot cump\u0103ra MDMA online, MDMA cu ridicata online\" \/>\n<meta name=\"robots\" content=\"index, follow, max-snippet:-1, max-image-preview:large, max-video-preview:-1\" \/>\n<link rel=\"canonical\" href=\"https:\/\/medicinasinc.com\/ro\/product\/cumpara-gri-bugatti-mdma-pastile\/\" \/>\n<meta property=\"og:locale\" content=\"en_US\" \/>\n<meta property=\"og:type\" content=\"article\" \/>\n<meta property=\"og:title\" content=\"Cump\u0103ra\u021bi pastile Grey Bugatti MDMA - Cele mai bune medicamente globale\" \/>\n<meta property=\"og:description\" content=\"Cump\u0103ra\u021bi pastile Grey Bugatti MDMA de v\u00e2nzare online la cel mai bun pre\u021b. Garant\u0103m transport \u00een toat\u0103 lumea \u00een siguran\u021b\u0103 \u0219i securizat. Comand\u0103 MDMA \u00een UE, pot cump\u0103ra MDMA online, MDMA cu ridicata online\" \/>\n<meta property=\"og:url\" content=\"https:\/\/medicinasinc.com\/ro\/product\/cumpara-gri-bugatti-mdma-pastile\/\" \/>\n<meta property=\"og:site_name\" content=\"Medicinas Inc\" \/>\n<meta property=\"article:modified_time\" content=\"2022-03-22T01:20:12+00:00\" \/>\n<meta property=\"og:image\" content=\"https:\/\/medicinasinc.com\/ro\/wp-content\/uploads\/sites\/11\/2022\/02\/buy-gray-bugatti-mdma-pills-online.jpg\" \/>\n\t<meta property=\"og:image:width\" content=\"600\" \/>\n\t<meta property=\"og:image:height\" content=\"600\" \/>\n\t<meta property=\"og:image:type\" content=\"image\/jpeg\" \/>\n<meta name=\"twitter:card\" content=\"summary_large_image\" \/>\n<meta name=\"twitter:label1\" content=\"Est. reading time\" \/>\n\t<meta name=\"twitter:data1\" content=\"2 minutes\" \/>\n<script type=\"application\/ld+json\" class=\"yoast-schema-graph\">{\"@context\":\"https:\\\/\\\/schema.org\",\"@graph\":[{\"@type\":\"WebPage\",\"@id\":\"https:\\\/\\\/medicinasinc.com\\\/ro\\\/product\\\/cumpara-gri-bugatti-mdma-pastile\\\/\",\"url\":\"https:\\\/\\\/medicinasinc.com\\\/ro\\\/product\\\/cumpara-gri-bugatti-mdma-pastile\\\/\",\"name\":\"Cump\u0103ra\u021bi pastile Grey Bugatti MDMA - Cele mai bune medicamente globale\",\"isPartOf\":{\"@id\":\"https:\\\/\\\/medicinasinc.com\\\/ro\\\/#website\"},\"primaryImageOfPage\":{\"@id\":\"https:\\\/\\\/medicinasinc.com\\\/ro\\\/product\\\/cumpara-gri-bugatti-mdma-pastile\\\/#primaryimage\"},\"image\":{\"@id\":\"https:\\\/\\\/medicinasinc.com\\\/ro\\\/product\\\/cumpara-gri-bugatti-mdma-pastile\\\/#primaryimage\"},\"thumbnailUrl\":\"https:\\\/\\\/medicinasinc.com\\\/ro\\\/wp-content\\\/uploads\\\/sites\\\/11\\\/2022\\\/02\\\/buy-gray-bugatti-mdma-pills-online.jpg\",\"datePublished\":\"2022-02-20T10:31:14+00:00\",\"dateModified\":\"2022-03-22T01:20:12+00:00\",\"description\":\"Cump\u0103ra\u021bi pastile Grey Bugatti MDMA de v\u00e2nzare online la cel mai bun pre\u021b. Garant\u0103m transport \u00een toat\u0103 lumea \u00een siguran\u021b\u0103 \u0219i securizat. Comand\u0103 MDMA \u00een UE, pot cump\u0103ra MDMA online, MDMA cu ridicata online\",\"breadcrumb\":{\"@id\":\"https:\\\/\\\/medicinasinc.com\\\/ro\\\/product\\\/cumpara-gri-bugatti-mdma-pastile\\\/#breadcrumb\"},\"inLanguage\":\"en-US\",\"potentialAction\":[{\"@type\":\"ReadAction\",\"target\":[\"https:\\\/\\\/medicinasinc.com\\\/ro\\\/product\\\/cumpara-gri-bugatti-mdma-pastile\\\/\"]}]},{\"@type\":\"ImageObject\",\"inLanguage\":\"en-US\",\"@id\":\"https:\\\/\\\/medicinasinc.com\\\/ro\\\/product\\\/cumpara-gri-bugatti-mdma-pastile\\\/#primaryimage\",\"url\":\"https:\\\/\\\/medicinasinc.com\\\/ro\\\/wp-content\\\/uploads\\\/sites\\\/11\\\/2022\\\/02\\\/buy-gray-bugatti-mdma-pills-online.jpg\",\"contentUrl\":\"https:\\\/\\\/medicinasinc.com\\\/ro\\\/wp-content\\\/uploads\\\/sites\\\/11\\\/2022\\\/02\\\/buy-gray-bugatti-mdma-pills-online.jpg\",\"width\":600,\"height\":600},{\"@type\":\"BreadcrumbList\",\"@id\":\"https:\\\/\\\/medicinasinc.com\\\/ro\\\/product\\\/cumpara-gri-bugatti-mdma-pastile\\\/#breadcrumb\",\"itemListElement\":[{\"@type\":\"ListItem\",\"position\":1,\"name\":\"Magazin\",\"item\":\"https:\\\/\\\/medicinasinc.com\\\/ro\\\/magazin\\\/\"},{\"@type\":\"ListItem\",\"position\":2,\"name\":\"Cump\u0103ra\u021bi pastile Grey Bugatti MDMA\"}]},{\"@type\":\"WebSite\",\"@id\":\"https:\\\/\\\/medicinasinc.com\\\/ro\\\/#website\",\"url\":\"https:\\\/\\\/medicinasinc.com\\\/ro\\\/\",\"name\":\"Medicinas Inc\",\"description\":\"Health Medical Clinic\",\"potentialAction\":[{\"@type\":\"SearchAction\",\"target\":{\"@type\":\"EntryPoint\",\"urlTemplate\":\"https:\\\/\\\/medicinasinc.com\\\/ro\\\/?s={search_term_string}\"},\"query-input\":{\"@type\":\"PropertyValueSpecification\",\"valueRequired\":true,\"valueName\":\"search_term_string\"}}],\"inLanguage\":\"en-US\"}]}<\/script>\n<!-- \/ Yoast SEO plugin. -->","yoast_head_json":{"title":"Cump\u0103ra\u021bi pastile Grey Bugatti MDMA - Cele mai bune medicamente globale","description":"Cump\u0103ra\u021bi pastile Grey Bugatti MDMA de v\u00e2nzare online la cel mai bun pre\u021b. Garant\u0103m transport \u00een toat\u0103 lumea \u00een siguran\u021b\u0103 \u0219i securizat. Comand\u0103 MDMA \u00een UE, pot cump\u0103ra MDMA online, MDMA cu ridicata online","robots":{"index":"index","follow":"follow","max-snippet":"max-snippet:-1","max-image-preview":"max-image-preview:large","max-video-preview":"max-video-preview:-1"},"canonical":"https:\/\/medicinasinc.com\/ro\/product\/cumpara-gri-bugatti-mdma-pastile\/","og_locale":"en_US","og_type":"article","og_title":"Cump\u0103ra\u021bi pastile Grey Bugatti MDMA - Cele mai bune medicamente globale","og_description":"Cump\u0103ra\u021bi pastile Grey Bugatti MDMA de v\u00e2nzare online la cel mai bun pre\u021b. Garant\u0103m transport \u00een toat\u0103 lumea \u00een siguran\u021b\u0103 \u0219i securizat. Comand\u0103 MDMA \u00een UE, pot cump\u0103ra MDMA online, MDMA cu ridicata online","og_url":"https:\/\/medicinasinc.com\/ro\/product\/cumpara-gri-bugatti-mdma-pastile\/","og_site_name":"Medicinas Inc","article_modified_time":"2022-03-22T01:20:12+00:00","og_image":[{"width":600,"height":600,"url":"https:\/\/medicinasinc.com\/ro\/wp-content\/uploads\/sites\/11\/2022\/02\/buy-gray-bugatti-mdma-pills-online.jpg","type":"image\/jpeg"}],"twitter_card":"summary_large_image","twitter_misc":{"Est. reading time":"2 minutes"},"schema":{"@context":"https:\/\/schema.org","@graph":[{"@type":"WebPage","@id":"https:\/\/medicinasinc.com\/ro\/product\/cumpara-gri-bugatti-mdma-pastile\/","url":"https:\/\/medicinasinc.com\/ro\/product\/cumpara-gri-bugatti-mdma-pastile\/","name":"Cump\u0103ra\u021bi pastile Grey Bugatti MDMA - Cele mai bune medicamente globale","isPartOf":{"@id":"https:\/\/medicinasinc.com\/ro\/#website"},"primaryImageOfPage":{"@id":"https:\/\/medicinasinc.com\/ro\/product\/cumpara-gri-bugatti-mdma-pastile\/#primaryimage"},"image":{"@id":"https:\/\/medicinasinc.com\/ro\/product\/cumpara-gri-bugatti-mdma-pastile\/#primaryimage"},"thumbnailUrl":"https:\/\/medicinasinc.com\/ro\/wp-content\/uploads\/sites\/11\/2022\/02\/buy-gray-bugatti-mdma-pills-online.jpg","datePublished":"2022-02-20T10:31:14+00:00","dateModified":"2022-03-22T01:20:12+00:00","description":"Cump\u0103ra\u021bi pastile Grey Bugatti MDMA de v\u00e2nzare online la cel mai bun pre\u021b. Garant\u0103m transport \u00een toat\u0103 lumea \u00een siguran\u021b\u0103 \u0219i securizat. Comand\u0103 MDMA \u00een UE, pot cump\u0103ra MDMA online, MDMA cu ridicata online","breadcrumb":{"@id":"https:\/\/medicinasinc.com\/ro\/product\/cumpara-gri-bugatti-mdma-pastile\/#breadcrumb"},"inLanguage":"en-US","potentialAction":[{"@type":"ReadAction","target":["https:\/\/medicinasinc.com\/ro\/product\/cumpara-gri-bugatti-mdma-pastile\/"]}]},{"@type":"ImageObject","inLanguage":"en-US","@id":"https:\/\/medicinasinc.com\/ro\/product\/cumpara-gri-bugatti-mdma-pastile\/#primaryimage","url":"https:\/\/medicinasinc.com\/ro\/wp-content\/uploads\/sites\/11\/2022\/02\/buy-gray-bugatti-mdma-pills-online.jpg","contentUrl":"https:\/\/medicinasinc.com\/ro\/wp-content\/uploads\/sites\/11\/2022\/02\/buy-gray-bugatti-mdma-pills-online.jpg","width":600,"height":600},{"@type":"BreadcrumbList","@id":"https:\/\/medicinasinc.com\/ro\/product\/cumpara-gri-bugatti-mdma-pastile\/#breadcrumb","itemListElement":[{"@type":"ListItem","position":1,"name":"Magazin","item":"https:\/\/medicinasinc.com\/ro\/magazin\/"},{"@type":"ListItem","position":2,"name":"Cump\u0103ra\u021bi pastile Grey Bugatti MDMA"}]},{"@type":"WebSite","@id":"https:\/\/medicinasinc.com\/ro\/#website","url":"https:\/\/medicinasinc.com\/ro\/","name":"Medicinas Inc","description":"Health Medical Clinic","potentialAction":[{"@type":"SearchAction","target":{"@type":"EntryPoint","urlTemplate":"https:\/\/medicinasinc.com\/ro\/?s={search_term_string}"},"query-input":{"@type":"PropertyValueSpecification","valueRequired":true,"valueName":"search_term_string"}}],"inLanguage":"en-US"}]}},"_links":{"self":[{"href":"https:\/\/medicinasinc.com\/ro\/wp-json\/wp\/v2\/product\/4535","targetHints":{"allow":["GET"]}}],"collection":[{"href":"https:\/\/medicinasinc.com\/ro\/wp-json\/wp\/v2\/product"}],"about":[{"href":"https:\/\/medicinasinc.com\/ro\/wp-json\/wp\/v2\/types\/product"}],"replies":[{"embeddable":true,"href":"https:\/\/medicinasinc.com\/ro\/wp-json\/wp\/v2\/comments?post=4535"}],"wp:featuredmedia":[{"embeddable":true,"href":"https:\/\/medicinasinc.com\/ro\/wp-json\/wp\/v2\/media\/4558"}],"wp:attachment":[{"href":"https:\/\/medicinasinc.com\/ro\/wp-json\/wp\/v2\/media?parent=4535"}],"wp:term":[{"taxonomy":"product_brand","embeddable":true,"href":"https:\/\/medicinasinc.com\/ro\/wp-json\/wp\/v2\/product_brand?post=4535"},{"taxonomy":"product_cat","embeddable":true,"href":"https:\/\/medicinasinc.com\/ro\/wp-json\/wp\/v2\/product_cat?post=4535"},{"taxonomy":"product_tag","embeddable":true,"href":"https:\/\/medicinasinc.com\/ro\/wp-json\/wp\/v2\/product_tag?post=4535"}],"curies":[{"name":"wp","href":"https:\/\/api.w.org\/{rel}","templated":true}]}}