{"id":4534,"date":"2022-02-20T10:30:39","date_gmt":"2022-02-20T10:30:39","guid":{"rendered":"https:\/\/medicinasinc.com\/ro\/?post_type=product&#038;p=4534"},"modified":"2022-03-22T01:20:22","modified_gmt":"2022-03-22T01:20:22","slug":"cumpara-stea-verde-pastile-extaz","status":"publish","type":"product","link":"https:\/\/medicinasinc.com\/ro\/product\/cumpara-stea-verde-pastile-extaz\/","title":{"rendered":"Cump\u0103ra\u021bi pastile de ecstasy Green Star"},"content":{"rendered":"<p>Ecstasy Green Star 254 mg Cump\u0103ra\u021bi online<\/p>\n<p>Pastile de ecstasy Green Star de v\u00e2nzare online.<\/p>\n<p>Ecstasy a fost conceput \u00een 1912 ca urmare a rela\u021biei de droguri a lui Merck. A fost numit \u201eMDMA\u201d datorit\u0103 structurii sale noi. A fost folosit pentru prima dat\u0103 de For\u021bele Armate ale SUA \u00een 1953 pentru teste de lupt\u0103 mental\u0103 \u0219i a fost reintrodus pentru scurt timp \u00een anii 1960 ca prescrip\u021bie de psihoterapie pentru \u201esc\u0103derea inhibi\u021biilor\u201d. 1 MDMA nu a fost folosit ca medicament pentru afaceri sociale p\u00e2n\u0103 \u00een anii 1970.<\/p>\n<p>P\u00e2n\u0103 la mijlocul anilor 1980, MDMA a fost promovat drept \u201ecel mai animat lucru din metod\u0103, cu aspect de amuzament prin \u0219tiin\u021b\u0103\u201d \u0219i ca \u201e\u00een medica\u021bie\u201d pentru petreceri de lung\u0103 durat\u0103. MDMA era \u00eenc\u0103 v\u00e2ndut sub numele de marc\u0103 \u201eDelight\u201d \u00een 1984, dar p\u00e2n\u0103 \u00een 1985, medicamentul fusese restric\u021bionat din cauza problemelor de securitate.<br \/> Ecstacy, steaua verde, poate fi deosebit de benefic\u0103 pentru cei care se confrunt\u0103 cu post-teribili. probleme cu factor presant (PTSD). Numero\u0219i pacien\u021bi nu sunt \u00een m\u0103sur\u0103 s\u0103 discute despre evenimentele sup\u0103r\u0103toare care le-au precipitat problemele. Conform acestei teorii, bucuria poate ajuta indivizii s\u0103 se confrunte cu aceste r\u0103ni.<\/p>\n<p>Doblin, 50 de ani, nu este un expert \u00een materie sau un investigator, dar are o asociere larg\u0103 cu medicina datorit\u0103 utiliz\u0103rii frecvente a acesteia. . \u201eA f\u0103cut o diferen\u021b\u0103 semnificativ\u0103 \u00een via\u021ba mea\u201d, a explicat el. De-a lungul anilor, el a recunoscut c\u0103 a r\u0103sp\u00e2ndit mesajul c\u0103 Rapture \u0219i diferitele medicamente halucinogene au implica\u021bii critice asupra s\u0103n\u0103t\u0103\u021bii.<br \/> Dac\u0103 sunte\u021bi cu adev\u0103rat \u00een c\u0103utarea unei afaceri care s\u0103 poat\u0103 livra produse de cea mai \u00eenalt\u0103 calitate, a\u021bi venit la dreapta. loc. La funda\u021bia noastr\u0103, pute\u021bi alege cele mai bune articole care v\u0103 vor ajuta s\u0103 v\u0103 construi\u021bi \u00eencrederea \u0219i s\u0103 stabili\u021bi o rela\u021bie legitim\u0103 cu noi datorit\u0103 calit\u0103\u021bii \u00eenalte a produselor noastre. Trimite\u021bi solicitarea acum \u0219i Green Star Ecstasy va fi livrat la u\u0219a dumneavoastr\u0103 \u00een termen de cinci zile lucr\u0103toare.<\/p>\n","protected":false},"excerpt":{"rendered":"<p>Cump\u0103ra\u021bi pastile de ecstasy Green Star de v\u00e2nzare online \u00een Marea Britanie, Europa. Cump\u0103ra\u021bi online pastile de ecstasy Green Star de la cel mai de \u00eencredere furnizor mdma, garant\u0103m livrare discret\u0103 \u0219i sigur\u0103<\/p>\n","protected":false},"featured_media":4557,"comment_status":"open","ping_status":"closed","template":"","meta":[],"product_brand":[],"product_cat":[498],"product_tag":[],"class_list":{"0":"post-4534","1":"product","2":"type-product","3":"status-publish","4":"has-post-thumbnail","6":"product_cat-cumpr-pastile-ecstasy","8":"first","9":"instock","10":"shipping-taxable","11":"purchasable","12":"product-type-variable","13":"has-default-attributes"},"yoast_head":"<!-- This site is optimized with the Yoast SEO plugin v27.3 - https:\/\/yoast.com\/product\/yoast-seo-wordpress\/ -->\n<title>Cump\u0103ra\u021bi pastile Green Star Ecstasy - Cele mai bune medicamente globale<\/title>\n<meta name=\"description\" content=\"Cump\u0103ra\u021bi pastile de ecstasy Green Star de v\u00e2nzare Marea Britanie, Europa Online. Cump\u0103ra\u021bi online pastile de ecstasy Green Star de la cel mai de \u00eencredere furnizor mdma, garant\u0103m livrare discret\u0103 \u0219i sigur\u0103\" \/>\n<meta name=\"robots\" content=\"index, follow, max-snippet:-1, max-image-preview:large, max-video-preview:-1\" \/>\n<link rel=\"canonical\" href=\"https:\/\/medicinasinc.com\/ro\/product\/cumpara-stea-verde-pastile-extaz\/\" \/>\n<meta property=\"og:locale\" content=\"en_US\" \/>\n<meta property=\"og:type\" content=\"article\" \/>\n<meta property=\"og:title\" content=\"Cump\u0103ra\u021bi pastile Green Star Ecstasy - Cele mai bune medicamente globale\" \/>\n<meta property=\"og:description\" content=\"Cump\u0103ra\u021bi pastile de ecstasy Green Star de v\u00e2nzare Marea Britanie, Europa Online. Cump\u0103ra\u021bi online pastile de ecstasy Green Star de la cel mai de \u00eencredere furnizor mdma, garant\u0103m livrare discret\u0103 \u0219i sigur\u0103\" \/>\n<meta property=\"og:url\" content=\"https:\/\/medicinasinc.com\/ro\/product\/cumpara-stea-verde-pastile-extaz\/\" \/>\n<meta property=\"og:site_name\" content=\"Medicinas Inc\" \/>\n<meta property=\"article:modified_time\" content=\"2022-03-22T01:20:22+00:00\" \/>\n<meta property=\"og:image\" content=\"https:\/\/medicinasinc.com\/ro\/wp-content\/uploads\/sites\/11\/2022\/02\/buy-green-star-ecstasy-pills-online.jpg\" \/>\n\t<meta property=\"og:image:width\" content=\"600\" \/>\n\t<meta property=\"og:image:height\" content=\"600\" \/>\n\t<meta property=\"og:image:type\" content=\"image\/jpeg\" \/>\n<meta name=\"twitter:card\" content=\"summary_large_image\" \/>\n<meta name=\"twitter:label1\" content=\"Est. reading time\" \/>\n\t<meta name=\"twitter:data1\" content=\"2 minutes\" \/>\n<script type=\"application\/ld+json\" class=\"yoast-schema-graph\">{\"@context\":\"https:\\\/\\\/schema.org\",\"@graph\":[{\"@type\":\"WebPage\",\"@id\":\"https:\\\/\\\/medicinasinc.com\\\/ro\\\/product\\\/cumpara-stea-verde-pastile-extaz\\\/\",\"url\":\"https:\\\/\\\/medicinasinc.com\\\/ro\\\/product\\\/cumpara-stea-verde-pastile-extaz\\\/\",\"name\":\"Cump\u0103ra\u021bi pastile Green Star Ecstasy - Cele mai bune medicamente globale\",\"isPartOf\":{\"@id\":\"https:\\\/\\\/medicinasinc.com\\\/ro\\\/#website\"},\"primaryImageOfPage\":{\"@id\":\"https:\\\/\\\/medicinasinc.com\\\/ro\\\/product\\\/cumpara-stea-verde-pastile-extaz\\\/#primaryimage\"},\"image\":{\"@id\":\"https:\\\/\\\/medicinasinc.com\\\/ro\\\/product\\\/cumpara-stea-verde-pastile-extaz\\\/#primaryimage\"},\"thumbnailUrl\":\"https:\\\/\\\/medicinasinc.com\\\/ro\\\/wp-content\\\/uploads\\\/sites\\\/11\\\/2022\\\/02\\\/buy-green-star-ecstasy-pills-online.jpg\",\"datePublished\":\"2022-02-20T10:30:39+00:00\",\"dateModified\":\"2022-03-22T01:20:22+00:00\",\"description\":\"Cump\u0103ra\u021bi pastile de ecstasy Green Star de v\u00e2nzare Marea Britanie, Europa Online. Cump\u0103ra\u021bi online pastile de ecstasy Green Star de la cel mai de \u00eencredere furnizor mdma, garant\u0103m livrare discret\u0103 \u0219i sigur\u0103\",\"breadcrumb\":{\"@id\":\"https:\\\/\\\/medicinasinc.com\\\/ro\\\/product\\\/cumpara-stea-verde-pastile-extaz\\\/#breadcrumb\"},\"inLanguage\":\"en-US\",\"potentialAction\":[{\"@type\":\"ReadAction\",\"target\":[\"https:\\\/\\\/medicinasinc.com\\\/ro\\\/product\\\/cumpara-stea-verde-pastile-extaz\\\/\"]}]},{\"@type\":\"ImageObject\",\"inLanguage\":\"en-US\",\"@id\":\"https:\\\/\\\/medicinasinc.com\\\/ro\\\/product\\\/cumpara-stea-verde-pastile-extaz\\\/#primaryimage\",\"url\":\"https:\\\/\\\/medicinasinc.com\\\/ro\\\/wp-content\\\/uploads\\\/sites\\\/11\\\/2022\\\/02\\\/buy-green-star-ecstasy-pills-online.jpg\",\"contentUrl\":\"https:\\\/\\\/medicinasinc.com\\\/ro\\\/wp-content\\\/uploads\\\/sites\\\/11\\\/2022\\\/02\\\/buy-green-star-ecstasy-pills-online.jpg\",\"width\":600,\"height\":600},{\"@type\":\"BreadcrumbList\",\"@id\":\"https:\\\/\\\/medicinasinc.com\\\/ro\\\/product\\\/cumpara-stea-verde-pastile-extaz\\\/#breadcrumb\",\"itemListElement\":[{\"@type\":\"ListItem\",\"position\":1,\"name\":\"Magazin\",\"item\":\"https:\\\/\\\/medicinasinc.com\\\/ro\\\/magazin\\\/\"},{\"@type\":\"ListItem\",\"position\":2,\"name\":\"Cump\u0103ra\u021bi pastile de ecstasy Green Star\"}]},{\"@type\":\"WebSite\",\"@id\":\"https:\\\/\\\/medicinasinc.com\\\/ro\\\/#website\",\"url\":\"https:\\\/\\\/medicinasinc.com\\\/ro\\\/\",\"name\":\"Medicinas Inc\",\"description\":\"Health Medical Clinic\",\"potentialAction\":[{\"@type\":\"SearchAction\",\"target\":{\"@type\":\"EntryPoint\",\"urlTemplate\":\"https:\\\/\\\/medicinasinc.com\\\/ro\\\/?s={search_term_string}\"},\"query-input\":{\"@type\":\"PropertyValueSpecification\",\"valueRequired\":true,\"valueName\":\"search_term_string\"}}],\"inLanguage\":\"en-US\"}]}<\/script>\n<!-- \/ Yoast SEO plugin. -->","yoast_head_json":{"title":"Cump\u0103ra\u021bi pastile Green Star Ecstasy - Cele mai bune medicamente globale","description":"Cump\u0103ra\u021bi pastile de ecstasy Green Star de v\u00e2nzare Marea Britanie, Europa Online. Cump\u0103ra\u021bi online pastile de ecstasy Green Star de la cel mai de \u00eencredere furnizor mdma, garant\u0103m livrare discret\u0103 \u0219i sigur\u0103","robots":{"index":"index","follow":"follow","max-snippet":"max-snippet:-1","max-image-preview":"max-image-preview:large","max-video-preview":"max-video-preview:-1"},"canonical":"https:\/\/medicinasinc.com\/ro\/product\/cumpara-stea-verde-pastile-extaz\/","og_locale":"en_US","og_type":"article","og_title":"Cump\u0103ra\u021bi pastile Green Star Ecstasy - Cele mai bune medicamente globale","og_description":"Cump\u0103ra\u021bi pastile de ecstasy Green Star de v\u00e2nzare Marea Britanie, Europa Online. Cump\u0103ra\u021bi online pastile de ecstasy Green Star de la cel mai de \u00eencredere furnizor mdma, garant\u0103m livrare discret\u0103 \u0219i sigur\u0103","og_url":"https:\/\/medicinasinc.com\/ro\/product\/cumpara-stea-verde-pastile-extaz\/","og_site_name":"Medicinas Inc","article_modified_time":"2022-03-22T01:20:22+00:00","og_image":[{"width":600,"height":600,"url":"https:\/\/medicinasinc.com\/ro\/wp-content\/uploads\/sites\/11\/2022\/02\/buy-green-star-ecstasy-pills-online.jpg","type":"image\/jpeg"}],"twitter_card":"summary_large_image","twitter_misc":{"Est. reading time":"2 minutes"},"schema":{"@context":"https:\/\/schema.org","@graph":[{"@type":"WebPage","@id":"https:\/\/medicinasinc.com\/ro\/product\/cumpara-stea-verde-pastile-extaz\/","url":"https:\/\/medicinasinc.com\/ro\/product\/cumpara-stea-verde-pastile-extaz\/","name":"Cump\u0103ra\u021bi pastile Green Star Ecstasy - Cele mai bune medicamente globale","isPartOf":{"@id":"https:\/\/medicinasinc.com\/ro\/#website"},"primaryImageOfPage":{"@id":"https:\/\/medicinasinc.com\/ro\/product\/cumpara-stea-verde-pastile-extaz\/#primaryimage"},"image":{"@id":"https:\/\/medicinasinc.com\/ro\/product\/cumpara-stea-verde-pastile-extaz\/#primaryimage"},"thumbnailUrl":"https:\/\/medicinasinc.com\/ro\/wp-content\/uploads\/sites\/11\/2022\/02\/buy-green-star-ecstasy-pills-online.jpg","datePublished":"2022-02-20T10:30:39+00:00","dateModified":"2022-03-22T01:20:22+00:00","description":"Cump\u0103ra\u021bi pastile de ecstasy Green Star de v\u00e2nzare Marea Britanie, Europa Online. Cump\u0103ra\u021bi online pastile de ecstasy Green Star de la cel mai de \u00eencredere furnizor mdma, garant\u0103m livrare discret\u0103 \u0219i sigur\u0103","breadcrumb":{"@id":"https:\/\/medicinasinc.com\/ro\/product\/cumpara-stea-verde-pastile-extaz\/#breadcrumb"},"inLanguage":"en-US","potentialAction":[{"@type":"ReadAction","target":["https:\/\/medicinasinc.com\/ro\/product\/cumpara-stea-verde-pastile-extaz\/"]}]},{"@type":"ImageObject","inLanguage":"en-US","@id":"https:\/\/medicinasinc.com\/ro\/product\/cumpara-stea-verde-pastile-extaz\/#primaryimage","url":"https:\/\/medicinasinc.com\/ro\/wp-content\/uploads\/sites\/11\/2022\/02\/buy-green-star-ecstasy-pills-online.jpg","contentUrl":"https:\/\/medicinasinc.com\/ro\/wp-content\/uploads\/sites\/11\/2022\/02\/buy-green-star-ecstasy-pills-online.jpg","width":600,"height":600},{"@type":"BreadcrumbList","@id":"https:\/\/medicinasinc.com\/ro\/product\/cumpara-stea-verde-pastile-extaz\/#breadcrumb","itemListElement":[{"@type":"ListItem","position":1,"name":"Magazin","item":"https:\/\/medicinasinc.com\/ro\/magazin\/"},{"@type":"ListItem","position":2,"name":"Cump\u0103ra\u021bi pastile de ecstasy Green Star"}]},{"@type":"WebSite","@id":"https:\/\/medicinasinc.com\/ro\/#website","url":"https:\/\/medicinasinc.com\/ro\/","name":"Medicinas Inc","description":"Health Medical Clinic","potentialAction":[{"@type":"SearchAction","target":{"@type":"EntryPoint","urlTemplate":"https:\/\/medicinasinc.com\/ro\/?s={search_term_string}"},"query-input":{"@type":"PropertyValueSpecification","valueRequired":true,"valueName":"search_term_string"}}],"inLanguage":"en-US"}]}},"_links":{"self":[{"href":"https:\/\/medicinasinc.com\/ro\/wp-json\/wp\/v2\/product\/4534","targetHints":{"allow":["GET"]}}],"collection":[{"href":"https:\/\/medicinasinc.com\/ro\/wp-json\/wp\/v2\/product"}],"about":[{"href":"https:\/\/medicinasinc.com\/ro\/wp-json\/wp\/v2\/types\/product"}],"replies":[{"embeddable":true,"href":"https:\/\/medicinasinc.com\/ro\/wp-json\/wp\/v2\/comments?post=4534"}],"wp:featuredmedia":[{"embeddable":true,"href":"https:\/\/medicinasinc.com\/ro\/wp-json\/wp\/v2\/media\/4557"}],"wp:attachment":[{"href":"https:\/\/medicinasinc.com\/ro\/wp-json\/wp\/v2\/media?parent=4534"}],"wp:term":[{"taxonomy":"product_brand","embeddable":true,"href":"https:\/\/medicinasinc.com\/ro\/wp-json\/wp\/v2\/product_brand?post=4534"},{"taxonomy":"product_cat","embeddable":true,"href":"https:\/\/medicinasinc.com\/ro\/wp-json\/wp\/v2\/product_cat?post=4534"},{"taxonomy":"product_tag","embeddable":true,"href":"https:\/\/medicinasinc.com\/ro\/wp-json\/wp\/v2\/product_tag?post=4534"}],"curies":[{"name":"wp","href":"https:\/\/api.w.org\/{rel}","templated":true}]}}