{"id":4479,"date":"2022-02-20T09:44:15","date_gmt":"2022-02-20T09:44:15","guid":{"rendered":"https:\/\/medicinasinc.com\/ro\/?post_type=product&#038;p=4479"},"modified":"2022-03-22T01:21:10","modified_gmt":"2022-03-22T01:21:10","slug":"cumpara-pastile-de-extaz-delfin-albastru","status":"publish","type":"product","link":"https:\/\/medicinasinc.com\/ro\/product\/cumpara-pastile-de-extaz-delfin-albastru\/","title":{"rendered":"Cump\u0103ra\u021bi pastile de ecstasy Blue Dolphin"},"content":{"rendered":"<p>Cump\u0103ra\u021bi online pastile de ecstasy Blue Dolphin 295 mg.<\/p>\n<p>Substan\u021ba Blue Dolphin<\/p>\n<p>Ecstasy a fost inventat \u00een 1912 de rela\u021bia de droguri Merck. A fost numit \u201eMDMA\u201d datorit\u0103 structurii sale noi. A fost folosit pentru prima dat\u0103 de for\u021bele armate americane \u00een 1953 pentru testele de angajament mental \u0219i a revenit pentru scurt timp \u00een anii 1960 ca solu\u021bie de psihoterapie pentru \u201einhiba\u021bii mai sc\u0103zute\u201d. 1 MDMA nu a fost folosit ca prescrip\u021bie de colectare p\u00e2n\u0103 \u00een anii 1970.<\/p>\n<p>La mijlocul anilor 1980, MDMA a fost promovat ca \u201ecel mai spumant lucru din tehnic\u0103 cu misiunea de a mul\u021bumi oamenii prin \u0219tiin\u021b\u0103\u201d \u0219i \u201e\u00een solu\u021bie\u201d pentru petreceri de lung\u0103 durat\u0103. MDMA era \u00eenc\u0103 disponibil pe scar\u0103 larg\u0103 \u00een 1984 sub numele de marc\u0103 \u201eJoy\u201d, dar p\u00e2n\u0103 \u00een 1985, medicamentele fuseser\u0103 restric\u021bionate din cauza problemelor de securitate.<br \/> Medicamentele pentru delfin albastru pot fi deosebit de benefice pentru persoanele care se confrunt\u0103 cu probleme cu componentele de zdrobire post-uimitoare ( PTSD). Numero\u0219i pacien\u021bi nu sunt \u00een m\u0103sur\u0103 s\u0103 discute despre evenimentele periculoase care le-au precipitat problemele. Se speculeaz\u0103 c\u0103 \u00eemplinirea poate ajuta indivizii s\u0103 m\u0103reasc\u0103 aceste r\u0103ni.<\/p>\n<p>Ecstasy of the Blue Dolphin<\/p>\n<p>Doblin, 50 de ani, nu este \u00een mod autentic un capabil preg\u0103tit sau un monitor; cu toate acestea, el are o mare responsabilitate pentru droguri, consum\u00e2ndu-le \u00een numeroase ocazii. \u201eA f\u0103cut o diferen\u021b\u0103 semnificativ\u0103 \u00een via\u021ba mea\u201d, a explicat el. \u00cen ultimii c\u00e2\u021biva ani, a investit \u00een r\u0103sp\u00e2ndirea mesajului c\u0103 Joy \u0219i alte medicamente energizante au un succes fundamental \u00een condi\u021bii ideale.<br \/> Dac\u0103 sunte\u021bi cu adev\u0103rat \u00een c\u0103utarea unei afilieri care s\u0103 v\u0103 ofere articole de cea mai bun\u0103 calitate, ave\u021bi vino la locul potrivit. La funda\u021bia noastr\u0103, pute\u021bi alege cele mai bune articole care v\u0103 vor ajuta s\u0103 v\u0103 construi\u021bi \u00eencrederea \u0219i s\u0103 stabili\u021bi o rela\u021bie rezonabil\u0103 cu noi datorit\u0103 posibilit\u0103\u021bii articolelor noastre. Comanda\u021bi acum \u0219i primi\u021bi Blue dolphin ecstasy la u\u0219a dumneavoastr\u0103 \u00een termen de cinci zile lucr\u0103toare. Ecstacy, delfinul albastru<\/p>\n<p>Ecstacy a fost dezvoltat de rela\u021bia de droguri Merck \u00een 1912. A fost supranumit \u201eMDMA\u201d datorit\u0103 structurii sale noi. A fost folosit pentru prima dat\u0103 de for\u021bele armate americane \u00een 1953 pentru testele de angajament mental \u0219i a revenit pentru scurt timp \u00een anii 1960 ca solu\u021bie de psihoterapie pentru \u201einhiba\u021bii mai sc\u0103zute\u201d. 1 MDMA nu a fost folosit ca prescrip\u021bie de colectare p\u00e2n\u0103 \u00een anii 1970.<\/p>\n<p>La mijlocul anilor 1980, MDMA a fost promovat ca \u201ecel mai spumant lucru din tehnic\u0103 cu misiunea de a mul\u021bumi oamenii prin \u0219tiin\u021b\u0103\u201d \u0219i \u201e\u00een solu\u021bie\u201d pentru petreceri de lung\u0103 durat\u0103. MDMA era \u00eenc\u0103 disponibil pe scar\u0103 larg\u0103 \u00een 1984 sub numele de marc\u0103 \u201eJoy\u201d, dar p\u00e2n\u0103 \u00een 1985, medicamentele fuseser\u0103 restric\u021bionate din cauza problemelor de securitate.<\/p>\n<p>extaz pentru delfin albastru, medicamente pentru delfini albastru, extaz pentru delfin albastru<\/p>\n<table>\n<tbody>\n<tr>\n<th><span style=\"font-weight: 400\">Culoare:<\/span><\/th>\n<td>Albastru<\/td>\n<\/tr>\n<tr>\n<th><span style=\"font-weight: 400\">Dimensiune:<\/span><\/th>\n<td>295 mg<\/td>\n<\/tr>\n<\/tbody>\n<\/table>\n","protected":false},"excerpt":{"rendered":"<p>Cump\u0103ra\u021bi online pastile de ecstasy. Cump\u0103ra\u021bi pastile de ecstasy Blue Dolphin de v\u00e2nzare uk, europa la pre\u021buri excelente de la noi. Ambalarea este realizat\u0103 de profesioni\u0219ti, iar livrarea este garantat\u0103 100%.<\/p>\n","protected":false},"featured_media":4516,"comment_status":"open","ping_status":"closed","template":"","meta":[],"product_brand":[],"product_cat":[498],"product_tag":[],"class_list":{"0":"post-4479","1":"product","2":"type-product","3":"status-publish","4":"has-post-thumbnail","6":"product_cat-cumpr-pastile-ecstasy","8":"first","9":"instock","10":"shipping-taxable","11":"purchasable","12":"product-type-variable","13":"has-default-attributes"},"yoast_head":"<!-- This site is optimized with the Yoast SEO plugin v27.3 - https:\/\/yoast.com\/product\/yoast-seo-wordpress\/ -->\n<title>Cump\u0103ra\u021bi online pastile de ecstasy Blue Dolphin - Cele mai bune medicamente globale<\/title>\n<meta name=\"description\" content=\"Cump\u0103ra\u021bi online pastile de ecstasy. Cump\u0103ra\u021bi pastile de ecstasy Blue Dolphin de v\u00e2nzare uk, europa la pre\u021buri excelente de la noi. Ambalarea este realizat\u0103 de profesioni\u0219ti, iar livrarea este garantat\u0103 100%.\" \/>\n<meta name=\"robots\" content=\"index, follow, max-snippet:-1, max-image-preview:large, max-video-preview:-1\" \/>\n<link rel=\"canonical\" href=\"https:\/\/medicinasinc.com\/ro\/product\/cumpara-pastile-de-extaz-delfin-albastru\/\" \/>\n<meta property=\"og:locale\" content=\"en_US\" \/>\n<meta property=\"og:type\" content=\"article\" \/>\n<meta property=\"og:title\" content=\"Cump\u0103ra\u021bi online pastile de ecstasy Blue Dolphin - Cele mai bune medicamente globale\" \/>\n<meta property=\"og:description\" content=\"Cump\u0103ra\u021bi online pastile de ecstasy. Cump\u0103ra\u021bi pastile de ecstasy Blue Dolphin de v\u00e2nzare uk, europa la pre\u021buri excelente de la noi. Ambalarea este realizat\u0103 de profesioni\u0219ti, iar livrarea este garantat\u0103 100%.\" \/>\n<meta property=\"og:url\" content=\"https:\/\/medicinasinc.com\/ro\/product\/cumpara-pastile-de-extaz-delfin-albastru\/\" \/>\n<meta property=\"og:site_name\" content=\"Medicinas Inc\" \/>\n<meta property=\"article:modified_time\" content=\"2022-03-22T01:21:10+00:00\" \/>\n<meta property=\"og:image\" content=\"https:\/\/medicinasinc.com\/ro\/wp-content\/uploads\/sites\/11\/2022\/02\/buy-blue-dolphin-ecstasy-pills-online.jpg\" \/>\n\t<meta property=\"og:image:width\" content=\"600\" \/>\n\t<meta property=\"og:image:height\" content=\"600\" \/>\n\t<meta property=\"og:image:type\" content=\"image\/jpeg\" \/>\n<meta name=\"twitter:card\" content=\"summary_large_image\" \/>\n<meta name=\"twitter:label1\" content=\"Est. reading time\" \/>\n\t<meta name=\"twitter:data1\" content=\"2 minutes\" \/>\n<script type=\"application\/ld+json\" class=\"yoast-schema-graph\">{\"@context\":\"https:\\\/\\\/schema.org\",\"@graph\":[{\"@type\":\"WebPage\",\"@id\":\"https:\\\/\\\/medicinasinc.com\\\/ro\\\/product\\\/cumpara-pastile-de-extaz-delfin-albastru\\\/\",\"url\":\"https:\\\/\\\/medicinasinc.com\\\/ro\\\/product\\\/cumpara-pastile-de-extaz-delfin-albastru\\\/\",\"name\":\"Cump\u0103ra\u021bi online pastile de ecstasy Blue Dolphin - Cele mai bune medicamente globale\",\"isPartOf\":{\"@id\":\"https:\\\/\\\/medicinasinc.com\\\/ro\\\/#website\"},\"primaryImageOfPage\":{\"@id\":\"https:\\\/\\\/medicinasinc.com\\\/ro\\\/product\\\/cumpara-pastile-de-extaz-delfin-albastru\\\/#primaryimage\"},\"image\":{\"@id\":\"https:\\\/\\\/medicinasinc.com\\\/ro\\\/product\\\/cumpara-pastile-de-extaz-delfin-albastru\\\/#primaryimage\"},\"thumbnailUrl\":\"https:\\\/\\\/medicinasinc.com\\\/ro\\\/wp-content\\\/uploads\\\/sites\\\/11\\\/2022\\\/02\\\/buy-blue-dolphin-ecstasy-pills-online.jpg\",\"datePublished\":\"2022-02-20T09:44:15+00:00\",\"dateModified\":\"2022-03-22T01:21:10+00:00\",\"description\":\"Cump\u0103ra\u021bi online pastile de ecstasy. Cump\u0103ra\u021bi pastile de ecstasy Blue Dolphin de v\u00e2nzare uk, europa la pre\u021buri excelente de la noi. Ambalarea este realizat\u0103 de profesioni\u0219ti, iar livrarea este garantat\u0103 100%.\",\"breadcrumb\":{\"@id\":\"https:\\\/\\\/medicinasinc.com\\\/ro\\\/product\\\/cumpara-pastile-de-extaz-delfin-albastru\\\/#breadcrumb\"},\"inLanguage\":\"en-US\",\"potentialAction\":[{\"@type\":\"ReadAction\",\"target\":[\"https:\\\/\\\/medicinasinc.com\\\/ro\\\/product\\\/cumpara-pastile-de-extaz-delfin-albastru\\\/\"]}]},{\"@type\":\"ImageObject\",\"inLanguage\":\"en-US\",\"@id\":\"https:\\\/\\\/medicinasinc.com\\\/ro\\\/product\\\/cumpara-pastile-de-extaz-delfin-albastru\\\/#primaryimage\",\"url\":\"https:\\\/\\\/medicinasinc.com\\\/ro\\\/wp-content\\\/uploads\\\/sites\\\/11\\\/2022\\\/02\\\/buy-blue-dolphin-ecstasy-pills-online.jpg\",\"contentUrl\":\"https:\\\/\\\/medicinasinc.com\\\/ro\\\/wp-content\\\/uploads\\\/sites\\\/11\\\/2022\\\/02\\\/buy-blue-dolphin-ecstasy-pills-online.jpg\",\"width\":600,\"height\":600},{\"@type\":\"BreadcrumbList\",\"@id\":\"https:\\\/\\\/medicinasinc.com\\\/ro\\\/product\\\/cumpara-pastile-de-extaz-delfin-albastru\\\/#breadcrumb\",\"itemListElement\":[{\"@type\":\"ListItem\",\"position\":1,\"name\":\"Magazin\",\"item\":\"https:\\\/\\\/medicinasinc.com\\\/ro\\\/magazin\\\/\"},{\"@type\":\"ListItem\",\"position\":2,\"name\":\"Cump\u0103ra\u021bi pastile de ecstasy Blue Dolphin\"}]},{\"@type\":\"WebSite\",\"@id\":\"https:\\\/\\\/medicinasinc.com\\\/ro\\\/#website\",\"url\":\"https:\\\/\\\/medicinasinc.com\\\/ro\\\/\",\"name\":\"Medicinas Inc\",\"description\":\"Health Medical Clinic\",\"potentialAction\":[{\"@type\":\"SearchAction\",\"target\":{\"@type\":\"EntryPoint\",\"urlTemplate\":\"https:\\\/\\\/medicinasinc.com\\\/ro\\\/?s={search_term_string}\"},\"query-input\":{\"@type\":\"PropertyValueSpecification\",\"valueRequired\":true,\"valueName\":\"search_term_string\"}}],\"inLanguage\":\"en-US\"}]}<\/script>\n<!-- \/ Yoast SEO plugin. -->","yoast_head_json":{"title":"Cump\u0103ra\u021bi online pastile de ecstasy Blue Dolphin - Cele mai bune medicamente globale","description":"Cump\u0103ra\u021bi online pastile de ecstasy. Cump\u0103ra\u021bi pastile de ecstasy Blue Dolphin de v\u00e2nzare uk, europa la pre\u021buri excelente de la noi. Ambalarea este realizat\u0103 de profesioni\u0219ti, iar livrarea este garantat\u0103 100%.","robots":{"index":"index","follow":"follow","max-snippet":"max-snippet:-1","max-image-preview":"max-image-preview:large","max-video-preview":"max-video-preview:-1"},"canonical":"https:\/\/medicinasinc.com\/ro\/product\/cumpara-pastile-de-extaz-delfin-albastru\/","og_locale":"en_US","og_type":"article","og_title":"Cump\u0103ra\u021bi online pastile de ecstasy Blue Dolphin - Cele mai bune medicamente globale","og_description":"Cump\u0103ra\u021bi online pastile de ecstasy. Cump\u0103ra\u021bi pastile de ecstasy Blue Dolphin de v\u00e2nzare uk, europa la pre\u021buri excelente de la noi. Ambalarea este realizat\u0103 de profesioni\u0219ti, iar livrarea este garantat\u0103 100%.","og_url":"https:\/\/medicinasinc.com\/ro\/product\/cumpara-pastile-de-extaz-delfin-albastru\/","og_site_name":"Medicinas Inc","article_modified_time":"2022-03-22T01:21:10+00:00","og_image":[{"width":600,"height":600,"url":"https:\/\/medicinasinc.com\/ro\/wp-content\/uploads\/sites\/11\/2022\/02\/buy-blue-dolphin-ecstasy-pills-online.jpg","type":"image\/jpeg"}],"twitter_card":"summary_large_image","twitter_misc":{"Est. reading time":"2 minutes"},"schema":{"@context":"https:\/\/schema.org","@graph":[{"@type":"WebPage","@id":"https:\/\/medicinasinc.com\/ro\/product\/cumpara-pastile-de-extaz-delfin-albastru\/","url":"https:\/\/medicinasinc.com\/ro\/product\/cumpara-pastile-de-extaz-delfin-albastru\/","name":"Cump\u0103ra\u021bi online pastile de ecstasy Blue Dolphin - Cele mai bune medicamente globale","isPartOf":{"@id":"https:\/\/medicinasinc.com\/ro\/#website"},"primaryImageOfPage":{"@id":"https:\/\/medicinasinc.com\/ro\/product\/cumpara-pastile-de-extaz-delfin-albastru\/#primaryimage"},"image":{"@id":"https:\/\/medicinasinc.com\/ro\/product\/cumpara-pastile-de-extaz-delfin-albastru\/#primaryimage"},"thumbnailUrl":"https:\/\/medicinasinc.com\/ro\/wp-content\/uploads\/sites\/11\/2022\/02\/buy-blue-dolphin-ecstasy-pills-online.jpg","datePublished":"2022-02-20T09:44:15+00:00","dateModified":"2022-03-22T01:21:10+00:00","description":"Cump\u0103ra\u021bi online pastile de ecstasy. Cump\u0103ra\u021bi pastile de ecstasy Blue Dolphin de v\u00e2nzare uk, europa la pre\u021buri excelente de la noi. Ambalarea este realizat\u0103 de profesioni\u0219ti, iar livrarea este garantat\u0103 100%.","breadcrumb":{"@id":"https:\/\/medicinasinc.com\/ro\/product\/cumpara-pastile-de-extaz-delfin-albastru\/#breadcrumb"},"inLanguage":"en-US","potentialAction":[{"@type":"ReadAction","target":["https:\/\/medicinasinc.com\/ro\/product\/cumpara-pastile-de-extaz-delfin-albastru\/"]}]},{"@type":"ImageObject","inLanguage":"en-US","@id":"https:\/\/medicinasinc.com\/ro\/product\/cumpara-pastile-de-extaz-delfin-albastru\/#primaryimage","url":"https:\/\/medicinasinc.com\/ro\/wp-content\/uploads\/sites\/11\/2022\/02\/buy-blue-dolphin-ecstasy-pills-online.jpg","contentUrl":"https:\/\/medicinasinc.com\/ro\/wp-content\/uploads\/sites\/11\/2022\/02\/buy-blue-dolphin-ecstasy-pills-online.jpg","width":600,"height":600},{"@type":"BreadcrumbList","@id":"https:\/\/medicinasinc.com\/ro\/product\/cumpara-pastile-de-extaz-delfin-albastru\/#breadcrumb","itemListElement":[{"@type":"ListItem","position":1,"name":"Magazin","item":"https:\/\/medicinasinc.com\/ro\/magazin\/"},{"@type":"ListItem","position":2,"name":"Cump\u0103ra\u021bi pastile de ecstasy Blue Dolphin"}]},{"@type":"WebSite","@id":"https:\/\/medicinasinc.com\/ro\/#website","url":"https:\/\/medicinasinc.com\/ro\/","name":"Medicinas Inc","description":"Health Medical Clinic","potentialAction":[{"@type":"SearchAction","target":{"@type":"EntryPoint","urlTemplate":"https:\/\/medicinasinc.com\/ro\/?s={search_term_string}"},"query-input":{"@type":"PropertyValueSpecification","valueRequired":true,"valueName":"search_term_string"}}],"inLanguage":"en-US"}]}},"_links":{"self":[{"href":"https:\/\/medicinasinc.com\/ro\/wp-json\/wp\/v2\/product\/4479","targetHints":{"allow":["GET"]}}],"collection":[{"href":"https:\/\/medicinasinc.com\/ro\/wp-json\/wp\/v2\/product"}],"about":[{"href":"https:\/\/medicinasinc.com\/ro\/wp-json\/wp\/v2\/types\/product"}],"replies":[{"embeddable":true,"href":"https:\/\/medicinasinc.com\/ro\/wp-json\/wp\/v2\/comments?post=4479"}],"wp:featuredmedia":[{"embeddable":true,"href":"https:\/\/medicinasinc.com\/ro\/wp-json\/wp\/v2\/media\/4516"}],"wp:attachment":[{"href":"https:\/\/medicinasinc.com\/ro\/wp-json\/wp\/v2\/media?parent=4479"}],"wp:term":[{"taxonomy":"product_brand","embeddable":true,"href":"https:\/\/medicinasinc.com\/ro\/wp-json\/wp\/v2\/product_brand?post=4479"},{"taxonomy":"product_cat","embeddable":true,"href":"https:\/\/medicinasinc.com\/ro\/wp-json\/wp\/v2\/product_cat?post=4479"},{"taxonomy":"product_tag","embeddable":true,"href":"https:\/\/medicinasinc.com\/ro\/wp-json\/wp\/v2\/product_tag?post=4479"}],"curies":[{"name":"wp","href":"https:\/\/api.w.org\/{rel}","templated":true}]}}