{"id":4458,"date":"2022-02-20T09:30:17","date_gmt":"2022-02-20T09:30:17","guid":{"rendered":"https:\/\/medicinasinc.com\/ro\/?post_type=product&#038;p=4458"},"modified":"2022-03-22T01:21:57","modified_gmt":"2022-03-22T01:21:57","slug":"buy-ketof-tuse-sirop","status":"publish","type":"product","link":"https:\/\/medicinasinc.com\/ro\/product\/buy-ketof-tuse-sirop\/","title":{"rendered":"Cump\u0103ra\u021bi sirop de tuse Ketof"},"content":{"rendered":"<h1>Cump\u0103ra\u021bi online sirop de tuse Keto<\/h1>\n<p>Cump\u0103ra\u021bi sirop de tuse Keto online. De asemenea, disponibil\u0103, pute\u021bi cump\u0103ra heroin\u0103 online la pre\u021buri ieftine. Avem o gam\u0103 larg\u0103 de narcotice disponibile aici pentru v\u00e2nz\u0103ri, cum ar fi cocain\u0103, metanfetamina cristalin \u0219i multe altele.<\/p>\n","protected":false},"excerpt":{"rendered":"<p>Cump\u0103ra\u021bi sirop de tuse Ketof de v\u00e2nzare online \u00een Marea Britanie, Europa. Ingrediente active: Ketotifen. Oferim reduceri speciale la comenzile angro. Re\u021bine\u021bi c\u0103, de asemenea, livrarea este gratuit\u0103 atunci c\u00e2nd ave\u021bi acest produs \u0219i, de asemenea, actavis de v\u00e2nzare.<\/p>\n","protected":false},"featured_media":4493,"comment_status":"open","ping_status":"closed","template":"","meta":[],"product_brand":[],"product_cat":[497],"product_tag":[],"class_list":{"0":"post-4458","1":"product","2":"type-product","3":"status-publish","4":"has-post-thumbnail","6":"product_cat-cumpara-tuse-sirop","8":"first","9":"instock","10":"shipping-taxable","11":"purchasable","12":"product-type-variable","13":"has-default-attributes"},"yoast_head":"<!-- This site is optimized with the Yoast SEO plugin v27.3 - https:\/\/yoast.com\/product\/yoast-seo-wordpress\/ -->\n<title>Cump\u0103ra\u021bi sirop de tuse Ketof - Cele mai bune medicamente globale<\/title>\n<meta name=\"description\" content=\"Cump\u0103ra\u021bi sirop de tuse Ketof de v\u00e2nzare \u00een Marea Britanie, Europa online. Ingrediente active: Ketotifen. Oferim reduceri speciale la comenzile angro. Re\u021bine\u021bi c\u0103, de asemenea, livrarea este gratuit\u0103 atunci c\u00e2nd ave\u021bi acest produs \u0219i, de asemenea, actavis de v\u00e2nzare.\" \/>\n<meta name=\"robots\" content=\"index, follow, max-snippet:-1, max-image-preview:large, max-video-preview:-1\" \/>\n<link rel=\"canonical\" href=\"https:\/\/medicinasinc.com\/ro\/product\/buy-ketof-tuse-sirop\/\" \/>\n<meta property=\"og:locale\" content=\"en_US\" \/>\n<meta property=\"og:type\" content=\"article\" \/>\n<meta property=\"og:title\" content=\"Cump\u0103ra\u021bi sirop de tuse Ketof - Cele mai bune medicamente globale\" \/>\n<meta property=\"og:description\" content=\"Cump\u0103ra\u021bi sirop de tuse Ketof de v\u00e2nzare \u00een Marea Britanie, Europa online. Ingrediente active: Ketotifen. Oferim reduceri speciale la comenzile angro. Re\u021bine\u021bi c\u0103, de asemenea, livrarea este gratuit\u0103 atunci c\u00e2nd ave\u021bi acest produs \u0219i, de asemenea, actavis de v\u00e2nzare.\" \/>\n<meta property=\"og:url\" content=\"https:\/\/medicinasinc.com\/ro\/product\/buy-ketof-tuse-sirop\/\" \/>\n<meta property=\"og:site_name\" content=\"Medicinas Inc\" \/>\n<meta property=\"article:modified_time\" content=\"2022-03-22T01:21:57+00:00\" \/>\n<meta property=\"og:image\" content=\"https:\/\/medicinasinc.com\/ro\/wp-content\/uploads\/sites\/11\/2022\/02\/buy-ketof-cough-syrup-online.jpg\" \/>\n\t<meta property=\"og:image:width\" content=\"600\" \/>\n\t<meta property=\"og:image:height\" content=\"600\" \/>\n\t<meta property=\"og:image:type\" content=\"image\/jpeg\" \/>\n<meta name=\"twitter:card\" content=\"summary_large_image\" \/>\n<meta name=\"twitter:label1\" content=\"Est. reading time\" \/>\n\t<meta name=\"twitter:data1\" content=\"1 minute\" \/>\n<script type=\"application\/ld+json\" class=\"yoast-schema-graph\">{\"@context\":\"https:\\\/\\\/schema.org\",\"@graph\":[{\"@type\":\"WebPage\",\"@id\":\"https:\\\/\\\/medicinasinc.com\\\/ro\\\/product\\\/buy-ketof-tuse-sirop\\\/\",\"url\":\"https:\\\/\\\/medicinasinc.com\\\/ro\\\/product\\\/buy-ketof-tuse-sirop\\\/\",\"name\":\"Cump\u0103ra\u021bi sirop de tuse Ketof - Cele mai bune medicamente globale\",\"isPartOf\":{\"@id\":\"https:\\\/\\\/medicinasinc.com\\\/ro\\\/#website\"},\"primaryImageOfPage\":{\"@id\":\"https:\\\/\\\/medicinasinc.com\\\/ro\\\/product\\\/buy-ketof-tuse-sirop\\\/#primaryimage\"},\"image\":{\"@id\":\"https:\\\/\\\/medicinasinc.com\\\/ro\\\/product\\\/buy-ketof-tuse-sirop\\\/#primaryimage\"},\"thumbnailUrl\":\"https:\\\/\\\/medicinasinc.com\\\/ro\\\/wp-content\\\/uploads\\\/sites\\\/11\\\/2022\\\/02\\\/buy-ketof-cough-syrup-online.jpg\",\"datePublished\":\"2022-02-20T09:30:17+00:00\",\"dateModified\":\"2022-03-22T01:21:57+00:00\",\"description\":\"Cump\u0103ra\u021bi sirop de tuse Ketof de v\u00e2nzare \u00een Marea Britanie, Europa online. Ingrediente active: Ketotifen. Oferim reduceri speciale la comenzile angro. Re\u021bine\u021bi c\u0103, de asemenea, livrarea este gratuit\u0103 atunci c\u00e2nd ave\u021bi acest produs \u0219i, de asemenea, actavis de v\u00e2nzare.\",\"breadcrumb\":{\"@id\":\"https:\\\/\\\/medicinasinc.com\\\/ro\\\/product\\\/buy-ketof-tuse-sirop\\\/#breadcrumb\"},\"inLanguage\":\"en-US\",\"potentialAction\":[{\"@type\":\"ReadAction\",\"target\":[\"https:\\\/\\\/medicinasinc.com\\\/ro\\\/product\\\/buy-ketof-tuse-sirop\\\/\"]}]},{\"@type\":\"ImageObject\",\"inLanguage\":\"en-US\",\"@id\":\"https:\\\/\\\/medicinasinc.com\\\/ro\\\/product\\\/buy-ketof-tuse-sirop\\\/#primaryimage\",\"url\":\"https:\\\/\\\/medicinasinc.com\\\/ro\\\/wp-content\\\/uploads\\\/sites\\\/11\\\/2022\\\/02\\\/buy-ketof-cough-syrup-online.jpg\",\"contentUrl\":\"https:\\\/\\\/medicinasinc.com\\\/ro\\\/wp-content\\\/uploads\\\/sites\\\/11\\\/2022\\\/02\\\/buy-ketof-cough-syrup-online.jpg\",\"width\":600,\"height\":600},{\"@type\":\"BreadcrumbList\",\"@id\":\"https:\\\/\\\/medicinasinc.com\\\/ro\\\/product\\\/buy-ketof-tuse-sirop\\\/#breadcrumb\",\"itemListElement\":[{\"@type\":\"ListItem\",\"position\":1,\"name\":\"Magazin\",\"item\":\"https:\\\/\\\/medicinasinc.com\\\/ro\\\/magazin\\\/\"},{\"@type\":\"ListItem\",\"position\":2,\"name\":\"Cump\u0103ra\u021bi sirop de tuse Ketof\"}]},{\"@type\":\"WebSite\",\"@id\":\"https:\\\/\\\/medicinasinc.com\\\/ro\\\/#website\",\"url\":\"https:\\\/\\\/medicinasinc.com\\\/ro\\\/\",\"name\":\"Medicinas Inc\",\"description\":\"Health Medical Clinic\",\"potentialAction\":[{\"@type\":\"SearchAction\",\"target\":{\"@type\":\"EntryPoint\",\"urlTemplate\":\"https:\\\/\\\/medicinasinc.com\\\/ro\\\/?s={search_term_string}\"},\"query-input\":{\"@type\":\"PropertyValueSpecification\",\"valueRequired\":true,\"valueName\":\"search_term_string\"}}],\"inLanguage\":\"en-US\"}]}<\/script>\n<!-- \/ Yoast SEO plugin. -->","yoast_head_json":{"title":"Cump\u0103ra\u021bi sirop de tuse Ketof - Cele mai bune medicamente globale","description":"Cump\u0103ra\u021bi sirop de tuse Ketof de v\u00e2nzare \u00een Marea Britanie, Europa online. Ingrediente active: Ketotifen. Oferim reduceri speciale la comenzile angro. Re\u021bine\u021bi c\u0103, de asemenea, livrarea este gratuit\u0103 atunci c\u00e2nd ave\u021bi acest produs \u0219i, de asemenea, actavis de v\u00e2nzare.","robots":{"index":"index","follow":"follow","max-snippet":"max-snippet:-1","max-image-preview":"max-image-preview:large","max-video-preview":"max-video-preview:-1"},"canonical":"https:\/\/medicinasinc.com\/ro\/product\/buy-ketof-tuse-sirop\/","og_locale":"en_US","og_type":"article","og_title":"Cump\u0103ra\u021bi sirop de tuse Ketof - Cele mai bune medicamente globale","og_description":"Cump\u0103ra\u021bi sirop de tuse Ketof de v\u00e2nzare \u00een Marea Britanie, Europa online. Ingrediente active: Ketotifen. Oferim reduceri speciale la comenzile angro. Re\u021bine\u021bi c\u0103, de asemenea, livrarea este gratuit\u0103 atunci c\u00e2nd ave\u021bi acest produs \u0219i, de asemenea, actavis de v\u00e2nzare.","og_url":"https:\/\/medicinasinc.com\/ro\/product\/buy-ketof-tuse-sirop\/","og_site_name":"Medicinas Inc","article_modified_time":"2022-03-22T01:21:57+00:00","og_image":[{"width":600,"height":600,"url":"https:\/\/medicinasinc.com\/ro\/wp-content\/uploads\/sites\/11\/2022\/02\/buy-ketof-cough-syrup-online.jpg","type":"image\/jpeg"}],"twitter_card":"summary_large_image","twitter_misc":{"Est. reading time":"1 minute"},"schema":{"@context":"https:\/\/schema.org","@graph":[{"@type":"WebPage","@id":"https:\/\/medicinasinc.com\/ro\/product\/buy-ketof-tuse-sirop\/","url":"https:\/\/medicinasinc.com\/ro\/product\/buy-ketof-tuse-sirop\/","name":"Cump\u0103ra\u021bi sirop de tuse Ketof - Cele mai bune medicamente globale","isPartOf":{"@id":"https:\/\/medicinasinc.com\/ro\/#website"},"primaryImageOfPage":{"@id":"https:\/\/medicinasinc.com\/ro\/product\/buy-ketof-tuse-sirop\/#primaryimage"},"image":{"@id":"https:\/\/medicinasinc.com\/ro\/product\/buy-ketof-tuse-sirop\/#primaryimage"},"thumbnailUrl":"https:\/\/medicinasinc.com\/ro\/wp-content\/uploads\/sites\/11\/2022\/02\/buy-ketof-cough-syrup-online.jpg","datePublished":"2022-02-20T09:30:17+00:00","dateModified":"2022-03-22T01:21:57+00:00","description":"Cump\u0103ra\u021bi sirop de tuse Ketof de v\u00e2nzare \u00een Marea Britanie, Europa online. Ingrediente active: Ketotifen. Oferim reduceri speciale la comenzile angro. Re\u021bine\u021bi c\u0103, de asemenea, livrarea este gratuit\u0103 atunci c\u00e2nd ave\u021bi acest produs \u0219i, de asemenea, actavis de v\u00e2nzare.","breadcrumb":{"@id":"https:\/\/medicinasinc.com\/ro\/product\/buy-ketof-tuse-sirop\/#breadcrumb"},"inLanguage":"en-US","potentialAction":[{"@type":"ReadAction","target":["https:\/\/medicinasinc.com\/ro\/product\/buy-ketof-tuse-sirop\/"]}]},{"@type":"ImageObject","inLanguage":"en-US","@id":"https:\/\/medicinasinc.com\/ro\/product\/buy-ketof-tuse-sirop\/#primaryimage","url":"https:\/\/medicinasinc.com\/ro\/wp-content\/uploads\/sites\/11\/2022\/02\/buy-ketof-cough-syrup-online.jpg","contentUrl":"https:\/\/medicinasinc.com\/ro\/wp-content\/uploads\/sites\/11\/2022\/02\/buy-ketof-cough-syrup-online.jpg","width":600,"height":600},{"@type":"BreadcrumbList","@id":"https:\/\/medicinasinc.com\/ro\/product\/buy-ketof-tuse-sirop\/#breadcrumb","itemListElement":[{"@type":"ListItem","position":1,"name":"Magazin","item":"https:\/\/medicinasinc.com\/ro\/magazin\/"},{"@type":"ListItem","position":2,"name":"Cump\u0103ra\u021bi sirop de tuse Ketof"}]},{"@type":"WebSite","@id":"https:\/\/medicinasinc.com\/ro\/#website","url":"https:\/\/medicinasinc.com\/ro\/","name":"Medicinas Inc","description":"Health Medical Clinic","potentialAction":[{"@type":"SearchAction","target":{"@type":"EntryPoint","urlTemplate":"https:\/\/medicinasinc.com\/ro\/?s={search_term_string}"},"query-input":{"@type":"PropertyValueSpecification","valueRequired":true,"valueName":"search_term_string"}}],"inLanguage":"en-US"}]}},"_links":{"self":[{"href":"https:\/\/medicinasinc.com\/ro\/wp-json\/wp\/v2\/product\/4458","targetHints":{"allow":["GET"]}}],"collection":[{"href":"https:\/\/medicinasinc.com\/ro\/wp-json\/wp\/v2\/product"}],"about":[{"href":"https:\/\/medicinasinc.com\/ro\/wp-json\/wp\/v2\/types\/product"}],"replies":[{"embeddable":true,"href":"https:\/\/medicinasinc.com\/ro\/wp-json\/wp\/v2\/comments?post=4458"}],"wp:featuredmedia":[{"embeddable":true,"href":"https:\/\/medicinasinc.com\/ro\/wp-json\/wp\/v2\/media\/4493"}],"wp:attachment":[{"href":"https:\/\/medicinasinc.com\/ro\/wp-json\/wp\/v2\/media?parent=4458"}],"wp:term":[{"taxonomy":"product_brand","embeddable":true,"href":"https:\/\/medicinasinc.com\/ro\/wp-json\/wp\/v2\/product_brand?post=4458"},{"taxonomy":"product_cat","embeddable":true,"href":"https:\/\/medicinasinc.com\/ro\/wp-json\/wp\/v2\/product_cat?post=4458"},{"taxonomy":"product_tag","embeddable":true,"href":"https:\/\/medicinasinc.com\/ro\/wp-json\/wp\/v2\/product_tag?post=4458"}],"curies":[{"name":"wp","href":"https:\/\/api.w.org\/{rel}","templated":true}]}}