{"id":4455,"date":"2022-02-20T09:28:05","date_gmt":"2022-02-20T09:28:05","guid":{"rendered":"https:\/\/medicinasinc.com\/ro\/?post_type=product&#038;p=4455"},"modified":"2022-03-22T01:22:09","modified_gmt":"2022-03-22T01:22:09","slug":"buy-hi-tech-tuse-sirop","status":"publish","type":"product","link":"https:\/\/medicinasinc.com\/ro\/product\/buy-hi-tech-tuse-sirop\/","title":{"rendered":"Cump\u0103ra\u021bi sirop de tuse Hi-Tech"},"content":{"rendered":"<p>Achizi\u021bie online de sirop de tuse Hi-Tech.<\/p>\n<p>Achizi\u021biona\u021bi online sirop de tuse Hi-Tech la pre\u021buri extrem de mici. \u00een plus, cump\u0103ra\u021bi cocain\u0103 \u00een scopul rev\u00e2nz\u0103rii. Vindem o varietate de stimulente \u0219i narcotice, inclusiv GHB.<\/p>\n<p>De\u0219i apreciez un gust decent, cred c\u0103 dureaz\u0103 mult prea mult pentru a \u00eencepe. Datorit\u0103 puterii \u0219i aromei sale, siropul de THC poate deveni noul t\u0103u. substan\u021ba de baz\u0103 pentru asisten\u021b\u0103.<\/p>\n<p>Siropul de canabis este fantastic at\u00e2t pentru clien\u021bii restauratori, c\u00e2t \u0219i pentru cei recreativi. Este puternic \u0219i eficient \u2013 \u200b\u200bcare \u00ee\u0219i face efectul frecvent \u00een decurs de 20 p\u00e2n\u0103 la 30 de minute \u2013 \u0219i prudent de utilizat. Pur \u0219i simplu ad\u0103uga\u021bi por\u021bia la orice m\u00e2ncare sau b\u0103utur\u0103 \u0219i gata. Cu toate acestea, pute\u021bi bea o mic\u0103 m\u0103sur\u0103 f\u0103r\u0103 incidente. Asta este tot ce exist\u0103!<\/p>\n<p>Sirop de tuse de v\u00e2nzare, sirop de tuse de \u00eenalt\u0103 tehnologie, sirop de tuse online, pre\u021b slab de \u00eenalt\u0103 tehnologie, sirop de tuse de \u00eenalt\u0103 tehnologie online, online de \u00eenalt\u0103 tehnologie. Cei care nu suport\u0103 g\u00e2ndul de a fuma iarb\u0103 (sau sunt poate prea incapaci s\u0103 o ia \u00een considerare) dar doresc totu\u0219i s\u0103 culeag\u0103 beneficiile acestei plante cu adev\u0103rat minunate sunt \u00eencuraja\u021bi s\u0103 ia \u00een considerare siropul de THC ca metod\u0103 alternativ\u0103 de consum. Clien\u021bii strict terapeutici vor fi \u00eenc\u00e2nta\u021bi s\u0103 afle c\u0103 \u0219iropul CBD este disponibil. Acesta, totu\u0219i, este subiectul unui alt articol!<\/p>\n<p>FA\u021aI SIROP THC: INSTRUC\u021aIUNI PAS CU PAS<\/p>\n<p>Dac\u0103 cau\u021bi o re\u021bet\u0103 simpl\u0103 de sirop THC, nu mai c\u0103uta. F\u0103r\u0103 \u00eendoial\u0103, pute\u021bi face acas\u0103 un sirop de THC turnabil cu doar c\u00e2teva ingrediente \u0219i hardware minim. Este probabil cel mai simplu produs de f\u0103cut singur, deoarece nu se a\u0219teapt\u0103 ca substan\u021be sintetice poten\u021bial periculoase s\u0103 extrag\u0103 THC din material vegetal.<\/p>\n<p>Pentru a v\u0103 crea propriul sirop cu THC, ve\u021bi avea nevoie de&#8230;.<\/p>\n<p>Ap\u0103. Aproximativ 200 ml va produce o cantitate rezonabil\u0103 de sirop. Deoarece formula este at\u00e2t de simpl\u0103, \u00een general pute\u021bi face c\u00e2te dori\u021bi mai t\u00e2rziu.<\/p>\n<p>Zah\u0103r. Cantitatea de zah\u0103r pe care o utiliza\u021bi va afecta perioada de timp \u00een care siropul de canabis poate fi p\u0103strat. Siropul f\u0103cut cu dou\u0103 sec\u021biuni de zah\u0103r \u0219i o sec\u021biune de ap\u0103 poate fi p\u0103strat aproximativ un sfert de an). De asemenea, se poate face un sirop 1:1, de\u0219i nu va dura la fel de mult.<\/p>\n<p>Diferite forme de THC brut decarboxilat (\u00eenflore\u0219te, t\u0103iat, shake, ha\u0219, ulei, pauz\u0103, cear\u0103, \u00eentr-un sens real). orice poate fi utilizat).<\/p>\n<p>DOZA DE SIROP DE THC<\/p>\n<p>Cantitatea de sirop de THC consumat\u0103 variaz\u0103 semnificativ \u00eentre individ. Este esen\u021bial s\u0103 fi\u021bi prudent \u0219i s\u0103 v\u0103 c\u00e2nt\u0103ri\u021bi capacitatea fa\u021b\u0103 de puterea oric\u0103rui articol care con\u021bine THC. sirop de tuse online, sirop de tuse de \u00eenalt\u0103 tehnologie, pre\u021b slab de \u00eenalt\u0103 tehnologie, sirop de tuse de \u00eenalt\u0103 tehnologie online, sirop de tuse de \u00eenalt\u0103 tehnologie online, sirop de tuse de v\u00e2nzare<\/p>\n<p>Problema cu siropurile amestecate de THC de cas\u0103 este c\u0103 lor puterea concentratului este adesea necunoscut\u0103. Dac\u0103 sunte\u021bi \u00eengrijorat de acest lucru sau pur \u0219i simplu nu dori\u021bi s\u0103 v\u0103 ocupa\u021bi de necazul (nesemnificativ) de a v\u0103 configura propriul dvs., c\u0103uta\u021bi mai jos alegerile noastre de top de pe pia\u021b\u0103 ast\u0103zi.<\/p>\n","protected":false},"excerpt":{"rendered":"<p>Cump\u0103ra\u021bi sirop de tuse Hi-Tech de v\u00e2nzare online \u00een Marea Britanie, Europa. Clorhidrat de prometazin\u0103 Hi-Tech \u0219i sirop de fosfat de codein\u0103&#8230; fiecare 5 ml con\u021bine: clorhidrat de prometazin\u0103 6,25 mg; fosfat de codein\u0103 10 mg. Alcool 7%Indicatie: Suprima tuse<\/p>\n","protected":false},"featured_media":4489,"comment_status":"open","ping_status":"closed","template":"","meta":[],"product_brand":[],"product_cat":[497],"product_tag":[],"class_list":{"0":"post-4455","1":"product","2":"type-product","3":"status-publish","4":"has-post-thumbnail","6":"product_cat-cumpara-tuse-sirop","8":"first","9":"instock","10":"shipping-taxable","11":"purchasable","12":"product-type-variable","13":"has-default-attributes"},"yoast_head":"<!-- This site is optimized with the Yoast SEO plugin v27.3 - https:\/\/yoast.com\/product\/yoast-seo-wordpress\/ -->\n<title>Cump\u0103ra\u021bi sirop de tuse Hi-Tech - Cele mai bune medicamente globale<\/title>\n<meta name=\"description\" content=\"Cump\u0103ra\u021bi sirop de tuse Hi-Tech de v\u00e2nzare \u00een Marea Britanie, Europa online. Clorhidrat de prometazin\u0103 Hi-Tech \u0219i sirop de fosfat de codein\u0103... fiecare 5 ml con\u021bine: clorhidrat de prometazin\u0103 6,25 mg; fosfat de codein\u0103 10 mg. Alcool 7%Indicatie: Suprima tuse\" \/>\n<meta name=\"robots\" content=\"index, follow, max-snippet:-1, max-image-preview:large, max-video-preview:-1\" \/>\n<link rel=\"canonical\" href=\"https:\/\/medicinasinc.com\/ro\/product\/buy-hi-tech-tuse-sirop\/\" \/>\n<meta property=\"og:locale\" content=\"en_US\" \/>\n<meta property=\"og:type\" content=\"article\" \/>\n<meta property=\"og:title\" content=\"Cump\u0103ra\u021bi sirop de tuse Hi-Tech - Cele mai bune medicamente globale\" \/>\n<meta property=\"og:description\" content=\"Cump\u0103ra\u021bi sirop de tuse Hi-Tech de v\u00e2nzare \u00een Marea Britanie, Europa online. Clorhidrat de prometazin\u0103 Hi-Tech \u0219i sirop de fosfat de codein\u0103... fiecare 5 ml con\u021bine: clorhidrat de prometazin\u0103 6,25 mg; fosfat de codein\u0103 10 mg. Alcool 7%Indicatie: Suprima tuse\" \/>\n<meta property=\"og:url\" content=\"https:\/\/medicinasinc.com\/ro\/product\/buy-hi-tech-tuse-sirop\/\" \/>\n<meta property=\"og:site_name\" content=\"Medicinas Inc\" \/>\n<meta property=\"article:modified_time\" content=\"2022-03-22T01:22:09+00:00\" \/>\n<meta property=\"og:image\" content=\"https:\/\/medicinasinc.com\/ro\/wp-content\/uploads\/sites\/11\/2022\/02\/buy-hi-tech-cough-syrup-online.jpg\" \/>\n\t<meta property=\"og:image:width\" content=\"600\" \/>\n\t<meta property=\"og:image:height\" content=\"600\" \/>\n\t<meta property=\"og:image:type\" content=\"image\/jpeg\" \/>\n<meta name=\"twitter:card\" content=\"summary_large_image\" \/>\n<meta name=\"twitter:label1\" content=\"Est. reading time\" \/>\n\t<meta name=\"twitter:data1\" content=\"3 minutes\" \/>\n<script type=\"application\/ld+json\" class=\"yoast-schema-graph\">{\"@context\":\"https:\\\/\\\/schema.org\",\"@graph\":[{\"@type\":\"WebPage\",\"@id\":\"https:\\\/\\\/medicinasinc.com\\\/ro\\\/product\\\/buy-hi-tech-tuse-sirop\\\/\",\"url\":\"https:\\\/\\\/medicinasinc.com\\\/ro\\\/product\\\/buy-hi-tech-tuse-sirop\\\/\",\"name\":\"Cump\u0103ra\u021bi sirop de tuse Hi-Tech - Cele mai bune medicamente globale\",\"isPartOf\":{\"@id\":\"https:\\\/\\\/medicinasinc.com\\\/ro\\\/#website\"},\"primaryImageOfPage\":{\"@id\":\"https:\\\/\\\/medicinasinc.com\\\/ro\\\/product\\\/buy-hi-tech-tuse-sirop\\\/#primaryimage\"},\"image\":{\"@id\":\"https:\\\/\\\/medicinasinc.com\\\/ro\\\/product\\\/buy-hi-tech-tuse-sirop\\\/#primaryimage\"},\"thumbnailUrl\":\"https:\\\/\\\/medicinasinc.com\\\/ro\\\/wp-content\\\/uploads\\\/sites\\\/11\\\/2022\\\/02\\\/buy-hi-tech-cough-syrup-online.jpg\",\"datePublished\":\"2022-02-20T09:28:05+00:00\",\"dateModified\":\"2022-03-22T01:22:09+00:00\",\"description\":\"Cump\u0103ra\u021bi sirop de tuse Hi-Tech de v\u00e2nzare \u00een Marea Britanie, Europa online. Clorhidrat de prometazin\u0103 Hi-Tech \u0219i sirop de fosfat de codein\u0103... fiecare 5 ml con\u021bine: clorhidrat de prometazin\u0103 6,25 mg; fosfat de codein\u0103 10 mg. Alcool 7%Indicatie: Suprima tuse\",\"breadcrumb\":{\"@id\":\"https:\\\/\\\/medicinasinc.com\\\/ro\\\/product\\\/buy-hi-tech-tuse-sirop\\\/#breadcrumb\"},\"inLanguage\":\"en-US\",\"potentialAction\":[{\"@type\":\"ReadAction\",\"target\":[\"https:\\\/\\\/medicinasinc.com\\\/ro\\\/product\\\/buy-hi-tech-tuse-sirop\\\/\"]}]},{\"@type\":\"ImageObject\",\"inLanguage\":\"en-US\",\"@id\":\"https:\\\/\\\/medicinasinc.com\\\/ro\\\/product\\\/buy-hi-tech-tuse-sirop\\\/#primaryimage\",\"url\":\"https:\\\/\\\/medicinasinc.com\\\/ro\\\/wp-content\\\/uploads\\\/sites\\\/11\\\/2022\\\/02\\\/buy-hi-tech-cough-syrup-online.jpg\",\"contentUrl\":\"https:\\\/\\\/medicinasinc.com\\\/ro\\\/wp-content\\\/uploads\\\/sites\\\/11\\\/2022\\\/02\\\/buy-hi-tech-cough-syrup-online.jpg\",\"width\":600,\"height\":600},{\"@type\":\"BreadcrumbList\",\"@id\":\"https:\\\/\\\/medicinasinc.com\\\/ro\\\/product\\\/buy-hi-tech-tuse-sirop\\\/#breadcrumb\",\"itemListElement\":[{\"@type\":\"ListItem\",\"position\":1,\"name\":\"Magazin\",\"item\":\"https:\\\/\\\/medicinasinc.com\\\/ro\\\/magazin\\\/\"},{\"@type\":\"ListItem\",\"position\":2,\"name\":\"Cump\u0103ra\u021bi sirop de tuse Hi-Tech\"}]},{\"@type\":\"WebSite\",\"@id\":\"https:\\\/\\\/medicinasinc.com\\\/ro\\\/#website\",\"url\":\"https:\\\/\\\/medicinasinc.com\\\/ro\\\/\",\"name\":\"Medicinas Inc\",\"description\":\"Health Medical Clinic\",\"potentialAction\":[{\"@type\":\"SearchAction\",\"target\":{\"@type\":\"EntryPoint\",\"urlTemplate\":\"https:\\\/\\\/medicinasinc.com\\\/ro\\\/?s={search_term_string}\"},\"query-input\":{\"@type\":\"PropertyValueSpecification\",\"valueRequired\":true,\"valueName\":\"search_term_string\"}}],\"inLanguage\":\"en-US\"}]}<\/script>\n<!-- \/ Yoast SEO plugin. -->","yoast_head_json":{"title":"Cump\u0103ra\u021bi sirop de tuse Hi-Tech - Cele mai bune medicamente globale","description":"Cump\u0103ra\u021bi sirop de tuse Hi-Tech de v\u00e2nzare \u00een Marea Britanie, Europa online. Clorhidrat de prometazin\u0103 Hi-Tech \u0219i sirop de fosfat de codein\u0103... fiecare 5 ml con\u021bine: clorhidrat de prometazin\u0103 6,25 mg; fosfat de codein\u0103 10 mg. Alcool 7%Indicatie: Suprima tuse","robots":{"index":"index","follow":"follow","max-snippet":"max-snippet:-1","max-image-preview":"max-image-preview:large","max-video-preview":"max-video-preview:-1"},"canonical":"https:\/\/medicinasinc.com\/ro\/product\/buy-hi-tech-tuse-sirop\/","og_locale":"en_US","og_type":"article","og_title":"Cump\u0103ra\u021bi sirop de tuse Hi-Tech - Cele mai bune medicamente globale","og_description":"Cump\u0103ra\u021bi sirop de tuse Hi-Tech de v\u00e2nzare \u00een Marea Britanie, Europa online. Clorhidrat de prometazin\u0103 Hi-Tech \u0219i sirop de fosfat de codein\u0103... fiecare 5 ml con\u021bine: clorhidrat de prometazin\u0103 6,25 mg; fosfat de codein\u0103 10 mg. Alcool 7%Indicatie: Suprima tuse","og_url":"https:\/\/medicinasinc.com\/ro\/product\/buy-hi-tech-tuse-sirop\/","og_site_name":"Medicinas Inc","article_modified_time":"2022-03-22T01:22:09+00:00","og_image":[{"width":600,"height":600,"url":"https:\/\/medicinasinc.com\/ro\/wp-content\/uploads\/sites\/11\/2022\/02\/buy-hi-tech-cough-syrup-online.jpg","type":"image\/jpeg"}],"twitter_card":"summary_large_image","twitter_misc":{"Est. reading time":"3 minutes"},"schema":{"@context":"https:\/\/schema.org","@graph":[{"@type":"WebPage","@id":"https:\/\/medicinasinc.com\/ro\/product\/buy-hi-tech-tuse-sirop\/","url":"https:\/\/medicinasinc.com\/ro\/product\/buy-hi-tech-tuse-sirop\/","name":"Cump\u0103ra\u021bi sirop de tuse Hi-Tech - Cele mai bune medicamente globale","isPartOf":{"@id":"https:\/\/medicinasinc.com\/ro\/#website"},"primaryImageOfPage":{"@id":"https:\/\/medicinasinc.com\/ro\/product\/buy-hi-tech-tuse-sirop\/#primaryimage"},"image":{"@id":"https:\/\/medicinasinc.com\/ro\/product\/buy-hi-tech-tuse-sirop\/#primaryimage"},"thumbnailUrl":"https:\/\/medicinasinc.com\/ro\/wp-content\/uploads\/sites\/11\/2022\/02\/buy-hi-tech-cough-syrup-online.jpg","datePublished":"2022-02-20T09:28:05+00:00","dateModified":"2022-03-22T01:22:09+00:00","description":"Cump\u0103ra\u021bi sirop de tuse Hi-Tech de v\u00e2nzare \u00een Marea Britanie, Europa online. Clorhidrat de prometazin\u0103 Hi-Tech \u0219i sirop de fosfat de codein\u0103... fiecare 5 ml con\u021bine: clorhidrat de prometazin\u0103 6,25 mg; fosfat de codein\u0103 10 mg. Alcool 7%Indicatie: Suprima tuse","breadcrumb":{"@id":"https:\/\/medicinasinc.com\/ro\/product\/buy-hi-tech-tuse-sirop\/#breadcrumb"},"inLanguage":"en-US","potentialAction":[{"@type":"ReadAction","target":["https:\/\/medicinasinc.com\/ro\/product\/buy-hi-tech-tuse-sirop\/"]}]},{"@type":"ImageObject","inLanguage":"en-US","@id":"https:\/\/medicinasinc.com\/ro\/product\/buy-hi-tech-tuse-sirop\/#primaryimage","url":"https:\/\/medicinasinc.com\/ro\/wp-content\/uploads\/sites\/11\/2022\/02\/buy-hi-tech-cough-syrup-online.jpg","contentUrl":"https:\/\/medicinasinc.com\/ro\/wp-content\/uploads\/sites\/11\/2022\/02\/buy-hi-tech-cough-syrup-online.jpg","width":600,"height":600},{"@type":"BreadcrumbList","@id":"https:\/\/medicinasinc.com\/ro\/product\/buy-hi-tech-tuse-sirop\/#breadcrumb","itemListElement":[{"@type":"ListItem","position":1,"name":"Magazin","item":"https:\/\/medicinasinc.com\/ro\/magazin\/"},{"@type":"ListItem","position":2,"name":"Cump\u0103ra\u021bi sirop de tuse Hi-Tech"}]},{"@type":"WebSite","@id":"https:\/\/medicinasinc.com\/ro\/#website","url":"https:\/\/medicinasinc.com\/ro\/","name":"Medicinas Inc","description":"Health Medical Clinic","potentialAction":[{"@type":"SearchAction","target":{"@type":"EntryPoint","urlTemplate":"https:\/\/medicinasinc.com\/ro\/?s={search_term_string}"},"query-input":{"@type":"PropertyValueSpecification","valueRequired":true,"valueName":"search_term_string"}}],"inLanguage":"en-US"}]}},"_links":{"self":[{"href":"https:\/\/medicinasinc.com\/ro\/wp-json\/wp\/v2\/product\/4455","targetHints":{"allow":["GET"]}}],"collection":[{"href":"https:\/\/medicinasinc.com\/ro\/wp-json\/wp\/v2\/product"}],"about":[{"href":"https:\/\/medicinasinc.com\/ro\/wp-json\/wp\/v2\/types\/product"}],"replies":[{"embeddable":true,"href":"https:\/\/medicinasinc.com\/ro\/wp-json\/wp\/v2\/comments?post=4455"}],"wp:featuredmedia":[{"embeddable":true,"href":"https:\/\/medicinasinc.com\/ro\/wp-json\/wp\/v2\/media\/4489"}],"wp:attachment":[{"href":"https:\/\/medicinasinc.com\/ro\/wp-json\/wp\/v2\/media?parent=4455"}],"wp:term":[{"taxonomy":"product_brand","embeddable":true,"href":"https:\/\/medicinasinc.com\/ro\/wp-json\/wp\/v2\/product_brand?post=4455"},{"taxonomy":"product_cat","embeddable":true,"href":"https:\/\/medicinasinc.com\/ro\/wp-json\/wp\/v2\/product_cat?post=4455"},{"taxonomy":"product_tag","embeddable":true,"href":"https:\/\/medicinasinc.com\/ro\/wp-json\/wp\/v2\/product_tag?post=4455"}],"curies":[{"name":"wp","href":"https:\/\/api.w.org\/{rel}","templated":true}]}}