{"id":4449,"date":"2022-02-20T09:24:06","date_gmt":"2022-02-20T09:24:06","guid":{"rendered":"https:\/\/medicinasinc.com\/ro\/?post_type=product&#038;p=4449"},"modified":"2022-03-22T01:22:18","modified_gmt":"2022-03-22T01:22:18","slug":"cumpara-actavis-promethazine-sirop-tuse-16oz","status":"publish","type":"product","link":"https:\/\/medicinasinc.com\/ro\/product\/cumpara-actavis-promethazine-sirop-tuse-16oz\/","title":{"rendered":"Cump\u0103ra\u021bi actavis promethazine sirop de tuse 16OZ"},"content":{"rendered":"<h1>cump\u0103ra\u021bi Actavis promethazine sirop de tuse 16OZ<\/h1>\n<p>cump\u0103ra\u021bi Actavis promethazine sirop de tuse 16OZ folosind western union, MoneyGram sau bitcoins. Avem \u0219i cocain\u0103 de v\u00e2nzare la pre\u021buri foarte ieftine. Actavis de vanzare la preturi ieftine. Vino \u0219i plaseaz\u0103 comanda acum.<\/p>\n","protected":false},"excerpt":{"rendered":"<div class=\"woocommerce-product-details__short-description\">\n<p>cump\u0103ra\u021bi actavis promethazine sirop de tuse de v\u00e2nzare Marea Britanie, Europa 16 OZ. prometh cu codein\u0103 sirop de tuse prometazin\u0103 cu codein\u0103 de v\u00e2nzare online actavis de v\u00e2nzare online comand\u0103 actavis online<\/p>\n<\/p><\/div>\n","protected":false},"featured_media":4481,"comment_status":"open","ping_status":"closed","template":"","meta":[],"product_brand":[],"product_cat":[497],"product_tag":[],"class_list":{"0":"post-4449","1":"product","2":"type-product","3":"status-publish","4":"has-post-thumbnail","6":"product_cat-cumpara-tuse-sirop","8":"first","9":"instock","10":"shipping-taxable","11":"purchasable","12":"product-type-variable","13":"has-default-attributes"},"yoast_head":"<!-- This site is optimized with the Yoast SEO plugin v27.3 - https:\/\/yoast.com\/product\/yoast-seo-wordpress\/ -->\n<title>Cump\u0103ra\u021bi actavis promethazine sirop de tuse 16OZ - Best Best Global Meds<\/title>\n<meta name=\"description\" content=\"cump\u0103ra actavis promethazine sirop de tuse de v\u00e2nzare Marea Britanie, Europa 16OZ. prometazin sirop de tuse cu codeina prometazina cu codeina de vanzare online actavis de vanzare online comanda actavis online\" \/>\n<meta name=\"robots\" content=\"index, follow, max-snippet:-1, max-image-preview:large, max-video-preview:-1\" \/>\n<link rel=\"canonical\" href=\"https:\/\/medicinasinc.com\/ro\/product\/cumpara-actavis-promethazine-sirop-tuse-16oz\/\" \/>\n<meta property=\"og:locale\" content=\"en_US\" \/>\n<meta property=\"og:type\" content=\"article\" \/>\n<meta property=\"og:title\" content=\"Cump\u0103ra\u021bi actavis promethazine sirop de tuse 16OZ - Best Best Global Meds\" \/>\n<meta property=\"og:description\" content=\"cump\u0103ra actavis promethazine sirop de tuse de v\u00e2nzare Marea Britanie, Europa 16OZ. prometazin sirop de tuse cu codeina prometazina cu codeina de vanzare online actavis de vanzare online comanda actavis online\" \/>\n<meta property=\"og:url\" content=\"https:\/\/medicinasinc.com\/ro\/product\/cumpara-actavis-promethazine-sirop-tuse-16oz\/\" \/>\n<meta property=\"og:site_name\" content=\"Medicinas Inc\" \/>\n<meta property=\"article:modified_time\" content=\"2022-03-22T01:22:18+00:00\" \/>\n<meta property=\"og:image\" content=\"https:\/\/medicinasinc.com\/ro\/wp-content\/uploads\/sites\/11\/2022\/02\/buy-actavis-promethazine-cough-syrup-16oz.jpg\" \/>\n\t<meta property=\"og:image:width\" content=\"600\" \/>\n\t<meta property=\"og:image:height\" content=\"600\" \/>\n\t<meta property=\"og:image:type\" content=\"image\/jpeg\" \/>\n<meta name=\"twitter:card\" content=\"summary_large_image\" \/>\n<meta name=\"twitter:label1\" content=\"Est. reading time\" \/>\n\t<meta name=\"twitter:data1\" content=\"1 minute\" \/>\n<script type=\"application\/ld+json\" class=\"yoast-schema-graph\">{\"@context\":\"https:\\\/\\\/schema.org\",\"@graph\":[{\"@type\":\"WebPage\",\"@id\":\"https:\\\/\\\/medicinasinc.com\\\/ro\\\/product\\\/cumpara-actavis-promethazine-sirop-tuse-16oz\\\/\",\"url\":\"https:\\\/\\\/medicinasinc.com\\\/ro\\\/product\\\/cumpara-actavis-promethazine-sirop-tuse-16oz\\\/\",\"name\":\"Cump\u0103ra\u021bi actavis promethazine sirop de tuse 16OZ - Best Best Global Meds\",\"isPartOf\":{\"@id\":\"https:\\\/\\\/medicinasinc.com\\\/ro\\\/#website\"},\"primaryImageOfPage\":{\"@id\":\"https:\\\/\\\/medicinasinc.com\\\/ro\\\/product\\\/cumpara-actavis-promethazine-sirop-tuse-16oz\\\/#primaryimage\"},\"image\":{\"@id\":\"https:\\\/\\\/medicinasinc.com\\\/ro\\\/product\\\/cumpara-actavis-promethazine-sirop-tuse-16oz\\\/#primaryimage\"},\"thumbnailUrl\":\"https:\\\/\\\/medicinasinc.com\\\/ro\\\/wp-content\\\/uploads\\\/sites\\\/11\\\/2022\\\/02\\\/buy-actavis-promethazine-cough-syrup-16oz.jpg\",\"datePublished\":\"2022-02-20T09:24:06+00:00\",\"dateModified\":\"2022-03-22T01:22:18+00:00\",\"description\":\"cump\u0103ra actavis promethazine sirop de tuse de v\u00e2nzare Marea Britanie, Europa 16OZ. prometazin sirop de tuse cu codeina prometazina cu codeina de vanzare online actavis de vanzare online comanda actavis online\",\"breadcrumb\":{\"@id\":\"https:\\\/\\\/medicinasinc.com\\\/ro\\\/product\\\/cumpara-actavis-promethazine-sirop-tuse-16oz\\\/#breadcrumb\"},\"inLanguage\":\"en-US\",\"potentialAction\":[{\"@type\":\"ReadAction\",\"target\":[\"https:\\\/\\\/medicinasinc.com\\\/ro\\\/product\\\/cumpara-actavis-promethazine-sirop-tuse-16oz\\\/\"]}]},{\"@type\":\"ImageObject\",\"inLanguage\":\"en-US\",\"@id\":\"https:\\\/\\\/medicinasinc.com\\\/ro\\\/product\\\/cumpara-actavis-promethazine-sirop-tuse-16oz\\\/#primaryimage\",\"url\":\"https:\\\/\\\/medicinasinc.com\\\/ro\\\/wp-content\\\/uploads\\\/sites\\\/11\\\/2022\\\/02\\\/buy-actavis-promethazine-cough-syrup-16oz.jpg\",\"contentUrl\":\"https:\\\/\\\/medicinasinc.com\\\/ro\\\/wp-content\\\/uploads\\\/sites\\\/11\\\/2022\\\/02\\\/buy-actavis-promethazine-cough-syrup-16oz.jpg\",\"width\":600,\"height\":600},{\"@type\":\"BreadcrumbList\",\"@id\":\"https:\\\/\\\/medicinasinc.com\\\/ro\\\/product\\\/cumpara-actavis-promethazine-sirop-tuse-16oz\\\/#breadcrumb\",\"itemListElement\":[{\"@type\":\"ListItem\",\"position\":1,\"name\":\"Magazin\",\"item\":\"https:\\\/\\\/medicinasinc.com\\\/ro\\\/magazin\\\/\"},{\"@type\":\"ListItem\",\"position\":2,\"name\":\"Cump\u0103ra\u021bi actavis promethazine sirop de tuse 16OZ\"}]},{\"@type\":\"WebSite\",\"@id\":\"https:\\\/\\\/medicinasinc.com\\\/ro\\\/#website\",\"url\":\"https:\\\/\\\/medicinasinc.com\\\/ro\\\/\",\"name\":\"Medicinas Inc\",\"description\":\"Health Medical Clinic\",\"potentialAction\":[{\"@type\":\"SearchAction\",\"target\":{\"@type\":\"EntryPoint\",\"urlTemplate\":\"https:\\\/\\\/medicinasinc.com\\\/ro\\\/?s={search_term_string}\"},\"query-input\":{\"@type\":\"PropertyValueSpecification\",\"valueRequired\":true,\"valueName\":\"search_term_string\"}}],\"inLanguage\":\"en-US\"}]}<\/script>\n<!-- \/ Yoast SEO plugin. -->","yoast_head_json":{"title":"Cump\u0103ra\u021bi actavis promethazine sirop de tuse 16OZ - Best Best Global Meds","description":"cump\u0103ra actavis promethazine sirop de tuse de v\u00e2nzare Marea Britanie, Europa 16OZ. prometazin sirop de tuse cu codeina prometazina cu codeina de vanzare online actavis de vanzare online comanda actavis online","robots":{"index":"index","follow":"follow","max-snippet":"max-snippet:-1","max-image-preview":"max-image-preview:large","max-video-preview":"max-video-preview:-1"},"canonical":"https:\/\/medicinasinc.com\/ro\/product\/cumpara-actavis-promethazine-sirop-tuse-16oz\/","og_locale":"en_US","og_type":"article","og_title":"Cump\u0103ra\u021bi actavis promethazine sirop de tuse 16OZ - Best Best Global Meds","og_description":"cump\u0103ra actavis promethazine sirop de tuse de v\u00e2nzare Marea Britanie, Europa 16OZ. prometazin sirop de tuse cu codeina prometazina cu codeina de vanzare online actavis de vanzare online comanda actavis online","og_url":"https:\/\/medicinasinc.com\/ro\/product\/cumpara-actavis-promethazine-sirop-tuse-16oz\/","og_site_name":"Medicinas Inc","article_modified_time":"2022-03-22T01:22:18+00:00","og_image":[{"width":600,"height":600,"url":"https:\/\/medicinasinc.com\/ro\/wp-content\/uploads\/sites\/11\/2022\/02\/buy-actavis-promethazine-cough-syrup-16oz.jpg","type":"image\/jpeg"}],"twitter_card":"summary_large_image","twitter_misc":{"Est. reading time":"1 minute"},"schema":{"@context":"https:\/\/schema.org","@graph":[{"@type":"WebPage","@id":"https:\/\/medicinasinc.com\/ro\/product\/cumpara-actavis-promethazine-sirop-tuse-16oz\/","url":"https:\/\/medicinasinc.com\/ro\/product\/cumpara-actavis-promethazine-sirop-tuse-16oz\/","name":"Cump\u0103ra\u021bi actavis promethazine sirop de tuse 16OZ - Best Best Global Meds","isPartOf":{"@id":"https:\/\/medicinasinc.com\/ro\/#website"},"primaryImageOfPage":{"@id":"https:\/\/medicinasinc.com\/ro\/product\/cumpara-actavis-promethazine-sirop-tuse-16oz\/#primaryimage"},"image":{"@id":"https:\/\/medicinasinc.com\/ro\/product\/cumpara-actavis-promethazine-sirop-tuse-16oz\/#primaryimage"},"thumbnailUrl":"https:\/\/medicinasinc.com\/ro\/wp-content\/uploads\/sites\/11\/2022\/02\/buy-actavis-promethazine-cough-syrup-16oz.jpg","datePublished":"2022-02-20T09:24:06+00:00","dateModified":"2022-03-22T01:22:18+00:00","description":"cump\u0103ra actavis promethazine sirop de tuse de v\u00e2nzare Marea Britanie, Europa 16OZ. prometazin sirop de tuse cu codeina prometazina cu codeina de vanzare online actavis de vanzare online comanda actavis online","breadcrumb":{"@id":"https:\/\/medicinasinc.com\/ro\/product\/cumpara-actavis-promethazine-sirop-tuse-16oz\/#breadcrumb"},"inLanguage":"en-US","potentialAction":[{"@type":"ReadAction","target":["https:\/\/medicinasinc.com\/ro\/product\/cumpara-actavis-promethazine-sirop-tuse-16oz\/"]}]},{"@type":"ImageObject","inLanguage":"en-US","@id":"https:\/\/medicinasinc.com\/ro\/product\/cumpara-actavis-promethazine-sirop-tuse-16oz\/#primaryimage","url":"https:\/\/medicinasinc.com\/ro\/wp-content\/uploads\/sites\/11\/2022\/02\/buy-actavis-promethazine-cough-syrup-16oz.jpg","contentUrl":"https:\/\/medicinasinc.com\/ro\/wp-content\/uploads\/sites\/11\/2022\/02\/buy-actavis-promethazine-cough-syrup-16oz.jpg","width":600,"height":600},{"@type":"BreadcrumbList","@id":"https:\/\/medicinasinc.com\/ro\/product\/cumpara-actavis-promethazine-sirop-tuse-16oz\/#breadcrumb","itemListElement":[{"@type":"ListItem","position":1,"name":"Magazin","item":"https:\/\/medicinasinc.com\/ro\/magazin\/"},{"@type":"ListItem","position":2,"name":"Cump\u0103ra\u021bi actavis promethazine sirop de tuse 16OZ"}]},{"@type":"WebSite","@id":"https:\/\/medicinasinc.com\/ro\/#website","url":"https:\/\/medicinasinc.com\/ro\/","name":"Medicinas Inc","description":"Health Medical Clinic","potentialAction":[{"@type":"SearchAction","target":{"@type":"EntryPoint","urlTemplate":"https:\/\/medicinasinc.com\/ro\/?s={search_term_string}"},"query-input":{"@type":"PropertyValueSpecification","valueRequired":true,"valueName":"search_term_string"}}],"inLanguage":"en-US"}]}},"_links":{"self":[{"href":"https:\/\/medicinasinc.com\/ro\/wp-json\/wp\/v2\/product\/4449","targetHints":{"allow":["GET"]}}],"collection":[{"href":"https:\/\/medicinasinc.com\/ro\/wp-json\/wp\/v2\/product"}],"about":[{"href":"https:\/\/medicinasinc.com\/ro\/wp-json\/wp\/v2\/types\/product"}],"replies":[{"embeddable":true,"href":"https:\/\/medicinasinc.com\/ro\/wp-json\/wp\/v2\/comments?post=4449"}],"wp:featuredmedia":[{"embeddable":true,"href":"https:\/\/medicinasinc.com\/ro\/wp-json\/wp\/v2\/media\/4481"}],"wp:attachment":[{"href":"https:\/\/medicinasinc.com\/ro\/wp-json\/wp\/v2\/media?parent=4449"}],"wp:term":[{"taxonomy":"product_brand","embeddable":true,"href":"https:\/\/medicinasinc.com\/ro\/wp-json\/wp\/v2\/product_brand?post=4449"},{"taxonomy":"product_cat","embeddable":true,"href":"https:\/\/medicinasinc.com\/ro\/wp-json\/wp\/v2\/product_cat?post=4449"},{"taxonomy":"product_tag","embeddable":true,"href":"https:\/\/medicinasinc.com\/ro\/wp-json\/wp\/v2\/product_tag?post=4449"}],"curies":[{"name":"wp","href":"https:\/\/api.w.org\/{rel}","templated":true}]}}