{"id":4431,"date":"2022-02-20T09:14:34","date_gmt":"2022-02-20T09:14:34","guid":{"rendered":"https:\/\/medicinasinc.com\/ro\/?post_type=product&#038;p=4431"},"modified":"2022-03-22T01:22:35","modified_gmt":"2022-03-22T01:22:35","slug":"cumpara-thc-distilat-extract-superior","status":"publish","type":"product","link":"https:\/\/medicinasinc.com\/ro\/product\/cumpara-thc-distilat-extract-superior\/","title":{"rendered":"Cump\u0103ra\u021bi distilat THC \u2013 Extract superior"},"content":{"rendered":"<p>Cump\u0103ra\u021bi distilat de THC \u2013 Extract premium<\/p>\n<p>Distilatul de THC premium este un concentrat de canabis produs \u00een Canada. Acest produs a fost testat \u00een laborator \u0219i s-a dovedit c\u0103 con\u021bine o concentra\u021bie mare de THC, variind de la 95 la 98 la sut\u0103. Distilatul nostru de THC este extrem de stabil la temperatura camerei \u0219i nu va curge. \u00cen plus, este de o calitate excep\u021bional\u0103, f\u0103r\u0103 solven\u021bi, limpede \u0219i transparent. Distilatul este un tip de extract care este utilizat \u00eentr-o varietate de moduri. Pentru a numi c\u00e2teva, acestea includ reumplerea cartu\u015felor de vapa, crearea de comestibile \u0219i tamponarea \u00eentr-o platform\u0103.<\/p>\n","protected":false},"excerpt":{"rendered":"<ul>\n<li>Livrare \u00een toat\u0103 lumea<\/li>\n<li>Cantitatea minim\u0103 de comand\u0103 este de <strong>2<\/strong><\/li>\n<li><strong>Contacta\u021bi-ne<\/strong>\u00a0pentru comenzi mai mari<\/li>\n<p>&gt; <\/ul>\n","protected":false},"featured_media":4465,"comment_status":"open","ping_status":"closed","template":"","meta":[],"product_brand":[],"product_cat":[440],"product_tag":[],"class_list":{"0":"post-4431","1":"product","2":"type-product","3":"status-publish","4":"has-post-thumbnail","6":"product_cat-cumpara-cannabis-ulei-de-cbd","8":"first","9":"instock","10":"shipping-taxable","11":"purchasable","12":"product-type-variable","13":"has-default-attributes"},"yoast_head":"<!-- This site is optimized with the Yoast SEO plugin v27.3 - https:\/\/yoast.com\/product\/yoast-seo-wordpress\/ -->\n<title>Cump\u0103ra\u021bi distilat THC \u2013 Extract superior \u2013 Cele mai bune medicamente globale<\/title>\n<meta name=\"description\" content=\"Cump\u0103ra\u021bi extract superior de distilat THC \u0219i concentrate de THC de v\u00e2nzare din cel mai bun dispensar online din Marea Britanie, Europa. Comand\u0103 acum \u0219i beneficiaz\u0103 de transport gratuit la cump\u0103r\u0103turi de peste 150 USD!\" \/>\n<meta name=\"robots\" content=\"index, follow, max-snippet:-1, max-image-preview:large, max-video-preview:-1\" \/>\n<link rel=\"canonical\" href=\"https:\/\/medicinasinc.com\/ro\/product\/cumpara-thc-distilat-extract-superior\/\" \/>\n<meta property=\"og:locale\" content=\"en_US\" \/>\n<meta property=\"og:type\" content=\"article\" \/>\n<meta property=\"og:title\" content=\"Cump\u0103ra\u021bi distilat THC \u2013 Extract superior \u2013 Cele mai bune medicamente globale\" \/>\n<meta property=\"og:description\" content=\"Cump\u0103ra\u021bi extract superior de distilat THC \u0219i concentrate de THC de v\u00e2nzare din cel mai bun dispensar online din Marea Britanie, Europa. Comand\u0103 acum \u0219i beneficiaz\u0103 de transport gratuit la cump\u0103r\u0103turi de peste 150 USD!\" \/>\n<meta property=\"og:url\" content=\"https:\/\/medicinasinc.com\/ro\/product\/cumpara-thc-distilat-extract-superior\/\" \/>\n<meta property=\"og:site_name\" content=\"Medicinas Inc\" \/>\n<meta property=\"article:modified_time\" content=\"2022-03-22T01:22:35+00:00\" \/>\n<meta property=\"og:image\" content=\"https:\/\/medicinasinc.com\/ro\/wp-content\/uploads\/sites\/11\/2022\/02\/Buy-THC-DISTILLATE-1.jpg\" \/>\n\t<meta property=\"og:image:width\" content=\"800\" \/>\n\t<meta property=\"og:image:height\" content=\"800\" \/>\n\t<meta property=\"og:image:type\" content=\"image\/jpeg\" \/>\n<meta name=\"twitter:card\" content=\"summary_large_image\" \/>\n<meta name=\"twitter:label1\" content=\"Est. reading time\" \/>\n\t<meta name=\"twitter:data1\" content=\"1 minute\" \/>\n<script type=\"application\/ld+json\" class=\"yoast-schema-graph\">{\"@context\":\"https:\\\/\\\/schema.org\",\"@graph\":[{\"@type\":\"WebPage\",\"@id\":\"https:\\\/\\\/medicinasinc.com\\\/ro\\\/product\\\/cumpara-thc-distilat-extract-superior\\\/\",\"url\":\"https:\\\/\\\/medicinasinc.com\\\/ro\\\/product\\\/cumpara-thc-distilat-extract-superior\\\/\",\"name\":\"Cump\u0103ra\u021bi distilat THC \u2013 Extract superior \u2013 Cele mai bune medicamente globale\",\"isPartOf\":{\"@id\":\"https:\\\/\\\/medicinasinc.com\\\/ro\\\/#website\"},\"primaryImageOfPage\":{\"@id\":\"https:\\\/\\\/medicinasinc.com\\\/ro\\\/product\\\/cumpara-thc-distilat-extract-superior\\\/#primaryimage\"},\"image\":{\"@id\":\"https:\\\/\\\/medicinasinc.com\\\/ro\\\/product\\\/cumpara-thc-distilat-extract-superior\\\/#primaryimage\"},\"thumbnailUrl\":\"https:\\\/\\\/medicinasinc.com\\\/ro\\\/wp-content\\\/uploads\\\/sites\\\/11\\\/2022\\\/02\\\/Buy-THC-DISTILLATE-1.jpg\",\"datePublished\":\"2022-02-20T09:14:34+00:00\",\"dateModified\":\"2022-03-22T01:22:35+00:00\",\"description\":\"Cump\u0103ra\u021bi extract superior de distilat THC \u0219i concentrate de THC de v\u00e2nzare din cel mai bun dispensar online din Marea Britanie, Europa. Comand\u0103 acum \u0219i beneficiaz\u0103 de transport gratuit la cump\u0103r\u0103turi de peste 150 USD!\",\"breadcrumb\":{\"@id\":\"https:\\\/\\\/medicinasinc.com\\\/ro\\\/product\\\/cumpara-thc-distilat-extract-superior\\\/#breadcrumb\"},\"inLanguage\":\"en-US\",\"potentialAction\":[{\"@type\":\"ReadAction\",\"target\":[\"https:\\\/\\\/medicinasinc.com\\\/ro\\\/product\\\/cumpara-thc-distilat-extract-superior\\\/\"]}]},{\"@type\":\"ImageObject\",\"inLanguage\":\"en-US\",\"@id\":\"https:\\\/\\\/medicinasinc.com\\\/ro\\\/product\\\/cumpara-thc-distilat-extract-superior\\\/#primaryimage\",\"url\":\"https:\\\/\\\/medicinasinc.com\\\/ro\\\/wp-content\\\/uploads\\\/sites\\\/11\\\/2022\\\/02\\\/Buy-THC-DISTILLATE-1.jpg\",\"contentUrl\":\"https:\\\/\\\/medicinasinc.com\\\/ro\\\/wp-content\\\/uploads\\\/sites\\\/11\\\/2022\\\/02\\\/Buy-THC-DISTILLATE-1.jpg\",\"width\":800,\"height\":800},{\"@type\":\"BreadcrumbList\",\"@id\":\"https:\\\/\\\/medicinasinc.com\\\/ro\\\/product\\\/cumpara-thc-distilat-extract-superior\\\/#breadcrumb\",\"itemListElement\":[{\"@type\":\"ListItem\",\"position\":1,\"name\":\"Magazin\",\"item\":\"https:\\\/\\\/medicinasinc.com\\\/ro\\\/magazin\\\/\"},{\"@type\":\"ListItem\",\"position\":2,\"name\":\"Cump\u0103ra\u021bi distilat THC \u2013 Extract superior\"}]},{\"@type\":\"WebSite\",\"@id\":\"https:\\\/\\\/medicinasinc.com\\\/ro\\\/#website\",\"url\":\"https:\\\/\\\/medicinasinc.com\\\/ro\\\/\",\"name\":\"Medicinas Inc\",\"description\":\"Health Medical Clinic\",\"potentialAction\":[{\"@type\":\"SearchAction\",\"target\":{\"@type\":\"EntryPoint\",\"urlTemplate\":\"https:\\\/\\\/medicinasinc.com\\\/ro\\\/?s={search_term_string}\"},\"query-input\":{\"@type\":\"PropertyValueSpecification\",\"valueRequired\":true,\"valueName\":\"search_term_string\"}}],\"inLanguage\":\"en-US\"}]}<\/script>\n<!-- \/ Yoast SEO plugin. -->","yoast_head_json":{"title":"Cump\u0103ra\u021bi distilat THC \u2013 Extract superior \u2013 Cele mai bune medicamente globale","description":"Cump\u0103ra\u021bi extract superior de distilat THC \u0219i concentrate de THC de v\u00e2nzare din cel mai bun dispensar online din Marea Britanie, Europa. Comand\u0103 acum \u0219i beneficiaz\u0103 de transport gratuit la cump\u0103r\u0103turi de peste 150 USD!","robots":{"index":"index","follow":"follow","max-snippet":"max-snippet:-1","max-image-preview":"max-image-preview:large","max-video-preview":"max-video-preview:-1"},"canonical":"https:\/\/medicinasinc.com\/ro\/product\/cumpara-thc-distilat-extract-superior\/","og_locale":"en_US","og_type":"article","og_title":"Cump\u0103ra\u021bi distilat THC \u2013 Extract superior \u2013 Cele mai bune medicamente globale","og_description":"Cump\u0103ra\u021bi extract superior de distilat THC \u0219i concentrate de THC de v\u00e2nzare din cel mai bun dispensar online din Marea Britanie, Europa. Comand\u0103 acum \u0219i beneficiaz\u0103 de transport gratuit la cump\u0103r\u0103turi de peste 150 USD!","og_url":"https:\/\/medicinasinc.com\/ro\/product\/cumpara-thc-distilat-extract-superior\/","og_site_name":"Medicinas Inc","article_modified_time":"2022-03-22T01:22:35+00:00","og_image":[{"width":800,"height":800,"url":"https:\/\/medicinasinc.com\/ro\/wp-content\/uploads\/sites\/11\/2022\/02\/Buy-THC-DISTILLATE-1.jpg","type":"image\/jpeg"}],"twitter_card":"summary_large_image","twitter_misc":{"Est. reading time":"1 minute"},"schema":{"@context":"https:\/\/schema.org","@graph":[{"@type":"WebPage","@id":"https:\/\/medicinasinc.com\/ro\/product\/cumpara-thc-distilat-extract-superior\/","url":"https:\/\/medicinasinc.com\/ro\/product\/cumpara-thc-distilat-extract-superior\/","name":"Cump\u0103ra\u021bi distilat THC \u2013 Extract superior \u2013 Cele mai bune medicamente globale","isPartOf":{"@id":"https:\/\/medicinasinc.com\/ro\/#website"},"primaryImageOfPage":{"@id":"https:\/\/medicinasinc.com\/ro\/product\/cumpara-thc-distilat-extract-superior\/#primaryimage"},"image":{"@id":"https:\/\/medicinasinc.com\/ro\/product\/cumpara-thc-distilat-extract-superior\/#primaryimage"},"thumbnailUrl":"https:\/\/medicinasinc.com\/ro\/wp-content\/uploads\/sites\/11\/2022\/02\/Buy-THC-DISTILLATE-1.jpg","datePublished":"2022-02-20T09:14:34+00:00","dateModified":"2022-03-22T01:22:35+00:00","description":"Cump\u0103ra\u021bi extract superior de distilat THC \u0219i concentrate de THC de v\u00e2nzare din cel mai bun dispensar online din Marea Britanie, Europa. Comand\u0103 acum \u0219i beneficiaz\u0103 de transport gratuit la cump\u0103r\u0103turi de peste 150 USD!","breadcrumb":{"@id":"https:\/\/medicinasinc.com\/ro\/product\/cumpara-thc-distilat-extract-superior\/#breadcrumb"},"inLanguage":"en-US","potentialAction":[{"@type":"ReadAction","target":["https:\/\/medicinasinc.com\/ro\/product\/cumpara-thc-distilat-extract-superior\/"]}]},{"@type":"ImageObject","inLanguage":"en-US","@id":"https:\/\/medicinasinc.com\/ro\/product\/cumpara-thc-distilat-extract-superior\/#primaryimage","url":"https:\/\/medicinasinc.com\/ro\/wp-content\/uploads\/sites\/11\/2022\/02\/Buy-THC-DISTILLATE-1.jpg","contentUrl":"https:\/\/medicinasinc.com\/ro\/wp-content\/uploads\/sites\/11\/2022\/02\/Buy-THC-DISTILLATE-1.jpg","width":800,"height":800},{"@type":"BreadcrumbList","@id":"https:\/\/medicinasinc.com\/ro\/product\/cumpara-thc-distilat-extract-superior\/#breadcrumb","itemListElement":[{"@type":"ListItem","position":1,"name":"Magazin","item":"https:\/\/medicinasinc.com\/ro\/magazin\/"},{"@type":"ListItem","position":2,"name":"Cump\u0103ra\u021bi distilat THC \u2013 Extract superior"}]},{"@type":"WebSite","@id":"https:\/\/medicinasinc.com\/ro\/#website","url":"https:\/\/medicinasinc.com\/ro\/","name":"Medicinas Inc","description":"Health Medical Clinic","potentialAction":[{"@type":"SearchAction","target":{"@type":"EntryPoint","urlTemplate":"https:\/\/medicinasinc.com\/ro\/?s={search_term_string}"},"query-input":{"@type":"PropertyValueSpecification","valueRequired":true,"valueName":"search_term_string"}}],"inLanguage":"en-US"}]}},"_links":{"self":[{"href":"https:\/\/medicinasinc.com\/ro\/wp-json\/wp\/v2\/product\/4431","targetHints":{"allow":["GET"]}}],"collection":[{"href":"https:\/\/medicinasinc.com\/ro\/wp-json\/wp\/v2\/product"}],"about":[{"href":"https:\/\/medicinasinc.com\/ro\/wp-json\/wp\/v2\/types\/product"}],"replies":[{"embeddable":true,"href":"https:\/\/medicinasinc.com\/ro\/wp-json\/wp\/v2\/comments?post=4431"}],"wp:featuredmedia":[{"embeddable":true,"href":"https:\/\/medicinasinc.com\/ro\/wp-json\/wp\/v2\/media\/4465"}],"wp:attachment":[{"href":"https:\/\/medicinasinc.com\/ro\/wp-json\/wp\/v2\/media?parent=4431"}],"wp:term":[{"taxonomy":"product_brand","embeddable":true,"href":"https:\/\/medicinasinc.com\/ro\/wp-json\/wp\/v2\/product_brand?post=4431"},{"taxonomy":"product_cat","embeddable":true,"href":"https:\/\/medicinasinc.com\/ro\/wp-json\/wp\/v2\/product_cat?post=4431"},{"taxonomy":"product_tag","embeddable":true,"href":"https:\/\/medicinasinc.com\/ro\/wp-json\/wp\/v2\/product_tag?post=4431"}],"curies":[{"name":"wp","href":"https:\/\/api.w.org\/{rel}","templated":true}]}}