{"id":4425,"date":"2022-02-20T09:10:27","date_gmt":"2022-02-20T09:10:27","guid":{"rendered":"https:\/\/medicinasinc.com\/ro\/?post_type=product&#038;p=4425"},"modified":"2022-03-22T01:22:47","modified_gmt":"2022-03-22T01:22:47","slug":"cumpara-skywalker-og-thc-distilat-extract-kosher","status":"publish","type":"product","link":"https:\/\/medicinasinc.com\/ro\/product\/cumpara-skywalker-og-thc-distilat-extract-kosher\/","title":{"rendered":"Cump\u0103ra\u021bi Skywalker OG THC Distillate \u2013 extract Kosher"},"content":{"rendered":"<p>Extract de distilat THC Kosher<\/p>\n<p>Distilatul de THC este unul dintre cele mai pure \u0219i mai puternice extracte de canabis de pe pia\u021b\u0103, oferind o mare varietate de beneficii \u0219i propriet\u0103\u021bi medicinale. Canabisul este descompus prin distilare molecular\u0103 pe cale scurt\u0103 p\u00e2n\u0103 c\u00e2nd aproape fiecare component\u0103 este separat\u0103 de THC (aceasta include: terpene, lipide din plante, pesticide \u0219i al\u021bi contaminan\u021bi). Aceast\u0103 metod\u0103 produce un extract de canabis extrem de pur, f\u0103r\u0103 a utiliza solven\u021bi pentru a extrage THC. \u00cempreun\u0103 cu aceast\u0103 puritate, distilarea produce un produs care este semnificativ mai puternic dec\u00e2t plantele uscate sau alte extracte de canabis. Distilatul de THC poate con\u021bine \u00eentre 85 \u0219i 99 la sut\u0103 THC!<\/p>\n","protected":false},"excerpt":{"rendered":"<p><em>Cump\u0103ra\u021bi Skywalker OG Distillate<\/em>\u00a0Seringa este un ulei Indica relaxant care calmeaz\u0103 mintea, relaxeaz\u0103 corpul \u0219i v\u0103 pune \u00eentr-o stare total\u0103 de euforie.<\/p>\n<p><em>Cump\u0103ra\u021bi Distilat Skywalker OG THC<\/em>\u00a0&#8211; Extras cu\u0219er online Canada de la cel mai mare dispensar online, Buy My Weed Online.<\/p>\n<ul>\n<li><\/li>\n<li>Livrare \u00een toat\u0103 lumea<\/li>\n<li>Cantitatea minim\u0103 de comand\u0103 este de 5<\/li>\n<p> &gt; <\/p>\n<li><strong>Contacta\u021bi-ne<\/strong>\u00a0pentru comenzi mai mari<\/li>\n<\/ul>\n","protected":false},"featured_media":4459,"comment_status":"open","ping_status":"closed","template":"","meta":[],"product_brand":[],"product_cat":[440],"product_tag":[],"class_list":{"0":"post-4425","1":"product","2":"type-product","3":"status-publish","4":"has-post-thumbnail","6":"product_cat-cumpara-cannabis-ulei-de-cbd","8":"first","9":"instock","10":"shipping-taxable","11":"purchasable","12":"product-type-variable","13":"has-default-attributes"},"yoast_head":"<!-- This site is optimized with the Yoast SEO plugin v27.3 - https:\/\/yoast.com\/product\/yoast-seo-wordpress\/ -->\n<title>Cump\u0103ra\u021bi distilat Skywalker OG THC \u2013 extract cu\u0219er - Cel mai bun avanpremier global al descrierii MedsMeta:<\/title>\n<meta name=\"description\" content=\"Cump\u0103ra\u021bi Skywalker OG THC Distillate reducere - extract cu\u0219er online din Europa de la cel mai mare dispensar online, Cump\u0103ra\u021bi My Weed Online.\" \/>\n<meta name=\"robots\" content=\"index, follow, max-snippet:-1, max-image-preview:large, max-video-preview:-1\" \/>\n<link rel=\"canonical\" href=\"https:\/\/medicinasinc.com\/ro\/product\/cumpara-skywalker-og-thc-distilat-extract-kosher\/\" \/>\n<meta property=\"og:locale\" content=\"en_US\" \/>\n<meta property=\"og:type\" content=\"article\" \/>\n<meta property=\"og:title\" content=\"Cump\u0103ra\u021bi distilat Skywalker OG THC \u2013 extract cu\u0219er - Cel mai bun avanpremier global al descrierii MedsMeta:\" \/>\n<meta property=\"og:description\" content=\"Cump\u0103ra\u021bi Skywalker OG THC Distillate reducere - extract cu\u0219er online din Europa de la cel mai mare dispensar online, Cump\u0103ra\u021bi My Weed Online.\" \/>\n<meta property=\"og:url\" content=\"https:\/\/medicinasinc.com\/ro\/product\/cumpara-skywalker-og-thc-distilat-extract-kosher\/\" \/>\n<meta property=\"og:site_name\" content=\"Medicinas Inc\" \/>\n<meta property=\"article:modified_time\" content=\"2022-03-22T01:22:47+00:00\" \/>\n<meta property=\"og:image\" content=\"https:\/\/medicinasinc.com\/ro\/wp-content\/uploads\/sites\/11\/2022\/02\/Buy-Skywalker-OG-THC-Distillate.jpg\" \/>\n\t<meta property=\"og:image:width\" content=\"980\" \/>\n\t<meta property=\"og:image:height\" content=\"980\" \/>\n\t<meta property=\"og:image:type\" content=\"image\/jpeg\" \/>\n<meta name=\"twitter:card\" content=\"summary_large_image\" \/>\n<meta name=\"twitter:label1\" content=\"Est. reading time\" \/>\n\t<meta name=\"twitter:data1\" content=\"1 minute\" \/>\n<script type=\"application\/ld+json\" class=\"yoast-schema-graph\">{\"@context\":\"https:\\\/\\\/schema.org\",\"@graph\":[{\"@type\":\"WebPage\",\"@id\":\"https:\\\/\\\/medicinasinc.com\\\/ro\\\/product\\\/cumpara-skywalker-og-thc-distilat-extract-kosher\\\/\",\"url\":\"https:\\\/\\\/medicinasinc.com\\\/ro\\\/product\\\/cumpara-skywalker-og-thc-distilat-extract-kosher\\\/\",\"name\":\"Cump\u0103ra\u021bi distilat Skywalker OG THC \u2013 extract cu\u0219er - Cel mai bun avanpremier global al descrierii MedsMeta:\",\"isPartOf\":{\"@id\":\"https:\\\/\\\/medicinasinc.com\\\/ro\\\/#website\"},\"primaryImageOfPage\":{\"@id\":\"https:\\\/\\\/medicinasinc.com\\\/ro\\\/product\\\/cumpara-skywalker-og-thc-distilat-extract-kosher\\\/#primaryimage\"},\"image\":{\"@id\":\"https:\\\/\\\/medicinasinc.com\\\/ro\\\/product\\\/cumpara-skywalker-og-thc-distilat-extract-kosher\\\/#primaryimage\"},\"thumbnailUrl\":\"https:\\\/\\\/medicinasinc.com\\\/ro\\\/wp-content\\\/uploads\\\/sites\\\/11\\\/2022\\\/02\\\/Buy-Skywalker-OG-THC-Distillate.jpg\",\"datePublished\":\"2022-02-20T09:10:27+00:00\",\"dateModified\":\"2022-03-22T01:22:47+00:00\",\"description\":\"Cump\u0103ra\u021bi Skywalker OG THC Distillate reducere - extract cu\u0219er online din Europa de la cel mai mare dispensar online, Cump\u0103ra\u021bi My Weed Online.\",\"breadcrumb\":{\"@id\":\"https:\\\/\\\/medicinasinc.com\\\/ro\\\/product\\\/cumpara-skywalker-og-thc-distilat-extract-kosher\\\/#breadcrumb\"},\"inLanguage\":\"en-US\",\"potentialAction\":[{\"@type\":\"ReadAction\",\"target\":[\"https:\\\/\\\/medicinasinc.com\\\/ro\\\/product\\\/cumpara-skywalker-og-thc-distilat-extract-kosher\\\/\"]}]},{\"@type\":\"ImageObject\",\"inLanguage\":\"en-US\",\"@id\":\"https:\\\/\\\/medicinasinc.com\\\/ro\\\/product\\\/cumpara-skywalker-og-thc-distilat-extract-kosher\\\/#primaryimage\",\"url\":\"https:\\\/\\\/medicinasinc.com\\\/ro\\\/wp-content\\\/uploads\\\/sites\\\/11\\\/2022\\\/02\\\/Buy-Skywalker-OG-THC-Distillate.jpg\",\"contentUrl\":\"https:\\\/\\\/medicinasinc.com\\\/ro\\\/wp-content\\\/uploads\\\/sites\\\/11\\\/2022\\\/02\\\/Buy-Skywalker-OG-THC-Distillate.jpg\",\"width\":980,\"height\":980},{\"@type\":\"BreadcrumbList\",\"@id\":\"https:\\\/\\\/medicinasinc.com\\\/ro\\\/product\\\/cumpara-skywalker-og-thc-distilat-extract-kosher\\\/#breadcrumb\",\"itemListElement\":[{\"@type\":\"ListItem\",\"position\":1,\"name\":\"Magazin\",\"item\":\"https:\\\/\\\/medicinasinc.com\\\/ro\\\/magazin\\\/\"},{\"@type\":\"ListItem\",\"position\":2,\"name\":\"Cump\u0103ra\u021bi Skywalker OG THC Distillate \u2013 extract Kosher\"}]},{\"@type\":\"WebSite\",\"@id\":\"https:\\\/\\\/medicinasinc.com\\\/ro\\\/#website\",\"url\":\"https:\\\/\\\/medicinasinc.com\\\/ro\\\/\",\"name\":\"Medicinas Inc\",\"description\":\"Health Medical Clinic\",\"potentialAction\":[{\"@type\":\"SearchAction\",\"target\":{\"@type\":\"EntryPoint\",\"urlTemplate\":\"https:\\\/\\\/medicinasinc.com\\\/ro\\\/?s={search_term_string}\"},\"query-input\":{\"@type\":\"PropertyValueSpecification\",\"valueRequired\":true,\"valueName\":\"search_term_string\"}}],\"inLanguage\":\"en-US\"}]}<\/script>\n<!-- \/ Yoast SEO plugin. -->","yoast_head_json":{"title":"Cump\u0103ra\u021bi distilat Skywalker OG THC \u2013 extract cu\u0219er - Cel mai bun avanpremier global al descrierii MedsMeta:","description":"Cump\u0103ra\u021bi Skywalker OG THC Distillate reducere - extract cu\u0219er online din Europa de la cel mai mare dispensar online, Cump\u0103ra\u021bi My Weed Online.","robots":{"index":"index","follow":"follow","max-snippet":"max-snippet:-1","max-image-preview":"max-image-preview:large","max-video-preview":"max-video-preview:-1"},"canonical":"https:\/\/medicinasinc.com\/ro\/product\/cumpara-skywalker-og-thc-distilat-extract-kosher\/","og_locale":"en_US","og_type":"article","og_title":"Cump\u0103ra\u021bi distilat Skywalker OG THC \u2013 extract cu\u0219er - Cel mai bun avanpremier global al descrierii MedsMeta:","og_description":"Cump\u0103ra\u021bi Skywalker OG THC Distillate reducere - extract cu\u0219er online din Europa de la cel mai mare dispensar online, Cump\u0103ra\u021bi My Weed Online.","og_url":"https:\/\/medicinasinc.com\/ro\/product\/cumpara-skywalker-og-thc-distilat-extract-kosher\/","og_site_name":"Medicinas Inc","article_modified_time":"2022-03-22T01:22:47+00:00","og_image":[{"width":980,"height":980,"url":"https:\/\/medicinasinc.com\/ro\/wp-content\/uploads\/sites\/11\/2022\/02\/Buy-Skywalker-OG-THC-Distillate.jpg","type":"image\/jpeg"}],"twitter_card":"summary_large_image","twitter_misc":{"Est. reading time":"1 minute"},"schema":{"@context":"https:\/\/schema.org","@graph":[{"@type":"WebPage","@id":"https:\/\/medicinasinc.com\/ro\/product\/cumpara-skywalker-og-thc-distilat-extract-kosher\/","url":"https:\/\/medicinasinc.com\/ro\/product\/cumpara-skywalker-og-thc-distilat-extract-kosher\/","name":"Cump\u0103ra\u021bi distilat Skywalker OG THC \u2013 extract cu\u0219er - Cel mai bun avanpremier global al descrierii MedsMeta:","isPartOf":{"@id":"https:\/\/medicinasinc.com\/ro\/#website"},"primaryImageOfPage":{"@id":"https:\/\/medicinasinc.com\/ro\/product\/cumpara-skywalker-og-thc-distilat-extract-kosher\/#primaryimage"},"image":{"@id":"https:\/\/medicinasinc.com\/ro\/product\/cumpara-skywalker-og-thc-distilat-extract-kosher\/#primaryimage"},"thumbnailUrl":"https:\/\/medicinasinc.com\/ro\/wp-content\/uploads\/sites\/11\/2022\/02\/Buy-Skywalker-OG-THC-Distillate.jpg","datePublished":"2022-02-20T09:10:27+00:00","dateModified":"2022-03-22T01:22:47+00:00","description":"Cump\u0103ra\u021bi Skywalker OG THC Distillate reducere - extract cu\u0219er online din Europa de la cel mai mare dispensar online, Cump\u0103ra\u021bi My Weed Online.","breadcrumb":{"@id":"https:\/\/medicinasinc.com\/ro\/product\/cumpara-skywalker-og-thc-distilat-extract-kosher\/#breadcrumb"},"inLanguage":"en-US","potentialAction":[{"@type":"ReadAction","target":["https:\/\/medicinasinc.com\/ro\/product\/cumpara-skywalker-og-thc-distilat-extract-kosher\/"]}]},{"@type":"ImageObject","inLanguage":"en-US","@id":"https:\/\/medicinasinc.com\/ro\/product\/cumpara-skywalker-og-thc-distilat-extract-kosher\/#primaryimage","url":"https:\/\/medicinasinc.com\/ro\/wp-content\/uploads\/sites\/11\/2022\/02\/Buy-Skywalker-OG-THC-Distillate.jpg","contentUrl":"https:\/\/medicinasinc.com\/ro\/wp-content\/uploads\/sites\/11\/2022\/02\/Buy-Skywalker-OG-THC-Distillate.jpg","width":980,"height":980},{"@type":"BreadcrumbList","@id":"https:\/\/medicinasinc.com\/ro\/product\/cumpara-skywalker-og-thc-distilat-extract-kosher\/#breadcrumb","itemListElement":[{"@type":"ListItem","position":1,"name":"Magazin","item":"https:\/\/medicinasinc.com\/ro\/magazin\/"},{"@type":"ListItem","position":2,"name":"Cump\u0103ra\u021bi Skywalker OG THC Distillate \u2013 extract Kosher"}]},{"@type":"WebSite","@id":"https:\/\/medicinasinc.com\/ro\/#website","url":"https:\/\/medicinasinc.com\/ro\/","name":"Medicinas Inc","description":"Health Medical Clinic","potentialAction":[{"@type":"SearchAction","target":{"@type":"EntryPoint","urlTemplate":"https:\/\/medicinasinc.com\/ro\/?s={search_term_string}"},"query-input":{"@type":"PropertyValueSpecification","valueRequired":true,"valueName":"search_term_string"}}],"inLanguage":"en-US"}]}},"_links":{"self":[{"href":"https:\/\/medicinasinc.com\/ro\/wp-json\/wp\/v2\/product\/4425","targetHints":{"allow":["GET"]}}],"collection":[{"href":"https:\/\/medicinasinc.com\/ro\/wp-json\/wp\/v2\/product"}],"about":[{"href":"https:\/\/medicinasinc.com\/ro\/wp-json\/wp\/v2\/types\/product"}],"replies":[{"embeddable":true,"href":"https:\/\/medicinasinc.com\/ro\/wp-json\/wp\/v2\/comments?post=4425"}],"wp:featuredmedia":[{"embeddable":true,"href":"https:\/\/medicinasinc.com\/ro\/wp-json\/wp\/v2\/media\/4459"}],"wp:attachment":[{"href":"https:\/\/medicinasinc.com\/ro\/wp-json\/wp\/v2\/media?parent=4425"}],"wp:term":[{"taxonomy":"product_brand","embeddable":true,"href":"https:\/\/medicinasinc.com\/ro\/wp-json\/wp\/v2\/product_brand?post=4425"},{"taxonomy":"product_cat","embeddable":true,"href":"https:\/\/medicinasinc.com\/ro\/wp-json\/wp\/v2\/product_cat?post=4425"},{"taxonomy":"product_tag","embeddable":true,"href":"https:\/\/medicinasinc.com\/ro\/wp-json\/wp\/v2\/product_tag?post=4425"}],"curies":[{"name":"wp","href":"https:\/\/api.w.org\/{rel}","templated":true}]}}