{"id":4413,"date":"2022-02-20T09:01:25","date_gmt":"2022-02-20T09:01:25","guid":{"rendered":"https:\/\/medicinasinc.com\/ro\/?post_type=product&#038;p=4413"},"modified":"2022-03-22T01:22:59","modified_gmt":"2022-03-22T01:22:59","slug":"rso-roz-kush-ulei-5ml","status":"publish","type":"product","link":"https:\/\/medicinasinc.com\/ro\/product\/rso-roz-kush-ulei-5ml\/","title":{"rendered":"RSO | Ulei Pink Kush \u2013 5 ml"},"content":{"rendered":"<p>Kush Pink (Ulei Rick Simpson)<\/p>\n<p>5 ml \u00eentr-un dozator \u201eEos\u201d din polipropilen\u0103 cu fir verde pentru o dozare precis\u0103.<\/p>\n<p>Acest ulei Rick Simpson este derivat din Pink Flori Kush crescute \u00een interiorul luxuriant al Columbia Britanic\u0103!<\/p>\n<p>Pink Kush se crede a fi o rud\u0103 \u00eendep\u0103rtat\u0103 a legendarei OG Kush (una dintre cele mai populare tulpini din istoria canabisului). Pink Kush continu\u0103 tradi\u021bia oferind un high puternic pentru corp, ceea ce o face una dintre cele mai medicinale tulpini disponibile. Efectele acestei tulpini sunt aproape instantanee. Utilizatorul este inundat de o senza\u021bie de \u00eenc\u0103lzire a corpului care este \u00eenso\u021bit\u0103 de un zumzet cerebral intens euforic. Un hibrid cu dominan\u021b\u0103 sativa care ofer\u0103 un high intens concentrat pe corp. Prin urmare, Pink Kush este un tratament eficient pentru anxietate, depresie, inflama\u021bie, durere cronic\u0103, dureri de cap, insomnie \u0219i pierderea poftei de m\u00e2ncare.<\/p>\n<p>Test\u0103rile independente la laboratoarele MB au ar\u0103tat c\u0103 acest RSO premium con\u021bine peste 73,27% canabinoizi, inclusiv 68,80% procent THC!<\/p>\n<p>Am stabilit c\u0103 acest produs con\u021bine 90% indica.<\/p>\n<p>1) Delta-9 THC = 68,80%<br \/> 2) CBG = 1,80%<br \/> 3) CBC = 0,96%<br \/> 4) CBN = 0,89%<br \/> 5) CBD = 0,44%<\/p>\n<div class=\"product-next-previous\">\n<div><\/div><\/div>\n","protected":false},"excerpt":{"rendered":"<p>Cump\u0103ra\u021bi RSO | Ulei Pink Kush &#8211; 5 ml de v\u00e2nzare online SUA, Europa de la cel mai mare dispensar online, Cump\u0103ra\u021bi My Weed online de v\u00e2nzare.<\/p>\n<p><em>Cump\u0103ra\u021bi<\/em>\u00a0<em>RSO Pink Kush 5ml<\/em> de la Viridesco &gt;\u00a0azi din confortul casei tale. <em>Achizi\u021biona\u021bi RSO<\/em>\u00a0\u00een siguran\u021b\u0103 \u0219i discret din orice provincie din Canada. Comanda online azi!<\/p>\n<ul>\n<li><\/li>\n<li>Livrare \u00een \u00eentreaga lume<\/li>\n<li>Cantitatea minim\u0103 de comand\u0103 este de 5<\/li>\n<li><strong>Contacteaz\u0103-ne\u00a0pentru comenzi mai mari<\/li>\n<\/ul>\n","protected":false},"featured_media":4447,"comment_status":"open","ping_status":"closed","template":"","meta":[],"product_brand":[],"product_cat":[440],"product_tag":[],"class_list":{"0":"post-4413","1":"product","2":"type-product","3":"status-publish","4":"has-post-thumbnail","6":"product_cat-cumpara-cannabis-ulei-de-cbd","8":"first","9":"instock","10":"shipping-taxable","11":"purchasable","12":"product-type-variable","13":"has-default-attributes"},"yoast_head":"<!-- This site is optimized with the Yoast SEO plugin v27.3 - https:\/\/yoast.com\/product\/yoast-seo-wordpress\/ -->\n<title>RSO | Pink Kush Oil - 5ml - Cump\u0103ra\u021bi My Weed Online - Global Medicnas<\/title>\n<meta name=\"description\" content=\"Cump\u0103ra\u021bi RSO | Pink Kush Oil - 5ml de v\u00e2nzare online SUA, Europa de la cel mai mare dispensar online, Cump\u0103ra\u021bi My Weed Online de v\u00e2nzare.\" \/>\n<meta name=\"robots\" content=\"index, follow, max-snippet:-1, max-image-preview:large, max-video-preview:-1\" \/>\n<link rel=\"canonical\" href=\"https:\/\/medicinasinc.com\/ro\/product\/rso-roz-kush-ulei-5ml\/\" \/>\n<meta property=\"og:locale\" content=\"en_US\" \/>\n<meta property=\"og:type\" content=\"article\" \/>\n<meta property=\"og:title\" content=\"RSO | Pink Kush Oil - 5ml - Cump\u0103ra\u021bi My Weed Online - Global Medicnas\" \/>\n<meta property=\"og:description\" content=\"Cump\u0103ra\u021bi RSO | Pink Kush Oil - 5ml de v\u00e2nzare online SUA, Europa de la cel mai mare dispensar online, Cump\u0103ra\u021bi My Weed Online de v\u00e2nzare.\" \/>\n<meta property=\"og:url\" content=\"https:\/\/medicinasinc.com\/ro\/product\/rso-roz-kush-ulei-5ml\/\" \/>\n<meta property=\"og:site_name\" content=\"Medicinas Inc\" \/>\n<meta property=\"article:modified_time\" content=\"2022-03-22T01:22:59+00:00\" \/>\n<meta property=\"og:image\" content=\"https:\/\/medicinasinc.com\/ro\/wp-content\/uploads\/sites\/11\/2022\/02\/Buy-RSO-Pink-Kush-Oil-\u2013-5ml.jpg\" \/>\n\t<meta property=\"og:image:width\" content=\"800\" \/>\n\t<meta property=\"og:image:height\" content=\"800\" \/>\n\t<meta property=\"og:image:type\" content=\"image\/jpeg\" \/>\n<meta name=\"twitter:card\" content=\"summary_large_image\" \/>\n<meta name=\"twitter:label1\" content=\"Est. reading time\" \/>\n\t<meta name=\"twitter:data1\" content=\"1 minute\" \/>\n<script type=\"application\/ld+json\" class=\"yoast-schema-graph\">{\"@context\":\"https:\\\/\\\/schema.org\",\"@graph\":[{\"@type\":\"WebPage\",\"@id\":\"https:\\\/\\\/medicinasinc.com\\\/ro\\\/product\\\/rso-roz-kush-ulei-5ml\\\/\",\"url\":\"https:\\\/\\\/medicinasinc.com\\\/ro\\\/product\\\/rso-roz-kush-ulei-5ml\\\/\",\"name\":\"RSO | Pink Kush Oil - 5ml - Cump\u0103ra\u021bi My Weed Online - Global Medicnas\",\"isPartOf\":{\"@id\":\"https:\\\/\\\/medicinasinc.com\\\/ro\\\/#website\"},\"primaryImageOfPage\":{\"@id\":\"https:\\\/\\\/medicinasinc.com\\\/ro\\\/product\\\/rso-roz-kush-ulei-5ml\\\/#primaryimage\"},\"image\":{\"@id\":\"https:\\\/\\\/medicinasinc.com\\\/ro\\\/product\\\/rso-roz-kush-ulei-5ml\\\/#primaryimage\"},\"thumbnailUrl\":\"https:\\\/\\\/medicinasinc.com\\\/ro\\\/wp-content\\\/uploads\\\/sites\\\/11\\\/2022\\\/02\\\/Buy-RSO-Pink-Kush-Oil-\u2013-5ml.jpg\",\"datePublished\":\"2022-02-20T09:01:25+00:00\",\"dateModified\":\"2022-03-22T01:22:59+00:00\",\"description\":\"Cump\u0103ra\u021bi RSO | Pink Kush Oil - 5ml de v\u00e2nzare online SUA, Europa de la cel mai mare dispensar online, Cump\u0103ra\u021bi My Weed Online de v\u00e2nzare.\",\"breadcrumb\":{\"@id\":\"https:\\\/\\\/medicinasinc.com\\\/ro\\\/product\\\/rso-roz-kush-ulei-5ml\\\/#breadcrumb\"},\"inLanguage\":\"en-US\",\"potentialAction\":[{\"@type\":\"ReadAction\",\"target\":[\"https:\\\/\\\/medicinasinc.com\\\/ro\\\/product\\\/rso-roz-kush-ulei-5ml\\\/\"]}]},{\"@type\":\"ImageObject\",\"inLanguage\":\"en-US\",\"@id\":\"https:\\\/\\\/medicinasinc.com\\\/ro\\\/product\\\/rso-roz-kush-ulei-5ml\\\/#primaryimage\",\"url\":\"https:\\\/\\\/medicinasinc.com\\\/ro\\\/wp-content\\\/uploads\\\/sites\\\/11\\\/2022\\\/02\\\/Buy-RSO-Pink-Kush-Oil-\u2013-5ml.jpg\",\"contentUrl\":\"https:\\\/\\\/medicinasinc.com\\\/ro\\\/wp-content\\\/uploads\\\/sites\\\/11\\\/2022\\\/02\\\/Buy-RSO-Pink-Kush-Oil-\u2013-5ml.jpg\",\"width\":800,\"height\":800},{\"@type\":\"BreadcrumbList\",\"@id\":\"https:\\\/\\\/medicinasinc.com\\\/ro\\\/product\\\/rso-roz-kush-ulei-5ml\\\/#breadcrumb\",\"itemListElement\":[{\"@type\":\"ListItem\",\"position\":1,\"name\":\"Magazin\",\"item\":\"https:\\\/\\\/medicinasinc.com\\\/ro\\\/magazin\\\/\"},{\"@type\":\"ListItem\",\"position\":2,\"name\":\"RSO | Ulei Pink Kush \u2013 5 ml\"}]},{\"@type\":\"WebSite\",\"@id\":\"https:\\\/\\\/medicinasinc.com\\\/ro\\\/#website\",\"url\":\"https:\\\/\\\/medicinasinc.com\\\/ro\\\/\",\"name\":\"Medicinas Inc\",\"description\":\"Health Medical Clinic\",\"potentialAction\":[{\"@type\":\"SearchAction\",\"target\":{\"@type\":\"EntryPoint\",\"urlTemplate\":\"https:\\\/\\\/medicinasinc.com\\\/ro\\\/?s={search_term_string}\"},\"query-input\":{\"@type\":\"PropertyValueSpecification\",\"valueRequired\":true,\"valueName\":\"search_term_string\"}}],\"inLanguage\":\"en-US\"}]}<\/script>\n<!-- \/ Yoast SEO plugin. -->","yoast_head_json":{"title":"RSO | Pink Kush Oil - 5ml - Cump\u0103ra\u021bi My Weed Online - Global Medicnas","description":"Cump\u0103ra\u021bi RSO | Pink Kush Oil - 5ml de v\u00e2nzare online SUA, Europa de la cel mai mare dispensar online, Cump\u0103ra\u021bi My Weed Online de v\u00e2nzare.","robots":{"index":"index","follow":"follow","max-snippet":"max-snippet:-1","max-image-preview":"max-image-preview:large","max-video-preview":"max-video-preview:-1"},"canonical":"https:\/\/medicinasinc.com\/ro\/product\/rso-roz-kush-ulei-5ml\/","og_locale":"en_US","og_type":"article","og_title":"RSO | Pink Kush Oil - 5ml - Cump\u0103ra\u021bi My Weed Online - Global Medicnas","og_description":"Cump\u0103ra\u021bi RSO | Pink Kush Oil - 5ml de v\u00e2nzare online SUA, Europa de la cel mai mare dispensar online, Cump\u0103ra\u021bi My Weed Online de v\u00e2nzare.","og_url":"https:\/\/medicinasinc.com\/ro\/product\/rso-roz-kush-ulei-5ml\/","og_site_name":"Medicinas Inc","article_modified_time":"2022-03-22T01:22:59+00:00","og_image":[{"width":800,"height":800,"url":"https:\/\/medicinasinc.com\/ro\/wp-content\/uploads\/sites\/11\/2022\/02\/Buy-RSO-Pink-Kush-Oil-\u2013-5ml.jpg","type":"image\/jpeg"}],"twitter_card":"summary_large_image","twitter_misc":{"Est. reading time":"1 minute"},"schema":{"@context":"https:\/\/schema.org","@graph":[{"@type":"WebPage","@id":"https:\/\/medicinasinc.com\/ro\/product\/rso-roz-kush-ulei-5ml\/","url":"https:\/\/medicinasinc.com\/ro\/product\/rso-roz-kush-ulei-5ml\/","name":"RSO | Pink Kush Oil - 5ml - Cump\u0103ra\u021bi My Weed Online - Global Medicnas","isPartOf":{"@id":"https:\/\/medicinasinc.com\/ro\/#website"},"primaryImageOfPage":{"@id":"https:\/\/medicinasinc.com\/ro\/product\/rso-roz-kush-ulei-5ml\/#primaryimage"},"image":{"@id":"https:\/\/medicinasinc.com\/ro\/product\/rso-roz-kush-ulei-5ml\/#primaryimage"},"thumbnailUrl":"https:\/\/medicinasinc.com\/ro\/wp-content\/uploads\/sites\/11\/2022\/02\/Buy-RSO-Pink-Kush-Oil-\u2013-5ml.jpg","datePublished":"2022-02-20T09:01:25+00:00","dateModified":"2022-03-22T01:22:59+00:00","description":"Cump\u0103ra\u021bi RSO | Pink Kush Oil - 5ml de v\u00e2nzare online SUA, Europa de la cel mai mare dispensar online, Cump\u0103ra\u021bi My Weed Online de v\u00e2nzare.","breadcrumb":{"@id":"https:\/\/medicinasinc.com\/ro\/product\/rso-roz-kush-ulei-5ml\/#breadcrumb"},"inLanguage":"en-US","potentialAction":[{"@type":"ReadAction","target":["https:\/\/medicinasinc.com\/ro\/product\/rso-roz-kush-ulei-5ml\/"]}]},{"@type":"ImageObject","inLanguage":"en-US","@id":"https:\/\/medicinasinc.com\/ro\/product\/rso-roz-kush-ulei-5ml\/#primaryimage","url":"https:\/\/medicinasinc.com\/ro\/wp-content\/uploads\/sites\/11\/2022\/02\/Buy-RSO-Pink-Kush-Oil-\u2013-5ml.jpg","contentUrl":"https:\/\/medicinasinc.com\/ro\/wp-content\/uploads\/sites\/11\/2022\/02\/Buy-RSO-Pink-Kush-Oil-\u2013-5ml.jpg","width":800,"height":800},{"@type":"BreadcrumbList","@id":"https:\/\/medicinasinc.com\/ro\/product\/rso-roz-kush-ulei-5ml\/#breadcrumb","itemListElement":[{"@type":"ListItem","position":1,"name":"Magazin","item":"https:\/\/medicinasinc.com\/ro\/magazin\/"},{"@type":"ListItem","position":2,"name":"RSO | Ulei Pink Kush \u2013 5 ml"}]},{"@type":"WebSite","@id":"https:\/\/medicinasinc.com\/ro\/#website","url":"https:\/\/medicinasinc.com\/ro\/","name":"Medicinas Inc","description":"Health Medical Clinic","potentialAction":[{"@type":"SearchAction","target":{"@type":"EntryPoint","urlTemplate":"https:\/\/medicinasinc.com\/ro\/?s={search_term_string}"},"query-input":{"@type":"PropertyValueSpecification","valueRequired":true,"valueName":"search_term_string"}}],"inLanguage":"en-US"}]}},"_links":{"self":[{"href":"https:\/\/medicinasinc.com\/ro\/wp-json\/wp\/v2\/product\/4413","targetHints":{"allow":["GET"]}}],"collection":[{"href":"https:\/\/medicinasinc.com\/ro\/wp-json\/wp\/v2\/product"}],"about":[{"href":"https:\/\/medicinasinc.com\/ro\/wp-json\/wp\/v2\/types\/product"}],"replies":[{"embeddable":true,"href":"https:\/\/medicinasinc.com\/ro\/wp-json\/wp\/v2\/comments?post=4413"}],"wp:featuredmedia":[{"embeddable":true,"href":"https:\/\/medicinasinc.com\/ro\/wp-json\/wp\/v2\/media\/4447"}],"wp:attachment":[{"href":"https:\/\/medicinasinc.com\/ro\/wp-json\/wp\/v2\/media?parent=4413"}],"wp:term":[{"taxonomy":"product_brand","embeddable":true,"href":"https:\/\/medicinasinc.com\/ro\/wp-json\/wp\/v2\/product_brand?post=4413"},{"taxonomy":"product_cat","embeddable":true,"href":"https:\/\/medicinasinc.com\/ro\/wp-json\/wp\/v2\/product_cat?post=4413"},{"taxonomy":"product_tag","embeddable":true,"href":"https:\/\/medicinasinc.com\/ro\/wp-json\/wp\/v2\/product_tag?post=4413"}],"curies":[{"name":"wp","href":"https:\/\/api.w.org\/{rel}","templated":true}]}}