{"id":4412,"date":"2022-02-20T09:00:17","date_gmt":"2022-02-20T09:00:17","guid":{"rendered":"https:\/\/medicinasinc.com\/ro\/?post_type=product&#038;p=4412"},"modified":"2022-03-22T01:23:07","modified_gmt":"2022-03-22T01:23:07","slug":"cumpara-rick-simpson-ulei","status":"publish","type":"product","link":"https:\/\/medicinasinc.com\/ro\/product\/cumpara-rick-simpson-ulei\/","title":{"rendered":"Cump\u0103ra\u021bi ulei Rick Simpson"},"content":{"rendered":"<p><strong>Cump\u0103ra\u021bi uleiul lui Rick Simpson<\/strong><\/p>\n<div class=\"woocommerce-tabs wc-tabs-wrapper\">\n<div id=\"tab-description\" class=\"woocommerce-Tabs-panel woocommerce-Tabs-panel--description panel entry-content wc-tab\" role=\"tabpanel\" aria-labelledby=\"tab-title-description\">\n<p><strong>RSO este un ulei derivat din solven\u021bi ob\u021binut prin sp\u0103larea canabisului muguri \u00eentr-un solvent cum ar fi nafta u\u0219oar\u0103 pur\u0103 \u0219i apoi fierberea solventului pentru a extrage uleiul.<\/strong><br \/> <strong>RSO este un produs generic. Asta \u00eenseamn\u0103 c\u0103 nu exist\u0103 \u201eUlei Rick Simpson\u201d disponibil pentru cump\u0103rare. Simpson demonstreaz\u0103 cum s\u0103-\u0219i fac\u0103 uleiul eponim pe site-ul s\u0103u. Cu toate acestea, el nu profit\u0103 de pe urma petrolului.<\/strong><\/p>\n<\/p><\/div><\/div>\n<div class=\"related products\">\n<div class=\"woocommerce-tabs wc-tabs-wrapper\">\n<div id=\"tab-description\" class=\"woocommerce-Tabs-panel woocommerce-Tabs-panel--description panel entry-content wc-tab\" role=\"tabpanel\" aria-labelledby=\"tab-title-description\">\n<p>&nbsp;<\/p>\n<\/p><\/div><\/div><\/div>\n<p>&nbsp;<\/p>\n","protected":false},"excerpt":{"rendered":"<p>Cump\u0103ra\u021bi ulei Rick Simpson (RSO) pentru v\u00e2nzare Marea Britanie, Europa Comanda\u021bi online. Avem de v\u00e2nzare ulei de Rick Simpson de cea mai \u00eenalt\u0103 calitate. Oferim formula original\u0103 RSO cu con\u021binut ridicat de THC.<\/p>\n<p><em>Cump\u0103ra\u021bi<\/em>\u00a0<em>uleiul nostru Rick Simpson<\/em>\u00a0pentru v\u00e2nzare \u0219i folosi\u021bi-l \u00een mod corespunz\u0103tor. Clasic\u00a0<em>RSO<\/em>\u00a0este \u00een general f\u0103cut cu tulpini cu dominan\u021b\u0103 Indica, deoarece acestea con\u021bin niveluri mai ridicate de\u00a0<em>CBD<\/em>.<\/p>\n<ul>\n<li>Livrare \u00een \u00eentreaga lume<\/li>\n<li>Cantitatea minim\u0103 de comand\u0103 este de 5<\/li>\n<li><strong>Contacta\u021bi-ne<\/strong>\u00a0pentru comenzi mai mari<\/li>\n<\/ul>\n","protected":false},"featured_media":4445,"comment_status":"open","ping_status":"closed","template":"","meta":[],"product_brand":[],"product_cat":[440],"product_tag":[491,492,495,496,490,493,494,489],"class_list":{"0":"post-4412","1":"product","2":"type-product","3":"status-publish","4":"has-post-thumbnail","6":"product_cat-cumpara-cannabis-ulei-de-cbd","7":"product_tag-rick-simpson-oil-california","8":"product_tag-rick-simpson-oil-wiki","9":"product_tag-rso-oil-for-sale-in-ohio","10":"product_tag-rso-oil-price-colorado","11":"product_tag-high-cbd-rso","12":"product_tag-rso-cbd-ulei-pentru-anxietate","13":"product_tag-rso-ulei-pentru-durere","14":"product_tag-vrac-cbd-rso","16":"first","17":"instock","18":"shipping-taxable","19":"purchasable","20":"product-type-variable","21":"has-default-attributes"},"yoast_head":"<!-- This site is optimized with the Yoast SEO plugin v27.3 - https:\/\/yoast.com\/product\/yoast-seo-wordpress\/ -->\n<title>Cump\u0103ra\u021bi ulei Rick Simpson - SUA - Europa - Cele mai bune medicamente globale<\/title>\n<meta name=\"description\" content=\"Cump\u0103ra\u021bi ulei Rick Simpson (RSO) de v\u00e2nzare Marea Britanie, Europa Comanda\u021bi online. Avem de v\u00e2nzare ulei de Rick Simpson de cea mai \u00eenalt\u0103 calitate. Oferim formula original\u0103 RSO cu un con\u021binut ridicat de THC.\" \/>\n<meta name=\"robots\" content=\"index, follow, max-snippet:-1, max-image-preview:large, max-video-preview:-1\" \/>\n<link rel=\"canonical\" href=\"https:\/\/medicinasinc.com\/ro\/product\/cumpara-rick-simpson-ulei\/\" \/>\n<meta property=\"og:locale\" content=\"en_US\" \/>\n<meta property=\"og:type\" content=\"article\" \/>\n<meta property=\"og:title\" content=\"Cump\u0103ra\u021bi ulei Rick Simpson - SUA - Europa - Cele mai bune medicamente globale\" \/>\n<meta property=\"og:description\" content=\"Cump\u0103ra\u021bi ulei Rick Simpson (RSO) de v\u00e2nzare Marea Britanie, Europa Comanda\u021bi online. Avem de v\u00e2nzare ulei de Rick Simpson de cea mai \u00eenalt\u0103 calitate. Oferim formula original\u0103 RSO cu un con\u021binut ridicat de THC.\" \/>\n<meta property=\"og:url\" content=\"https:\/\/medicinasinc.com\/ro\/product\/cumpara-rick-simpson-ulei\/\" \/>\n<meta property=\"og:site_name\" content=\"Medicinas Inc\" \/>\n<meta property=\"article:modified_time\" content=\"2022-03-22T01:23:07+00:00\" \/>\n<meta property=\"og:image\" content=\"https:\/\/medicinasinc.com\/ro\/wp-content\/uploads\/sites\/11\/2022\/02\/Buy-Rick-Simpson-Oil.jpg\" \/>\n\t<meta property=\"og:image:width\" content=\"1170\" \/>\n\t<meta property=\"og:image:height\" content=\"658\" \/>\n\t<meta property=\"og:image:type\" content=\"image\/jpeg\" \/>\n<meta name=\"twitter:card\" content=\"summary_large_image\" \/>\n<meta name=\"twitter:label1\" content=\"Est. reading time\" \/>\n\t<meta name=\"twitter:data1\" content=\"1 minute\" \/>\n<script type=\"application\/ld+json\" class=\"yoast-schema-graph\">{\"@context\":\"https:\\\/\\\/schema.org\",\"@graph\":[{\"@type\":\"WebPage\",\"@id\":\"https:\\\/\\\/medicinasinc.com\\\/ro\\\/product\\\/cumpara-rick-simpson-ulei\\\/\",\"url\":\"https:\\\/\\\/medicinasinc.com\\\/ro\\\/product\\\/cumpara-rick-simpson-ulei\\\/\",\"name\":\"Cump\u0103ra\u021bi ulei Rick Simpson - SUA - Europa - Cele mai bune medicamente globale\",\"isPartOf\":{\"@id\":\"https:\\\/\\\/medicinasinc.com\\\/ro\\\/#website\"},\"primaryImageOfPage\":{\"@id\":\"https:\\\/\\\/medicinasinc.com\\\/ro\\\/product\\\/cumpara-rick-simpson-ulei\\\/#primaryimage\"},\"image\":{\"@id\":\"https:\\\/\\\/medicinasinc.com\\\/ro\\\/product\\\/cumpara-rick-simpson-ulei\\\/#primaryimage\"},\"thumbnailUrl\":\"https:\\\/\\\/medicinasinc.com\\\/ro\\\/wp-content\\\/uploads\\\/sites\\\/11\\\/2022\\\/02\\\/Buy-Rick-Simpson-Oil.jpg\",\"datePublished\":\"2022-02-20T09:00:17+00:00\",\"dateModified\":\"2022-03-22T01:23:07+00:00\",\"description\":\"Cump\u0103ra\u021bi ulei Rick Simpson (RSO) de v\u00e2nzare Marea Britanie, Europa Comanda\u021bi online. Avem de v\u00e2nzare ulei de Rick Simpson de cea mai \u00eenalt\u0103 calitate. Oferim formula original\u0103 RSO cu un con\u021binut ridicat de THC.\",\"breadcrumb\":{\"@id\":\"https:\\\/\\\/medicinasinc.com\\\/ro\\\/product\\\/cumpara-rick-simpson-ulei\\\/#breadcrumb\"},\"inLanguage\":\"en-US\",\"potentialAction\":[{\"@type\":\"ReadAction\",\"target\":[\"https:\\\/\\\/medicinasinc.com\\\/ro\\\/product\\\/cumpara-rick-simpson-ulei\\\/\"]}]},{\"@type\":\"ImageObject\",\"inLanguage\":\"en-US\",\"@id\":\"https:\\\/\\\/medicinasinc.com\\\/ro\\\/product\\\/cumpara-rick-simpson-ulei\\\/#primaryimage\",\"url\":\"https:\\\/\\\/medicinasinc.com\\\/ro\\\/wp-content\\\/uploads\\\/sites\\\/11\\\/2022\\\/02\\\/Buy-Rick-Simpson-Oil.jpg\",\"contentUrl\":\"https:\\\/\\\/medicinasinc.com\\\/ro\\\/wp-content\\\/uploads\\\/sites\\\/11\\\/2022\\\/02\\\/Buy-Rick-Simpson-Oil.jpg\",\"width\":1170,\"height\":658},{\"@type\":\"BreadcrumbList\",\"@id\":\"https:\\\/\\\/medicinasinc.com\\\/ro\\\/product\\\/cumpara-rick-simpson-ulei\\\/#breadcrumb\",\"itemListElement\":[{\"@type\":\"ListItem\",\"position\":1,\"name\":\"Magazin\",\"item\":\"https:\\\/\\\/medicinasinc.com\\\/ro\\\/magazin\\\/\"},{\"@type\":\"ListItem\",\"position\":2,\"name\":\"Cump\u0103ra\u021bi ulei Rick Simpson\"}]},{\"@type\":\"WebSite\",\"@id\":\"https:\\\/\\\/medicinasinc.com\\\/ro\\\/#website\",\"url\":\"https:\\\/\\\/medicinasinc.com\\\/ro\\\/\",\"name\":\"Medicinas Inc\",\"description\":\"Health Medical Clinic\",\"potentialAction\":[{\"@type\":\"SearchAction\",\"target\":{\"@type\":\"EntryPoint\",\"urlTemplate\":\"https:\\\/\\\/medicinasinc.com\\\/ro\\\/?s={search_term_string}\"},\"query-input\":{\"@type\":\"PropertyValueSpecification\",\"valueRequired\":true,\"valueName\":\"search_term_string\"}}],\"inLanguage\":\"en-US\"}]}<\/script>\n<!-- \/ Yoast SEO plugin. -->","yoast_head_json":{"title":"Cump\u0103ra\u021bi ulei Rick Simpson - SUA - Europa - Cele mai bune medicamente globale","description":"Cump\u0103ra\u021bi ulei Rick Simpson (RSO) de v\u00e2nzare Marea Britanie, Europa Comanda\u021bi online. Avem de v\u00e2nzare ulei de Rick Simpson de cea mai \u00eenalt\u0103 calitate. Oferim formula original\u0103 RSO cu un con\u021binut ridicat de THC.","robots":{"index":"index","follow":"follow","max-snippet":"max-snippet:-1","max-image-preview":"max-image-preview:large","max-video-preview":"max-video-preview:-1"},"canonical":"https:\/\/medicinasinc.com\/ro\/product\/cumpara-rick-simpson-ulei\/","og_locale":"en_US","og_type":"article","og_title":"Cump\u0103ra\u021bi ulei Rick Simpson - SUA - Europa - Cele mai bune medicamente globale","og_description":"Cump\u0103ra\u021bi ulei Rick Simpson (RSO) de v\u00e2nzare Marea Britanie, Europa Comanda\u021bi online. Avem de v\u00e2nzare ulei de Rick Simpson de cea mai \u00eenalt\u0103 calitate. Oferim formula original\u0103 RSO cu un con\u021binut ridicat de THC.","og_url":"https:\/\/medicinasinc.com\/ro\/product\/cumpara-rick-simpson-ulei\/","og_site_name":"Medicinas Inc","article_modified_time":"2022-03-22T01:23:07+00:00","og_image":[{"width":1170,"height":658,"url":"https:\/\/medicinasinc.com\/ro\/wp-content\/uploads\/sites\/11\/2022\/02\/Buy-Rick-Simpson-Oil.jpg","type":"image\/jpeg"}],"twitter_card":"summary_large_image","twitter_misc":{"Est. reading time":"1 minute"},"schema":{"@context":"https:\/\/schema.org","@graph":[{"@type":"WebPage","@id":"https:\/\/medicinasinc.com\/ro\/product\/cumpara-rick-simpson-ulei\/","url":"https:\/\/medicinasinc.com\/ro\/product\/cumpara-rick-simpson-ulei\/","name":"Cump\u0103ra\u021bi ulei Rick Simpson - SUA - Europa - Cele mai bune medicamente globale","isPartOf":{"@id":"https:\/\/medicinasinc.com\/ro\/#website"},"primaryImageOfPage":{"@id":"https:\/\/medicinasinc.com\/ro\/product\/cumpara-rick-simpson-ulei\/#primaryimage"},"image":{"@id":"https:\/\/medicinasinc.com\/ro\/product\/cumpara-rick-simpson-ulei\/#primaryimage"},"thumbnailUrl":"https:\/\/medicinasinc.com\/ro\/wp-content\/uploads\/sites\/11\/2022\/02\/Buy-Rick-Simpson-Oil.jpg","datePublished":"2022-02-20T09:00:17+00:00","dateModified":"2022-03-22T01:23:07+00:00","description":"Cump\u0103ra\u021bi ulei Rick Simpson (RSO) de v\u00e2nzare Marea Britanie, Europa Comanda\u021bi online. Avem de v\u00e2nzare ulei de Rick Simpson de cea mai \u00eenalt\u0103 calitate. Oferim formula original\u0103 RSO cu un con\u021binut ridicat de THC.","breadcrumb":{"@id":"https:\/\/medicinasinc.com\/ro\/product\/cumpara-rick-simpson-ulei\/#breadcrumb"},"inLanguage":"en-US","potentialAction":[{"@type":"ReadAction","target":["https:\/\/medicinasinc.com\/ro\/product\/cumpara-rick-simpson-ulei\/"]}]},{"@type":"ImageObject","inLanguage":"en-US","@id":"https:\/\/medicinasinc.com\/ro\/product\/cumpara-rick-simpson-ulei\/#primaryimage","url":"https:\/\/medicinasinc.com\/ro\/wp-content\/uploads\/sites\/11\/2022\/02\/Buy-Rick-Simpson-Oil.jpg","contentUrl":"https:\/\/medicinasinc.com\/ro\/wp-content\/uploads\/sites\/11\/2022\/02\/Buy-Rick-Simpson-Oil.jpg","width":1170,"height":658},{"@type":"BreadcrumbList","@id":"https:\/\/medicinasinc.com\/ro\/product\/cumpara-rick-simpson-ulei\/#breadcrumb","itemListElement":[{"@type":"ListItem","position":1,"name":"Magazin","item":"https:\/\/medicinasinc.com\/ro\/magazin\/"},{"@type":"ListItem","position":2,"name":"Cump\u0103ra\u021bi ulei Rick Simpson"}]},{"@type":"WebSite","@id":"https:\/\/medicinasinc.com\/ro\/#website","url":"https:\/\/medicinasinc.com\/ro\/","name":"Medicinas Inc","description":"Health Medical Clinic","potentialAction":[{"@type":"SearchAction","target":{"@type":"EntryPoint","urlTemplate":"https:\/\/medicinasinc.com\/ro\/?s={search_term_string}"},"query-input":{"@type":"PropertyValueSpecification","valueRequired":true,"valueName":"search_term_string"}}],"inLanguage":"en-US"}]}},"_links":{"self":[{"href":"https:\/\/medicinasinc.com\/ro\/wp-json\/wp\/v2\/product\/4412","targetHints":{"allow":["GET"]}}],"collection":[{"href":"https:\/\/medicinasinc.com\/ro\/wp-json\/wp\/v2\/product"}],"about":[{"href":"https:\/\/medicinasinc.com\/ro\/wp-json\/wp\/v2\/types\/product"}],"replies":[{"embeddable":true,"href":"https:\/\/medicinasinc.com\/ro\/wp-json\/wp\/v2\/comments?post=4412"}],"wp:featuredmedia":[{"embeddable":true,"href":"https:\/\/medicinasinc.com\/ro\/wp-json\/wp\/v2\/media\/4445"}],"wp:attachment":[{"href":"https:\/\/medicinasinc.com\/ro\/wp-json\/wp\/v2\/media?parent=4412"}],"wp:term":[{"taxonomy":"product_brand","embeddable":true,"href":"https:\/\/medicinasinc.com\/ro\/wp-json\/wp\/v2\/product_brand?post=4412"},{"taxonomy":"product_cat","embeddable":true,"href":"https:\/\/medicinasinc.com\/ro\/wp-json\/wp\/v2\/product_cat?post=4412"},{"taxonomy":"product_tag","embeddable":true,"href":"https:\/\/medicinasinc.com\/ro\/wp-json\/wp\/v2\/product_tag?post=4412"}],"curies":[{"name":"wp","href":"https:\/\/api.w.org\/{rel}","templated":true}]}}