{"id":4404,"date":"2022-02-20T08:55:28","date_gmt":"2022-02-20T08:55:28","guid":{"rendered":"https:\/\/medicinasinc.com\/ro\/?post_type=product&#038;p=4404"},"modified":"2022-03-22T01:23:15","modified_gmt":"2022-03-22T01:23:15","slug":"cumpara-roz-kush-thc-distilat-dabeast","status":"publish","type":"product","link":"https:\/\/medicinasinc.com\/ro\/product\/cumpara-roz-kush-thc-distilat-dabeast\/","title":{"rendered":"Cump\u0103ra\u021bi Pink Kush THC Distillate \u2013 Dabeast"},"content":{"rendered":"<p>Distilat Pink Kush THC de v\u00e2nzare \u2013 Dabeast<\/p>\n<p>Pen Vape Sabre cu distilat Pink Kush THC \u2013 Dabeast<\/p>\n<p>1 x \u021bigar\u0103 electronic\u0103 Sabre<br \/> 1 x Pink Kush pre- capsule umplute<br \/> 1 x cablu micro USB \u0218I\/SAU 1 x capsule pre-umplut\u0103 Pink Kush<\/p>\n<p>Introduce\u021bi capsule \u00een Sabre Pen \u0219i \u00eencepe\u021bi imediat s\u0103 vape\u021bi. Efectul complet poate dura p\u00e2n\u0103 la cincisprezece minute pentru a se sim\u021bi. Dou\u0103 p\u00e2n\u0103 la patru pufuri sunt recomandate pacien\u021bilor care nu au mai consumat de ceva timp, dar p\u00e2n\u0103 la zece pufuri ar trebui s\u0103 fie suficiente pentru cei care consum\u0103 mai des.<\/p>\n<p>Kush Pink<br \/> Linia genetic\u0103 a Pink Kush este necunoscut\u0103 \u2013 dar se crede c\u0103 este o rud\u0103 cu legendara OG Kush. Acest hibrid cu dominan\u021b\u0103 indica produce un high fizic puternic, f\u0103c\u00e2ndu-l una dintre cele mai medicinale tulpini disponibile. Pink Kush are o arom\u0103 dulce care aminte\u0219te de vanilie sau bomboanele dulci, cu nuan\u021be de pin proasp\u0103t. Pink Kush ofer\u0103 un high de lung\u0103 durat\u0103, concentrat pe corp, care este \u00eenso\u021bit de efecte euforice \u0219i \u00een\u0103l\u021b\u0103toare. La doze mari, unii utilizatori pot experimenta m\u00e2nc\u0103ruri severe, f\u0103c\u00e2nd Pink Kush o tulpin\u0103 excelent\u0103 pentru stimularea pierderii poftei de m\u00e2ncare. Pink Kush este un medicament versatil care poate fi folosit pentru a trata depresia, anxietatea, inflama\u021bia, durerea cronic\u0103, migrenele, durerile de cap, insomnia \u0219i pierderea poftei de m\u00e2ncare.<\/p>\n","protected":false},"excerpt":{"rendered":"<p>Cump\u0103ra\u021bi pixuri Vape Pink Kush THC Distillate Sabre pentru v\u00e2nzare \u00een Regatul Unit, Europa \u0219i Statele Unite ale Americii de la cel mai mare dispensar online din lume, Cump\u0103ra\u021bi My Weed Online.<\/p>\n<p>Cump\u0103ra\u021bi Seringi de distilat Pink Kush THC Indica de pe site-ul #1 cu cele mai de \u00eencredere pentru marijuana pentru comand\u0103 prin po\u0219t\u0103 &#8211; Cele mai bune medicamente pe baz\u0103 de plante cu transport gratuit! Peste 150 USD.<\/p>\n<p>&nbsp;<\/p>\n<ul>\n<li>Livrare \u00een toat\u0103 lumea<\/li>\n<li>Cantitatea minim\u0103 de comand\u0103 este de 5 cartu\u0219e<\/li>\n<li><strong>Contacta\u021bi-ne <\/strong>\u00a0pentru comenzi mai mari<\/li>\n<\/ul>\n","protected":false},"featured_media":4438,"comment_status":"open","ping_status":"closed","template":"","meta":[],"product_brand":[],"product_cat":[440],"product_tag":[],"class_list":{"0":"post-4404","1":"product","2":"type-product","3":"status-publish","4":"has-post-thumbnail","6":"product_cat-cumpara-cannabis-ulei-de-cbd","8":"first","9":"instock","10":"shipping-taxable","11":"purchasable","12":"product-type-simple"},"yoast_head":"<!-- This site is optimized with the Yoast SEO plugin v27.3 - https:\/\/yoast.com\/product\/yoast-seo-wordpress\/ -->\n<title>Cump\u0103ra\u021bi Pink Kush THC Distillate \u2013 Dabeast - Cele mai bune medicamente globale<\/title>\n<meta name=\"description\" content=\"Cump\u0103ra\u021bi Pink Kush THC Distillate Sabre Vape Pen de v\u00e2nzare Marea Britanie, Europa - Dabeast online SUA de la cel mai mare dispensar online, Cump\u0103ra\u021bi My Weed Online.\" \/>\n<meta name=\"robots\" content=\"index, follow, max-snippet:-1, max-image-preview:large, max-video-preview:-1\" \/>\n<link rel=\"canonical\" href=\"https:\/\/medicinasinc.com\/ro\/product\/cumpara-roz-kush-thc-distilat-dabeast\/\" \/>\n<meta property=\"og:locale\" content=\"en_US\" \/>\n<meta property=\"og:type\" content=\"article\" \/>\n<meta property=\"og:title\" content=\"Cump\u0103ra\u021bi Pink Kush THC Distillate \u2013 Dabeast - Cele mai bune medicamente globale\" \/>\n<meta property=\"og:description\" content=\"Cump\u0103ra\u021bi Pink Kush THC Distillate Sabre Vape Pen de v\u00e2nzare Marea Britanie, Europa - Dabeast online SUA de la cel mai mare dispensar online, Cump\u0103ra\u021bi My Weed Online.\" \/>\n<meta property=\"og:url\" content=\"https:\/\/medicinasinc.com\/ro\/product\/cumpara-roz-kush-thc-distilat-dabeast\/\" \/>\n<meta property=\"og:site_name\" content=\"Medicinas Inc\" \/>\n<meta property=\"article:modified_time\" content=\"2022-03-22T01:23:15+00:00\" \/>\n<meta property=\"og:image\" content=\"https:\/\/medicinasinc.com\/ro\/wp-content\/uploads\/sites\/11\/2022\/02\/Buy-Pink-Kush-THC-Distillate-\u2013-Dabeast.jpg\" \/>\n\t<meta property=\"og:image:width\" content=\"600\" \/>\n\t<meta property=\"og:image:height\" content=\"600\" \/>\n\t<meta property=\"og:image:type\" content=\"image\/jpeg\" \/>\n<meta name=\"twitter:card\" content=\"summary_large_image\" \/>\n<meta name=\"twitter:label1\" content=\"Est. reading time\" \/>\n\t<meta name=\"twitter:data1\" content=\"1 minute\" \/>\n<script type=\"application\/ld+json\" class=\"yoast-schema-graph\">{\"@context\":\"https:\\\/\\\/schema.org\",\"@graph\":[{\"@type\":\"WebPage\",\"@id\":\"https:\\\/\\\/medicinasinc.com\\\/ro\\\/product\\\/cumpara-roz-kush-thc-distilat-dabeast\\\/\",\"url\":\"https:\\\/\\\/medicinasinc.com\\\/ro\\\/product\\\/cumpara-roz-kush-thc-distilat-dabeast\\\/\",\"name\":\"Cump\u0103ra\u021bi Pink Kush THC Distillate \u2013 Dabeast - Cele mai bune medicamente globale\",\"isPartOf\":{\"@id\":\"https:\\\/\\\/medicinasinc.com\\\/ro\\\/#website\"},\"primaryImageOfPage\":{\"@id\":\"https:\\\/\\\/medicinasinc.com\\\/ro\\\/product\\\/cumpara-roz-kush-thc-distilat-dabeast\\\/#primaryimage\"},\"image\":{\"@id\":\"https:\\\/\\\/medicinasinc.com\\\/ro\\\/product\\\/cumpara-roz-kush-thc-distilat-dabeast\\\/#primaryimage\"},\"thumbnailUrl\":\"https:\\\/\\\/medicinasinc.com\\\/ro\\\/wp-content\\\/uploads\\\/sites\\\/11\\\/2022\\\/02\\\/Buy-Pink-Kush-THC-Distillate-\u2013-Dabeast.jpg\",\"datePublished\":\"2022-02-20T08:55:28+00:00\",\"dateModified\":\"2022-03-22T01:23:15+00:00\",\"description\":\"Cump\u0103ra\u021bi Pink Kush THC Distillate Sabre Vape Pen de v\u00e2nzare Marea Britanie, Europa - Dabeast online SUA de la cel mai mare dispensar online, Cump\u0103ra\u021bi My Weed Online.\",\"breadcrumb\":{\"@id\":\"https:\\\/\\\/medicinasinc.com\\\/ro\\\/product\\\/cumpara-roz-kush-thc-distilat-dabeast\\\/#breadcrumb\"},\"inLanguage\":\"en-US\",\"potentialAction\":[{\"@type\":\"ReadAction\",\"target\":[\"https:\\\/\\\/medicinasinc.com\\\/ro\\\/product\\\/cumpara-roz-kush-thc-distilat-dabeast\\\/\"]}]},{\"@type\":\"ImageObject\",\"inLanguage\":\"en-US\",\"@id\":\"https:\\\/\\\/medicinasinc.com\\\/ro\\\/product\\\/cumpara-roz-kush-thc-distilat-dabeast\\\/#primaryimage\",\"url\":\"https:\\\/\\\/medicinasinc.com\\\/ro\\\/wp-content\\\/uploads\\\/sites\\\/11\\\/2022\\\/02\\\/Buy-Pink-Kush-THC-Distillate-\u2013-Dabeast.jpg\",\"contentUrl\":\"https:\\\/\\\/medicinasinc.com\\\/ro\\\/wp-content\\\/uploads\\\/sites\\\/11\\\/2022\\\/02\\\/Buy-Pink-Kush-THC-Distillate-\u2013-Dabeast.jpg\",\"width\":600,\"height\":600},{\"@type\":\"BreadcrumbList\",\"@id\":\"https:\\\/\\\/medicinasinc.com\\\/ro\\\/product\\\/cumpara-roz-kush-thc-distilat-dabeast\\\/#breadcrumb\",\"itemListElement\":[{\"@type\":\"ListItem\",\"position\":1,\"name\":\"Magazin\",\"item\":\"https:\\\/\\\/medicinasinc.com\\\/ro\\\/magazin\\\/\"},{\"@type\":\"ListItem\",\"position\":2,\"name\":\"Cump\u0103ra\u021bi Pink Kush THC Distillate \u2013 Dabeast\"}]},{\"@type\":\"WebSite\",\"@id\":\"https:\\\/\\\/medicinasinc.com\\\/ro\\\/#website\",\"url\":\"https:\\\/\\\/medicinasinc.com\\\/ro\\\/\",\"name\":\"Medicinas Inc\",\"description\":\"Health Medical Clinic\",\"potentialAction\":[{\"@type\":\"SearchAction\",\"target\":{\"@type\":\"EntryPoint\",\"urlTemplate\":\"https:\\\/\\\/medicinasinc.com\\\/ro\\\/?s={search_term_string}\"},\"query-input\":{\"@type\":\"PropertyValueSpecification\",\"valueRequired\":true,\"valueName\":\"search_term_string\"}}],\"inLanguage\":\"en-US\"}]}<\/script>\n<!-- \/ Yoast SEO plugin. -->","yoast_head_json":{"title":"Cump\u0103ra\u021bi Pink Kush THC Distillate \u2013 Dabeast - Cele mai bune medicamente globale","description":"Cump\u0103ra\u021bi Pink Kush THC Distillate Sabre Vape Pen de v\u00e2nzare Marea Britanie, Europa - Dabeast online SUA de la cel mai mare dispensar online, Cump\u0103ra\u021bi My Weed Online.","robots":{"index":"index","follow":"follow","max-snippet":"max-snippet:-1","max-image-preview":"max-image-preview:large","max-video-preview":"max-video-preview:-1"},"canonical":"https:\/\/medicinasinc.com\/ro\/product\/cumpara-roz-kush-thc-distilat-dabeast\/","og_locale":"en_US","og_type":"article","og_title":"Cump\u0103ra\u021bi Pink Kush THC Distillate \u2013 Dabeast - Cele mai bune medicamente globale","og_description":"Cump\u0103ra\u021bi Pink Kush THC Distillate Sabre Vape Pen de v\u00e2nzare Marea Britanie, Europa - Dabeast online SUA de la cel mai mare dispensar online, Cump\u0103ra\u021bi My Weed Online.","og_url":"https:\/\/medicinasinc.com\/ro\/product\/cumpara-roz-kush-thc-distilat-dabeast\/","og_site_name":"Medicinas Inc","article_modified_time":"2022-03-22T01:23:15+00:00","og_image":[{"width":600,"height":600,"url":"https:\/\/medicinasinc.com\/ro\/wp-content\/uploads\/sites\/11\/2022\/02\/Buy-Pink-Kush-THC-Distillate-\u2013-Dabeast.jpg","type":"image\/jpeg"}],"twitter_card":"summary_large_image","twitter_misc":{"Est. reading time":"1 minute"},"schema":{"@context":"https:\/\/schema.org","@graph":[{"@type":"WebPage","@id":"https:\/\/medicinasinc.com\/ro\/product\/cumpara-roz-kush-thc-distilat-dabeast\/","url":"https:\/\/medicinasinc.com\/ro\/product\/cumpara-roz-kush-thc-distilat-dabeast\/","name":"Cump\u0103ra\u021bi Pink Kush THC Distillate \u2013 Dabeast - Cele mai bune medicamente globale","isPartOf":{"@id":"https:\/\/medicinasinc.com\/ro\/#website"},"primaryImageOfPage":{"@id":"https:\/\/medicinasinc.com\/ro\/product\/cumpara-roz-kush-thc-distilat-dabeast\/#primaryimage"},"image":{"@id":"https:\/\/medicinasinc.com\/ro\/product\/cumpara-roz-kush-thc-distilat-dabeast\/#primaryimage"},"thumbnailUrl":"https:\/\/medicinasinc.com\/ro\/wp-content\/uploads\/sites\/11\/2022\/02\/Buy-Pink-Kush-THC-Distillate-\u2013-Dabeast.jpg","datePublished":"2022-02-20T08:55:28+00:00","dateModified":"2022-03-22T01:23:15+00:00","description":"Cump\u0103ra\u021bi Pink Kush THC Distillate Sabre Vape Pen de v\u00e2nzare Marea Britanie, Europa - Dabeast online SUA de la cel mai mare dispensar online, Cump\u0103ra\u021bi My Weed Online.","breadcrumb":{"@id":"https:\/\/medicinasinc.com\/ro\/product\/cumpara-roz-kush-thc-distilat-dabeast\/#breadcrumb"},"inLanguage":"en-US","potentialAction":[{"@type":"ReadAction","target":["https:\/\/medicinasinc.com\/ro\/product\/cumpara-roz-kush-thc-distilat-dabeast\/"]}]},{"@type":"ImageObject","inLanguage":"en-US","@id":"https:\/\/medicinasinc.com\/ro\/product\/cumpara-roz-kush-thc-distilat-dabeast\/#primaryimage","url":"https:\/\/medicinasinc.com\/ro\/wp-content\/uploads\/sites\/11\/2022\/02\/Buy-Pink-Kush-THC-Distillate-\u2013-Dabeast.jpg","contentUrl":"https:\/\/medicinasinc.com\/ro\/wp-content\/uploads\/sites\/11\/2022\/02\/Buy-Pink-Kush-THC-Distillate-\u2013-Dabeast.jpg","width":600,"height":600},{"@type":"BreadcrumbList","@id":"https:\/\/medicinasinc.com\/ro\/product\/cumpara-roz-kush-thc-distilat-dabeast\/#breadcrumb","itemListElement":[{"@type":"ListItem","position":1,"name":"Magazin","item":"https:\/\/medicinasinc.com\/ro\/magazin\/"},{"@type":"ListItem","position":2,"name":"Cump\u0103ra\u021bi Pink Kush THC Distillate \u2013 Dabeast"}]},{"@type":"WebSite","@id":"https:\/\/medicinasinc.com\/ro\/#website","url":"https:\/\/medicinasinc.com\/ro\/","name":"Medicinas Inc","description":"Health Medical Clinic","potentialAction":[{"@type":"SearchAction","target":{"@type":"EntryPoint","urlTemplate":"https:\/\/medicinasinc.com\/ro\/?s={search_term_string}"},"query-input":{"@type":"PropertyValueSpecification","valueRequired":true,"valueName":"search_term_string"}}],"inLanguage":"en-US"}]}},"_links":{"self":[{"href":"https:\/\/medicinasinc.com\/ro\/wp-json\/wp\/v2\/product\/4404","targetHints":{"allow":["GET"]}}],"collection":[{"href":"https:\/\/medicinasinc.com\/ro\/wp-json\/wp\/v2\/product"}],"about":[{"href":"https:\/\/medicinasinc.com\/ro\/wp-json\/wp\/v2\/types\/product"}],"replies":[{"embeddable":true,"href":"https:\/\/medicinasinc.com\/ro\/wp-json\/wp\/v2\/comments?post=4404"}],"wp:featuredmedia":[{"embeddable":true,"href":"https:\/\/medicinasinc.com\/ro\/wp-json\/wp\/v2\/media\/4438"}],"wp:attachment":[{"href":"https:\/\/medicinasinc.com\/ro\/wp-json\/wp\/v2\/media?parent=4404"}],"wp:term":[{"taxonomy":"product_brand","embeddable":true,"href":"https:\/\/medicinasinc.com\/ro\/wp-json\/wp\/v2\/product_brand?post=4404"},{"taxonomy":"product_cat","embeddable":true,"href":"https:\/\/medicinasinc.com\/ro\/wp-json\/wp\/v2\/product_cat?post=4404"},{"taxonomy":"product_tag","embeddable":true,"href":"https:\/\/medicinasinc.com\/ro\/wp-json\/wp\/v2\/product_tag?post=4404"}],"curies":[{"name":"wp","href":"https:\/\/api.w.org\/{rel}","templated":true}]}}