{"id":4390,"date":"2022-02-20T08:47:42","date_gmt":"2022-02-20T08:47:42","guid":{"rendered":"https:\/\/medicinasinc.com\/ro\/?post_type=product&#038;p=4390"},"modified":"2022-03-22T01:23:36","modified_gmt":"2022-03-22T01:23:36","slug":"cumpara-lemon-haze-co2-1g-cartus-vape","status":"publish","type":"product","link":"https:\/\/medicinasinc.com\/ro\/product\/cumpara-lemon-haze-co2-1g-cartus-vape\/","title":{"rendered":"Cump\u0103ra\u021bi Cartu\u0219 de vape Lemon Haze CO2 1g"},"content":{"rendered":"<p>Cartu\u0219 de vape Lemon Haze CO2 1g de v\u00e2nzare.<\/p>\n<p>Cartu\u0219 de vape Lemon Haze CO2 1g de v\u00e2nzare.<\/p>\n<p>Cartu\u0219e de vape Lemon Haze CO2 de v\u00e2nzare. Prin Pure, ne str\u0103duim s\u0103 oferim cel mai pur, mai sigur \u0219i mai consistent ulei disponibil. Aromele noastre sunt realizate \u00een \u00eentregime din terpene naturale de fructe. 1 gram ulei de canabis nealterat<br \/> Lemon Skunk Super Silver Haze de la Green House Seeds este un hibrid dominant Sativa de Lemon Skunk \u0219i Super Silver Haze care a c\u00e2\u0219tigat dou\u0103 cupe de canabis. Super Lemon Haze este o minune multicolor\u0103 cu pr\u0103jitur\u0103 de kief. Dup\u0103 cum sugereaz\u0103 numele, aceast\u0103 tulpin\u0103 prezint\u0103 caracteristici distincte de l\u0103m\u00e2ie. Aroma este citrice, zest\u0103 \u0219i u\u0219or dulce. Aroma este exact ceea ce s-ar a\u0219tepta de la omonim; tart\u0103 \u0219i dulce, asem\u0103n\u0103toare cu bomboanele Lemonheads \u2013 de\u0219i nu chiar at\u00e2t de t\u0103ioas\u0103 pe c\u00e2t s-ar putea a\u0219tepta.<\/p>\n<p>Con\u021binut de THC: 65,22 la sut\u0103 con\u021binut de CBD: 2,86 la sut\u0103<\/p>\n","protected":false},"excerpt":{"rendered":"<p>Cartu\u0219 Vape Co2 Super Lemon Haze<\/p>\n<p>Achizi\u021biona\u021bi Cartu\u0219 Vape cu ulei de canabis Super Lemon Haze \u00een Regatul Unit \u0219i Europa. Metoda de extrac\u021bie a uleiului Sativa: CO2 subcritic. Cartu\u0219 de vaporizare pentru ulei de canabis Super Lemon Haze.<\/p>\n<p>Unul dintre cele mai bune cartu\u0219e de vaporizare cu Co2 de pe pia\u021b\u0103 este Super Lemon Haze. Mai precis, aroma este zest\u0103, citrice \u0219i u\u0219or dulce. Aroma este acri\u0219\u0103 \u0219i dulce, aminte\u0219te de bomboanele lemonheads. Cartu\u0219ele de vape CO2 X-rates con\u021bin numai ulei de canabis pur, care con\u021bine un spectru larg de canabinoizi \u0219i terpene organice. \u00cen plus, sunt disponibile cartu\u0219e de 1 g \u0219i 0,5 ml.<\/p>\n<p>Pre\u021bul produsului este urm\u0103torul: per cartu\u0219 de 1g<br \/> Este necesar\u0103 o cantitate minim\u0103 de comand\u0103 de 5 cartu\u0219e.<\/p>\n","protected":false},"featured_media":4423,"comment_status":"open","ping_status":"closed","template":"","meta":[],"product_brand":[],"product_cat":[440],"product_tag":[485,482,483,481,484,486,488,487],"class_list":{"0":"post-4390","1":"product","2":"type-product","3":"status-publish","4":"has-post-thumbnail","6":"product_cat-cumpara-cannabis-ulei-de-cbd","7":"product_tag-super-lemon-haze-ulei-cartu","8":"product_tag-super-lemon-haze-cartu","9":"product_tag-super-lemon-haze-co2-vape-cartu","10":"product_tag-cartuse-vape-pre-umplute-etichete-europene-super-lemon-haze-allbud","11":"product_tag-super-lemon-haze-kingpen","12":"product_tag-super-lemon-haze-pret","13":"product_tag-super-lemon-haze-randament-descriere-recenzii-0","14":"product_tag-seminte-de-super-lamaie-haze","16":"first","17":"instock","18":"shipping-taxable","19":"purchasable","20":"product-type-variable","21":"has-default-attributes"},"yoast_head":"<!-- This site is optimized with the Yoast SEO plugin v27.3 - https:\/\/yoast.com\/product\/yoast-seo-wordpress\/ -->\n<title>Cump\u0103ra\u021bi cartu\u0219 de vape Lemon Haze CO2 - Cele mai bune medicamente globale<\/title>\n<meta name=\"description\" content=\"Cump\u0103ra\u021bi Super Lemon Haze Cannabis Oil Vape Cartridge Strain de v\u00e2nzare Marea Britanie, Europa. Metoda de extrac\u021bie a uleiului Sativa: CO2 subcritic. Cartu\u0219 de vaporizare cu ulei de canabis Super Lemon Haze.\" \/>\n<meta name=\"robots\" content=\"index, follow, max-snippet:-1, max-image-preview:large, max-video-preview:-1\" \/>\n<link rel=\"canonical\" href=\"https:\/\/medicinasinc.com\/ro\/product\/cumpara-lemon-haze-co2-1g-cartus-vape\/\" \/>\n<meta property=\"og:locale\" content=\"en_US\" \/>\n<meta property=\"og:type\" content=\"article\" \/>\n<meta property=\"og:title\" content=\"Cump\u0103ra\u021bi cartu\u0219 de vape Lemon Haze CO2 - Cele mai bune medicamente globale\" \/>\n<meta property=\"og:description\" content=\"Cump\u0103ra\u021bi Super Lemon Haze Cannabis Oil Vape Cartridge Strain de v\u00e2nzare Marea Britanie, Europa. Metoda de extrac\u021bie a uleiului Sativa: CO2 subcritic. Cartu\u0219 de vaporizare cu ulei de canabis Super Lemon Haze.\" \/>\n<meta property=\"og:url\" content=\"https:\/\/medicinasinc.com\/ro\/product\/cumpara-lemon-haze-co2-1g-cartus-vape\/\" \/>\n<meta property=\"og:site_name\" content=\"Medicinas Inc\" \/>\n<meta property=\"article:modified_time\" content=\"2022-03-22T01:23:36+00:00\" \/>\n<meta property=\"og:image\" content=\"https:\/\/medicinasinc.com\/ro\/wp-content\/uploads\/sites\/11\/2022\/02\/Buy-High-THC-Cannabis-Oil-1g-cartridge-online.jpg\" \/>\n\t<meta property=\"og:image:width\" content=\"600\" \/>\n\t<meta property=\"og:image:height\" content=\"600\" \/>\n\t<meta property=\"og:image:type\" content=\"image\/jpeg\" \/>\n<meta name=\"twitter:card\" content=\"summary_large_image\" \/>\n<meta name=\"twitter:label1\" content=\"Est. reading time\" \/>\n\t<meta name=\"twitter:data1\" content=\"1 minute\" \/>\n<script type=\"application\/ld+json\" class=\"yoast-schema-graph\">{\"@context\":\"https:\\\/\\\/schema.org\",\"@graph\":[{\"@type\":\"WebPage\",\"@id\":\"https:\\\/\\\/medicinasinc.com\\\/ro\\\/product\\\/cumpara-lemon-haze-co2-1g-cartus-vape\\\/\",\"url\":\"https:\\\/\\\/medicinasinc.com\\\/ro\\\/product\\\/cumpara-lemon-haze-co2-1g-cartus-vape\\\/\",\"name\":\"Cump\u0103ra\u021bi cartu\u0219 de vape Lemon Haze CO2 - Cele mai bune medicamente globale\",\"isPartOf\":{\"@id\":\"https:\\\/\\\/medicinasinc.com\\\/ro\\\/#website\"},\"primaryImageOfPage\":{\"@id\":\"https:\\\/\\\/medicinasinc.com\\\/ro\\\/product\\\/cumpara-lemon-haze-co2-1g-cartus-vape\\\/#primaryimage\"},\"image\":{\"@id\":\"https:\\\/\\\/medicinasinc.com\\\/ro\\\/product\\\/cumpara-lemon-haze-co2-1g-cartus-vape\\\/#primaryimage\"},\"thumbnailUrl\":\"https:\\\/\\\/medicinasinc.com\\\/ro\\\/wp-content\\\/uploads\\\/sites\\\/11\\\/2022\\\/02\\\/Buy-High-THC-Cannabis-Oil-1g-cartridge-online.jpg\",\"datePublished\":\"2022-02-20T08:47:42+00:00\",\"dateModified\":\"2022-03-22T01:23:36+00:00\",\"description\":\"Cump\u0103ra\u021bi Super Lemon Haze Cannabis Oil Vape Cartridge Strain de v\u00e2nzare Marea Britanie, Europa. Metoda de extrac\u021bie a uleiului Sativa: CO2 subcritic. Cartu\u0219 de vaporizare cu ulei de canabis Super Lemon Haze.\",\"breadcrumb\":{\"@id\":\"https:\\\/\\\/medicinasinc.com\\\/ro\\\/product\\\/cumpara-lemon-haze-co2-1g-cartus-vape\\\/#breadcrumb\"},\"inLanguage\":\"en-US\",\"potentialAction\":[{\"@type\":\"ReadAction\",\"target\":[\"https:\\\/\\\/medicinasinc.com\\\/ro\\\/product\\\/cumpara-lemon-haze-co2-1g-cartus-vape\\\/\"]}]},{\"@type\":\"ImageObject\",\"inLanguage\":\"en-US\",\"@id\":\"https:\\\/\\\/medicinasinc.com\\\/ro\\\/product\\\/cumpara-lemon-haze-co2-1g-cartus-vape\\\/#primaryimage\",\"url\":\"https:\\\/\\\/medicinasinc.com\\\/ro\\\/wp-content\\\/uploads\\\/sites\\\/11\\\/2022\\\/02\\\/Buy-High-THC-Cannabis-Oil-1g-cartridge-online.jpg\",\"contentUrl\":\"https:\\\/\\\/medicinasinc.com\\\/ro\\\/wp-content\\\/uploads\\\/sites\\\/11\\\/2022\\\/02\\\/Buy-High-THC-Cannabis-Oil-1g-cartridge-online.jpg\",\"width\":600,\"height\":600},{\"@type\":\"BreadcrumbList\",\"@id\":\"https:\\\/\\\/medicinasinc.com\\\/ro\\\/product\\\/cumpara-lemon-haze-co2-1g-cartus-vape\\\/#breadcrumb\",\"itemListElement\":[{\"@type\":\"ListItem\",\"position\":1,\"name\":\"Magazin\",\"item\":\"https:\\\/\\\/medicinasinc.com\\\/ro\\\/magazin\\\/\"},{\"@type\":\"ListItem\",\"position\":2,\"name\":\"Cump\u0103ra\u021bi Cartu\u0219 de vape Lemon Haze CO2 1g\"}]},{\"@type\":\"WebSite\",\"@id\":\"https:\\\/\\\/medicinasinc.com\\\/ro\\\/#website\",\"url\":\"https:\\\/\\\/medicinasinc.com\\\/ro\\\/\",\"name\":\"Medicinas Inc\",\"description\":\"Health Medical Clinic\",\"potentialAction\":[{\"@type\":\"SearchAction\",\"target\":{\"@type\":\"EntryPoint\",\"urlTemplate\":\"https:\\\/\\\/medicinasinc.com\\\/ro\\\/?s={search_term_string}\"},\"query-input\":{\"@type\":\"PropertyValueSpecification\",\"valueRequired\":true,\"valueName\":\"search_term_string\"}}],\"inLanguage\":\"en-US\"}]}<\/script>\n<!-- \/ Yoast SEO plugin. -->","yoast_head_json":{"title":"Cump\u0103ra\u021bi cartu\u0219 de vape Lemon Haze CO2 - Cele mai bune medicamente globale","description":"Cump\u0103ra\u021bi Super Lemon Haze Cannabis Oil Vape Cartridge Strain de v\u00e2nzare Marea Britanie, Europa. Metoda de extrac\u021bie a uleiului Sativa: CO2 subcritic. Cartu\u0219 de vaporizare cu ulei de canabis Super Lemon Haze.","robots":{"index":"index","follow":"follow","max-snippet":"max-snippet:-1","max-image-preview":"max-image-preview:large","max-video-preview":"max-video-preview:-1"},"canonical":"https:\/\/medicinasinc.com\/ro\/product\/cumpara-lemon-haze-co2-1g-cartus-vape\/","og_locale":"en_US","og_type":"article","og_title":"Cump\u0103ra\u021bi cartu\u0219 de vape Lemon Haze CO2 - Cele mai bune medicamente globale","og_description":"Cump\u0103ra\u021bi Super Lemon Haze Cannabis Oil Vape Cartridge Strain de v\u00e2nzare Marea Britanie, Europa. Metoda de extrac\u021bie a uleiului Sativa: CO2 subcritic. Cartu\u0219 de vaporizare cu ulei de canabis Super Lemon Haze.","og_url":"https:\/\/medicinasinc.com\/ro\/product\/cumpara-lemon-haze-co2-1g-cartus-vape\/","og_site_name":"Medicinas Inc","article_modified_time":"2022-03-22T01:23:36+00:00","og_image":[{"width":600,"height":600,"url":"https:\/\/medicinasinc.com\/ro\/wp-content\/uploads\/sites\/11\/2022\/02\/Buy-High-THC-Cannabis-Oil-1g-cartridge-online.jpg","type":"image\/jpeg"}],"twitter_card":"summary_large_image","twitter_misc":{"Est. reading time":"1 minute"},"schema":{"@context":"https:\/\/schema.org","@graph":[{"@type":"WebPage","@id":"https:\/\/medicinasinc.com\/ro\/product\/cumpara-lemon-haze-co2-1g-cartus-vape\/","url":"https:\/\/medicinasinc.com\/ro\/product\/cumpara-lemon-haze-co2-1g-cartus-vape\/","name":"Cump\u0103ra\u021bi cartu\u0219 de vape Lemon Haze CO2 - Cele mai bune medicamente globale","isPartOf":{"@id":"https:\/\/medicinasinc.com\/ro\/#website"},"primaryImageOfPage":{"@id":"https:\/\/medicinasinc.com\/ro\/product\/cumpara-lemon-haze-co2-1g-cartus-vape\/#primaryimage"},"image":{"@id":"https:\/\/medicinasinc.com\/ro\/product\/cumpara-lemon-haze-co2-1g-cartus-vape\/#primaryimage"},"thumbnailUrl":"https:\/\/medicinasinc.com\/ro\/wp-content\/uploads\/sites\/11\/2022\/02\/Buy-High-THC-Cannabis-Oil-1g-cartridge-online.jpg","datePublished":"2022-02-20T08:47:42+00:00","dateModified":"2022-03-22T01:23:36+00:00","description":"Cump\u0103ra\u021bi Super Lemon Haze Cannabis Oil Vape Cartridge Strain de v\u00e2nzare Marea Britanie, Europa. Metoda de extrac\u021bie a uleiului Sativa: CO2 subcritic. Cartu\u0219 de vaporizare cu ulei de canabis Super Lemon Haze.","breadcrumb":{"@id":"https:\/\/medicinasinc.com\/ro\/product\/cumpara-lemon-haze-co2-1g-cartus-vape\/#breadcrumb"},"inLanguage":"en-US","potentialAction":[{"@type":"ReadAction","target":["https:\/\/medicinasinc.com\/ro\/product\/cumpara-lemon-haze-co2-1g-cartus-vape\/"]}]},{"@type":"ImageObject","inLanguage":"en-US","@id":"https:\/\/medicinasinc.com\/ro\/product\/cumpara-lemon-haze-co2-1g-cartus-vape\/#primaryimage","url":"https:\/\/medicinasinc.com\/ro\/wp-content\/uploads\/sites\/11\/2022\/02\/Buy-High-THC-Cannabis-Oil-1g-cartridge-online.jpg","contentUrl":"https:\/\/medicinasinc.com\/ro\/wp-content\/uploads\/sites\/11\/2022\/02\/Buy-High-THC-Cannabis-Oil-1g-cartridge-online.jpg","width":600,"height":600},{"@type":"BreadcrumbList","@id":"https:\/\/medicinasinc.com\/ro\/product\/cumpara-lemon-haze-co2-1g-cartus-vape\/#breadcrumb","itemListElement":[{"@type":"ListItem","position":1,"name":"Magazin","item":"https:\/\/medicinasinc.com\/ro\/magazin\/"},{"@type":"ListItem","position":2,"name":"Cump\u0103ra\u021bi Cartu\u0219 de vape Lemon Haze CO2 1g"}]},{"@type":"WebSite","@id":"https:\/\/medicinasinc.com\/ro\/#website","url":"https:\/\/medicinasinc.com\/ro\/","name":"Medicinas Inc","description":"Health Medical Clinic","potentialAction":[{"@type":"SearchAction","target":{"@type":"EntryPoint","urlTemplate":"https:\/\/medicinasinc.com\/ro\/?s={search_term_string}"},"query-input":{"@type":"PropertyValueSpecification","valueRequired":true,"valueName":"search_term_string"}}],"inLanguage":"en-US"}]}},"_links":{"self":[{"href":"https:\/\/medicinasinc.com\/ro\/wp-json\/wp\/v2\/product\/4390","targetHints":{"allow":["GET"]}}],"collection":[{"href":"https:\/\/medicinasinc.com\/ro\/wp-json\/wp\/v2\/product"}],"about":[{"href":"https:\/\/medicinasinc.com\/ro\/wp-json\/wp\/v2\/types\/product"}],"replies":[{"embeddable":true,"href":"https:\/\/medicinasinc.com\/ro\/wp-json\/wp\/v2\/comments?post=4390"}],"wp:featuredmedia":[{"embeddable":true,"href":"https:\/\/medicinasinc.com\/ro\/wp-json\/wp\/v2\/media\/4423"}],"wp:attachment":[{"href":"https:\/\/medicinasinc.com\/ro\/wp-json\/wp\/v2\/media?parent=4390"}],"wp:term":[{"taxonomy":"product_brand","embeddable":true,"href":"https:\/\/medicinasinc.com\/ro\/wp-json\/wp\/v2\/product_brand?post=4390"},{"taxonomy":"product_cat","embeddable":true,"href":"https:\/\/medicinasinc.com\/ro\/wp-json\/wp\/v2\/product_cat?post=4390"},{"taxonomy":"product_tag","embeddable":true,"href":"https:\/\/medicinasinc.com\/ro\/wp-json\/wp\/v2\/product_tag?post=4390"}],"curies":[{"name":"wp","href":"https:\/\/api.w.org\/{rel}","templated":true}]}}