{"id":4388,"date":"2022-02-20T08:46:53","date_gmt":"2022-02-20T08:46:53","guid":{"rendered":"https:\/\/medicinasinc.com\/ro\/?post_type=product&#038;p=4388"},"modified":"2022-03-22T01:23:44","modified_gmt":"2022-03-22T01:23:44","slug":"cumparati-ulei-de-cannabis-cu-thc-inalt-1g-cartus-online","status":"publish","type":"product","link":"https:\/\/medicinasinc.com\/ro\/product\/cumparati-ulei-de-cannabis-cu-thc-inalt-1g-cartus-online\/","title":{"rendered":"Cump\u0103ra\u021bi online un cartus cu ulei de canabis cu con\u021binut ridicat de THC 1g"},"content":{"rendered":"<p>Achizi\u021biona\u021bi online un cartus de 1 g de ulei de canabis cu con\u021binut ridicat de THC.<\/p>\n<p>\u00cen loc s\u0103 amestec\u0103m canabisul nostru, oferim cartu\u0219e din 18 tulpini distincte. Nu folosim niciun aditiv. Canabisul nostru este cultivat \u00een mod natural \u00een regiunea de canabis premium din California de Nord \u0219i apoi extras curat folosind o metod\u0103 patentat\u0103 de CO2 supercritic.<\/p>\n<p>Ulei de canabis pentru uz medical. Hibrid, Sativa \u0219i Indica<\/p>\n<p>Beneficiile medicale ale uleiului de canabis<br \/> Protec\u021bia sistemului imunitar Cre\u0219te semnificativ \u0219ansele de remisie<br \/> Ajut\u0103 la stabilizarea \u0219i eradicarea durerii acute sau cronice<br \/> Elimin\u0103 protocoale farmaceutice poten\u021bial d\u0103un\u0103toare<br \/> Reduce sau elimin\u0103 cre\u0219terea celulelor maligne. Reduce sau elimin\u0103 grea\u021ba.<\/p>\n<p>Canabisul a con\u021binut \u00een trecut concentra\u021bii de THC \u00eentre 12 \u0219i 21%.<\/p>\n<p>Concentra\u021biile de CBD \u00een majoritatea plantelor de canabis variaz\u0103 \u00eentre 0,1 \u0219i 0,3%. Cu toate acestea, sunt acum disponibile tulpini de canabis cu con\u021binut ridicat de CBD, ceea ce face ca uleiurile de canabis bogate \u00een CBD s\u0103 fie mai accesibile. Aceste uleiuri de canabis sunt disponibile pentru cump\u0103rare \u0219i pot fi comandate online \u00een siguran\u021b\u0103 de la noi. Ulei de ha\u0219 de v\u00e2nzare online, cum s\u0103 cump\u0103r ulei de ha\u0219 online, ulei de thc de v\u00e2nzare, comand\u0103 de ulei de ha\u0219 online, cump\u0103rare de ulei de ha\u0219 online, cartu\u0219 de ulei de ha\u0219 de v\u00e2nzare, de unde pot cump\u0103ra ulei de thc online, ulei de ha\u0219 de v\u00e2nzare, ha\u0219 cartu\u0219e de ulei de v\u00e2nzare online, unde s\u0103 cump\u0103ra\u021bi ulei de thc online, cump\u0103ra\u021bi cartu\u0219e de ulei de hash online<\/p>\n<p>\u00cen plus, uleiurile bogate \u00een CBD sunt preferate pentru afec\u021biuni precum epilepsia, anxietatea, stresul \u0219i grea\u021ba. Uleiurile CBD v\u0103 vor ajuta, de asemenea, s\u0103 v\u0103 relaxa\u021bi \u0219i v\u0103 vor ajuta \u00een tratamentul insomniei, durerilor de cap tensionate, tulbur\u0103rilor de dispozi\u021bie \u0219i tulbur\u0103rii de deficit de aten\u021bie.<\/p>\n<p>\u00cenainte de a cump\u0103ra ha\u0219 online, este esen\u021bial s\u0103 \u00een\u021belege\u021bi efectul, cum se leag\u0103. la canabis \u0219i ceea ce \u00eel diferen\u021biaz\u0103 de alte produse cu buruieni. Ha\u0219i\u0219, un alt termen pentru \u201eha\u0219i\u0219\u201d \u00een stat, este un concentrat de canabis transmis prin smoala unei plante de marijuana. Acest lucru se realizeaz\u0103 prin separarea organelor sevei unei plante de canabis, care sunt denumite \u00een mod colectiv tricomi, de florile sale. Se \u0219tie c\u0103 ace\u0219ti tricomi con\u021bin cele mai mari concentra\u021bii de canabinoizi \u0219i terpene, care sunt compu\u0219ii chimici responsabili pentru propriet\u0103\u021bile \u0219i caracteristicile unice ale Maryjane. Datorit\u0103 concentra\u021biei mari de canabinoizi \u0219i terpene din ha\u0219, posed\u0103 o capacitate extraordinar\u0103 de a crea \u00eent\u00e2lniri psihoactive \u0219i medicinale uimitoare pentru clien\u021bii de canabis. Uleiul de ha\u0219 este o form\u0103 foarte concentrat\u0103 de canabis care poate fi fumat, vaporizat, consumat sau cur\u0103\u021bat pe piele. Ocazional, utilizarea uleiului de ha\u0219 este denumit\u0103 \u201eajunge\u201d sau \u201econsum\u201d. Uleiul de ha\u0219 este derivat din plante de canabis \u0219i con\u021bine THC (delta-9-tetrahidrocannabinol), acela\u0219i compus revolu\u021bionar g\u0103sit \u00een alte produse Maryjane. Cu toate acestea, uleiul de ha\u0219 este mai puternic, con\u021bin\u00e2nd p\u00e2n\u0103 la 90% THC pur. Desigur, \u00een alte p\u0103r\u021bi ale plantei de canabis, con\u021binutul de THC este de obicei de aproximativ 12%. Extrac\u021bia de \u00eencredere cu CO2 este \u00een prezent cea mai eficient\u0103 metod\u0103 de extragere a uleiului de THC. \u00cen plus, este cea mai comun\u0103 \u0219i sigur\u0103 metod\u0103 de producere a uleiului de canabis, distilat \u0219i camioane cu gum\u0103 vie. Motivul pentru care este at\u00e2t de r\u0103sp\u00e2ndit \u00een zilele noastre este c\u0103 acest ulei de THC nu con\u021bine solven\u021bi suplimentari, cum ar fi lichior sau butan. Majoritatea uleiurilor de THC con\u021bin un tip de preg\u0103tire \u00een sc\u0103dere. Acest lucru este necesar pentru a v\u0103 asigura c\u0103 uleiul men\u021bine o consisten\u021b\u0103 ideal\u0103 pentru vaping. Cei mai noti speciali\u0219ti \u00een sc\u0103dere sunt glicerina vegetal\u0103 \u0219i propilenglicolul (VG \u0219i PG), care se g\u0103sesc \u00een mod obi\u0219nuit \u00een e-lichidul standard. C\u00e2teva con\u021bin diverse substan\u021be de umplutur\u0103, cum ar fi PEG \u0219i, mai recent, TEC Temper, care este o alt\u0103 afec\u021biune derivat\u0103 din terpenele naturale. Uleiul de ha\u0219 este disponibil pentru cump\u0103rare.<\/p>\n","protected":false},"excerpt":{"rendered":"<p>Cump\u0103ra\u021bi ulei de marijuana cu con\u021binut ridicat de THC de v\u00e2nzare online \u00een Marea Britanie, Europa. Cump\u0103ra\u021bi ulei de canabis 100% pur pentru v\u00e2nzare SUA. Ulei de canabis cu spectru complet. Cancer de ulei THC de v\u00e2nzare.Poten\u021b\u0103: 85% THC &amp; 15% CBD<\/p>\n<p>pre\u021bul produsului este ca: pe 5 cartu\u0219e<\/p>\n<p>Cantitatea minim\u0103 de comand\u0103 este: 5 cartu\u0219e<\/p>\n","protected":false},"featured_media":4423,"comment_status":"open","ping_status":"closed","template":"","meta":[],"product_brand":[],"product_cat":[440],"product_tag":[],"class_list":{"0":"post-4388","1":"product","2":"type-product","3":"status-publish","4":"has-post-thumbnail","6":"product_cat-cumpara-cannabis-ulei-de-cbd","8":"first","9":"instock","10":"shipping-taxable","11":"purchasable","12":"product-type-variable","13":"has-default-attributes"},"yoast_head":"<!-- This site is optimized with the Yoast SEO plugin v27.3 - https:\/\/yoast.com\/product\/yoast-seo-wordpress\/ -->\n<title>Cump\u0103ra\u021bi cartu\u0219 cu ulei de canabis cu con\u021binut ridicat de THC 1g online - Cele mai bune medicamente globale<\/title>\n<meta name=\"description\" content=\"Cump\u0103ra\u021bi ulei de marijuana cu con\u021binut ridicat de THC de v\u00e2nzare online \u00een Marea Britanie, Europa. Cump\u0103ra\u021bi ulei de canabis 100% pur pentru v\u00e2nzare SUA. Ulei de canabis cu spectru complet. Cancer de ulei THC de v\u00e2nzare.Poten\u021b\u0103: 85% THC &amp; 15% CBD\" \/>\n<meta name=\"robots\" content=\"index, follow, max-snippet:-1, max-image-preview:large, max-video-preview:-1\" \/>\n<link rel=\"canonical\" href=\"https:\/\/medicinasinc.com\/ro\/product\/cumparati-ulei-de-cannabis-cu-thc-inalt-1g-cartus-online\/\" \/>\n<meta property=\"og:locale\" content=\"en_US\" \/>\n<meta property=\"og:type\" content=\"article\" \/>\n<meta property=\"og:title\" content=\"Cump\u0103ra\u021bi cartu\u0219 cu ulei de canabis cu con\u021binut ridicat de THC 1g online - Cele mai bune medicamente globale\" \/>\n<meta property=\"og:description\" content=\"Cump\u0103ra\u021bi ulei de marijuana cu con\u021binut ridicat de THC de v\u00e2nzare online \u00een Marea Britanie, Europa. Cump\u0103ra\u021bi ulei de canabis 100% pur pentru v\u00e2nzare SUA. Ulei de canabis cu spectru complet. Cancer de ulei THC de v\u00e2nzare.Poten\u021b\u0103: 85% THC &amp; 15% CBD\" \/>\n<meta property=\"og:url\" content=\"https:\/\/medicinasinc.com\/ro\/product\/cumparati-ulei-de-cannabis-cu-thc-inalt-1g-cartus-online\/\" \/>\n<meta property=\"og:site_name\" content=\"Medicinas Inc\" \/>\n<meta property=\"article:modified_time\" content=\"2022-03-22T01:23:44+00:00\" \/>\n<meta property=\"og:image\" content=\"https:\/\/medicinasinc.com\/ro\/wp-content\/uploads\/sites\/11\/2022\/02\/Buy-High-THC-Cannabis-Oil-1g-cartridge-online.jpg\" \/>\n\t<meta property=\"og:image:width\" content=\"600\" \/>\n\t<meta property=\"og:image:height\" content=\"600\" \/>\n\t<meta property=\"og:image:type\" content=\"image\/jpeg\" \/>\n<meta name=\"twitter:card\" content=\"summary_large_image\" \/>\n<meta name=\"twitter:label1\" content=\"Est. reading time\" \/>\n\t<meta name=\"twitter:data1\" content=\"3 minutes\" \/>\n<script type=\"application\/ld+json\" class=\"yoast-schema-graph\">{\"@context\":\"https:\\\/\\\/schema.org\",\"@graph\":[{\"@type\":\"WebPage\",\"@id\":\"https:\\\/\\\/medicinasinc.com\\\/ro\\\/product\\\/cumparati-ulei-de-cannabis-cu-thc-inalt-1g-cartus-online\\\/\",\"url\":\"https:\\\/\\\/medicinasinc.com\\\/ro\\\/product\\\/cumparati-ulei-de-cannabis-cu-thc-inalt-1g-cartus-online\\\/\",\"name\":\"Cump\u0103ra\u021bi cartu\u0219 cu ulei de canabis cu con\u021binut ridicat de THC 1g online - Cele mai bune medicamente globale\",\"isPartOf\":{\"@id\":\"https:\\\/\\\/medicinasinc.com\\\/ro\\\/#website\"},\"primaryImageOfPage\":{\"@id\":\"https:\\\/\\\/medicinasinc.com\\\/ro\\\/product\\\/cumparati-ulei-de-cannabis-cu-thc-inalt-1g-cartus-online\\\/#primaryimage\"},\"image\":{\"@id\":\"https:\\\/\\\/medicinasinc.com\\\/ro\\\/product\\\/cumparati-ulei-de-cannabis-cu-thc-inalt-1g-cartus-online\\\/#primaryimage\"},\"thumbnailUrl\":\"https:\\\/\\\/medicinasinc.com\\\/ro\\\/wp-content\\\/uploads\\\/sites\\\/11\\\/2022\\\/02\\\/Buy-High-THC-Cannabis-Oil-1g-cartridge-online.jpg\",\"datePublished\":\"2022-02-20T08:46:53+00:00\",\"dateModified\":\"2022-03-22T01:23:44+00:00\",\"description\":\"Cump\u0103ra\u021bi ulei de marijuana cu con\u021binut ridicat de THC de v\u00e2nzare online \u00een Marea Britanie, Europa. Cump\u0103ra\u021bi ulei de canabis 100% pur pentru v\u00e2nzare SUA. Ulei de canabis cu spectru complet. Cancer de ulei THC de v\u00e2nzare.Poten\u021b\u0103: 85% THC &amp; 15% CBD\",\"breadcrumb\":{\"@id\":\"https:\\\/\\\/medicinasinc.com\\\/ro\\\/product\\\/cumparati-ulei-de-cannabis-cu-thc-inalt-1g-cartus-online\\\/#breadcrumb\"},\"inLanguage\":\"en-US\",\"potentialAction\":[{\"@type\":\"ReadAction\",\"target\":[\"https:\\\/\\\/medicinasinc.com\\\/ro\\\/product\\\/cumparati-ulei-de-cannabis-cu-thc-inalt-1g-cartus-online\\\/\"]}]},{\"@type\":\"ImageObject\",\"inLanguage\":\"en-US\",\"@id\":\"https:\\\/\\\/medicinasinc.com\\\/ro\\\/product\\\/cumparati-ulei-de-cannabis-cu-thc-inalt-1g-cartus-online\\\/#primaryimage\",\"url\":\"https:\\\/\\\/medicinasinc.com\\\/ro\\\/wp-content\\\/uploads\\\/sites\\\/11\\\/2022\\\/02\\\/Buy-High-THC-Cannabis-Oil-1g-cartridge-online.jpg\",\"contentUrl\":\"https:\\\/\\\/medicinasinc.com\\\/ro\\\/wp-content\\\/uploads\\\/sites\\\/11\\\/2022\\\/02\\\/Buy-High-THC-Cannabis-Oil-1g-cartridge-online.jpg\",\"width\":600,\"height\":600},{\"@type\":\"BreadcrumbList\",\"@id\":\"https:\\\/\\\/medicinasinc.com\\\/ro\\\/product\\\/cumparati-ulei-de-cannabis-cu-thc-inalt-1g-cartus-online\\\/#breadcrumb\",\"itemListElement\":[{\"@type\":\"ListItem\",\"position\":1,\"name\":\"Magazin\",\"item\":\"https:\\\/\\\/medicinasinc.com\\\/ro\\\/magazin\\\/\"},{\"@type\":\"ListItem\",\"position\":2,\"name\":\"Cump\u0103ra\u021bi online un cartus cu ulei de canabis cu con\u021binut ridicat de THC 1g\"}]},{\"@type\":\"WebSite\",\"@id\":\"https:\\\/\\\/medicinasinc.com\\\/ro\\\/#website\",\"url\":\"https:\\\/\\\/medicinasinc.com\\\/ro\\\/\",\"name\":\"Medicinas Inc\",\"description\":\"Health Medical Clinic\",\"potentialAction\":[{\"@type\":\"SearchAction\",\"target\":{\"@type\":\"EntryPoint\",\"urlTemplate\":\"https:\\\/\\\/medicinasinc.com\\\/ro\\\/?s={search_term_string}\"},\"query-input\":{\"@type\":\"PropertyValueSpecification\",\"valueRequired\":true,\"valueName\":\"search_term_string\"}}],\"inLanguage\":\"en-US\"}]}<\/script>\n<!-- \/ Yoast SEO plugin. -->","yoast_head_json":{"title":"Cump\u0103ra\u021bi cartu\u0219 cu ulei de canabis cu con\u021binut ridicat de THC 1g online - Cele mai bune medicamente globale","description":"Cump\u0103ra\u021bi ulei de marijuana cu con\u021binut ridicat de THC de v\u00e2nzare online \u00een Marea Britanie, Europa. Cump\u0103ra\u021bi ulei de canabis 100% pur pentru v\u00e2nzare SUA. Ulei de canabis cu spectru complet. Cancer de ulei THC de v\u00e2nzare.Poten\u021b\u0103: 85% THC &amp; 15% CBD","robots":{"index":"index","follow":"follow","max-snippet":"max-snippet:-1","max-image-preview":"max-image-preview:large","max-video-preview":"max-video-preview:-1"},"canonical":"https:\/\/medicinasinc.com\/ro\/product\/cumparati-ulei-de-cannabis-cu-thc-inalt-1g-cartus-online\/","og_locale":"en_US","og_type":"article","og_title":"Cump\u0103ra\u021bi cartu\u0219 cu ulei de canabis cu con\u021binut ridicat de THC 1g online - Cele mai bune medicamente globale","og_description":"Cump\u0103ra\u021bi ulei de marijuana cu con\u021binut ridicat de THC de v\u00e2nzare online \u00een Marea Britanie, Europa. Cump\u0103ra\u021bi ulei de canabis 100% pur pentru v\u00e2nzare SUA. Ulei de canabis cu spectru complet. Cancer de ulei THC de v\u00e2nzare.Poten\u021b\u0103: 85% THC &amp; 15% CBD","og_url":"https:\/\/medicinasinc.com\/ro\/product\/cumparati-ulei-de-cannabis-cu-thc-inalt-1g-cartus-online\/","og_site_name":"Medicinas Inc","article_modified_time":"2022-03-22T01:23:44+00:00","og_image":[{"width":600,"height":600,"url":"https:\/\/medicinasinc.com\/ro\/wp-content\/uploads\/sites\/11\/2022\/02\/Buy-High-THC-Cannabis-Oil-1g-cartridge-online.jpg","type":"image\/jpeg"}],"twitter_card":"summary_large_image","twitter_misc":{"Est. reading time":"3 minutes"},"schema":{"@context":"https:\/\/schema.org","@graph":[{"@type":"WebPage","@id":"https:\/\/medicinasinc.com\/ro\/product\/cumparati-ulei-de-cannabis-cu-thc-inalt-1g-cartus-online\/","url":"https:\/\/medicinasinc.com\/ro\/product\/cumparati-ulei-de-cannabis-cu-thc-inalt-1g-cartus-online\/","name":"Cump\u0103ra\u021bi cartu\u0219 cu ulei de canabis cu con\u021binut ridicat de THC 1g online - Cele mai bune medicamente globale","isPartOf":{"@id":"https:\/\/medicinasinc.com\/ro\/#website"},"primaryImageOfPage":{"@id":"https:\/\/medicinasinc.com\/ro\/product\/cumparati-ulei-de-cannabis-cu-thc-inalt-1g-cartus-online\/#primaryimage"},"image":{"@id":"https:\/\/medicinasinc.com\/ro\/product\/cumparati-ulei-de-cannabis-cu-thc-inalt-1g-cartus-online\/#primaryimage"},"thumbnailUrl":"https:\/\/medicinasinc.com\/ro\/wp-content\/uploads\/sites\/11\/2022\/02\/Buy-High-THC-Cannabis-Oil-1g-cartridge-online.jpg","datePublished":"2022-02-20T08:46:53+00:00","dateModified":"2022-03-22T01:23:44+00:00","description":"Cump\u0103ra\u021bi ulei de marijuana cu con\u021binut ridicat de THC de v\u00e2nzare online \u00een Marea Britanie, Europa. Cump\u0103ra\u021bi ulei de canabis 100% pur pentru v\u00e2nzare SUA. Ulei de canabis cu spectru complet. Cancer de ulei THC de v\u00e2nzare.Poten\u021b\u0103: 85% THC &amp; 15% CBD","breadcrumb":{"@id":"https:\/\/medicinasinc.com\/ro\/product\/cumparati-ulei-de-cannabis-cu-thc-inalt-1g-cartus-online\/#breadcrumb"},"inLanguage":"en-US","potentialAction":[{"@type":"ReadAction","target":["https:\/\/medicinasinc.com\/ro\/product\/cumparati-ulei-de-cannabis-cu-thc-inalt-1g-cartus-online\/"]}]},{"@type":"ImageObject","inLanguage":"en-US","@id":"https:\/\/medicinasinc.com\/ro\/product\/cumparati-ulei-de-cannabis-cu-thc-inalt-1g-cartus-online\/#primaryimage","url":"https:\/\/medicinasinc.com\/ro\/wp-content\/uploads\/sites\/11\/2022\/02\/Buy-High-THC-Cannabis-Oil-1g-cartridge-online.jpg","contentUrl":"https:\/\/medicinasinc.com\/ro\/wp-content\/uploads\/sites\/11\/2022\/02\/Buy-High-THC-Cannabis-Oil-1g-cartridge-online.jpg","width":600,"height":600},{"@type":"BreadcrumbList","@id":"https:\/\/medicinasinc.com\/ro\/product\/cumparati-ulei-de-cannabis-cu-thc-inalt-1g-cartus-online\/#breadcrumb","itemListElement":[{"@type":"ListItem","position":1,"name":"Magazin","item":"https:\/\/medicinasinc.com\/ro\/magazin\/"},{"@type":"ListItem","position":2,"name":"Cump\u0103ra\u021bi online un cartus cu ulei de canabis cu con\u021binut ridicat de THC 1g"}]},{"@type":"WebSite","@id":"https:\/\/medicinasinc.com\/ro\/#website","url":"https:\/\/medicinasinc.com\/ro\/","name":"Medicinas Inc","description":"Health Medical Clinic","potentialAction":[{"@type":"SearchAction","target":{"@type":"EntryPoint","urlTemplate":"https:\/\/medicinasinc.com\/ro\/?s={search_term_string}"},"query-input":{"@type":"PropertyValueSpecification","valueRequired":true,"valueName":"search_term_string"}}],"inLanguage":"en-US"}]}},"_links":{"self":[{"href":"https:\/\/medicinasinc.com\/ro\/wp-json\/wp\/v2\/product\/4388","targetHints":{"allow":["GET"]}}],"collection":[{"href":"https:\/\/medicinasinc.com\/ro\/wp-json\/wp\/v2\/product"}],"about":[{"href":"https:\/\/medicinasinc.com\/ro\/wp-json\/wp\/v2\/types\/product"}],"replies":[{"embeddable":true,"href":"https:\/\/medicinasinc.com\/ro\/wp-json\/wp\/v2\/comments?post=4388"}],"wp:featuredmedia":[{"embeddable":true,"href":"https:\/\/medicinasinc.com\/ro\/wp-json\/wp\/v2\/media\/4423"}],"wp:attachment":[{"href":"https:\/\/medicinasinc.com\/ro\/wp-json\/wp\/v2\/media?parent=4388"}],"wp:term":[{"taxonomy":"product_brand","embeddable":true,"href":"https:\/\/medicinasinc.com\/ro\/wp-json\/wp\/v2\/product_brand?post=4388"},{"taxonomy":"product_cat","embeddable":true,"href":"https:\/\/medicinasinc.com\/ro\/wp-json\/wp\/v2\/product_cat?post=4388"},{"taxonomy":"product_tag","embeddable":true,"href":"https:\/\/medicinasinc.com\/ro\/wp-json\/wp\/v2\/product_tag?post=4388"}],"curies":[{"name":"wp","href":"https:\/\/api.w.org\/{rel}","templated":true}]}}