{"id":4375,"date":"2022-02-20T08:40:25","date_gmt":"2022-02-20T08:40:25","guid":{"rendered":"https:\/\/medicinasinc.com\/ro\/?post_type=product&#038;p=4375"},"modified":"2022-03-22T01:23:52","modified_gmt":"2022-03-22T01:23:52","slug":"cumparati-ulei-extras-cu-cbd-premium-co2","status":"publish","type":"product","link":"https:\/\/medicinasinc.com\/ro\/product\/cumparati-ulei-extras-cu-cbd-premium-co2\/","title":{"rendered":"Cump\u0103ra\u021bi ulei extras de CO2 premium cu con\u021binut ridicat de CBD"},"content":{"rendered":"<p>Cump\u0103ra\u021bi ulei extras cu CO2 premium cu con\u021binut ridicat de CBD online \u00een Statele Unite ale Americii.<\/p>\n<p>Cump\u0103ra\u021bi ulei extras cu CO2 premium cu con\u021binut ridicat de CBD online \u00een Statele Unite ale Americii.<\/p>\n<p>Canabinoizii sunt extras cu CO2. Ceea ce pare s\u0103 rezulte \u00eentr-un ulei care este mult mai pl\u0103cut de inhalat \u0219i lipsit de asprime.<br \/> Acest lot de medicamente este derivat din ACDC, o tulpin\u0103 de canabis cunoscut\u0103 pentru con\u021binutul s\u0103u ridicat de CBD.<\/p>\n","protected":false},"excerpt":{"rendered":"<p>Cump\u0103ra\u021bi ulei extras de CO2 premium cu con\u021binut ridicat de CBD pentru v\u00e2nzare online \u00een Marea Britanie, Europa. Canabinoizi activi totale 80% THC: 24% CBD: 56% cartu\u0219 de extrac\u021bie cu ulei de marijuana cu CO2.<\/p>\n<h3>Cump\u0103ra\u021bi cartu\u0219e cu ulei de canabis THC<\/h3>\n<p>pre\u021bul produsului este ca: pe 5 cartu\u0219e<br \/> <strong>Cantitatea minim\u0103 de comand\u0103 este: 5 cartu\u0219e<\/strong><\/p>\n","protected":false},"featured_media":4411,"comment_status":"open","ping_status":"closed","template":"","meta":[],"product_brand":[],"product_cat":[440],"product_tag":[],"class_list":{"0":"post-4375","1":"product","2":"type-product","3":"status-publish","4":"has-post-thumbnail","6":"product_cat-cumpara-cannabis-ulei-de-cbd","8":"first","9":"instock","10":"shipping-taxable","11":"purchasable","12":"product-type-variable","13":"has-default-attributes"},"yoast_head":"<!-- This site is optimized with the Yoast SEO plugin v27.3 - https:\/\/yoast.com\/product\/yoast-seo-wordpress\/ -->\n<title>Cump\u0103ra\u021bi ulei extras de CO2 premium cu con\u021binut ridicat de CBD - Cele mai bune medicamente globale<\/title>\n<meta name=\"description\" content=\"Cump\u0103ra\u021bi ulei extras de CO2 premium cu con\u021binut ridicat de CBD pentru v\u00e2nzare online \u00een Marea Britanie, Europa. Canabinoizi activi totale 80% THC: 24% CBD: 56% Cartu\u0219 de extrac\u021bie cu ulei de marijuana cu CO2.\" \/>\n<meta name=\"robots\" content=\"index, follow, max-snippet:-1, max-image-preview:large, max-video-preview:-1\" \/>\n<link rel=\"canonical\" href=\"https:\/\/medicinasinc.com\/ro\/product\/cumparati-ulei-extras-cu-cbd-premium-co2\/\" \/>\n<meta property=\"og:locale\" content=\"en_US\" \/>\n<meta property=\"og:type\" content=\"article\" \/>\n<meta property=\"og:title\" content=\"Cump\u0103ra\u021bi ulei extras de CO2 premium cu con\u021binut ridicat de CBD - Cele mai bune medicamente globale\" \/>\n<meta property=\"og:description\" content=\"Cump\u0103ra\u021bi ulei extras de CO2 premium cu con\u021binut ridicat de CBD pentru v\u00e2nzare online \u00een Marea Britanie, Europa. Canabinoizi activi totale 80% THC: 24% CBD: 56% Cartu\u0219 de extrac\u021bie cu ulei de marijuana cu CO2.\" \/>\n<meta property=\"og:url\" content=\"https:\/\/medicinasinc.com\/ro\/product\/cumparati-ulei-extras-cu-cbd-premium-co2\/\" \/>\n<meta property=\"og:site_name\" content=\"Medicinas Inc\" \/>\n<meta property=\"article:modified_time\" content=\"2022-03-22T01:23:52+00:00\" \/>\n<meta property=\"og:image\" content=\"https:\/\/medicinasinc.com\/ro\/wp-content\/uploads\/sites\/11\/2022\/02\/Buy-High-CBD-Premium-CO2-Extracted-Oil.jpg\" \/>\n\t<meta property=\"og:image:width\" content=\"770\" \/>\n\t<meta property=\"og:image:height\" content=\"686\" \/>\n\t<meta property=\"og:image:type\" content=\"image\/jpeg\" \/>\n<meta name=\"twitter:card\" content=\"summary_large_image\" \/>\n<meta name=\"twitter:label1\" content=\"Est. reading time\" \/>\n\t<meta name=\"twitter:data1\" content=\"1 minute\" \/>\n<script type=\"application\/ld+json\" class=\"yoast-schema-graph\">{\"@context\":\"https:\\\/\\\/schema.org\",\"@graph\":[{\"@type\":\"WebPage\",\"@id\":\"https:\\\/\\\/medicinasinc.com\\\/ro\\\/product\\\/cumparati-ulei-extras-cu-cbd-premium-co2\\\/\",\"url\":\"https:\\\/\\\/medicinasinc.com\\\/ro\\\/product\\\/cumparati-ulei-extras-cu-cbd-premium-co2\\\/\",\"name\":\"Cump\u0103ra\u021bi ulei extras de CO2 premium cu con\u021binut ridicat de CBD - Cele mai bune medicamente globale\",\"isPartOf\":{\"@id\":\"https:\\\/\\\/medicinasinc.com\\\/ro\\\/#website\"},\"primaryImageOfPage\":{\"@id\":\"https:\\\/\\\/medicinasinc.com\\\/ro\\\/product\\\/cumparati-ulei-extras-cu-cbd-premium-co2\\\/#primaryimage\"},\"image\":{\"@id\":\"https:\\\/\\\/medicinasinc.com\\\/ro\\\/product\\\/cumparati-ulei-extras-cu-cbd-premium-co2\\\/#primaryimage\"},\"thumbnailUrl\":\"https:\\\/\\\/medicinasinc.com\\\/ro\\\/wp-content\\\/uploads\\\/sites\\\/11\\\/2022\\\/02\\\/Buy-High-CBD-Premium-CO2-Extracted-Oil.jpg\",\"datePublished\":\"2022-02-20T08:40:25+00:00\",\"dateModified\":\"2022-03-22T01:23:52+00:00\",\"description\":\"Cump\u0103ra\u021bi ulei extras de CO2 premium cu con\u021binut ridicat de CBD pentru v\u00e2nzare online \u00een Marea Britanie, Europa. Canabinoizi activi totale 80% THC: 24% CBD: 56% Cartu\u0219 de extrac\u021bie cu ulei de marijuana cu CO2.\",\"breadcrumb\":{\"@id\":\"https:\\\/\\\/medicinasinc.com\\\/ro\\\/product\\\/cumparati-ulei-extras-cu-cbd-premium-co2\\\/#breadcrumb\"},\"inLanguage\":\"en-US\",\"potentialAction\":[{\"@type\":\"ReadAction\",\"target\":[\"https:\\\/\\\/medicinasinc.com\\\/ro\\\/product\\\/cumparati-ulei-extras-cu-cbd-premium-co2\\\/\"]}]},{\"@type\":\"ImageObject\",\"inLanguage\":\"en-US\",\"@id\":\"https:\\\/\\\/medicinasinc.com\\\/ro\\\/product\\\/cumparati-ulei-extras-cu-cbd-premium-co2\\\/#primaryimage\",\"url\":\"https:\\\/\\\/medicinasinc.com\\\/ro\\\/wp-content\\\/uploads\\\/sites\\\/11\\\/2022\\\/02\\\/Buy-High-CBD-Premium-CO2-Extracted-Oil.jpg\",\"contentUrl\":\"https:\\\/\\\/medicinasinc.com\\\/ro\\\/wp-content\\\/uploads\\\/sites\\\/11\\\/2022\\\/02\\\/Buy-High-CBD-Premium-CO2-Extracted-Oil.jpg\",\"width\":770,\"height\":686},{\"@type\":\"BreadcrumbList\",\"@id\":\"https:\\\/\\\/medicinasinc.com\\\/ro\\\/product\\\/cumparati-ulei-extras-cu-cbd-premium-co2\\\/#breadcrumb\",\"itemListElement\":[{\"@type\":\"ListItem\",\"position\":1,\"name\":\"Magazin\",\"item\":\"https:\\\/\\\/medicinasinc.com\\\/ro\\\/magazin\\\/\"},{\"@type\":\"ListItem\",\"position\":2,\"name\":\"Cump\u0103ra\u021bi ulei extras de CO2 premium cu con\u021binut ridicat de CBD\"}]},{\"@type\":\"WebSite\",\"@id\":\"https:\\\/\\\/medicinasinc.com\\\/ro\\\/#website\",\"url\":\"https:\\\/\\\/medicinasinc.com\\\/ro\\\/\",\"name\":\"Medicinas Inc\",\"description\":\"Health Medical Clinic\",\"potentialAction\":[{\"@type\":\"SearchAction\",\"target\":{\"@type\":\"EntryPoint\",\"urlTemplate\":\"https:\\\/\\\/medicinasinc.com\\\/ro\\\/?s={search_term_string}\"},\"query-input\":{\"@type\":\"PropertyValueSpecification\",\"valueRequired\":true,\"valueName\":\"search_term_string\"}}],\"inLanguage\":\"en-US\"}]}<\/script>\n<!-- \/ Yoast SEO plugin. -->","yoast_head_json":{"title":"Cump\u0103ra\u021bi ulei extras de CO2 premium cu con\u021binut ridicat de CBD - Cele mai bune medicamente globale","description":"Cump\u0103ra\u021bi ulei extras de CO2 premium cu con\u021binut ridicat de CBD pentru v\u00e2nzare online \u00een Marea Britanie, Europa. Canabinoizi activi totale 80% THC: 24% CBD: 56% Cartu\u0219 de extrac\u021bie cu ulei de marijuana cu CO2.","robots":{"index":"index","follow":"follow","max-snippet":"max-snippet:-1","max-image-preview":"max-image-preview:large","max-video-preview":"max-video-preview:-1"},"canonical":"https:\/\/medicinasinc.com\/ro\/product\/cumparati-ulei-extras-cu-cbd-premium-co2\/","og_locale":"en_US","og_type":"article","og_title":"Cump\u0103ra\u021bi ulei extras de CO2 premium cu con\u021binut ridicat de CBD - Cele mai bune medicamente globale","og_description":"Cump\u0103ra\u021bi ulei extras de CO2 premium cu con\u021binut ridicat de CBD pentru v\u00e2nzare online \u00een Marea Britanie, Europa. Canabinoizi activi totale 80% THC: 24% CBD: 56% Cartu\u0219 de extrac\u021bie cu ulei de marijuana cu CO2.","og_url":"https:\/\/medicinasinc.com\/ro\/product\/cumparati-ulei-extras-cu-cbd-premium-co2\/","og_site_name":"Medicinas Inc","article_modified_time":"2022-03-22T01:23:52+00:00","og_image":[{"width":770,"height":686,"url":"https:\/\/medicinasinc.com\/ro\/wp-content\/uploads\/sites\/11\/2022\/02\/Buy-High-CBD-Premium-CO2-Extracted-Oil.jpg","type":"image\/jpeg"}],"twitter_card":"summary_large_image","twitter_misc":{"Est. reading time":"1 minute"},"schema":{"@context":"https:\/\/schema.org","@graph":[{"@type":"WebPage","@id":"https:\/\/medicinasinc.com\/ro\/product\/cumparati-ulei-extras-cu-cbd-premium-co2\/","url":"https:\/\/medicinasinc.com\/ro\/product\/cumparati-ulei-extras-cu-cbd-premium-co2\/","name":"Cump\u0103ra\u021bi ulei extras de CO2 premium cu con\u021binut ridicat de CBD - Cele mai bune medicamente globale","isPartOf":{"@id":"https:\/\/medicinasinc.com\/ro\/#website"},"primaryImageOfPage":{"@id":"https:\/\/medicinasinc.com\/ro\/product\/cumparati-ulei-extras-cu-cbd-premium-co2\/#primaryimage"},"image":{"@id":"https:\/\/medicinasinc.com\/ro\/product\/cumparati-ulei-extras-cu-cbd-premium-co2\/#primaryimage"},"thumbnailUrl":"https:\/\/medicinasinc.com\/ro\/wp-content\/uploads\/sites\/11\/2022\/02\/Buy-High-CBD-Premium-CO2-Extracted-Oil.jpg","datePublished":"2022-02-20T08:40:25+00:00","dateModified":"2022-03-22T01:23:52+00:00","description":"Cump\u0103ra\u021bi ulei extras de CO2 premium cu con\u021binut ridicat de CBD pentru v\u00e2nzare online \u00een Marea Britanie, Europa. Canabinoizi activi totale 80% THC: 24% CBD: 56% Cartu\u0219 de extrac\u021bie cu ulei de marijuana cu CO2.","breadcrumb":{"@id":"https:\/\/medicinasinc.com\/ro\/product\/cumparati-ulei-extras-cu-cbd-premium-co2\/#breadcrumb"},"inLanguage":"en-US","potentialAction":[{"@type":"ReadAction","target":["https:\/\/medicinasinc.com\/ro\/product\/cumparati-ulei-extras-cu-cbd-premium-co2\/"]}]},{"@type":"ImageObject","inLanguage":"en-US","@id":"https:\/\/medicinasinc.com\/ro\/product\/cumparati-ulei-extras-cu-cbd-premium-co2\/#primaryimage","url":"https:\/\/medicinasinc.com\/ro\/wp-content\/uploads\/sites\/11\/2022\/02\/Buy-High-CBD-Premium-CO2-Extracted-Oil.jpg","contentUrl":"https:\/\/medicinasinc.com\/ro\/wp-content\/uploads\/sites\/11\/2022\/02\/Buy-High-CBD-Premium-CO2-Extracted-Oil.jpg","width":770,"height":686},{"@type":"BreadcrumbList","@id":"https:\/\/medicinasinc.com\/ro\/product\/cumparati-ulei-extras-cu-cbd-premium-co2\/#breadcrumb","itemListElement":[{"@type":"ListItem","position":1,"name":"Magazin","item":"https:\/\/medicinasinc.com\/ro\/magazin\/"},{"@type":"ListItem","position":2,"name":"Cump\u0103ra\u021bi ulei extras de CO2 premium cu con\u021binut ridicat de CBD"}]},{"@type":"WebSite","@id":"https:\/\/medicinasinc.com\/ro\/#website","url":"https:\/\/medicinasinc.com\/ro\/","name":"Medicinas Inc","description":"Health Medical Clinic","potentialAction":[{"@type":"SearchAction","target":{"@type":"EntryPoint","urlTemplate":"https:\/\/medicinasinc.com\/ro\/?s={search_term_string}"},"query-input":{"@type":"PropertyValueSpecification","valueRequired":true,"valueName":"search_term_string"}}],"inLanguage":"en-US"}]}},"_links":{"self":[{"href":"https:\/\/medicinasinc.com\/ro\/wp-json\/wp\/v2\/product\/4375","targetHints":{"allow":["GET"]}}],"collection":[{"href":"https:\/\/medicinasinc.com\/ro\/wp-json\/wp\/v2\/product"}],"about":[{"href":"https:\/\/medicinasinc.com\/ro\/wp-json\/wp\/v2\/types\/product"}],"replies":[{"embeddable":true,"href":"https:\/\/medicinasinc.com\/ro\/wp-json\/wp\/v2\/comments?post=4375"}],"wp:featuredmedia":[{"embeddable":true,"href":"https:\/\/medicinasinc.com\/ro\/wp-json\/wp\/v2\/media\/4411"}],"wp:attachment":[{"href":"https:\/\/medicinasinc.com\/ro\/wp-json\/wp\/v2\/media?parent=4375"}],"wp:term":[{"taxonomy":"product_brand","embeddable":true,"href":"https:\/\/medicinasinc.com\/ro\/wp-json\/wp\/v2\/product_brand?post=4375"},{"taxonomy":"product_cat","embeddable":true,"href":"https:\/\/medicinasinc.com\/ro\/wp-json\/wp\/v2\/product_cat?post=4375"},{"taxonomy":"product_tag","embeddable":true,"href":"https:\/\/medicinasinc.com\/ro\/wp-json\/wp\/v2\/product_tag?post=4375"}],"curies":[{"name":"wp","href":"https:\/\/api.w.org\/{rel}","templated":true}]}}