{"id":4374,"date":"2022-02-20T08:40:15","date_gmt":"2022-02-20T08:40:15","guid":{"rendered":"https:\/\/medicinasinc.com\/ro\/?post_type=product&#038;p=4374"},"modified":"2022-03-22T01:24:09","modified_gmt":"2022-03-22T01:24:09","slug":"cumpara-cartus-arlechin-ulei-co2-1g","status":"publish","type":"product","link":"https:\/\/medicinasinc.com\/ro\/product\/cumpara-cartus-arlechin-ulei-co2-1g\/","title":{"rendered":"Cump\u0103ra\u021bi Cartu\u0219ul Harlequin CO2 Oil 1g"},"content":{"rendered":"<p>Achizi\u021bie online a cartu\u015fului Harlequin CO2 Oil 1g.<\/p>\n<p>Achizi\u0163ionarea online a cartu\u015fului Harlequin CO2 Oil 1g.<\/p>\n<p>Achizi\u0163ionarea online a cartu\u015felor Harlequin CO2 ulei. 13,02 la sut\u0103 THCA | 6,54 la sut\u0103 THC | 49,10 la sut\u0103 CBDA | 5,35% CBD<\/p>\n<p>Harlequin este o tulpin\u0103 cu predominan\u021b\u0103 Sativa u\u0219or psihoactiv\u0103, cu nuci pr\u0103jite, ciocolat\u0103 \u0219i, mai ales, flori cu parfum de cire\u0219e. Harlequin este o tulpin\u0103 bogat\u0103 \u00een CBD, cu o psihoactivitate \u0219i propriet\u0103\u021bi analgezice neglijabile. Arlechinul este folosit frecvent pentru a trata durerea \u0219i este potrivit pentru utilizarea \u00een timpul zilei datorit\u0103 con\u021binutului s\u0103u ridicat de CBD \u0219i a efectelor clare.<\/p>\n<p>AUR COLOMBIAN + NEPALI + THAI + LINEAGE ELVETIAN LANDRACE<\/p>\n<p>P\u0102M\u00c2NTUL \u2013 PICANT \u2013 LEMNOS \u2013 AROMURI DE MANGO<\/p>\n<p>DUREREA \u2013 STRESS \u2013 INFLAMA\u021aIE \u2013 DEPRESIE \u2013 GRA\u021a\u0102 \u2013 MEDICAL<\/p>\n<p>ELFAT \u2013 RELAXAT \u2013 MOL \u2013 CONCENTRAT \u2013 FERICIT \u00ceN GENERAL\/p<\/p>\n","protected":false},"excerpt":{"rendered":"<p>Cump\u0103ra\u021bi cartu\u0219e Harlequin Co2 de v\u00e2nzare, cartu\u015f Harlequin vape, cartu\u015f Harlequin cbd vape, &#8230; Cump\u0103ra\u021bi cartu\u0219e de ulei THC Vape Pen, cartu\u0219e de THC de v\u00e2nzare online. Cump\u0103ra\u021bi Cartu\u0219ul Harlequin CO2 Oil 1g Online. Cartu\u0219e THC din Marea Britanie de v\u00e2nzare. Cump\u0103ra\u021bi cartu\u0219e de ulei Co2 Vape.<\/p>\n<h2>Cump\u0103ra\u021bi cartu\u0219e de ulei de canabis THC<\/h2>\n<p>pre\u021bul produsului este ca: pe cartu\u015f de 1g<br \/> <strong>Cantitatea minim\u0103 de comand\u0103 este: 5 cartu\u0219e<\/p>\n","protected":false},"featured_media":4409,"comment_status":"open","ping_status":"closed","template":"","meta":[],"product_brand":[],"product_cat":[440],"product_tag":[],"class_list":{"0":"post-4374","1":"product","2":"type-product","3":"status-publish","4":"has-post-thumbnail","6":"product_cat-cumpara-cannabis-ulei-de-cbd","8":"first","9":"instock","10":"shipping-taxable","11":"purchasable","12":"product-type-variable","13":"has-default-attributes"},"yoast_head":"<!-- This site is optimized with the Yoast SEO plugin v27.3 - https:\/\/yoast.com\/product\/yoast-seo-wordpress\/ -->\n<title>Cump\u0103ra\u021bi cartu\u0219ul Harlequin CO2 Oil 1g online - Cele mai bune medicamente globale<\/title>\n<meta name=\"description\" content=\"Cump\u0103ra\u021bi Cartu\u0219e Harlequin Co2 de v\u00e2nzare, cartu\u015f Harlequin Vape, Cartu\u0219 Harlequin cbd Vape, ... Cump\u0103ra\u021bi Cartu\u0219e THC Vape Pen, Cartu\u0219e THC De V\u00e2nzare Online. Cump\u0103ra\u021bi Cartu\u0219ul Harlequin CO2 Oil 1g Online. Cartu\u0219e THC din Marea Britanie de v\u00e2nzare. Cump\u0103ra\u021bi cartu\u0219e de ulei co2 Vape.\" \/>\n<meta name=\"robots\" content=\"index, follow, max-snippet:-1, max-image-preview:large, max-video-preview:-1\" \/>\n<link rel=\"canonical\" href=\"https:\/\/medicinasinc.com\/ro\/product\/cumpara-cartus-arlechin-ulei-co2-1g\/\" \/>\n<meta property=\"og:locale\" content=\"en_US\" \/>\n<meta property=\"og:type\" content=\"article\" \/>\n<meta property=\"og:title\" content=\"Cump\u0103ra\u021bi cartu\u0219ul Harlequin CO2 Oil 1g online - Cele mai bune medicamente globale\" \/>\n<meta property=\"og:description\" content=\"Cump\u0103ra\u021bi Cartu\u0219e Harlequin Co2 de v\u00e2nzare, cartu\u015f Harlequin Vape, Cartu\u0219 Harlequin cbd Vape, ... Cump\u0103ra\u021bi Cartu\u0219e THC Vape Pen, Cartu\u0219e THC De V\u00e2nzare Online. Cump\u0103ra\u021bi Cartu\u0219ul Harlequin CO2 Oil 1g Online. Cartu\u0219e THC din Marea Britanie de v\u00e2nzare. Cump\u0103ra\u021bi cartu\u0219e de ulei co2 Vape.\" \/>\n<meta property=\"og:url\" content=\"https:\/\/medicinasinc.com\/ro\/product\/cumpara-cartus-arlechin-ulei-co2-1g\/\" \/>\n<meta property=\"og:site_name\" content=\"Medicinas Inc\" \/>\n<meta property=\"article:modified_time\" content=\"2022-03-22T01:24:09+00:00\" \/>\n<meta property=\"og:image\" content=\"https:\/\/medicinasinc.com\/ro\/wp-content\/uploads\/sites\/11\/2022\/02\/Buy-Harlequin-CO2-Oil-1g-Cartridge-Online.jpg\" \/>\n\t<meta property=\"og:image:width\" content=\"600\" \/>\n\t<meta property=\"og:image:height\" content=\"600\" \/>\n\t<meta property=\"og:image:type\" content=\"image\/jpeg\" \/>\n<meta name=\"twitter:card\" content=\"summary_large_image\" \/>\n<meta name=\"twitter:label1\" content=\"Est. reading time\" \/>\n\t<meta name=\"twitter:data1\" content=\"1 minute\" \/>\n<script type=\"application\/ld+json\" class=\"yoast-schema-graph\">{\"@context\":\"https:\\\/\\\/schema.org\",\"@graph\":[{\"@type\":\"WebPage\",\"@id\":\"https:\\\/\\\/medicinasinc.com\\\/ro\\\/product\\\/cumpara-cartus-arlechin-ulei-co2-1g\\\/\",\"url\":\"https:\\\/\\\/medicinasinc.com\\\/ro\\\/product\\\/cumpara-cartus-arlechin-ulei-co2-1g\\\/\",\"name\":\"Cump\u0103ra\u021bi cartu\u0219ul Harlequin CO2 Oil 1g online - Cele mai bune medicamente globale\",\"isPartOf\":{\"@id\":\"https:\\\/\\\/medicinasinc.com\\\/ro\\\/#website\"},\"primaryImageOfPage\":{\"@id\":\"https:\\\/\\\/medicinasinc.com\\\/ro\\\/product\\\/cumpara-cartus-arlechin-ulei-co2-1g\\\/#primaryimage\"},\"image\":{\"@id\":\"https:\\\/\\\/medicinasinc.com\\\/ro\\\/product\\\/cumpara-cartus-arlechin-ulei-co2-1g\\\/#primaryimage\"},\"thumbnailUrl\":\"https:\\\/\\\/medicinasinc.com\\\/ro\\\/wp-content\\\/uploads\\\/sites\\\/11\\\/2022\\\/02\\\/Buy-Harlequin-CO2-Oil-1g-Cartridge-Online.jpg\",\"datePublished\":\"2022-02-20T08:40:15+00:00\",\"dateModified\":\"2022-03-22T01:24:09+00:00\",\"description\":\"Cump\u0103ra\u021bi Cartu\u0219e Harlequin Co2 de v\u00e2nzare, cartu\u015f Harlequin Vape, Cartu\u0219 Harlequin cbd Vape, ... Cump\u0103ra\u021bi Cartu\u0219e THC Vape Pen, Cartu\u0219e THC De V\u00e2nzare Online. Cump\u0103ra\u021bi Cartu\u0219ul Harlequin CO2 Oil 1g Online. Cartu\u0219e THC din Marea Britanie de v\u00e2nzare. Cump\u0103ra\u021bi cartu\u0219e de ulei co2 Vape.\",\"breadcrumb\":{\"@id\":\"https:\\\/\\\/medicinasinc.com\\\/ro\\\/product\\\/cumpara-cartus-arlechin-ulei-co2-1g\\\/#breadcrumb\"},\"inLanguage\":\"en-US\",\"potentialAction\":[{\"@type\":\"ReadAction\",\"target\":[\"https:\\\/\\\/medicinasinc.com\\\/ro\\\/product\\\/cumpara-cartus-arlechin-ulei-co2-1g\\\/\"]}]},{\"@type\":\"ImageObject\",\"inLanguage\":\"en-US\",\"@id\":\"https:\\\/\\\/medicinasinc.com\\\/ro\\\/product\\\/cumpara-cartus-arlechin-ulei-co2-1g\\\/#primaryimage\",\"url\":\"https:\\\/\\\/medicinasinc.com\\\/ro\\\/wp-content\\\/uploads\\\/sites\\\/11\\\/2022\\\/02\\\/Buy-Harlequin-CO2-Oil-1g-Cartridge-Online.jpg\",\"contentUrl\":\"https:\\\/\\\/medicinasinc.com\\\/ro\\\/wp-content\\\/uploads\\\/sites\\\/11\\\/2022\\\/02\\\/Buy-Harlequin-CO2-Oil-1g-Cartridge-Online.jpg\",\"width\":600,\"height\":600},{\"@type\":\"BreadcrumbList\",\"@id\":\"https:\\\/\\\/medicinasinc.com\\\/ro\\\/product\\\/cumpara-cartus-arlechin-ulei-co2-1g\\\/#breadcrumb\",\"itemListElement\":[{\"@type\":\"ListItem\",\"position\":1,\"name\":\"Magazin\",\"item\":\"https:\\\/\\\/medicinasinc.com\\\/ro\\\/magazin\\\/\"},{\"@type\":\"ListItem\",\"position\":2,\"name\":\"Cump\u0103ra\u021bi Cartu\u0219ul Harlequin CO2 Oil 1g\"}]},{\"@type\":\"WebSite\",\"@id\":\"https:\\\/\\\/medicinasinc.com\\\/ro\\\/#website\",\"url\":\"https:\\\/\\\/medicinasinc.com\\\/ro\\\/\",\"name\":\"Medicinas Inc\",\"description\":\"Health Medical Clinic\",\"potentialAction\":[{\"@type\":\"SearchAction\",\"target\":{\"@type\":\"EntryPoint\",\"urlTemplate\":\"https:\\\/\\\/medicinasinc.com\\\/ro\\\/?s={search_term_string}\"},\"query-input\":{\"@type\":\"PropertyValueSpecification\",\"valueRequired\":true,\"valueName\":\"search_term_string\"}}],\"inLanguage\":\"en-US\"}]}<\/script>\n<!-- \/ Yoast SEO plugin. -->","yoast_head_json":{"title":"Cump\u0103ra\u021bi cartu\u0219ul Harlequin CO2 Oil 1g online - Cele mai bune medicamente globale","description":"Cump\u0103ra\u021bi Cartu\u0219e Harlequin Co2 de v\u00e2nzare, cartu\u015f Harlequin Vape, Cartu\u0219 Harlequin cbd Vape, ... Cump\u0103ra\u021bi Cartu\u0219e THC Vape Pen, Cartu\u0219e THC De V\u00e2nzare Online. Cump\u0103ra\u021bi Cartu\u0219ul Harlequin CO2 Oil 1g Online. Cartu\u0219e THC din Marea Britanie de v\u00e2nzare. Cump\u0103ra\u021bi cartu\u0219e de ulei co2 Vape.","robots":{"index":"index","follow":"follow","max-snippet":"max-snippet:-1","max-image-preview":"max-image-preview:large","max-video-preview":"max-video-preview:-1"},"canonical":"https:\/\/medicinasinc.com\/ro\/product\/cumpara-cartus-arlechin-ulei-co2-1g\/","og_locale":"en_US","og_type":"article","og_title":"Cump\u0103ra\u021bi cartu\u0219ul Harlequin CO2 Oil 1g online - Cele mai bune medicamente globale","og_description":"Cump\u0103ra\u021bi Cartu\u0219e Harlequin Co2 de v\u00e2nzare, cartu\u015f Harlequin Vape, Cartu\u0219 Harlequin cbd Vape, ... Cump\u0103ra\u021bi Cartu\u0219e THC Vape Pen, Cartu\u0219e THC De V\u00e2nzare Online. Cump\u0103ra\u021bi Cartu\u0219ul Harlequin CO2 Oil 1g Online. Cartu\u0219e THC din Marea Britanie de v\u00e2nzare. Cump\u0103ra\u021bi cartu\u0219e de ulei co2 Vape.","og_url":"https:\/\/medicinasinc.com\/ro\/product\/cumpara-cartus-arlechin-ulei-co2-1g\/","og_site_name":"Medicinas Inc","article_modified_time":"2022-03-22T01:24:09+00:00","og_image":[{"width":600,"height":600,"url":"https:\/\/medicinasinc.com\/ro\/wp-content\/uploads\/sites\/11\/2022\/02\/Buy-Harlequin-CO2-Oil-1g-Cartridge-Online.jpg","type":"image\/jpeg"}],"twitter_card":"summary_large_image","twitter_misc":{"Est. reading time":"1 minute"},"schema":{"@context":"https:\/\/schema.org","@graph":[{"@type":"WebPage","@id":"https:\/\/medicinasinc.com\/ro\/product\/cumpara-cartus-arlechin-ulei-co2-1g\/","url":"https:\/\/medicinasinc.com\/ro\/product\/cumpara-cartus-arlechin-ulei-co2-1g\/","name":"Cump\u0103ra\u021bi cartu\u0219ul Harlequin CO2 Oil 1g online - Cele mai bune medicamente globale","isPartOf":{"@id":"https:\/\/medicinasinc.com\/ro\/#website"},"primaryImageOfPage":{"@id":"https:\/\/medicinasinc.com\/ro\/product\/cumpara-cartus-arlechin-ulei-co2-1g\/#primaryimage"},"image":{"@id":"https:\/\/medicinasinc.com\/ro\/product\/cumpara-cartus-arlechin-ulei-co2-1g\/#primaryimage"},"thumbnailUrl":"https:\/\/medicinasinc.com\/ro\/wp-content\/uploads\/sites\/11\/2022\/02\/Buy-Harlequin-CO2-Oil-1g-Cartridge-Online.jpg","datePublished":"2022-02-20T08:40:15+00:00","dateModified":"2022-03-22T01:24:09+00:00","description":"Cump\u0103ra\u021bi Cartu\u0219e Harlequin Co2 de v\u00e2nzare, cartu\u015f Harlequin Vape, Cartu\u0219 Harlequin cbd Vape, ... Cump\u0103ra\u021bi Cartu\u0219e THC Vape Pen, Cartu\u0219e THC De V\u00e2nzare Online. Cump\u0103ra\u021bi Cartu\u0219ul Harlequin CO2 Oil 1g Online. Cartu\u0219e THC din Marea Britanie de v\u00e2nzare. Cump\u0103ra\u021bi cartu\u0219e de ulei co2 Vape.","breadcrumb":{"@id":"https:\/\/medicinasinc.com\/ro\/product\/cumpara-cartus-arlechin-ulei-co2-1g\/#breadcrumb"},"inLanguage":"en-US","potentialAction":[{"@type":"ReadAction","target":["https:\/\/medicinasinc.com\/ro\/product\/cumpara-cartus-arlechin-ulei-co2-1g\/"]}]},{"@type":"ImageObject","inLanguage":"en-US","@id":"https:\/\/medicinasinc.com\/ro\/product\/cumpara-cartus-arlechin-ulei-co2-1g\/#primaryimage","url":"https:\/\/medicinasinc.com\/ro\/wp-content\/uploads\/sites\/11\/2022\/02\/Buy-Harlequin-CO2-Oil-1g-Cartridge-Online.jpg","contentUrl":"https:\/\/medicinasinc.com\/ro\/wp-content\/uploads\/sites\/11\/2022\/02\/Buy-Harlequin-CO2-Oil-1g-Cartridge-Online.jpg","width":600,"height":600},{"@type":"BreadcrumbList","@id":"https:\/\/medicinasinc.com\/ro\/product\/cumpara-cartus-arlechin-ulei-co2-1g\/#breadcrumb","itemListElement":[{"@type":"ListItem","position":1,"name":"Magazin","item":"https:\/\/medicinasinc.com\/ro\/magazin\/"},{"@type":"ListItem","position":2,"name":"Cump\u0103ra\u021bi Cartu\u0219ul Harlequin CO2 Oil 1g"}]},{"@type":"WebSite","@id":"https:\/\/medicinasinc.com\/ro\/#website","url":"https:\/\/medicinasinc.com\/ro\/","name":"Medicinas Inc","description":"Health Medical Clinic","potentialAction":[{"@type":"SearchAction","target":{"@type":"EntryPoint","urlTemplate":"https:\/\/medicinasinc.com\/ro\/?s={search_term_string}"},"query-input":{"@type":"PropertyValueSpecification","valueRequired":true,"valueName":"search_term_string"}}],"inLanguage":"en-US"}]}},"_links":{"self":[{"href":"https:\/\/medicinasinc.com\/ro\/wp-json\/wp\/v2\/product\/4374","targetHints":{"allow":["GET"]}}],"collection":[{"href":"https:\/\/medicinasinc.com\/ro\/wp-json\/wp\/v2\/product"}],"about":[{"href":"https:\/\/medicinasinc.com\/ro\/wp-json\/wp\/v2\/types\/product"}],"replies":[{"embeddable":true,"href":"https:\/\/medicinasinc.com\/ro\/wp-json\/wp\/v2\/comments?post=4374"}],"wp:featuredmedia":[{"embeddable":true,"href":"https:\/\/medicinasinc.com\/ro\/wp-json\/wp\/v2\/media\/4409"}],"wp:attachment":[{"href":"https:\/\/medicinasinc.com\/ro\/wp-json\/wp\/v2\/media?parent=4374"}],"wp:term":[{"taxonomy":"product_brand","embeddable":true,"href":"https:\/\/medicinasinc.com\/ro\/wp-json\/wp\/v2\/product_brand?post=4374"},{"taxonomy":"product_cat","embeddable":true,"href":"https:\/\/medicinasinc.com\/ro\/wp-json\/wp\/v2\/product_cat?post=4374"},{"taxonomy":"product_tag","embeddable":true,"href":"https:\/\/medicinasinc.com\/ro\/wp-json\/wp\/v2\/product_tag?post=4374"}],"curies":[{"name":"wp","href":"https:\/\/api.w.org\/{rel}","templated":true}]}}