{"id":4367,"date":"2022-02-20T08:35:49","date_gmt":"2022-02-20T08:35:49","guid":{"rendered":"https:\/\/medicinasinc.com\/ro\/?post_type=product&#038;p=4367"},"modified":"2022-03-22T01:24:19","modified_gmt":"2022-03-22T01:24:19","slug":"cumpara-cartus-cannatonic-co2-ulei","status":"publish","type":"product","link":"https:\/\/medicinasinc.com\/ro\/product\/cumpara-cartus-cannatonic-co2-ulei\/","title":{"rendered":"Cump\u0103ra\u021bi Cartu\u0219 de ulei Cannatonic CO2"},"content":{"rendered":"<p>Cump\u0103ra\u021bi online cartu\u0219e Rick Simpson Cannabis Oil 1g \u00een Statele Unite ale Americii.<\/p>\n<p>Cump\u0103ra\u021bi online cartu\u0219e Rick Simpson Cannabis Oil 1g \u00een Statele Unite ale Americii.<\/p>\n<p>Dup\u0103 ce a\u021bi \u00eenmuiat cel mai bun canabis \u00een nafta pur\u0103 sau alcool izopropilic, compu\u0219ii terapeutici sunt extra\u0219i din plant\u0103, l\u0103s\u00e2nd \u00een urm\u0103 un lichid asem\u0103n\u0103tor gudronului atunci c\u00e2nd solventul se evapor\u0103 complet. Ob\u021binem un ulei de canabis Rick Simpson de \u00eenalt\u0103 calitate. Acesta poate fi administrat pe cale oral\u0103 sau aplicat direct pe piele.<\/p>\n<p>Washington, DC, uleiul Rick Simpson<\/p>\n<p>Uleiul Rick Simpson este o solu\u021bie vaporizat\u0103 derivat\u0103 din canabis. A fost o cale de ie\u0219ire din cancer pentru mul\u021bi oameni. \u00cen plus, uleiul este denumit ulei de c\u00e2nep\u0103 Rick Simpson \u0219i ulei de canabis Rick Simpson.<\/p>\n<p>Dac\u0103 te-ai uitat la marijuana \u00een scopuri medicinale, este posibil s\u0103 fi \u00eent\u00e2lnit uleiul Rick Simpson. RSO este un extract de canabis unic, care \u0219i-a c\u00e2\u0219tigat numele de la un b\u0103rbat pe nume, a\u021bi ghicit, Rick Simpson.<\/p>\n<p>Este un extract de canabis extrem de puternic, cu concentra\u021bii mari de THC, psihoactiv component\u0103 a canabisului. Uleiul este produs prin concentrarea con\u021binutului de THC din florile indicatoare uscate folosind un solubil. Indica este preferat\u0103 fa\u021b\u0103 de alte tulpini datorit\u0103 efectelor sale sedative. Datorit\u0103 concentra\u021biei mari de material vegetal \u0219i absen\u021bei uleiurilor transportoare, uleiul rezultat este de culoare p\u0103m\u00e2ntoas\u0103 \u00eenchis\u0103 \u0219i gros, \u00een contrast cu numeroasele concentrate pe care suntem obi\u0219nui\u021bi s\u0103 le vedem.<\/p>\n<p>Uleiul a fost descoperit \u00een 2003. Rick Simpson a fost diagnosticat cu un tip de cancer de piele \u0219i a apelat la canabis pentru tratament. El a \u00eentrebat recent dac\u0103 canabisul ar putea ajuta cu diferitele sale afec\u021biuni, doar pentru a fi \u00eent\u00e2mpinat cu nemul\u021bumire. A c\u0103utat singur planta \u0219i a crezut c\u0103 i-a calmat indica\u021biile. C\u00e2nd \u0219i-a dat seama c\u0103 are cancer, a analizat o investiga\u021bie care a descoperit c\u0103 canabisul poate mic\u0219ora tumorile la \u0219oareci \u0219i a ales s\u0103 \u00eencerce un aranjament eficient de canabis.<\/p>\n<p>Timp de patru zile, a aplicat concentrate de canabis pe tifon \u0219i \u0219i-a acoperit tumorile. C\u00e2nd a eliminat ramurile, tumorile au disp\u0103rut. Aceast\u0103 revela\u021bie a determinat \u00eenfiin\u021barea Rick Simpson Oil. El a \u00eenceput s\u0103-\u0219i \u00eemp\u0103rt\u0103\u0219easc\u0103 cuno\u0219tin\u021bele, \u00een orice caz, prin recoltarea de canabis \u0219i producerea de ulei pentru al\u021bii care au fost priva\u021bi \u00eenainte de a \u00eent\u00e2mpina dificult\u0103\u021bi legale. \u00cen acest moment, Rick Simpson \u00eei \u00eencurajeaz\u0103 pe al\u021bii s\u0103-\u0219i fac\u0103 propriul ulei \u0219i ofer\u0103 instruc\u021biuni.<\/p>\n<p>Dac\u0103 cau\u021bi cel mai bun ulei din lume, uleiul Rick Simpson Washington este cel mai bun pariu. Oferim Washingtonului ulei pur Rick Simpson. Comanda\u021bi acum \u0219i v\u0103 va fi livrat la u\u0219\u0103 \u00een c\u00e2teva zile.<\/p>\n<p>Medicamentul sigur \u0219i eficient<br \/> Uleiul de canabis Rick Simpson este \u00eentr-o clas\u0103 proprie datorit\u0103 -natura toxic\u0103. Dac\u0103 sunte\u021bi \u00een c\u0103utarea unui mod sigur de a trata cancerul sau o varietate de alte afec\u021biuni, uleiul de c\u00e2nep\u0103 Rick Simpson poate fi r\u0103spunsul. Nici m\u0103car nu ave\u021bi nevoie de supravegherea unui medic pentru a utiliza acest ulei.<\/p>\n","protected":false},"excerpt":{"rendered":"<p>Cump\u0103ra\u021bi online cartu\u0219e de ulei de CO2 Cannatonic \u00een siguran\u021b\u0103 \u0219i la un pre\u021b accesibil. Descoperi\u021bi o selec\u021bie divers\u0103 de produse de marijuana de \u00eenalt\u0103 calitate de v\u00e2nzare \u00een Statele Unite ale Americii, Europa \u0219i Regatul Unit!<\/p>\n<p>Cump\u0103ra\u021bi cartu\u0219e Rick Simpson Cannabis Oil 1g online \u00een Statele Unite ale Americii.<\/p>\n<p>Uleiul de canabis Rick Simpson este disponibil \u00eentr-o varietate de tulpini. Diferite CBD &amp; Concentra\u021biile de THC pentru cancer \u0219i amp; mai mult.<\/p>\n<p>Achizi\u021biona\u021bi cartu\u0219e Rick Simpson 1g de ulei de canabis<\/p>\n<p>Pre\u021bul produsului este urm\u0103torul: per cartu\u0219 de 1g<br \/> Este necesar\u0103 o cantitate minim\u0103 de comand\u0103 de 5 cartu\u0219e. <\/p>\n","protected":false},"featured_media":4402,"comment_status":"open","ping_status":"closed","template":"","meta":[],"product_brand":[],"product_cat":[440],"product_tag":[456,461,463,464,465,466,467,468,471,474,476,451,457,477,452,460,469,470,475,472,473,455,458,459,462,453,454,480,478,479],"class_list":{"0":"post-4367","1":"product","2":"type-product","3":"status-publish","4":"has-post-thumbnail","6":"product_cat-cumpara-cannabis-ulei-de-cbd","7":"product_tag-buy-marijuana-online-bitcoin","8":"product_tag-buy-medical-marijuana-online","9":"product_tag-buy-moonrock-online-uk","10":"product_tag-buy-moonrocks-online","11":"product_tag-buy-weed-in-australia","12":"product_tag-buy-weed-in-france","13":"product_tag-buy-weed-in-ireland","14":"product_tag-buy-weed-in-switzerland","15":"product_tag-buy-weed-online-bitcoin","16":"product_tag-buy-weed-online-legally","17":"product_tag-buying-marijuana-online","18":"product_tag-cumpr-cannabis-cu-bitcoin","19":"product_tag-cumpara-marijuana-online-europe","20":"product_tag-cumpararea-neerbia-online","21":"product_tag-cumpr-cartu-cannatonic-co2-ulei","22":"product_tag-cumpara-marijuana-ceara-online-usa","23":"product_tag-cumpr-iarb-n-sua","24":"product_tag-cumpr-ierba-online","25":"product_tag-cumpr-ierba-online-uk","26":"product_tag-cumpara-ierba-online-discret","27":"product_tag-buy-weed-online-europe","28":"product_tag-cumpr-marijuana-online","29":"product_tag-cumpr-marijuana-online-n-sua","30":"product_tag-cumpr-marijuana-online-usa","31":"product_tag-cumpr-moonrock-online-bitcoin","32":"product_tag-cumpara-cannatonic-cartus-ulei-co2-online","33":"product_tag-cumpr-marijuana-comestibile-online","34":"product_tag-unde-s-cumprm-marijuana-online","35":"product_tag-kush-de-vnzare","36":"product_tag-marijuana-de-vanzare","38":"first","39":"instock","40":"shipping-taxable","41":"purchasable","42":"product-type-variable","43":"has-default-attributes"},"yoast_head":"<!-- This site is optimized with the Yoast SEO plugin v27.3 - https:\/\/yoast.com\/product\/yoast-seo-wordpress\/ -->\n<title>Cump\u0103ra\u021bi cartu\u0219 Cannatonic CO2 Oil 1g online (Copie) - Best Global Meds<\/title>\n<meta name=\"description\" content=\"Cump\u0103ra\u021bi Cartu\u0219 de ulei Cannatonic CO2 pentru v\u00e2nzare online \u00een siguran\u021b\u0103, la pre\u021buri accesibile. Descoperi\u021bi o gam\u0103 larg\u0103 de produse din buruieni de calitate de v\u00e2nzare SUA, UE, Marea Britanie!\" \/>\n<meta name=\"robots\" content=\"index, follow, max-snippet:-1, max-image-preview:large, max-video-preview:-1\" \/>\n<link rel=\"canonical\" href=\"https:\/\/medicinasinc.com\/ro\/product\/cumpara-cartus-cannatonic-co2-ulei\/\" \/>\n<meta property=\"og:locale\" content=\"en_US\" \/>\n<meta property=\"og:type\" content=\"article\" \/>\n<meta property=\"og:title\" content=\"Cump\u0103ra\u021bi cartu\u0219 Cannatonic CO2 Oil 1g online (Copie) - Best Global Meds\" \/>\n<meta property=\"og:description\" content=\"Cump\u0103ra\u021bi Cartu\u0219 de ulei Cannatonic CO2 pentru v\u00e2nzare online \u00een siguran\u021b\u0103, la pre\u021buri accesibile. Descoperi\u021bi o gam\u0103 larg\u0103 de produse din buruieni de calitate de v\u00e2nzare SUA, UE, Marea Britanie!\" \/>\n<meta property=\"og:url\" content=\"https:\/\/medicinasinc.com\/ro\/product\/cumpara-cartus-cannatonic-co2-ulei\/\" \/>\n<meta property=\"og:site_name\" content=\"Medicinas Inc\" \/>\n<meta property=\"article:modified_time\" content=\"2022-03-22T01:24:19+00:00\" \/>\n<meta property=\"og:image\" content=\"https:\/\/medicinasinc.com\/ro\/wp-content\/uploads\/sites\/11\/2022\/02\/Buy-Cannatonic-CO2-Oil-Cartridge.png\" \/>\n\t<meta property=\"og:image:width\" content=\"542\" \/>\n\t<meta property=\"og:image:height\" content=\"420\" \/>\n\t<meta property=\"og:image:type\" content=\"image\/png\" \/>\n<meta name=\"twitter:card\" content=\"summary_large_image\" \/>\n<meta name=\"twitter:label1\" content=\"Est. reading time\" \/>\n\t<meta name=\"twitter:data1\" content=\"3 minutes\" \/>\n<script type=\"application\/ld+json\" class=\"yoast-schema-graph\">{\"@context\":\"https:\\\/\\\/schema.org\",\"@graph\":[{\"@type\":\"WebPage\",\"@id\":\"https:\\\/\\\/medicinasinc.com\\\/ro\\\/product\\\/cumpara-cartus-cannatonic-co2-ulei\\\/\",\"url\":\"https:\\\/\\\/medicinasinc.com\\\/ro\\\/product\\\/cumpara-cartus-cannatonic-co2-ulei\\\/\",\"name\":\"Cump\u0103ra\u021bi cartu\u0219 Cannatonic CO2 Oil 1g online (Copie) - Best Global Meds\",\"isPartOf\":{\"@id\":\"https:\\\/\\\/medicinasinc.com\\\/ro\\\/#website\"},\"primaryImageOfPage\":{\"@id\":\"https:\\\/\\\/medicinasinc.com\\\/ro\\\/product\\\/cumpara-cartus-cannatonic-co2-ulei\\\/#primaryimage\"},\"image\":{\"@id\":\"https:\\\/\\\/medicinasinc.com\\\/ro\\\/product\\\/cumpara-cartus-cannatonic-co2-ulei\\\/#primaryimage\"},\"thumbnailUrl\":\"https:\\\/\\\/medicinasinc.com\\\/ro\\\/wp-content\\\/uploads\\\/sites\\\/11\\\/2022\\\/02\\\/Buy-Cannatonic-CO2-Oil-Cartridge.png\",\"datePublished\":\"2022-02-20T08:35:49+00:00\",\"dateModified\":\"2022-03-22T01:24:19+00:00\",\"description\":\"Cump\u0103ra\u021bi Cartu\u0219 de ulei Cannatonic CO2 pentru v\u00e2nzare online \u00een siguran\u021b\u0103, la pre\u021buri accesibile. Descoperi\u021bi o gam\u0103 larg\u0103 de produse din buruieni de calitate de v\u00e2nzare SUA, UE, Marea Britanie!\",\"breadcrumb\":{\"@id\":\"https:\\\/\\\/medicinasinc.com\\\/ro\\\/product\\\/cumpara-cartus-cannatonic-co2-ulei\\\/#breadcrumb\"},\"inLanguage\":\"en-US\",\"potentialAction\":[{\"@type\":\"ReadAction\",\"target\":[\"https:\\\/\\\/medicinasinc.com\\\/ro\\\/product\\\/cumpara-cartus-cannatonic-co2-ulei\\\/\"]}]},{\"@type\":\"ImageObject\",\"inLanguage\":\"en-US\",\"@id\":\"https:\\\/\\\/medicinasinc.com\\\/ro\\\/product\\\/cumpara-cartus-cannatonic-co2-ulei\\\/#primaryimage\",\"url\":\"https:\\\/\\\/medicinasinc.com\\\/ro\\\/wp-content\\\/uploads\\\/sites\\\/11\\\/2022\\\/02\\\/Buy-Cannatonic-CO2-Oil-Cartridge.png\",\"contentUrl\":\"https:\\\/\\\/medicinasinc.com\\\/ro\\\/wp-content\\\/uploads\\\/sites\\\/11\\\/2022\\\/02\\\/Buy-Cannatonic-CO2-Oil-Cartridge.png\",\"width\":542,\"height\":420},{\"@type\":\"BreadcrumbList\",\"@id\":\"https:\\\/\\\/medicinasinc.com\\\/ro\\\/product\\\/cumpara-cartus-cannatonic-co2-ulei\\\/#breadcrumb\",\"itemListElement\":[{\"@type\":\"ListItem\",\"position\":1,\"name\":\"Magazin\",\"item\":\"https:\\\/\\\/medicinasinc.com\\\/ro\\\/magazin\\\/\"},{\"@type\":\"ListItem\",\"position\":2,\"name\":\"Cump\u0103ra\u021bi Cartu\u0219 de ulei Cannatonic CO2\"}]},{\"@type\":\"WebSite\",\"@id\":\"https:\\\/\\\/medicinasinc.com\\\/ro\\\/#website\",\"url\":\"https:\\\/\\\/medicinasinc.com\\\/ro\\\/\",\"name\":\"Medicinas Inc\",\"description\":\"Health Medical Clinic\",\"potentialAction\":[{\"@type\":\"SearchAction\",\"target\":{\"@type\":\"EntryPoint\",\"urlTemplate\":\"https:\\\/\\\/medicinasinc.com\\\/ro\\\/?s={search_term_string}\"},\"query-input\":{\"@type\":\"PropertyValueSpecification\",\"valueRequired\":true,\"valueName\":\"search_term_string\"}}],\"inLanguage\":\"en-US\"}]}<\/script>\n<!-- \/ Yoast SEO plugin. -->","yoast_head_json":{"title":"Cump\u0103ra\u021bi cartu\u0219 Cannatonic CO2 Oil 1g online (Copie) - Best Global Meds","description":"Cump\u0103ra\u021bi Cartu\u0219 de ulei Cannatonic CO2 pentru v\u00e2nzare online \u00een siguran\u021b\u0103, la pre\u021buri accesibile. Descoperi\u021bi o gam\u0103 larg\u0103 de produse din buruieni de calitate de v\u00e2nzare SUA, UE, Marea Britanie!","robots":{"index":"index","follow":"follow","max-snippet":"max-snippet:-1","max-image-preview":"max-image-preview:large","max-video-preview":"max-video-preview:-1"},"canonical":"https:\/\/medicinasinc.com\/ro\/product\/cumpara-cartus-cannatonic-co2-ulei\/","og_locale":"en_US","og_type":"article","og_title":"Cump\u0103ra\u021bi cartu\u0219 Cannatonic CO2 Oil 1g online (Copie) - Best Global Meds","og_description":"Cump\u0103ra\u021bi Cartu\u0219 de ulei Cannatonic CO2 pentru v\u00e2nzare online \u00een siguran\u021b\u0103, la pre\u021buri accesibile. Descoperi\u021bi o gam\u0103 larg\u0103 de produse din buruieni de calitate de v\u00e2nzare SUA, UE, Marea Britanie!","og_url":"https:\/\/medicinasinc.com\/ro\/product\/cumpara-cartus-cannatonic-co2-ulei\/","og_site_name":"Medicinas Inc","article_modified_time":"2022-03-22T01:24:19+00:00","og_image":[{"width":542,"height":420,"url":"https:\/\/medicinasinc.com\/ro\/wp-content\/uploads\/sites\/11\/2022\/02\/Buy-Cannatonic-CO2-Oil-Cartridge.png","type":"image\/png"}],"twitter_card":"summary_large_image","twitter_misc":{"Est. reading time":"3 minutes"},"schema":{"@context":"https:\/\/schema.org","@graph":[{"@type":"WebPage","@id":"https:\/\/medicinasinc.com\/ro\/product\/cumpara-cartus-cannatonic-co2-ulei\/","url":"https:\/\/medicinasinc.com\/ro\/product\/cumpara-cartus-cannatonic-co2-ulei\/","name":"Cump\u0103ra\u021bi cartu\u0219 Cannatonic CO2 Oil 1g online (Copie) - Best Global Meds","isPartOf":{"@id":"https:\/\/medicinasinc.com\/ro\/#website"},"primaryImageOfPage":{"@id":"https:\/\/medicinasinc.com\/ro\/product\/cumpara-cartus-cannatonic-co2-ulei\/#primaryimage"},"image":{"@id":"https:\/\/medicinasinc.com\/ro\/product\/cumpara-cartus-cannatonic-co2-ulei\/#primaryimage"},"thumbnailUrl":"https:\/\/medicinasinc.com\/ro\/wp-content\/uploads\/sites\/11\/2022\/02\/Buy-Cannatonic-CO2-Oil-Cartridge.png","datePublished":"2022-02-20T08:35:49+00:00","dateModified":"2022-03-22T01:24:19+00:00","description":"Cump\u0103ra\u021bi Cartu\u0219 de ulei Cannatonic CO2 pentru v\u00e2nzare online \u00een siguran\u021b\u0103, la pre\u021buri accesibile. Descoperi\u021bi o gam\u0103 larg\u0103 de produse din buruieni de calitate de v\u00e2nzare SUA, UE, Marea Britanie!","breadcrumb":{"@id":"https:\/\/medicinasinc.com\/ro\/product\/cumpara-cartus-cannatonic-co2-ulei\/#breadcrumb"},"inLanguage":"en-US","potentialAction":[{"@type":"ReadAction","target":["https:\/\/medicinasinc.com\/ro\/product\/cumpara-cartus-cannatonic-co2-ulei\/"]}]},{"@type":"ImageObject","inLanguage":"en-US","@id":"https:\/\/medicinasinc.com\/ro\/product\/cumpara-cartus-cannatonic-co2-ulei\/#primaryimage","url":"https:\/\/medicinasinc.com\/ro\/wp-content\/uploads\/sites\/11\/2022\/02\/Buy-Cannatonic-CO2-Oil-Cartridge.png","contentUrl":"https:\/\/medicinasinc.com\/ro\/wp-content\/uploads\/sites\/11\/2022\/02\/Buy-Cannatonic-CO2-Oil-Cartridge.png","width":542,"height":420},{"@type":"BreadcrumbList","@id":"https:\/\/medicinasinc.com\/ro\/product\/cumpara-cartus-cannatonic-co2-ulei\/#breadcrumb","itemListElement":[{"@type":"ListItem","position":1,"name":"Magazin","item":"https:\/\/medicinasinc.com\/ro\/magazin\/"},{"@type":"ListItem","position":2,"name":"Cump\u0103ra\u021bi Cartu\u0219 de ulei Cannatonic CO2"}]},{"@type":"WebSite","@id":"https:\/\/medicinasinc.com\/ro\/#website","url":"https:\/\/medicinasinc.com\/ro\/","name":"Medicinas Inc","description":"Health Medical Clinic","potentialAction":[{"@type":"SearchAction","target":{"@type":"EntryPoint","urlTemplate":"https:\/\/medicinasinc.com\/ro\/?s={search_term_string}"},"query-input":{"@type":"PropertyValueSpecification","valueRequired":true,"valueName":"search_term_string"}}],"inLanguage":"en-US"}]}},"_links":{"self":[{"href":"https:\/\/medicinasinc.com\/ro\/wp-json\/wp\/v2\/product\/4367","targetHints":{"allow":["GET"]}}],"collection":[{"href":"https:\/\/medicinasinc.com\/ro\/wp-json\/wp\/v2\/product"}],"about":[{"href":"https:\/\/medicinasinc.com\/ro\/wp-json\/wp\/v2\/types\/product"}],"replies":[{"embeddable":true,"href":"https:\/\/medicinasinc.com\/ro\/wp-json\/wp\/v2\/comments?post=4367"}],"wp:featuredmedia":[{"embeddable":true,"href":"https:\/\/medicinasinc.com\/ro\/wp-json\/wp\/v2\/media\/4402"}],"wp:attachment":[{"href":"https:\/\/medicinasinc.com\/ro\/wp-json\/wp\/v2\/media?parent=4367"}],"wp:term":[{"taxonomy":"product_brand","embeddable":true,"href":"https:\/\/medicinasinc.com\/ro\/wp-json\/wp\/v2\/product_brand?post=4367"},{"taxonomy":"product_cat","embeddable":true,"href":"https:\/\/medicinasinc.com\/ro\/wp-json\/wp\/v2\/product_cat?post=4367"},{"taxonomy":"product_tag","embeddable":true,"href":"https:\/\/medicinasinc.com\/ro\/wp-json\/wp\/v2\/product_tag?post=4367"}],"curies":[{"name":"wp","href":"https:\/\/api.w.org\/{rel}","templated":true}]}}