{"id":4359,"date":"2022-02-20T08:31:50","date_gmt":"2022-02-20T08:31:50","guid":{"rendered":"https:\/\/medicinasinc.com\/ro\/?post_type=product&#038;p=4359"},"modified":"2022-03-22T01:24:30","modified_gmt":"2022-03-22T01:24:30","slug":"cumpara-fab-cbd-ulei-300mg-600mg-1200mg","status":"publish","type":"product","link":"https:\/\/medicinasinc.com\/ro\/product\/cumpara-fab-cbd-ulei-300mg-600mg-1200mg\/","title":{"rendered":"Cump\u0103ra\u021bi Fab CBD Oil 300mg, 600mg, 1200mg"},"content":{"rendered":"<p>Pic\u0103turile de ulei de CBD sunt o modalitate excelent\u0103 de a promova starea general\u0103 de bine \u0219i vitalitatea. Oferim o varietate de arome de ulei de c\u00e2nep\u0103 CBD care sunt populare \u00een r\u00e2ndul clien\u021bilor no\u0219tri, inclusiv citrice, ment\u0103, natural\u0103, fructe de p\u0103dure \u0219i vanilie. Aromele FAB CBD Oil sunt derivate din cele mai bune ingrediente. Bucura\u021bi-v\u0103 de aroma \u0219i aroma delicioase ale acestor uleiuri CBD aromate sau de aroma tradi\u021bional\u0103 a uleiului nostru natural de CBD.<\/p>\n","protected":false},"excerpt":{"rendered":"<p>Cump\u0103ra\u021bi Fab CBD Oil 300mg, Cump\u0103ra\u021bi Fab CBD Oil 600mg, Cump\u0103ra\u021bi fab cbd 2400 mg, ulei de cbd care v\u0103 face fericit, cel mai bun ulei de izolat de cbd, cump\u0103ra\u021bi tinctur\u0103 de cbd online, ulei de cbd pentru anxietate, pic\u0103turi comestibile de ulei de cbd, amazon fab cbd,fab cbd etichet\u0103 alb\u0103,<\/p>\n<p><strong>Cantitatea minim\u0103 de comand\u0103 este: 5 cartu\u0219e<\/strong><\/p>\n","protected":false},"featured_media":4394,"comment_status":"open","ping_status":"closed","template":"","meta":[],"product_brand":[],"product_cat":[440],"product_tag":[441,442,444,447,448,443,445,446,449,450],"class_list":{"0":"post-4359","1":"product","2":"type-product","3":"status-publish","4":"has-post-thumbnail","6":"product_cat-cumpara-cannabis-ulei-de-cbd","7":"product_tag-amazon-fab-cbd","8":"product_tag-best-cbd-isolate-oil","9":"product_tag-buy-fab-cbd-2400-mg","10":"product_tag-cbd-oil-edible-drops","11":"product_tag-cbd-oil-that-makes-you-happy","12":"product_tag-cumpara-cbd-tinctura-online","13":"product_tag-cumpr-fab-cbd-ulei-300mg","14":"product_tag-cumpr-fab-cbd-ulei-600mg","15":"product_tag-fab-cbd-white-label","16":"product_tag-gnc-cbd-ulei-pentru-anxietate","18":"first","19":"instock","20":"shipping-taxable","21":"purchasable","22":"product-type-variable","23":"has-default-attributes"},"yoast_head":"<!-- This site is optimized with the Yoast SEO plugin v27.3 - https:\/\/yoast.com\/product\/yoast-seo-wordpress\/ -->\n<title>Cump\u0103ra\u021bi Fab CBD Oil 300mg, 600mg, 1200mg - Cele mai bune medicamente globale<\/title>\n<meta name=\"description\" content=\"Cump\u0103ra\u021bi Fab CBD Oil 300mg, Cump\u0103ra\u021bi Fab CBD Oil 600mg, Cump\u0103ra\u021bi fab cbd 2400 mg, ulei de cbd care v\u0103 face fericit, cel mai bun ulei de izolat de cbd, cump\u0103ra\u021bi tinctur\u0103 de cbd online, ulei de cbd pentru anxietate, pic\u0103turi comestibile de ulei de cbd, amazon fab cbd, etichet\u0103 alb\u0103 fabuloas\u0103 cbd,\" \/>\n<meta name=\"robots\" content=\"index, follow, max-snippet:-1, max-image-preview:large, max-video-preview:-1\" \/>\n<link rel=\"canonical\" href=\"https:\/\/medicinasinc.com\/ro\/product\/cumpara-fab-cbd-ulei-300mg-600mg-1200mg\/\" \/>\n<meta property=\"og:locale\" content=\"en_US\" \/>\n<meta property=\"og:type\" content=\"article\" \/>\n<meta property=\"og:title\" content=\"Cump\u0103ra\u021bi Fab CBD Oil 300mg, 600mg, 1200mg - Cele mai bune medicamente globale\" \/>\n<meta property=\"og:description\" content=\"Cump\u0103ra\u021bi Fab CBD Oil 300mg, Cump\u0103ra\u021bi Fab CBD Oil 600mg, Cump\u0103ra\u021bi fab cbd 2400 mg, ulei de cbd care v\u0103 face fericit, cel mai bun ulei de izolat de cbd, cump\u0103ra\u021bi tinctur\u0103 de cbd online, ulei de cbd pentru anxietate, pic\u0103turi comestibile de ulei de cbd, amazon fab cbd, etichet\u0103 alb\u0103 fabuloas\u0103 cbd,\" \/>\n<meta property=\"og:url\" content=\"https:\/\/medicinasinc.com\/ro\/product\/cumpara-fab-cbd-ulei-300mg-600mg-1200mg\/\" \/>\n<meta property=\"og:site_name\" content=\"Medicinas Inc\" \/>\n<meta property=\"article:modified_time\" content=\"2022-03-22T01:24:30+00:00\" \/>\n<meta property=\"og:image\" content=\"https:\/\/medicinasinc.com\/ro\/wp-content\/uploads\/sites\/11\/2022\/02\/Buy-Fab-CBD-Oil.jpg\" \/>\n\t<meta property=\"og:image:width\" content=\"600\" \/>\n\t<meta property=\"og:image:height\" content=\"600\" \/>\n\t<meta property=\"og:image:type\" content=\"image\/jpeg\" \/>\n<meta name=\"twitter:card\" content=\"summary_large_image\" \/>\n<meta name=\"twitter:label1\" content=\"Est. reading time\" \/>\n\t<meta name=\"twitter:data1\" content=\"1 minute\" \/>\n<script type=\"application\/ld+json\" class=\"yoast-schema-graph\">{\"@context\":\"https:\\\/\\\/schema.org\",\"@graph\":[{\"@type\":\"WebPage\",\"@id\":\"https:\\\/\\\/medicinasinc.com\\\/ro\\\/product\\\/cumpara-fab-cbd-ulei-300mg-600mg-1200mg\\\/\",\"url\":\"https:\\\/\\\/medicinasinc.com\\\/ro\\\/product\\\/cumpara-fab-cbd-ulei-300mg-600mg-1200mg\\\/\",\"name\":\"Cump\u0103ra\u021bi Fab CBD Oil 300mg, 600mg, 1200mg - Cele mai bune medicamente globale\",\"isPartOf\":{\"@id\":\"https:\\\/\\\/medicinasinc.com\\\/ro\\\/#website\"},\"primaryImageOfPage\":{\"@id\":\"https:\\\/\\\/medicinasinc.com\\\/ro\\\/product\\\/cumpara-fab-cbd-ulei-300mg-600mg-1200mg\\\/#primaryimage\"},\"image\":{\"@id\":\"https:\\\/\\\/medicinasinc.com\\\/ro\\\/product\\\/cumpara-fab-cbd-ulei-300mg-600mg-1200mg\\\/#primaryimage\"},\"thumbnailUrl\":\"https:\\\/\\\/medicinasinc.com\\\/ro\\\/wp-content\\\/uploads\\\/sites\\\/11\\\/2022\\\/02\\\/Buy-Fab-CBD-Oil.jpg\",\"datePublished\":\"2022-02-20T08:31:50+00:00\",\"dateModified\":\"2022-03-22T01:24:30+00:00\",\"description\":\"Cump\u0103ra\u021bi Fab CBD Oil 300mg, Cump\u0103ra\u021bi Fab CBD Oil 600mg, Cump\u0103ra\u021bi fab cbd 2400 mg, ulei de cbd care v\u0103 face fericit, cel mai bun ulei de izolat de cbd, cump\u0103ra\u021bi tinctur\u0103 de cbd online, ulei de cbd pentru anxietate, pic\u0103turi comestibile de ulei de cbd, amazon fab cbd, etichet\u0103 alb\u0103 fabuloas\u0103 cbd,\",\"breadcrumb\":{\"@id\":\"https:\\\/\\\/medicinasinc.com\\\/ro\\\/product\\\/cumpara-fab-cbd-ulei-300mg-600mg-1200mg\\\/#breadcrumb\"},\"inLanguage\":\"en-US\",\"potentialAction\":[{\"@type\":\"ReadAction\",\"target\":[\"https:\\\/\\\/medicinasinc.com\\\/ro\\\/product\\\/cumpara-fab-cbd-ulei-300mg-600mg-1200mg\\\/\"]}]},{\"@type\":\"ImageObject\",\"inLanguage\":\"en-US\",\"@id\":\"https:\\\/\\\/medicinasinc.com\\\/ro\\\/product\\\/cumpara-fab-cbd-ulei-300mg-600mg-1200mg\\\/#primaryimage\",\"url\":\"https:\\\/\\\/medicinasinc.com\\\/ro\\\/wp-content\\\/uploads\\\/sites\\\/11\\\/2022\\\/02\\\/Buy-Fab-CBD-Oil.jpg\",\"contentUrl\":\"https:\\\/\\\/medicinasinc.com\\\/ro\\\/wp-content\\\/uploads\\\/sites\\\/11\\\/2022\\\/02\\\/Buy-Fab-CBD-Oil.jpg\",\"width\":600,\"height\":600},{\"@type\":\"BreadcrumbList\",\"@id\":\"https:\\\/\\\/medicinasinc.com\\\/ro\\\/product\\\/cumpara-fab-cbd-ulei-300mg-600mg-1200mg\\\/#breadcrumb\",\"itemListElement\":[{\"@type\":\"ListItem\",\"position\":1,\"name\":\"Magazin\",\"item\":\"https:\\\/\\\/medicinasinc.com\\\/ro\\\/magazin\\\/\"},{\"@type\":\"ListItem\",\"position\":2,\"name\":\"Cump\u0103ra\u021bi Fab CBD Oil 300mg, 600mg, 1200mg\"}]},{\"@type\":\"WebSite\",\"@id\":\"https:\\\/\\\/medicinasinc.com\\\/ro\\\/#website\",\"url\":\"https:\\\/\\\/medicinasinc.com\\\/ro\\\/\",\"name\":\"Medicinas Inc\",\"description\":\"Health Medical Clinic\",\"potentialAction\":[{\"@type\":\"SearchAction\",\"target\":{\"@type\":\"EntryPoint\",\"urlTemplate\":\"https:\\\/\\\/medicinasinc.com\\\/ro\\\/?s={search_term_string}\"},\"query-input\":{\"@type\":\"PropertyValueSpecification\",\"valueRequired\":true,\"valueName\":\"search_term_string\"}}],\"inLanguage\":\"en-US\"}]}<\/script>\n<!-- \/ Yoast SEO plugin. -->","yoast_head_json":{"title":"Cump\u0103ra\u021bi Fab CBD Oil 300mg, 600mg, 1200mg - Cele mai bune medicamente globale","description":"Cump\u0103ra\u021bi Fab CBD Oil 300mg, Cump\u0103ra\u021bi Fab CBD Oil 600mg, Cump\u0103ra\u021bi fab cbd 2400 mg, ulei de cbd care v\u0103 face fericit, cel mai bun ulei de izolat de cbd, cump\u0103ra\u021bi tinctur\u0103 de cbd online, ulei de cbd pentru anxietate, pic\u0103turi comestibile de ulei de cbd, amazon fab cbd, etichet\u0103 alb\u0103 fabuloas\u0103 cbd,","robots":{"index":"index","follow":"follow","max-snippet":"max-snippet:-1","max-image-preview":"max-image-preview:large","max-video-preview":"max-video-preview:-1"},"canonical":"https:\/\/medicinasinc.com\/ro\/product\/cumpara-fab-cbd-ulei-300mg-600mg-1200mg\/","og_locale":"en_US","og_type":"article","og_title":"Cump\u0103ra\u021bi Fab CBD Oil 300mg, 600mg, 1200mg - Cele mai bune medicamente globale","og_description":"Cump\u0103ra\u021bi Fab CBD Oil 300mg, Cump\u0103ra\u021bi Fab CBD Oil 600mg, Cump\u0103ra\u021bi fab cbd 2400 mg, ulei de cbd care v\u0103 face fericit, cel mai bun ulei de izolat de cbd, cump\u0103ra\u021bi tinctur\u0103 de cbd online, ulei de cbd pentru anxietate, pic\u0103turi comestibile de ulei de cbd, amazon fab cbd, etichet\u0103 alb\u0103 fabuloas\u0103 cbd,","og_url":"https:\/\/medicinasinc.com\/ro\/product\/cumpara-fab-cbd-ulei-300mg-600mg-1200mg\/","og_site_name":"Medicinas Inc","article_modified_time":"2022-03-22T01:24:30+00:00","og_image":[{"width":600,"height":600,"url":"https:\/\/medicinasinc.com\/ro\/wp-content\/uploads\/sites\/11\/2022\/02\/Buy-Fab-CBD-Oil.jpg","type":"image\/jpeg"}],"twitter_card":"summary_large_image","twitter_misc":{"Est. reading time":"1 minute"},"schema":{"@context":"https:\/\/schema.org","@graph":[{"@type":"WebPage","@id":"https:\/\/medicinasinc.com\/ro\/product\/cumpara-fab-cbd-ulei-300mg-600mg-1200mg\/","url":"https:\/\/medicinasinc.com\/ro\/product\/cumpara-fab-cbd-ulei-300mg-600mg-1200mg\/","name":"Cump\u0103ra\u021bi Fab CBD Oil 300mg, 600mg, 1200mg - Cele mai bune medicamente globale","isPartOf":{"@id":"https:\/\/medicinasinc.com\/ro\/#website"},"primaryImageOfPage":{"@id":"https:\/\/medicinasinc.com\/ro\/product\/cumpara-fab-cbd-ulei-300mg-600mg-1200mg\/#primaryimage"},"image":{"@id":"https:\/\/medicinasinc.com\/ro\/product\/cumpara-fab-cbd-ulei-300mg-600mg-1200mg\/#primaryimage"},"thumbnailUrl":"https:\/\/medicinasinc.com\/ro\/wp-content\/uploads\/sites\/11\/2022\/02\/Buy-Fab-CBD-Oil.jpg","datePublished":"2022-02-20T08:31:50+00:00","dateModified":"2022-03-22T01:24:30+00:00","description":"Cump\u0103ra\u021bi Fab CBD Oil 300mg, Cump\u0103ra\u021bi Fab CBD Oil 600mg, Cump\u0103ra\u021bi fab cbd 2400 mg, ulei de cbd care v\u0103 face fericit, cel mai bun ulei de izolat de cbd, cump\u0103ra\u021bi tinctur\u0103 de cbd online, ulei de cbd pentru anxietate, pic\u0103turi comestibile de ulei de cbd, amazon fab cbd, etichet\u0103 alb\u0103 fabuloas\u0103 cbd,","breadcrumb":{"@id":"https:\/\/medicinasinc.com\/ro\/product\/cumpara-fab-cbd-ulei-300mg-600mg-1200mg\/#breadcrumb"},"inLanguage":"en-US","potentialAction":[{"@type":"ReadAction","target":["https:\/\/medicinasinc.com\/ro\/product\/cumpara-fab-cbd-ulei-300mg-600mg-1200mg\/"]}]},{"@type":"ImageObject","inLanguage":"en-US","@id":"https:\/\/medicinasinc.com\/ro\/product\/cumpara-fab-cbd-ulei-300mg-600mg-1200mg\/#primaryimage","url":"https:\/\/medicinasinc.com\/ro\/wp-content\/uploads\/sites\/11\/2022\/02\/Buy-Fab-CBD-Oil.jpg","contentUrl":"https:\/\/medicinasinc.com\/ro\/wp-content\/uploads\/sites\/11\/2022\/02\/Buy-Fab-CBD-Oil.jpg","width":600,"height":600},{"@type":"BreadcrumbList","@id":"https:\/\/medicinasinc.com\/ro\/product\/cumpara-fab-cbd-ulei-300mg-600mg-1200mg\/#breadcrumb","itemListElement":[{"@type":"ListItem","position":1,"name":"Magazin","item":"https:\/\/medicinasinc.com\/ro\/magazin\/"},{"@type":"ListItem","position":2,"name":"Cump\u0103ra\u021bi Fab CBD Oil 300mg, 600mg, 1200mg"}]},{"@type":"WebSite","@id":"https:\/\/medicinasinc.com\/ro\/#website","url":"https:\/\/medicinasinc.com\/ro\/","name":"Medicinas Inc","description":"Health Medical Clinic","potentialAction":[{"@type":"SearchAction","target":{"@type":"EntryPoint","urlTemplate":"https:\/\/medicinasinc.com\/ro\/?s={search_term_string}"},"query-input":{"@type":"PropertyValueSpecification","valueRequired":true,"valueName":"search_term_string"}}],"inLanguage":"en-US"}]}},"_links":{"self":[{"href":"https:\/\/medicinasinc.com\/ro\/wp-json\/wp\/v2\/product\/4359","targetHints":{"allow":["GET"]}}],"collection":[{"href":"https:\/\/medicinasinc.com\/ro\/wp-json\/wp\/v2\/product"}],"about":[{"href":"https:\/\/medicinasinc.com\/ro\/wp-json\/wp\/v2\/types\/product"}],"replies":[{"embeddable":true,"href":"https:\/\/medicinasinc.com\/ro\/wp-json\/wp\/v2\/comments?post=4359"}],"wp:featuredmedia":[{"embeddable":true,"href":"https:\/\/medicinasinc.com\/ro\/wp-json\/wp\/v2\/media\/4394"}],"wp:attachment":[{"href":"https:\/\/medicinasinc.com\/ro\/wp-json\/wp\/v2\/media?parent=4359"}],"wp:term":[{"taxonomy":"product_brand","embeddable":true,"href":"https:\/\/medicinasinc.com\/ro\/wp-json\/wp\/v2\/product_brand?post=4359"},{"taxonomy":"product_cat","embeddable":true,"href":"https:\/\/medicinasinc.com\/ro\/wp-json\/wp\/v2\/product_cat?post=4359"},{"taxonomy":"product_tag","embeddable":true,"href":"https:\/\/medicinasinc.com\/ro\/wp-json\/wp\/v2\/product_tag?post=4359"}],"curies":[{"name":"wp","href":"https:\/\/api.w.org\/{rel}","templated":true}]}}