{"id":4353,"date":"2022-02-20T08:29:33","date_gmt":"2022-02-20T08:29:33","guid":{"rendered":"https:\/\/medicinasinc.com\/ro\/?post_type=product&#038;p=4353"},"modified":"2022-03-22T01:24:39","modified_gmt":"2022-03-22T01:24:39","slug":"cumpara-500mg-cbd-blackberry-keey-flava-blast","status":"publish","type":"product","link":"https:\/\/medicinasinc.com\/ro\/product\/cumpara-500mg-cbd-blackberry-keey-flava-blast\/","title":{"rendered":"Cump\u0103ra\u021bi 500 mg CBD Blackberry Key FLAVA BLAST"},"content":{"rendered":"<div class=\"woocommerce-tabs wc-tabs-wrapper\">\n<div id=\"tab-description\" class=\"woocommerce-Tabs-panel woocommerce-Tabs-panel--panoul descriere intrare-con\u021binut wc-tab\" aria-labelledby=\"tab-title-description\">\n<p>FLAVA BLAST 500 mg CBD Blackberry Keey<\/p>\n<p>Keey CBD este solu\u021bia pentru \u00eembun\u0103t\u0103\u021birea s\u0103n\u0103t\u0103\u021bii \u0219i a bun\u0103st\u0103rii. CBD este benefic pentru a ajuta la stresul zilnic, men\u021binerea unei st\u0103ri de spirit calm\u0103 \u0219i colectat\u0103, reduc\u00e2nd inflama\u021bia, grea\u021ba \u0219i ame\u021belile \u0219i ajut\u0103 la recuperarea dup\u0103 durere sau durere fizic\u0103. Acum, cu 500 mg CBD FLAVA BLAST, po\u021bi \u00eencorpora o tinctur\u0103 delicioas\u0103 de CBD \u00een rutina ta zilnic\u0103.<\/p>\n<p>Keey combin\u0103 infuzii organice de terpene, arome naturale \u0219i extracte de CBD cu ulei MCT (ULEI DE COCOS) pentru a accelera absorb\u021bia. pentru aportul digestiv \u0219i pentru a v\u0103 alimenta ziua.<\/p>\n<p>Keey CBD 500 mg FLAVA BLAST ofer\u0103 o varietate de BLASTS de arome! Flacon picur\u0103tor de 30 ml pentru tinctur\u0103.<\/p>\n<\/p><\/div><\/div>\n<div class=\"related products\"><\/div>\n","protected":false},"excerpt":{"rendered":"<p>Cump\u0103ra\u021bi 500 mg CBD Blackberry Keey FLAVA BLAST online de la Sigma Vape Shop cu livrare rapid\u0103 \u00een \u00eentreaga lume. Pute\u021bi g\u0103si 500 mg CBD Blackberry Keey FLAVA BLAST de v\u00e2nzare<\/p>\n<ul>\n<li>Livrare \u00een toat\u0103 lumea<\/li>\n<li>Cantitatea minim\u0103 de comand\u0103 este de 5<\/li>\n<li><strong>Contacta\u021bi-ne<\/strong>\u00a0pentru comenzi mai mari<\/li>\n<\/ul>\n","protected":false},"featured_media":4389,"comment_status":"open","ping_status":"closed","template":"","meta":[],"product_brand":[],"product_cat":[440],"product_tag":[],"class_list":{"0":"post-4353","1":"product","2":"type-product","3":"status-publish","4":"has-post-thumbnail","6":"product_cat-cumpara-cannabis-ulei-de-cbd","8":"first","9":"instock","10":"shipping-taxable","11":"purchasable","12":"product-type-variable","13":"has-default-attributes"},"yoast_head":"<!-- This site is optimized with the Yoast SEO plugin v27.3 - https:\/\/yoast.com\/product\/yoast-seo-wordpress\/ -->\n<title>Cump\u0103ra\u021bi 500 mg CBD Blackberry Key FLAVA BLAST - Cele mai bune medicamente globale<\/title>\n<meta name=\"description\" content=\"Cump\u0103ra\u021bi 500 mg CBD Blackberry Key FLAVA BLAST online de la Sigma Vape Shop cu livrare rapid\u0103 \u00een \u00eentreaga lume. Pute\u021bi g\u0103si 500 mg CBD Blackberry Key FLAVA BLAST de v\u00e2nzare\" \/>\n<meta name=\"robots\" content=\"index, follow, max-snippet:-1, max-image-preview:large, max-video-preview:-1\" \/>\n<link rel=\"canonical\" href=\"https:\/\/medicinasinc.com\/ro\/product\/cumpara-500mg-cbd-blackberry-keey-flava-blast\/\" \/>\n<meta property=\"og:locale\" content=\"en_US\" \/>\n<meta property=\"og:type\" content=\"article\" \/>\n<meta property=\"og:title\" content=\"Cump\u0103ra\u021bi 500 mg CBD Blackberry Key FLAVA BLAST - Cele mai bune medicamente globale\" \/>\n<meta property=\"og:description\" content=\"Cump\u0103ra\u021bi 500 mg CBD Blackberry Key FLAVA BLAST online de la Sigma Vape Shop cu livrare rapid\u0103 \u00een \u00eentreaga lume. Pute\u021bi g\u0103si 500 mg CBD Blackberry Key FLAVA BLAST de v\u00e2nzare\" \/>\n<meta property=\"og:url\" content=\"https:\/\/medicinasinc.com\/ro\/product\/cumpara-500mg-cbd-blackberry-keey-flava-blast\/\" \/>\n<meta property=\"og:site_name\" content=\"Medicinas Inc\" \/>\n<meta property=\"article:modified_time\" content=\"2022-03-22T01:24:39+00:00\" \/>\n<meta property=\"og:image\" content=\"https:\/\/medicinasinc.com\/ro\/wp-content\/uploads\/sites\/11\/2022\/02\/Buy-500mg-CBD-Blackberry-Keey-FLAVA-BLAST.jpg\" \/>\n\t<meta property=\"og:image:width\" content=\"800\" \/>\n\t<meta property=\"og:image:height\" content=\"800\" \/>\n\t<meta property=\"og:image:type\" content=\"image\/jpeg\" \/>\n<meta name=\"twitter:card\" content=\"summary_large_image\" \/>\n<meta name=\"twitter:label1\" content=\"Est. reading time\" \/>\n\t<meta name=\"twitter:data1\" content=\"1 minute\" \/>\n<script type=\"application\/ld+json\" class=\"yoast-schema-graph\">{\"@context\":\"https:\\\/\\\/schema.org\",\"@graph\":[{\"@type\":\"WebPage\",\"@id\":\"https:\\\/\\\/medicinasinc.com\\\/ro\\\/product\\\/cumpara-500mg-cbd-blackberry-keey-flava-blast\\\/\",\"url\":\"https:\\\/\\\/medicinasinc.com\\\/ro\\\/product\\\/cumpara-500mg-cbd-blackberry-keey-flava-blast\\\/\",\"name\":\"Cump\u0103ra\u021bi 500 mg CBD Blackberry Key FLAVA BLAST - Cele mai bune medicamente globale\",\"isPartOf\":{\"@id\":\"https:\\\/\\\/medicinasinc.com\\\/ro\\\/#website\"},\"primaryImageOfPage\":{\"@id\":\"https:\\\/\\\/medicinasinc.com\\\/ro\\\/product\\\/cumpara-500mg-cbd-blackberry-keey-flava-blast\\\/#primaryimage\"},\"image\":{\"@id\":\"https:\\\/\\\/medicinasinc.com\\\/ro\\\/product\\\/cumpara-500mg-cbd-blackberry-keey-flava-blast\\\/#primaryimage\"},\"thumbnailUrl\":\"https:\\\/\\\/medicinasinc.com\\\/ro\\\/wp-content\\\/uploads\\\/sites\\\/11\\\/2022\\\/02\\\/Buy-500mg-CBD-Blackberry-Keey-FLAVA-BLAST.jpg\",\"datePublished\":\"2022-02-20T08:29:33+00:00\",\"dateModified\":\"2022-03-22T01:24:39+00:00\",\"description\":\"Cump\u0103ra\u021bi 500 mg CBD Blackberry Key FLAVA BLAST online de la Sigma Vape Shop cu livrare rapid\u0103 \u00een \u00eentreaga lume. Pute\u021bi g\u0103si 500 mg CBD Blackberry Key FLAVA BLAST de v\u00e2nzare\",\"breadcrumb\":{\"@id\":\"https:\\\/\\\/medicinasinc.com\\\/ro\\\/product\\\/cumpara-500mg-cbd-blackberry-keey-flava-blast\\\/#breadcrumb\"},\"inLanguage\":\"en-US\",\"potentialAction\":[{\"@type\":\"ReadAction\",\"target\":[\"https:\\\/\\\/medicinasinc.com\\\/ro\\\/product\\\/cumpara-500mg-cbd-blackberry-keey-flava-blast\\\/\"]}]},{\"@type\":\"ImageObject\",\"inLanguage\":\"en-US\",\"@id\":\"https:\\\/\\\/medicinasinc.com\\\/ro\\\/product\\\/cumpara-500mg-cbd-blackberry-keey-flava-blast\\\/#primaryimage\",\"url\":\"https:\\\/\\\/medicinasinc.com\\\/ro\\\/wp-content\\\/uploads\\\/sites\\\/11\\\/2022\\\/02\\\/Buy-500mg-CBD-Blackberry-Keey-FLAVA-BLAST.jpg\",\"contentUrl\":\"https:\\\/\\\/medicinasinc.com\\\/ro\\\/wp-content\\\/uploads\\\/sites\\\/11\\\/2022\\\/02\\\/Buy-500mg-CBD-Blackberry-Keey-FLAVA-BLAST.jpg\",\"width\":800,\"height\":800},{\"@type\":\"BreadcrumbList\",\"@id\":\"https:\\\/\\\/medicinasinc.com\\\/ro\\\/product\\\/cumpara-500mg-cbd-blackberry-keey-flava-blast\\\/#breadcrumb\",\"itemListElement\":[{\"@type\":\"ListItem\",\"position\":1,\"name\":\"Magazin\",\"item\":\"https:\\\/\\\/medicinasinc.com\\\/ro\\\/magazin\\\/\"},{\"@type\":\"ListItem\",\"position\":2,\"name\":\"Cump\u0103ra\u021bi 500 mg CBD Blackberry Key FLAVA BLAST\"}]},{\"@type\":\"WebSite\",\"@id\":\"https:\\\/\\\/medicinasinc.com\\\/ro\\\/#website\",\"url\":\"https:\\\/\\\/medicinasinc.com\\\/ro\\\/\",\"name\":\"Medicinas Inc\",\"description\":\"Health Medical Clinic\",\"potentialAction\":[{\"@type\":\"SearchAction\",\"target\":{\"@type\":\"EntryPoint\",\"urlTemplate\":\"https:\\\/\\\/medicinasinc.com\\\/ro\\\/?s={search_term_string}\"},\"query-input\":{\"@type\":\"PropertyValueSpecification\",\"valueRequired\":true,\"valueName\":\"search_term_string\"}}],\"inLanguage\":\"en-US\"}]}<\/script>\n<!-- \/ Yoast SEO plugin. -->","yoast_head_json":{"title":"Cump\u0103ra\u021bi 500 mg CBD Blackberry Key FLAVA BLAST - Cele mai bune medicamente globale","description":"Cump\u0103ra\u021bi 500 mg CBD Blackberry Key FLAVA BLAST online de la Sigma Vape Shop cu livrare rapid\u0103 \u00een \u00eentreaga lume. Pute\u021bi g\u0103si 500 mg CBD Blackberry Key FLAVA BLAST de v\u00e2nzare","robots":{"index":"index","follow":"follow","max-snippet":"max-snippet:-1","max-image-preview":"max-image-preview:large","max-video-preview":"max-video-preview:-1"},"canonical":"https:\/\/medicinasinc.com\/ro\/product\/cumpara-500mg-cbd-blackberry-keey-flava-blast\/","og_locale":"en_US","og_type":"article","og_title":"Cump\u0103ra\u021bi 500 mg CBD Blackberry Key FLAVA BLAST - Cele mai bune medicamente globale","og_description":"Cump\u0103ra\u021bi 500 mg CBD Blackberry Key FLAVA BLAST online de la Sigma Vape Shop cu livrare rapid\u0103 \u00een \u00eentreaga lume. Pute\u021bi g\u0103si 500 mg CBD Blackberry Key FLAVA BLAST de v\u00e2nzare","og_url":"https:\/\/medicinasinc.com\/ro\/product\/cumpara-500mg-cbd-blackberry-keey-flava-blast\/","og_site_name":"Medicinas Inc","article_modified_time":"2022-03-22T01:24:39+00:00","og_image":[{"width":800,"height":800,"url":"https:\/\/medicinasinc.com\/ro\/wp-content\/uploads\/sites\/11\/2022\/02\/Buy-500mg-CBD-Blackberry-Keey-FLAVA-BLAST.jpg","type":"image\/jpeg"}],"twitter_card":"summary_large_image","twitter_misc":{"Est. reading time":"1 minute"},"schema":{"@context":"https:\/\/schema.org","@graph":[{"@type":"WebPage","@id":"https:\/\/medicinasinc.com\/ro\/product\/cumpara-500mg-cbd-blackberry-keey-flava-blast\/","url":"https:\/\/medicinasinc.com\/ro\/product\/cumpara-500mg-cbd-blackberry-keey-flava-blast\/","name":"Cump\u0103ra\u021bi 500 mg CBD Blackberry Key FLAVA BLAST - Cele mai bune medicamente globale","isPartOf":{"@id":"https:\/\/medicinasinc.com\/ro\/#website"},"primaryImageOfPage":{"@id":"https:\/\/medicinasinc.com\/ro\/product\/cumpara-500mg-cbd-blackberry-keey-flava-blast\/#primaryimage"},"image":{"@id":"https:\/\/medicinasinc.com\/ro\/product\/cumpara-500mg-cbd-blackberry-keey-flava-blast\/#primaryimage"},"thumbnailUrl":"https:\/\/medicinasinc.com\/ro\/wp-content\/uploads\/sites\/11\/2022\/02\/Buy-500mg-CBD-Blackberry-Keey-FLAVA-BLAST.jpg","datePublished":"2022-02-20T08:29:33+00:00","dateModified":"2022-03-22T01:24:39+00:00","description":"Cump\u0103ra\u021bi 500 mg CBD Blackberry Key FLAVA BLAST online de la Sigma Vape Shop cu livrare rapid\u0103 \u00een \u00eentreaga lume. Pute\u021bi g\u0103si 500 mg CBD Blackberry Key FLAVA BLAST de v\u00e2nzare","breadcrumb":{"@id":"https:\/\/medicinasinc.com\/ro\/product\/cumpara-500mg-cbd-blackberry-keey-flava-blast\/#breadcrumb"},"inLanguage":"en-US","potentialAction":[{"@type":"ReadAction","target":["https:\/\/medicinasinc.com\/ro\/product\/cumpara-500mg-cbd-blackberry-keey-flava-blast\/"]}]},{"@type":"ImageObject","inLanguage":"en-US","@id":"https:\/\/medicinasinc.com\/ro\/product\/cumpara-500mg-cbd-blackberry-keey-flava-blast\/#primaryimage","url":"https:\/\/medicinasinc.com\/ro\/wp-content\/uploads\/sites\/11\/2022\/02\/Buy-500mg-CBD-Blackberry-Keey-FLAVA-BLAST.jpg","contentUrl":"https:\/\/medicinasinc.com\/ro\/wp-content\/uploads\/sites\/11\/2022\/02\/Buy-500mg-CBD-Blackberry-Keey-FLAVA-BLAST.jpg","width":800,"height":800},{"@type":"BreadcrumbList","@id":"https:\/\/medicinasinc.com\/ro\/product\/cumpara-500mg-cbd-blackberry-keey-flava-blast\/#breadcrumb","itemListElement":[{"@type":"ListItem","position":1,"name":"Magazin","item":"https:\/\/medicinasinc.com\/ro\/magazin\/"},{"@type":"ListItem","position":2,"name":"Cump\u0103ra\u021bi 500 mg CBD Blackberry Key FLAVA BLAST"}]},{"@type":"WebSite","@id":"https:\/\/medicinasinc.com\/ro\/#website","url":"https:\/\/medicinasinc.com\/ro\/","name":"Medicinas Inc","description":"Health Medical Clinic","potentialAction":[{"@type":"SearchAction","target":{"@type":"EntryPoint","urlTemplate":"https:\/\/medicinasinc.com\/ro\/?s={search_term_string}"},"query-input":{"@type":"PropertyValueSpecification","valueRequired":true,"valueName":"search_term_string"}}],"inLanguage":"en-US"}]}},"_links":{"self":[{"href":"https:\/\/medicinasinc.com\/ro\/wp-json\/wp\/v2\/product\/4353","targetHints":{"allow":["GET"]}}],"collection":[{"href":"https:\/\/medicinasinc.com\/ro\/wp-json\/wp\/v2\/product"}],"about":[{"href":"https:\/\/medicinasinc.com\/ro\/wp-json\/wp\/v2\/types\/product"}],"replies":[{"embeddable":true,"href":"https:\/\/medicinasinc.com\/ro\/wp-json\/wp\/v2\/comments?post=4353"}],"wp:featuredmedia":[{"embeddable":true,"href":"https:\/\/medicinasinc.com\/ro\/wp-json\/wp\/v2\/media\/4389"}],"wp:attachment":[{"href":"https:\/\/medicinasinc.com\/ro\/wp-json\/wp\/v2\/media?parent=4353"}],"wp:term":[{"taxonomy":"product_brand","embeddable":true,"href":"https:\/\/medicinasinc.com\/ro\/wp-json\/wp\/v2\/product_brand?post=4353"},{"taxonomy":"product_cat","embeddable":true,"href":"https:\/\/medicinasinc.com\/ro\/wp-json\/wp\/v2\/product_cat?post=4353"},{"taxonomy":"product_tag","embeddable":true,"href":"https:\/\/medicinasinc.com\/ro\/wp-json\/wp\/v2\/product_tag?post=4353"}],"curies":[{"name":"wp","href":"https:\/\/api.w.org\/{rel}","templated":true}]}}