{"id":4348,"date":"2022-02-20T08:28:43","date_gmt":"2022-02-20T08:28:43","guid":{"rendered":"https:\/\/medicinasinc.com\/ro\/?post_type=product&#038;p=4348"},"modified":"2022-03-22T01:24:50","modified_gmt":"2022-03-22T01:24:50","slug":"cumpara-41-tinctura-30ml-aroma-de-menta-verde-zeita-verde","status":"publish","type":"product","link":"https:\/\/medicinasinc.com\/ro\/product\/cumpara-41-tinctura-30ml-aroma-de-menta-verde-zeita-verde\/","title":{"rendered":"Cump\u0103ra\u021bi Tinctur\u0103 4:1 (30 ml) Spearmint Flavour Green Goddess"},"content":{"rendered":"<p>Cump\u0103ra\u021bi Green, Goddess 4:1 Tinctur\u0103 (30 ml) Aroma de ment\u0103<\/p>\n<p>Pic\u0103turile de tinctur\u0103 au avantaje semnificative fa\u021b\u0103 de alte metode de administrare a canabinoizilor medicali: un borcan de 30 ml cu o aplica\u021bie de pic\u0103turi u\u0219or de utilizat permite o doz\u0103 precis\u0103 care trebuie administrat\u0103 sublingual \u00een gur\u0103. Absorb\u021bia \u00een s\u00e2nge prin mucoasa bucal\u0103 este rapid\u0103 \u0219i constant\u0103. Tinctura nu este transformat\u0103 \u00eentr-un metabolit de c\u0103tre sistemul digestiv sau ficat, a\u0219a cum este cazul canabinoidelor ingerate pe cale oral\u0103 din comestibile.<\/p>\n<p>Formulat\u0103 folosind un extract din \u00eentreaga plant\u0103 de canabis. Am ad\u0103ugat un ulei C8+C10 complet natural, care este derivat \u00een \u00eentregime din nuci de cocos \u0219i este o surs\u0103 excelent\u0103 de acizi gra\u0219i puternici cu lan\u021b mediu care ajut\u0103 la men\u021binerea func\u021bion\u0103rii optime a corpului \u0219i a min\u021bii.<\/p>\n<p>13 miligrame per pic\u0103tur\u0103. 400 miligrame CBD 100 miligrame THC<\/p>\n<p>Ingrediente:<\/p>\n<p>Ulei MCT cu arom\u0103 de ment\u0103 Extract integral de plant\u0103 de canabis (CBD)<\/p>\n","protected":false},"excerpt":{"rendered":"<p>Cump\u0103ra\u021bi Tinctur\u0103 4:1 (30 ml) Spearmint Flavour Green Goddess de v\u00e2nzare Marea Britanie, Europa online SUA de la cel mai mare dispensar online, Cump\u0103ra\u021bi My Weed Online.<\/p>\n<ul>\n<li>Livrare \u00een toat\u0103 lumea<\/li>\n<li>30 ml picur\u0103tor indicat<\/li>\n<li>400 mg CBD: 100 mg tinctur\u0103 THC<\/li>\n<li>Arom\u0103 de ment\u0103<\/li>\n<li>Cantitatea minim\u0103 de comand\u0103 este de 5<\/li>\n<\/ul>\n","protected":false},"featured_media":4383,"comment_status":"open","ping_status":"closed","template":"","meta":[],"product_brand":[],"product_cat":[440],"product_tag":[],"class_list":{"0":"post-4348","1":"product","2":"type-product","3":"status-publish","4":"has-post-thumbnail","6":"product_cat-cumpara-cannabis-ulei-de-cbd","8":"first","9":"instock","10":"shipping-taxable","11":"purchasable","12":"product-type-variable","13":"has-default-attributes"},"yoast_head":"<!-- This site is optimized with the Yoast SEO plugin v27.3 - https:\/\/yoast.com\/product\/yoast-seo-wordpress\/ -->\n<title>Cump\u0103ra\u021bi Tinctur\u0103 4:1 (30 ml) Spearmint Flavour Green Goddess - Cele mai bune medicamente globale<\/title>\n<meta name=\"description\" content=\"Cump\u0103ra\u021bi Tinctur\u0103 4:1 (30 ml) Spearmint Flavour Green Goddess pentru v\u00e2nzare Marea Britanie, Europa online SUA de la cel mai mare dispensar online, Cump\u0103ra\u021bi My Weed Online.\" \/>\n<meta name=\"robots\" content=\"index, follow, max-snippet:-1, max-image-preview:large, max-video-preview:-1\" \/>\n<link rel=\"canonical\" href=\"https:\/\/medicinasinc.com\/ro\/product\/cumpara-41-tinctura-30ml-aroma-de-menta-verde-zeita-verde\/\" \/>\n<meta property=\"og:locale\" content=\"en_US\" \/>\n<meta property=\"og:type\" content=\"article\" \/>\n<meta property=\"og:title\" content=\"Cump\u0103ra\u021bi Tinctur\u0103 4:1 (30 ml) Spearmint Flavour Green Goddess - Cele mai bune medicamente globale\" \/>\n<meta property=\"og:description\" content=\"Cump\u0103ra\u021bi Tinctur\u0103 4:1 (30 ml) Spearmint Flavour Green Goddess pentru v\u00e2nzare Marea Britanie, Europa online SUA de la cel mai mare dispensar online, Cump\u0103ra\u021bi My Weed Online.\" \/>\n<meta property=\"og:url\" content=\"https:\/\/medicinasinc.com\/ro\/product\/cumpara-41-tinctura-30ml-aroma-de-menta-verde-zeita-verde\/\" \/>\n<meta property=\"og:site_name\" content=\"Medicinas Inc\" \/>\n<meta property=\"article:modified_time\" content=\"2022-03-22T01:24:50+00:00\" \/>\n<meta property=\"og:image\" content=\"https:\/\/medicinasinc.com\/ro\/wp-content\/uploads\/sites\/11\/2022\/02\/Spearmint-Flavour-Green-Goddess.jpg\" \/>\n\t<meta property=\"og:image:width\" content=\"483\" \/>\n\t<meta property=\"og:image:height\" content=\"483\" \/>\n\t<meta property=\"og:image:type\" content=\"image\/jpeg\" \/>\n<meta name=\"twitter:card\" content=\"summary_large_image\" \/>\n<meta name=\"twitter:label1\" content=\"Est. reading time\" \/>\n\t<meta name=\"twitter:data1\" content=\"1 minute\" \/>\n<script type=\"application\/ld+json\" class=\"yoast-schema-graph\">{\"@context\":\"https:\\\/\\\/schema.org\",\"@graph\":[{\"@type\":\"WebPage\",\"@id\":\"https:\\\/\\\/medicinasinc.com\\\/ro\\\/product\\\/cumpara-41-tinctura-30ml-aroma-de-menta-verde-zeita-verde\\\/\",\"url\":\"https:\\\/\\\/medicinasinc.com\\\/ro\\\/product\\\/cumpara-41-tinctura-30ml-aroma-de-menta-verde-zeita-verde\\\/\",\"name\":\"Cump\u0103ra\u021bi Tinctur\u0103 4:1 (30 ml) Spearmint Flavour Green Goddess - Cele mai bune medicamente globale\",\"isPartOf\":{\"@id\":\"https:\\\/\\\/medicinasinc.com\\\/ro\\\/#website\"},\"primaryImageOfPage\":{\"@id\":\"https:\\\/\\\/medicinasinc.com\\\/ro\\\/product\\\/cumpara-41-tinctura-30ml-aroma-de-menta-verde-zeita-verde\\\/#primaryimage\"},\"image\":{\"@id\":\"https:\\\/\\\/medicinasinc.com\\\/ro\\\/product\\\/cumpara-41-tinctura-30ml-aroma-de-menta-verde-zeita-verde\\\/#primaryimage\"},\"thumbnailUrl\":\"https:\\\/\\\/medicinasinc.com\\\/ro\\\/wp-content\\\/uploads\\\/sites\\\/11\\\/2022\\\/02\\\/Spearmint-Flavour-Green-Goddess.jpg\",\"datePublished\":\"2022-02-20T08:28:43+00:00\",\"dateModified\":\"2022-03-22T01:24:50+00:00\",\"description\":\"Cump\u0103ra\u021bi Tinctur\u0103 4:1 (30 ml) Spearmint Flavour Green Goddess pentru v\u00e2nzare Marea Britanie, Europa online SUA de la cel mai mare dispensar online, Cump\u0103ra\u021bi My Weed Online.\",\"breadcrumb\":{\"@id\":\"https:\\\/\\\/medicinasinc.com\\\/ro\\\/product\\\/cumpara-41-tinctura-30ml-aroma-de-menta-verde-zeita-verde\\\/#breadcrumb\"},\"inLanguage\":\"en-US\",\"potentialAction\":[{\"@type\":\"ReadAction\",\"target\":[\"https:\\\/\\\/medicinasinc.com\\\/ro\\\/product\\\/cumpara-41-tinctura-30ml-aroma-de-menta-verde-zeita-verde\\\/\"]}]},{\"@type\":\"ImageObject\",\"inLanguage\":\"en-US\",\"@id\":\"https:\\\/\\\/medicinasinc.com\\\/ro\\\/product\\\/cumpara-41-tinctura-30ml-aroma-de-menta-verde-zeita-verde\\\/#primaryimage\",\"url\":\"https:\\\/\\\/medicinasinc.com\\\/ro\\\/wp-content\\\/uploads\\\/sites\\\/11\\\/2022\\\/02\\\/Spearmint-Flavour-Green-Goddess.jpg\",\"contentUrl\":\"https:\\\/\\\/medicinasinc.com\\\/ro\\\/wp-content\\\/uploads\\\/sites\\\/11\\\/2022\\\/02\\\/Spearmint-Flavour-Green-Goddess.jpg\",\"width\":483,\"height\":483},{\"@type\":\"BreadcrumbList\",\"@id\":\"https:\\\/\\\/medicinasinc.com\\\/ro\\\/product\\\/cumpara-41-tinctura-30ml-aroma-de-menta-verde-zeita-verde\\\/#breadcrumb\",\"itemListElement\":[{\"@type\":\"ListItem\",\"position\":1,\"name\":\"Magazin\",\"item\":\"https:\\\/\\\/medicinasinc.com\\\/ro\\\/magazin\\\/\"},{\"@type\":\"ListItem\",\"position\":2,\"name\":\"Cump\u0103ra\u021bi Tinctur\u0103 4:1 (30 ml) Spearmint Flavour Green Goddess\"}]},{\"@type\":\"WebSite\",\"@id\":\"https:\\\/\\\/medicinasinc.com\\\/ro\\\/#website\",\"url\":\"https:\\\/\\\/medicinasinc.com\\\/ro\\\/\",\"name\":\"Medicinas Inc\",\"description\":\"Health Medical Clinic\",\"potentialAction\":[{\"@type\":\"SearchAction\",\"target\":{\"@type\":\"EntryPoint\",\"urlTemplate\":\"https:\\\/\\\/medicinasinc.com\\\/ro\\\/?s={search_term_string}\"},\"query-input\":{\"@type\":\"PropertyValueSpecification\",\"valueRequired\":true,\"valueName\":\"search_term_string\"}}],\"inLanguage\":\"en-US\"}]}<\/script>\n<!-- \/ Yoast SEO plugin. -->","yoast_head_json":{"title":"Cump\u0103ra\u021bi Tinctur\u0103 4:1 (30 ml) Spearmint Flavour Green Goddess - Cele mai bune medicamente globale","description":"Cump\u0103ra\u021bi Tinctur\u0103 4:1 (30 ml) Spearmint Flavour Green Goddess pentru v\u00e2nzare Marea Britanie, Europa online SUA de la cel mai mare dispensar online, Cump\u0103ra\u021bi My Weed Online.","robots":{"index":"index","follow":"follow","max-snippet":"max-snippet:-1","max-image-preview":"max-image-preview:large","max-video-preview":"max-video-preview:-1"},"canonical":"https:\/\/medicinasinc.com\/ro\/product\/cumpara-41-tinctura-30ml-aroma-de-menta-verde-zeita-verde\/","og_locale":"en_US","og_type":"article","og_title":"Cump\u0103ra\u021bi Tinctur\u0103 4:1 (30 ml) Spearmint Flavour Green Goddess - Cele mai bune medicamente globale","og_description":"Cump\u0103ra\u021bi Tinctur\u0103 4:1 (30 ml) Spearmint Flavour Green Goddess pentru v\u00e2nzare Marea Britanie, Europa online SUA de la cel mai mare dispensar online, Cump\u0103ra\u021bi My Weed Online.","og_url":"https:\/\/medicinasinc.com\/ro\/product\/cumpara-41-tinctura-30ml-aroma-de-menta-verde-zeita-verde\/","og_site_name":"Medicinas Inc","article_modified_time":"2022-03-22T01:24:50+00:00","og_image":[{"width":483,"height":483,"url":"https:\/\/medicinasinc.com\/ro\/wp-content\/uploads\/sites\/11\/2022\/02\/Spearmint-Flavour-Green-Goddess.jpg","type":"image\/jpeg"}],"twitter_card":"summary_large_image","twitter_misc":{"Est. reading time":"1 minute"},"schema":{"@context":"https:\/\/schema.org","@graph":[{"@type":"WebPage","@id":"https:\/\/medicinasinc.com\/ro\/product\/cumpara-41-tinctura-30ml-aroma-de-menta-verde-zeita-verde\/","url":"https:\/\/medicinasinc.com\/ro\/product\/cumpara-41-tinctura-30ml-aroma-de-menta-verde-zeita-verde\/","name":"Cump\u0103ra\u021bi Tinctur\u0103 4:1 (30 ml) Spearmint Flavour Green Goddess - Cele mai bune medicamente globale","isPartOf":{"@id":"https:\/\/medicinasinc.com\/ro\/#website"},"primaryImageOfPage":{"@id":"https:\/\/medicinasinc.com\/ro\/product\/cumpara-41-tinctura-30ml-aroma-de-menta-verde-zeita-verde\/#primaryimage"},"image":{"@id":"https:\/\/medicinasinc.com\/ro\/product\/cumpara-41-tinctura-30ml-aroma-de-menta-verde-zeita-verde\/#primaryimage"},"thumbnailUrl":"https:\/\/medicinasinc.com\/ro\/wp-content\/uploads\/sites\/11\/2022\/02\/Spearmint-Flavour-Green-Goddess.jpg","datePublished":"2022-02-20T08:28:43+00:00","dateModified":"2022-03-22T01:24:50+00:00","description":"Cump\u0103ra\u021bi Tinctur\u0103 4:1 (30 ml) Spearmint Flavour Green Goddess pentru v\u00e2nzare Marea Britanie, Europa online SUA de la cel mai mare dispensar online, Cump\u0103ra\u021bi My Weed Online.","breadcrumb":{"@id":"https:\/\/medicinasinc.com\/ro\/product\/cumpara-41-tinctura-30ml-aroma-de-menta-verde-zeita-verde\/#breadcrumb"},"inLanguage":"en-US","potentialAction":[{"@type":"ReadAction","target":["https:\/\/medicinasinc.com\/ro\/product\/cumpara-41-tinctura-30ml-aroma-de-menta-verde-zeita-verde\/"]}]},{"@type":"ImageObject","inLanguage":"en-US","@id":"https:\/\/medicinasinc.com\/ro\/product\/cumpara-41-tinctura-30ml-aroma-de-menta-verde-zeita-verde\/#primaryimage","url":"https:\/\/medicinasinc.com\/ro\/wp-content\/uploads\/sites\/11\/2022\/02\/Spearmint-Flavour-Green-Goddess.jpg","contentUrl":"https:\/\/medicinasinc.com\/ro\/wp-content\/uploads\/sites\/11\/2022\/02\/Spearmint-Flavour-Green-Goddess.jpg","width":483,"height":483},{"@type":"BreadcrumbList","@id":"https:\/\/medicinasinc.com\/ro\/product\/cumpara-41-tinctura-30ml-aroma-de-menta-verde-zeita-verde\/#breadcrumb","itemListElement":[{"@type":"ListItem","position":1,"name":"Magazin","item":"https:\/\/medicinasinc.com\/ro\/magazin\/"},{"@type":"ListItem","position":2,"name":"Cump\u0103ra\u021bi Tinctur\u0103 4:1 (30 ml) Spearmint Flavour Green Goddess"}]},{"@type":"WebSite","@id":"https:\/\/medicinasinc.com\/ro\/#website","url":"https:\/\/medicinasinc.com\/ro\/","name":"Medicinas Inc","description":"Health Medical Clinic","potentialAction":[{"@type":"SearchAction","target":{"@type":"EntryPoint","urlTemplate":"https:\/\/medicinasinc.com\/ro\/?s={search_term_string}"},"query-input":{"@type":"PropertyValueSpecification","valueRequired":true,"valueName":"search_term_string"}}],"inLanguage":"en-US"}]}},"_links":{"self":[{"href":"https:\/\/medicinasinc.com\/ro\/wp-json\/wp\/v2\/product\/4348","targetHints":{"allow":["GET"]}}],"collection":[{"href":"https:\/\/medicinasinc.com\/ro\/wp-json\/wp\/v2\/product"}],"about":[{"href":"https:\/\/medicinasinc.com\/ro\/wp-json\/wp\/v2\/types\/product"}],"replies":[{"embeddable":true,"href":"https:\/\/medicinasinc.com\/ro\/wp-json\/wp\/v2\/comments?post=4348"}],"wp:featuredmedia":[{"embeddable":true,"href":"https:\/\/medicinasinc.com\/ro\/wp-json\/wp\/v2\/media\/4383"}],"wp:attachment":[{"href":"https:\/\/medicinasinc.com\/ro\/wp-json\/wp\/v2\/media?parent=4348"}],"wp:term":[{"taxonomy":"product_brand","embeddable":true,"href":"https:\/\/medicinasinc.com\/ro\/wp-json\/wp\/v2\/product_brand?post=4348"},{"taxonomy":"product_cat","embeddable":true,"href":"https:\/\/medicinasinc.com\/ro\/wp-json\/wp\/v2\/product_cat?post=4348"},{"taxonomy":"product_tag","embeddable":true,"href":"https:\/\/medicinasinc.com\/ro\/wp-json\/wp\/v2\/product_tag?post=4348"}],"curies":[{"name":"wp","href":"https:\/\/api.w.org\/{rel}","templated":true}]}}