{"id":4338,"date":"2022-02-20T08:27:22","date_gmt":"2022-02-20T08:27:22","guid":{"rendered":"https:\/\/medicinasinc.com\/ro\/?post_type=product&#038;p=4338"},"modified":"2022-03-22T01:25:08","modified_gmt":"2022-03-22T01:25:08","slug":"buy-250mg-thc-mist-spray-10ml-ease","status":"publish","type":"product","link":"https:\/\/medicinasinc.com\/ro\/product\/buy-250mg-thc-mist-spray-10ml-ease\/","title":{"rendered":"Cump\u0103ra\u021bi 250 mg THC Spray de cea\u021b\u0103 10 ml \u2013 Ease"},"content":{"rendered":"<p>Cump\u0103ra\u021bi 10ml 250mg THC Mist Spray \u2013 U\u0219urin\u021b\u0103<\/p>\n<p>Cu deliciosul nostru spray pentru respira\u021bie infuzat cu canabis, Ease Spray sublingual ridic\u0103 conceptul tradi\u021bional de tinctur\u0103 la un nivel cu totul nou. Ease Spray v\u0103 permite s\u0103 doza\u021bi dup\u0103 cum este necesar, indiferent de loca\u021bie, f\u0103r\u0103 teama de stigmatizarea asociat\u0103 \u00een mod tradi\u021bional cu majoritatea produselor de canabis. Ease Spray con\u021bine 5 mg de medicamente per pulverizare, permi\u021b\u00e2ndu-v\u0103 s\u0103 administra\u021bi exact la nivelul care v\u0103 satisface nevoile. Spray-urile Ease nu con\u021bin alcool, solven\u021bi sau substan\u021be petrochimice \u00een formula lor complet natural\u0103 de extracte de nuc\u0103 de cocos, terpene \u0219i extracte de canabis.<\/p>\n<p>Acest produs simplific\u0103 medica\u021bia din mers! Cu noul Ease Shake n Spray Extra Puternic!<\/p>\n<p>DOZE PENTRU STICLE DE SPRAY SUBLINGUALE<\/p>\n<p>250 \u200b\u200bmg THC \u00eentr-o sticl\u0103 de sticl\u0103 de 10 ml<\/p>\n<p>Fiecare sticl\u0103 con\u021bine 50 -60 de pulveriz\u0103ri.<\/p>\n","protected":false},"excerpt":{"rendered":"<p>Cump\u0103ra\u021bi 250 mg THC Mist Spray UK 10 ml pentru v\u00e2nzare online \u00een Europa. Ease Spray v\u0103 ofer\u0103 libertatea de a doza dup\u0103 cum este necesar oriunde v\u0103 afla\u021bi, f\u0103r\u0103 s\u0103 v\u0103 face\u021bi griji cu privire la stigmatizarea tradi\u021bional\u0103<\/p>\n<ul>\n<li>Livrare \u00een \u00eentreaga lume<\/li>\n<li>SPRAY EXTRA FORTE THC MIST SPRAY<\/li>\n<li>Sticl\u0103 de 10 ml 250 mg THC<\/li>\n<li>Cantitatea minim\u0103 de comand\u0103 este de 5<\/li>\n<li><strong>Contacta\u021bi-ne<\/strong>\u00a0pentru comenzi mai mari<\/li>\n<\/ul>\n","protected":false},"featured_media":4371,"comment_status":"open","ping_status":"closed","template":"","meta":[],"product_brand":[],"product_cat":[440],"product_tag":[],"class_list":{"0":"post-4338","1":"product","2":"type-product","3":"status-publish","4":"has-post-thumbnail","6":"product_cat-cumpara-cannabis-ulei-de-cbd","8":"first","9":"instock","10":"shipping-taxable","11":"purchasable","12":"product-type-variable","13":"has-default-attributes"},"yoast_head":"<!-- This site is optimized with the Yoast SEO plugin v27.3 - https:\/\/yoast.com\/product\/yoast-seo-wordpress\/ -->\n<title>Cump\u0103ra\u021bi 250 mg THC Spray de cea\u021b\u0103 10 ml \u2013 Ease - Cele mai bune medicamente globale<\/title>\n<meta name=\"description\" content=\"Cump\u0103ra\u021bi 250 mg THC Mist Spray UK 10 ml pentru v\u00e2nzare online \u00een Europa. Ease Spray v\u0103 ofer\u0103 libertatea de a doza dup\u0103 cum este necesar oriunde v\u0103 afla\u021bi, f\u0103r\u0103 s\u0103 v\u0103 face\u021bi griji cu privire la stigmatizarea tradi\u021bional\u0103\" \/>\n<meta name=\"robots\" content=\"index, follow, max-snippet:-1, max-image-preview:large, max-video-preview:-1\" \/>\n<link rel=\"canonical\" href=\"https:\/\/medicinasinc.com\/ro\/product\/buy-250mg-thc-mist-spray-10ml-ease\/\" \/>\n<meta property=\"og:locale\" content=\"en_US\" \/>\n<meta property=\"og:type\" content=\"article\" \/>\n<meta property=\"og:title\" content=\"Cump\u0103ra\u021bi 250 mg THC Spray de cea\u021b\u0103 10 ml \u2013 Ease - Cele mai bune medicamente globale\" \/>\n<meta property=\"og:description\" content=\"Cump\u0103ra\u021bi 250 mg THC Mist Spray UK 10 ml pentru v\u00e2nzare online \u00een Europa. Ease Spray v\u0103 ofer\u0103 libertatea de a doza dup\u0103 cum este necesar oriunde v\u0103 afla\u021bi, f\u0103r\u0103 s\u0103 v\u0103 face\u021bi griji cu privire la stigmatizarea tradi\u021bional\u0103\" \/>\n<meta property=\"og:url\" content=\"https:\/\/medicinasinc.com\/ro\/product\/buy-250mg-thc-mist-spray-10ml-ease\/\" \/>\n<meta property=\"og:site_name\" content=\"Medicinas Inc\" \/>\n<meta property=\"article:modified_time\" content=\"2022-03-22T01:25:08+00:00\" \/>\n<meta property=\"og:image\" content=\"https:\/\/medicinasinc.com\/ro\/wp-content\/uploads\/sites\/11\/2022\/02\/Buy-250mg-THC-Mist-Spray-10ml.jpg\" \/>\n\t<meta property=\"og:image:width\" content=\"1500\" \/>\n\t<meta property=\"og:image:height\" content=\"1500\" \/>\n\t<meta property=\"og:image:type\" content=\"image\/jpeg\" \/>\n<meta name=\"twitter:card\" content=\"summary_large_image\" \/>\n<meta name=\"twitter:label1\" content=\"Est. reading time\" \/>\n\t<meta name=\"twitter:data1\" content=\"1 minute\" \/>\n<script type=\"application\/ld+json\" class=\"yoast-schema-graph\">{\"@context\":\"https:\\\/\\\/schema.org\",\"@graph\":[{\"@type\":\"WebPage\",\"@id\":\"https:\\\/\\\/medicinasinc.com\\\/ro\\\/product\\\/buy-250mg-thc-mist-spray-10ml-ease\\\/\",\"url\":\"https:\\\/\\\/medicinasinc.com\\\/ro\\\/product\\\/buy-250mg-thc-mist-spray-10ml-ease\\\/\",\"name\":\"Cump\u0103ra\u021bi 250 mg THC Spray de cea\u021b\u0103 10 ml \u2013 Ease - Cele mai bune medicamente globale\",\"isPartOf\":{\"@id\":\"https:\\\/\\\/medicinasinc.com\\\/ro\\\/#website\"},\"primaryImageOfPage\":{\"@id\":\"https:\\\/\\\/medicinasinc.com\\\/ro\\\/product\\\/buy-250mg-thc-mist-spray-10ml-ease\\\/#primaryimage\"},\"image\":{\"@id\":\"https:\\\/\\\/medicinasinc.com\\\/ro\\\/product\\\/buy-250mg-thc-mist-spray-10ml-ease\\\/#primaryimage\"},\"thumbnailUrl\":\"https:\\\/\\\/medicinasinc.com\\\/ro\\\/wp-content\\\/uploads\\\/sites\\\/11\\\/2022\\\/02\\\/Buy-250mg-THC-Mist-Spray-10ml.jpg\",\"datePublished\":\"2022-02-20T08:27:22+00:00\",\"dateModified\":\"2022-03-22T01:25:08+00:00\",\"description\":\"Cump\u0103ra\u021bi 250 mg THC Mist Spray UK 10 ml pentru v\u00e2nzare online \u00een Europa. Ease Spray v\u0103 ofer\u0103 libertatea de a doza dup\u0103 cum este necesar oriunde v\u0103 afla\u021bi, f\u0103r\u0103 s\u0103 v\u0103 face\u021bi griji cu privire la stigmatizarea tradi\u021bional\u0103\",\"breadcrumb\":{\"@id\":\"https:\\\/\\\/medicinasinc.com\\\/ro\\\/product\\\/buy-250mg-thc-mist-spray-10ml-ease\\\/#breadcrumb\"},\"inLanguage\":\"en-US\",\"potentialAction\":[{\"@type\":\"ReadAction\",\"target\":[\"https:\\\/\\\/medicinasinc.com\\\/ro\\\/product\\\/buy-250mg-thc-mist-spray-10ml-ease\\\/\"]}]},{\"@type\":\"ImageObject\",\"inLanguage\":\"en-US\",\"@id\":\"https:\\\/\\\/medicinasinc.com\\\/ro\\\/product\\\/buy-250mg-thc-mist-spray-10ml-ease\\\/#primaryimage\",\"url\":\"https:\\\/\\\/medicinasinc.com\\\/ro\\\/wp-content\\\/uploads\\\/sites\\\/11\\\/2022\\\/02\\\/Buy-250mg-THC-Mist-Spray-10ml.jpg\",\"contentUrl\":\"https:\\\/\\\/medicinasinc.com\\\/ro\\\/wp-content\\\/uploads\\\/sites\\\/11\\\/2022\\\/02\\\/Buy-250mg-THC-Mist-Spray-10ml.jpg\",\"width\":1500,\"height\":1500},{\"@type\":\"BreadcrumbList\",\"@id\":\"https:\\\/\\\/medicinasinc.com\\\/ro\\\/product\\\/buy-250mg-thc-mist-spray-10ml-ease\\\/#breadcrumb\",\"itemListElement\":[{\"@type\":\"ListItem\",\"position\":1,\"name\":\"Magazin\",\"item\":\"https:\\\/\\\/medicinasinc.com\\\/ro\\\/magazin\\\/\"},{\"@type\":\"ListItem\",\"position\":2,\"name\":\"Cump\u0103ra\u021bi 250 mg THC Spray de cea\u021b\u0103 10 ml \u2013 Ease\"}]},{\"@type\":\"WebSite\",\"@id\":\"https:\\\/\\\/medicinasinc.com\\\/ro\\\/#website\",\"url\":\"https:\\\/\\\/medicinasinc.com\\\/ro\\\/\",\"name\":\"Medicinas Inc\",\"description\":\"Health Medical Clinic\",\"potentialAction\":[{\"@type\":\"SearchAction\",\"target\":{\"@type\":\"EntryPoint\",\"urlTemplate\":\"https:\\\/\\\/medicinasinc.com\\\/ro\\\/?s={search_term_string}\"},\"query-input\":{\"@type\":\"PropertyValueSpecification\",\"valueRequired\":true,\"valueName\":\"search_term_string\"}}],\"inLanguage\":\"en-US\"}]}<\/script>\n<!-- \/ Yoast SEO plugin. -->","yoast_head_json":{"title":"Cump\u0103ra\u021bi 250 mg THC Spray de cea\u021b\u0103 10 ml \u2013 Ease - Cele mai bune medicamente globale","description":"Cump\u0103ra\u021bi 250 mg THC Mist Spray UK 10 ml pentru v\u00e2nzare online \u00een Europa. Ease Spray v\u0103 ofer\u0103 libertatea de a doza dup\u0103 cum este necesar oriunde v\u0103 afla\u021bi, f\u0103r\u0103 s\u0103 v\u0103 face\u021bi griji cu privire la stigmatizarea tradi\u021bional\u0103","robots":{"index":"index","follow":"follow","max-snippet":"max-snippet:-1","max-image-preview":"max-image-preview:large","max-video-preview":"max-video-preview:-1"},"canonical":"https:\/\/medicinasinc.com\/ro\/product\/buy-250mg-thc-mist-spray-10ml-ease\/","og_locale":"en_US","og_type":"article","og_title":"Cump\u0103ra\u021bi 250 mg THC Spray de cea\u021b\u0103 10 ml \u2013 Ease - Cele mai bune medicamente globale","og_description":"Cump\u0103ra\u021bi 250 mg THC Mist Spray UK 10 ml pentru v\u00e2nzare online \u00een Europa. Ease Spray v\u0103 ofer\u0103 libertatea de a doza dup\u0103 cum este necesar oriunde v\u0103 afla\u021bi, f\u0103r\u0103 s\u0103 v\u0103 face\u021bi griji cu privire la stigmatizarea tradi\u021bional\u0103","og_url":"https:\/\/medicinasinc.com\/ro\/product\/buy-250mg-thc-mist-spray-10ml-ease\/","og_site_name":"Medicinas Inc","article_modified_time":"2022-03-22T01:25:08+00:00","og_image":[{"width":1500,"height":1500,"url":"https:\/\/medicinasinc.com\/ro\/wp-content\/uploads\/sites\/11\/2022\/02\/Buy-250mg-THC-Mist-Spray-10ml.jpg","type":"image\/jpeg"}],"twitter_card":"summary_large_image","twitter_misc":{"Est. reading time":"1 minute"},"schema":{"@context":"https:\/\/schema.org","@graph":[{"@type":"WebPage","@id":"https:\/\/medicinasinc.com\/ro\/product\/buy-250mg-thc-mist-spray-10ml-ease\/","url":"https:\/\/medicinasinc.com\/ro\/product\/buy-250mg-thc-mist-spray-10ml-ease\/","name":"Cump\u0103ra\u021bi 250 mg THC Spray de cea\u021b\u0103 10 ml \u2013 Ease - Cele mai bune medicamente globale","isPartOf":{"@id":"https:\/\/medicinasinc.com\/ro\/#website"},"primaryImageOfPage":{"@id":"https:\/\/medicinasinc.com\/ro\/product\/buy-250mg-thc-mist-spray-10ml-ease\/#primaryimage"},"image":{"@id":"https:\/\/medicinasinc.com\/ro\/product\/buy-250mg-thc-mist-spray-10ml-ease\/#primaryimage"},"thumbnailUrl":"https:\/\/medicinasinc.com\/ro\/wp-content\/uploads\/sites\/11\/2022\/02\/Buy-250mg-THC-Mist-Spray-10ml.jpg","datePublished":"2022-02-20T08:27:22+00:00","dateModified":"2022-03-22T01:25:08+00:00","description":"Cump\u0103ra\u021bi 250 mg THC Mist Spray UK 10 ml pentru v\u00e2nzare online \u00een Europa. Ease Spray v\u0103 ofer\u0103 libertatea de a doza dup\u0103 cum este necesar oriunde v\u0103 afla\u021bi, f\u0103r\u0103 s\u0103 v\u0103 face\u021bi griji cu privire la stigmatizarea tradi\u021bional\u0103","breadcrumb":{"@id":"https:\/\/medicinasinc.com\/ro\/product\/buy-250mg-thc-mist-spray-10ml-ease\/#breadcrumb"},"inLanguage":"en-US","potentialAction":[{"@type":"ReadAction","target":["https:\/\/medicinasinc.com\/ro\/product\/buy-250mg-thc-mist-spray-10ml-ease\/"]}]},{"@type":"ImageObject","inLanguage":"en-US","@id":"https:\/\/medicinasinc.com\/ro\/product\/buy-250mg-thc-mist-spray-10ml-ease\/#primaryimage","url":"https:\/\/medicinasinc.com\/ro\/wp-content\/uploads\/sites\/11\/2022\/02\/Buy-250mg-THC-Mist-Spray-10ml.jpg","contentUrl":"https:\/\/medicinasinc.com\/ro\/wp-content\/uploads\/sites\/11\/2022\/02\/Buy-250mg-THC-Mist-Spray-10ml.jpg","width":1500,"height":1500},{"@type":"BreadcrumbList","@id":"https:\/\/medicinasinc.com\/ro\/product\/buy-250mg-thc-mist-spray-10ml-ease\/#breadcrumb","itemListElement":[{"@type":"ListItem","position":1,"name":"Magazin","item":"https:\/\/medicinasinc.com\/ro\/magazin\/"},{"@type":"ListItem","position":2,"name":"Cump\u0103ra\u021bi 250 mg THC Spray de cea\u021b\u0103 10 ml \u2013 Ease"}]},{"@type":"WebSite","@id":"https:\/\/medicinasinc.com\/ro\/#website","url":"https:\/\/medicinasinc.com\/ro\/","name":"Medicinas Inc","description":"Health Medical Clinic","potentialAction":[{"@type":"SearchAction","target":{"@type":"EntryPoint","urlTemplate":"https:\/\/medicinasinc.com\/ro\/?s={search_term_string}"},"query-input":{"@type":"PropertyValueSpecification","valueRequired":true,"valueName":"search_term_string"}}],"inLanguage":"en-US"}]}},"_links":{"self":[{"href":"https:\/\/medicinasinc.com\/ro\/wp-json\/wp\/v2\/product\/4338","targetHints":{"allow":["GET"]}}],"collection":[{"href":"https:\/\/medicinasinc.com\/ro\/wp-json\/wp\/v2\/product"}],"about":[{"href":"https:\/\/medicinasinc.com\/ro\/wp-json\/wp\/v2\/types\/product"}],"replies":[{"embeddable":true,"href":"https:\/\/medicinasinc.com\/ro\/wp-json\/wp\/v2\/comments?post=4338"}],"wp:featuredmedia":[{"embeddable":true,"href":"https:\/\/medicinasinc.com\/ro\/wp-json\/wp\/v2\/media\/4371"}],"wp:attachment":[{"href":"https:\/\/medicinasinc.com\/ro\/wp-json\/wp\/v2\/media?parent=4338"}],"wp:term":[{"taxonomy":"product_brand","embeddable":true,"href":"https:\/\/medicinasinc.com\/ro\/wp-json\/wp\/v2\/product_brand?post=4338"},{"taxonomy":"product_cat","embeddable":true,"href":"https:\/\/medicinasinc.com\/ro\/wp-json\/wp\/v2\/product_cat?post=4338"},{"taxonomy":"product_tag","embeddable":true,"href":"https:\/\/medicinasinc.com\/ro\/wp-json\/wp\/v2\/product_tag?post=4338"}],"curies":[{"name":"wp","href":"https:\/\/api.w.org\/{rel}","templated":true}]}}