{"id":4333,"date":"2022-02-20T08:26:46","date_gmt":"2022-02-20T08:26:46","guid":{"rendered":"https:\/\/medicinasinc.com\/ro\/?post_type=product&#038;p=4333"},"modified":"2022-03-22T01:25:16","modified_gmt":"2022-03-22T01:25:16","slug":"cumpara-100mg-thc-capsule-ulei-seminte-de-canepa","status":"publish","type":"product","link":"https:\/\/medicinasinc.com\/ro\/product\/cumpara-100mg-thc-capsule-ulei-seminte-de-canepa\/","title":{"rendered":"Cump\u0103ra\u021bi 100 mg THC capsule de ulei de semin\u021be de c\u00e2nep\u0103"},"content":{"rendered":"<p>Achizi\u021biona\u021bi capsule cu ulei de semin\u021be de c\u00e2nep\u0103 100 mg THC<\/p>\n<p>Pentru a distinge aceste capsule de capsulele cu pudr\u0103 de THC disponibile pe scar\u0103 larg\u0103, dar inferioare, fiecare capsul\u0103 con\u021bine 100 mg de ulei de semin\u021be de c\u00e2nep\u0103 THC.<\/p>\n<p>V\u00e2ndut. \u00een pachete de trei<\/p>\n<p>Capsulele noastre de ulei de THC sunt derivate din \u00eentreaga plant\u0103 de canabis \u0219i sunt excep\u021bional de bogate \u00een terpene. Aceste capsule con\u021bin cel mai pur THC \u0219i ulei de semin\u021be de c\u00e2nep\u0103 disponibil. Uleiul din semin\u021be de c\u00e2nep\u0103 con\u021bine un raport de 3:1 de acizi gra\u0219i omega 6 \u0219i omega 3, care \u00eendepline\u0219te cerin\u021bele optime pentru s\u0103n\u0103tatea pe termen lung. Fiecare lot de ulei THC este testat \u00een laborator pentru a-i asigura puritatea \u0219i siguran\u021ba.<\/p>\n","protected":false},"excerpt":{"rendered":"<p>Cump\u0103ra\u021bi 100 mg THC Capsulele de ulei de semin\u021be de c\u00e2nep\u0103 de v\u00e2nzare sunt formulate din \u00eentreaga plant\u0103 de canabis \u0219i sunt bogate \u00een terpene. Aceste capsule con\u021bin THC de cea mai \u00eenalt\u0103 calitate \u0219i ulei de semin\u021be de c\u00e2nep\u0103.<\/p>\n<ul>\n<li>Livrare \u00een \u00eentreaga lume<\/li>\n<li>Fiecare capsul\u0103 con\u021bine 100 mg THC.<\/li>\n<li>Fiecare sticl\u0103 con\u021bine 3 capsule.<\/li>\n<li>Cantitatea minim\u0103 de comand\u0103 este de 5<strong><em>\u00a0sticle<\/em><\/strong><\/li>\n<li>Contacta\u021bi-ne pentru comenzi mai mari<\/li>\n<\/ul>\n","protected":false},"featured_media":4365,"comment_status":"open","ping_status":"closed","template":"","meta":[],"product_brand":[],"product_cat":[440],"product_tag":[],"class_list":{"0":"post-4333","1":"product","2":"type-product","3":"status-publish","4":"has-post-thumbnail","6":"product_cat-cumpara-cannabis-ulei-de-cbd","8":"first","9":"instock","10":"shipping-taxable","11":"purchasable","12":"product-type-variable","13":"has-default-attributes"},"yoast_head":"<!-- This site is optimized with the Yoast SEO plugin v27.3 - https:\/\/yoast.com\/product\/yoast-seo-wordpress\/ -->\n<title>Cump\u0103ra\u021bi 100 mg THC capsule de ulei de semin\u021be de c\u00e2nep\u0103 - Cele mai bune medicamente globale<\/title>\n<meta name=\"description\" content=\"Cump\u0103ra\u021bi 100 mg THC Capsulele de ulei de semin\u021be de c\u00e2nep\u0103 de v\u00e2nzare sunt formulate din \u00eentreaga plant\u0103 de canabis \u0219i sunt bogate \u00een terpene. Aceste capsule con\u021bin THC de cea mai bun\u0103 calitate \u0219i ulei de semin\u021be de c\u00e2nep\u0103.\" \/>\n<meta name=\"robots\" content=\"index, follow, max-snippet:-1, max-image-preview:large, max-video-preview:-1\" \/>\n<link rel=\"canonical\" href=\"https:\/\/medicinasinc.com\/ro\/product\/cumpara-100mg-thc-capsule-ulei-seminte-de-canepa\/\" \/>\n<meta property=\"og:locale\" content=\"en_US\" \/>\n<meta property=\"og:type\" content=\"article\" \/>\n<meta property=\"og:title\" content=\"Cump\u0103ra\u021bi 100 mg THC capsule de ulei de semin\u021be de c\u00e2nep\u0103 - Cele mai bune medicamente globale\" \/>\n<meta property=\"og:description\" content=\"Cump\u0103ra\u021bi 100 mg THC Capsulele de ulei de semin\u021be de c\u00e2nep\u0103 de v\u00e2nzare sunt formulate din \u00eentreaga plant\u0103 de canabis \u0219i sunt bogate \u00een terpene. Aceste capsule con\u021bin THC de cea mai bun\u0103 calitate \u0219i ulei de semin\u021be de c\u00e2nep\u0103.\" \/>\n<meta property=\"og:url\" content=\"https:\/\/medicinasinc.com\/ro\/product\/cumpara-100mg-thc-capsule-ulei-seminte-de-canepa\/\" \/>\n<meta property=\"og:site_name\" content=\"Medicinas Inc\" \/>\n<meta property=\"article:modified_time\" content=\"2022-03-22T01:25:16+00:00\" \/>\n<meta property=\"og:image\" content=\"https:\/\/medicinasinc.com\/ro\/wp-content\/uploads\/sites\/11\/2022\/02\/Buy-100mg-THC-Hemp-Seed-Oil-Capsules-2.jpg\" \/>\n\t<meta property=\"og:image:width\" content=\"344\" \/>\n\t<meta property=\"og:image:height\" content=\"400\" \/>\n\t<meta property=\"og:image:type\" content=\"image\/jpeg\" \/>\n<meta name=\"twitter:card\" content=\"summary_large_image\" \/>\n<meta name=\"twitter:label1\" content=\"Est. reading time\" \/>\n\t<meta name=\"twitter:data1\" content=\"1 minute\" \/>\n<script type=\"application\/ld+json\" class=\"yoast-schema-graph\">{\"@context\":\"https:\\\/\\\/schema.org\",\"@graph\":[{\"@type\":\"WebPage\",\"@id\":\"https:\\\/\\\/medicinasinc.com\\\/ro\\\/product\\\/cumpara-100mg-thc-capsule-ulei-seminte-de-canepa\\\/\",\"url\":\"https:\\\/\\\/medicinasinc.com\\\/ro\\\/product\\\/cumpara-100mg-thc-capsule-ulei-seminte-de-canepa\\\/\",\"name\":\"Cump\u0103ra\u021bi 100 mg THC capsule de ulei de semin\u021be de c\u00e2nep\u0103 - Cele mai bune medicamente globale\",\"isPartOf\":{\"@id\":\"https:\\\/\\\/medicinasinc.com\\\/ro\\\/#website\"},\"primaryImageOfPage\":{\"@id\":\"https:\\\/\\\/medicinasinc.com\\\/ro\\\/product\\\/cumpara-100mg-thc-capsule-ulei-seminte-de-canepa\\\/#primaryimage\"},\"image\":{\"@id\":\"https:\\\/\\\/medicinasinc.com\\\/ro\\\/product\\\/cumpara-100mg-thc-capsule-ulei-seminte-de-canepa\\\/#primaryimage\"},\"thumbnailUrl\":\"https:\\\/\\\/medicinasinc.com\\\/ro\\\/wp-content\\\/uploads\\\/sites\\\/11\\\/2022\\\/02\\\/Buy-100mg-THC-Hemp-Seed-Oil-Capsules-2.jpg\",\"datePublished\":\"2022-02-20T08:26:46+00:00\",\"dateModified\":\"2022-03-22T01:25:16+00:00\",\"description\":\"Cump\u0103ra\u021bi 100 mg THC Capsulele de ulei de semin\u021be de c\u00e2nep\u0103 de v\u00e2nzare sunt formulate din \u00eentreaga plant\u0103 de canabis \u0219i sunt bogate \u00een terpene. Aceste capsule con\u021bin THC de cea mai bun\u0103 calitate \u0219i ulei de semin\u021be de c\u00e2nep\u0103.\",\"breadcrumb\":{\"@id\":\"https:\\\/\\\/medicinasinc.com\\\/ro\\\/product\\\/cumpara-100mg-thc-capsule-ulei-seminte-de-canepa\\\/#breadcrumb\"},\"inLanguage\":\"en-US\",\"potentialAction\":[{\"@type\":\"ReadAction\",\"target\":[\"https:\\\/\\\/medicinasinc.com\\\/ro\\\/product\\\/cumpara-100mg-thc-capsule-ulei-seminte-de-canepa\\\/\"]}]},{\"@type\":\"ImageObject\",\"inLanguage\":\"en-US\",\"@id\":\"https:\\\/\\\/medicinasinc.com\\\/ro\\\/product\\\/cumpara-100mg-thc-capsule-ulei-seminte-de-canepa\\\/#primaryimage\",\"url\":\"https:\\\/\\\/medicinasinc.com\\\/ro\\\/wp-content\\\/uploads\\\/sites\\\/11\\\/2022\\\/02\\\/Buy-100mg-THC-Hemp-Seed-Oil-Capsules-2.jpg\",\"contentUrl\":\"https:\\\/\\\/medicinasinc.com\\\/ro\\\/wp-content\\\/uploads\\\/sites\\\/11\\\/2022\\\/02\\\/Buy-100mg-THC-Hemp-Seed-Oil-Capsules-2.jpg\",\"width\":344,\"height\":400},{\"@type\":\"BreadcrumbList\",\"@id\":\"https:\\\/\\\/medicinasinc.com\\\/ro\\\/product\\\/cumpara-100mg-thc-capsule-ulei-seminte-de-canepa\\\/#breadcrumb\",\"itemListElement\":[{\"@type\":\"ListItem\",\"position\":1,\"name\":\"Magazin\",\"item\":\"https:\\\/\\\/medicinasinc.com\\\/ro\\\/magazin\\\/\"},{\"@type\":\"ListItem\",\"position\":2,\"name\":\"Cump\u0103ra\u021bi 100 mg THC capsule de ulei de semin\u021be de c\u00e2nep\u0103\"}]},{\"@type\":\"WebSite\",\"@id\":\"https:\\\/\\\/medicinasinc.com\\\/ro\\\/#website\",\"url\":\"https:\\\/\\\/medicinasinc.com\\\/ro\\\/\",\"name\":\"Medicinas Inc\",\"description\":\"Health Medical Clinic\",\"potentialAction\":[{\"@type\":\"SearchAction\",\"target\":{\"@type\":\"EntryPoint\",\"urlTemplate\":\"https:\\\/\\\/medicinasinc.com\\\/ro\\\/?s={search_term_string}\"},\"query-input\":{\"@type\":\"PropertyValueSpecification\",\"valueRequired\":true,\"valueName\":\"search_term_string\"}}],\"inLanguage\":\"en-US\"}]}<\/script>\n<!-- \/ Yoast SEO plugin. -->","yoast_head_json":{"title":"Cump\u0103ra\u021bi 100 mg THC capsule de ulei de semin\u021be de c\u00e2nep\u0103 - Cele mai bune medicamente globale","description":"Cump\u0103ra\u021bi 100 mg THC Capsulele de ulei de semin\u021be de c\u00e2nep\u0103 de v\u00e2nzare sunt formulate din \u00eentreaga plant\u0103 de canabis \u0219i sunt bogate \u00een terpene. Aceste capsule con\u021bin THC de cea mai bun\u0103 calitate \u0219i ulei de semin\u021be de c\u00e2nep\u0103.","robots":{"index":"index","follow":"follow","max-snippet":"max-snippet:-1","max-image-preview":"max-image-preview:large","max-video-preview":"max-video-preview:-1"},"canonical":"https:\/\/medicinasinc.com\/ro\/product\/cumpara-100mg-thc-capsule-ulei-seminte-de-canepa\/","og_locale":"en_US","og_type":"article","og_title":"Cump\u0103ra\u021bi 100 mg THC capsule de ulei de semin\u021be de c\u00e2nep\u0103 - Cele mai bune medicamente globale","og_description":"Cump\u0103ra\u021bi 100 mg THC Capsulele de ulei de semin\u021be de c\u00e2nep\u0103 de v\u00e2nzare sunt formulate din \u00eentreaga plant\u0103 de canabis \u0219i sunt bogate \u00een terpene. Aceste capsule con\u021bin THC de cea mai bun\u0103 calitate \u0219i ulei de semin\u021be de c\u00e2nep\u0103.","og_url":"https:\/\/medicinasinc.com\/ro\/product\/cumpara-100mg-thc-capsule-ulei-seminte-de-canepa\/","og_site_name":"Medicinas Inc","article_modified_time":"2022-03-22T01:25:16+00:00","og_image":[{"width":344,"height":400,"url":"https:\/\/medicinasinc.com\/ro\/wp-content\/uploads\/sites\/11\/2022\/02\/Buy-100mg-THC-Hemp-Seed-Oil-Capsules-2.jpg","type":"image\/jpeg"}],"twitter_card":"summary_large_image","twitter_misc":{"Est. reading time":"1 minute"},"schema":{"@context":"https:\/\/schema.org","@graph":[{"@type":"WebPage","@id":"https:\/\/medicinasinc.com\/ro\/product\/cumpara-100mg-thc-capsule-ulei-seminte-de-canepa\/","url":"https:\/\/medicinasinc.com\/ro\/product\/cumpara-100mg-thc-capsule-ulei-seminte-de-canepa\/","name":"Cump\u0103ra\u021bi 100 mg THC capsule de ulei de semin\u021be de c\u00e2nep\u0103 - Cele mai bune medicamente globale","isPartOf":{"@id":"https:\/\/medicinasinc.com\/ro\/#website"},"primaryImageOfPage":{"@id":"https:\/\/medicinasinc.com\/ro\/product\/cumpara-100mg-thc-capsule-ulei-seminte-de-canepa\/#primaryimage"},"image":{"@id":"https:\/\/medicinasinc.com\/ro\/product\/cumpara-100mg-thc-capsule-ulei-seminte-de-canepa\/#primaryimage"},"thumbnailUrl":"https:\/\/medicinasinc.com\/ro\/wp-content\/uploads\/sites\/11\/2022\/02\/Buy-100mg-THC-Hemp-Seed-Oil-Capsules-2.jpg","datePublished":"2022-02-20T08:26:46+00:00","dateModified":"2022-03-22T01:25:16+00:00","description":"Cump\u0103ra\u021bi 100 mg THC Capsulele de ulei de semin\u021be de c\u00e2nep\u0103 de v\u00e2nzare sunt formulate din \u00eentreaga plant\u0103 de canabis \u0219i sunt bogate \u00een terpene. Aceste capsule con\u021bin THC de cea mai bun\u0103 calitate \u0219i ulei de semin\u021be de c\u00e2nep\u0103.","breadcrumb":{"@id":"https:\/\/medicinasinc.com\/ro\/product\/cumpara-100mg-thc-capsule-ulei-seminte-de-canepa\/#breadcrumb"},"inLanguage":"en-US","potentialAction":[{"@type":"ReadAction","target":["https:\/\/medicinasinc.com\/ro\/product\/cumpara-100mg-thc-capsule-ulei-seminte-de-canepa\/"]}]},{"@type":"ImageObject","inLanguage":"en-US","@id":"https:\/\/medicinasinc.com\/ro\/product\/cumpara-100mg-thc-capsule-ulei-seminte-de-canepa\/#primaryimage","url":"https:\/\/medicinasinc.com\/ro\/wp-content\/uploads\/sites\/11\/2022\/02\/Buy-100mg-THC-Hemp-Seed-Oil-Capsules-2.jpg","contentUrl":"https:\/\/medicinasinc.com\/ro\/wp-content\/uploads\/sites\/11\/2022\/02\/Buy-100mg-THC-Hemp-Seed-Oil-Capsules-2.jpg","width":344,"height":400},{"@type":"BreadcrumbList","@id":"https:\/\/medicinasinc.com\/ro\/product\/cumpara-100mg-thc-capsule-ulei-seminte-de-canepa\/#breadcrumb","itemListElement":[{"@type":"ListItem","position":1,"name":"Magazin","item":"https:\/\/medicinasinc.com\/ro\/magazin\/"},{"@type":"ListItem","position":2,"name":"Cump\u0103ra\u021bi 100 mg THC capsule de ulei de semin\u021be de c\u00e2nep\u0103"}]},{"@type":"WebSite","@id":"https:\/\/medicinasinc.com\/ro\/#website","url":"https:\/\/medicinasinc.com\/ro\/","name":"Medicinas Inc","description":"Health Medical Clinic","potentialAction":[{"@type":"SearchAction","target":{"@type":"EntryPoint","urlTemplate":"https:\/\/medicinasinc.com\/ro\/?s={search_term_string}"},"query-input":{"@type":"PropertyValueSpecification","valueRequired":true,"valueName":"search_term_string"}}],"inLanguage":"en-US"}]}},"_links":{"self":[{"href":"https:\/\/medicinasinc.com\/ro\/wp-json\/wp\/v2\/product\/4333","targetHints":{"allow":["GET"]}}],"collection":[{"href":"https:\/\/medicinasinc.com\/ro\/wp-json\/wp\/v2\/product"}],"about":[{"href":"https:\/\/medicinasinc.com\/ro\/wp-json\/wp\/v2\/types\/product"}],"replies":[{"embeddable":true,"href":"https:\/\/medicinasinc.com\/ro\/wp-json\/wp\/v2\/comments?post=4333"}],"wp:featuredmedia":[{"embeddable":true,"href":"https:\/\/medicinasinc.com\/ro\/wp-json\/wp\/v2\/media\/4365"}],"wp:attachment":[{"href":"https:\/\/medicinasinc.com\/ro\/wp-json\/wp\/v2\/media?parent=4333"}],"wp:term":[{"taxonomy":"product_brand","embeddable":true,"href":"https:\/\/medicinasinc.com\/ro\/wp-json\/wp\/v2\/product_brand?post=4333"},{"taxonomy":"product_cat","embeddable":true,"href":"https:\/\/medicinasinc.com\/ro\/wp-json\/wp\/v2\/product_cat?post=4333"},{"taxonomy":"product_tag","embeddable":true,"href":"https:\/\/medicinasinc.com\/ro\/wp-json\/wp\/v2\/product_tag?post=4333"}],"curies":[{"name":"wp","href":"https:\/\/api.w.org\/{rel}","templated":true}]}}