{"id":4327,"date":"2022-02-20T08:26:03","date_gmt":"2022-02-20T08:26:03","guid":{"rendered":"https:\/\/medicinasinc.com\/ro\/?post_type=product&#038;p=4327"},"modified":"2022-03-22T01:25:36","modified_gmt":"2022-03-22T01:25:36","slug":"distilat-tinctura-1000mg-thc-zeita-verde","status":"publish","type":"product","link":"https:\/\/medicinasinc.com\/ro\/product\/distilat-tinctura-1000mg-thc-zeita-verde\/","title":{"rendered":"Tinctura distilata &#8211; 1000mg THC \u2013 Green Goddess"},"content":{"rendered":"<p>Green Goddess \u2013 Tinctur\u0103 THC 1000 mg<\/p>\n<p>Pic\u0103turile de Tinctur\u0103 Green Goddess au mai multe avantaje fa\u021b\u0103 de alte metode de administrare a canabinoizilor medicali: un borcan de 30 ml cu pic\u0103turi u\u0219or de utilizat permite o dozare sublingual\u0103 precis\u0103 \u0219i fiabil\u0103. Mucoasa bucal\u0103 faciliteaz\u0103 absorb\u021bia rapid\u0103 \u0219i consistent\u0103 \u00een fluxul sanguin. Sistemul digestiv \u0219i ficatul nu sunt implicate \u00een procesarea acestor tincturi, deoarece sunt cu canabinoizi ingera\u021bi pe cale oral\u0103 care se g\u0103sesc \u00een comestibile. Discret \u0219i ideal pentru nefum\u0103torii care caut\u0103 beneficiile THC, dar care nu au capacitatea respiratorie necesar\u0103 pentru fumat.<\/p>\n<p>Produs folosind un extract din \u00eentreaga plant\u0103 de canabis. Am ad\u0103ugat un ulei C8+C10 complet natural, o surs\u0103 100% organic\u0103 de acizi gra\u0219i puternici cu lan\u021b mediu, derivate din nuc\u0103 de cocos, care ajut\u0103 corpul \u0219i mintea s\u0103 aib\u0103 rezultate optime. A fost ad\u0103ugat\u0103 arom\u0103 natural\u0103.<\/p>\n<p>Ingrediente:<\/p>\n<p>Ulei MCT infuzat cu extract \u00eentreg de plant\u0103 de canabis (THC)<\/p>\n<p>Sugestii de utilizare<\/p>\n<p>1 -2 pic\u0103turi la fiecare trei p\u00e2n\u0103 la patru ore, arunca\u021bi sub limb\u0103 \u0219i \u021bine\u021bi ap\u0103sat timp de 30 de secunde pentru o u\u0219urare maxim\u0103. Consulta\u021bi-v\u0103 medicul pentru a determina doza adecvat\u0103. Nu este recomandat s\u0103 lua\u021bi pe stomacul gol.<\/p>\n","protected":false},"excerpt":{"rendered":"<p>Uleiul nostru premium CBD Distillate 1000 mg THC Tincture de c\u00e2nep\u0103 con\u021bine 1000 mg CBD extras din c\u00e2nep\u0103 organic\u0103 cultivat\u0103 \u00een Colorado. Lua\u021bi aceast\u0103 tinctur\u0103 zilnic pentru s\u0103n\u0103tate alimentat\u0103 de plante!<\/p>\n<ul>\n<li>Livrare \u00een toat\u0103 lumea<\/li>\n<li>1000 mg THC la 30 ml<\/li>\n<li>Cantitatea minim\u0103 de comand\u0103 este de 5<\/li>\n<li>Contacta\u021bi-ne pentru comenzi mai mari<\/li>\n<\/ul>\n","protected":false},"featured_media":4357,"comment_status":"open","ping_status":"closed","template":"","meta":[],"product_brand":[],"product_cat":[440],"product_tag":[],"class_list":{"0":"post-4327","1":"product","2":"type-product","3":"status-publish","4":"has-post-thumbnail","6":"product_cat-cumpara-cannabis-ulei-de-cbd","8":"first","9":"instock","10":"shipping-taxable","11":"purchasable","12":"product-type-variable","13":"has-default-attributes"},"yoast_head":"<!-- This site is optimized with the Yoast SEO plugin v27.3 - https:\/\/yoast.com\/product\/yoast-seo-wordpress\/ -->\n<title>Distilat 1000mg THC Tinctur\u0103 \u2013 Green Goddess \u2013 Cele mai bune medicamente globale<\/title>\n<meta name=\"description\" content=\"Uleiul nostru de c\u00e2nep\u0103 premium CBD Distilate 1000 mg THC Tincture con\u021bine 1000 mg CBD extras din c\u00e2nep\u0103 organic\u0103 cultivat\u0103 \u00een Colorado. Lua\u021bi aceast\u0103 tinctur\u0103 zilnic pentru wellness alimentat de plante!\" \/>\n<meta name=\"robots\" content=\"index, follow, max-snippet:-1, max-image-preview:large, max-video-preview:-1\" \/>\n<link rel=\"canonical\" href=\"https:\/\/medicinasinc.com\/ro\/product\/distilat-tinctura-1000mg-thc-zeita-verde\/\" \/>\n<meta property=\"og:locale\" content=\"en_US\" \/>\n<meta property=\"og:type\" content=\"article\" \/>\n<meta property=\"og:title\" content=\"Distilat 1000mg THC Tinctur\u0103 \u2013 Green Goddess \u2013 Cele mai bune medicamente globale\" \/>\n<meta property=\"og:description\" content=\"Uleiul nostru de c\u00e2nep\u0103 premium CBD Distilate 1000 mg THC Tincture con\u021bine 1000 mg CBD extras din c\u00e2nep\u0103 organic\u0103 cultivat\u0103 \u00een Colorado. Lua\u021bi aceast\u0103 tinctur\u0103 zilnic pentru wellness alimentat de plante!\" \/>\n<meta property=\"og:url\" content=\"https:\/\/medicinasinc.com\/ro\/product\/distilat-tinctura-1000mg-thc-zeita-verde\/\" \/>\n<meta property=\"og:site_name\" content=\"Medicinas Inc\" \/>\n<meta property=\"article:modified_time\" content=\"2022-03-22T01:25:36+00:00\" \/>\n<meta property=\"og:image\" content=\"https:\/\/medicinasinc.com\/ro\/wp-content\/uploads\/sites\/11\/2022\/02\/1000mg-THC-Tincture.jpg\" \/>\n\t<meta property=\"og:image:width\" content=\"600\" \/>\n\t<meta property=\"og:image:height\" content=\"600\" \/>\n\t<meta property=\"og:image:type\" content=\"image\/jpeg\" \/>\n<meta name=\"twitter:card\" content=\"summary_large_image\" \/>\n<meta name=\"twitter:label1\" content=\"Est. reading time\" \/>\n\t<meta name=\"twitter:data1\" content=\"1 minute\" \/>\n<script type=\"application\/ld+json\" class=\"yoast-schema-graph\">{\"@context\":\"https:\\\/\\\/schema.org\",\"@graph\":[{\"@type\":\"WebPage\",\"@id\":\"https:\\\/\\\/medicinasinc.com\\\/ro\\\/product\\\/distilat-tinctura-1000mg-thc-zeita-verde\\\/\",\"url\":\"https:\\\/\\\/medicinasinc.com\\\/ro\\\/product\\\/distilat-tinctura-1000mg-thc-zeita-verde\\\/\",\"name\":\"Distilat 1000mg THC Tinctur\u0103 \u2013 Green Goddess \u2013 Cele mai bune medicamente globale\",\"isPartOf\":{\"@id\":\"https:\\\/\\\/medicinasinc.com\\\/ro\\\/#website\"},\"primaryImageOfPage\":{\"@id\":\"https:\\\/\\\/medicinasinc.com\\\/ro\\\/product\\\/distilat-tinctura-1000mg-thc-zeita-verde\\\/#primaryimage\"},\"image\":{\"@id\":\"https:\\\/\\\/medicinasinc.com\\\/ro\\\/product\\\/distilat-tinctura-1000mg-thc-zeita-verde\\\/#primaryimage\"},\"thumbnailUrl\":\"https:\\\/\\\/medicinasinc.com\\\/ro\\\/wp-content\\\/uploads\\\/sites\\\/11\\\/2022\\\/02\\\/1000mg-THC-Tincture.jpg\",\"datePublished\":\"2022-02-20T08:26:03+00:00\",\"dateModified\":\"2022-03-22T01:25:36+00:00\",\"description\":\"Uleiul nostru de c\u00e2nep\u0103 premium CBD Distilate 1000 mg THC Tincture con\u021bine 1000 mg CBD extras din c\u00e2nep\u0103 organic\u0103 cultivat\u0103 \u00een Colorado. Lua\u021bi aceast\u0103 tinctur\u0103 zilnic pentru wellness alimentat de plante!\",\"breadcrumb\":{\"@id\":\"https:\\\/\\\/medicinasinc.com\\\/ro\\\/product\\\/distilat-tinctura-1000mg-thc-zeita-verde\\\/#breadcrumb\"},\"inLanguage\":\"en-US\",\"potentialAction\":[{\"@type\":\"ReadAction\",\"target\":[\"https:\\\/\\\/medicinasinc.com\\\/ro\\\/product\\\/distilat-tinctura-1000mg-thc-zeita-verde\\\/\"]}]},{\"@type\":\"ImageObject\",\"inLanguage\":\"en-US\",\"@id\":\"https:\\\/\\\/medicinasinc.com\\\/ro\\\/product\\\/distilat-tinctura-1000mg-thc-zeita-verde\\\/#primaryimage\",\"url\":\"https:\\\/\\\/medicinasinc.com\\\/ro\\\/wp-content\\\/uploads\\\/sites\\\/11\\\/2022\\\/02\\\/1000mg-THC-Tincture.jpg\",\"contentUrl\":\"https:\\\/\\\/medicinasinc.com\\\/ro\\\/wp-content\\\/uploads\\\/sites\\\/11\\\/2022\\\/02\\\/1000mg-THC-Tincture.jpg\",\"width\":600,\"height\":600},{\"@type\":\"BreadcrumbList\",\"@id\":\"https:\\\/\\\/medicinasinc.com\\\/ro\\\/product\\\/distilat-tinctura-1000mg-thc-zeita-verde\\\/#breadcrumb\",\"itemListElement\":[{\"@type\":\"ListItem\",\"position\":1,\"name\":\"Magazin\",\"item\":\"https:\\\/\\\/medicinasinc.com\\\/ro\\\/magazin\\\/\"},{\"@type\":\"ListItem\",\"position\":2,\"name\":\"Tinctura distilata &#8211; 1000mg THC \u2013 Green Goddess\"}]},{\"@type\":\"WebSite\",\"@id\":\"https:\\\/\\\/medicinasinc.com\\\/ro\\\/#website\",\"url\":\"https:\\\/\\\/medicinasinc.com\\\/ro\\\/\",\"name\":\"Medicinas Inc\",\"description\":\"Health Medical Clinic\",\"potentialAction\":[{\"@type\":\"SearchAction\",\"target\":{\"@type\":\"EntryPoint\",\"urlTemplate\":\"https:\\\/\\\/medicinasinc.com\\\/ro\\\/?s={search_term_string}\"},\"query-input\":{\"@type\":\"PropertyValueSpecification\",\"valueRequired\":true,\"valueName\":\"search_term_string\"}}],\"inLanguage\":\"en-US\"}]}<\/script>\n<!-- \/ Yoast SEO plugin. -->","yoast_head_json":{"title":"Distilat 1000mg THC Tinctur\u0103 \u2013 Green Goddess \u2013 Cele mai bune medicamente globale","description":"Uleiul nostru de c\u00e2nep\u0103 premium CBD Distilate 1000 mg THC Tincture con\u021bine 1000 mg CBD extras din c\u00e2nep\u0103 organic\u0103 cultivat\u0103 \u00een Colorado. Lua\u021bi aceast\u0103 tinctur\u0103 zilnic pentru wellness alimentat de plante!","robots":{"index":"index","follow":"follow","max-snippet":"max-snippet:-1","max-image-preview":"max-image-preview:large","max-video-preview":"max-video-preview:-1"},"canonical":"https:\/\/medicinasinc.com\/ro\/product\/distilat-tinctura-1000mg-thc-zeita-verde\/","og_locale":"en_US","og_type":"article","og_title":"Distilat 1000mg THC Tinctur\u0103 \u2013 Green Goddess \u2013 Cele mai bune medicamente globale","og_description":"Uleiul nostru de c\u00e2nep\u0103 premium CBD Distilate 1000 mg THC Tincture con\u021bine 1000 mg CBD extras din c\u00e2nep\u0103 organic\u0103 cultivat\u0103 \u00een Colorado. Lua\u021bi aceast\u0103 tinctur\u0103 zilnic pentru wellness alimentat de plante!","og_url":"https:\/\/medicinasinc.com\/ro\/product\/distilat-tinctura-1000mg-thc-zeita-verde\/","og_site_name":"Medicinas Inc","article_modified_time":"2022-03-22T01:25:36+00:00","og_image":[{"width":600,"height":600,"url":"https:\/\/medicinasinc.com\/ro\/wp-content\/uploads\/sites\/11\/2022\/02\/1000mg-THC-Tincture.jpg","type":"image\/jpeg"}],"twitter_card":"summary_large_image","twitter_misc":{"Est. reading time":"1 minute"},"schema":{"@context":"https:\/\/schema.org","@graph":[{"@type":"WebPage","@id":"https:\/\/medicinasinc.com\/ro\/product\/distilat-tinctura-1000mg-thc-zeita-verde\/","url":"https:\/\/medicinasinc.com\/ro\/product\/distilat-tinctura-1000mg-thc-zeita-verde\/","name":"Distilat 1000mg THC Tinctur\u0103 \u2013 Green Goddess \u2013 Cele mai bune medicamente globale","isPartOf":{"@id":"https:\/\/medicinasinc.com\/ro\/#website"},"primaryImageOfPage":{"@id":"https:\/\/medicinasinc.com\/ro\/product\/distilat-tinctura-1000mg-thc-zeita-verde\/#primaryimage"},"image":{"@id":"https:\/\/medicinasinc.com\/ro\/product\/distilat-tinctura-1000mg-thc-zeita-verde\/#primaryimage"},"thumbnailUrl":"https:\/\/medicinasinc.com\/ro\/wp-content\/uploads\/sites\/11\/2022\/02\/1000mg-THC-Tincture.jpg","datePublished":"2022-02-20T08:26:03+00:00","dateModified":"2022-03-22T01:25:36+00:00","description":"Uleiul nostru de c\u00e2nep\u0103 premium CBD Distilate 1000 mg THC Tincture con\u021bine 1000 mg CBD extras din c\u00e2nep\u0103 organic\u0103 cultivat\u0103 \u00een Colorado. Lua\u021bi aceast\u0103 tinctur\u0103 zilnic pentru wellness alimentat de plante!","breadcrumb":{"@id":"https:\/\/medicinasinc.com\/ro\/product\/distilat-tinctura-1000mg-thc-zeita-verde\/#breadcrumb"},"inLanguage":"en-US","potentialAction":[{"@type":"ReadAction","target":["https:\/\/medicinasinc.com\/ro\/product\/distilat-tinctura-1000mg-thc-zeita-verde\/"]}]},{"@type":"ImageObject","inLanguage":"en-US","@id":"https:\/\/medicinasinc.com\/ro\/product\/distilat-tinctura-1000mg-thc-zeita-verde\/#primaryimage","url":"https:\/\/medicinasinc.com\/ro\/wp-content\/uploads\/sites\/11\/2022\/02\/1000mg-THC-Tincture.jpg","contentUrl":"https:\/\/medicinasinc.com\/ro\/wp-content\/uploads\/sites\/11\/2022\/02\/1000mg-THC-Tincture.jpg","width":600,"height":600},{"@type":"BreadcrumbList","@id":"https:\/\/medicinasinc.com\/ro\/product\/distilat-tinctura-1000mg-thc-zeita-verde\/#breadcrumb","itemListElement":[{"@type":"ListItem","position":1,"name":"Magazin","item":"https:\/\/medicinasinc.com\/ro\/magazin\/"},{"@type":"ListItem","position":2,"name":"Tinctura distilata &#8211; 1000mg THC \u2013 Green Goddess"}]},{"@type":"WebSite","@id":"https:\/\/medicinasinc.com\/ro\/#website","url":"https:\/\/medicinasinc.com\/ro\/","name":"Medicinas Inc","description":"Health Medical Clinic","potentialAction":[{"@type":"SearchAction","target":{"@type":"EntryPoint","urlTemplate":"https:\/\/medicinasinc.com\/ro\/?s={search_term_string}"},"query-input":{"@type":"PropertyValueSpecification","valueRequired":true,"valueName":"search_term_string"}}],"inLanguage":"en-US"}]}},"_links":{"self":[{"href":"https:\/\/medicinasinc.com\/ro\/wp-json\/wp\/v2\/product\/4327","targetHints":{"allow":["GET"]}}],"collection":[{"href":"https:\/\/medicinasinc.com\/ro\/wp-json\/wp\/v2\/product"}],"about":[{"href":"https:\/\/medicinasinc.com\/ro\/wp-json\/wp\/v2\/types\/product"}],"replies":[{"embeddable":true,"href":"https:\/\/medicinasinc.com\/ro\/wp-json\/wp\/v2\/comments?post=4327"}],"wp:featuredmedia":[{"embeddable":true,"href":"https:\/\/medicinasinc.com\/ro\/wp-json\/wp\/v2\/media\/4357"}],"wp:attachment":[{"href":"https:\/\/medicinasinc.com\/ro\/wp-json\/wp\/v2\/media?parent=4327"}],"wp:term":[{"taxonomy":"product_brand","embeddable":true,"href":"https:\/\/medicinasinc.com\/ro\/wp-json\/wp\/v2\/product_brand?post=4327"},{"taxonomy":"product_cat","embeddable":true,"href":"https:\/\/medicinasinc.com\/ro\/wp-json\/wp\/v2\/product_cat?post=4327"},{"taxonomy":"product_tag","embeddable":true,"href":"https:\/\/medicinasinc.com\/ro\/wp-json\/wp\/v2\/product_tag?post=4327"}],"curies":[{"name":"wp","href":"https:\/\/api.w.org\/{rel}","templated":true}]}}