{"id":3,"date":"2022-02-19T02:31:18","date_gmt":"2022-02-19T02:31:18","guid":{"rendered":"https:\/\/medicinasinc.com\/ro\/?page_id=3"},"modified":"2022-04-06T05:26:15","modified_gmt":"2022-04-06T05:26:15","slug":"politici","status":"publish","type":"page","link":"https:\/\/medicinasinc.com\/ro\/politici\/","title":{"rendered":"Confiden\u021bialitate \u0219i termeni"},"content":{"rendered":"<p>[vc_section][vc_row][vc_column][vc_row_inner][vc_column_inner][vc_custom_heading text=&#8221;Politicile noastre&#8221; font_container=&#8221;tag:h1|text_align:left&#8221; use_theme_fonts=&#8221;yes&#8221;][vc_separator align=&#8221;align_left&#8221; border_width=&#8221;2&#8243; el_width=&#8221;10&#8243;][\/vc_column_inner][\/vc_row_inner][\/vc_column][\/vc_row][vc_row][vc_column][vc_row_inner][vc_column_inner][vc_empty_space][vc_custom_heading text=&#8221;A avea o intrebare?&#8221; use_theme_fonts=&#8221;yes&#8221;][\/vc_column_inner][\/vc_row_inner][vc_row_inner][vc_column_inner][vc_column_text]Arunc\u0103 o privire la cele mai frecvente \u00eentreb\u0103ri referitoare la Medicina de mai jos.<\/p>\n<p>Dac\u0103 exist\u0103 o \u00eentrebare pe care o c\u0103uta\u021bi, dar nu o g\u0103si\u021bi, nu ezita\u021bi s\u0103 ne <strong>contacta\u021bi<\/strong>.[\/vc_column_text][\/vc_column_inner][\/vc_row_inner][vc_row_inner][vc_column_inner][vc_btn title=&#8221;Intra\u021bi \u00een leg\u0103tur\u0103&#8221; link=&#8221;url:%2Fro%2Fa-lua-legatura%2F&#8221;][\/vc_column_inner][\/vc_row_inner][\/vc_column][\/vc_row][\/vc_section][vc_section][vc_row][vc_column][vc_row_inner][vc_column_inner][vc_empty_space height=&#8221;75px&#8221;][\/vc_column_inner][\/vc_row_inner][vc_row_inner][vc_column_inner][vc_column_text]<\/p>\n<ul>\n<li><a href=\"#shipping\">Politica de expediere<\/a><\/li>\n<li><a href=\"#cancellation\">Politica de anulare a comenzii<\/a><\/li>\n<li><a href=\"#refund\">Politica de rambursare<\/a><\/li>\n<li><a href=\"#privacy\">Politica de confiden\u021bialitate<\/a><\/li>\n<li><a href=\"#disclaimer\">Declinare de responsabilitate<\/a><\/li>\n<\/ul>\n<p>[\/vc_column_text][\/vc_column_inner][\/vc_row_inner][\/vc_column][\/vc_row][\/vc_section][vc_section el_id=&#8221;shipping&#8221;][vc_row][vc_column][vc_row_inner][vc_column_inner][vc_empty_space height=&#8221;75px&#8221;][vc_custom_heading text=&#8221;Politic\u0103 de livrare&#8221; use_theme_fonts=&#8221;yes&#8221;][\/vc_column_inner][\/vc_row_inner][vc_row_inner][vc_column_inner][vc_column_text]Medicamentele pe care le oferim sunt fabricate \u0219i expediate din India. Este o cale lung\u0103, deci livrarea dureaz\u0103. De obicei, transporturile sunt livrate \u00een 10-17 zile, dar \u00een unele cazuri, poate exista o \u00eent\u00e2rziere cu \u00eenc\u0103 5 zile.<\/p>\n<p>\u00cen caz de nelivrare dup\u0103 termenul limit\u0103, v\u0103 rug\u0103m s\u0103 ne contacta\u021bi pentru a v\u0103 informa despre problem\u0103. Vom face tot posibilul pentru a v\u0103 oferi solu\u021bia care v\u0103 va satisface pe deplin interesele. Face\u021bi clic <a href=\"\/faq#shipping\" rel=\"nofollow\">aici<\/a> pentru a afla mai multe despre livrare.[\/vc_column_text][\/vc_column_inner][\/vc_row_inner][\/vc_column][\/vc_row][\/vc_section][vc_section el_id=&#8221;cancellation&#8221;][vc_row][vc_column][vc_row_inner][vc_column_inner][vc_empty_space height=&#8221;75px&#8221;][vc_custom_heading text=&#8221;Politica de anulare a comenzii&#8221; use_theme_fonts=&#8221;yes&#8221;][\/vc_column_inner][\/vc_row_inner][vc_row_inner][vc_column_inner][vc_column_text]V\u0103 rug\u0103m s\u0103 fi\u021bi informat c\u0103 accept\u0103m anul\u0103ri de comenzi NUMAI \u00een 24 de ore de la trimiterea comenzii. Dac\u0103 dori\u021bi s\u0103 anula\u021bi comanda, trebuie s\u0103 contacta\u021bi echipa noastr\u0103 de asisten\u021b\u0103 prin telefon sau e-mail ( <a href=\"\/contact\/\" rel=\"nofollow\">Contacta\u021bi-ne<\/a> ) \u0219i s\u0103 le comunica\u021bi decizia dvs. . \u00cen cazul \u00een care ne contacta\u021bi dup\u0103 24 de ore, nu va fi procesat\u0103 nicio anulare a comenzii.<\/p>\n<p>Asigura\u021bi-v\u0103 c\u0103 introduce\u021bi o adres\u0103 de expediere valid\u0103 \u00een formularul de comand\u0103, v\u0103 recomand\u0103m s\u0103 verifica\u021bi din nou notele \u00eenainte de a trimite comanda. Orice gre\u0219eal\u0103 poate determina nelivrarea produselor comandate. Dac\u0103 a\u021bi observat c\u0103 notele de adres\u0103 au fost specificate incorect, contacta\u021bi-ne c\u00e2t mai cur\u00e2nd posibil pentru a informa despre problem\u0103 ( <a href=\"\/contact\/\" rel=\"nofollow\">Contacta\u021bi-ne<\/a> ).[\/vc_column_text][\/vc_column_inner][\/vc_row_inner][\/vc_column][\/vc_row][\/vc_section][vc_section el_id=&#8221;refund&#8221;][vc_row][vc_column][vc_row_inner][vc_column_inner][vc_empty_space height=&#8221;75px&#8221;][vc_custom_heading text=&#8221;Politica de rambursare&#8221; use_theme_fonts=&#8221;yes&#8221;][\/vc_column_inner][\/vc_row_inner][vc_row_inner][vc_column_inner][vc_column_text]Medicamentele pe care le oferim sunt echivalente generic cu omologii lor de marc\u0103. V\u0103 garant\u0103m c\u0103 sunt la fel din punct de vedere chimic \u0219i au acela\u0219i efect medical.<\/p>\n<p>\u00cen cazul \u00een care nu sunte\u021bi mul\u021bumit de efectul pe care \u00eel produc medicamentele noastre, v\u0103 rug\u0103m s\u0103 <a href=\"\/contact\/\" rel=\"nofollow\">contacta\u021bi-ne<\/a> pentru a informa despre problem\u0103. V\u0103 vom furniza adresa de retur \u0219i de \u00eendat\u0103 ce produsul este primit de departamentul nostru de retururi, vom \u00eencepe procedura de rambursare.<\/p>\n<p>\u00cenainte de a ne contacta, v\u0103 rug\u0103m s\u0103 v\u0103 asigura\u021bi c\u0103 lua\u021bi doza corect\u0103 de produse \u0219i urma\u021bi instruc\u021biunile de utilizare. Re\u021bine\u021bi c\u0103 efectele pot fi \u00eencetinite de alimentele grase \u0219i de alcoolul pe care \u00eel lua\u021bi \u00eenainte de fila.<\/p>\n<p>\u00cen cazul <strong>nelivr\u0103rii produsului<\/strong> p\u00e2n\u0103 la termenul limit\u0103 (livrarea dureaz\u0103 10-17 zile, poate exista o \u00eent\u00e2rziere suplimentar\u0103 de 5 zile pentru verificarea vamal\u0103) pute\u021bi contacta echipa noastr\u0103 de asisten\u021b\u0103 ( &lt; a href=&#8221;\/contact\/&#8221; rel=&#8221;nofollow&#8221;&gt;Contacta\u021bi SUA ) pentru a v\u0103 califica pentru o rambursare. Plata dvs. va fi rambursat\u0103 integral pe cardul dvs. de credit. Procedura de rambursare dureaz\u0103 de obicei 5-7 zile lucr\u0103toare, dup\u0103 aceast\u0103 perioad\u0103 rambursarea va fi reflectat\u0103 \u00een extrasul cardului dvs. de credit.<\/p>\n<p>Datorit\u0103 naturii specifice a produselor pe care le oferim, nu accept\u0103m retururi. Nimeni nu poate garanta c\u0103 condi\u021biile de depozitare sunt \u00eendeplinite \u00een timpul transportului comenzii, astfel \u00eenc\u00e2t nu le putem accepta chiar dac\u0103 coletul r\u0103m\u00e2ne nedeschis.[\/vc_column_text][\/vc_column_inner][\/vc_row_inner][\/vc_column][\/vc_row][\/vc_section][vc_section el_id=&#8221;privacy&#8221;][vc_row][vc_column][vc_row_inner][vc_column_inner][vc_empty_space height=&#8221;75px&#8221;][vc_custom_heading text=&#8221;Politica de Confiden\u021bialitate&#8221; use_theme_fonts=&#8221;yes&#8221;][\/vc_column_inner][\/vc_row_inner][vc_row_inner][vc_column_inner][vc_column_text]\u00cen\u021belegem c\u0103 confiden\u021bialitatea tuturor informa\u021biilor pe care le furniza\u021bi este de o importan\u021b\u0103 primordial\u0103. Acesta este motivul pentru care facem tot posibilul pentru a-l folosi cu grij\u0103 \u0219i \u00een mod ra\u021bional. Aceste informa\u021bii nu sunt niciodat\u0103 partajate altor companii sau furnizori de servicii ter\u021bi.<\/p>\n<p>Toate tranzac\u021biile de pe pagina noastr\u0103 de plat\u0103 sunt 100% sigure. Protej\u0103m securitatea informa\u021biilor dumneavoastr\u0103 utiliz\u00e2nd software-ul Secure Sockets Layer (SSL) pe 256 de bi\u021bi, care cripteaz\u0103 toate informa\u021biile pe care le introduce\u021bi. \u00cen plus, serverele noastre de facturare sunt certificate de agen\u021bii independente \u0219i de renume, care se asigur\u0103 c\u0103 v\u0103 p\u0103str\u0103m informa\u021biile \u00een siguran\u021b\u0103 \u0219i private.<\/p>\n<p>Doar ultimele 4 cifre ale cardului dvs. de credit sunt reflectate \u00een baza noastr\u0103 de date, astfel \u00eenc\u00e2t nici operatorii no\u0219tri de asisten\u021b\u0103 clien\u021bi nu au acces la informa\u021biile cardului de credit.[\/vc_column_text][\/vc_column_inner][\/vc_row_inner][\/vc_column][\/vc_row][\/vc_section][vc_section el_id=&#8221;disclaimer&#8221;][vc_row][vc_column][vc_row_inner][vc_column_inner][vc_empty_space height=&#8221;75px&#8221;][vc_custom_heading text=&#8221;Disclaimer&#8221; use_theme_fonts=&#8221;yes&#8221;][\/vc_column_inner][\/vc_row_inner][vc_row_inner][vc_column_inner][vc_column_text]Compania noastr\u0103 nu este responsabil\u0103 \u0219i \u00ee\u0219i declin\u0103 \u00een mod expres orice r\u0103spundere pentru orice \u00eent\u00e2rziere a livr\u0103rii care nu dep\u0103\u0219e\u0219te 10 zile de la data estimat\u0103 de livrare specificat\u0103. 10 (zece) zile de la data estimat\u0103 de livrare specificat\u0103 sau urm\u0103toarea zi lucr\u0103toare, \u00een cazul unei s\u0103rb\u0103tori locale, este considerat termen limit\u0103.<\/p>\n<p>Compania noastr\u0103 nu este responsabil\u0103 pentru livrarea e\u0219uat\u0103 \u00een cazul \u00een care Clientul a specificat o adres\u0103 insuficient\u0103, o adres\u0103 gre\u0219it\u0103 sau o adres\u0103 care nu duce la o livrare reu\u0219it\u0103 \u00een niciun alt mod.<br \/>\nCompania noastr\u0103 nu este responsabil\u0103 pentru livrarea e\u0219uat\u0103 \u00een cazul \u00een care Clientul nu a revendicat pachetul, l-a refuzat sau a \u00eempiedicat livrarea cu succes \u00een orice alt mod. Toate reexpedi\u021biile \u00een astfel de cazuri se fac numai prin po\u0219t\u0103 interna\u021bional\u0103 obi\u0219nuit\u0103.<\/p>\n<p>Compania noastr\u0103 nu este responsabil\u0103 \u0219i \u00ee\u0219i declin\u0103 \u00een mod expres orice r\u0103spundere pentru livrarea oric\u0103rui produs generic care nu satisface a\u0219tept\u0103rile Clientului prin criterii precum: culoarea, forma \u0219i dimensiunea pilulei, prezen\u021ba oric\u0103rui marcaj imprimat sau marcat pe pilul\u0103, purt\u00e2nd o denumire de marketing sau fabricate de un produc\u0103tor diferit de cel pe care Clientul se a\u0219tepta s\u0103 \u00eel primeasc\u0103.<br \/>\nPentru orice produs generic, toate informa\u021biile despre produs prezentate pe site, cum ar fi, dar f\u0103r\u0103 a se limita la \u2013 miniaturi, imagini ale produselor, numele produc\u0103torilor \u0219i denumirile de marketing, sunt disponibile exclusiv \u00een scop informativ.<\/p>\n<p>Compania noastr\u0103 nu este responsabil\u0103 \u0219i \u00ee\u0219i declin\u0103 \u00een mod expres orice r\u0103spundere pentru lipsa de eficien\u021b\u0103 a produsului primit \u00een cazul \u00een care produsul a fost achizi\u021bionat pentru utilizare off-label.<\/p>\n<p>Prin plasarea unei comenzi la compania noastra, confirmati ca ati citit, inteles si sunteti de acord cu aceasta clauza de declinare a responsabilitatii. Orice ac\u021biune \u00eentreprins\u0103 pentru a v\u0103 revendica plata pentru oricare dintre motivele enumerate mai sus va fi considerat\u0103 o ac\u021biune frauduloas\u0103 \u0219i poate duce la ac\u021biuni legale \u0219i interzicerea sistemului nostru.[\/vc_column_text][\/vc_column_inner][\/vc_row_inner][\/vc_column][\/vc_row][\/vc_section]<\/p>\n","protected":false},"excerpt":{"rendered":"<p>[vc_section][vc_row][vc_column][vc_row_inner][vc_column_inner][vc_custom_heading text=&#8221;Politicile noastre&#8221; font_container=&#8221;tag:h1|text_align:left&#8221; use_theme_fonts=&#8221;yes&#8221;][vc_separator align=&#8221;align_left&#8221; border_width=&#8221;2&#8243; el_width=&#8221;10&#8243;][\/vc_column_inner][\/vc_row_inner][\/vc_column][\/vc_row][vc_row][vc_column][vc_row_inner][vc_column_inner][vc_empty_space][vc_custom_heading text=&#8221;A avea o intrebare?&#8221; use_theme_fonts=&#8221;yes&#8221;][\/vc_column_inner][\/vc_row_inner][vc_row_inner][vc_column_inner][vc_column_text]Arunc\u0103 o privire la cele mai frecvente \u00eentreb\u0103ri referitoare la Medicina de mai jos. Dac\u0103 exist\u0103 o \u00eentrebare pe care o c\u0103uta\u021bi, dar nu o g\u0103si\u021bi, nu ezita\u021bi s\u0103 ne contacta\u021bi.[\/vc_column_text][\/vc_column_inner][\/vc_row_inner][vc_row_inner][vc_column_inner][vc_btn title=&#8221;Intra\u021bi \u00een leg\u0103tur\u0103&#8221; link=&#8221;url:%2Fro%2Fa-lua-legatura%2F&#8221;][\/vc_column_inner][\/vc_row_inner][\/vc_column][\/vc_row][\/vc_section][vc_section][vc_row][vc_column][vc_row_inner][vc_column_inner][vc_empty_space height=&#8221;75px&#8221;][\/vc_column_inner][\/vc_row_inner][vc_row_inner][vc_column_inner][vc_column_text] Politica de expediere Politica de anulare a<\/p>\n","protected":false},"author":1,"featured_media":6020,"parent":0,"menu_order":0,"comment_status":"closed","ping_status":"closed","template":"","meta":{"footnotes":""},"class_list":["post-3","page","type-page","status-publish","has-post-thumbnail","hentry"],"yoast_head":"<!-- This site is optimized with the Yoast SEO plugin v27.3 - https:\/\/yoast.com\/product\/yoast-seo-wordpress\/ -->\n<title>Confiden\u021bialitate \u0219i termeni - Medicinas Inc<\/title>\n<meta name=\"robots\" content=\"index, follow, max-snippet:-1, max-image-preview:large, max-video-preview:-1\" \/>\n<link rel=\"canonical\" href=\"https:\/\/medicinasinc.com\/ro\/politici\/\" \/>\n<meta property=\"og:locale\" content=\"en_US\" \/>\n<meta property=\"og:type\" content=\"article\" \/>\n<meta property=\"og:title\" content=\"Confiden\u021bialitate \u0219i termeni - Medicinas Inc\" \/>\n<meta property=\"og:description\" content=\"[vc_section][vc_row][vc_column][vc_row_inner][vc_column_inner][vc_custom_heading text=&#8221;Politicile noastre&#8221; font_container=&#8221;tag:h1|text_align:left&#8221; use_theme_fonts=&#8221;yes&#8221;][vc_separator align=&#8221;align_left&#8221; border_width=&#8221;2&#8243; el_width=&#8221;10&#8243;][\/vc_column_inner][\/vc_row_inner][\/vc_column][\/vc_row][vc_row][vc_column][vc_row_inner][vc_column_inner][vc_empty_space][vc_custom_heading text=&#8221;A avea o intrebare?&#8221; use_theme_fonts=&#8221;yes&#8221;][\/vc_column_inner][\/vc_row_inner][vc_row_inner][vc_column_inner][vc_column_text]Arunc\u0103 o privire la cele mai frecvente \u00eentreb\u0103ri referitoare la Medicina de mai jos. Dac\u0103 exist\u0103 o \u00eentrebare pe care o c\u0103uta\u021bi, dar nu o g\u0103si\u021bi, nu ezita\u021bi s\u0103 ne contacta\u021bi.[\/vc_column_text][\/vc_column_inner][\/vc_row_inner][vc_row_inner][vc_column_inner][vc_btn title=&#8221;Intra\u021bi \u00een leg\u0103tur\u0103&#8221; link=&#8221;url:%2Fro%2Fa-lua-legatura%2F&#8221;][\/vc_column_inner][\/vc_row_inner][\/vc_column][\/vc_row][\/vc_section][vc_section][vc_row][vc_column][vc_row_inner][vc_column_inner][vc_empty_space height=&#8221;75px&#8221;][\/vc_column_inner][\/vc_row_inner][vc_row_inner][vc_column_inner][vc_column_text] Politica de expediere Politica de anulare a\" \/>\n<meta property=\"og:url\" content=\"https:\/\/medicinasinc.com\/ro\/politici\/\" \/>\n<meta property=\"og:site_name\" content=\"Medicinas Inc\" \/>\n<meta property=\"article:modified_time\" content=\"2022-04-06T05:26:15+00:00\" \/>\n<meta name=\"twitter:card\" content=\"summary_large_image\" \/>\n<meta name=\"twitter:label1\" content=\"Est. reading time\" \/>\n\t<meta name=\"twitter:data1\" content=\"8 minutes\" \/>\n<script type=\"application\/ld+json\" class=\"yoast-schema-graph\">{\"@context\":\"https:\\\/\\\/schema.org\",\"@graph\":[{\"@type\":\"WebPage\",\"@id\":\"https:\\\/\\\/medicinasinc.com\\\/ro\\\/politici\\\/\",\"url\":\"https:\\\/\\\/medicinasinc.com\\\/ro\\\/politici\\\/\",\"name\":\"Confiden\u021bialitate \u0219i termeni - Medicinas Inc\",\"isPartOf\":{\"@id\":\"https:\\\/\\\/medicinasinc.com\\\/ro\\\/#website\"},\"primaryImageOfPage\":{\"@id\":\"https:\\\/\\\/medicinasinc.com\\\/ro\\\/politici\\\/#primaryimage\"},\"image\":{\"@id\":\"https:\\\/\\\/medicinasinc.com\\\/ro\\\/politici\\\/#primaryimage\"},\"thumbnailUrl\":\"https:\\\/\\\/medicinasinc.com\\\/ro\\\/wp-content\\\/uploads\\\/sites\\\/11\\\/2022\\\/04\\\/woocommerce-placeholder-medicinasinc.com_.png\",\"datePublished\":\"2022-02-19T02:31:18+00:00\",\"dateModified\":\"2022-04-06T05:26:15+00:00\",\"inLanguage\":\"en-US\",\"potentialAction\":[{\"@type\":\"ReadAction\",\"target\":[\"https:\\\/\\\/medicinasinc.com\\\/ro\\\/politici\\\/\"]}]},{\"@type\":\"ImageObject\",\"inLanguage\":\"en-US\",\"@id\":\"https:\\\/\\\/medicinasinc.com\\\/ro\\\/politici\\\/#primaryimage\",\"url\":\"https:\\\/\\\/medicinasinc.com\\\/ro\\\/wp-content\\\/uploads\\\/sites\\\/11\\\/2022\\\/04\\\/woocommerce-placeholder-medicinasinc.com_.png\",\"contentUrl\":\"https:\\\/\\\/medicinasinc.com\\\/ro\\\/wp-content\\\/uploads\\\/sites\\\/11\\\/2022\\\/04\\\/woocommerce-placeholder-medicinasinc.com_.png\",\"width\":1200,\"height\":1200},{\"@type\":\"WebSite\",\"@id\":\"https:\\\/\\\/medicinasinc.com\\\/ro\\\/#website\",\"url\":\"https:\\\/\\\/medicinasinc.com\\\/ro\\\/\",\"name\":\"Medicinas Inc\",\"description\":\"Health Medical Clinic\",\"potentialAction\":[{\"@type\":\"SearchAction\",\"target\":{\"@type\":\"EntryPoint\",\"urlTemplate\":\"https:\\\/\\\/medicinasinc.com\\\/ro\\\/?s={search_term_string}\"},\"query-input\":{\"@type\":\"PropertyValueSpecification\",\"valueRequired\":true,\"valueName\":\"search_term_string\"}}],\"inLanguage\":\"en-US\"}]}<\/script>\n<!-- \/ Yoast SEO plugin. -->","yoast_head_json":{"title":"Confiden\u021bialitate \u0219i termeni - Medicinas Inc","robots":{"index":"index","follow":"follow","max-snippet":"max-snippet:-1","max-image-preview":"max-image-preview:large","max-video-preview":"max-video-preview:-1"},"canonical":"https:\/\/medicinasinc.com\/ro\/politici\/","og_locale":"en_US","og_type":"article","og_title":"Confiden\u021bialitate \u0219i termeni - Medicinas Inc","og_description":"[vc_section][vc_row][vc_column][vc_row_inner][vc_column_inner][vc_custom_heading text=&#8221;Politicile noastre&#8221; font_container=&#8221;tag:h1|text_align:left&#8221; use_theme_fonts=&#8221;yes&#8221;][vc_separator align=&#8221;align_left&#8221; border_width=&#8221;2&#8243; el_width=&#8221;10&#8243;][\/vc_column_inner][\/vc_row_inner][\/vc_column][\/vc_row][vc_row][vc_column][vc_row_inner][vc_column_inner][vc_empty_space][vc_custom_heading text=&#8221;A avea o intrebare?&#8221; use_theme_fonts=&#8221;yes&#8221;][\/vc_column_inner][\/vc_row_inner][vc_row_inner][vc_column_inner][vc_column_text]Arunc\u0103 o privire la cele mai frecvente \u00eentreb\u0103ri referitoare la Medicina de mai jos. Dac\u0103 exist\u0103 o \u00eentrebare pe care o c\u0103uta\u021bi, dar nu o g\u0103si\u021bi, nu ezita\u021bi s\u0103 ne contacta\u021bi.[\/vc_column_text][\/vc_column_inner][\/vc_row_inner][vc_row_inner][vc_column_inner][vc_btn title=&#8221;Intra\u021bi \u00een leg\u0103tur\u0103&#8221; link=&#8221;url:%2Fro%2Fa-lua-legatura%2F&#8221;][\/vc_column_inner][\/vc_row_inner][\/vc_column][\/vc_row][\/vc_section][vc_section][vc_row][vc_column][vc_row_inner][vc_column_inner][vc_empty_space height=&#8221;75px&#8221;][\/vc_column_inner][\/vc_row_inner][vc_row_inner][vc_column_inner][vc_column_text] Politica de expediere Politica de anulare a","og_url":"https:\/\/medicinasinc.com\/ro\/politici\/","og_site_name":"Medicinas Inc","article_modified_time":"2022-04-06T05:26:15+00:00","twitter_card":"summary_large_image","twitter_misc":{"Est. reading time":"8 minutes"},"schema":{"@context":"https:\/\/schema.org","@graph":[{"@type":"WebPage","@id":"https:\/\/medicinasinc.com\/ro\/politici\/","url":"https:\/\/medicinasinc.com\/ro\/politici\/","name":"Confiden\u021bialitate \u0219i termeni - Medicinas Inc","isPartOf":{"@id":"https:\/\/medicinasinc.com\/ro\/#website"},"primaryImageOfPage":{"@id":"https:\/\/medicinasinc.com\/ro\/politici\/#primaryimage"},"image":{"@id":"https:\/\/medicinasinc.com\/ro\/politici\/#primaryimage"},"thumbnailUrl":"https:\/\/medicinasinc.com\/ro\/wp-content\/uploads\/sites\/11\/2022\/04\/woocommerce-placeholder-medicinasinc.com_.png","datePublished":"2022-02-19T02:31:18+00:00","dateModified":"2022-04-06T05:26:15+00:00","inLanguage":"en-US","potentialAction":[{"@type":"ReadAction","target":["https:\/\/medicinasinc.com\/ro\/politici\/"]}]},{"@type":"ImageObject","inLanguage":"en-US","@id":"https:\/\/medicinasinc.com\/ro\/politici\/#primaryimage","url":"https:\/\/medicinasinc.com\/ro\/wp-content\/uploads\/sites\/11\/2022\/04\/woocommerce-placeholder-medicinasinc.com_.png","contentUrl":"https:\/\/medicinasinc.com\/ro\/wp-content\/uploads\/sites\/11\/2022\/04\/woocommerce-placeholder-medicinasinc.com_.png","width":1200,"height":1200},{"@type":"WebSite","@id":"https:\/\/medicinasinc.com\/ro\/#website","url":"https:\/\/medicinasinc.com\/ro\/","name":"Medicinas Inc","description":"Health Medical Clinic","potentialAction":[{"@type":"SearchAction","target":{"@type":"EntryPoint","urlTemplate":"https:\/\/medicinasinc.com\/ro\/?s={search_term_string}"},"query-input":{"@type":"PropertyValueSpecification","valueRequired":true,"valueName":"search_term_string"}}],"inLanguage":"en-US"}]}},"_links":{"self":[{"href":"https:\/\/medicinasinc.com\/ro\/wp-json\/wp\/v2\/pages\/3","targetHints":{"allow":["GET"]}}],"collection":[{"href":"https:\/\/medicinasinc.com\/ro\/wp-json\/wp\/v2\/pages"}],"about":[{"href":"https:\/\/medicinasinc.com\/ro\/wp-json\/wp\/v2\/types\/page"}],"author":[{"embeddable":true,"href":"https:\/\/medicinasinc.com\/ro\/wp-json\/wp\/v2\/users\/1"}],"replies":[{"embeddable":true,"href":"https:\/\/medicinasinc.com\/ro\/wp-json\/wp\/v2\/comments?post=3"}],"version-history":[{"count":0,"href":"https:\/\/medicinasinc.com\/ro\/wp-json\/wp\/v2\/pages\/3\/revisions"}],"wp:featuredmedia":[{"embeddable":true,"href":"https:\/\/medicinasinc.com\/ro\/wp-json\/wp\/v2\/media\/6020"}],"wp:attachment":[{"href":"https:\/\/medicinasinc.com\/ro\/wp-json\/wp\/v2\/media?parent=3"}],"curies":[{"name":"wp","href":"https:\/\/api.w.org\/{rel}","templated":true}]}}